{"id":1449,"date":"2015-12-14T16:52:32","date_gmt":"2015-12-14T14:52:32","guid":{"rendered":"https:\/\/www.suresms.com\/dk\/?page_id=1449"},"modified":"2025-01-10T11:01:15","modified_gmt":"2025-01-10T11:01:15","slug":"overvakning","status":"publish","type":"page","link":"https:\/\/suresms.com\/sv\/om-suresms\/overvagning\/","title":{"rendered":"\u00d6vervakning"},"content":{"rendered":"<!-- Flexy Breadcrumb -->\r\n\t\t\t<div class=\"fbc fbc-page\">\r\n\r\n\t\t\t\t<!-- Breadcrumb wrapper -->\r\n\t\t\t\t<div class=\"fbc-wrap\">\r\n\r\n\t\t\t\t\t<!-- Ordered list-->\r\n\t\t\t\t\t<ol class=\"fbc-items\" itemscope itemtype=\"https:\/\/schema.org\/BreadcrumbList\">\r\n\t\t\t\t\t\t            <li itemprop=\"itemListElement\" itemscope itemtype=\"https:\/\/schema.org\/ListItem\">\r\n                <span itemprop=\"name\">\r\n                    <!-- Home Link -->\r\n                    <a itemprop=\"item\" href=\"https:\/\/suresms.com\/sv\/\">\r\n                    \r\n                                                    <i class=\"fa fa-home\" aria-hidden=\"true\"><\/i>Hem                    <\/a>\r\n                <\/span>\r\n                <meta itemprop=\"position\" content=\"1\" \/><!-- Meta Position-->\r\n             <\/li><li><span class=\"fbc-separator\">\/<\/span><\/li><li class=\"active\" itemprop=\"itemListElement\" itemscope itemtype=\"https:\/\/schema.org\/ListItem\"><span itemprop=\"name\" title=\"\u00d6vervakning\">\u00d6vervakning<\/span><meta itemprop=\"position\" content=\"2\" \/><\/li>\t\t\t\t\t<\/ol>\r\n\t\t\t\t\t<div class=\"clearfix\"><\/div>\r\n\t\t\t\t<\/div>\r\n\t\t\t<\/div>\r\n\t\t\t\n\t<h1>\u00d6vervakning<\/h1>\n<p>Att se till att textmeddelandena skickas \u00e4r v\u00e5r f\u00f6rsta prioritet.<\/p>\n<p>N\u00e4r man tillhandah\u00e5ller en SMS-tj\u00e4nst \u00e4r \u00f6vervakning av systemen nyckeln till att tillhandah\u00e5lla korrekt drifttid och s\u00e4kerst\u00e4lla att meddelanden faktiskt skickas och levereras till kunderna. Det finns alldeles f\u00f6r m\u00e5nga saker som kan g\u00e5 fel n\u00e4r man skickar ut ett SMS f\u00f6r att man enbart ska f\u00f6rlita sig p\u00e5 larm och maskiner.<\/p>\n<h4><strong>Fullst\u00e4ndig \u00f6vervakning och alltid jour 24\/7<\/strong><\/h4>\n<p>Vi har \u00f6ver 100 m\u00e4tpunkter i v\u00e5rt n\u00e4tverk och v\u00e5r infrastruktur som \u00f6vervakas varje minut, men vi f\u00f6rlitar oss inte bara p\u00e5 maskiner.<\/p>\n<p>S\u00e5 fort n\u00e5got g\u00e5r fel informeras omedelbart v\u00e5r driftchef\/jourhavande tekniker. Det finns alltid en man p\u00e5 plats om en server inte s\u00e4nder eller tar emot som avsett.<\/p>\n<p>Vi \u00f6vervakar st\u00e4ndigt v\u00e5ra servrar! 24 timmar om dygnet, 7 dagar i veckan, 365 dagar om \u00e5ret. Vi tittar p\u00e5 medan du sover f\u00f6r att s\u00e4kerst\u00e4lla den allra b\u00e4sta drifttiden.<\/p>\n<p>Vi \u00f6vervakar alla danska operat\u00f6rer och \u00e4ven de st\u00f6rre nordiska operat\u00f6rerna f\u00f6r att s\u00e4kerst\u00e4lla optimal leverans. Det inneb\u00e4r att vi uppt\u00e4cker om n\u00e5gon av dem ligger nere eller av n\u00e5gon annan anledning inte levererar. Det g\u00f6r att vi kan reagera omedelbart och hitta l\u00f6sningar p\u00e5 problemet.<\/p>\n<p><strong>Vi ligger alltid i framkant med den b\u00e4sta utrustningen<\/strong><\/p>\n<p>F\u00f6r att s\u00e4kerst\u00e4lla att vi alltid levererar optimalt ser vi till att alltid vara uppdaterade med den senaste tekniken. V\u00e5r utrustning l\u00e4r sig av misstag. N\u00e4r ett fel har uppst\u00e5tt en g\u00e5ng kommer samma \u00e5tg\u00e4rd n\u00e4sta g\u00e5ng att initiera en korrigerande \u00e5tg\u00e4rd som automatiskt \u00e5terst\u00e4ller systemet till full drift.\u00a0<\/p>\n<p>Maskininl\u00e4rning ... Inl\u00e4rningsmaskinen i aktion.<\/p>\n<h4><strong>Maximal drifttid! \u00d6ver 99,9 %<\/strong><\/h4>\n<p>Vi har den maximala drifttiden p\u00e5 SureSMS. P\u00e5 m\u00e5nga branschf\u00f6rs\u00e4ljningssidor kan du l\u00e4sa om 99,7 % eller 100 % upptid.  P\u00e5 SureSMS \u00e4r v\u00e5r upptid \u00f6ver 99,9, men i praktiken \u00e4r dessa siffror bara avrundningar.<\/p>\n<p>Vi ser till att v\u00e5ra system alltid \u00e4r ig\u00e5ng och alltid \u00f6vervakas f\u00f6r att f\u00e5nga upp eventuella fel som uppst\u00e5r i maskiner eller hos leverant\u00f6rer.\u00a0<\/p>\n<p>Om den telefon du skickar till \u00e4r p\u00e5slagen s\u00e4kerst\u00e4ller vi optimal \u00f6vervakning f\u00f6r att se till att ditt meddelande kommer fram.<\/p>\n<p>\u00a0<\/p>\n\t<h4><strong>H\u00e4r kan du l\u00e4sa n\u00e5gra exempel p\u00e5 hur v\u00e5ra kunder f\u00f6r n\u00e4rvarande anv\u00e4nder v\u00e5r SIM-l\u00f6sning:<\/strong><\/h4>\n<ul>\n<li><strong>Ett danskt v\u00e4rmef\u00f6rs\u00f6rjningsf\u00f6retag<\/strong> anv\u00e4nda v\u00e5r v\u00e4rdbaserade SIM-l\u00f6sning f\u00f6r att <strong>sin verksamhet i Norge och Sverige<\/strong>. Precis som i Danmark m\u00e5ste deras personal skicka p\u00e5minnelser om m\u00f6ten till inv\u00e5narna, men eftersom det handlar om norska och svenska nummer b\u00f6r tv\u00e5v\u00e4gsl\u00f6sningen naturligtvis vara densamma.<\/li>\n<li><strong>En dansk reklambyr\u00e5<\/strong> skickar ut fysiska brev till kunder med erbjudanden. I breven finns ett telefonnummer d\u00e4r kunderna kan anm\u00e4la sig till erbjudandena med ett nyckelord (KEYWORD). Numret vidarebefordras till reklambyr\u00e5ns kundtelefon s\u00e5 att \u00e4ven framtida kunder kan ringa.<\/li>\n<li><strong>Ett hotell n\u00e4ra den dansk-tyska gr\u00e4nsen<\/strong> anv\u00e4nder v\u00e5r 2-v\u00e4gsl\u00f6sning f\u00f6r kommunikation med framtida och tidigare kunder. Eftersom det finns b\u00e5de danskar och tyskar bland g\u00e4sterna ska 2-v\u00e4gsl\u00f6sningen naturligtvis ha b\u00e5de ett danskt och ett tyskt mobilnummer.<\/li>\n<\/ul>\n\t\t<h3><a href=\"http:\/\/suresms.com\/sv\/dokument\/\" target=\"_self\">Bes\u00f6k v\u00e5r Manual-webbplats<\/a><\/h3>\n\t\t\t\t<a href=\"http:\/\/suresms.com\/sv\/dokument\/\" target=\"_self\" itemprop=\"url\">\n\t\t\t\t<img loading=\"lazy\" decoding=\"async\" src=\"https:\/\/suresms.com\/wp-content\/uploads\/2016\/03\/Manual-400x250-px1.jpg\" alt=\"manuell webbplats suresms\" itemprop=\"image\" height=\"250\" width=\"400\" title=\"Manual 400x250 px\" onerror=\"this.style.display='none'\"  \/>\n\t\t\t\t<\/a>\n<p>F\u00f6r att hj\u00e4lpa v\u00e5ra kunder har vi samlat alla instruktioner och beskrivningar p\u00e5 suresms.com\/docs. H\u00e4r kan du se hur v\u00e5r gateway fungerar och f\u00e5 enkla anv\u00e4ndarv\u00e4nliga instruktioner f\u00f6r de m\u00e5nga funktionerna.<\/p>\n\t\t<h3><a href=\"http:\/\/developer.suresms.com\/\" target=\"_self\">utvecklare.suresms.com<\/a><\/h3>\n\t\t\t\t<a href=\"http:\/\/developer.suresms.com\/\" target=\"_self\" itemprop=\"url\">\n\t\t\t\t<img loading=\"lazy\" decoding=\"async\" src=\"https:\/\/suresms.com\/wp-content\/uploads\/2016\/03\/developer-400x250-px.jpg\" alt=\"utvecklare suresms webbplats f\u00f6r utvecklare\" itemprop=\"image\" height=\"250\" width=\"400\" title=\"utvecklare 400x250 px\" onerror=\"this.style.display='none'\"  \/>\n\t\t\t\t<\/a>\nSureSMS \u00e4r gjort av utvecklare f\u00f6r utvecklare!<br \/>\nP\u00e5 developer.suresms.com har vi samlat dokumentation och kodexempel f\u00f6r att g\u00f6ra det enkelt att integrera v\u00e5r gateway i ditt system.\n\t\t<h3><a href=\"https:\/\/www.youtube.com\/channel\/UC1XGC5rl9mI9ndtBVn8yq7g\" target=\"_self\">Titta p\u00e5 v\u00e5ra instruktionsvideor!<\/a><\/h3>\n\t\t\t\t<a href=\"https:\/\/www.youtube.com\/channel\/UC1XGC5rl9mI9ndtBVn8yq7g\" target=\"_self\" itemprop=\"url\">\n\t\t\t\t<img loading=\"lazy\" decoding=\"async\" src=\"https:\/\/suresms.com\/wp-content\/uploads\/2016\/03\/you-tube400x250px.jpg\" alt=\"suresms sms gateway du tube videor\" itemprop=\"image\" height=\"250\" width=\"400\" title=\"you tube 400x250px\" onerror=\"this.style.display='none'\"  \/>\n\t\t\t\t<\/a>\n<p>\u00c4r du p\u00e5 v\u00e4g att komma ig\u00e5ng med en ny funktion? Eller beh\u00f6ver du bara veta lite mer om hur v\u00e5r gateway fungerar? Vi har samlat v\u00e5ra instruktionsvideor p\u00e5 Youtube. Redo att k\u00f6ra ig\u00e5ng!<\/p>","protected":false},"excerpt":{"rendered":"<p>\u00d6vervakning Att se till att SMS-meddelanden skickas \u00e4r v\u00e5r h\u00f6gsta prioritet. N\u00e4r man tillhandah\u00e5ller en SMS-tj\u00e4nst \u00e4r \u00f6vervakningssystem av st\u00f6rsta vikt f\u00f6r att tillhandah\u00e5lla korrekt drifttid och s\u00e4kerst\u00e4lla att meddelanden faktiskt skickas och levereras till kunderna. Det finns f\u00f6r m\u00e5nga saker som kan g\u00e5 fel n\u00e4r man skickar ut ett SMS-meddelande... <a title=\"\u00d6vervakning\" class=\"read-more\" href=\"https:\/\/suresms.com\/sv\/om-suresms\/overvagning\/\" aria-label=\"L\u00e4s mer om \u00f6vervakning\">L\u00e4s mer om det<\/a><\/p>","protected":false},"author":1,"featured_media":0,"parent":18594,"menu_order":16,"comment_status":"closed","ping_status":"closed","template":"","meta":{"_fl_builder_enabled":"1","_fl_builder_data":null,"_fl_builder_draft":null,"_fl_builder_data_settings":null,"_fl_builder_css":"","_fl_builder_css_version":"","_fl_builder_js":"","footnotes":""},"categories":[],"tags":[],"class_list":["post-1449","page","type-page","status-publish"],"yoast_head":"<!-- This site is optimized with the Yoast SEO Premium plugin v27.3 (Yoast SEO v27.3) - https:\/\/yoast.com\/product\/yoast-seo-premium-wordpress\/ -->\r\n<title>SMS Overv\u00e5gning | Fuld overv\u00e5gning og altid vagt 24\/7 \u2713<\/title>\r\n<meta name=\"description\" content=\"Overv\u00e5gning af servere og alle danske operat\u00f8rer 24 \/7 . Altid teknikere p\u00e5 vagt. Vi garanterer optimal kvalitet &amp; levering . H\u00f8j oppetid p\u00e5 99,9 %.\" \/>\r\n<meta name=\"robots\" content=\"index, follow, max-snippet:-1, max-image-preview:large, max-video-preview:-1\" \/>\r\n<link rel=\"canonical\" href=\"https:\/\/suresms.com\/sv\/om-suresms\/overvakning\/\" \/>\r\n<meta property=\"og:locale\" content=\"sv_SE\" \/>\r\n<meta property=\"og:type\" content=\"article\" \/>\r\n<meta property=\"og:title\" content=\"Overv\u00e5gning\" \/>\r\n<meta property=\"og:description\" content=\"Overv\u00e5gning af servere og alle danske operat\u00f8rer 24 \/7 . Altid teknikere p\u00e5 vagt. Vi garanterer optimal kvalitet &amp; levering . H\u00f8j oppetid p\u00e5 99,9 %.\" \/>\r\n<meta property=\"og:url\" content=\"https:\/\/suresms.com\/sv\/om-suresms\/overvakning\/\" \/>\r\n<meta property=\"article:publisher\" content=\"https:\/\/www.facebook.com\/p\/SureSMS-100044607956149\/\" \/>\r\n<meta property=\"article:modified_time\" content=\"2025-01-10T11:01:15+00:00\" \/>\r\n<meta property=\"og:image\" content=\"https:\/\/suresms.com\/wp-content\/uploads\/2016\/03\/Manual-400x250-px1.jpg\" \/>\r\n<meta name=\"twitter:card\" content=\"summary_large_image\" \/>\r\n<meta name=\"twitter:label1\" content=\"Ber\u00e4knad l\u00e4stid\" \/>\n\t<meta name=\"twitter:data1\" content=\"3 minuter\" \/>\r\n<script type=\"application\/ld+json\" class=\"yoast-schema-graph\">{\"@context\":\"https:\\\/\\\/schema.org\",\"@graph\":[{\"@type\":\"WebPage\",\"@id\":\"https:\\\/\\\/suresms.com\\\/dk\\\/om-suresms\\\/overvagning\\\/\",\"url\":\"https:\\\/\\\/suresms.com\\\/dk\\\/om-suresms\\\/overvagning\\\/\",\"name\":\"SMS Overv\u00e5gning | Fuld overv\u00e5gning og altid vagt 24\\\/7 \u2713\",\"isPartOf\":{\"@id\":\"https:\\\/\\\/suresms.com\\\/en\\\/#website\"},\"primaryImageOfPage\":{\"@id\":\"https:\\\/\\\/suresms.com\\\/dk\\\/om-suresms\\\/overvagning\\\/#primaryimage\"},\"image\":{\"@id\":\"https:\\\/\\\/suresms.com\\\/dk\\\/om-suresms\\\/overvagning\\\/#primaryimage\"},\"thumbnailUrl\":\"https:\\\/\\\/suresms.com\\\/wp-content\\\/uploads\\\/2016\\\/03\\\/Manual-400x250-px1.jpg\",\"datePublished\":\"2015-12-14T14:52:32+00:00\",\"dateModified\":\"2025-01-10T11:01:15+00:00\",\"description\":\"Overv\u00e5gning af servere og alle danske operat\u00f8rer 24 \\\/7 . Altid teknikere p\u00e5 vagt. Vi garanterer optimal kvalitet & levering . H\u00f8j oppetid p\u00e5 99,9 %.\",\"breadcrumb\":{\"@id\":\"https:\\\/\\\/suresms.com\\\/dk\\\/om-suresms\\\/overvagning\\\/#breadcrumb\"},\"inLanguage\":\"sv-SE\",\"potentialAction\":[{\"@type\":\"ReadAction\",\"target\":[\"https:\\\/\\\/suresms.com\\\/dk\\\/om-suresms\\\/overvagning\\\/\"]}]},{\"@type\":\"ImageObject\",\"inLanguage\":\"sv-SE\",\"@id\":\"https:\\\/\\\/suresms.com\\\/dk\\\/om-suresms\\\/overvagning\\\/#primaryimage\",\"url\":\"https:\\\/\\\/suresms.com\\\/wp-content\\\/uploads\\\/2016\\\/03\\\/Manual-400x250-px1.jpg\",\"contentUrl\":\"https:\\\/\\\/suresms.com\\\/wp-content\\\/uploads\\\/2016\\\/03\\\/Manual-400x250-px1.jpg\"},{\"@type\":\"BreadcrumbList\",\"@id\":\"https:\\\/\\\/suresms.com\\\/dk\\\/om-suresms\\\/overvagning\\\/#breadcrumb\",\"itemListElement\":[{\"@type\":\"ListItem\",\"position\":1,\"name\":\"Home\",\"item\":\"https:\\\/\\\/suresms.com\\\/dk\\\/\"},{\"@type\":\"ListItem\",\"position\":2,\"name\":\"Om SureSMS\",\"item\":\"https:\\\/\\\/suresms.com\\\/dk\\\/om-suresms\\\/\"},{\"@type\":\"ListItem\",\"position\":3,\"name\":\"Overv\u00e5gning\"}]},{\"@type\":\"WebSite\",\"@id\":\"https:\\\/\\\/suresms.com\\\/en\\\/#website\",\"url\":\"https:\\\/\\\/suresms.com\\\/en\\\/\",\"name\":\"SureSMS\",\"description\":\"Professionel SMS Gateway\",\"publisher\":{\"@id\":\"https:\\\/\\\/suresms.com\\\/en\\\/#organization\"},\"potentialAction\":[{\"@type\":\"SearchAction\",\"target\":{\"@type\":\"EntryPoint\",\"urlTemplate\":\"https:\\\/\\\/suresms.com\\\/en\\\/?s={search_term_string}\"},\"query-input\":{\"@type\":\"PropertyValueSpecification\",\"valueRequired\":true,\"valueName\":\"search_term_string\"}}],\"inLanguage\":\"sv-SE\"},{\"@type\":\"Organization\",\"@id\":\"https:\\\/\\\/suresms.com\\\/en\\\/#organization\",\"name\":\"SureSMS\",\"url\":\"https:\\\/\\\/suresms.com\\\/en\\\/\",\"logo\":{\"@type\":\"ImageObject\",\"inLanguage\":\"sv-SE\",\"@id\":\"https:\\\/\\\/suresms.com\\\/en\\\/#\\\/schema\\\/logo\\\/image\\\/\",\"url\":\"https:\\\/\\\/suresms.com\\\/wp-content\\\/uploads\\\/2024\\\/11\\\/suresms-300x65-1.png\",\"contentUrl\":\"https:\\\/\\\/suresms.com\\\/wp-content\\\/uploads\\\/2024\\\/11\\\/suresms-300x65-1.png\",\"width\":300,\"height\":65,\"caption\":\"SureSMS\"},\"image\":{\"@id\":\"https:\\\/\\\/suresms.com\\\/en\\\/#\\\/schema\\\/logo\\\/image\\\/\"},\"sameAs\":[\"https:\\\/\\\/www.facebook.com\\\/p\\\/SureSMS-100044607956149\\\/\"]}]}<\/script>\r\n<!-- \/ Yoast SEO Premium plugin. -->","yoast_head_json":{"title":"SMS-\u00f6vervakning | Fullst\u00e4ndig \u00f6vervakning och alltid jour 24\/7 \u2713","description":"\u00d6vervakning av servrar och alla danska operat\u00f6rer 24\/7. Alltid tekniker i tj\u00e4nst. Vi garanterar optimal kvalitet och leverans. 99,9 % h\u00f6g upptid.","robots":{"index":"index","follow":"follow","max-snippet":"max-snippet:-1","max-image-preview":"max-image-preview:large","max-video-preview":"max-video-preview:-1"},"canonical":"https:\/\/suresms.com\/sv\/om-suresms\/overvakning\/","og_locale":"sv_SE","og_type":"article","og_title":"Overv\u00e5gning","og_description":"Overv\u00e5gning af servere og alle danske operat\u00f8rer 24 \/7 . Altid teknikere p\u00e5 vagt. Vi garanterer optimal kvalitet & levering . H\u00f8j oppetid p\u00e5 99,9 %.","og_url":"https:\/\/suresms.com\/sv\/om-suresms\/overvakning\/","article_publisher":"https:\/\/www.facebook.com\/p\/SureSMS-100044607956149\/","article_modified_time":"2025-01-10T11:01:15+00:00","og_image":[{"url":"https:\/\/suresms.com\/wp-content\/uploads\/2016\/03\/Manual-400x250-px1.jpg","type":"","width":"","height":""}],"twitter_card":"summary_large_image","twitter_misc":{"Ber\u00e4knad l\u00e4stid":"3 minuter"},"schema":{"@context":"https:\/\/schema.org","@graph":[{"@type":"WebPage","@id":"https:\/\/suresms.com\/dk\/om-suresms\/overvagning\/","url":"https:\/\/suresms.com\/dk\/om-suresms\/overvagning\/","name":"SMS-\u00f6vervakning | Fullst\u00e4ndig \u00f6vervakning och alltid jour 24\/7 \u2713","isPartOf":{"@id":"https:\/\/suresms.com\/en\/#website"},"primaryImageOfPage":{"@id":"https:\/\/suresms.com\/dk\/om-suresms\/overvagning\/#primaryimage"},"image":{"@id":"https:\/\/suresms.com\/dk\/om-suresms\/overvagning\/#primaryimage"},"thumbnailUrl":"https:\/\/suresms.com\/wp-content\/uploads\/2016\/03\/Manual-400x250-px1.jpg","datePublished":"2015-12-14T14:52:32+00:00","dateModified":"2025-01-10T11:01:15+00:00","description":"\u00d6vervakning av servrar och alla danska operat\u00f6rer 24\/7. Alltid tekniker i tj\u00e4nst. Vi garanterar optimal kvalitet och leverans. 99,9 % h\u00f6g upptid.","breadcrumb":{"@id":"https:\/\/suresms.com\/dk\/om-suresms\/overvagning\/#breadcrumb"},"inLanguage":"sv-SE","potentialAction":[{"@type":"ReadAction","target":["https:\/\/suresms.com\/dk\/om-suresms\/overvagning\/"]}]},{"@type":"ImageObject","inLanguage":"sv-SE","@id":"https:\/\/suresms.com\/dk\/om-suresms\/overvagning\/#primaryimage","url":"https:\/\/suresms.com\/wp-content\/uploads\/2016\/03\/Manual-400x250-px1.jpg","contentUrl":"https:\/\/suresms.com\/wp-content\/uploads\/2016\/03\/Manual-400x250-px1.jpg"},{"@type":"BreadcrumbList","@id":"https:\/\/suresms.com\/dk\/om-suresms\/overvagning\/#breadcrumb","itemListElement":[{"@type":"ListItem","position":1,"name":"Home","item":"https:\/\/suresms.com\/dk\/"},{"@type":"ListItem","position":2,"name":"Om SureSMS","item":"https:\/\/suresms.com\/dk\/om-suresms\/"},{"@type":"ListItem","position":3,"name":"Overv\u00e5gning"}]},{"@type":"WebSite","@id":"https:\/\/suresms.com\/en\/#website","url":"https:\/\/suresms.com\/en\/","name":"SureSMS","description":"Professionell SMS Gateway","publisher":{"@id":"https:\/\/suresms.com\/en\/#organization"},"potentialAction":[{"@type":"SearchAction","target":{"@type":"EntryPoint","urlTemplate":"https:\/\/suresms.com\/en\/?s={search_term_string}"},"query-input":{"@type":"PropertyValueSpecification","valueRequired":true,"valueName":"search_term_string"}}],"inLanguage":"sv-SE"},{"@type":"Organization","@id":"https:\/\/suresms.com\/en\/#organization","name":"SureSMS","url":"https:\/\/suresms.com\/en\/","logo":{"@type":"ImageObject","inLanguage":"sv-SE","@id":"https:\/\/suresms.com\/en\/#\/schema\/logo\/image\/","url":"https:\/\/suresms.com\/wp-content\/uploads\/2024\/11\/suresms-300x65-1.png","contentUrl":"https:\/\/suresms.com\/wp-content\/uploads\/2024\/11\/suresms-300x65-1.png","width":300,"height":65,"caption":"SureSMS"},"image":{"@id":"https:\/\/suresms.com\/en\/#\/schema\/logo\/image\/"},"sameAs":["https:\/\/www.facebook.com\/p\/SureSMS-100044607956149\/"]}]}},"_links":{"self":[{"href":"https:\/\/suresms.com\/sv\/wp-json\/wp\/v2\/pages\/1449","targetHints":{"allow":["GET"]}}],"collection":[{"href":"https:\/\/suresms.com\/sv\/wp-json\/wp\/v2\/pages"}],"about":[{"href":"https:\/\/suresms.com\/sv\/wp-json\/wp\/v2\/types\/page"}],"author":[{"embeddable":true,"href":"https:\/\/suresms.com\/sv\/wp-json\/wp\/v2\/users\/1"}],"replies":[{"embeddable":true,"href":"https:\/\/suresms.com\/sv\/wp-json\/wp\/v2\/comments?post=1449"}],"version-history":[{"count":7,"href":"https:\/\/suresms.com\/sv\/wp-json\/wp\/v2\/pages\/1449\/revisions"}],"predecessor-version":[{"id":21406,"href":"https:\/\/suresms.com\/sv\/wp-json\/wp\/v2\/pages\/1449\/revisions\/21406"}],"up":[{"embeddable":true,"href":"https:\/\/suresms.com\/sv\/wp-json\/wp\/v2\/pages\/18594"}],"wp:attachment":[{"href":"https:\/\/suresms.com\/sv\/wp-json\/wp\/v2\/media?parent=1449"}],"wp:term":[{"taxonomy":"category","embeddable":true,"href":"https:\/\/suresms.com\/sv\/wp-json\/wp\/v2\/categories?post=1449"},{"taxonomy":"post_tag","embeddable":true,"href":"https:\/\/suresms.com\/sv\/wp-json\/wp\/v2\/tags?post=1449"}],"curies":[{"name":"wp","href":"https:\/\/api.w.org\/{rel}","templated":true}]}}