{"id":14437,"date":"2022-02-16T13:45:49","date_gmt":"2022-02-16T11:45:49","guid":{"rendered":"https:\/\/www.suresms.com\/dk\/?page_id=14437"},"modified":"2025-01-05T00:00:36","modified_gmt":"2025-01-05T00:00:36","slug":"cms-innehaallshanteringssystem-sms-integration","status":"publish","type":"page","link":"https:\/\/suresms.com\/sv\/integrationer\/cms-content-management-system-sms-integration\/","title":{"rendered":"SMS-integration till Content Management System (CMS-system)"},"content":{"rendered":"<!-- Flexy Breadcrumb -->\r\n\t\t\t<div class=\"fbc fbc-page\">\r\n\r\n\t\t\t\t<!-- Breadcrumb wrapper -->\r\n\t\t\t\t<div class=\"fbc-wrap\">\r\n\r\n\t\t\t\t\t<!-- Ordered list-->\r\n\t\t\t\t\t<ol class=\"fbc-items\" itemscope itemtype=\"https:\/\/schema.org\/BreadcrumbList\">\r\n\t\t\t\t\t\t            <li itemprop=\"itemListElement\" itemscope itemtype=\"https:\/\/schema.org\/ListItem\">\r\n                <span itemprop=\"name\">\r\n                    <!-- Home Link -->\r\n                    <a itemprop=\"item\" href=\"https:\/\/suresms.com\/sv\/\">\r\n                    \r\n                                                    <i class=\"fa fa-home\" aria-hidden=\"true\"><\/i>Hem                    <\/a>\r\n                <\/span>\r\n                <meta itemprop=\"position\" content=\"1\" \/><!-- Meta Position-->\r\n             <\/li><li><span class=\"fbc-separator\">\/<\/span><\/li><li class=\"active\" itemprop=\"itemListElement\" itemscope itemtype=\"https:\/\/schema.org\/ListItem\"><span itemprop=\"name\" title=\"SMS-integration till Content Management System (CMS-system)\">SMS-integration f\u00f6r inneh\u00e5ll...<\/span><meta itemprop=\"position\" content=\"2\" \/><\/li>\t\t\t\t\t<\/ol>\r\n\t\t\t\t\t<div class=\"clearfix\"><\/div>\r\n\t\t\t\t<\/div>\r\n\t\t\t<\/div>\r\n\t\t\t\n\t\t<h1><strong>SMS-integration f\u00f6r inneh\u00e5llshanteringssystem (CMS)<\/strong><\/h1>\n\t\t\t\t<img loading=\"lazy\" decoding=\"async\" src=\"https:\/\/suresms.com\/wp-content\/uploads\/2022\/02\/ContentManagementSystem-1.png\" alt=\"System f\u00f6r inneh\u00e5llshantering\" itemprop=\"image\" height=\"440\" width=\"1109\" title=\"System f\u00f6r inneh\u00e5llshantering\" onerror=\"this.style.display='none'\"  \/>\n\t<h3>Med SMS-integration till ditt Content Management System eller CMS-system kan du kommunicera med kunder och anst\u00e4llda snabbt och effektivt.<\/h3>\n\t\t<h3>SMS i CMS-system<\/h3><p>Det finns m\u00e5nga m\u00f6jligheter n\u00e4r du ansluter ditt CMS till en SMS-gateway. Du kanske vill skicka meddelanden till administrat\u00f6rer om nya anv\u00e4ndare som registrerar sig, n\u00e4r nya kommentarer g\u00f6rs p\u00e5 ditt inneh\u00e5ll, n\u00e4r anv\u00e4ndare loggar in p\u00e5 ditt CMS. Du kan ocks\u00e5 integrera med t.ex. Contact Form 7, WooCommerce och Easy Digital Downloads s\u00e5 att du f\u00e5r ett SMS n\u00e4r n\u00e5gon laddar ner material.<\/p>\n<p>Det finns ocks\u00e5 en sj\u00e4lvklar m\u00f6jlighet f\u00f6r bes\u00f6kare p\u00e5 din webbplats att anm\u00e4la sig till SMS-nyhetsbrev och f\u00e5 aktiveringskoder via SMS.<\/p>\n<p>F\u00f6r att integrera SMS i ditt CMS-system kr\u00e4vs att du har en plug-in till ditt CMS-system, t.ex. WordPress eller Joomla, och att du har tillg\u00e5ng till en SMS-gateway. SureSMS \u00e4r en s\u00e5dan gateway.<\/p>\n<p>P\u00e5 den h\u00e4r sidan kan du se en lista \u00f6ver de plugins f\u00f6r olika CMS-system som st\u00f6der SureSMS som gateway. Innan du kan konfigurera det kan du best\u00e4lla ett gratis SureSMS-testkonto f\u00f6r att se om plugin-programmet och SureSMS tillsammans kan l\u00f6sa din specifika uppgift.<\/p>\n\t<p>Nedan kan du se n\u00e5gra av de integrationer som redan finns mellan SureSMS och CMS-system.<\/p>\n\t\t\t\t<a href=\"https:\/\/suresms.com\/sv\/integrationer\/cms-innehaallshanteringssystem-sms-integration\/wordpress-sms-integration\/\" target=\"_self\" itemprop=\"url\">\n\t\t\t\t<img loading=\"lazy\" decoding=\"async\" src=\"https:\/\/suresms.com\/wp-content\/uploads\/2022\/02\/WpSMS-SureSMS-1-1.png\" alt=\"SMS WordPress med WP-SMS\" itemprop=\"image\" height=\"460\" width=\"1281\" title=\"WpSMS-SureSMS\" onerror=\"this.style.display='none'\"  \/>\n\t\t\t\t<\/a>\n<h3><a href=\"https:\/\/suresms.com\/sv\/integrationer\/cms-innehaallshanteringssystem-sms-integration\/wordpress-sms-integration\/\" target=\"_self\">WP-SMS<\/a><\/h3><p>WP-SMS \u00e4r en gratis online WordPress plugin som ger dig m\u00e5nga alternativ f\u00f6r att integrera SMS p\u00e5 din webbplats. SMS-listor, integration till WooCommerce, ContactForm7, BuddyPress och m\u00e5nga m\u00e5nga fler.<\/p>\n\t\t<h3><a href=\"https:\/\/suresms.com\/sv\/integrationer\/cms-innehaallshanteringssystem-sms-integration\/joomla-sms-losning\/\" target=\"_self\">Joomla<\/a><\/h3><p>SureSMS har valts ut som en av de standardiserade SMS-gateways som Acyba anv\u00e4nder i sin AcySMS-l\u00f6sning.<\/p>\n<p>AcySMS \u00e4r ett gratis till\u00e4gg f\u00f6r Joomla. Till\u00e4gget \u00e4r helt integrerat med din Joomla-webbplats och l\u00e5ter dig skapa uppf\u00f6ljningskampanjer, autosvar, nyhetsbrev, annonser, kampanjer, erbjudanden och autosvar .... allt via SMS.<\/p>","protected":false},"excerpt":{"rendered":"<p>SMS-integration f\u00f6r Content Management System (CMS) Med SMS-integration till ditt Content Management System eller CMS-system kan du snabbt och effektivt kommunicera med kunder och anst\u00e4llda. SMS i CMS-system Det finns m\u00e5nga m\u00f6jligheter n\u00e4r du ansluter ditt CMS-system till en SMS-gateway. Du kanske till exempel vill skicka meddelanden till ... <a title=\"SMS-integration till Content Management System (CMS-system)\" class=\"read-more\" href=\"https:\/\/suresms.com\/sv\/integrationer\/cms-content-management-system-sms-integration\/\" aria-label=\"L\u00e4s mer om SMS-integration till Content Management System (CMS-system)\">L\u00e4s mer om det<\/a><\/p>","protected":false},"author":1,"featured_media":0,"parent":9400,"menu_order":1,"comment_status":"closed","ping_status":"closed","template":"","meta":{"_fl_builder_enabled":"1","_fl_builder_data":null,"_fl_builder_draft":null,"_fl_builder_data_settings":null,"_fl_builder_css":"","_fl_builder_css_version":"","_fl_builder_js":"","footnotes":""},"categories":[],"tags":[],"class_list":["post-14437","page","type-page","status-publish"],"yoast_head":"<!-- This site is optimized with the Yoast SEO Premium plugin v27.3 (Yoast SEO v27.3) - https:\/\/yoast.com\/product\/yoast-seo-premium-wordpress\/ -->\r\n<title>SMS integration til Content Management Systemer (CMS systemer) - SMS integrationer til 2000+ systemer<\/title>\r\n<meta name=\"description\" content=\"SMS integrationer med 2000+ systemer. Mange forskellige muligheder og gratis ops\u00e6tning. API, webservice, JSON og meget mere\" \/>\r\n<meta name=\"robots\" content=\"index, follow, max-snippet:-1, max-image-preview:large, max-video-preview:-1\" \/>\r\n<link rel=\"canonical\" href=\"https:\/\/suresms.com\/sv\/integrationer\/cms-innehaallshanteringssystem-sms-integration\/\" \/>\r\n<meta property=\"og:locale\" content=\"sv_SE\" \/>\r\n<meta property=\"og:type\" content=\"article\" \/>\r\n<meta property=\"og:title\" content=\"SMS integration til Content Management Systemer (CMS systemer)\" \/>\r\n<meta property=\"og:description\" content=\"SMS integrationer med 2000+ systemer. Mange forskellige muligheder og gratis ops\u00e6tning. API, webservice, JSON og meget mere\" \/>\r\n<meta property=\"og:url\" content=\"https:\/\/suresms.com\/sv\/integrationer\/cms-innehaallshanteringssystem-sms-integration\/\" \/>\r\n<meta property=\"article:publisher\" content=\"https:\/\/www.facebook.com\/p\/SureSMS-100044607956149\/\" \/>\r\n<meta property=\"article:modified_time\" content=\"2025-01-05T00:00:36+00:00\" \/>\r\n<meta property=\"og:image\" content=\"https:\/\/suresms.com\/wp-content\/uploads\/2022\/02\/ContentManagementSystem-1.png\" \/>\r\n<meta name=\"twitter:card\" content=\"summary_large_image\" \/>\r\n<meta name=\"twitter:label1\" content=\"Ber\u00e4knad l\u00e4stid\" \/>\n\t<meta name=\"twitter:data1\" content=\"6 minuter\" \/>\r\n<script type=\"application\/ld+json\" class=\"yoast-schema-graph\">{\"@context\":\"https:\\\/\\\/schema.org\",\"@graph\":[{\"@type\":\"WebPage\",\"@id\":\"https:\\\/\\\/suresms.com\\\/dk\\\/integrationer\\\/cms-content-management-system-sms-integration\\\/\",\"url\":\"https:\\\/\\\/suresms.com\\\/dk\\\/integrationer\\\/cms-content-management-system-sms-integration\\\/\",\"name\":\"SMS integration til Content Management Systemer (CMS systemer) - SMS integrationer til 2000+ systemer\",\"isPartOf\":{\"@id\":\"https:\\\/\\\/suresms.com\\\/en\\\/#website\"},\"primaryImageOfPage\":{\"@id\":\"https:\\\/\\\/suresms.com\\\/dk\\\/integrationer\\\/cms-content-management-system-sms-integration\\\/#primaryimage\"},\"image\":{\"@id\":\"https:\\\/\\\/suresms.com\\\/dk\\\/integrationer\\\/cms-content-management-system-sms-integration\\\/#primaryimage\"},\"thumbnailUrl\":\"https:\\\/\\\/suresms.com\\\/wp-content\\\/uploads\\\/2022\\\/02\\\/ContentManagementSystem-1.png\",\"datePublished\":\"2022-02-16T11:45:49+00:00\",\"dateModified\":\"2025-01-05T00:00:36+00:00\",\"description\":\"SMS integrationer med 2000+ systemer. Mange forskellige muligheder og gratis ops\u00e6tning. API, webservice, JSON og meget mere\",\"breadcrumb\":{\"@id\":\"https:\\\/\\\/suresms.com\\\/dk\\\/integrationer\\\/cms-content-management-system-sms-integration\\\/#breadcrumb\"},\"inLanguage\":\"sv-SE\",\"potentialAction\":[{\"@type\":\"ReadAction\",\"target\":[\"https:\\\/\\\/suresms.com\\\/dk\\\/integrationer\\\/cms-content-management-system-sms-integration\\\/\"]}]},{\"@type\":\"ImageObject\",\"inLanguage\":\"sv-SE\",\"@id\":\"https:\\\/\\\/suresms.com\\\/dk\\\/integrationer\\\/cms-content-management-system-sms-integration\\\/#primaryimage\",\"url\":\"https:\\\/\\\/suresms.com\\\/wp-content\\\/uploads\\\/2022\\\/02\\\/ContentManagementSystem-1.png\",\"contentUrl\":\"https:\\\/\\\/suresms.com\\\/wp-content\\\/uploads\\\/2022\\\/02\\\/ContentManagementSystem-1.png\"},{\"@type\":\"BreadcrumbList\",\"@id\":\"https:\\\/\\\/suresms.com\\\/dk\\\/integrationer\\\/cms-content-management-system-sms-integration\\\/#breadcrumb\",\"itemListElement\":[{\"@type\":\"ListItem\",\"position\":1,\"name\":\"Home\",\"item\":\"https:\\\/\\\/suresms.com\\\/dk\\\/\"},{\"@type\":\"ListItem\",\"position\":2,\"name\":\"Integrationer\",\"item\":\"https:\\\/\\\/suresms.com\\\/dk\\\/integrationer\\\/\"},{\"@type\":\"ListItem\",\"position\":3,\"name\":\"SMS integration til Content Management Systemer (CMS systemer)\"}]},{\"@type\":\"WebSite\",\"@id\":\"https:\\\/\\\/suresms.com\\\/en\\\/#website\",\"url\":\"https:\\\/\\\/suresms.com\\\/en\\\/\",\"name\":\"SureSMS\",\"description\":\"Professionel SMS Gateway\",\"publisher\":{\"@id\":\"https:\\\/\\\/suresms.com\\\/en\\\/#organization\"},\"potentialAction\":[{\"@type\":\"SearchAction\",\"target\":{\"@type\":\"EntryPoint\",\"urlTemplate\":\"https:\\\/\\\/suresms.com\\\/en\\\/?s={search_term_string}\"},\"query-input\":{\"@type\":\"PropertyValueSpecification\",\"valueRequired\":true,\"valueName\":\"search_term_string\"}}],\"inLanguage\":\"sv-SE\"},{\"@type\":\"Organization\",\"@id\":\"https:\\\/\\\/suresms.com\\\/en\\\/#organization\",\"name\":\"SureSMS\",\"url\":\"https:\\\/\\\/suresms.com\\\/en\\\/\",\"logo\":{\"@type\":\"ImageObject\",\"inLanguage\":\"sv-SE\",\"@id\":\"https:\\\/\\\/suresms.com\\\/en\\\/#\\\/schema\\\/logo\\\/image\\\/\",\"url\":\"https:\\\/\\\/suresms.com\\\/wp-content\\\/uploads\\\/2024\\\/11\\\/suresms-300x65-1.png\",\"contentUrl\":\"https:\\\/\\\/suresms.com\\\/wp-content\\\/uploads\\\/2024\\\/11\\\/suresms-300x65-1.png\",\"width\":300,\"height\":65,\"caption\":\"SureSMS\"},\"image\":{\"@id\":\"https:\\\/\\\/suresms.com\\\/en\\\/#\\\/schema\\\/logo\\\/image\\\/\"},\"sameAs\":[\"https:\\\/\\\/www.facebook.com\\\/p\\\/SureSMS-100044607956149\\\/\"]}]}<\/script>\r\n<!-- \/ Yoast SEO Premium plugin. -->","yoast_head_json":{"title":"SMS-integration f\u00f6r Content Management System (CMS-system) - SMS-integration f\u00f6r 2000+ system","description":"SMS-integrationer med 2000+ system. M\u00e5nga olika alternativ och gratis installation. API, webbtj\u00e4nst, JSON och mycket mer","robots":{"index":"index","follow":"follow","max-snippet":"max-snippet:-1","max-image-preview":"max-image-preview:large","max-video-preview":"max-video-preview:-1"},"canonical":"https:\/\/suresms.com\/sv\/integrationer\/cms-innehaallshanteringssystem-sms-integration\/","og_locale":"sv_SE","og_type":"article","og_title":"SMS integration til Content Management Systemer (CMS systemer)","og_description":"SMS integrationer med 2000+ systemer. Mange forskellige muligheder og gratis ops\u00e6tning. API, webservice, JSON og meget mere","og_url":"https:\/\/suresms.com\/sv\/integrationer\/cms-innehaallshanteringssystem-sms-integration\/","article_publisher":"https:\/\/www.facebook.com\/p\/SureSMS-100044607956149\/","article_modified_time":"2025-01-05T00:00:36+00:00","og_image":[{"url":"https:\/\/suresms.com\/wp-content\/uploads\/2022\/02\/ContentManagementSystem-1.png","type":"","width":"","height":""}],"twitter_card":"summary_large_image","twitter_misc":{"Ber\u00e4knad l\u00e4stid":"6 minuter"},"schema":{"@context":"https:\/\/schema.org","@graph":[{"@type":"WebPage","@id":"https:\/\/suresms.com\/dk\/integrationer\/cms-content-management-system-sms-integration\/","url":"https:\/\/suresms.com\/dk\/integrationer\/cms-content-management-system-sms-integration\/","name":"SMS-integration f\u00f6r Content Management System (CMS-system) - SMS-integration f\u00f6r 2000+ system","isPartOf":{"@id":"https:\/\/suresms.com\/en\/#website"},"primaryImageOfPage":{"@id":"https:\/\/suresms.com\/dk\/integrationer\/cms-content-management-system-sms-integration\/#primaryimage"},"image":{"@id":"https:\/\/suresms.com\/dk\/integrationer\/cms-content-management-system-sms-integration\/#primaryimage"},"thumbnailUrl":"https:\/\/suresms.com\/wp-content\/uploads\/2022\/02\/ContentManagementSystem-1.png","datePublished":"2022-02-16T11:45:49+00:00","dateModified":"2025-01-05T00:00:36+00:00","description":"SMS-integrationer med 2000+ system. M\u00e5nga olika alternativ och gratis installation. API, webbtj\u00e4nst, JSON och mycket mer","breadcrumb":{"@id":"https:\/\/suresms.com\/dk\/integrationer\/cms-content-management-system-sms-integration\/#breadcrumb"},"inLanguage":"sv-SE","potentialAction":[{"@type":"ReadAction","target":["https:\/\/suresms.com\/dk\/integrationer\/cms-content-management-system-sms-integration\/"]}]},{"@type":"ImageObject","inLanguage":"sv-SE","@id":"https:\/\/suresms.com\/dk\/integrationer\/cms-content-management-system-sms-integration\/#primaryimage","url":"https:\/\/suresms.com\/wp-content\/uploads\/2022\/02\/ContentManagementSystem-1.png","contentUrl":"https:\/\/suresms.com\/wp-content\/uploads\/2022\/02\/ContentManagementSystem-1.png"},{"@type":"BreadcrumbList","@id":"https:\/\/suresms.com\/dk\/integrationer\/cms-content-management-system-sms-integration\/#breadcrumb","itemListElement":[{"@type":"ListItem","position":1,"name":"Home","item":"https:\/\/suresms.com\/dk\/"},{"@type":"ListItem","position":2,"name":"Integrationer","item":"https:\/\/suresms.com\/dk\/integrationer\/"},{"@type":"ListItem","position":3,"name":"SMS integration til Content Management Systemer (CMS systemer)"}]},{"@type":"WebSite","@id":"https:\/\/suresms.com\/en\/#website","url":"https:\/\/suresms.com\/en\/","name":"SureSMS","description":"Professionell SMS Gateway","publisher":{"@id":"https:\/\/suresms.com\/en\/#organization"},"potentialAction":[{"@type":"SearchAction","target":{"@type":"EntryPoint","urlTemplate":"https:\/\/suresms.com\/en\/?s={search_term_string}"},"query-input":{"@type":"PropertyValueSpecification","valueRequired":true,"valueName":"search_term_string"}}],"inLanguage":"sv-SE"},{"@type":"Organization","@id":"https:\/\/suresms.com\/en\/#organization","name":"SureSMS","url":"https:\/\/suresms.com\/en\/","logo":{"@type":"ImageObject","inLanguage":"sv-SE","@id":"https:\/\/suresms.com\/en\/#\/schema\/logo\/image\/","url":"https:\/\/suresms.com\/wp-content\/uploads\/2024\/11\/suresms-300x65-1.png","contentUrl":"https:\/\/suresms.com\/wp-content\/uploads\/2024\/11\/suresms-300x65-1.png","width":300,"height":65,"caption":"SureSMS"},"image":{"@id":"https:\/\/suresms.com\/en\/#\/schema\/logo\/image\/"},"sameAs":["https:\/\/www.facebook.com\/p\/SureSMS-100044607956149\/"]}]}},"_links":{"self":[{"href":"https:\/\/suresms.com\/sv\/wp-json\/wp\/v2\/pages\/14437","targetHints":{"allow":["GET"]}}],"collection":[{"href":"https:\/\/suresms.com\/sv\/wp-json\/wp\/v2\/pages"}],"about":[{"href":"https:\/\/suresms.com\/sv\/wp-json\/wp\/v2\/types\/page"}],"author":[{"embeddable":true,"href":"https:\/\/suresms.com\/sv\/wp-json\/wp\/v2\/users\/1"}],"replies":[{"embeddable":true,"href":"https:\/\/suresms.com\/sv\/wp-json\/wp\/v2\/comments?post=14437"}],"version-history":[{"count":3,"href":"https:\/\/suresms.com\/sv\/wp-json\/wp\/v2\/pages\/14437\/revisions"}],"predecessor-version":[{"id":21037,"href":"https:\/\/suresms.com\/sv\/wp-json\/wp\/v2\/pages\/14437\/revisions\/21037"}],"up":[{"embeddable":true,"href":"https:\/\/suresms.com\/sv\/wp-json\/wp\/v2\/pages\/9400"}],"wp:attachment":[{"href":"https:\/\/suresms.com\/sv\/wp-json\/wp\/v2\/media?parent=14437"}],"wp:term":[{"taxonomy":"category","embeddable":true,"href":"https:\/\/suresms.com\/sv\/wp-json\/wp\/v2\/categories?post=14437"},{"taxonomy":"post_tag","embeddable":true,"href":"https:\/\/suresms.com\/sv\/wp-json\/wp\/v2\/tags?post=14437"}],"curies":[{"name":"wp","href":"https:\/\/api.w.org\/{rel}","templated":true}]}}