{"id":1443,"date":"2015-12-14T16:47:20","date_gmt":"2015-12-14T14:47:20","guid":{"rendered":"https:\/\/www.suresms.com\/dk\/?page_id=1443"},"modified":"2024-11-29T17:26:58","modified_gmt":"2024-11-29T17:26:58","slug":"sakerhet","status":"publish","type":"page","link":"https:\/\/suresms.com\/sv\/om-suresms\/sikkerhed\/","title":{"rendered":"Trygghet och s\u00e4kerhet"},"content":{"rendered":"<!-- Flexy Breadcrumb -->\r\n\t\t\t<div class=\"fbc fbc-page\">\r\n\r\n\t\t\t\t<!-- Breadcrumb wrapper -->\r\n\t\t\t\t<div class=\"fbc-wrap\">\r\n\r\n\t\t\t\t\t<!-- Ordered list-->\r\n\t\t\t\t\t<ol class=\"fbc-items\" itemscope itemtype=\"https:\/\/schema.org\/BreadcrumbList\">\r\n\t\t\t\t\t\t            <li itemprop=\"itemListElement\" itemscope itemtype=\"https:\/\/schema.org\/ListItem\">\r\n                <span itemprop=\"name\">\r\n                    <!-- Home Link -->\r\n                    <a itemprop=\"item\" href=\"https:\/\/suresms.com\/sv\/\">\r\n                    \r\n                                                    <i class=\"fa fa-home\" aria-hidden=\"true\"><\/i>Hem                    <\/a>\r\n                <\/span>\r\n                <meta itemprop=\"position\" content=\"1\" \/><!-- Meta Position-->\r\n             <\/li><li><span class=\"fbc-separator\">\/<\/span><\/li><li class=\"active\" itemprop=\"itemListElement\" itemscope itemtype=\"https:\/\/schema.org\/ListItem\"><span itemprop=\"name\" title=\"Trygghet och s\u00e4kerhet\">Trygghet och s\u00e4kerhet<\/span><meta itemprop=\"position\" content=\"2\" \/><\/li>\t\t\t\t\t<\/ol>\r\n\t\t\t\t\t<div class=\"clearfix\"><\/div>\r\n\t\t\t\t<\/div>\r\n\t\t\t<\/div>\r\n\t\t\t\n<h1>\n\t\tTrygghet och s\u00e4kerhet\n\t<\/h1>\n\t<p>... \u00e4r det viktigaste f\u00f6r oss. S\u00e4kerhet f\u00f6r det:<\/p>\n<ul>\n<li>...dina SMS-meddelanden levereras.<\/li>\n<li>... ingen annan kan se dina textmeddelanden.<\/li>\n<li>...kan andra inte skicka SMS p\u00e5 dina v\u00e4gnar.<\/li>\n<\/ul>\n\t\t<h2>\t\n\tTillg\u00e5ng till data<\/h2><p>Endast v\u00e5ra danska beh\u00f6riga medarbetare med tystnadsplikt, anst\u00e4llda av SureSMS, har tillg\u00e5ng till dina uppgifter.<\/p>\n\t\t<h2>\t\n\tS\u00e4kerhetskopiering<\/h2><p>Vi s\u00e4kerhetskopierar kontinuerligt all data f\u00f6r att s\u00e4kerst\u00e4lla att den inte g\u00e5r f\u00f6rlorad. S\u00e4kerhetskopiorna lagras p\u00e5 olika fysiska platser och \u00e5terst\u00e4llningstiden \u00e4r testad till 2 timmar.<\/p>\n\t\t<h2>\t\n\tAutomatisk radering<\/h2><p>Vi erbjuder oss att systematiskt radera meddelanden om v\u00e5ra kunder beg\u00e4r det. Till exempel om meddelandena inneh\u00e5ller k\u00e4nslig personlig information. Detta kan st\u00e4llas in direkt fr\u00e5n v\u00e5r WEB-portal.<\/p>\n\t\t<h2>\t\n\tKryptering<\/h2><p>All kommunikation till och fr\u00e5n SureSMS \u00e4r krypterad med den senaste tekniken. Detta inneb\u00e4r att \u00f6verf\u00f6ringen alltid \u00e4r s\u00e4ker. Data som lagras hos SureSMS \u00e4r ocks\u00e5 krypterad.<\/p>\n\t\t<h2><a href=\"https:\/\/suresms.com\/sv\/om-suresms\/overvakning\/\" target=\"_self\">\t\n\t\u00d6vervakning<\/a><\/h2><p>System som h\u00e5ller ett \u00f6ga p\u00e5 system. Vi \u00f6vervakar leveranskvalitet, leveranshastighet, drifttid, tillg\u00e4nglighet och mycket mer.<\/p>\n\t\t<h2>\t\n\tDrifttid<\/h2><p>Vi garanterar en upptid p\u00e5 99,99%, men under det senaste \u00e5ret har den varit 99,998%.<\/p>","protected":false},"excerpt":{"rendered":"<p>S\u00e4kerhet ... \u00e4r det viktigaste f\u00f6r oss. S\u00e4kerhet f\u00f6r att: ... dina SMS levereras. ... ingen annan kan se dina SMS. ... ingen annan kan skicka SMS f\u00f6r din r\u00e4kning. Tillg\u00e5ng till data Endast v\u00e5ra danska beh\u00f6riga medarbetare med tystnadsplikt, anst\u00e4llda av SureSMS, har tillg\u00e5ng till ... <a title=\"Trygghet och s\u00e4kerhet\" class=\"read-more\" href=\"https:\/\/suresms.com\/sv\/om-suresms\/sikkerhed\/\" aria-label=\"L\u00e4s mer om s\u00e4kerhet\">L\u00e4s mer om det<\/a><\/p>","protected":false},"author":1,"featured_media":0,"parent":18594,"menu_order":13,"comment_status":"closed","ping_status":"closed","template":"","meta":{"_fl_builder_enabled":"1","_fl_builder_data":null,"_fl_builder_draft":null,"_fl_builder_data_settings":null,"_fl_builder_css":"","_fl_builder_css_version":"","_fl_builder_js":"","footnotes":""},"categories":[],"tags":[],"class_list":["post-1443","page","type-page","status-publish"],"yoast_head":"<!-- This site is optimized with the Yoast SEO Premium plugin v27.3 (Yoast SEO v27.3) - https:\/\/yoast.com\/product\/yoast-seo-premium-wordpress\/ -->\r\n<title>Vi g\u00f8r alt for at dine beskeder n\u00e5r frem. L\u00e6s alt om sikkerhed her.<\/title>\r\n<meta name=\"description\" content=\"Hos SureSMS er sikkerhed det vigtigste: Datasikkerhed: De allerbedste leverand\u00f8rer, SSL-kryptering af data, Co-locatede servere flere steder p\u00e5 Sj\u00e6lland.\" \/>\r\n<meta name=\"robots\" content=\"index, follow, max-snippet:-1, max-image-preview:large, max-video-preview:-1\" \/>\r\n<link rel=\"canonical\" href=\"https:\/\/suresms.com\/sv\/om-suresms\/sakerhet\/\" \/>\r\n<meta property=\"og:locale\" content=\"sv_SE\" \/>\r\n<meta property=\"og:type\" content=\"article\" \/>\r\n<meta property=\"og:title\" content=\"Sikkerhed\" \/>\r\n<meta property=\"og:description\" content=\"Hos SureSMS er sikkerhed det vigtigste: Datasikkerhed: De allerbedste leverand\u00f8rer, SSL-kryptering af data, Co-locatede servere flere steder p\u00e5 Sj\u00e6lland.\" \/>\r\n<meta property=\"og:url\" content=\"https:\/\/suresms.com\/sv\/om-suresms\/sakerhet\/\" \/>\r\n<meta property=\"article:publisher\" content=\"https:\/\/www.facebook.com\/p\/SureSMS-100044607956149\/\" \/>\r\n<meta property=\"article:modified_time\" content=\"2024-11-29T17:26:58+00:00\" \/>\r\n<meta name=\"twitter:card\" content=\"summary_large_image\" \/>\r\n<meta name=\"twitter:label1\" content=\"Ber\u00e4knad l\u00e4stid\" \/>\n\t<meta name=\"twitter:data1\" content=\"1 minut\" \/>\r\n<script type=\"application\/ld+json\" class=\"yoast-schema-graph\">{\"@context\":\"https:\\\/\\\/schema.org\",\"@graph\":[{\"@type\":\"WebPage\",\"@id\":\"https:\\\/\\\/suresms.com\\\/dk\\\/om-suresms\\\/sikkerhed\\\/\",\"url\":\"https:\\\/\\\/suresms.com\\\/dk\\\/om-suresms\\\/sikkerhed\\\/\",\"name\":\"Vi g\u00f8r alt for at dine beskeder n\u00e5r frem. L\u00e6s alt om sikkerhed her.\",\"isPartOf\":{\"@id\":\"https:\\\/\\\/suresms.com\\\/en\\\/#website\"},\"datePublished\":\"2015-12-14T14:47:20+00:00\",\"dateModified\":\"2024-11-29T17:26:58+00:00\",\"description\":\"Hos SureSMS er sikkerhed det vigtigste: Datasikkerhed: De allerbedste leverand\u00f8rer, SSL-kryptering af data, Co-locatede servere flere steder p\u00e5 Sj\u00e6lland.\",\"breadcrumb\":{\"@id\":\"https:\\\/\\\/suresms.com\\\/dk\\\/om-suresms\\\/sikkerhed\\\/#breadcrumb\"},\"inLanguage\":\"sv-SE\",\"potentialAction\":[{\"@type\":\"ReadAction\",\"target\":[\"https:\\\/\\\/suresms.com\\\/dk\\\/om-suresms\\\/sikkerhed\\\/\"]}]},{\"@type\":\"BreadcrumbList\",\"@id\":\"https:\\\/\\\/suresms.com\\\/dk\\\/om-suresms\\\/sikkerhed\\\/#breadcrumb\",\"itemListElement\":[{\"@type\":\"ListItem\",\"position\":1,\"name\":\"Home\",\"item\":\"https:\\\/\\\/suresms.com\\\/dk\\\/\"},{\"@type\":\"ListItem\",\"position\":2,\"name\":\"Om SureSMS\",\"item\":\"https:\\\/\\\/suresms.com\\\/dk\\\/om-suresms\\\/\"},{\"@type\":\"ListItem\",\"position\":3,\"name\":\"Sikkerhed\"}]},{\"@type\":\"WebSite\",\"@id\":\"https:\\\/\\\/suresms.com\\\/en\\\/#website\",\"url\":\"https:\\\/\\\/suresms.com\\\/en\\\/\",\"name\":\"SureSMS\",\"description\":\"Professionel SMS Gateway\",\"publisher\":{\"@id\":\"https:\\\/\\\/suresms.com\\\/en\\\/#organization\"},\"potentialAction\":[{\"@type\":\"SearchAction\",\"target\":{\"@type\":\"EntryPoint\",\"urlTemplate\":\"https:\\\/\\\/suresms.com\\\/en\\\/?s={search_term_string}\"},\"query-input\":{\"@type\":\"PropertyValueSpecification\",\"valueRequired\":true,\"valueName\":\"search_term_string\"}}],\"inLanguage\":\"sv-SE\"},{\"@type\":\"Organization\",\"@id\":\"https:\\\/\\\/suresms.com\\\/en\\\/#organization\",\"name\":\"SureSMS\",\"url\":\"https:\\\/\\\/suresms.com\\\/en\\\/\",\"logo\":{\"@type\":\"ImageObject\",\"inLanguage\":\"sv-SE\",\"@id\":\"https:\\\/\\\/suresms.com\\\/en\\\/#\\\/schema\\\/logo\\\/image\\\/\",\"url\":\"https:\\\/\\\/suresms.com\\\/wp-content\\\/uploads\\\/2024\\\/11\\\/suresms-300x65-1.png\",\"contentUrl\":\"https:\\\/\\\/suresms.com\\\/wp-content\\\/uploads\\\/2024\\\/11\\\/suresms-300x65-1.png\",\"width\":300,\"height\":65,\"caption\":\"SureSMS\"},\"image\":{\"@id\":\"https:\\\/\\\/suresms.com\\\/en\\\/#\\\/schema\\\/logo\\\/image\\\/\"},\"sameAs\":[\"https:\\\/\\\/www.facebook.com\\\/p\\\/SureSMS-100044607956149\\\/\"]}]}<\/script>\r\n<!-- \/ Yoast SEO Premium plugin. -->","yoast_head_json":{"title":"Vi g\u00f6r allt vi kan f\u00f6r att se till att dina meddelanden kommer fram. L\u00e4s allt om s\u00e4kerhet h\u00e4r.","description":"P\u00e5 SureSMS \u00e4r s\u00e4kerhet det viktigaste: Datas\u00e4kerhet: De allra b\u00e4sta leverant\u00f6rerna, SSL-kryptering av data, samlokaliserade servrar p\u00e5 flera platser p\u00e5 Sj\u00e4lland.","robots":{"index":"index","follow":"follow","max-snippet":"max-snippet:-1","max-image-preview":"max-image-preview:large","max-video-preview":"max-video-preview:-1"},"canonical":"https:\/\/suresms.com\/sv\/om-suresms\/sakerhet\/","og_locale":"sv_SE","og_type":"article","og_title":"Sikkerhed","og_description":"Hos SureSMS er sikkerhed det vigtigste: Datasikkerhed: De allerbedste leverand\u00f8rer, SSL-kryptering af data, Co-locatede servere flere steder p\u00e5 Sj\u00e6lland.","og_url":"https:\/\/suresms.com\/sv\/om-suresms\/sakerhet\/","article_publisher":"https:\/\/www.facebook.com\/p\/SureSMS-100044607956149\/","article_modified_time":"2024-11-29T17:26:58+00:00","twitter_card":"summary_large_image","twitter_misc":{"Ber\u00e4knad l\u00e4stid":"1 minut"},"schema":{"@context":"https:\/\/schema.org","@graph":[{"@type":"WebPage","@id":"https:\/\/suresms.com\/dk\/om-suresms\/sikkerhed\/","url":"https:\/\/suresms.com\/dk\/om-suresms\/sikkerhed\/","name":"Vi g\u00f6r allt vi kan f\u00f6r att se till att dina meddelanden kommer fram. L\u00e4s allt om s\u00e4kerhet h\u00e4r.","isPartOf":{"@id":"https:\/\/suresms.com\/en\/#website"},"datePublished":"2015-12-14T14:47:20+00:00","dateModified":"2024-11-29T17:26:58+00:00","description":"P\u00e5 SureSMS \u00e4r s\u00e4kerhet det viktigaste: Datas\u00e4kerhet: De allra b\u00e4sta leverant\u00f6rerna, SSL-kryptering av data, samlokaliserade servrar p\u00e5 flera platser p\u00e5 Sj\u00e4lland.","breadcrumb":{"@id":"https:\/\/suresms.com\/dk\/om-suresms\/sikkerhed\/#breadcrumb"},"inLanguage":"sv-SE","potentialAction":[{"@type":"ReadAction","target":["https:\/\/suresms.com\/dk\/om-suresms\/sikkerhed\/"]}]},{"@type":"BreadcrumbList","@id":"https:\/\/suresms.com\/dk\/om-suresms\/sikkerhed\/#breadcrumb","itemListElement":[{"@type":"ListItem","position":1,"name":"Home","item":"https:\/\/suresms.com\/dk\/"},{"@type":"ListItem","position":2,"name":"Om SureSMS","item":"https:\/\/suresms.com\/dk\/om-suresms\/"},{"@type":"ListItem","position":3,"name":"Sikkerhed"}]},{"@type":"WebSite","@id":"https:\/\/suresms.com\/en\/#website","url":"https:\/\/suresms.com\/en\/","name":"SureSMS","description":"Professionell SMS Gateway","publisher":{"@id":"https:\/\/suresms.com\/en\/#organization"},"potentialAction":[{"@type":"SearchAction","target":{"@type":"EntryPoint","urlTemplate":"https:\/\/suresms.com\/en\/?s={search_term_string}"},"query-input":{"@type":"PropertyValueSpecification","valueRequired":true,"valueName":"search_term_string"}}],"inLanguage":"sv-SE"},{"@type":"Organization","@id":"https:\/\/suresms.com\/en\/#organization","name":"SureSMS","url":"https:\/\/suresms.com\/en\/","logo":{"@type":"ImageObject","inLanguage":"sv-SE","@id":"https:\/\/suresms.com\/en\/#\/schema\/logo\/image\/","url":"https:\/\/suresms.com\/wp-content\/uploads\/2024\/11\/suresms-300x65-1.png","contentUrl":"https:\/\/suresms.com\/wp-content\/uploads\/2024\/11\/suresms-300x65-1.png","width":300,"height":65,"caption":"SureSMS"},"image":{"@id":"https:\/\/suresms.com\/en\/#\/schema\/logo\/image\/"},"sameAs":["https:\/\/www.facebook.com\/p\/SureSMS-100044607956149\/"]}]}},"_links":{"self":[{"href":"https:\/\/suresms.com\/sv\/wp-json\/wp\/v2\/pages\/1443","targetHints":{"allow":["GET"]}}],"collection":[{"href":"https:\/\/suresms.com\/sv\/wp-json\/wp\/v2\/pages"}],"about":[{"href":"https:\/\/suresms.com\/sv\/wp-json\/wp\/v2\/types\/page"}],"author":[{"embeddable":true,"href":"https:\/\/suresms.com\/sv\/wp-json\/wp\/v2\/users\/1"}],"replies":[{"embeddable":true,"href":"https:\/\/suresms.com\/sv\/wp-json\/wp\/v2\/comments?post=1443"}],"version-history":[{"count":2,"href":"https:\/\/suresms.com\/sv\/wp-json\/wp\/v2\/pages\/1443\/revisions"}],"predecessor-version":[{"id":19358,"href":"https:\/\/suresms.com\/sv\/wp-json\/wp\/v2\/pages\/1443\/revisions\/19358"}],"up":[{"embeddable":true,"href":"https:\/\/suresms.com\/sv\/wp-json\/wp\/v2\/pages\/18594"}],"wp:attachment":[{"href":"https:\/\/suresms.com\/sv\/wp-json\/wp\/v2\/media?parent=1443"}],"wp:term":[{"taxonomy":"category","embeddable":true,"href":"https:\/\/suresms.com\/sv\/wp-json\/wp\/v2\/categories?post=1443"},{"taxonomy":"post_tag","embeddable":true,"href":"https:\/\/suresms.com\/sv\/wp-json\/wp\/v2\/tags?post=1443"}],"curies":[{"name":"wp","href":"https:\/\/api.w.org\/{rel}","templated":true}]}}