{"id":1437,"date":"2015-12-14T16:33:49","date_gmt":"2015-12-14T14:33:49","guid":{"rendered":"https:\/\/www.suresms.com\/dk\/?page_id=1437"},"modified":"2024-12-05T15:49:04","modified_gmt":"2024-12-05T15:49:04","slug":"komplett-loggning-och-overvakning","status":"publish","type":"page","link":"https:\/\/suresms.com\/sv\/funktioner\/komplet-log-og-monitorering\/","title":{"rendered":"Komplett logg och \u00f6vervakning"},"content":{"rendered":"<!-- Flexy Breadcrumb -->\r\n\t\t\t<div class=\"fbc fbc-page\">\r\n\r\n\t\t\t\t<!-- Breadcrumb wrapper -->\r\n\t\t\t\t<div class=\"fbc-wrap\">\r\n\r\n\t\t\t\t\t<!-- Ordered list-->\r\n\t\t\t\t\t<ol class=\"fbc-items\" itemscope itemtype=\"https:\/\/schema.org\/BreadcrumbList\">\r\n\t\t\t\t\t\t            <li itemprop=\"itemListElement\" itemscope itemtype=\"https:\/\/schema.org\/ListItem\">\r\n                <span itemprop=\"name\">\r\n                    <!-- Home Link -->\r\n                    <a itemprop=\"item\" href=\"https:\/\/suresms.com\/sv\/\">\r\n                    \r\n                                                    <i class=\"fa fa-home\" aria-hidden=\"true\"><\/i>Hem                    <\/a>\r\n                <\/span>\r\n                <meta itemprop=\"position\" content=\"1\" \/><!-- Meta Position-->\r\n             <\/li><li><span class=\"fbc-separator\">\/<\/span><\/li><li class=\"active\" itemprop=\"itemListElement\" itemscope itemtype=\"https:\/\/schema.org\/ListItem\"><span itemprop=\"name\" title=\"Komplett logg och \u00f6vervakning\">Komplett logg och \u00f6vervakning<\/span><meta itemprop=\"position\" content=\"2\" \/><\/li>\t\t\t\t\t<\/ol>\r\n\t\t\t\t\t<div class=\"clearfix\"><\/div>\r\n\t\t\t\t<\/div>\r\n\t\t\t<\/div>\r\n\t\t\t\n<h1>\n\t\tSMS Utkorg\n\t<\/h1>\n\t<p>Som kund hos SureSMS loggar du in p\u00e5 v\u00e5r webbportal. H\u00e4rifr\u00e5n kan du se alla meddelanden som du har skickat (och tagit emot om du har en 2-v\u00e4gsl\u00f6sning).<\/p>\n<p>Du kan se status f\u00f6r varje meddelande. Med status menar vi att du kan se n\u00e4r meddelandet togs emot p\u00e5 v\u00e5r server, n\u00e4r vi skickade det till operat\u00f6ren och n\u00e4r operat\u00f6ren levererade det till telefonen. Med andra ord kan du alltid se exakt hur l\u00e5ngt alla dina meddelanden har f\u00e4rdats.<\/p>\n<p>Du har alltid en fullst\u00e4ndig logg \u00f6ver hur m\u00e5nga meddelanden som har skickats och vilken status de har.<\/p>\n\t<ul>\n\t\t<li>\t\t\t\t\n\t\t<h3>Se alla skickade meddelanden<\/h3><p>Du har alltid en \u00f6verblick \u00f6ver hur m\u00e5nga meddelanden du har skickat, till vem och vilken status varje meddelande har. \u00c4r det schemalagt, i k\u00f6, p\u00e5 v\u00e4g, levererat eller har leveransen misslyckats.\u00a0<\/p><\/li><li>\t\t\t\t\n\t\t<h3>Filtrera p\u00e5 status<\/h3><p>I loggen har du ocks\u00e5 m\u00f6jlighet att filtrera meddelanden efter deras status. Det inneb\u00e4r att du t.ex. kan skapa ett filter som visar alla meddelanden som har misslyckats. Du kan sedan granska dem och se till att du har r\u00e4tt nummer till dina mottagare.<\/p><\/li><li>\t\t\t\t\n\t\t<h3>Kontrollera om l\u00e4nkar \u00e4r aktiverade<\/h3><p>Om du har skickat med en l\u00e4nk eller fil i SMS-meddelandet kan du se om l\u00e4nken har \u00f6ppnats och n\u00e4r. Du kan ocks\u00e5 filtrera de meddelanden d\u00e4r l\u00e4nken har \u00f6ppnats, t.ex.\u00a0<\/p><\/li><li>\t\t\t\t\n\t\t<h3>Exportera alla dina meddelanden<\/h3><p>Om du beh\u00f6ver arbeta vidare med dina meddelanden i ett annat system kan du enkelt v\u00e4lja ut de meddelanden du vill arbeta vidare med och exportera dem till t.ex. Excel.\u00a0<\/p><\/li><li>\t\t\t\t\n\t\t<h3>Detaljer om varje meddelande<\/h3><p>Bredvid varje meddelande kan du se alla detaljer om det. Hur l\u00e5ng var den, hur mycket kostade den, n\u00e4r fick vi den, n\u00e4r levererades den till telefonen och mycket mer.\u00a0<\/p><\/li>\t<\/ul>\n\t\t<h4>Vill du skapa ett konto omedelbart? <\/h4>\n\t\t<p>Vi \u00e4r redo och v\u00e4ntar p\u00e5 att f\u00e5 v\u00e4lkomna dig som kund hos SureSMS!<\/p>\n\t\t\t<a href=\"https:\/\/suresms.com\/sv\/skapa-sms-gateway-konto\/\" target=\"_self\">\n\t\t\t\t\t\t\tSkapa ett SureSMS-konto!\n\t\t\t\t\t<\/a>\n\t\t<h4>Best\u00e4ll en 2-v\u00e4gs l\u00f6sning!<\/h4>\n\t\t<p>Har du redan ett konto? Best\u00e4ll en 2-v\u00e4gsl\u00f6sning och f\u00e5 de extra alternativ som din egen l\u00f6sning erbjuder.<\/p>\n\t\t\t<a href=\"https:\/\/suresms.com\/sv\/bestall-2-vags-lossning\/\" target=\"_self\">\n\t\t\t\t\t\t\tBest\u00e4ll 2-v\u00e4gs l\u00f6sning\n\t\t\t\t\t<\/a>\n\t<h4><strong>H\u00e4r kan du l\u00e4sa n\u00e5gra exempel p\u00e5 hur v\u00e5ra kunder idag f\u00e5r ut v\u00e4rde av v\u00e5r Log and Reporting-modul:<\/strong><\/h4>\n\n<ul> \t\n<li>En av v\u00e5ra kunder \u00e4r <strong>\u00c5terf\u00f6rs\u00e4ljare av SMS<\/strong>. Varje kvartal h\u00e4mtar han ett utdrag av de meddelanden som hans kunder har skickat via v\u00e5r Gateway. Han kan sedan enkelt sortera sms:en efter avs\u00e4ndare och fakturera varje kund efter anv\u00e4ndning. Detta sparar p\u00e5 administrationen.<\/li>\n\n<li><strong>En bilhandlare<\/strong>anv\u00e4nder v\u00e5r rapporteringsmodul varje m\u00e5nad f\u00f6r att skapa ett utdrag \u00f6ver hur m\u00e5nga SMS var och en av hans s\u00e4ljare har skickat. P\u00e5 s\u00e5 s\u00e4tt kan han se vilka av hans anst\u00e4llda som \u00e4r mest aktiva n\u00e4r det g\u00e4ller kundkontakt via SMS. Ju fler aktiva s\u00e4ljare, desto mer f\u00f6rs\u00e4ljning.<\/li>\n\n<li>Och m\u00e5nga av v\u00e5ra kunder anv\u00e4nder det f\u00f6r att dubbelkolla att antalet meddelanden som de har skickat st\u00e4mmer \u00f6verens med det antal som deras eget system s\u00e4ger att de har skickat. P\u00e5 s\u00e5 s\u00e4tt kan de vara s\u00e4kra p\u00e5 att<strong> kvaliteten \u00e4r bra<\/strong>.<\/li>\n<\/ul>","protected":false},"excerpt":{"rendered":"<p>SMS Outbox Som kund hos SureSMS loggar du in p\u00e5 v\u00e5r webbportal. H\u00e4r kan du se alla meddelanden du har skickat (och tagit emot om du har en 2-v\u00e4gsl\u00f6sning). Du kan se status f\u00f6r varje meddelande. Med status menar vi att du kan se n\u00e4r meddelandet togs emot p\u00e5 v\u00e5r server, ... <a title=\"Komplett logg och \u00f6vervakning\" class=\"read-more\" href=\"https:\/\/suresms.com\/sv\/funktioner\/komplet-log-og-monitorering\/\" aria-label=\"L\u00e4s mer om komplett loggning och \u00f6vervakning\">L\u00e4s mer om det<\/a><\/p>","protected":false},"author":1,"featured_media":0,"parent":958,"menu_order":14,"comment_status":"closed","ping_status":"closed","template":"","meta":{"_fl_builder_enabled":"1","_fl_builder_data":null,"_fl_builder_draft":null,"_fl_builder_data_settings":null,"_fl_builder_css":"","_fl_builder_css_version":"","_fl_builder_js":"","footnotes":""},"categories":[17],"tags":[],"class_list":{"0":"post-1437","1":"page","2":"type-page","3":"status-publish","5":"category-linkfracornorstone"},"yoast_head":"<!-- This site is optimized with the Yoast SEO Premium plugin v27.3 (Yoast SEO v27.3) - https:\/\/yoast.com\/product\/yoast-seo-premium-wordpress\/ -->\r\n<title>SMS log | F\u00e5 styr p\u00e5 firmaets SMS med sms log fra SureSMS \u2713<\/title>\r\n<meta name=\"description\" content=\"F\u00e5 overblik over dine sendte beskeder hos SureSMS med SMS log, monitorering og overblik via vores rapporteringsmodul. Abonnement 0,-- Betal kun pr. SMS.\" \/>\r\n<meta name=\"robots\" content=\"index, follow, max-snippet:-1, max-image-preview:large, max-video-preview:-1\" \/>\r\n<link rel=\"canonical\" href=\"https:\/\/suresms.com\/sv\/funktioner\/komplett-loggning-och-overvakning\/\" \/>\r\n<meta property=\"og:locale\" content=\"sv_SE\" \/>\r\n<meta property=\"og:type\" content=\"article\" \/>\r\n<meta property=\"og:title\" content=\"Komplet log og monitorering\" \/>\r\n<meta property=\"og:description\" content=\"F\u00e5 overblik over dine sendte beskeder hos SureSMS med SMS log, monitorering og overblik via vores rapporteringsmodul. Abonnement 0,-- Betal kun pr. SMS.\" \/>\r\n<meta property=\"og:url\" content=\"https:\/\/suresms.com\/sv\/funktioner\/komplett-loggning-och-overvakning\/\" \/>\r\n<meta property=\"article:publisher\" content=\"https:\/\/www.facebook.com\/p\/SureSMS-100044607956149\/\" \/>\r\n<meta property=\"article:modified_time\" content=\"2024-12-05T15:49:04+00:00\" \/>\r\n<meta name=\"twitter:card\" content=\"summary_large_image\" \/>\r\n<meta name=\"twitter:label1\" content=\"Ber\u00e4knad l\u00e4stid\" \/>\n\t<meta name=\"twitter:data1\" content=\"7 minuter\" \/>\r\n<script type=\"application\/ld+json\" class=\"yoast-schema-graph\">{\"@context\":\"https:\\\/\\\/schema.org\",\"@graph\":[{\"@type\":\"WebPage\",\"@id\":\"https:\\\/\\\/suresms.com\\\/dk\\\/funktioner\\\/komplet-log-og-monitorering\\\/\",\"url\":\"https:\\\/\\\/suresms.com\\\/dk\\\/funktioner\\\/komplet-log-og-monitorering\\\/\",\"name\":\"SMS log | F\u00e5 styr p\u00e5 firmaets SMS med sms log fra SureSMS \u2713\",\"isPartOf\":{\"@id\":\"https:\\\/\\\/suresms.com\\\/en\\\/#website\"},\"datePublished\":\"2015-12-14T14:33:49+00:00\",\"dateModified\":\"2024-12-05T15:49:04+00:00\",\"description\":\"F\u00e5 overblik over dine sendte beskeder hos SureSMS med SMS log, monitorering og overblik via vores rapporteringsmodul. Abonnement 0,-- Betal kun pr. SMS.\",\"breadcrumb\":{\"@id\":\"https:\\\/\\\/suresms.com\\\/dk\\\/funktioner\\\/komplet-log-og-monitorering\\\/#breadcrumb\"},\"inLanguage\":\"sv-SE\",\"potentialAction\":[{\"@type\":\"ReadAction\",\"target\":[\"https:\\\/\\\/suresms.com\\\/dk\\\/funktioner\\\/komplet-log-og-monitorering\\\/\"]}]},{\"@type\":\"BreadcrumbList\",\"@id\":\"https:\\\/\\\/suresms.com\\\/dk\\\/funktioner\\\/komplet-log-og-monitorering\\\/#breadcrumb\",\"itemListElement\":[{\"@type\":\"ListItem\",\"position\":1,\"name\":\"Home\",\"item\":\"https:\\\/\\\/suresms.com\\\/dk\\\/\"},{\"@type\":\"ListItem\",\"position\":2,\"name\":\"Funktioner\",\"item\":\"https:\\\/\\\/suresms.com\\\/dk\\\/funktioner\\\/\"},{\"@type\":\"ListItem\",\"position\":3,\"name\":\"Komplet log og monitorering\"}]},{\"@type\":\"WebSite\",\"@id\":\"https:\\\/\\\/suresms.com\\\/en\\\/#website\",\"url\":\"https:\\\/\\\/suresms.com\\\/en\\\/\",\"name\":\"SureSMS\",\"description\":\"Professionel SMS Gateway\",\"publisher\":{\"@id\":\"https:\\\/\\\/suresms.com\\\/en\\\/#organization\"},\"potentialAction\":[{\"@type\":\"SearchAction\",\"target\":{\"@type\":\"EntryPoint\",\"urlTemplate\":\"https:\\\/\\\/suresms.com\\\/en\\\/?s={search_term_string}\"},\"query-input\":{\"@type\":\"PropertyValueSpecification\",\"valueRequired\":true,\"valueName\":\"search_term_string\"}}],\"inLanguage\":\"sv-SE\"},{\"@type\":\"Organization\",\"@id\":\"https:\\\/\\\/suresms.com\\\/en\\\/#organization\",\"name\":\"SureSMS\",\"url\":\"https:\\\/\\\/suresms.com\\\/en\\\/\",\"logo\":{\"@type\":\"ImageObject\",\"inLanguage\":\"sv-SE\",\"@id\":\"https:\\\/\\\/suresms.com\\\/en\\\/#\\\/schema\\\/logo\\\/image\\\/\",\"url\":\"https:\\\/\\\/suresms.com\\\/wp-content\\\/uploads\\\/2024\\\/11\\\/suresms-300x65-1.png\",\"contentUrl\":\"https:\\\/\\\/suresms.com\\\/wp-content\\\/uploads\\\/2024\\\/11\\\/suresms-300x65-1.png\",\"width\":300,\"height\":65,\"caption\":\"SureSMS\"},\"image\":{\"@id\":\"https:\\\/\\\/suresms.com\\\/en\\\/#\\\/schema\\\/logo\\\/image\\\/\"},\"sameAs\":[\"https:\\\/\\\/www.facebook.com\\\/p\\\/SureSMS-100044607956149\\\/\"]}]}<\/script>\r\n<!-- \/ Yoast SEO Premium plugin. -->","yoast_head_json":{"title":"SMS-logg | H\u00e5ll koll p\u00e5 f\u00f6retagets SMS med SMS-logg fr\u00e5n SureSMS \u2713 SureSMS","description":"F\u00e5 en \u00f6verblick \u00f6ver dina skickade meddelanden med SureSMS med SMS-logg, \u00f6vervakning och \u00f6versikt via v\u00e5r rapporteringsmodul. Prenumeration 0,-- Betala endast per SMS.","robots":{"index":"index","follow":"follow","max-snippet":"max-snippet:-1","max-image-preview":"max-image-preview:large","max-video-preview":"max-video-preview:-1"},"canonical":"https:\/\/suresms.com\/sv\/funktioner\/komplett-loggning-och-overvakning\/","og_locale":"sv_SE","og_type":"article","og_title":"Komplet log og monitorering","og_description":"F\u00e5 overblik over dine sendte beskeder hos SureSMS med SMS log, monitorering og overblik via vores rapporteringsmodul. Abonnement 0,-- Betal kun pr. SMS.","og_url":"https:\/\/suresms.com\/sv\/funktioner\/komplett-loggning-och-overvakning\/","article_publisher":"https:\/\/www.facebook.com\/p\/SureSMS-100044607956149\/","article_modified_time":"2024-12-05T15:49:04+00:00","twitter_card":"summary_large_image","twitter_misc":{"Ber\u00e4knad l\u00e4stid":"7 minuter"},"schema":{"@context":"https:\/\/schema.org","@graph":[{"@type":"WebPage","@id":"https:\/\/suresms.com\/dk\/funktioner\/komplet-log-og-monitorering\/","url":"https:\/\/suresms.com\/dk\/funktioner\/komplet-log-og-monitorering\/","name":"SMS-logg | H\u00e5ll koll p\u00e5 f\u00f6retagets SMS med SMS-logg fr\u00e5n SureSMS \u2713 SureSMS","isPartOf":{"@id":"https:\/\/suresms.com\/en\/#website"},"datePublished":"2015-12-14T14:33:49+00:00","dateModified":"2024-12-05T15:49:04+00:00","description":"F\u00e5 en \u00f6verblick \u00f6ver dina skickade meddelanden med SureSMS med SMS-logg, \u00f6vervakning och \u00f6versikt via v\u00e5r rapporteringsmodul. Prenumeration 0,-- Betala endast per SMS.","breadcrumb":{"@id":"https:\/\/suresms.com\/dk\/funktioner\/komplet-log-og-monitorering\/#breadcrumb"},"inLanguage":"sv-SE","potentialAction":[{"@type":"ReadAction","target":["https:\/\/suresms.com\/dk\/funktioner\/komplet-log-og-monitorering\/"]}]},{"@type":"BreadcrumbList","@id":"https:\/\/suresms.com\/dk\/funktioner\/komplet-log-og-monitorering\/#breadcrumb","itemListElement":[{"@type":"ListItem","position":1,"name":"Home","item":"https:\/\/suresms.com\/dk\/"},{"@type":"ListItem","position":2,"name":"Funktioner","item":"https:\/\/suresms.com\/dk\/funktioner\/"},{"@type":"ListItem","position":3,"name":"Komplet log og monitorering"}]},{"@type":"WebSite","@id":"https:\/\/suresms.com\/en\/#website","url":"https:\/\/suresms.com\/en\/","name":"SureSMS","description":"Professionell SMS Gateway","publisher":{"@id":"https:\/\/suresms.com\/en\/#organization"},"potentialAction":[{"@type":"SearchAction","target":{"@type":"EntryPoint","urlTemplate":"https:\/\/suresms.com\/en\/?s={search_term_string}"},"query-input":{"@type":"PropertyValueSpecification","valueRequired":true,"valueName":"search_term_string"}}],"inLanguage":"sv-SE"},{"@type":"Organization","@id":"https:\/\/suresms.com\/en\/#organization","name":"SureSMS","url":"https:\/\/suresms.com\/en\/","logo":{"@type":"ImageObject","inLanguage":"sv-SE","@id":"https:\/\/suresms.com\/en\/#\/schema\/logo\/image\/","url":"https:\/\/suresms.com\/wp-content\/uploads\/2024\/11\/suresms-300x65-1.png","contentUrl":"https:\/\/suresms.com\/wp-content\/uploads\/2024\/11\/suresms-300x65-1.png","width":300,"height":65,"caption":"SureSMS"},"image":{"@id":"https:\/\/suresms.com\/en\/#\/schema\/logo\/image\/"},"sameAs":["https:\/\/www.facebook.com\/p\/SureSMS-100044607956149\/"]}]}},"_links":{"self":[{"href":"https:\/\/suresms.com\/sv\/wp-json\/wp\/v2\/pages\/1437","targetHints":{"allow":["GET"]}}],"collection":[{"href":"https:\/\/suresms.com\/sv\/wp-json\/wp\/v2\/pages"}],"about":[{"href":"https:\/\/suresms.com\/sv\/wp-json\/wp\/v2\/types\/page"}],"author":[{"embeddable":true,"href":"https:\/\/suresms.com\/sv\/wp-json\/wp\/v2\/users\/1"}],"replies":[{"embeddable":true,"href":"https:\/\/suresms.com\/sv\/wp-json\/wp\/v2\/comments?post=1437"}],"version-history":[{"count":1,"href":"https:\/\/suresms.com\/sv\/wp-json\/wp\/v2\/pages\/1437\/revisions"}],"predecessor-version":[{"id":19453,"href":"https:\/\/suresms.com\/sv\/wp-json\/wp\/v2\/pages\/1437\/revisions\/19453"}],"up":[{"embeddable":true,"href":"https:\/\/suresms.com\/sv\/wp-json\/wp\/v2\/pages\/958"}],"wp:attachment":[{"href":"https:\/\/suresms.com\/sv\/wp-json\/wp\/v2\/media?parent=1437"}],"wp:term":[{"taxonomy":"category","embeddable":true,"href":"https:\/\/suresms.com\/sv\/wp-json\/wp\/v2\/categories?post=1437"},{"taxonomy":"post_tag","embeddable":true,"href":"https:\/\/suresms.com\/sv\/wp-json\/wp\/v2\/tags?post=1437"}],"curies":[{"name":"wp","href":"https:\/\/api.w.org\/{rel}","templated":true}]}}