{"id":1426,"date":"2015-12-14T16:21:44","date_gmt":"2015-12-14T14:21:44","guid":{"rendered":"https:\/\/www.suresms.com\/dk\/?page_id=1426"},"modified":"2024-12-05T15:51:28","modified_gmt":"2024-12-05T15:51:28","slug":"webbregistreringsformular","status":"publish","type":"page","link":"https:\/\/suresms.com\/sv\/funktioner\/web-tilmeldingsformular\/","title":{"rendered":"WEB-registreringsformul\u00e4r"},"content":{"rendered":"<!-- Flexy Breadcrumb -->\r\n\t\t\t<div class=\"fbc fbc-page\">\r\n\r\n\t\t\t\t<!-- Breadcrumb wrapper -->\r\n\t\t\t\t<div class=\"fbc-wrap\">\r\n\r\n\t\t\t\t\t<!-- Ordered list-->\r\n\t\t\t\t\t<ol class=\"fbc-items\" itemscope itemtype=\"https:\/\/schema.org\/BreadcrumbList\">\r\n\t\t\t\t\t\t            <li itemprop=\"itemListElement\" itemscope itemtype=\"https:\/\/schema.org\/ListItem\">\r\n                <span itemprop=\"name\">\r\n                    <!-- Home Link -->\r\n                    <a itemprop=\"item\" href=\"https:\/\/suresms.com\/sv\/\">\r\n                    \r\n                                                    <i class=\"fa fa-home\" aria-hidden=\"true\"><\/i>Hem                    <\/a>\r\n                <\/span>\r\n                <meta itemprop=\"position\" content=\"1\" \/><!-- Meta Position-->\r\n             <\/li><li><span class=\"fbc-separator\">\/<\/span><\/li><li class=\"active\" itemprop=\"itemListElement\" itemscope itemtype=\"https:\/\/schema.org\/ListItem\"><span itemprop=\"name\" title=\"WEB-registreringsformul\u00e4r\">WEB-registreringsformul\u00e4r<\/span><meta itemprop=\"position\" content=\"2\" \/><\/li>\t\t\t\t\t<\/ol>\r\n\t\t\t\t\t<div class=\"clearfix\"><\/div>\r\n\t\t\t\t<\/div>\r\n\t\t\t<\/div>\r\n\t\t\t\n<h1>\n\t\tEnkla anm\u00e4lningslistor\n\t<\/h1>\n\t<p>N\u00e4r du har skapat en grupp i SureSMS m\u00e5ste det ocks\u00e5 finnas mottagare i gruppen. Kanske har du dem i ett annat system och du kan l\u00e4sa in dem via en CSV-fil. Kanske har du dem p\u00e5 post-it-lappar och m\u00e5ste b\u00f6rja skriva. Men det finns ett enklare s\u00e4tt.<\/p>\n<p>Om du g\u00e5r till menyn Adressbok - Grupper och v\u00e4ljer gruppen kan du se l\u00e4ngst ned p\u00e5 sk\u00e4rmen hur du l\u00e4gger till personer i grupper.<\/p>\n<p>Det kan du g\u00f6ra via QR-kod, SMS, e-post och via ett webbformul\u00e4r.<\/p>\n<p>Genom denna enkla l\u00e4nk kan medlemmar, kunder och v\u00e4nner anm\u00e4la sig till listor, nyhetsbrev, kundklubbar, evenemang ... M\u00f6jligheterna \u00e4r o\u00e4ndliga. De skriver bara in sitt nummer och trycker p\u00e5 \"Prenumerera\" eller \"Avsluta prenumeration\". De f\u00e5r sedan ett SMS med en pinkod f\u00f6r att aktivera sin prenumeration p\u00e5 listan. N\u00e4r den \u00e4r inmatad \u00e4r man prenumerant\/avprenumerant p\u00e5 gruppen.<\/p>\n<p>F\u00f6rfarandet \u00e4r enkelt och sker automatiskt, utan att du beh\u00f6ver \u00e4gna dig \u00e5t att skriva, klistra in eller annat administrativt arbete.<\/p>\n<p>P\u00e5 s\u00e5 s\u00e4tt \u00e4r det v\u00e4ldigt l\u00e4tt att f\u00e5 m\u00e5nga att anm\u00e4la sig.<\/p>\n\t<ul>\n\t\t<li>\t\t\t\t\n\t\t<h3>Ta emot anm\u00e4lan via SMS<\/h3><p>Du kan skicka ett SMS till ett nummer med ditt personliga nyckelord. Anv\u00e4ndaren l\u00e4ggs d\u00e5 automatiskt till i listan.\u00a0<\/p><\/li><li>\t\t\t\t\n\t\t<h3>Ta emot registrering via QR-kod<\/h3><p>Du kan skriva ut en QR-kod och s\u00e4tta den p\u00e5 kassaregistret. Dina kunder kan sedan anm\u00e4la sig till din SMS-lista medan de v\u00e4ntar p\u00e5 att du ska sl\u00e5 in deras varor.<\/p><\/li><li>\t\t\t\t\n\t\t<h3>Ta emot registrering via WEB-formul\u00e4r<\/h3><p>Infoga enkelt en l\u00e4nk p\u00e5 din egen sida med ett anm\u00e4lningsformul\u00e4r. Du kan till och med utforma den med en CSS som matchar.\u00a0<\/p><\/li><li>\t\t\t\t\n\t\t<h3>L\u00e4gg till extra information<\/h3><p>Om du vill samla in ytterligare information i formul\u00e4ret, t.ex. vilken storlek de har, vilken butik de har registrerat sig f\u00f6r eller n\u00e5got annat, \u00e4r det ocks\u00e5 m\u00f6jligt.\u00a0<\/p><\/li>\t<\/ul>\n\t\t<h4>Vill du skapa ett konto omedelbart? <\/h4>\n\t\t<p>Vi \u00e4r redo och v\u00e4ntar p\u00e5 att f\u00e5 v\u00e4lkomna dig som kund hos SureSMS!<\/p>\n\t\t\t<a href=\"https:\/\/suresms.com\/sv\/skapa-sms-gateway-konto\/\" target=\"_self\">\n\t\t\t\t\t\t\tSkapa ett SureSMS-konto!\n\t\t\t\t\t<\/a>\n\t\t<h4>Best\u00e4ll en 2-v\u00e4gs l\u00f6sning!<\/h4>\n\t\t<p>Har du redan ett konto? Best\u00e4ll en 2-v\u00e4gsl\u00f6sning och f\u00e5 de extra alternativ som din egen l\u00f6sning erbjuder.<\/p>\n\t\t\t<a href=\"https:\/\/suresms.com\/sv\/bestall-2-vags-lossning\/\" target=\"_self\">\n\t\t\t\t\t\t\tBest\u00e4ll 2-v\u00e4gs l\u00f6sning\n\t\t\t\t\t<\/a>","protected":false},"excerpt":{"rendered":"<p>Enkla anm\u00e4lningslistor N\u00e4r du har skapat en grupp i SureSMS m\u00e5ste det ocks\u00e5 finnas n\u00e5gra mottagare i gruppen. Kanske har du dem i ett annat system och du kan l\u00e4sa in dem via en CSV-fil. Kanske har du dem p\u00e5 post-it-lappar och beh\u00f6ver b\u00f6rja skriva... <a title=\"WEB-registreringsformul\u00e4r\" class=\"read-more\" href=\"https:\/\/suresms.com\/sv\/funktioner\/web-tilmeldingsformular\/\" aria-label=\"L\u00e4s mer om WEB-registreringsformul\u00e4r\">L\u00e4s mer om det<\/a><\/p>","protected":false},"author":1,"featured_media":0,"parent":958,"menu_order":13,"comment_status":"closed","ping_status":"closed","template":"","meta":{"_fl_builder_enabled":"1","_fl_builder_data":null,"_fl_builder_draft":null,"_fl_builder_data_settings":null,"_fl_builder_css":"","_fl_builder_css_version":"","_fl_builder_js":"","footnotes":""},"categories":[17],"tags":[],"class_list":{"0":"post-1426","1":"page","2":"type-page","3":"status-publish","5":"category-linkfracornorstone"},"yoast_head":"<!-- This site is optimized with the Yoast SEO Premium plugin v27.3 (Yoast SEO v27.3) - https:\/\/yoast.com\/product\/yoast-seo-premium-wordpress\/ -->\r\n<title>Nem tilmelding til lister Lav webtilmeldingsformular p\u00e5 website<\/title>\r\n<meta name=\"description\" content=\"Opret tilmeldingsformular til dinegruppe-SMS&#039;er p\u00e5 dit website. Lad brugere selv tilmelde sig grupper. Gratis funktion SureSMS gruppeSMS. Kun 18 \u00f8re \/ SMS\" \/>\r\n<meta name=\"robots\" content=\"index, follow, max-snippet:-1, max-image-preview:large, max-video-preview:-1\" \/>\r\n<link rel=\"canonical\" href=\"https:\/\/suresms.com\/sv\/funktioner\/webbregistreringsformular\/\" \/>\r\n<meta property=\"og:locale\" content=\"sv_SE\" \/>\r\n<meta property=\"og:type\" content=\"article\" \/>\r\n<meta property=\"og:title\" content=\"WEB tilmeldingsformular\" \/>\r\n<meta property=\"og:description\" content=\"Opret tilmeldingsformular til dinegruppe-SMS&#039;er p\u00e5 dit website. Lad brugere selv tilmelde sig grupper. Gratis funktion SureSMS gruppeSMS. Kun 18 \u00f8re \/ SMS\" \/>\r\n<meta property=\"og:url\" content=\"https:\/\/suresms.com\/sv\/funktioner\/webbregistreringsformular\/\" \/>\r\n<meta property=\"article:publisher\" content=\"https:\/\/www.facebook.com\/p\/SureSMS-100044607956149\/\" \/>\r\n<meta property=\"article:modified_time\" content=\"2024-12-05T15:51:28+00:00\" \/>\r\n<meta name=\"twitter:card\" content=\"summary_large_image\" \/>\r\n<meta name=\"twitter:label1\" content=\"Ber\u00e4knad l\u00e4stid\" \/>\n\t<meta name=\"twitter:data1\" content=\"2 minuter\" \/>\r\n<script type=\"application\/ld+json\" class=\"yoast-schema-graph\">{\"@context\":\"https:\\\/\\\/schema.org\",\"@graph\":[{\"@type\":\"WebPage\",\"@id\":\"https:\\\/\\\/suresms.com\\\/dk\\\/funktioner\\\/web-tilmeldingsformular\\\/\",\"url\":\"https:\\\/\\\/suresms.com\\\/dk\\\/funktioner\\\/web-tilmeldingsformular\\\/\",\"name\":\"Nem tilmelding til lister Lav webtilmeldingsformular p\u00e5 website\",\"isPartOf\":{\"@id\":\"https:\\\/\\\/suresms.com\\\/en\\\/#website\"},\"datePublished\":\"2015-12-14T14:21:44+00:00\",\"dateModified\":\"2024-12-05T15:51:28+00:00\",\"description\":\"Opret tilmeldingsformular til dinegruppe-SMS'er p\u00e5 dit website. Lad brugere selv tilmelde sig grupper. Gratis funktion SureSMS gruppeSMS. Kun 18 \u00f8re \\\/ SMS\",\"breadcrumb\":{\"@id\":\"https:\\\/\\\/suresms.com\\\/dk\\\/funktioner\\\/web-tilmeldingsformular\\\/#breadcrumb\"},\"inLanguage\":\"sv-SE\",\"potentialAction\":[{\"@type\":\"ReadAction\",\"target\":[\"https:\\\/\\\/suresms.com\\\/dk\\\/funktioner\\\/web-tilmeldingsformular\\\/\"]}]},{\"@type\":\"BreadcrumbList\",\"@id\":\"https:\\\/\\\/suresms.com\\\/dk\\\/funktioner\\\/web-tilmeldingsformular\\\/#breadcrumb\",\"itemListElement\":[{\"@type\":\"ListItem\",\"position\":1,\"name\":\"Home\",\"item\":\"https:\\\/\\\/suresms.com\\\/dk\\\/\"},{\"@type\":\"ListItem\",\"position\":2,\"name\":\"Funktioner\",\"item\":\"https:\\\/\\\/suresms.com\\\/dk\\\/funktioner\\\/\"},{\"@type\":\"ListItem\",\"position\":3,\"name\":\"WEB tilmeldingsformular\"}]},{\"@type\":\"WebSite\",\"@id\":\"https:\\\/\\\/suresms.com\\\/en\\\/#website\",\"url\":\"https:\\\/\\\/suresms.com\\\/en\\\/\",\"name\":\"SureSMS\",\"description\":\"Professionel SMS Gateway\",\"publisher\":{\"@id\":\"https:\\\/\\\/suresms.com\\\/en\\\/#organization\"},\"potentialAction\":[{\"@type\":\"SearchAction\",\"target\":{\"@type\":\"EntryPoint\",\"urlTemplate\":\"https:\\\/\\\/suresms.com\\\/en\\\/?s={search_term_string}\"},\"query-input\":{\"@type\":\"PropertyValueSpecification\",\"valueRequired\":true,\"valueName\":\"search_term_string\"}}],\"inLanguage\":\"sv-SE\"},{\"@type\":\"Organization\",\"@id\":\"https:\\\/\\\/suresms.com\\\/en\\\/#organization\",\"name\":\"SureSMS\",\"url\":\"https:\\\/\\\/suresms.com\\\/en\\\/\",\"logo\":{\"@type\":\"ImageObject\",\"inLanguage\":\"sv-SE\",\"@id\":\"https:\\\/\\\/suresms.com\\\/en\\\/#\\\/schema\\\/logo\\\/image\\\/\",\"url\":\"https:\\\/\\\/suresms.com\\\/wp-content\\\/uploads\\\/2024\\\/11\\\/suresms-300x65-1.png\",\"contentUrl\":\"https:\\\/\\\/suresms.com\\\/wp-content\\\/uploads\\\/2024\\\/11\\\/suresms-300x65-1.png\",\"width\":300,\"height\":65,\"caption\":\"SureSMS\"},\"image\":{\"@id\":\"https:\\\/\\\/suresms.com\\\/en\\\/#\\\/schema\\\/logo\\\/image\\\/\"},\"sameAs\":[\"https:\\\/\\\/www.facebook.com\\\/p\\\/SureSMS-100044607956149\\\/\"]}]}<\/script>\r\n<!-- \/ Yoast SEO Premium plugin. -->","yoast_head_json":{"title":"Enkel anm\u00e4lan till listor Skapa webbformul\u00e4r f\u00f6r anm\u00e4lan p\u00e5 webbplatsen","description":"Skapa ett anm\u00e4lningsformul\u00e4r f\u00f6r din grupp-SMS p\u00e5 din webbplats. L\u00e5t anv\u00e4ndarna sj\u00e4lva anm\u00e4la sig till grupper. Gratis SureSMS grupp SMS-funktion. Endast 18 \u00f6re \/ SMS","robots":{"index":"index","follow":"follow","max-snippet":"max-snippet:-1","max-image-preview":"max-image-preview:large","max-video-preview":"max-video-preview:-1"},"canonical":"https:\/\/suresms.com\/sv\/funktioner\/webbregistreringsformular\/","og_locale":"sv_SE","og_type":"article","og_title":"WEB tilmeldingsformular","og_description":"Opret tilmeldingsformular til dinegruppe-SMS'er p\u00e5 dit website. Lad brugere selv tilmelde sig grupper. Gratis funktion SureSMS gruppeSMS. Kun 18 \u00f8re \/ SMS","og_url":"https:\/\/suresms.com\/sv\/funktioner\/webbregistreringsformular\/","article_publisher":"https:\/\/www.facebook.com\/p\/SureSMS-100044607956149\/","article_modified_time":"2024-12-05T15:51:28+00:00","twitter_card":"summary_large_image","twitter_misc":{"Ber\u00e4knad l\u00e4stid":"2 minuter"},"schema":{"@context":"https:\/\/schema.org","@graph":[{"@type":"WebPage","@id":"https:\/\/suresms.com\/dk\/funktioner\/web-tilmeldingsformular\/","url":"https:\/\/suresms.com\/dk\/funktioner\/web-tilmeldingsformular\/","name":"Enkel anm\u00e4lan till listor Skapa webbformul\u00e4r f\u00f6r anm\u00e4lan p\u00e5 webbplatsen","isPartOf":{"@id":"https:\/\/suresms.com\/en\/#website"},"datePublished":"2015-12-14T14:21:44+00:00","dateModified":"2024-12-05T15:51:28+00:00","description":"Skapa ett anm\u00e4lningsformul\u00e4r f\u00f6r din grupp-SMS p\u00e5 din webbplats. L\u00e5t anv\u00e4ndarna sj\u00e4lva anm\u00e4la sig till grupper. Gratis SureSMS grupp SMS-funktion. Endast 18 \u00f6re \/ SMS","breadcrumb":{"@id":"https:\/\/suresms.com\/dk\/funktioner\/web-tilmeldingsformular\/#breadcrumb"},"inLanguage":"sv-SE","potentialAction":[{"@type":"ReadAction","target":["https:\/\/suresms.com\/dk\/funktioner\/web-tilmeldingsformular\/"]}]},{"@type":"BreadcrumbList","@id":"https:\/\/suresms.com\/dk\/funktioner\/web-tilmeldingsformular\/#breadcrumb","itemListElement":[{"@type":"ListItem","position":1,"name":"Home","item":"https:\/\/suresms.com\/dk\/"},{"@type":"ListItem","position":2,"name":"Funktioner","item":"https:\/\/suresms.com\/dk\/funktioner\/"},{"@type":"ListItem","position":3,"name":"WEB tilmeldingsformular"}]},{"@type":"WebSite","@id":"https:\/\/suresms.com\/en\/#website","url":"https:\/\/suresms.com\/en\/","name":"SureSMS","description":"Professionell SMS Gateway","publisher":{"@id":"https:\/\/suresms.com\/en\/#organization"},"potentialAction":[{"@type":"SearchAction","target":{"@type":"EntryPoint","urlTemplate":"https:\/\/suresms.com\/en\/?s={search_term_string}"},"query-input":{"@type":"PropertyValueSpecification","valueRequired":true,"valueName":"search_term_string"}}],"inLanguage":"sv-SE"},{"@type":"Organization","@id":"https:\/\/suresms.com\/en\/#organization","name":"SureSMS","url":"https:\/\/suresms.com\/en\/","logo":{"@type":"ImageObject","inLanguage":"sv-SE","@id":"https:\/\/suresms.com\/en\/#\/schema\/logo\/image\/","url":"https:\/\/suresms.com\/wp-content\/uploads\/2024\/11\/suresms-300x65-1.png","contentUrl":"https:\/\/suresms.com\/wp-content\/uploads\/2024\/11\/suresms-300x65-1.png","width":300,"height":65,"caption":"SureSMS"},"image":{"@id":"https:\/\/suresms.com\/en\/#\/schema\/logo\/image\/"},"sameAs":["https:\/\/www.facebook.com\/p\/SureSMS-100044607956149\/"]}]}},"_links":{"self":[{"href":"https:\/\/suresms.com\/sv\/wp-json\/wp\/v2\/pages\/1426","targetHints":{"allow":["GET"]}}],"collection":[{"href":"https:\/\/suresms.com\/sv\/wp-json\/wp\/v2\/pages"}],"about":[{"href":"https:\/\/suresms.com\/sv\/wp-json\/wp\/v2\/types\/page"}],"author":[{"embeddable":true,"href":"https:\/\/suresms.com\/sv\/wp-json\/wp\/v2\/users\/1"}],"replies":[{"embeddable":true,"href":"https:\/\/suresms.com\/sv\/wp-json\/wp\/v2\/comments?post=1426"}],"version-history":[{"count":4,"href":"https:\/\/suresms.com\/sv\/wp-json\/wp\/v2\/pages\/1426\/revisions"}],"predecessor-version":[{"id":19462,"href":"https:\/\/suresms.com\/sv\/wp-json\/wp\/v2\/pages\/1426\/revisions\/19462"}],"up":[{"embeddable":true,"href":"https:\/\/suresms.com\/sv\/wp-json\/wp\/v2\/pages\/958"}],"wp:attachment":[{"href":"https:\/\/suresms.com\/sv\/wp-json\/wp\/v2\/media?parent=1426"}],"wp:term":[{"taxonomy":"category","embeddable":true,"href":"https:\/\/suresms.com\/sv\/wp-json\/wp\/v2\/categories?post=1426"},{"taxonomy":"post_tag","embeddable":true,"href":"https:\/\/suresms.com\/sv\/wp-json\/wp\/v2\/tags?post=1426"}],"curies":[{"name":"wp","href":"https:\/\/api.w.org\/{rel}","templated":true}]}}