{"id":1409,"date":"2015-12-14T16:00:43","date_gmt":"2015-12-14T14:00:43","guid":{"rendered":"https:\/\/www.suresms.com\/dk\/?page_id=1409"},"modified":"2024-12-05T15:40:42","modified_gmt":"2024-12-05T15:40:42","slug":"sms-till-sms-funktion","status":"publish","type":"page","link":"https:\/\/suresms.com\/sv\/funktioner\/sms-til-sms-funktion\/","title":{"rendered":"SMS till SMS-funktion"},"content":{"rendered":"<!-- Flexy Breadcrumb -->\r\n\t\t\t<div class=\"fbc fbc-page\">\r\n\r\n\t\t\t\t<!-- Breadcrumb wrapper -->\r\n\t\t\t\t<div class=\"fbc-wrap\">\r\n\r\n\t\t\t\t\t<!-- Ordered list-->\r\n\t\t\t\t\t<ol class=\"fbc-items\" itemscope itemtype=\"https:\/\/schema.org\/BreadcrumbList\">\r\n\t\t\t\t\t\t            <li itemprop=\"itemListElement\" itemscope itemtype=\"https:\/\/schema.org\/ListItem\">\r\n                <span itemprop=\"name\">\r\n                    <!-- Home Link -->\r\n                    <a itemprop=\"item\" href=\"https:\/\/suresms.com\/sv\/\">\r\n                    \r\n                                                    <i class=\"fa fa-home\" aria-hidden=\"true\"><\/i>Hem                    <\/a>\r\n                <\/span>\r\n                <meta itemprop=\"position\" content=\"1\" \/><!-- Meta Position-->\r\n             <\/li><li><span class=\"fbc-separator\">\/<\/span><\/li><li class=\"active\" itemprop=\"itemListElement\" itemscope itemtype=\"https:\/\/schema.org\/ListItem\"><span itemprop=\"name\" title=\"SMS till SMS-funktion\">SMS till SMS-funktion<\/span><meta itemprop=\"position\" content=\"2\" \/><\/li>\t\t\t\t\t<\/ol>\r\n\t\t\t\t\t<div class=\"clearfix\"><\/div>\r\n\t\t\t\t<\/div>\r\n\t\t\t<\/div>\r\n\t\t\t\n<h1>\n\t\tSMS till SMS-funktion\n\t<\/h1>\n\t<p>Detta \u00e4r kanske en av de mest avancerade funktionerna i SureSMS. Med funktionen SMS-to-SMS \u00e4r det m\u00f6jligt att skicka ett SMS till SureSMS. Detta SMS vidarebefordras till en annan telefon, eventuellt med en annan avs\u00e4ndare.<\/p>\n<h4><strong>Hur kommer det sig?<\/strong><\/h4>\n<p>Om du \u00e4r en del av en organisation och vill ha en l\u00f6sning d\u00e4r alla kan skicka ett meddelande till alla i organisationen, t.ex. i samband med evenemang, kan du g\u00f6ra det med den h\u00e4r funktionen.<\/p>\n<p>Genom att skapa ett konto hos SureSMS och skapa en grupp, t.ex. styrelsen, kan vem som helst skicka ett SMS till ett nummer med texten \"Styrelse\" f\u00f6ljt av meddelandet. Meddelandet kommer d\u00e5 att vidarebefordras till alla i styrelsen.<\/p>\n<p>Det inneb\u00e4r att den enskilde medlemmen inte ens beh\u00f6ver veta numret p\u00e5 den person man ska skicka till. Enkelt f\u00f6r avs\u00e4ndaren och integritetsskydd f\u00f6r mottagaren av meddelandet.<\/p>\n<p>Ett annat exempel \u00e4r t.ex. en bostadsr\u00e4ttsf\u00f6rening som renoverar. Med SMS2SMS kan man ge ett nummer och ett namn till byggarna. Byggarna kan sedan skicka ett SMS och alla medlemmar i organisationen f\u00e5r meddelandet.<\/p>\n<h4><strong>Gratis SMS2SMS f\u00f6r alla v\u00e5ra kunder<\/strong><\/h4>\n<p>SMS till SMS-funktionen kostar inte extra i SureSMS. Den \u00e4r en del av v\u00e5r tj\u00e4nst. Beroende p\u00e5 dina krav p\u00e5 nyckelord kan du dock beh\u00f6va k\u00f6pa en 2-v\u00e4gsl\u00f6sning. I SureSMS har vi skapat den h\u00e4r l\u00f6sningen f\u00f6r alla v\u00e5ra kunder, vilket inneb\u00e4r att vi har en 2-v\u00e4gsl\u00f6sning som v\u00e5ra kunder kan anv\u00e4nda gratis. MEN, det betyder ocks\u00e5 att den delas mellan kunderna. D\u00e4rf\u00f6r kan du bara f\u00e5 de s\u00f6kord som \u00e4r tillg\u00e4ngliga. Om en kund redan har tagit ett nyckelord m\u00e5ste du v\u00e4lja ett annat.<\/p>\n<h4><strong>Skapa en 2-v\u00e4gsl\u00f6sning f\u00f6r fritt val<\/strong><\/h4>\n<p>D\u00e4rf\u00f6r v\u00e4ljer en del kunder att k\u00f6pa en egen 2-v\u00e4gsl\u00f6sning. P\u00e5 s\u00e5 s\u00e4tt kan de fritt v\u00e4lja nyckelord och eventuellt \u00e4ven mobilnummer som det ska skickas till. Om man k\u00f6per sin egen 2-v\u00e4gs-l\u00f6sning \u00e4r man inte beroende av andra, m\u00f6jligheterna \u00e4r st\u00f6rre och kr\u00e5nglet med att v\u00e4lja nyckelord som passar det enskilda tillf\u00e4llet minskar.<\/p>\n<p>Det finns olika produkter, men oavsett om du v\u00e4ljer v\u00e5r hostade SIM-l\u00f6sning eller ett virtuellt l\u00e5ngnummer har du obegr\u00e4nsat antal nummer och fritt val av nyckelord.<\/p>\n<p>F\u00f6r mer information om 2-v\u00e4gs l\u00f6sningar, se mer i menyn under 2-v\u00e4gs SMS.<\/p>\n<p>Se l\u00e4nken h\u00e4r f\u00f6r <a title=\"Priser f\u00f6r SMS-gateway\" href=\"https:\/\/suresms.com\/sv\/sms-gateway-priser\/\">uppdaterade priser p\u00e5 v\u00e5ra 2-v\u00e4gsl\u00f6sningar.<\/a><\/p>\n\t\t<h4>Vill du skapa ett konto omedelbart? <\/h4>\n\t\t<p>Vi \u00e4r redo och v\u00e4ntar p\u00e5 att f\u00e5 v\u00e4lkomna dig som kund hos SureSMS!<\/p>\n\t\t\t<a href=\"https:\/\/suresms.com\/sv\/skapa-sms-gateway-konto\/\" target=\"_self\">\n\t\t\t\t\t\t\tSkapa ett SureSMS-konto!\n\t\t\t\t\t<\/a>\n\t\t<h4>Best\u00e4ll en 2-v\u00e4gs l\u00f6sning!<\/h4>\n\t\t<p>Har du redan ett konto? Best\u00e4ll en 2-v\u00e4gsl\u00f6sning och f\u00e5 de extra alternativ som din egen l\u00f6sning erbjuder.\u00a0<\/p>\n\t\t\t<a href=\"https:\/\/suresms.com\/sv\/bestall-2-vags-lossning\/\" target=\"_self\">\n\t\t\t\t\t\t\tBest\u00e4ll 2-v\u00e4gs l\u00f6sning\n\t\t\t\t\t<\/a>\n\t<h4><strong>H\u00e4r kan du l\u00e4sa ett exempel p\u00e5 hur v\u00e5ra kunder anv\u00e4nder SMS2SMS idag<\/strong><\/h4>\n<ul>\n<li>Vi utvecklade v\u00e5r SMS2SMS-l\u00f6sning f\u00f6r ett danskt arkitektf\u00f6retag. F\u00f6retaget ville ha en SMS-l\u00f6sning som kunde anv\u00e4ndas p\u00e5 deras byggprojekt. L\u00f6sningen skulle underl\u00e4tta kommunikationen och g\u00f6ra det m\u00f6jligt f\u00f6r entrepren\u00f6rer och underleverant\u00f6rer att kommunicera med inv\u00e5narna om hur byggprojekten fortskrider, erbjudanden med mera. Samtidigt ville arkitektfirman ha en l\u00f6sning d\u00e4r de boende sj\u00e4lva kunde anm\u00e4la sig till informationsfl\u00f6det.\u00a0 <br \/><strong>SureSMS utvecklade SMS2SMS-produkten f\u00f6r arkitekter<\/strong>. Vem som helst kan skicka information till l\u00f6sningen via ett enda SMS och inv\u00e5narna kan sj\u00e4lva anm\u00e4la sig till den via nyckelord.<\/li>\n<\/ul>\n<p>\u00a0<\/p>","protected":false},"excerpt":{"rendered":"<p>SMS till SMS-funktion Detta \u00e4r kanske en av de mest avancerade funktionerna i SureSMS. Med SMS till SMS-funktionen \u00e4r det m\u00f6jligt att skicka ett SMS till SureSMS. Detta SMS vidarebefordras till en annan telefon, eventuellt med en annan avs\u00e4ndare. Varf\u00f6r ska du g\u00f6ra detta? Om du \u00e4r en del av en organisation och vill ha en l\u00f6sning som... <a title=\"SMS till SMS-funktion\" class=\"read-more\" href=\"https:\/\/suresms.com\/sv\/funktioner\/sms-til-sms-funktion\/\" aria-label=\"L\u00e4s mer om SMS till SMS-funktionen\">L\u00e4s mer om det<\/a><\/p>","protected":false},"author":1,"featured_media":0,"parent":958,"menu_order":3,"comment_status":"closed","ping_status":"closed","template":"","meta":{"_fl_builder_enabled":"1","_fl_builder_data":null,"_fl_builder_draft":null,"_fl_builder_data_settings":null,"_fl_builder_css":"","_fl_builder_css_version":"","_fl_builder_js":"","footnotes":""},"categories":[17],"tags":[],"class_list":{"0":"post-1409","1":"page","2":"type-page","3":"status-publish","5":"category-linkfracornorstone"},"yoast_head":"<!-- This site is optimized with the Yoast SEO Premium plugin v27.3 (Yoast SEO v27.3) - https:\/\/yoast.com\/product\/yoast-seo-premium-wordpress\/ -->\r\n<title>SMS til SMS funktion - SureSMS. NYT avanceret produkt - tilmeld selv<\/title>\r\n<meta name=\"description\" content=\"SMS til SMS. Send informationer til grupper uden at kende kontakternes identitet. Godt til f.x underlevand\u00f8rer. 2-vejsl\u00f8sning, hvortil man kan sende tilbud\" \/>\r\n<meta name=\"robots\" content=\"index, follow, max-snippet:-1, max-image-preview:large, max-video-preview:-1\" \/>\r\n<link rel=\"canonical\" href=\"https:\/\/suresms.com\/sv\/funktioner\/sms-till-sms-funktion\/\" \/>\r\n<meta property=\"og:locale\" content=\"sv_SE\" \/>\r\n<meta property=\"og:type\" content=\"article\" \/>\r\n<meta property=\"og:title\" content=\"SMS til SMS funktion\" \/>\r\n<meta property=\"og:description\" content=\"SMS til SMS. Send informationer til grupper uden at kende kontakternes identitet. Godt til f.x underlevand\u00f8rer. 2-vejsl\u00f8sning, hvortil man kan sende tilbud\" \/>\r\n<meta property=\"og:url\" content=\"https:\/\/suresms.com\/sv\/funktioner\/sms-till-sms-funktion\/\" \/>\r\n<meta property=\"article:publisher\" content=\"https:\/\/www.facebook.com\/p\/SureSMS-100044607956149\/\" \/>\r\n<meta property=\"article:modified_time\" content=\"2024-12-05T15:40:42+00:00\" \/>\r\n<meta name=\"twitter:card\" content=\"summary_large_image\" \/>\r\n<meta name=\"twitter:label1\" content=\"Ber\u00e4knad l\u00e4stid\" \/>\n\t<meta name=\"twitter:data1\" content=\"4 minuter\" \/>\r\n<script type=\"application\/ld+json\" class=\"yoast-schema-graph\">{\"@context\":\"https:\\\/\\\/schema.org\",\"@graph\":[{\"@type\":\"WebPage\",\"@id\":\"https:\\\/\\\/suresms.com\\\/dk\\\/funktioner\\\/sms-til-sms-funktion\\\/\",\"url\":\"https:\\\/\\\/suresms.com\\\/dk\\\/funktioner\\\/sms-til-sms-funktion\\\/\",\"name\":\"SMS til SMS funktion - SureSMS. NYT avanceret produkt - tilmeld selv\",\"isPartOf\":{\"@id\":\"https:\\\/\\\/suresms.com\\\/en\\\/#website\"},\"datePublished\":\"2015-12-14T14:00:43+00:00\",\"dateModified\":\"2024-12-05T15:40:42+00:00\",\"description\":\"SMS til SMS. Send informationer til grupper uden at kende kontakternes identitet. Godt til f.x underlevand\u00f8rer. 2-vejsl\u00f8sning, hvortil man kan sende tilbud\",\"breadcrumb\":{\"@id\":\"https:\\\/\\\/suresms.com\\\/dk\\\/funktioner\\\/sms-til-sms-funktion\\\/#breadcrumb\"},\"inLanguage\":\"sv-SE\",\"potentialAction\":[{\"@type\":\"ReadAction\",\"target\":[\"https:\\\/\\\/suresms.com\\\/dk\\\/funktioner\\\/sms-til-sms-funktion\\\/\"]}]},{\"@type\":\"BreadcrumbList\",\"@id\":\"https:\\\/\\\/suresms.com\\\/dk\\\/funktioner\\\/sms-til-sms-funktion\\\/#breadcrumb\",\"itemListElement\":[{\"@type\":\"ListItem\",\"position\":1,\"name\":\"Home\",\"item\":\"https:\\\/\\\/suresms.com\\\/dk\\\/\"},{\"@type\":\"ListItem\",\"position\":2,\"name\":\"Funktioner\",\"item\":\"https:\\\/\\\/suresms.com\\\/dk\\\/funktioner\\\/\"},{\"@type\":\"ListItem\",\"position\":3,\"name\":\"SMS til SMS funktion\"}]},{\"@type\":\"WebSite\",\"@id\":\"https:\\\/\\\/suresms.com\\\/en\\\/#website\",\"url\":\"https:\\\/\\\/suresms.com\\\/en\\\/\",\"name\":\"SureSMS\",\"description\":\"Professionel SMS Gateway\",\"publisher\":{\"@id\":\"https:\\\/\\\/suresms.com\\\/en\\\/#organization\"},\"potentialAction\":[{\"@type\":\"SearchAction\",\"target\":{\"@type\":\"EntryPoint\",\"urlTemplate\":\"https:\\\/\\\/suresms.com\\\/en\\\/?s={search_term_string}\"},\"query-input\":{\"@type\":\"PropertyValueSpecification\",\"valueRequired\":true,\"valueName\":\"search_term_string\"}}],\"inLanguage\":\"sv-SE\"},{\"@type\":\"Organization\",\"@id\":\"https:\\\/\\\/suresms.com\\\/en\\\/#organization\",\"name\":\"SureSMS\",\"url\":\"https:\\\/\\\/suresms.com\\\/en\\\/\",\"logo\":{\"@type\":\"ImageObject\",\"inLanguage\":\"sv-SE\",\"@id\":\"https:\\\/\\\/suresms.com\\\/en\\\/#\\\/schema\\\/logo\\\/image\\\/\",\"url\":\"https:\\\/\\\/suresms.com\\\/wp-content\\\/uploads\\\/2024\\\/11\\\/suresms-300x65-1.png\",\"contentUrl\":\"https:\\\/\\\/suresms.com\\\/wp-content\\\/uploads\\\/2024\\\/11\\\/suresms-300x65-1.png\",\"width\":300,\"height\":65,\"caption\":\"SureSMS\"},\"image\":{\"@id\":\"https:\\\/\\\/suresms.com\\\/en\\\/#\\\/schema\\\/logo\\\/image\\\/\"},\"sameAs\":[\"https:\\\/\\\/www.facebook.com\\\/p\\\/SureSMS-100044607956149\\\/\"]}]}<\/script>\r\n<!-- \/ Yoast SEO Premium plugin. -->","yoast_head_json":{"title":"SMS till SMS funktion - SureSMS. NY avancerad produkt - registrera dig sj\u00e4lv","description":"SMS till SMS. Skicka information till grupper utan att k\u00e4nna till kontaktpersonernas identitet. Bra f\u00f6r t.ex. underleverant\u00f6rer. 2-v\u00e4gsl\u00f6sning som du kan skicka erbjudanden till","robots":{"index":"index","follow":"follow","max-snippet":"max-snippet:-1","max-image-preview":"max-image-preview:large","max-video-preview":"max-video-preview:-1"},"canonical":"https:\/\/suresms.com\/sv\/funktioner\/sms-till-sms-funktion\/","og_locale":"sv_SE","og_type":"article","og_title":"SMS til SMS funktion","og_description":"SMS til SMS. Send informationer til grupper uden at kende kontakternes identitet. Godt til f.x underlevand\u00f8rer. 2-vejsl\u00f8sning, hvortil man kan sende tilbud","og_url":"https:\/\/suresms.com\/sv\/funktioner\/sms-till-sms-funktion\/","article_publisher":"https:\/\/www.facebook.com\/p\/SureSMS-100044607956149\/","article_modified_time":"2024-12-05T15:40:42+00:00","twitter_card":"summary_large_image","twitter_misc":{"Ber\u00e4knad l\u00e4stid":"4 minuter"},"schema":{"@context":"https:\/\/schema.org","@graph":[{"@type":"WebPage","@id":"https:\/\/suresms.com\/dk\/funktioner\/sms-til-sms-funktion\/","url":"https:\/\/suresms.com\/dk\/funktioner\/sms-til-sms-funktion\/","name":"SMS till SMS funktion - SureSMS. NY avancerad produkt - registrera dig sj\u00e4lv","isPartOf":{"@id":"https:\/\/suresms.com\/en\/#website"},"datePublished":"2015-12-14T14:00:43+00:00","dateModified":"2024-12-05T15:40:42+00:00","description":"SMS till SMS. Skicka information till grupper utan att k\u00e4nna till kontaktpersonernas identitet. Bra f\u00f6r t.ex. underleverant\u00f6rer. 2-v\u00e4gsl\u00f6sning som du kan skicka erbjudanden till","breadcrumb":{"@id":"https:\/\/suresms.com\/dk\/funktioner\/sms-til-sms-funktion\/#breadcrumb"},"inLanguage":"sv-SE","potentialAction":[{"@type":"ReadAction","target":["https:\/\/suresms.com\/dk\/funktioner\/sms-til-sms-funktion\/"]}]},{"@type":"BreadcrumbList","@id":"https:\/\/suresms.com\/dk\/funktioner\/sms-til-sms-funktion\/#breadcrumb","itemListElement":[{"@type":"ListItem","position":1,"name":"Home","item":"https:\/\/suresms.com\/dk\/"},{"@type":"ListItem","position":2,"name":"Funktioner","item":"https:\/\/suresms.com\/dk\/funktioner\/"},{"@type":"ListItem","position":3,"name":"SMS til SMS funktion"}]},{"@type":"WebSite","@id":"https:\/\/suresms.com\/en\/#website","url":"https:\/\/suresms.com\/en\/","name":"SureSMS","description":"Professionell SMS Gateway","publisher":{"@id":"https:\/\/suresms.com\/en\/#organization"},"potentialAction":[{"@type":"SearchAction","target":{"@type":"EntryPoint","urlTemplate":"https:\/\/suresms.com\/en\/?s={search_term_string}"},"query-input":{"@type":"PropertyValueSpecification","valueRequired":true,"valueName":"search_term_string"}}],"inLanguage":"sv-SE"},{"@type":"Organization","@id":"https:\/\/suresms.com\/en\/#organization","name":"SureSMS","url":"https:\/\/suresms.com\/en\/","logo":{"@type":"ImageObject","inLanguage":"sv-SE","@id":"https:\/\/suresms.com\/en\/#\/schema\/logo\/image\/","url":"https:\/\/suresms.com\/wp-content\/uploads\/2024\/11\/suresms-300x65-1.png","contentUrl":"https:\/\/suresms.com\/wp-content\/uploads\/2024\/11\/suresms-300x65-1.png","width":300,"height":65,"caption":"SureSMS"},"image":{"@id":"https:\/\/suresms.com\/en\/#\/schema\/logo\/image\/"},"sameAs":["https:\/\/www.facebook.com\/p\/SureSMS-100044607956149\/"]}]}},"_links":{"self":[{"href":"https:\/\/suresms.com\/sv\/wp-json\/wp\/v2\/pages\/1409","targetHints":{"allow":["GET"]}}],"collection":[{"href":"https:\/\/suresms.com\/sv\/wp-json\/wp\/v2\/pages"}],"about":[{"href":"https:\/\/suresms.com\/sv\/wp-json\/wp\/v2\/types\/page"}],"author":[{"embeddable":true,"href":"https:\/\/suresms.com\/sv\/wp-json\/wp\/v2\/users\/1"}],"replies":[{"embeddable":true,"href":"https:\/\/suresms.com\/sv\/wp-json\/wp\/v2\/comments?post=1409"}],"version-history":[{"count":1,"href":"https:\/\/suresms.com\/sv\/wp-json\/wp\/v2\/pages\/1409\/revisions"}],"predecessor-version":[{"id":19474,"href":"https:\/\/suresms.com\/sv\/wp-json\/wp\/v2\/pages\/1409\/revisions\/19474"}],"up":[{"embeddable":true,"href":"https:\/\/suresms.com\/sv\/wp-json\/wp\/v2\/pages\/958"}],"wp:attachment":[{"href":"https:\/\/suresms.com\/sv\/wp-json\/wp\/v2\/media?parent=1409"}],"wp:term":[{"taxonomy":"category","embeddable":true,"href":"https:\/\/suresms.com\/sv\/wp-json\/wp\/v2\/categories?post=1409"},{"taxonomy":"post_tag","embeddable":true,"href":"https:\/\/suresms.com\/sv\/wp-json\/wp\/v2\/tags?post=1409"}],"curies":[{"name":"wp","href":"https:\/\/api.w.org\/{rel}","templated":true}]}}