{"id":14073,"date":"2021-12-09T08:19:01","date_gmt":"2021-12-09T06:19:01","guid":{"rendered":"https:\/\/www.suresms.com\/dk\/?page_id=14073"},"modified":"2025-03-16T07:27:44","modified_gmt":"2025-03-16T07:27:44","slug":"kundtjanstsystem-2","status":"publish","type":"page","link":"https:\/\/suresms.com\/sv\/integrationer\/customer-support-systems-2\/","title":{"rendered":"SMS-integration f\u00f6r kundtj\u00e4nstsystem"},"content":{"rendered":"\n\n\t\t\t\t<!-- Flexy Breadcrumb -->\r\n\t\t\t<div class=\"fbc fbc-page\">\r\n\r\n\t\t\t\t<!-- Breadcrumb wrapper -->\r\n\t\t\t\t<div class=\"fbc-wrap\">\r\n\r\n\t\t\t\t\t<!-- Ordered list-->\r\n\t\t\t\t\t<ol class=\"fbc-items\" itemscope itemtype=\"https:\/\/schema.org\/BreadcrumbList\">\r\n\t\t\t\t\t\t            <li itemprop=\"itemListElement\" itemscope itemtype=\"https:\/\/schema.org\/ListItem\">\r\n                <span itemprop=\"name\">\r\n                    <!-- Home Link -->\r\n                    <a itemprop=\"item\" href=\"https:\/\/suresms.com\">\r\n                    \r\n                                                    <i class=\"fa fa-home\" aria-hidden=\"true\"><\/i>Home                    <\/a>\r\n                <\/span>\r\n                <meta itemprop=\"position\" content=\"1\" \/><!-- Meta Position-->\r\n             <\/li><li><span class=\"fbc-separator\">\/<\/span><\/li><li class=\"active\" itemprop=\"itemListElement\" itemscope itemtype=\"https:\/\/schema.org\/ListItem\"><span itemprop=\"name\" title=\"SMS integration til Customer Support Systemer\">SMS integration til Customer...<\/span><meta itemprop=\"position\" content=\"2\" \/><\/li>\t\t\t\t\t<\/ol>\r\n\t\t\t\t\t<div class=\"clearfix\"><\/div>\r\n\t\t\t\t<\/div>\r\n\t\t\t<\/div>\r\n\t\t\t\n\t\t<h1><strong>SMS integration til Customer Support Systems \/ Helpdesk<\/strong><\/h1>\n\t<h3>Med SMS integration til din customer support platform eller helpdesk, f\u00e5r du mulighed for at skrive SMS og modtage SMS fra dine kunder i din kunde support.<\/h3>\n\t\t<h3>SMS i helpdesk eller customer support<\/h3><p>For nogle virksomheder kan det give mening til at tilbyde deres kunder, medlemmer, klienter mv. at kontakte virksomheden via SMS. Herunder kan du l\u00e6se hvordan man kan implementere SMS i et helpdesk\/customer support system. Hvilket do&#8217;s and dont&#8217;s der er, og hvad vi anbefaler n\u00e5r man g\u00f8r det.<\/p>\n\t\t<h3>Kundernes mulighed for at komme i kontakt med dig<\/h3><p>Den f\u00f8rste overvejelse du skal g\u00f8re dig er, hvor tilg\u00e6ngelig du vil v\u00e6re for dine kunder. Det har du sikkert allerede gjort og hvis du l\u00e6ser disse sider har du sikkert ogs\u00e5 overvejet at v\u00e6re tilg\u00e6ngelig p\u00e5 SMS. Du skal v\u00e6re opm\u00e6rksom p\u00e5 at kundernes forventninger til svartid p\u00e5 SMS er meget mindre, end deres forventninger til svartid p\u00e5 mail. M\u00e5ske har du allerede chat p\u00e5 din hjemmeside og kan h\u00f8ste erfaringerne herfra.<\/p>\n<p>N\u00e5r du har besluttet dig for at tilbyde SMS i din helpdesk\/customer support s\u00e5 handler det om at f\u00e5 den implementeret s\u00e5 den er nemmest mulig for dine kunder at bruge og giver dig mindst mulig merarbejde.<\/p>\n<h4>Hvilket nummer<\/h4>\n<p>Du skal beslutte dig for hvilket telefonnummer dine kunder skal kontakte dig p\u00e5. Overordnet har du tre muligheder:<\/p>\n<ol>\n<li>\n<ol>\n<li>Samme nummer som virksomhedens hovednummer eller support telefonnummer.<\/li>\n<\/ol>\n<\/li>\n<\/ol>\n<p>&nbsp;<\/p>\n<ol>\n<li>\n<ol>\n<li>Et specielt support-p\u00e5-SMS nummer<\/li>\n<\/ol>\n<\/li>\n<\/ol>\n<p>&nbsp;<\/p>\n<ol>\n<li>\n<ol>\n<li>Et firecifret nummer med s\u00e5kaldt keyword<\/li>\n<\/ol>\n<\/li>\n<\/ol>\n<p>&nbsp;<\/p>\n<p>Hvilket nummer der er det rigtige for dig, afh\u00e6nger af din situation. Herunder er der opsummeret fordele og ulemper ved de forskellige.<\/p>\n<p>Hvis du f.eks. har et nummer som dine kunder ringer ind p\u00e5, for at f\u00e5 support, s\u00e5 vil det v\u00e6re n\u00e6rliggende ogs\u00e5 at lade dem sende SMS&#8217;er ind p\u00e5 dette nummer. Det kan v\u00e6re de allerede g\u00f8r det i dag og at du besvare support-SMS&#8217;er via en fysisk telefon. Fordelen er at kunden har \u00e9t nummer og du svarer p\u00e5 det &#8211; uanset om de ringer eller skriver.<\/p>\n<p>Du kan ogs\u00e5 v\u00e6lge et specielt support-p\u00e5-SMS nummer. Det vil s\u00e5 v\u00e6re et nummer i vores nummerserie. Dette er en god l\u00f8sning hvis du f.eks. slet ikke har telefonsupport men kun, email, chat og SMS support. S\u00e5 skal du alligevel ud og skaffe et nummer og her er vores tovejs VLN en god l\u00f8sning.<\/p>\n<p>Den sidste er et firecifret nummer med et keyword. Det kan f.eks. v\u00e6re 1414 og keyword SUPPORT.\u00a0 Det betyder at dine kunder skal sende en SMS til 1414, starte beskeden med Support og s\u00e5 skrive beskeden. Denne l\u00f8sning kan v\u00e6re god, hvis kunderne befinder sig i en situation hvor deres hukommelse er belastet og det derfor skal v\u00e6re nemt.<\/p>\n<p>&nbsp;<\/p>\n<h4>Samme nummer til tale og SMS<\/h4>\n<p>Hvis du t\u00e6nker at l\u00f8sningen med samme nummer til b\u00e5de opkald og SMS er den bedste, s\u00e5 kan dette uddybes lidt. Rent teknisk er l\u00f8sningen den, at I<\/p>\n<ol>\n<li>\n<ol>\n<li>Skaffer et nyt sim-kort fra jeres udbyder (ofte kaldet skygge-sim)<\/li>\n<\/ol>\n<\/li>\n<\/ol>\n<p>&nbsp;<\/p>\n<ol>\n<li>\n<ol>\n<li>Stiller telefonen fra jeres support nummer videre til jeres skygge-sim kort<\/li>\n<\/ol>\n<\/li>\n<\/ol>\n<p>&nbsp;<\/p>\n<ol>\n<li>\n<ol>\n<li>Sender jeres Support SIM kort til os<\/li>\n<\/ol>\n<\/li>\n<\/ol>\n<p>&nbsp;<\/p>\n<ol>\n<li>\n<ol>\n<li>Beder jeres teleudbyder om at \u00e6ndre a-nummeret p\u00e5 udg\u00e5ende opkald p\u00e5 jeres skygge-sim kort til jeres support nummer<\/li>\n<\/ol>\n<\/li>\n<\/ol>\n<p>&nbsp;<\/p>\n<p>Nu installerer vi jeres support SIM kort i vores GSM rack. N\u00e5r der komme en SMS p\u00e5 nummeret sender vi den videre til jeres customer support\/helpdesk system. I modtager indg\u00e5ende SMS&#8217;er ligesom det var mails i jeres system. I kan anvende bots, automation, skabeloner og alt det I kender fra jeres customer support system til SMS. N\u00e5r I vil svare p\u00e5 en SMS I har modtaget, s\u00e5 besvare I den bare i jeres CSC og vi sender svaret videre som SMS.<\/p>\n<p>&nbsp;<\/p>\n<p>&nbsp;<\/p>\n<p>&nbsp;<\/p>\n\t\n<div class=\"wpcf7 no-js\" id=\"wpcf7-f3509-o1\" lang=\"en-US\" dir=\"ltr\" data-wpcf7-id=\"3509\">\n<div class=\"screen-reader-response\"><p role=\"status\" aria-live=\"polite\" aria-atomic=\"true\"><\/p> <ul><\/ul><\/div>\n<form action=\"\/sv\/wp-json\/wp\/v2\/pages\/14073#wpcf7-f3509-o1\" method=\"post\" class=\"wpcf7-form init\" aria-label=\"Contact form\" novalidate=\"novalidate\" data-status=\"init\">\n<fieldset class=\"hidden-fields-container\"><input type=\"hidden\" name=\"_wpcf7\" value=\"3509\" \/><input type=\"hidden\" name=\"_wpcf7_version\" value=\"6.1.5\" \/><input type=\"hidden\" name=\"_wpcf7_locale\" value=\"en_US\" \/><input type=\"hidden\" name=\"_wpcf7_unit_tag\" value=\"wpcf7-f3509-o1\" \/><input type=\"hidden\" name=\"_wpcf7_container_post\" value=\"0\" \/><input type=\"hidden\" name=\"_wpcf7_posted_data_hash\" value=\"\" \/>\n<\/fieldset>\n<p>Bestil en gratis test-konto nu!!\n<\/p>\n<p><span class=\"wpcf7-form-control-wrap\" data-name=\"your-name\"><input size=\"40\" maxlength=\"400\" class=\"wpcf7-form-control wpcf7-text wpcf7-validates-as-required\" aria-required=\"true\" aria-invalid=\"false\" placeholder=\"Firmanavn*\" value=\"\" type=\"text\" name=\"your-name\" \/><\/span>\n<\/p>\n<p><span class=\"wpcf7-form-control-wrap\" data-name=\"dit-navn\"><input size=\"40\" maxlength=\"400\" class=\"wpcf7-form-control wpcf7-text wpcf7-validates-as-required\" aria-required=\"true\" aria-invalid=\"false\" placeholder=\"Dit navn*\" value=\"\" type=\"text\" name=\"dit-navn\" \/><\/span>\n<\/p>\n<p><span class=\"wpcf7-form-control-wrap\" data-name=\"emailaddress\"><input size=\"40\" maxlength=\"400\" class=\"wpcf7-form-control wpcf7-email wpcf7-validates-as-required wpcf7-text wpcf7-validates-as-email\" aria-required=\"true\" aria-invalid=\"false\" placeholder=\"E-mail*\" value=\"\" type=\"email\" name=\"emailaddress\" \/><\/span>\n<\/p>\n<div style=\"display:flex;\">\n\t<p><span class=\"wpcf7-form-control-wrap\" data-name=\"CountryCode\"><select class=\"wpcf7-form-control wpcf7-select wpcf7-validates-as-required\" aria-required=\"true\" aria-invalid=\"false\" name=\"CountryCode\"><option value=\"DK (+45)\">DK (+45)<\/option><option value=\"SE (+46)\">SE (+46)<\/option><option value=\"NO (+47)\">NO (+47)<\/option><option value=\"DE (+49)\">DE (+49)<\/option><option value=\"KN (+299)\">KN (+299)<\/option><option value=\"FO (+298)\">FO (+298)<\/option><\/select><\/span> &nbsp;&nbsp; <span class=\"wpcf7-form-control-wrap\" data-name=\"Phonenumber\"><input size=\"14\" maxlength=\"400\" class=\"wpcf7-form-control wpcf7-tel wpcf7-validates-as-required wpcf7-text wpcf7-validates-as-tel\" aria-required=\"true\" aria-invalid=\"false\" placeholder=\"Mobil nummer*\" value=\"\" type=\"tel\" name=\"Phonenumber\" \/><\/span>\n\t<\/p>\n<\/div>\n<p>Password sendes med SMS til dette nummer.\n<\/p>\n<p> Anvendelse:&nbsp;&nbsp;&nbsp;&nbsp;&nbsp;&nbsp;&nbsp;&nbsp;&nbsp;&nbsp; <span class=\"wpcf7-form-control-wrap\" data-name=\"Anvendelse\"><select class=\"wpcf7-form-control wpcf7-select wpcf7-validates-as-required\" id=\"Anvendelse\" aria-required=\"true\" aria-invalid=\"false\" name=\"Anvendelse\"><option value=\"\">&#8212;Please choose an option&#8212;<\/option><option value=\"Forening\">Forening<\/option><option value=\"Virksomhed\">Virksomhed<\/option><option value=\"Myndighed\">Myndighed<\/option><option value=\"Andet\">Andet<\/option><\/select><\/span>\n<\/p>\n<p><span class=\"wpcf7-form-control-wrap\" data-name=\"api\"><span class=\"wpcf7-form-control wpcf7-checkbox\"><span class=\"wpcf7-list-item first last\"><label><input type=\"checkbox\" name=\"api[]\" value=\"Jeg er softwareudvikler\" \/><span class=\"wpcf7-list-item-label\">Jeg er softwareudvikler<\/span><\/label><\/span><\/span><\/span>\n<\/p>\n<input class=\"wpcf7-form-control wpcf7-hidden\" value=\"\" type=\"hidden\" name=\"text\" \/>\n<p><div class=\"cf7-cf-turnstile\" style=\"margin-top: 0px; margin-bottom: -15px;\"> <div id=\"cf-turnstile-cf7-1021972197\" class=\"cf-turnstile\" data-sitekey=\"0x4AAAAAAB8YGArd9ML-HbMW\" data-theme=\"light\" data-language=\"auto\" data-size=\"normal\" data-retry=\"auto\" data-retry-interval=\"1000\" data-refresh-expired=\"auto\" data-action=\"contact-form-7\" data-appearance=\"always\"><\/div> <script>document.addEventListener(\"DOMContentLoaded\", function() { setTimeout(function(){ var e=document.getElementById(\"cf-turnstile-cf7-1021972197\"); e&&!e.innerHTML.trim()&&(turnstile.remove(\"#cf-turnstile-cf7-1021972197\"), turnstile.render(\"#cf-turnstile-cf7-1021972197\", {sitekey:\"0x4AAAAAAB8YGArd9ML-HbMW\"})); }, 100); });<\/script> <br class=\"cf-turnstile-br cf-turnstile-br-cf7-1021972197\"> <style>#cf-turnstile-cf7-1021972197 { margin-left: -15px; }<\/style> <script>document.addEventListener(\"DOMContentLoaded\",function(){document.querySelectorAll('.wpcf7-form').forEach(function(e){e.addEventListener('submit',function(){if(document.getElementById('cf-turnstile-cf7-1021972197')){setTimeout(function(){turnstile.reset('#cf-turnstile-cf7-1021972197');},1000)}})})});<\/script> <\/div><br\/><input class=\"wpcf7-form-control wpcf7-submit has-spinner submit\" type=\"submit\" value=\"Send\" \/><span class=\"send_arrow\"><\/span>\n<\/p>\n<p>[cf7sr-recaptcha]\n<\/p><div class=\"wpcf7-response-output\" aria-hidden=\"true\"><\/div>\n<\/form>\n<\/div>\n\n\t<p>Herunder kan du se nogle af de integrationer der allerede findes mellem SureSMS og Customer Support Systemer.<\/p>\n\t<h3><strong><img loading=\"lazy\" decoding=\"async\" src=\"https:\/\/suresms.com\/wp-content\/uploads\/2020\/04\/paessler-150x150.png\" alt=\"\" width=\"150\" height=\"150\" \/>PRTG<\/strong><\/h3>\n<p>PRTG har vi udviklet en overv\u00e5gningsl\u00f8sning, der hj\u00e6lper IT-fagfolk med at overv\u00e5ge hele deres infrastruktur d\u00f8gnet rundt. PRTG overv\u00e5ger alle systemer, enheder, trafik og applikationer i din IT-infrastruktur.<\/p>\n<p>Alt er inkluderet i PRTG; der er ikke behov for yderligere plugins eller downloads. \u00a0 PRTG er en kraftfuld l\u00f8sning og let at bruge. Det er velegnet til virksomheder i alle st\u00f8rrelser.<\/p>\n\t\t\t<a href=\"https:\/\/www.paessler.com\/prtg\" target=\"_blank\" rel=\"noopener\">\n\t\t\t\t\t\t\tL\u00e6s mere\n\t\t\t\t\t<\/a>\n\t<h3><strong><a href=\"https:\/\/www.salonbookingsystem.com\/\"><img loading=\"lazy\" decoding=\"async\" src=\"https:\/\/suresms.com\/wp-content\/uploads\/2020\/12\/new_logo_salon_booking-2-300x176.png\" alt=\"\" width=\"300\" height=\"176\" \/><\/a>Salon Booking<\/strong><\/h3>\n<p>Salon Booking er et gratis online WordPress plugin der giver dig booking muligheder p\u00e5 din hjemmeside. Fris\u00f8r, klinikker, sportscentre og meget mere kan bruge SalonBooking. SureSMS er officielt SMS gateway for SalonBooking med det velafpr\u00f8vet add-on.<\/p>\n\n","protected":false},"excerpt":{"rendered":"<p>SMS-integration f\u00f6r kundsupportsystem \/ helpdesk Med SMS-integration f\u00f6r din kundsupportplattform eller helpdesk kan du skicka och ta emot SMS fr\u00e5n dina kunder i din kundsupport. SMS i helpdesk eller kundsupport F\u00f6r vissa organisationer kan det vara meningsfullt att erbjuda sina kunder, medlemmar, klienter och... <a title=\"SMS-integration f\u00f6r kundtj\u00e4nstsystem\" class=\"read-more\" href=\"https:\/\/suresms.com\/sv\/integrationer\/customer-support-systems-2\/\" aria-label=\"L\u00e4s mer om SMS-integration f\u00f6r kundtj\u00e4nstsystem\">L\u00e4s mer om det<\/a><\/p>","protected":false},"author":1,"featured_media":0,"parent":9400,"menu_order":1,"comment_status":"closed","ping_status":"closed","template":"","meta":{"_fl_builder_enabled":"1","_fl_builder_data":null,"_fl_builder_draft":null,"_fl_builder_data_settings":null,"_fl_builder_css":"","_fl_builder_css_version":"","_fl_builder_js":"","footnotes":""},"class_list":["post-14073","page","type-page","status-publish"],"yoast_head":"<!-- This site is optimized with the Yoast SEO Premium plugin v27.3 (Yoast SEO v27.3) - https:\/\/yoast.com\/product\/yoast-seo-premium-wordpress\/ -->\r\n<title>SMS integration til Customer Support Systemer - SMS integrationer til 2000+ systemer<\/title>\r\n<meta name=\"description\" content=\"SMS integrationer med 2000+ systemer. Mange forskellige muligheder og gratis ops\u00e6tning. API, webservice, JSON og meget mere\" \/>\r\n<meta name=\"robots\" content=\"index, follow, max-snippet:-1, max-image-preview:large, max-video-preview:-1\" \/>\r\n<link rel=\"canonical\" href=\"https:\/\/suresms.com\/sv\/integrationer\/kundtjanstsystem-2\/\" \/>\r\n<meta property=\"og:locale\" content=\"sv_SE\" \/>\r\n<meta property=\"og:type\" content=\"article\" \/>\r\n<meta property=\"og:title\" content=\"SMS integration til Customer Support Systemer\" \/>\r\n<meta property=\"og:description\" content=\"SMS integrationer med 2000+ systemer. Mange forskellige muligheder og gratis ops\u00e6tning. API, webservice, JSON og meget mere\" \/>\r\n<meta property=\"og:url\" content=\"https:\/\/suresms.com\/sv\/integrationer\/kundtjanstsystem-2\/\" \/>\r\n<meta property=\"article:publisher\" content=\"https:\/\/www.facebook.com\/p\/SureSMS-100044607956149\/\" \/>\r\n<meta property=\"article:modified_time\" content=\"2025-03-16T07:27:44+00:00\" \/>\r\n<meta property=\"og:image\" content=\"https:\/\/suresms.com\/wp-content\/uploads\/2020\/04\/paessler-150x150.png\" \/>\r\n<meta name=\"twitter:card\" content=\"summary_large_image\" \/>\r\n<meta name=\"twitter:label1\" content=\"Ber\u00e4knad l\u00e4stid\" \/>\n\t<meta name=\"twitter:data1\" content=\"6 minuter\" \/>\r\n<script type=\"application\/ld+json\" class=\"yoast-schema-graph\">{\"@context\":\"https:\\\/\\\/schema.org\",\"@graph\":[{\"@type\":\"WebPage\",\"@id\":\"https:\\\/\\\/suresms.com\\\/dk\\\/integrationer\\\/customer-support-systems-2\\\/\",\"url\":\"https:\\\/\\\/suresms.com\\\/dk\\\/integrationer\\\/customer-support-systems-2\\\/\",\"name\":\"SMS integration til Customer Support Systemer - SMS integrationer til 2000+ systemer\",\"isPartOf\":{\"@id\":\"https:\\\/\\\/suresms.com\\\/en\\\/#website\"},\"primaryImageOfPage\":{\"@id\":\"https:\\\/\\\/suresms.com\\\/dk\\\/integrationer\\\/customer-support-systems-2\\\/#primaryimage\"},\"image\":{\"@id\":\"https:\\\/\\\/suresms.com\\\/dk\\\/integrationer\\\/customer-support-systems-2\\\/#primaryimage\"},\"thumbnailUrl\":\"https:\\\/\\\/suresms.com\\\/wp-content\\\/uploads\\\/2020\\\/04\\\/paessler-150x150.png\",\"datePublished\":\"2021-12-09T06:19:01+00:00\",\"dateModified\":\"2025-03-16T07:27:44+00:00\",\"description\":\"SMS integrationer med 2000+ systemer. Mange forskellige muligheder og gratis ops\u00e6tning. API, webservice, JSON og meget mere\",\"breadcrumb\":{\"@id\":\"https:\\\/\\\/suresms.com\\\/dk\\\/integrationer\\\/customer-support-systems-2\\\/#breadcrumb\"},\"inLanguage\":\"sv-SE\",\"potentialAction\":[{\"@type\":\"ReadAction\",\"target\":[\"https:\\\/\\\/suresms.com\\\/dk\\\/integrationer\\\/customer-support-systems-2\\\/\"]}]},{\"@type\":\"ImageObject\",\"inLanguage\":\"sv-SE\",\"@id\":\"https:\\\/\\\/suresms.com\\\/dk\\\/integrationer\\\/customer-support-systems-2\\\/#primaryimage\",\"url\":\"https:\\\/\\\/suresms.com\\\/wp-content\\\/uploads\\\/2020\\\/04\\\/paessler-150x150.png\",\"contentUrl\":\"https:\\\/\\\/suresms.com\\\/wp-content\\\/uploads\\\/2020\\\/04\\\/paessler-150x150.png\"},{\"@type\":\"BreadcrumbList\",\"@id\":\"https:\\\/\\\/suresms.com\\\/dk\\\/integrationer\\\/customer-support-systems-2\\\/#breadcrumb\",\"itemListElement\":[{\"@type\":\"ListItem\",\"position\":1,\"name\":\"Home\",\"item\":\"https:\\\/\\\/suresms.com\\\/dk\\\/\"},{\"@type\":\"ListItem\",\"position\":2,\"name\":\"Integrationer\",\"item\":\"https:\\\/\\\/suresms.com\\\/dk\\\/integrationer\\\/\"},{\"@type\":\"ListItem\",\"position\":3,\"name\":\"SMS integration til Customer Support Systemer\"}]},{\"@type\":\"WebSite\",\"@id\":\"https:\\\/\\\/suresms.com\\\/en\\\/#website\",\"url\":\"https:\\\/\\\/suresms.com\\\/en\\\/\",\"name\":\"SureSMS\",\"description\":\"Professionel SMS Gateway\",\"publisher\":{\"@id\":\"https:\\\/\\\/suresms.com\\\/en\\\/#organization\"},\"potentialAction\":[{\"@type\":\"SearchAction\",\"target\":{\"@type\":\"EntryPoint\",\"urlTemplate\":\"https:\\\/\\\/suresms.com\\\/en\\\/?s={search_term_string}\"},\"query-input\":{\"@type\":\"PropertyValueSpecification\",\"valueRequired\":true,\"valueName\":\"search_term_string\"}}],\"inLanguage\":\"sv-SE\"},{\"@type\":\"Organization\",\"@id\":\"https:\\\/\\\/suresms.com\\\/en\\\/#organization\",\"name\":\"SureSMS\",\"url\":\"https:\\\/\\\/suresms.com\\\/en\\\/\",\"logo\":{\"@type\":\"ImageObject\",\"inLanguage\":\"sv-SE\",\"@id\":\"https:\\\/\\\/suresms.com\\\/en\\\/#\\\/schema\\\/logo\\\/image\\\/\",\"url\":\"https:\\\/\\\/suresms.com\\\/wp-content\\\/uploads\\\/2024\\\/11\\\/suresms-300x65-1.png\",\"contentUrl\":\"https:\\\/\\\/suresms.com\\\/wp-content\\\/uploads\\\/2024\\\/11\\\/suresms-300x65-1.png\",\"width\":300,\"height\":65,\"caption\":\"SureSMS\"},\"image\":{\"@id\":\"https:\\\/\\\/suresms.com\\\/en\\\/#\\\/schema\\\/logo\\\/image\\\/\"},\"sameAs\":[\"https:\\\/\\\/www.facebook.com\\\/p\\\/SureSMS-100044607956149\\\/\"]}]}<\/script>\r\n<!-- \/ Yoast SEO Premium plugin. -->","yoast_head_json":{"title":"SMS-integration f\u00f6r kundtj\u00e4nstsystem - SMS-integrationer f\u00f6r 2000+ system","description":"SMS-integrationer med 2000+ system. M\u00e5nga olika alternativ och gratis installation. API, webbtj\u00e4nst, JSON och mycket mer","robots":{"index":"index","follow":"follow","max-snippet":"max-snippet:-1","max-image-preview":"max-image-preview:large","max-video-preview":"max-video-preview:-1"},"canonical":"https:\/\/suresms.com\/sv\/integrationer\/kundtjanstsystem-2\/","og_locale":"sv_SE","og_type":"article","og_title":"SMS integration til Customer Support Systemer","og_description":"SMS integrationer med 2000+ systemer. Mange forskellige muligheder og gratis ops\u00e6tning. API, webservice, JSON og meget mere","og_url":"https:\/\/suresms.com\/sv\/integrationer\/kundtjanstsystem-2\/","article_publisher":"https:\/\/www.facebook.com\/p\/SureSMS-100044607956149\/","article_modified_time":"2025-03-16T07:27:44+00:00","og_image":[{"url":"https:\/\/suresms.com\/wp-content\/uploads\/2020\/04\/paessler-150x150.png","type":"","width":"","height":""}],"twitter_card":"summary_large_image","twitter_misc":{"Ber\u00e4knad l\u00e4stid":"6 minuter"},"schema":{"@context":"https:\/\/schema.org","@graph":[{"@type":"WebPage","@id":"https:\/\/suresms.com\/dk\/integrationer\/customer-support-systems-2\/","url":"https:\/\/suresms.com\/dk\/integrationer\/customer-support-systems-2\/","name":"SMS-integration f\u00f6r kundtj\u00e4nstsystem - SMS-integrationer f\u00f6r 2000+ system","isPartOf":{"@id":"https:\/\/suresms.com\/en\/#website"},"primaryImageOfPage":{"@id":"https:\/\/suresms.com\/dk\/integrationer\/customer-support-systems-2\/#primaryimage"},"image":{"@id":"https:\/\/suresms.com\/dk\/integrationer\/customer-support-systems-2\/#primaryimage"},"thumbnailUrl":"https:\/\/suresms.com\/wp-content\/uploads\/2020\/04\/paessler-150x150.png","datePublished":"2021-12-09T06:19:01+00:00","dateModified":"2025-03-16T07:27:44+00:00","description":"SMS-integrationer med 2000+ system. M\u00e5nga olika alternativ och gratis installation. API, webbtj\u00e4nst, JSON och mycket mer","breadcrumb":{"@id":"https:\/\/suresms.com\/dk\/integrationer\/customer-support-systems-2\/#breadcrumb"},"inLanguage":"sv-SE","potentialAction":[{"@type":"ReadAction","target":["https:\/\/suresms.com\/dk\/integrationer\/customer-support-systems-2\/"]}]},{"@type":"ImageObject","inLanguage":"sv-SE","@id":"https:\/\/suresms.com\/dk\/integrationer\/customer-support-systems-2\/#primaryimage","url":"https:\/\/suresms.com\/wp-content\/uploads\/2020\/04\/paessler-150x150.png","contentUrl":"https:\/\/suresms.com\/wp-content\/uploads\/2020\/04\/paessler-150x150.png"},{"@type":"BreadcrumbList","@id":"https:\/\/suresms.com\/dk\/integrationer\/customer-support-systems-2\/#breadcrumb","itemListElement":[{"@type":"ListItem","position":1,"name":"Home","item":"https:\/\/suresms.com\/dk\/"},{"@type":"ListItem","position":2,"name":"Integrationer","item":"https:\/\/suresms.com\/dk\/integrationer\/"},{"@type":"ListItem","position":3,"name":"SMS integration til Customer Support Systemer"}]},{"@type":"WebSite","@id":"https:\/\/suresms.com\/en\/#website","url":"https:\/\/suresms.com\/en\/","name":"SureSMS","description":"Professionell SMS Gateway","publisher":{"@id":"https:\/\/suresms.com\/en\/#organization"},"potentialAction":[{"@type":"SearchAction","target":{"@type":"EntryPoint","urlTemplate":"https:\/\/suresms.com\/en\/?s={search_term_string}"},"query-input":{"@type":"PropertyValueSpecification","valueRequired":true,"valueName":"search_term_string"}}],"inLanguage":"sv-SE"},{"@type":"Organization","@id":"https:\/\/suresms.com\/en\/#organization","name":"SureSMS","url":"https:\/\/suresms.com\/en\/","logo":{"@type":"ImageObject","inLanguage":"sv-SE","@id":"https:\/\/suresms.com\/en\/#\/schema\/logo\/image\/","url":"https:\/\/suresms.com\/wp-content\/uploads\/2024\/11\/suresms-300x65-1.png","contentUrl":"https:\/\/suresms.com\/wp-content\/uploads\/2024\/11\/suresms-300x65-1.png","width":300,"height":65,"caption":"SureSMS"},"image":{"@id":"https:\/\/suresms.com\/en\/#\/schema\/logo\/image\/"},"sameAs":["https:\/\/www.facebook.com\/p\/SureSMS-100044607956149\/"]}]}},"_links":{"self":[{"href":"https:\/\/suresms.com\/sv\/wp-json\/wp\/v2\/pages\/14073","targetHints":{"allow":["GET"]}}],"collection":[{"href":"https:\/\/suresms.com\/sv\/wp-json\/wp\/v2\/pages"}],"about":[{"href":"https:\/\/suresms.com\/sv\/wp-json\/wp\/v2\/types\/page"}],"author":[{"embeddable":true,"href":"https:\/\/suresms.com\/sv\/wp-json\/wp\/v2\/users\/1"}],"replies":[{"embeddable":true,"href":"https:\/\/suresms.com\/sv\/wp-json\/wp\/v2\/comments?post=14073"}],"version-history":[{"count":6,"href":"https:\/\/suresms.com\/sv\/wp-json\/wp\/v2\/pages\/14073\/revisions"}],"predecessor-version":[{"id":22469,"href":"https:\/\/suresms.com\/sv\/wp-json\/wp\/v2\/pages\/14073\/revisions\/22469"}],"up":[{"embeddable":true,"href":"https:\/\/suresms.com\/sv\/wp-json\/wp\/v2\/pages\/9400"}],"wp:attachment":[{"href":"https:\/\/suresms.com\/sv\/wp-json\/wp\/v2\/media?parent=14073"}],"curies":[{"name":"wp","href":"https:\/\/api.w.org\/{rel}","templated":true}]}}