{"id":13758,"date":"2021-10-25T12:38:19","date_gmt":"2021-10-25T10:38:19","guid":{"rendered":"https:\/\/www.suresms.com\/dk\/?page_id=13758"},"modified":"2024-12-02T09:16:36","modified_gmt":"2024-12-02T09:16:36","slug":"textmeddelande-papper","status":"publish","type":"page","link":"https:\/\/suresms.com\/sv\/integrationer\/booking-vikar-systemer\/cas-bookingsystem\/guide\/","title":{"rendered":"SMS-integration f\u00f6r CAS bokningssystem - guide"},"content":{"rendered":"<!-- Flexy Breadcrumb -->\r\n\t\t\t<div class=\"fbc fbc-page\">\r\n\r\n\t\t\t\t<!-- Breadcrumb wrapper -->\r\n\t\t\t\t<div class=\"fbc-wrap\">\r\n\r\n\t\t\t\t\t<!-- Ordered list-->\r\n\t\t\t\t\t<ol class=\"fbc-items\" itemscope itemtype=\"https:\/\/schema.org\/BreadcrumbList\">\r\n\t\t\t\t\t\t            <li itemprop=\"itemListElement\" itemscope itemtype=\"https:\/\/schema.org\/ListItem\">\r\n                <span itemprop=\"name\">\r\n                    <!-- Home Link -->\r\n                    <a itemprop=\"item\" href=\"https:\/\/suresms.com\/sv\/\">\r\n                    \r\n                                                    <i class=\"fa fa-home\" aria-hidden=\"true\"><\/i>Hem                    <\/a>\r\n                <\/span>\r\n                <meta itemprop=\"position\" content=\"1\" \/><!-- Meta Position-->\r\n             <\/li><li><span class=\"fbc-separator\">\/<\/span><\/li><li class=\"active\" itemprop=\"itemListElement\" itemscope itemtype=\"https:\/\/schema.org\/ListItem\"><span itemprop=\"name\" title=\"SMS-integration f\u00f6r CAS bokningssystem - guide\">SMS-integration f\u00f6r CAS...<\/span><meta itemprop=\"position\" content=\"2\" \/><\/li>\t\t\t\t\t<\/ol>\r\n\t\t\t\t\t<div class=\"clearfix\"><\/div>\r\n\t\t\t\t<\/div>\r\n\t\t\t<\/div>\r\n\t\t\t\n\t\t\t\t<img loading=\"lazy\" decoding=\"async\" src=\"https:\/\/suresms.com\/wp-content\/uploads\/2021\/10\/CASogSureSMS-1.png\" alt=\"CASogSureSMS\" itemprop=\"image\" height=\"200\" width=\"1400\" title=\"CASogSureSMS\" onerror=\"this.style.display='none'\">\n\t<h3>Guide f\u00f6r att st\u00e4lla in SMS fr\u00e5n CAS bokningssystem<\/h3>\n\t<p>F\u00f6r att anv\u00e4nda SMS i CAS bokningssystem beh\u00f6ver du ett konto hos SureSMS. Det \u00e4r gratis att skapa och det finns ingen prenumeration. Det kostar 31 \u00f6re per SMS att skicka till danska nummer. Ett SMS kan vara 160 tecken l\u00e5ngt, om du skriver mer \u00e4n 160 tecken m\u00e5ste du betala f\u00f6r 2 SMS-meddelanden.<\/p>\n<p>N\u00e4r du har ett konto med SureSMS m\u00e5ste du st\u00e4lla in det i CAS-bokningssystemet. Nedan finns instruktioner f\u00f6r att skapa ett konto med SureSMS och sedan st\u00e4lla in det i CAS Booking System.<\/p>\n\t<ul>\n\t\t<li>\t\t\t\t\n\t\t<h3>Skapa ett konto<\/h3><p>F\u00f6rst m\u00e5ste du skapa ett konto h\u00e4r p\u00e5 SureSMS-webbplatsen. \u00d6ppna den h\u00e4r l\u00e4nken och fyll i informationen: <a href=\"https:\/\/suresms.com\/sv\/bestallning\/gratis-sms-testkonto\/\">Skapa konto<\/a><\/p><\/li><li>\t\t\t\t\n\t\t<h3>F\u00e5 e-post med information<\/h3><p>N\u00e4r du f\u00e5r ett v\u00e4lkomstmeddelande med information om ditt konto ska du svara med f\u00f6ljande information:<\/p><ol><li>CAS Booking-systemets anv\u00e4ndare i \u00e4mnesf\u00e4ltet<\/li><li>Ditt CVR-nummer<\/li><li>E-postadressen som vi ska skicka fakturan till<\/li><li>Vilken avs\u00e4ndare du vill ha. OBS: Du kan skriva maximalt 11 tecken inklusive mellanslag i avs\u00e4ndaren<\/li><\/ol><\/li><li>\t\t\t\t\n\t\t<h3>Inst\u00e4llning i CAS Bokning<\/h3><table border=\"0\">\n<tbody>\n<tr>\n<td width=\"400\">Nu \u00e4r det dags att st\u00e4lla in i CAS Booking System. Under 'Inst\u00e4llningar' i administrationen hittar du 'SMS-inst\u00e4llningar'. H\u00e4r anger du ditt anv\u00e4ndarnamn och l\u00f6senord som du har f\u00e5tt via e-post och SMS samt ditt avs\u00e4ndarnamn (din arbetsplats) fr\u00e5n steg 4<\/td>\n<td><img loading=\"lazy\" decoding=\"async\" src=\"https:\/\/suresms.com\/wp-content\/uploads\/2024\/12\/CAS-Booking-opsaetning-01.png\" alt=\"\" width=\"700\" height=\"372\"><\/td>\n<\/tr>\n<\/tbody>\n<\/table>\n<\/li><li>\t\t\t\t\n\t\t<h3>Testupps\u00e4ttning<\/h3><p>N\u00e4r du har f\u00e5tt svar p\u00e5 det e-postmeddelande som du skickade i steg 4 kan du f\u00f6rs\u00f6ka skicka ett SMS direkt under installationen.<\/p><\/li>\t<\/ul>\n\n\n\n<p><\/p>","protected":false},"excerpt":{"rendered":"<p>Guide f\u00f6r att st\u00e4lla in SMS fr\u00e5n CAS Booking System F\u00f6r att anv\u00e4nda SMS i CAS Booking System beh\u00f6ver du ett konto hos SureSMS. Det \u00e4r gratis att skapa och det finns inget abonnemang. Det kostar 31 \u00f6re per SMS att skicka till danska nummer. Ett SMS kan vara 160 tecken, om du skriver mer \u00e4n 160 tecken, ... <a title=\"SMS-integration f\u00f6r CAS bokningssystem - guide\" class=\"read-more\" href=\"https:\/\/suresms.com\/sv\/integrationer\/booking-vikar-systemer\/cas-bookingsystem\/guide\/\" aria-label=\"L\u00e4s mer om SMS-integration f\u00f6r CAS bokningssystem - guide\">L\u00e4s mer om det<\/a><\/p>","protected":false},"author":1,"featured_media":0,"parent":19373,"menu_order":1,"comment_status":"closed","ping_status":"closed","template":"","meta":{"_fl_builder_enabled":"1","_fl_builder_data":null,"_fl_builder_draft":null,"_fl_builder_data_settings":null,"_fl_builder_css":"","_fl_builder_css_version":"","_fl_builder_js":"","footnotes":""},"categories":[],"tags":[],"class_list":["post-13758","page","type-page","status-publish"],"yoast_head":"<!-- This site is optimized with the Yoast SEO Premium plugin v27.3 (Yoast SEO v27.3) - https:\/\/yoast.com\/product\/yoast-seo-premium-wordpress\/ -->\r\n<title>SMS integration til CAS bookingsystem - guide -<\/title>\r\n<meta name=\"description\" content=\"SMS integration til CAS booking-system. SureSMS har lavet en komplet SMS integration s\u00e5 du kan sende SMS fra CAS booking.\" \/>\r\n<meta name=\"robots\" content=\"noindex, nofollow\" \/>\r\n<meta property=\"og:locale\" content=\"sv_SE\" \/>\r\n<meta property=\"og:type\" content=\"article\" \/>\r\n<meta property=\"og:title\" content=\"SMS integration til CAS bookingsystem - guide\" \/>\r\n<meta property=\"og:description\" content=\"SMS integration til CAS booking-system. SureSMS har lavet en komplet SMS integration s\u00e5 du kan sende SMS fra CAS booking.\" \/>\r\n<meta property=\"og:url\" content=\"https:\/\/suresms.com\/sv\/integrationer\/bokningssystem-for-vikarier\/bokningssystem-for-arenden\/textmeddelande-papper\/\" \/>\r\n<meta property=\"article:publisher\" content=\"https:\/\/www.facebook.com\/p\/SureSMS-100044607956149\/\" \/>\r\n<meta property=\"article:modified_time\" content=\"2024-12-02T09:16:36+00:00\" \/>\r\n<meta property=\"og:image\" content=\"https:\/\/suresms.com\/wp-content\/uploads\/2021\/10\/CASogSureSMS-1.png\" \/>\r\n<meta name=\"twitter:card\" content=\"summary_large_image\" \/>\r\n<meta name=\"twitter:label1\" content=\"Ber\u00e4knad l\u00e4stid\" \/>\n\t<meta name=\"twitter:data1\" content=\"6 minuter\" \/>\r\n<script type=\"application\/ld+json\" class=\"yoast-schema-graph\">{\"@context\":\"https:\\\/\\\/schema.org\",\"@graph\":[{\"@type\":\"WebPage\",\"@id\":\"https:\\\/\\\/suresms.com\\\/dk\\\/integrationer\\\/booking-vikar-systemer\\\/cas-bookingsystem\\\/guide\\\/\",\"url\":\"https:\\\/\\\/suresms.com\\\/dk\\\/integrationer\\\/booking-vikar-systemer\\\/cas-bookingsystem\\\/guide\\\/\",\"name\":\"SMS integration til CAS bookingsystem - guide -\",\"isPartOf\":{\"@id\":\"https:\\\/\\\/suresms.com\\\/en\\\/#website\"},\"primaryImageOfPage\":{\"@id\":\"https:\\\/\\\/suresms.com\\\/dk\\\/integrationer\\\/booking-vikar-systemer\\\/cas-bookingsystem\\\/guide\\\/#primaryimage\"},\"image\":{\"@id\":\"https:\\\/\\\/suresms.com\\\/dk\\\/integrationer\\\/booking-vikar-systemer\\\/cas-bookingsystem\\\/guide\\\/#primaryimage\"},\"thumbnailUrl\":\"https:\\\/\\\/suresms.com\\\/wp-content\\\/uploads\\\/2021\\\/10\\\/CASogSureSMS-1.png\",\"datePublished\":\"2021-10-25T10:38:19+00:00\",\"dateModified\":\"2024-12-02T09:16:36+00:00\",\"description\":\"SMS integration til CAS booking-system. SureSMS har lavet en komplet SMS integration s\u00e5 du kan sende SMS fra CAS booking.\",\"breadcrumb\":{\"@id\":\"https:\\\/\\\/suresms.com\\\/dk\\\/integrationer\\\/booking-vikar-systemer\\\/cas-bookingsystem\\\/guide\\\/#breadcrumb\"},\"inLanguage\":\"sv-SE\",\"potentialAction\":[{\"@type\":\"ReadAction\",\"target\":[\"https:\\\/\\\/suresms.com\\\/dk\\\/integrationer\\\/booking-vikar-systemer\\\/cas-bookingsystem\\\/guide\\\/\"]}]},{\"@type\":\"ImageObject\",\"inLanguage\":\"sv-SE\",\"@id\":\"https:\\\/\\\/suresms.com\\\/dk\\\/integrationer\\\/booking-vikar-systemer\\\/cas-bookingsystem\\\/guide\\\/#primaryimage\",\"url\":\"https:\\\/\\\/suresms.com\\\/wp-content\\\/uploads\\\/2021\\\/10\\\/CASogSureSMS-1.png\",\"contentUrl\":\"https:\\\/\\\/suresms.com\\\/wp-content\\\/uploads\\\/2021\\\/10\\\/CASogSureSMS-1.png\"},{\"@type\":\"BreadcrumbList\",\"@id\":\"https:\\\/\\\/suresms.com\\\/dk\\\/integrationer\\\/booking-vikar-systemer\\\/cas-bookingsystem\\\/guide\\\/#breadcrumb\",\"itemListElement\":[{\"@type\":\"ListItem\",\"position\":1,\"name\":\"Home\",\"item\":\"https:\\\/\\\/suresms.com\\\/dk\\\/\"},{\"@type\":\"ListItem\",\"position\":2,\"name\":\"Integrationer\",\"item\":\"https:\\\/\\\/suresms.com\\\/dk\\\/integrationer\\\/\"},{\"@type\":\"ListItem\",\"position\":3,\"name\":\"SMS integration til Booking- og vikar systemer\",\"item\":\"https:\\\/\\\/suresms.com\\\/dk\\\/integrationer\\\/booking-vikar-systemer\\\/\"},{\"@type\":\"ListItem\",\"position\":4,\"name\":\"SMS integration til CAS bookingsystem\",\"item\":\"https:\\\/\\\/suresms.com\\\/dk\\\/integrationer\\\/booking-vikar-systemer\\\/cas-bookingsystem\\\/\"},{\"@type\":\"ListItem\",\"position\":5,\"name\":\"SMS integration til CAS bookingsystem &#8211; guide\"}]},{\"@type\":\"WebSite\",\"@id\":\"https:\\\/\\\/suresms.com\\\/en\\\/#website\",\"url\":\"https:\\\/\\\/suresms.com\\\/en\\\/\",\"name\":\"SureSMS\",\"description\":\"Professionel SMS Gateway\",\"publisher\":{\"@id\":\"https:\\\/\\\/suresms.com\\\/en\\\/#organization\"},\"potentialAction\":[{\"@type\":\"SearchAction\",\"target\":{\"@type\":\"EntryPoint\",\"urlTemplate\":\"https:\\\/\\\/suresms.com\\\/en\\\/?s={search_term_string}\"},\"query-input\":{\"@type\":\"PropertyValueSpecification\",\"valueRequired\":true,\"valueName\":\"search_term_string\"}}],\"inLanguage\":\"sv-SE\"},{\"@type\":\"Organization\",\"@id\":\"https:\\\/\\\/suresms.com\\\/en\\\/#organization\",\"name\":\"SureSMS\",\"url\":\"https:\\\/\\\/suresms.com\\\/en\\\/\",\"logo\":{\"@type\":\"ImageObject\",\"inLanguage\":\"sv-SE\",\"@id\":\"https:\\\/\\\/suresms.com\\\/en\\\/#\\\/schema\\\/logo\\\/image\\\/\",\"url\":\"https:\\\/\\\/suresms.com\\\/wp-content\\\/uploads\\\/2024\\\/11\\\/suresms-300x65-1.png\",\"contentUrl\":\"https:\\\/\\\/suresms.com\\\/wp-content\\\/uploads\\\/2024\\\/11\\\/suresms-300x65-1.png\",\"width\":300,\"height\":65,\"caption\":\"SureSMS\"},\"image\":{\"@id\":\"https:\\\/\\\/suresms.com\\\/en\\\/#\\\/schema\\\/logo\\\/image\\\/\"},\"sameAs\":[\"https:\\\/\\\/www.facebook.com\\\/p\\\/SureSMS-100044607956149\\\/\"]}]}<\/script>\r\n<!-- \/ Yoast SEO Premium plugin. -->","yoast_head_json":{"title":"SMS-integration f\u00f6r CAS bokningssystem - guide","description":"SMS-integration f\u00f6r CAS bokningssystem. SureSMS har skapat en komplett SMS-integration s\u00e5 att du kan skicka SMS fr\u00e5n CAS-bokning.","robots":{"index":"noindex","follow":"nofollow"},"og_locale":"sv_SE","og_type":"article","og_title":"SMS integration til CAS bookingsystem - guide","og_description":"SMS integration til CAS booking-system. SureSMS har lavet en komplet SMS integration s\u00e5 du kan sende SMS fra CAS booking.","og_url":"https:\/\/suresms.com\/sv\/integrationer\/bokningssystem-for-vikarier\/bokningssystem-for-arenden\/textmeddelande-papper\/","article_publisher":"https:\/\/www.facebook.com\/p\/SureSMS-100044607956149\/","article_modified_time":"2024-12-02T09:16:36+00:00","og_image":[{"url":"https:\/\/suresms.com\/wp-content\/uploads\/2021\/10\/CASogSureSMS-1.png","type":"","width":"","height":""}],"twitter_card":"summary_large_image","twitter_misc":{"Ber\u00e4knad l\u00e4stid":"6 minuter"},"schema":{"@context":"https:\/\/schema.org","@graph":[{"@type":"WebPage","@id":"https:\/\/suresms.com\/dk\/integrationer\/booking-vikar-systemer\/cas-bookingsystem\/guide\/","url":"https:\/\/suresms.com\/dk\/integrationer\/booking-vikar-systemer\/cas-bookingsystem\/guide\/","name":"SMS-integration f\u00f6r CAS bokningssystem - guide","isPartOf":{"@id":"https:\/\/suresms.com\/en\/#website"},"primaryImageOfPage":{"@id":"https:\/\/suresms.com\/dk\/integrationer\/booking-vikar-systemer\/cas-bookingsystem\/guide\/#primaryimage"},"image":{"@id":"https:\/\/suresms.com\/dk\/integrationer\/booking-vikar-systemer\/cas-bookingsystem\/guide\/#primaryimage"},"thumbnailUrl":"https:\/\/suresms.com\/wp-content\/uploads\/2021\/10\/CASogSureSMS-1.png","datePublished":"2021-10-25T10:38:19+00:00","dateModified":"2024-12-02T09:16:36+00:00","description":"SMS-integration f\u00f6r CAS bokningssystem. SureSMS har skapat en komplett SMS-integration s\u00e5 att du kan skicka SMS fr\u00e5n CAS-bokning.","breadcrumb":{"@id":"https:\/\/suresms.com\/dk\/integrationer\/booking-vikar-systemer\/cas-bookingsystem\/guide\/#breadcrumb"},"inLanguage":"sv-SE","potentialAction":[{"@type":"ReadAction","target":["https:\/\/suresms.com\/dk\/integrationer\/booking-vikar-systemer\/cas-bookingsystem\/guide\/"]}]},{"@type":"ImageObject","inLanguage":"sv-SE","@id":"https:\/\/suresms.com\/dk\/integrationer\/booking-vikar-systemer\/cas-bookingsystem\/guide\/#primaryimage","url":"https:\/\/suresms.com\/wp-content\/uploads\/2021\/10\/CASogSureSMS-1.png","contentUrl":"https:\/\/suresms.com\/wp-content\/uploads\/2021\/10\/CASogSureSMS-1.png"},{"@type":"BreadcrumbList","@id":"https:\/\/suresms.com\/dk\/integrationer\/booking-vikar-systemer\/cas-bookingsystem\/guide\/#breadcrumb","itemListElement":[{"@type":"ListItem","position":1,"name":"Home","item":"https:\/\/suresms.com\/dk\/"},{"@type":"ListItem","position":2,"name":"Integrationer","item":"https:\/\/suresms.com\/dk\/integrationer\/"},{"@type":"ListItem","position":3,"name":"SMS integration til Booking- og vikar systemer","item":"https:\/\/suresms.com\/dk\/integrationer\/booking-vikar-systemer\/"},{"@type":"ListItem","position":4,"name":"SMS integration til CAS bookingsystem","item":"https:\/\/suresms.com\/dk\/integrationer\/booking-vikar-systemer\/cas-bookingsystem\/"},{"@type":"ListItem","position":5,"name":"SMS integration til CAS bookingsystem &#8211; guide"}]},{"@type":"WebSite","@id":"https:\/\/suresms.com\/en\/#website","url":"https:\/\/suresms.com\/en\/","name":"SureSMS","description":"Professionell SMS Gateway","publisher":{"@id":"https:\/\/suresms.com\/en\/#organization"},"potentialAction":[{"@type":"SearchAction","target":{"@type":"EntryPoint","urlTemplate":"https:\/\/suresms.com\/en\/?s={search_term_string}"},"query-input":{"@type":"PropertyValueSpecification","valueRequired":true,"valueName":"search_term_string"}}],"inLanguage":"sv-SE"},{"@type":"Organization","@id":"https:\/\/suresms.com\/en\/#organization","name":"SureSMS","url":"https:\/\/suresms.com\/en\/","logo":{"@type":"ImageObject","inLanguage":"sv-SE","@id":"https:\/\/suresms.com\/en\/#\/schema\/logo\/image\/","url":"https:\/\/suresms.com\/wp-content\/uploads\/2024\/11\/suresms-300x65-1.png","contentUrl":"https:\/\/suresms.com\/wp-content\/uploads\/2024\/11\/suresms-300x65-1.png","width":300,"height":65,"caption":"SureSMS"},"image":{"@id":"https:\/\/suresms.com\/en\/#\/schema\/logo\/image\/"},"sameAs":["https:\/\/www.facebook.com\/p\/SureSMS-100044607956149\/"]}]}},"_links":{"self":[{"href":"https:\/\/suresms.com\/sv\/wp-json\/wp\/v2\/pages\/13758","targetHints":{"allow":["GET"]}}],"collection":[{"href":"https:\/\/suresms.com\/sv\/wp-json\/wp\/v2\/pages"}],"about":[{"href":"https:\/\/suresms.com\/sv\/wp-json\/wp\/v2\/types\/page"}],"author":[{"embeddable":true,"href":"https:\/\/suresms.com\/sv\/wp-json\/wp\/v2\/users\/1"}],"replies":[{"embeddable":true,"href":"https:\/\/suresms.com\/sv\/wp-json\/wp\/v2\/comments?post=13758"}],"version-history":[{"count":7,"href":"https:\/\/suresms.com\/sv\/wp-json\/wp\/v2\/pages\/13758\/revisions"}],"predecessor-version":[{"id":19383,"href":"https:\/\/suresms.com\/sv\/wp-json\/wp\/v2\/pages\/13758\/revisions\/19383"}],"up":[{"embeddable":true,"href":"https:\/\/suresms.com\/sv\/wp-json\/wp\/v2\/pages\/19373"}],"wp:attachment":[{"href":"https:\/\/suresms.com\/sv\/wp-json\/wp\/v2\/media?parent=13758"}],"wp:term":[{"taxonomy":"category","embeddable":true,"href":"https:\/\/suresms.com\/sv\/wp-json\/wp\/v2\/categories?post=13758"},{"taxonomy":"post_tag","embeddable":true,"href":"https:\/\/suresms.com\/sv\/wp-json\/wp\/v2\/tags?post=13758"}],"curies":[{"name":"wp","href":"https:\/\/api.w.org\/{rel}","templated":true}]}}