{"id":1076,"date":"2015-02-26T15:14:08","date_gmt":"2015-02-26T13:14:08","guid":{"rendered":"https:\/\/www.suresms.com\/dk\/?page_id=1076"},"modified":"2024-12-06T13:00:45","modified_gmt":"2024-12-06T13:00:45","slug":"sms-mallar","status":"publish","type":"page","link":"https:\/\/suresms.com\/sv\/funktioner\/sms-skabeloner\/","title":{"rendered":"SMS-mallar"},"content":{"rendered":"<!-- Flexy Breadcrumb -->\r\n\t\t\t<div class=\"fbc fbc-page\">\r\n\r\n\t\t\t\t<!-- Breadcrumb wrapper -->\r\n\t\t\t\t<div class=\"fbc-wrap\">\r\n\r\n\t\t\t\t\t<!-- Ordered list-->\r\n\t\t\t\t\t<ol class=\"fbc-items\" itemscope itemtype=\"https:\/\/schema.org\/BreadcrumbList\">\r\n\t\t\t\t\t\t            <li itemprop=\"itemListElement\" itemscope itemtype=\"https:\/\/schema.org\/ListItem\">\r\n                <span itemprop=\"name\">\r\n                    <!-- Home Link -->\r\n                    <a itemprop=\"item\" href=\"https:\/\/suresms.com\/sv\/\">\r\n                    \r\n                                                    <i class=\"fa fa-home\" aria-hidden=\"true\"><\/i>Hem                    <\/a>\r\n                <\/span>\r\n                <meta itemprop=\"position\" content=\"1\" \/><!-- Meta Position-->\r\n             <\/li><li><span class=\"fbc-separator\">\/<\/span><\/li><li class=\"active\" itemprop=\"itemListElement\" itemscope itemtype=\"https:\/\/schema.org\/ListItem\"><span itemprop=\"name\" title=\"SMS-mallar\">SMS-mallar<\/span><meta itemprop=\"position\" content=\"2\" \/><\/li>\t\t\t\t\t<\/ol>\r\n\t\t\t\t\t<div class=\"clearfix\"><\/div>\r\n\t\t\t\t<\/div>\r\n\t\t\t<\/div>\r\n\t\t\t\n<h1>\n\t\tSMS-mallar\n\t<\/h1>\n\t<p>M\u00e5nga av v\u00e5ra kunder skickar ofta ut samma typ av meddelanden till kunder eller aff\u00e4rspartners om och om igen. D\u00e5 kan det vara bra att utnyttja m\u00f6jligheten att skapa mallar i v\u00e5rt SMS-system.<\/p>\n<p><strong>Med en mall kan du spara b\u00e5de arbetstid och se till att alla dina anv\u00e4ndare f\u00e5r den allra b\u00e4sta servicen!<\/strong><\/p>\n<p>En mall \u00e4r en text som du kan anv\u00e4nda m\u00e5nga g\u00e5nger. Ist\u00e4llet f\u00f6r att skriva meddelandet varje g\u00e5ng du ska skicka det, kan du skapa en mall. N\u00e4r du har skapat mallen kan du v\u00e4lja den i en lista och det meddelande du har valt skickas automatiskt.<\/p>\n<p>&nbsp;<\/p>\n\t<ul>\n\t\t<li>\t\t\t\t\n\t\t<h3>Olika mallar<\/h3><p>Det \u00e4r m\u00f6jligt att skapa alla mallar du beh\u00f6ver. Om du t.ex. beh\u00f6ver skicka meddelandet \"Kom ih\u00e5g din tid...\", men ocks\u00e5 beh\u00f6ver skicka meddelandet \"Dina varor har anl\u00e4nt...\", skapar du helt enkelt tv\u00e5 olika mallar.<\/p><\/li><li>\t\t\t\t\n\t\t<h3>Enkel administration<\/h3><p>Fr\u00e5n v\u00e5r webbplats \u00e4r det enkelt att skapa, redigera och ta bort mallar f\u00f6r alla \u00e4ndam\u00e5l. Och det finns m\u00f6jlighet till ett obegr\u00e4nsat antal mallar f\u00f6r alla \u00e4ndam\u00e5l.<\/p><\/li><li>\t\t\t\t\n\t\t<h3>Personliga meddelanden<\/h3><p>Om du vill personalisera dina meddelanden f\u00f6r att f\u00e5 b\u00e4ttre kundrespons kan du v\u00e4lja att sl\u00e5 samman namn i meddelandena s\u00e5 att du inte kompromissar och levererar personliga meddelanden till dina kunder. Se mer om funktionen Sammanfoga personliga meddelanden i grupper h\u00e4r<\/p><\/li>\t<\/ul>\n\t<p>L\u00e4s guiden om <a href=\"https:\/\/suresms.com\/sv\/dokument\/konto-3\/stationsnamn-3\/#___Brug_af_skabeloner__\">Anv\u00e4nd mallar h\u00e4r<\/a>.<\/p>\n\t\t<h4>Vill du skapa ett konto omedelbart? <\/h4>\n\t\t<p>Vi \u00e4r redo och v\u00e4ntar p\u00e5 att f\u00e5 v\u00e4lkomna dig som kund hos SureSMS!<\/p>\n\t\t\t<a href=\"https:\/\/suresms.com\/sv\/skapa-sms-gateway-konto\/\" target=\"_self\">\n\t\t\t\t\t\t\tSkapa ett SureSMS-konto!\n\t\t\t\t\t<\/a>\n\t\t<h4>Best\u00e4ll en 2-v\u00e4gs l\u00f6sning!<\/h4>\n\t\t<p>Har du redan ett konto? Best\u00e4ll en 2-v\u00e4gsl\u00f6sning och f\u00e5 de extra alternativ som din egen l\u00f6sning erbjuder.\u00a0<\/p>\n\t\t\t<a href=\"https:\/\/suresms.com\/sv\/bestall-2-vags-lossning\/\" target=\"_self\">\n\t\t\t\t\t\t\tBest\u00e4ll 2-v\u00e4gs l\u00f6sning\n\t\t\t\t\t<\/a>\n\t<h4><strong>H\u00e4r kan du l\u00e4sa n\u00e5gra exempel p\u00e5 hur v\u00e5ra kunder anv\u00e4nder funktionen idag: \"E-mail2SMS\"<\/strong><\/h4>\n<ul>\n<li>Flera kommuner anv\u00e4nder E-mail2SMS fr\u00e5n SureSMS f\u00f6r att \u00f6vervaka sin IT. En ny trend bland hackare \u00e4r att skicka virus som krypterar mottagarens data och sedan kr\u00e4ver en l\u00f6sensumma f\u00f6r att sl\u00e4ppa den igen. Ju snabbare delade h\u00e5rddiskar etc. kopplas bort fr\u00e5n n\u00e4tverket, desto mindre blir skadan. \u00d6vervakningen anv\u00e4nder e-mail2SMS f\u00f6r att skicka ett SMS till kommunens supportrar s\u00e5 att de kan reagera snabbt och minimera skadan.<\/li>\n<li>Bland v\u00e5ra kunder finns flera stora dator- och elektronikf\u00f6retag som har integrerat v\u00e5r e-mail2SMS-l\u00f6sning i sina system. Systemen skickar ett SMS till kunderna om statusen p\u00e5 deras service\u00e4rende.<\/li>\n<li>Samma l\u00e4ttintegrerade funktion anv\u00e4nds av flera f\u00f6rs\u00e4kringsbolag f\u00f6r att skicka statusmeddelanden till kunder om deras skador och andra f\u00f6rs\u00e4krings\u00e4renden.<\/li>\n<li>Och s\u00e5 har vi ocks\u00e5 en driftig tr\u00e4dg\u00e5rdsf\u00f6rening fr\u00e5n det gr\u00f6na Amager, som skickar ut inbjudningar till st\u00e4mmor och annan information och evenemang till sina kolonister. <strong>L\u00e5t Danmark blomma och v\u00e5ren komma!<\/strong><\/li>\n<\/ul>","protected":false},"excerpt":{"rendered":"<p>SMS-mallar M\u00e5nga av v\u00e5ra kunder skickar ofta ut samma typ av meddelanden till kunder eller aff\u00e4rspartners om och om igen. D\u00e5 \u00e4r det en god id\u00e9 att anv\u00e4nda m\u00f6jligheten att skapa mallar i v\u00e5rt SMS-system. Med en mall kan du spara tid och se till att alla dina anv\u00e4ndare f\u00e5r det allra b\u00e4sta... <a title=\"SMS-mallar\" class=\"read-more\" href=\"https:\/\/suresms.com\/sv\/funktioner\/sms-skabeloner\/\" aria-label=\"L\u00e4s mer om SMS-mallar\">L\u00e4s mer om det<\/a><\/p>","protected":false},"author":1,"featured_media":0,"parent":958,"menu_order":8,"comment_status":"closed","ping_status":"closed","template":"","meta":{"_fl_builder_enabled":"1","_fl_builder_data":null,"_fl_builder_draft":null,"_fl_builder_data_settings":null,"_fl_builder_css":"","_fl_builder_css_version":"","_fl_builder_js":"","footnotes":""},"categories":[17],"tags":[],"class_list":{"0":"post-1076","1":"page","2":"type-page","3":"status-publish","5":"category-linkfracornorstone"},"yoast_head":"<!-- This site is optimized with the Yoast SEO Premium plugin v27.3 (Yoast SEO v27.3) - https:\/\/yoast.com\/product\/yoast-seo-premium-wordpress\/ -->\r\n<title>SMS Templates | Opret let mange SMS skabeloner og spar tid<\/title>\r\n<meta name=\"description\" content=\"Skal du sende mange ens beskeder? Opret nemt SMS skabeloner og spar tid og arbejde. gratis funktion . Opret gratis testkonto inkl. 100 SMS&#039;er og pr\u00f8v nu.\" \/>\r\n<meta name=\"robots\" content=\"index, follow, max-snippet:-1, max-image-preview:large, max-video-preview:-1\" \/>\r\n<link rel=\"canonical\" href=\"https:\/\/suresms.com\/sv\/funktioner\/sms-mallar\/\" \/>\r\n<meta property=\"og:locale\" content=\"sv_SE\" \/>\r\n<meta property=\"og:type\" content=\"article\" \/>\r\n<meta property=\"og:title\" content=\"SMS skabeloner\" \/>\r\n<meta property=\"og:description\" content=\"Skal du sende mange ens beskeder? Opret nemt SMS skabeloner og spar tid og arbejde. gratis funktion . Opret gratis testkonto inkl. 100 SMS&#039;er og pr\u00f8v nu.\" \/>\r\n<meta property=\"og:url\" content=\"https:\/\/suresms.com\/sv\/funktioner\/sms-mallar\/\" \/>\r\n<meta property=\"article:publisher\" content=\"https:\/\/www.facebook.com\/p\/SureSMS-100044607956149\/\" \/>\r\n<meta property=\"article:modified_time\" content=\"2024-12-06T13:00:45+00:00\" \/>\r\n<meta name=\"twitter:card\" content=\"summary_large_image\" \/>\r\n<meta name=\"twitter:label1\" content=\"Ber\u00e4knad l\u00e4stid\" \/>\n\t<meta name=\"twitter:data1\" content=\"7 minuter\" \/>\r\n<script type=\"application\/ld+json\" class=\"yoast-schema-graph\">{\"@context\":\"https:\\\/\\\/schema.org\",\"@graph\":[{\"@type\":\"WebPage\",\"@id\":\"https:\\\/\\\/suresms.com\\\/dk\\\/funktioner\\\/sms-skabeloner\\\/\",\"url\":\"https:\\\/\\\/suresms.com\\\/dk\\\/funktioner\\\/sms-skabeloner\\\/\",\"name\":\"SMS Templates | Opret let mange SMS skabeloner og spar tid\",\"isPartOf\":{\"@id\":\"https:\\\/\\\/suresms.com\\\/en\\\/#website\"},\"datePublished\":\"2015-02-26T13:14:08+00:00\",\"dateModified\":\"2024-12-06T13:00:45+00:00\",\"description\":\"Skal du sende mange ens beskeder? Opret nemt SMS skabeloner og spar tid og arbejde. gratis funktion . Opret gratis testkonto inkl. 100 SMS'er og pr\u00f8v nu.\",\"breadcrumb\":{\"@id\":\"https:\\\/\\\/suresms.com\\\/dk\\\/funktioner\\\/sms-skabeloner\\\/#breadcrumb\"},\"inLanguage\":\"sv-SE\",\"potentialAction\":[{\"@type\":\"ReadAction\",\"target\":[\"https:\\\/\\\/suresms.com\\\/dk\\\/funktioner\\\/sms-skabeloner\\\/\"]}]},{\"@type\":\"BreadcrumbList\",\"@id\":\"https:\\\/\\\/suresms.com\\\/dk\\\/funktioner\\\/sms-skabeloner\\\/#breadcrumb\",\"itemListElement\":[{\"@type\":\"ListItem\",\"position\":1,\"name\":\"Home\",\"item\":\"https:\\\/\\\/suresms.com\\\/dk\\\/\"},{\"@type\":\"ListItem\",\"position\":2,\"name\":\"Funktioner\",\"item\":\"https:\\\/\\\/suresms.com\\\/dk\\\/funktioner\\\/\"},{\"@type\":\"ListItem\",\"position\":3,\"name\":\"SMS skabeloner\"}]},{\"@type\":\"WebSite\",\"@id\":\"https:\\\/\\\/suresms.com\\\/en\\\/#website\",\"url\":\"https:\\\/\\\/suresms.com\\\/en\\\/\",\"name\":\"SureSMS\",\"description\":\"Professionel SMS Gateway\",\"publisher\":{\"@id\":\"https:\\\/\\\/suresms.com\\\/en\\\/#organization\"},\"potentialAction\":[{\"@type\":\"SearchAction\",\"target\":{\"@type\":\"EntryPoint\",\"urlTemplate\":\"https:\\\/\\\/suresms.com\\\/en\\\/?s={search_term_string}\"},\"query-input\":{\"@type\":\"PropertyValueSpecification\",\"valueRequired\":true,\"valueName\":\"search_term_string\"}}],\"inLanguage\":\"sv-SE\"},{\"@type\":\"Organization\",\"@id\":\"https:\\\/\\\/suresms.com\\\/en\\\/#organization\",\"name\":\"SureSMS\",\"url\":\"https:\\\/\\\/suresms.com\\\/en\\\/\",\"logo\":{\"@type\":\"ImageObject\",\"inLanguage\":\"sv-SE\",\"@id\":\"https:\\\/\\\/suresms.com\\\/en\\\/#\\\/schema\\\/logo\\\/image\\\/\",\"url\":\"https:\\\/\\\/suresms.com\\\/wp-content\\\/uploads\\\/2024\\\/11\\\/suresms-300x65-1.png\",\"contentUrl\":\"https:\\\/\\\/suresms.com\\\/wp-content\\\/uploads\\\/2024\\\/11\\\/suresms-300x65-1.png\",\"width\":300,\"height\":65,\"caption\":\"SureSMS\"},\"image\":{\"@id\":\"https:\\\/\\\/suresms.com\\\/en\\\/#\\\/schema\\\/logo\\\/image\\\/\"},\"sameAs\":[\"https:\\\/\\\/www.facebook.com\\\/p\\\/SureSMS-100044607956149\\\/\"]}]}<\/script>\r\n<!-- \/ Yoast SEO Premium plugin. -->","yoast_head_json":{"title":"SMS-mallar | Skapa enkelt m\u00e5nga SMS-mallar och spara tid","description":"Beh\u00f6ver du skicka m\u00e5nga liknande meddelanden? Skapa enkelt SMS-mallar och spara tid och anstr\u00e4ngning. kostnadsfri funktion. Skapa ett kostnadsfritt testkonto med 100 SMS och prova det nu.","robots":{"index":"index","follow":"follow","max-snippet":"max-snippet:-1","max-image-preview":"max-image-preview:large","max-video-preview":"max-video-preview:-1"},"canonical":"https:\/\/suresms.com\/sv\/funktioner\/sms-mallar\/","og_locale":"sv_SE","og_type":"article","og_title":"SMS skabeloner","og_description":"Skal du sende mange ens beskeder? Opret nemt SMS skabeloner og spar tid og arbejde. gratis funktion . Opret gratis testkonto inkl. 100 SMS'er og pr\u00f8v nu.","og_url":"https:\/\/suresms.com\/sv\/funktioner\/sms-mallar\/","article_publisher":"https:\/\/www.facebook.com\/p\/SureSMS-100044607956149\/","article_modified_time":"2024-12-06T13:00:45+00:00","twitter_card":"summary_large_image","twitter_misc":{"Ber\u00e4knad l\u00e4stid":"7 minuter"},"schema":{"@context":"https:\/\/schema.org","@graph":[{"@type":"WebPage","@id":"https:\/\/suresms.com\/dk\/funktioner\/sms-skabeloner\/","url":"https:\/\/suresms.com\/dk\/funktioner\/sms-skabeloner\/","name":"SMS-mallar | Skapa enkelt m\u00e5nga SMS-mallar och spara tid","isPartOf":{"@id":"https:\/\/suresms.com\/en\/#website"},"datePublished":"2015-02-26T13:14:08+00:00","dateModified":"2024-12-06T13:00:45+00:00","description":"Beh\u00f6ver du skicka m\u00e5nga liknande meddelanden? Skapa enkelt SMS-mallar och spara tid och anstr\u00e4ngning. kostnadsfri funktion. Skapa ett kostnadsfritt testkonto med 100 SMS och prova det nu.","breadcrumb":{"@id":"https:\/\/suresms.com\/dk\/funktioner\/sms-skabeloner\/#breadcrumb"},"inLanguage":"sv-SE","potentialAction":[{"@type":"ReadAction","target":["https:\/\/suresms.com\/dk\/funktioner\/sms-skabeloner\/"]}]},{"@type":"BreadcrumbList","@id":"https:\/\/suresms.com\/dk\/funktioner\/sms-skabeloner\/#breadcrumb","itemListElement":[{"@type":"ListItem","position":1,"name":"Home","item":"https:\/\/suresms.com\/dk\/"},{"@type":"ListItem","position":2,"name":"Funktioner","item":"https:\/\/suresms.com\/dk\/funktioner\/"},{"@type":"ListItem","position":3,"name":"SMS skabeloner"}]},{"@type":"WebSite","@id":"https:\/\/suresms.com\/en\/#website","url":"https:\/\/suresms.com\/en\/","name":"SureSMS","description":"Professionell SMS Gateway","publisher":{"@id":"https:\/\/suresms.com\/en\/#organization"},"potentialAction":[{"@type":"SearchAction","target":{"@type":"EntryPoint","urlTemplate":"https:\/\/suresms.com\/en\/?s={search_term_string}"},"query-input":{"@type":"PropertyValueSpecification","valueRequired":true,"valueName":"search_term_string"}}],"inLanguage":"sv-SE"},{"@type":"Organization","@id":"https:\/\/suresms.com\/en\/#organization","name":"SureSMS","url":"https:\/\/suresms.com\/en\/","logo":{"@type":"ImageObject","inLanguage":"sv-SE","@id":"https:\/\/suresms.com\/en\/#\/schema\/logo\/image\/","url":"https:\/\/suresms.com\/wp-content\/uploads\/2024\/11\/suresms-300x65-1.png","contentUrl":"https:\/\/suresms.com\/wp-content\/uploads\/2024\/11\/suresms-300x65-1.png","width":300,"height":65,"caption":"SureSMS"},"image":{"@id":"https:\/\/suresms.com\/en\/#\/schema\/logo\/image\/"},"sameAs":["https:\/\/www.facebook.com\/p\/SureSMS-100044607956149\/"]}]}},"_links":{"self":[{"href":"https:\/\/suresms.com\/sv\/wp-json\/wp\/v2\/pages\/1076","targetHints":{"allow":["GET"]}}],"collection":[{"href":"https:\/\/suresms.com\/sv\/wp-json\/wp\/v2\/pages"}],"about":[{"href":"https:\/\/suresms.com\/sv\/wp-json\/wp\/v2\/types\/page"}],"author":[{"embeddable":true,"href":"https:\/\/suresms.com\/sv\/wp-json\/wp\/v2\/users\/1"}],"replies":[{"embeddable":true,"href":"https:\/\/suresms.com\/sv\/wp-json\/wp\/v2\/comments?post=1076"}],"version-history":[{"count":2,"href":"https:\/\/suresms.com\/sv\/wp-json\/wp\/v2\/pages\/1076\/revisions"}],"predecessor-version":[{"id":19491,"href":"https:\/\/suresms.com\/sv\/wp-json\/wp\/v2\/pages\/1076\/revisions\/19491"}],"up":[{"embeddable":true,"href":"https:\/\/suresms.com\/sv\/wp-json\/wp\/v2\/pages\/958"}],"wp:attachment":[{"href":"https:\/\/suresms.com\/sv\/wp-json\/wp\/v2\/media?parent=1076"}],"wp:term":[{"taxonomy":"category","embeddable":true,"href":"https:\/\/suresms.com\/sv\/wp-json\/wp\/v2\/categories?post=1076"},{"taxonomy":"post_tag","embeddable":true,"href":"https:\/\/suresms.com\/sv\/wp-json\/wp\/v2\/tags?post=1076"}],"curies":[{"name":"wp","href":"https:\/\/api.w.org\/{rel}","templated":true}]}}