{"id":1070,"date":"2015-02-26T13:10:48","date_gmt":"2015-02-26T11:10:48","guid":{"rendered":"https:\/\/www.suresms.com\/dk\/?page_id=1070"},"modified":"2025-12-03T11:07:56","modified_gmt":"2025-12-03T11:07:56","slug":"sjalvvald-avsandare-av-ditt-meddelande","status":"publish","type":"page","link":"https:\/\/suresms.com\/sv\/funktioner\/selvvalgt-afsender-pa-din-besked\/","title":{"rendered":"Sj\u00e4lvvald avs\u00e4ndare av ditt meddelande"},"content":{"rendered":"<!-- Flexy Breadcrumb -->\r\n\t\t\t<div class=\"fbc fbc-page\">\r\n\r\n\t\t\t\t<!-- Breadcrumb wrapper -->\r\n\t\t\t\t<div class=\"fbc-wrap\">\r\n\r\n\t\t\t\t\t<!-- Ordered list-->\r\n\t\t\t\t\t<ol class=\"fbc-items\" itemscope itemtype=\"https:\/\/schema.org\/BreadcrumbList\">\r\n\t\t\t\t\t\t            <li itemprop=\"itemListElement\" itemscope itemtype=\"https:\/\/schema.org\/ListItem\">\r\n                <span itemprop=\"name\">\r\n                    <!-- Home Link -->\r\n                    <a itemprop=\"item\" href=\"https:\/\/suresms.com\/sv\/\">\r\n                    \r\n                                                    <i class=\"fa fa-home\" aria-hidden=\"true\"><\/i>Hem                    <\/a>\r\n                <\/span>\r\n                <meta itemprop=\"position\" content=\"1\" \/><!-- Meta Position-->\r\n             <\/li><li><span class=\"fbc-separator\">\/<\/span><\/li><li class=\"active\" itemprop=\"itemListElement\" itemscope itemtype=\"https:\/\/schema.org\/ListItem\"><span itemprop=\"name\" title=\"Sj\u00e4lvvald avs\u00e4ndare av ditt meddelande\">Sj\u00e4lvvald avs\u00e4ndare p\u00e5 din...<\/span><meta itemprop=\"position\" content=\"2\" \/><\/li>\t\t\t\t\t<\/ol>\r\n\t\t\t\t\t<div class=\"clearfix\"><\/div>\r\n\t\t\t\t<\/div>\r\n\t\t\t<\/div>\r\n\t\t\t\n\t<h1>Sj\u00e4lvvald avs\u00e4ndare av ditt meddelande<\/h1>\n\t\t\t\t<img decoding=\"async\" src=\"https:\/\/suresms.com\/wp-content\/uploads\/2022\/06\/Not-allowed-senderid-1.png\" alt=\"Valfritt avs\u00e4ndar-ID p\u00e5 dina meddelanden\" itemprop=\"image\" height=\"388\" width=\"1400\" title=\"Ej till\u00e5tet Senderid\" onerror=\"this.style.display='none'\" loading=\"lazy\" \/>\n\t<p>N\u00e4r du skickar ett SMS-meddelande fr\u00e5n v\u00e5r SMS-gateway kan du v\u00e4lja avs\u00e4ndare. Det inneb\u00e4r att du kan best\u00e4mma vem som \u00e4r avs\u00e4ndare n\u00e4r meddelandet landar i mottagarens telefon. Sj\u00e4lvklart kan du inte v\u00e4lja SKAT, Nets eller Polisen som bilden ovan visar. Vi m\u00e5ste godk\u00e4nna avs\u00e4ndaren och om den inte \u00e4r relaterad till ditt f\u00f6retag eller organisation kommer vi inte att godk\u00e4nna avs\u00e4ndaren.<\/p>\n\t\t\t\t<img decoding=\"async\" src=\"https:\/\/suresms.com\/wp-content\/uploads\/2022\/06\/All-senderids-are-manually-approved-1.png\" alt=\"Alla avs\u00e4ndare godk\u00e4nns manuellt\" itemprop=\"image\" height=\"137\" width=\"1271\" title=\"Alla avs\u00e4ndare \u00e4r manuellt godk\u00e4nda\" onerror=\"this.style.display='none'\" loading=\"lazy\" \/>\n\t<h4><strong>Alfanumerisk eller numerisk avs\u00e4ndare<\/strong><\/h4>\n<p>Det f\u00f6rsta du m\u00e5ste best\u00e4mma dig f\u00f6r \u00e4r om du vill anv\u00e4nda en alfanumerisk eller en numerisk avs\u00e4ndare.<\/p>\n<p><strong>En alfanumerisk avs\u00e4ndare \u00e4r en kombination av bokst\u00e4ver.<\/strong> Du kan t.ex. v\u00e4lja avs\u00e4ndaren \"Club\" eller \"FashionShop\". Om du v\u00e4ljer en alfanumerisk avs\u00e4ndare kommer mottagaren inte att kunna svara p\u00e5 meddelandet. D\u00e4rf\u00f6r m\u00e5ste du ange ett nummer i meddelandet om du vill att mottagaren ska kunna komma i kontakt med dig.<\/p>\n<p>Ett annat alternativ \u00e4r att v\u00e4lja en numerisk avs\u00e4ndare.<\/p>\n<p><strong>En numerisk avs\u00e4ndare \u00e4r helt enkelt ett telefonnummer.<\/strong> Du kan v\u00e4lja ditt eget telefonnummer eller t.ex. f\u00f6retagets telefonnummer som avs\u00e4ndare. N\u00e4r mottagaren av meddelandet svarar p\u00e5 meddelandet hamnar svaret automatiskt p\u00e5 den telefon som inneh\u00e5ller SIM-kortet med det valda numret.<\/p>\n<p>&nbsp;<\/p>\n\t<h4><strong>Endast legitima avs\u00e4ndare<\/strong><\/h4>\n<p>Vi godk\u00e4nner manuellt alla avs\u00e4ndare innan de sl\u00e4pps. Detta inneb\u00e4r att du inte kan f\u00e5 avs\u00e4ndare som PostNord, Nets eller POLITI. Vi g\u00f6r detta f\u00f6r att \u00f6ka s\u00e4kerheten i allm\u00e4nhet och f\u00f6rtroendet f\u00f6r SMS i synnerhet.<\/p>\n<h4><strong>F\u00f6r- och nackdelar<\/strong><\/h4>\n<p>Det finns f\u00f6r- och nackdelar med b\u00e5da l\u00f6sningarna. Med en alfanumerisk avs\u00e4ndare blir ditt varum\u00e4rke starkare och meddelandet mer personligt. En alfanumerisk avs\u00e4ndare inkluderar INTE det nummer som meddelandet skickas fr\u00e5n. Det inneb\u00e4r att du i sms:et m\u00e5ste skriva hur mottagaren kan n\u00e5 dig om du vill ha ett svar.<\/p>\n<p>Med en numerisk avs\u00e4ndare \u00e4r det snabbt och enkelt att svara tillbaka. Det enkla arbetsfl\u00f6det g\u00f6r det mer tillg\u00e4ngligt f\u00f6r mottagaren att skicka svaret, vilket g\u00f6r att du slipper risken att en anv\u00e4ndare har skickat ett svar till dig som du INTE f\u00e5r.<\/p>\n\t\t\t<a href=\"https:\/\/app.suresms.com\/account\/signup\" target=\"_blank\" rel=\"noopener\">\n\t\t\t\t\t\t\tSkapa ett kostnadsfritt konto\n\t\t\t\t\t<\/a>\n\t<h4><strong>N\u00e5gra begr\u00e4nsningar<\/strong><\/h4>\n<p>Om du v\u00e4ljer den alfanumeriska avs\u00e4ndaren b\u00f6r du k\u00e4nna till att du bara kan v\u00e4lja en avs\u00e4ndare med maximalt 11 tecken. Detta \u00e4r en begr\u00e4nsning i SMS-protokollet, vilket inneb\u00e4r att det g\u00e4ller f\u00f6r alla som skickar SMS. Det \u00e4r inget som vi p\u00e5 SureSMS kan \u00e4ndra p\u00e5.<\/p>\n<p>Om du v\u00e4ljer en alfanumerisk avs\u00e4ndare kommer vi p\u00e5 Sure SMS att byta avs\u00e4ndare. Detta g\u00f6r vi av s\u00e4kerhetssk\u00e4l f\u00f6r att s\u00e4kerst\u00e4lla att du inte utger dig f\u00f6r att vara n\u00e5gon annan \u00e4n den du \u00e4r. Detta \u00e4r en s\u00e4kerhets\u00e5tg\u00e4rd som vi inf\u00f6rde efter att SMS-gateways hos kollegor i branschen missbrukats f\u00f6r att skicka meddelanden med falska avs\u00e4ndare.<\/p>\n<p>Du kan best\u00e4lla s\u00e5 m\u00e5nga olika alfanumeriska avs\u00e4ndare som du vill. Det kostar inget extra, vi l\u00e4gger bara in dem i systemet \u00e5t dig.<\/p>\n<p>L\u00e4s mer om de m\u00e5nga andra kostnadsfria funktionerna i v\u00e5r gateway. <a title=\"Egenskaper och funktioner\" href=\"https:\/\/suresms.com\/sv\/funktioner\/\">G\u00e5 tillbaka till menyn Egenskaper och funktioner.<\/a><\/p>\n\t\t<h4>Vill du skapa ett konto omedelbart? <\/h4>\n\t\t<p>Vi \u00e4r redo och v\u00e4ntar p\u00e5 att f\u00e5 v\u00e4lkomna dig som kund hos SureSMS!<\/p>\n\t\t\t<a href=\"https:\/\/suresms.com\/sv\/skapa-sms-gateway-konto\/\" target=\"_self\">\n\t\t\t\t\t\t\tSkapa ett SureSMS-konto!\n\t\t\t\t\t<\/a>\n\t\t<h4>Best\u00e4ll en 2-v\u00e4gs l\u00f6sning!<\/h4>\n\t\t<p>Har du redan ett konto? Best\u00e4ll en 2-v\u00e4gsl\u00f6sning och f\u00e5 de extra alternativ som din egen l\u00f6sning erbjuder.\u00a0<\/p>\n\t\t\t<a href=\"https:\/\/suresms.com\/sv\/bestall-2-vags-lossning\/\" target=\"_self\">\n\t\t\t\t\t\t\tBest\u00e4ll 2-v\u00e4gs l\u00f6sning\n\t\t\t\t\t<\/a>\n\t<h4><strong>H\u00e4r kan du l\u00e4sa n\u00e5gra exempel p\u00e5 hur v\u00e5ra kunder f\u00f6r n\u00e4rvarande anv\u00e4nder funktionen: \"Sj\u00e4lvvald avs\u00e4ndare p\u00e5 SMS\"<\/strong><\/h4>\n\n<ul> \t\n<li>Flera av v\u00e5ra f\u00f6retag som representerar flera varum\u00e4rken har en administration som styr kommunikationen. N\u00e4r de skickar SMS till anv\u00e4ndare har de skapat flera avs\u00e4ndare och v\u00e4ljer sedan helt enkelt det varum\u00e4rke som de skriver fr\u00e5n i avs\u00e4ndarf\u00e4ltet. Flera varum\u00e4rken men ett f\u00f6retag och en ledning.<\/li>\n\n<li>Flera av v\u00e5ra organisationer har olika styrelsemedlemmar som skickar SMS fr\u00e5n v\u00e5r hemsida. I avs\u00e4ndarf\u00e4ltet kan de enkelt v\u00e4lja \"kass\u00f6r\", \"ordf\u00f6rande\" eller \"styrelse\", beroende p\u00e5 vem meddelandet kommer fr\u00e5n. Men hela gruppen har en fullst\u00e4ndig \u00f6verblick \u00f6ver organisationens meddelanden.<\/li>\n\n<li>En av v\u00e5ra salonger v\u00e4ljer sitt mobilnummer eller salongens namn som avs\u00e4ndare beroende p\u00e5 om det \u00e4r meddelanden eller kampanjer som ska skickas ut till kunderna. F\u00f6r kampanjer \u00e4r namnet viktigt, f\u00f6r lediga tj\u00e4nster eller andra f\u00f6rfr\u00e5gningar m\u00e5ste kunderna kunna svara tillbaka.<\/li>\n<\/ul>\n\t\t<h3><a href=\"http:\/\/suresms.com\/sv\/dokument\/\" target=\"_self\">Bes\u00f6k v\u00e5r Manual-webbplats<\/a><\/h3>\n\t\t\t\t<a href=\"http:\/\/suresms.com\/sv\/dokument\/\"  target=\"_self\" itemprop=\"url\">\n\t\t\t\t<img decoding=\"async\" src=\"https:\/\/suresms.com\/wp-content\/uploads\/bb-plugin\/cache\/Manual-400x250-px1-panorama-e9e3d5dc2346ff0881cf6ebd5537712d-.jpg\" alt=\"manuell webbplats suresms\" itemprop=\"image\" height=\"250\" width=\"400\" title=\"Manual 400x250 px\" onerror=\"this.style.display='none'\" loading=\"lazy\" \/>\n\t\t\t\t<\/a>\n<p>F\u00f6r att hj\u00e4lpa v\u00e5ra kunder har vi samlat alla instruktioner och beskrivningar p\u00e5 suresms.com\/docs. H\u00e4r kan du se hur v\u00e5r gateway fungerar och f\u00e5 enkla anv\u00e4ndarv\u00e4nliga instruktioner f\u00f6r de m\u00e5nga funktionerna.<\/p>\n\t\t<h3><a href=\"http:\/\/developer.suresms.com\/\" target=\"_self\">utvecklare.suresms.com<\/a><\/h3>\n\t\t\t\t<a href=\"http:\/\/developer.suresms.com\/\"  target=\"_self\" itemprop=\"url\">\n\t\t\t\t<img decoding=\"async\" src=\"https:\/\/suresms.com\/wp-content\/uploads\/bb-plugin\/cache\/developer-400x250-px-panorama-dcae33984faa2af9c04c6a2b37f15958-.jpg\" alt=\"utvecklare suresms webbplats f\u00f6r utvecklare\" itemprop=\"image\" height=\"250\" width=\"400\" title=\"utvecklare 400x250 px\" onerror=\"this.style.display='none'\" loading=\"lazy\" \/>\n\t\t\t\t<\/a>\nSureSMS \u00e4r gjort av utvecklare f\u00f6r utvecklare!<br \/>\nP\u00e5 developer.suresms.com har vi samlat dokumentation och kodexempel f\u00f6r att g\u00f6ra det enkelt att integrera v\u00e5r gateway i ditt system.\n\t\t<h3><a href=\"https:\/\/www.youtube.com\/channel\/UC1XGC5rl9mI9ndtBVn8yq7g\" target=\"_self\">Titta p\u00e5 v\u00e5ra instruktionsvideor!<\/a><\/h3>\n\t\t\t\t<a href=\"https:\/\/www.youtube.com\/channel\/UC1XGC5rl9mI9ndtBVn8yq7g\"  target=\"_self\" itemprop=\"url\">\n\t\t\t\t<img decoding=\"async\" src=\"https:\/\/suresms.com\/wp-content\/uploads\/bb-plugin\/cache\/you-tube400x250px-panorama-60bfdf50fa411bc1f1119324993b555c-.jpg\" alt=\"suresms sms gateway du tube videor\" itemprop=\"image\" height=\"250\" width=\"400\" title=\"you tube 400x250px\" onerror=\"this.style.display='none'\" loading=\"lazy\" \/>\n\t\t\t\t<\/a>\n<p>\u00c4r du p\u00e5 v\u00e4g att komma ig\u00e5ng med en ny funktion? Eller beh\u00f6ver du bara veta lite mer om hur v\u00e5r gateway fungerar? Vi har samlat v\u00e5ra instruktionsvideor p\u00e5 Youtube. Redo att k\u00f6ra ig\u00e5ng!<\/p>","protected":false},"excerpt":{"rendered":"<p>V\u00e4lj avs\u00e4ndare av ditt meddelande N\u00e4r du skickar ett SMS-meddelande fr\u00e5n v\u00e5r SMS-gateway kan du sj\u00e4lv v\u00e4lja avs\u00e4ndare. Det inneb\u00e4r att du kan v\u00e4lja vem du vill ska vara avs\u00e4ndare n\u00e4r meddelandet landar i mottagarens telefon. Naturligtvis kan du inte v\u00e4lja SKAT, Nets eller Polisen som p\u00e5 bilden ovan... <a title=\"Sj\u00e4lvvald avs\u00e4ndare av ditt meddelande\" class=\"read-more\" href=\"https:\/\/suresms.com\/sv\/funktioner\/selvvalgt-afsender-pa-din-besked\/\" aria-label=\"L\u00e4s mer om Sj\u00e4lvvald avs\u00e4ndare av ditt meddelande\">L\u00e4s mer om det<\/a><\/p>","protected":false},"author":1,"featured_media":0,"parent":958,"menu_order":7,"comment_status":"closed","ping_status":"closed","template":"","meta":{"_fl_builder_enabled":"1","_fl_builder_data":null,"_fl_builder_draft":null,"_fl_builder_data_settings":null,"_fl_builder_css":"","_fl_builder_css_version":"","_fl_builder_js":"","footnotes":""},"categories":[17],"tags":[],"class_list":{"0":"post-1070","1":"page","2":"type-page","3":"status-publish","5":"category-linkfracornorstone"},"yoast_head":"<!-- This site is optimized with the Yoast SEO Premium plugin v27.3 (Yoast SEO v27.3) - https:\/\/yoast.com\/product\/yoast-seo-premium-wordpress\/ -->\r\n<title>Send anonym SMS | Send dine beskeder fra selvvalgt afsender<\/title>\r\n<meta name=\"description\" content=\"Find fleksible sms l\u00f8sninger her. Send anonym sms, send sms til hele verden eller send sms til brugere og kunder.\" \/>\r\n<meta name=\"robots\" content=\"index, follow, max-snippet:-1, max-image-preview:large, max-video-preview:-1\" \/>\r\n<link rel=\"canonical\" href=\"https:\/\/suresms.com\/sv\/funktioner\/sjalvvald-avsandare-av-ditt-meddelande\/\" \/>\r\n<meta property=\"og:locale\" content=\"sv_SE\" \/>\r\n<meta property=\"og:type\" content=\"article\" \/>\r\n<meta property=\"og:title\" content=\"Selvvalgt afsender p\u00e5 din besked\" \/>\r\n<meta property=\"og:description\" content=\"Find fleksible sms l\u00f8sninger her. Send anonym sms, send sms til hele verden eller send sms til brugere og kunder.\" \/>\r\n<meta property=\"og:url\" content=\"https:\/\/suresms.com\/sv\/funktioner\/sjalvvald-avsandare-av-ditt-meddelande\/\" \/>\r\n<meta property=\"article:publisher\" content=\"https:\/\/www.facebook.com\/p\/SureSMS-100044607956149\/\" \/>\r\n<meta property=\"article:modified_time\" content=\"2025-12-03T11:07:56+00:00\" \/>\r\n<meta property=\"og:image\" content=\"https:\/\/suresms.com\/wp-content\/uploads\/2022\/06\/Not-allowed-senderid-1.png\" \/>\r\n<meta name=\"twitter:card\" content=\"summary_large_image\" \/>\r\n<meta name=\"twitter:label1\" content=\"Ber\u00e4knad l\u00e4stid\" \/>\n\t<meta name=\"twitter:data1\" content=\"6 minuter\" \/>\r\n<script type=\"application\/ld+json\" class=\"yoast-schema-graph\">{\"@context\":\"https:\\\/\\\/schema.org\",\"@graph\":[{\"@type\":\"WebPage\",\"@id\":\"https:\\\/\\\/suresms.com\\\/dk\\\/funktioner\\\/selvvalgt-afsender-pa-din-besked\\\/\",\"url\":\"https:\\\/\\\/suresms.com\\\/dk\\\/funktioner\\\/selvvalgt-afsender-pa-din-besked\\\/\",\"name\":\"Send anonym SMS | Send dine beskeder fra selvvalgt afsender\",\"isPartOf\":{\"@id\":\"https:\\\/\\\/suresms.com\\\/en\\\/#website\"},\"primaryImageOfPage\":{\"@id\":\"https:\\\/\\\/suresms.com\\\/dk\\\/funktioner\\\/selvvalgt-afsender-pa-din-besked\\\/#primaryimage\"},\"image\":{\"@id\":\"https:\\\/\\\/suresms.com\\\/dk\\\/funktioner\\\/selvvalgt-afsender-pa-din-besked\\\/#primaryimage\"},\"thumbnailUrl\":\"https:\\\/\\\/suresms.com\\\/wp-content\\\/uploads\\\/2022\\\/06\\\/Not-allowed-senderid-1.png\",\"datePublished\":\"2015-02-26T11:10:48+00:00\",\"dateModified\":\"2025-12-03T11:07:56+00:00\",\"description\":\"Find fleksible sms l\u00f8sninger her. Send anonym sms, send sms til hele verden eller send sms til brugere og kunder.\",\"breadcrumb\":{\"@id\":\"https:\\\/\\\/suresms.com\\\/dk\\\/funktioner\\\/selvvalgt-afsender-pa-din-besked\\\/#breadcrumb\"},\"inLanguage\":\"sv-SE\",\"potentialAction\":[{\"@type\":\"ReadAction\",\"target\":[\"https:\\\/\\\/suresms.com\\\/dk\\\/funktioner\\\/selvvalgt-afsender-pa-din-besked\\\/\"]}]},{\"@type\":\"ImageObject\",\"inLanguage\":\"sv-SE\",\"@id\":\"https:\\\/\\\/suresms.com\\\/dk\\\/funktioner\\\/selvvalgt-afsender-pa-din-besked\\\/#primaryimage\",\"url\":\"https:\\\/\\\/suresms.com\\\/wp-content\\\/uploads\\\/2022\\\/06\\\/Not-allowed-senderid-1.png\",\"contentUrl\":\"https:\\\/\\\/suresms.com\\\/wp-content\\\/uploads\\\/2022\\\/06\\\/Not-allowed-senderid-1.png\"},{\"@type\":\"BreadcrumbList\",\"@id\":\"https:\\\/\\\/suresms.com\\\/dk\\\/funktioner\\\/selvvalgt-afsender-pa-din-besked\\\/#breadcrumb\",\"itemListElement\":[{\"@type\":\"ListItem\",\"position\":1,\"name\":\"Home\",\"item\":\"https:\\\/\\\/suresms.com\\\/dk\\\/\"},{\"@type\":\"ListItem\",\"position\":2,\"name\":\"Funktioner\",\"item\":\"https:\\\/\\\/suresms.com\\\/dk\\\/funktioner\\\/\"},{\"@type\":\"ListItem\",\"position\":3,\"name\":\"Selvvalgt afsender p\u00e5 din besked\"}]},{\"@type\":\"WebSite\",\"@id\":\"https:\\\/\\\/suresms.com\\\/en\\\/#website\",\"url\":\"https:\\\/\\\/suresms.com\\\/en\\\/\",\"name\":\"SureSMS\",\"description\":\"Professionel SMS Gateway\",\"publisher\":{\"@id\":\"https:\\\/\\\/suresms.com\\\/en\\\/#organization\"},\"potentialAction\":[{\"@type\":\"SearchAction\",\"target\":{\"@type\":\"EntryPoint\",\"urlTemplate\":\"https:\\\/\\\/suresms.com\\\/en\\\/?s={search_term_string}\"},\"query-input\":{\"@type\":\"PropertyValueSpecification\",\"valueRequired\":true,\"valueName\":\"search_term_string\"}}],\"inLanguage\":\"sv-SE\"},{\"@type\":\"Organization\",\"@id\":\"https:\\\/\\\/suresms.com\\\/en\\\/#organization\",\"name\":\"SureSMS\",\"url\":\"https:\\\/\\\/suresms.com\\\/en\\\/\",\"logo\":{\"@type\":\"ImageObject\",\"inLanguage\":\"sv-SE\",\"@id\":\"https:\\\/\\\/suresms.com\\\/en\\\/#\\\/schema\\\/logo\\\/image\\\/\",\"url\":\"https:\\\/\\\/suresms.com\\\/wp-content\\\/uploads\\\/2024\\\/11\\\/suresms-300x65-1.png\",\"contentUrl\":\"https:\\\/\\\/suresms.com\\\/wp-content\\\/uploads\\\/2024\\\/11\\\/suresms-300x65-1.png\",\"width\":300,\"height\":65,\"caption\":\"SureSMS\"},\"image\":{\"@id\":\"https:\\\/\\\/suresms.com\\\/en\\\/#\\\/schema\\\/logo\\\/image\\\/\"},\"sameAs\":[\"https:\\\/\\\/www.facebook.com\\\/p\\\/SureSMS-100044607956149\\\/\"]}]}<\/script>\r\n<!-- \/ Yoast SEO Premium plugin. -->","yoast_head_json":{"title":"Skicka anonyma SMS | Skicka dina meddelanden fr\u00e5n den avs\u00e4ndare du v\u00e4ljer","description":"H\u00e4r hittar du flexibla SMS-l\u00f6sningar. Skicka anonyma SMS, skicka SMS till hela v\u00e4rlden eller skicka SMS till anv\u00e4ndare och kunder.","robots":{"index":"index","follow":"follow","max-snippet":"max-snippet:-1","max-image-preview":"max-image-preview:large","max-video-preview":"max-video-preview:-1"},"canonical":"https:\/\/suresms.com\/sv\/funktioner\/sjalvvald-avsandare-av-ditt-meddelande\/","og_locale":"sv_SE","og_type":"article","og_title":"Selvvalgt afsender p\u00e5 din besked","og_description":"Find fleksible sms l\u00f8sninger her. Send anonym sms, send sms til hele verden eller send sms til brugere og kunder.","og_url":"https:\/\/suresms.com\/sv\/funktioner\/sjalvvald-avsandare-av-ditt-meddelande\/","article_publisher":"https:\/\/www.facebook.com\/p\/SureSMS-100044607956149\/","article_modified_time":"2025-12-03T11:07:56+00:00","og_image":[{"url":"https:\/\/suresms.com\/wp-content\/uploads\/2022\/06\/Not-allowed-senderid-1.png","type":"","width":"","height":""}],"twitter_card":"summary_large_image","twitter_misc":{"Ber\u00e4knad l\u00e4stid":"6 minuter"},"schema":{"@context":"https:\/\/schema.org","@graph":[{"@type":"WebPage","@id":"https:\/\/suresms.com\/dk\/funktioner\/selvvalgt-afsender-pa-din-besked\/","url":"https:\/\/suresms.com\/dk\/funktioner\/selvvalgt-afsender-pa-din-besked\/","name":"Skicka anonyma SMS | Skicka dina meddelanden fr\u00e5n den avs\u00e4ndare du v\u00e4ljer","isPartOf":{"@id":"https:\/\/suresms.com\/en\/#website"},"primaryImageOfPage":{"@id":"https:\/\/suresms.com\/dk\/funktioner\/selvvalgt-afsender-pa-din-besked\/#primaryimage"},"image":{"@id":"https:\/\/suresms.com\/dk\/funktioner\/selvvalgt-afsender-pa-din-besked\/#primaryimage"},"thumbnailUrl":"https:\/\/suresms.com\/wp-content\/uploads\/2022\/06\/Not-allowed-senderid-1.png","datePublished":"2015-02-26T11:10:48+00:00","dateModified":"2025-12-03T11:07:56+00:00","description":"H\u00e4r hittar du flexibla SMS-l\u00f6sningar. Skicka anonyma SMS, skicka SMS till hela v\u00e4rlden eller skicka SMS till anv\u00e4ndare och kunder.","breadcrumb":{"@id":"https:\/\/suresms.com\/dk\/funktioner\/selvvalgt-afsender-pa-din-besked\/#breadcrumb"},"inLanguage":"sv-SE","potentialAction":[{"@type":"ReadAction","target":["https:\/\/suresms.com\/dk\/funktioner\/selvvalgt-afsender-pa-din-besked\/"]}]},{"@type":"ImageObject","inLanguage":"sv-SE","@id":"https:\/\/suresms.com\/dk\/funktioner\/selvvalgt-afsender-pa-din-besked\/#primaryimage","url":"https:\/\/suresms.com\/wp-content\/uploads\/2022\/06\/Not-allowed-senderid-1.png","contentUrl":"https:\/\/suresms.com\/wp-content\/uploads\/2022\/06\/Not-allowed-senderid-1.png"},{"@type":"BreadcrumbList","@id":"https:\/\/suresms.com\/dk\/funktioner\/selvvalgt-afsender-pa-din-besked\/#breadcrumb","itemListElement":[{"@type":"ListItem","position":1,"name":"Home","item":"https:\/\/suresms.com\/dk\/"},{"@type":"ListItem","position":2,"name":"Funktioner","item":"https:\/\/suresms.com\/dk\/funktioner\/"},{"@type":"ListItem","position":3,"name":"Selvvalgt afsender p\u00e5 din besked"}]},{"@type":"WebSite","@id":"https:\/\/suresms.com\/en\/#website","url":"https:\/\/suresms.com\/en\/","name":"SureSMS","description":"Professionell SMS Gateway","publisher":{"@id":"https:\/\/suresms.com\/en\/#organization"},"potentialAction":[{"@type":"SearchAction","target":{"@type":"EntryPoint","urlTemplate":"https:\/\/suresms.com\/en\/?s={search_term_string}"},"query-input":{"@type":"PropertyValueSpecification","valueRequired":true,"valueName":"search_term_string"}}],"inLanguage":"sv-SE"},{"@type":"Organization","@id":"https:\/\/suresms.com\/en\/#organization","name":"SureSMS","url":"https:\/\/suresms.com\/en\/","logo":{"@type":"ImageObject","inLanguage":"sv-SE","@id":"https:\/\/suresms.com\/en\/#\/schema\/logo\/image\/","url":"https:\/\/suresms.com\/wp-content\/uploads\/2024\/11\/suresms-300x65-1.png","contentUrl":"https:\/\/suresms.com\/wp-content\/uploads\/2024\/11\/suresms-300x65-1.png","width":300,"height":65,"caption":"SureSMS"},"image":{"@id":"https:\/\/suresms.com\/en\/#\/schema\/logo\/image\/"},"sameAs":["https:\/\/www.facebook.com\/p\/SureSMS-100044607956149\/"]}]}},"_links":{"self":[{"href":"https:\/\/suresms.com\/sv\/wp-json\/wp\/v2\/pages\/1070","targetHints":{"allow":["GET"]}}],"collection":[{"href":"https:\/\/suresms.com\/sv\/wp-json\/wp\/v2\/pages"}],"about":[{"href":"https:\/\/suresms.com\/sv\/wp-json\/wp\/v2\/types\/page"}],"author":[{"embeddable":true,"href":"https:\/\/suresms.com\/sv\/wp-json\/wp\/v2\/users\/1"}],"replies":[{"embeddable":true,"href":"https:\/\/suresms.com\/sv\/wp-json\/wp\/v2\/comments?post=1070"}],"version-history":[{"count":9,"href":"https:\/\/suresms.com\/sv\/wp-json\/wp\/v2\/pages\/1070\/revisions"}],"predecessor-version":[{"id":23569,"href":"https:\/\/suresms.com\/sv\/wp-json\/wp\/v2\/pages\/1070\/revisions\/23569"}],"up":[{"embeddable":true,"href":"https:\/\/suresms.com\/sv\/wp-json\/wp\/v2\/pages\/958"}],"wp:attachment":[{"href":"https:\/\/suresms.com\/sv\/wp-json\/wp\/v2\/media?parent=1070"}],"wp:term":[{"taxonomy":"category","embeddable":true,"href":"https:\/\/suresms.com\/sv\/wp-json\/wp\/v2\/categories?post=1070"},{"taxonomy":"post_tag","embeddable":true,"href":"https:\/\/suresms.com\/sv\/wp-json\/wp\/v2\/tags?post=1070"}],"curies":[{"name":"wp","href":"https:\/\/api.w.org\/{rel}","templated":true}]}}