{"id":10,"date":"2013-11-26T08:53:21","date_gmt":"2013-11-26T08:53:21","guid":{"rendered":"http:\/\/suresms-gateway.dk\/?page_id=10"},"modified":"2025-10-08T16:02:19","modified_gmt":"2025-10-08T16:02:19","slug":"suresms-stod","status":"publish","type":"page","link":"https:\/\/suresms.com\/sv\/om-suresms\/suresms-support\/","title":{"rendered":"SureSMS support 24\/7"},"content":{"rendered":"<!-- Flexy Breadcrumb -->\r\n\t\t\t<div class=\"fbc fbc-page\">\r\n\r\n\t\t\t\t<!-- Breadcrumb wrapper -->\r\n\t\t\t\t<div class=\"fbc-wrap\">\r\n\r\n\t\t\t\t\t<!-- Ordered list-->\r\n\t\t\t\t\t<ol class=\"fbc-items\" itemscope itemtype=\"https:\/\/schema.org\/BreadcrumbList\">\r\n\t\t\t\t\t\t            <li itemprop=\"itemListElement\" itemscope itemtype=\"https:\/\/schema.org\/ListItem\">\r\n                <span itemprop=\"name\">\r\n                    <!-- Home Link -->\r\n                    <a itemprop=\"item\" href=\"https:\/\/suresms.com\/sv\/\">\r\n                    \r\n                                                    <i class=\"fa fa-home\" aria-hidden=\"true\"><\/i>Hem                    <\/a>\r\n                <\/span>\r\n                <meta itemprop=\"position\" content=\"1\" \/><!-- Meta Position-->\r\n             <\/li><li><span class=\"fbc-separator\">\/<\/span><\/li><li class=\"active\" itemprop=\"itemListElement\" itemscope itemtype=\"https:\/\/schema.org\/ListItem\"><span itemprop=\"name\" title=\"SureSMS support 24\/7\">SureSMS support 24\/7<\/span><meta itemprop=\"position\" content=\"2\" \/><\/li>\t\t\t\t\t<\/ol>\r\n\t\t\t\t\t<div class=\"clearfix\"><\/div>\r\n\t\t\t\t<\/div>\r\n\t\t\t<\/div>\r\n\t\t\t\n<h1>\n\t\t\tSupport 24\/7\t<\/h1>\n\t<p><strong>Att se till att v\u00e5r gateway fungerar optimalt f\u00f6r v\u00e5ra kunder \u00e4r det viktigaste f\u00f6r oss.<\/strong><\/p>\n<p>Det \u00e4r d\u00e4rf\u00f6r vi har valt att prioritera support 100 %. Vi har duktiga utvecklare och tekniker som ansvarar f\u00f6r supporten. Samma personer som kan systemet utan och innan.<\/p>\n<p>F\u00f6r att v\u00e5ra kunder ska bli n\u00f6jda kr\u00e4vs att de f\u00e5r den hj\u00e4lp de beh\u00f6ver.<\/p>\n<p><strong>Du \u00e4r ALLTID v\u00e4lkommen att kontakta oss p\u00e5 SureSMS!<\/strong><\/p>\n<p>Har du n\u00e5gra fr\u00e5gor? Beh\u00f6ver du hj\u00e4lp? Eller har du en ny uppgift som vi kan hj\u00e4lpa dig att l\u00f6sa?<\/p>\n<p>Utnyttja n\u00e5got av v\u00e5ra m\u00e5nga supportalternativ som beskrivs nedan. Vi ser fram emot att h\u00f6ra fr\u00e5n dig!<\/p>\n\t\t\t\t<img decoding=\"async\" src=\"https:\/\/suresms.com\/wp-content\/uploads\/2013\/11\/help-1019912_500x350-pix-e1473253361719.jpg\" alt=\"support f\u00f6r sms-gateway 24\/7 suresms\" itemprop=\"image\" height=\"280\" width=\"400\" title=\"24\/7 support i n\u00f6dsituationer\" onerror=\"this.style.display='none'\" loading=\"lazy\" \/>\n\t<h4><strong>P\u00e5 SureSMS har du m\u00e5nga alternativ f\u00f6r att f\u00e5 support f\u00f6r din SMS-l\u00f6sning:<\/strong><\/h4>\n\t\t<h3><a href=\"http:\/\/www.teamviewer.com\/link\/?url=505374&#038;id=1248079762\" target=\"_blank\"  rel=\"noopener\">Support p\u00e5 distans<\/a><\/h3><p>Ibland m\u00e5ste vi kunna komma \u00e5t din dator f\u00f6r att kunna ge dig b\u00e4sta m\u00f6jliga support. Klicka p\u00e5 den bl\u00e5 knappen f\u00f6r att ge oss tillf\u00e4llig \u00e5tkomst.<\/p>\n\t<!-- TeamViewer Logo (generated at https:\/\/www.teamviewer.com) -->\n  <a href=\"https:\/\/www.teamviewer.com\/link\/?url=505374&#038;id=1607343389772\">\n    <img loading=\"lazy\" decoding=\"async\" src=\"https:\/\/static.teamviewer.com\/resources\/badges\/teamviewer_badge_flat4.png\" alt=\"TeamViewer f\u00f6r fj\u00e4rrsupport\" title=\"TeamViewer f\u00f6r fj\u00e4rrsupport\" border=\"0\" width=\"234\" height=\"60\" \/>\n  <\/a>\n\t<h3>Med Team Viewer kan vi ge direkt support<\/h3>\n<p>Om v\u00e5ra kunder beh\u00f6ver mer praktisk hj\u00e4lp anv\u00e4nder vi ofta Team Viewer. Genom det h\u00e4r programmet kan vi ge support p\u00e5 distans.<\/p>\n<p>Det inneb\u00e4r att \u00e4ven om vi befinner oss i Hvidovre i Danmark och du \u00e4r n\u00e5gon annanstans, kan vi g\u00e5 direkt in i din dator och se vad som \u00e4r fel.<\/p>\n<p>Du ger oss tillf\u00e4llig tillg\u00e5ng till din dator genom att dela ett ID och l\u00f6senord med oss. Tillg\u00e5ngen \u00e4r naturligtvis tillf\u00e4llig och kommer att raderas s\u00e5 snart programmet st\u00e4ngs av.<\/p>\n<h4>\n\t\t\tFyll i kontaktformul\u00e4ret\t<\/h4>\n\t\n<div class=\"wpcf7 no-js\" id=\"wpcf7-f2264-o1\" lang=\"da-DK\" dir=\"ltr\" data-wpcf7-id=\"2264\">\n<div class=\"screen-reader-response\"><p role=\"status\" aria-live=\"polite\" aria-atomic=\"true\"><\/p> <ul><\/ul><\/div>\n<form action=\"\/sv\/wp-json\/wp\/v2\/pages\/10#wpcf7-f2264-o1\" method=\"post\" class=\"wpcf7-form init\" aria-label=\"Kontaktformul\u00e4r\" enctype=\"multipart\/form-data\" novalidate=\"novalidate\" data-status=\"init\" data-trp-original-action=\"\/sv\/wp-json\/wp\/v2\/pages\/10#wpcf7-f2264-o1\">\n<fieldset class=\"hidden-fields-container\"><input type=\"hidden\" name=\"_wpcf7\" value=\"2264\" \/><input type=\"hidden\" name=\"_wpcf7_version\" value=\"6.1.5\" \/><input type=\"hidden\" name=\"_wpcf7_locale\" value=\"da_DK\" \/><input type=\"hidden\" name=\"_wpcf7_unit_tag\" value=\"wpcf7-f2264-o1\" \/><input type=\"hidden\" name=\"_wpcf7_container_post\" value=\"0\" \/><input type=\"hidden\" name=\"_wpcf7_posted_data_hash\" value=\"\" \/>\n<\/fieldset>\n<p>F\u00f6retagets namn (m\u00e5ste fyllas i)\n<\/p>\n<p><span class=\"wpcf7-form-control-wrap\" data-name=\"your-name\"><input size=\"40\" maxlength=\"400\" class=\"wpcf7-form-control wpcf7-text wpcf7-validates-as-required\" aria-required=\"true\" aria-invalid=\"false\" value=\"\" type=\"text\" name=\"your-name\" \/><\/span>\n<\/p>\n<p>Ditt namn (m\u00e5ste fyllas i)\n<\/p>\n<p><span class=\"wpcf7-form-control-wrap\" data-name=\"dit-navn\"><input size=\"40\" maxlength=\"400\" class=\"wpcf7-form-control wpcf7-text wpcf7-validates-as-required\" aria-required=\"true\" aria-invalid=\"false\" value=\"\" type=\"text\" name=\"dit-navn\" \/><\/span>\n<\/p>\n<p>Din e-postadress (m\u00e5ste fyllas i)\n<\/p>\n<p><span class=\"wpcf7-form-control-wrap\" data-name=\"your-email\"><input size=\"40\" maxlength=\"400\" class=\"wpcf7-form-control wpcf7-email wpcf7-validates-as-required wpcf7-text wpcf7-validates-as-email\" aria-required=\"true\" aria-invalid=\"false\" value=\"\" type=\"email\" name=\"your-email\" \/><\/span>\n<\/p>\n<p>Telefonnummer (m\u00e5ste fyllas i)\n<\/p>\n<p><span class=\"wpcf7-form-control-wrap\" data-name=\"tel-616\"><input size=\"40\" maxlength=\"400\" class=\"wpcf7-form-control wpcf7-tel wpcf7-validates-as-required wpcf7-text wpcf7-validates-as-tel\" aria-required=\"true\" aria-invalid=\"false\" value=\"\" type=\"tel\" name=\"tel-616\" \/><\/span>\n<\/p>\n<p>\u00c4mne\n<\/p>\n<p><span class=\"wpcf7-form-control-wrap\" data-name=\"your-subject\"><input size=\"40\" maxlength=\"400\" class=\"wpcf7-form-control wpcf7-text\" aria-invalid=\"false\" value=\"\" type=\"text\" name=\"your-subject\" \/><\/span>\n<\/p>\n<p>Ditt meddelande\n<\/p>\n<p><span class=\"wpcf7-form-control-wrap\" data-name=\"your-message\"><textarea cols=\"40\" rows=\"10\" maxlength=\"2000\" class=\"wpcf7-form-control wpcf7-textarea\" aria-invalid=\"false\" name=\"your-message\"><\/textarea><\/span>\n<\/p>\n<p>Ladda upp valfri fil\n<\/p>\n<p><span class=\"wpcf7-form-control-wrap\" data-name=\"file-948\"><input size=\"40\" class=\"wpcf7-form-control wpcf7-file\" id=\"Uploadfil\" accept=\"audio\/*,video\/*,image\/*\" aria-invalid=\"false\" type=\"file\" name=\"file-948\" \/><\/span>\n<\/p>\n<p><div class=\"cf7-cf-turnstile\" style=\"margin-top: 0px; margin-bottom: -15px;\"> <div id=\"cf-turnstile-cf7-1328659160\" class=\"cf-turnstile\" data-sitekey=\"0x4AAAAAAB8YGArd9ML-HbMW\" data-theme=\"light\" data-language=\"auto\" data-size=\"normal\" data-retry=\"auto\" data-retry-interval=\"1000\" data-refresh-expired=\"auto\" data-action=\"contact-form-7\" data-appearance=\"always\"><\/div> <script>document.addEventListener(\"DOMContentLoaded\", function() { setTimeout(function(){ var e=document.getElementById(\"cf-turnstile-cf7-1328659160\"); e&&!e.innerHTML.trim()&&(turnstile.remove(\"#cf-turnstile-cf7-1328659160\"), turnstile.render(\"#cf-turnstile-cf7-1328659160\", {sitekey:\"0x4AAAAAAB8YGArd9ML-HbMW\"})); }, 100); });<\/script> <br class=\"cf-turnstile-br cf-turnstile-br-cf7-1328659160\"> <style>#cf-turnstile-cf7-1328659160 { margin-left: -15px; }<\/style> <script>document.addEventListener(\"DOMContentLoaded\",function(){document.querySelectorAll('.wpcf7-form').forEach(function(e){e.addEventListener('submit',function(){if(document.getElementById('cf-turnstile-cf7-1328659160')){setTimeout(function(){turnstile.reset('#cf-turnstile-cf7-1328659160');},1000)}})})});<\/script> <\/div>\n<\/p>\n<p><input class=\"wpcf7-form-control wpcf7-submit has-spinner\" type=\"submit\" value=\"Skicka\" \/>\n<\/p><div class=\"wpcf7-response-output\" aria-hidden=\"true\"><\/div>\n<input type=\"hidden\" name=\"trp-form-language\" value=\"sv\"\/><\/form>\n<\/div>","protected":false},"excerpt":{"rendered":"<p>Support 24\/7 Att se till att v\u00e5r gateway fungerar optimalt f\u00f6r v\u00e5ra kunder \u00e4r det viktigaste f\u00f6r oss. D\u00e4rf\u00f6r har vi valt att prioritera support 100 %. V\u00e5r support hanteras av duktiga utvecklare och tekniker. Samma personer som kan systemet utan och innan. F\u00f6r att v\u00e5ra kunder ska bli n\u00f6jda kr\u00e4vs det att ... <a title=\"SureSMS support 24\/7\" class=\"read-more\" href=\"https:\/\/suresms.com\/sv\/om-suresms\/suresms-support\/\" aria-label=\"L\u00e4s mer om SureSMS 24\/7 Support\">L\u00e4s mer om det<\/a><\/p>","protected":false},"author":1,"featured_media":0,"parent":18594,"menu_order":6,"comment_status":"closed","ping_status":"closed","template":"","meta":{"_fl_builder_enabled":"1","_fl_builder_data":null,"_fl_builder_draft":null,"_fl_builder_data_settings":null,"_fl_builder_css":"","_fl_builder_css_version":"","_fl_builder_js":"","footnotes":""},"class_list":["post-10","page","type-page","status-publish"],"yoast_head":"<!-- This site is optimized with the Yoast SEO Premium plugin v27.3 (Yoast SEO v27.3) - https:\/\/yoast.com\/product\/yoast-seo-premium-wordpress\/ -->\r\n<title>Support SureSMS ApS - Support 24\/7 - Chat, video og kontaktoplysninger<\/title>\r\n<meta name=\"description\" content=\"Altid gratis support i SureSMS og r\u00e5dgivning fra professionelle IT-folk. Kontakt SureSMS ApS her - Chat, Video. Se vores manual og dokumentation her.\" \/>\r\n<meta name=\"robots\" content=\"index, follow, max-snippet:-1, max-image-preview:large, max-video-preview:-1\" \/>\r\n<link rel=\"canonical\" href=\"https:\/\/suresms.com\/sv\/om-suresms\/suresms-stod\/\" \/>\r\n<meta property=\"og:locale\" content=\"sv_SE\" \/>\r\n<meta property=\"og:type\" content=\"article\" \/>\r\n<meta property=\"og:title\" content=\"Support SureSMS 24\/7\" \/>\r\n<meta property=\"og:description\" content=\"Altid gratis support i SureSMS og r\u00e5dgivning fra professionelle IT-folk. Kontakt SureSMS ApS her - Chat, Video. Se vores manual og dokumentation her.\" \/>\r\n<meta property=\"og:url\" content=\"https:\/\/suresms.com\/sv\/om-suresms\/suresms-stod\/\" \/>\r\n<meta property=\"article:publisher\" content=\"https:\/\/www.facebook.com\/p\/SureSMS-100044607956149\/\" \/>\r\n<meta property=\"article:modified_time\" content=\"2025-10-08T16:02:19+00:00\" \/>\r\n<meta property=\"og:image\" content=\"https:\/\/suresms.com\/wp-content\/uploads\/2013\/11\/help-1019912_500x350-pix-e1473253361719.jpg\" \/>\r\n<meta name=\"twitter:card\" content=\"summary_large_image\" \/>\r\n<meta name=\"twitter:label1\" content=\"Ber\u00e4knad l\u00e4stid\" \/>\n\t<meta name=\"twitter:data1\" content=\"1 minut\" \/>\r\n<script type=\"application\/ld+json\" class=\"yoast-schema-graph\">{\"@context\":\"https:\\\/\\\/schema.org\",\"@graph\":[{\"@type\":\"WebPage\",\"@id\":\"https:\\\/\\\/suresms.com\\\/dk\\\/om-suresms\\\/suresms-support\\\/\",\"url\":\"https:\\\/\\\/suresms.com\\\/dk\\\/om-suresms\\\/suresms-support\\\/\",\"name\":\"Support SureSMS ApS - Support 24\\\/7 - Chat, video og kontaktoplysninger\",\"isPartOf\":{\"@id\":\"https:\\\/\\\/suresms.com\\\/en\\\/#website\"},\"primaryImageOfPage\":{\"@id\":\"https:\\\/\\\/suresms.com\\\/dk\\\/om-suresms\\\/suresms-support\\\/#primaryimage\"},\"image\":{\"@id\":\"https:\\\/\\\/suresms.com\\\/dk\\\/om-suresms\\\/suresms-support\\\/#primaryimage\"},\"thumbnailUrl\":\"https:\\\/\\\/suresms.com\\\/wp-content\\\/uploads\\\/2013\\\/11\\\/help-1019912_500x350-pix-e1473253361719.jpg\",\"datePublished\":\"2013-11-26T08:53:21+00:00\",\"dateModified\":\"2025-10-08T16:02:19+00:00\",\"description\":\"Altid gratis support i SureSMS og r\u00e5dgivning fra professionelle IT-folk. Kontakt SureSMS ApS her - Chat, Video. Se vores manual og dokumentation her.\",\"breadcrumb\":{\"@id\":\"https:\\\/\\\/suresms.com\\\/dk\\\/om-suresms\\\/suresms-support\\\/#breadcrumb\"},\"inLanguage\":\"sv-SE\",\"potentialAction\":[{\"@type\":\"ReadAction\",\"target\":[\"https:\\\/\\\/suresms.com\\\/dk\\\/om-suresms\\\/suresms-support\\\/\"]}]},{\"@type\":\"ImageObject\",\"inLanguage\":\"sv-SE\",\"@id\":\"https:\\\/\\\/suresms.com\\\/dk\\\/om-suresms\\\/suresms-support\\\/#primaryimage\",\"url\":\"https:\\\/\\\/suresms.com\\\/wp-content\\\/uploads\\\/2013\\\/11\\\/help-1019912_500x350-pix-e1473253361719.jpg\",\"contentUrl\":\"https:\\\/\\\/suresms.com\\\/wp-content\\\/uploads\\\/2013\\\/11\\\/help-1019912_500x350-pix-e1473253361719.jpg\"},{\"@type\":\"BreadcrumbList\",\"@id\":\"https:\\\/\\\/suresms.com\\\/dk\\\/om-suresms\\\/suresms-support\\\/#breadcrumb\",\"itemListElement\":[{\"@type\":\"ListItem\",\"position\":1,\"name\":\"Home\",\"item\":\"https:\\\/\\\/suresms.com\\\/dk\\\/\"},{\"@type\":\"ListItem\",\"position\":2,\"name\":\"Om SureSMS\",\"item\":\"https:\\\/\\\/suresms.com\\\/dk\\\/om-suresms\\\/\"},{\"@type\":\"ListItem\",\"position\":3,\"name\":\"Support SureSMS 24\\\/7\"}]},{\"@type\":\"WebSite\",\"@id\":\"https:\\\/\\\/suresms.com\\\/en\\\/#website\",\"url\":\"https:\\\/\\\/suresms.com\\\/en\\\/\",\"name\":\"SureSMS\",\"description\":\"Professionel SMS Gateway\",\"publisher\":{\"@id\":\"https:\\\/\\\/suresms.com\\\/en\\\/#organization\"},\"potentialAction\":[{\"@type\":\"SearchAction\",\"target\":{\"@type\":\"EntryPoint\",\"urlTemplate\":\"https:\\\/\\\/suresms.com\\\/en\\\/?s={search_term_string}\"},\"query-input\":{\"@type\":\"PropertyValueSpecification\",\"valueRequired\":true,\"valueName\":\"search_term_string\"}}],\"inLanguage\":\"sv-SE\"},{\"@type\":\"Organization\",\"@id\":\"https:\\\/\\\/suresms.com\\\/en\\\/#organization\",\"name\":\"SureSMS\",\"url\":\"https:\\\/\\\/suresms.com\\\/en\\\/\",\"logo\":{\"@type\":\"ImageObject\",\"inLanguage\":\"sv-SE\",\"@id\":\"https:\\\/\\\/suresms.com\\\/en\\\/#\\\/schema\\\/logo\\\/image\\\/\",\"url\":\"https:\\\/\\\/suresms.com\\\/wp-content\\\/uploads\\\/2024\\\/11\\\/suresms-300x65-1.png\",\"contentUrl\":\"https:\\\/\\\/suresms.com\\\/wp-content\\\/uploads\\\/2024\\\/11\\\/suresms-300x65-1.png\",\"width\":300,\"height\":65,\"caption\":\"SureSMS\"},\"image\":{\"@id\":\"https:\\\/\\\/suresms.com\\\/en\\\/#\\\/schema\\\/logo\\\/image\\\/\"},\"sameAs\":[\"https:\\\/\\\/www.facebook.com\\\/p\\\/SureSMS-100044607956149\\\/\"]}]}<\/script>\r\n<!-- \/ Yoast SEO Premium plugin. -->","yoast_head_json":{"title":"Support SureSMS ApS - Support 24\/7 - Chatt, video och kontaktinformation","description":"Alltid gratis SureSMS-support och r\u00e5d fr\u00e5n IT-proffs. Kontakta SureSMS ApS h\u00e4r - Chatt, Video. Se v\u00e5r manual och dokumentation h\u00e4r.","robots":{"index":"index","follow":"follow","max-snippet":"max-snippet:-1","max-image-preview":"max-image-preview:large","max-video-preview":"max-video-preview:-1"},"canonical":"https:\/\/suresms.com\/sv\/om-suresms\/suresms-stod\/","og_locale":"sv_SE","og_type":"article","og_title":"Support SureSMS 24\/7","og_description":"Altid gratis support i SureSMS og r\u00e5dgivning fra professionelle IT-folk. Kontakt SureSMS ApS her - Chat, Video. Se vores manual og dokumentation her.","og_url":"https:\/\/suresms.com\/sv\/om-suresms\/suresms-stod\/","article_publisher":"https:\/\/www.facebook.com\/p\/SureSMS-100044607956149\/","article_modified_time":"2025-10-08T16:02:19+00:00","og_image":[{"url":"https:\/\/suresms.com\/wp-content\/uploads\/2013\/11\/help-1019912_500x350-pix-e1473253361719.jpg","type":"","width":"","height":""}],"twitter_card":"summary_large_image","twitter_misc":{"Ber\u00e4knad l\u00e4stid":"1 minut"},"schema":{"@context":"https:\/\/schema.org","@graph":[{"@type":"WebPage","@id":"https:\/\/suresms.com\/dk\/om-suresms\/suresms-support\/","url":"https:\/\/suresms.com\/dk\/om-suresms\/suresms-support\/","name":"Support SureSMS ApS - Support 24\/7 - Chatt, video och kontaktinformation","isPartOf":{"@id":"https:\/\/suresms.com\/en\/#website"},"primaryImageOfPage":{"@id":"https:\/\/suresms.com\/dk\/om-suresms\/suresms-support\/#primaryimage"},"image":{"@id":"https:\/\/suresms.com\/dk\/om-suresms\/suresms-support\/#primaryimage"},"thumbnailUrl":"https:\/\/suresms.com\/wp-content\/uploads\/2013\/11\/help-1019912_500x350-pix-e1473253361719.jpg","datePublished":"2013-11-26T08:53:21+00:00","dateModified":"2025-10-08T16:02:19+00:00","description":"Alltid gratis SureSMS-support och r\u00e5d fr\u00e5n IT-proffs. Kontakta SureSMS ApS h\u00e4r - Chatt, Video. Se v\u00e5r manual och dokumentation h\u00e4r.","breadcrumb":{"@id":"https:\/\/suresms.com\/dk\/om-suresms\/suresms-support\/#breadcrumb"},"inLanguage":"sv-SE","potentialAction":[{"@type":"ReadAction","target":["https:\/\/suresms.com\/dk\/om-suresms\/suresms-support\/"]}]},{"@type":"ImageObject","inLanguage":"sv-SE","@id":"https:\/\/suresms.com\/dk\/om-suresms\/suresms-support\/#primaryimage","url":"https:\/\/suresms.com\/wp-content\/uploads\/2013\/11\/help-1019912_500x350-pix-e1473253361719.jpg","contentUrl":"https:\/\/suresms.com\/wp-content\/uploads\/2013\/11\/help-1019912_500x350-pix-e1473253361719.jpg"},{"@type":"BreadcrumbList","@id":"https:\/\/suresms.com\/dk\/om-suresms\/suresms-support\/#breadcrumb","itemListElement":[{"@type":"ListItem","position":1,"name":"Home","item":"https:\/\/suresms.com\/dk\/"},{"@type":"ListItem","position":2,"name":"Om SureSMS","item":"https:\/\/suresms.com\/dk\/om-suresms\/"},{"@type":"ListItem","position":3,"name":"Support SureSMS 24\/7"}]},{"@type":"WebSite","@id":"https:\/\/suresms.com\/en\/#website","url":"https:\/\/suresms.com\/en\/","name":"SureSMS","description":"Professionell SMS Gateway","publisher":{"@id":"https:\/\/suresms.com\/en\/#organization"},"potentialAction":[{"@type":"SearchAction","target":{"@type":"EntryPoint","urlTemplate":"https:\/\/suresms.com\/en\/?s={search_term_string}"},"query-input":{"@type":"PropertyValueSpecification","valueRequired":true,"valueName":"search_term_string"}}],"inLanguage":"sv-SE"},{"@type":"Organization","@id":"https:\/\/suresms.com\/en\/#organization","name":"SureSMS","url":"https:\/\/suresms.com\/en\/","logo":{"@type":"ImageObject","inLanguage":"sv-SE","@id":"https:\/\/suresms.com\/en\/#\/schema\/logo\/image\/","url":"https:\/\/suresms.com\/wp-content\/uploads\/2024\/11\/suresms-300x65-1.png","contentUrl":"https:\/\/suresms.com\/wp-content\/uploads\/2024\/11\/suresms-300x65-1.png","width":300,"height":65,"caption":"SureSMS"},"image":{"@id":"https:\/\/suresms.com\/en\/#\/schema\/logo\/image\/"},"sameAs":["https:\/\/www.facebook.com\/p\/SureSMS-100044607956149\/"]}]}},"_links":{"self":[{"href":"https:\/\/suresms.com\/sv\/wp-json\/wp\/v2\/pages\/10","targetHints":{"allow":["GET"]}}],"collection":[{"href":"https:\/\/suresms.com\/sv\/wp-json\/wp\/v2\/pages"}],"about":[{"href":"https:\/\/suresms.com\/sv\/wp-json\/wp\/v2\/types\/page"}],"author":[{"embeddable":true,"href":"https:\/\/suresms.com\/sv\/wp-json\/wp\/v2\/users\/1"}],"replies":[{"embeddable":true,"href":"https:\/\/suresms.com\/sv\/wp-json\/wp\/v2\/comments?post=10"}],"version-history":[{"count":5,"href":"https:\/\/suresms.com\/sv\/wp-json\/wp\/v2\/pages\/10\/revisions"}],"predecessor-version":[{"id":23491,"href":"https:\/\/suresms.com\/sv\/wp-json\/wp\/v2\/pages\/10\/revisions\/23491"}],"up":[{"embeddable":true,"href":"https:\/\/suresms.com\/sv\/wp-json\/wp\/v2\/pages\/18594"}],"wp:attachment":[{"href":"https:\/\/suresms.com\/sv\/wp-json\/wp\/v2\/media?parent=10"}],"curies":[{"name":"wp","href":"https:\/\/api.w.org\/{rel}","templated":true}]}}