{"id":958,"date":"2015-02-25T14:07:24","date_gmt":"2015-02-25T12:07:24","guid":{"rendered":"https:\/\/www.suresms.com\/dk\/?page_id=958"},"modified":"2025-11-05T08:57:43","modified_gmt":"2025-11-05T08:57:43","slug":"carateristicas","status":"publish","type":"page","link":"https:\/\/suresms.com\/pt\/funktioner\/","title":{"rendered":"Carater\u00edsticas e fun\u00e7\u00f5es"},"content":{"rendered":"<!-- Flexy Breadcrumb -->\r\n\t\t\t<div class=\"fbc fbc-page\">\r\n\r\n\t\t\t\t<!-- Breadcrumb wrapper -->\r\n\t\t\t\t<div class=\"fbc-wrap\">\r\n\r\n\t\t\t\t\t<!-- Ordered list-->\r\n\t\t\t\t\t<ol class=\"fbc-items\" itemscope itemtype=\"https:\/\/schema.org\/BreadcrumbList\">\r\n\t\t\t\t\t\t            <li itemprop=\"itemListElement\" itemscope itemtype=\"https:\/\/schema.org\/ListItem\">\r\n                <span itemprop=\"name\">\r\n                    <!-- Home Link -->\r\n                    <a itemprop=\"item\" href=\"https:\/\/suresms.com\/pt\/\">\r\n                    \r\n                                                    <i class=\"fa fa-home\" aria-hidden=\"true\"><\/i>In\u00edcio                    <\/a>\r\n                <\/span>\r\n                <meta itemprop=\"position\" content=\"1\" \/><!-- Meta Position-->\r\n             <\/li><li><span class=\"fbc-separator\">\/<\/span><\/li><li class=\"active\" itemprop=\"itemListElement\" itemscope itemtype=\"https:\/\/schema.org\/ListItem\"><span itemprop=\"name\" title=\"Carater\u00edsticas e fun\u00e7\u00f5es\">Carater\u00edsticas e fun\u00e7\u00f5es<\/span><meta itemprop=\"position\" content=\"2\" \/><\/li>\t\t\t\t\t<\/ol>\r\n\t\t\t\t\t<div class=\"clearfix\"><\/div>\r\n\t\t\t\t<\/div>\r\n\t\t\t<\/div>\r\n\t\t\t\n\t<h1>Carater\u00edsticas e fun\u00e7\u00f5es<\/h1>\n<p>O nosso sistema SMS tem muitas funcionalidades \u00fateis. Diferentes funcionalidades s\u00e3o utilizadas por diferentes tipos de clientes. Talvez esteja \u00e0 procura de uma das funcionalidades que listamos abaixo. Clique na funcionalidade para obter mais informa\u00e7\u00f5es. Tamb\u00e9m pode visitar o nosso <a href=\"https:\/\/suresms.com\/pt\/descargas-de-ramos\/\">guia do sector<\/a>para ver como diferentes sectores utilizam a nossa solu\u00e7\u00e3o.<\/p>\n\t\t<h3><a href=\"https:\/\/suresms.com\/pt\/carateristicas\/enviar-sms-a-partir-do-pc\/\"  target=\"_self\">\t\n\tEnviar SMS a partir do PC<\/a><\/h3><p>A fun\u00e7\u00e3o b\u00e1sica do nosso SMS gateway \u00e9 que pode escrever um SMS a partir do seu PC e envi\u00e1-lo tal como envia um e-mail. A fun\u00e7\u00e3o b\u00e1sica.<\/p>\n\t\t<h3><a href=\"https:\/\/suresms.com\/pt\/carateristicas\/modelos-de-sms\/\"  target=\"_self\">\t\n\tModelos de SMS<\/a><\/h3><p>Se envia muitas mensagens id\u00eanticas ou quase id\u00eanticas, ent\u00e3o os modelos s\u00e3o para si. Pode criar todos os modelos que quiser. Com os campos de fus\u00e3o, pode personalizar os seus modelos.<\/p>\n\t\t<h3><a href=\"https:\/\/suresms.com\/pt\/carateristicas\/remetente-auto-selecionado-da-sua-mensagem\/\"  target=\"_self\">\t\n\tID do remetente auto-selecionado<\/a><\/h3><p>Escolha o remetente da sua mensagem. Por exemplo, pode ser a Coca-Cola. Pode ser utilizado para marcar a sua empresa ou organiza\u00e7\u00e3o. As mensagens n\u00e3o podem ser respondidas.<\/p>\n\t\t<h3><a href=\"https:\/\/suresms.com\/pt\/carateristicas\/mensagens-diretas-sms-para-grupos\/\"  target=\"_self\">\t\n\tOp\u00e7\u00e3o de tran\u00e7a<\/a><\/h3><p>Fundir informa\u00e7\u00f5es do livro de endere\u00e7os nas mensagens. Normalmente, o nome \u00e9 fundido, mas todas as informa\u00e7\u00f5es podem ser fundidas. Por exemplo, os mec\u00e2nicos fundem o modelo do carro nas mensagens.<\/p>\n\t\t<h3><a href=\"https:\/\/suresms.com\/pt\/carateristicas\/grupo-sms\/\"  target=\"_self\">\t\n\tSMS de grupo<\/a><\/h3><p>Pode criar todos os grupos que quiser no SureSMS. Pode adicionar todos os contactos que desejar. Enviar um SMS de grupo n\u00e3o podia ser mais f\u00e1cil. Pode ser feito com apenas alguns cliques.<\/p>\n\t\t<h3><a href=\"https:\/\/suresms.com\/pt\/carateristicas\/funcao-sms-para-sms\/\"  target=\"_self\">\t\n\tSMS-2-SMS<\/a><\/h3><p>Com a nossa solu\u00e7\u00e3o de SMS bidirecional, pode enviar um SMS que \u00e9 depois enviado para outro n\u00famero ou para um grupo inteiro.<\/p>\n\t\t<h3><a href=\"https:\/\/suresms.com\/pt\/carateristicas\/receber-mensagens-de-texto-no-seu-computador\/\"  target=\"_self\">\t\n\tReceber SMS<\/a><\/h3><p>Com o SMS bidirecional, pode receber SMS em linha. Crie um di\u00e1logo com os seus clientes ou empregados. Receber encomendas por SMS. Muito utilizado pelas ag\u00eancias de trabalho tempor\u00e1rio. Receber SMS na sua caixa de correio eletr\u00f3nico.<\/p>\n\t\t<h3><a href=\"https:\/\/suresms.com\/pt\/carateristicas\/enviar-mensagens-de-texto-temporizadas\/\"  target=\"_self\">\t\n\tPrograma\u00e7\u00e3o da expedi\u00e7\u00e3o<\/a><\/h3><p>Certifique-se de que chega ao seu p\u00fablico-alvo no momento certo. Pode planear com anteced\u00eancia e continuar a enviar quando lhe for conveniente.<\/p>\n\t\t<h3><a href=\"https:\/\/suresms.com\/pt\/carateristicas\/email2sms-o-caminho-mais-facil\/\"  target=\"_self\">\t\n\temail-2-SMS<\/a><\/h3><p>Independentemente do sistema de e-mail que utiliza, pode utilizar a nossa funcionalidade e-mail-2-SMS. Envia uma mensagem de correio eletr\u00f3nico para a SureSMS e n\u00f3s reencaminhamo-la como SMS.<\/p>\n\t\t<h3><a href=\"https:\/\/suresms.com\/pt\/carateristicas\/registo-e-monitorizacao-completos\/\"  target=\"_self\">\t\n\tCaixa de sa\u00edda de SMS<\/a><\/h3><p>Vis\u00e3o geral completa de todas as mensagens SMS enviadas e recebidas. Ver os t\u00f3picos com cada destinat\u00e1rio. Que mensagens foram entregues e quando? Todas as listas podem ser exportadas para Excel\/CSV.<\/p>\n\t\t<h3>\t\n\tAnexar ficheiros<\/h3><p>A nossa plataforma permite-lhe anexar ficheiros de forma \u00fanica. Estes podem ser v\u00eddeos, ficheiros pdf ou imagens.<\/p>\n\t\t<h3><a href=\"https:\/\/suresms.com\/pt\/carateristicas\/ligacao-sms-3\/\"  target=\"_self\">\t\n\tURL de marca<\/a><\/h3><p>Utilize o seu pr\u00f3prio nome de dom\u00ednio nos links inseridos nas suas mensagens. 39% Taxas de cliques mais elevadas e mensagens mais fi\u00e1veis s\u00e3o apenas alguns dos benef\u00edcios.<\/p>\n\t\t<h3><a href=\"https:\/\/suresms.com\/pt\/carateristicas\/ligacao-sms\/\"  target=\"_self\">\t\n\tLiga\u00e7\u00e3o SMS<\/a><\/h3><p>Insira links, imagens ou v\u00eddeos nas suas mensagens. Ver estat\u00edsticas sobre o n\u00famero de pessoas que viram o v\u00eddeo. Quem clicou na hiperliga\u00e7\u00e3o. Por exemplo, para enviar listas de pre\u00e7os actuais ou ofertas especiais.<\/p>\n\t\t<h3>\t\n\tRelat\u00f3rios<\/h3><p>Obtenha uma vis\u00e3o geral completa de quanto e quando foi enviado. Veja tamb\u00e9m os n\u00fameros de vendas da Shopify nos relat\u00f3rios.<\/p>\n\t\t<h3><a href=\"https:\/\/suresms.com\/pt\/carateristicas\/sms-internacional\/\"  target=\"_self\">\t\n\tSMS para todo o mundo<\/a><\/h3><p>As liga\u00e7\u00f5es a mais de 1900 operadores em todo o mundo garantem a transmiss\u00e3o da sua mensagem. Temos uma entrega particularmente boa nos pa\u00edses n\u00f3rdicos e no norte da Europa.<\/p>\n\t\t<h3><a href=\"https:\/\/suresms.com\/pt\/carateristicas\/formulario-de-registo-na-web\/\"  target=\"_self\">\t\n\tListas de inscri\u00e7\u00e3o f\u00e1ceis<\/a><\/h3><p>Incorpore o formul\u00e1rio de inscri\u00e7\u00e3o no seu s\u00edtio Web, atrav\u00e9s de c\u00f3digos QR ou enviando um SMS. Facilite aos seus destinat\u00e1rios a inscri\u00e7\u00e3o nas suas listas e a obten\u00e7\u00e3o de informa\u00e7\u00f5es valiosas.<\/p>\n\t\t<h3><a href=\"https:\/\/suresms.com\/pt\/carateristicas\/anotacao-de-mensagens-de-texto\/\"  target=\"_self\">\t\n\tRegisto de SMS<\/a><\/h3><p>Com a nossa solu\u00e7\u00e3o de SMS bidirecional, pode enviar um SMS que \u00e9 depois enviado para outro n\u00famero ou para um grupo inteiro.<\/p>\n\t\t<h3>Enviar SMS<\/h3>\n\t\t\t\t<img decoding=\"async\" src=\"https:\/\/suresms.com\/wp-content\/uploads\/2015\/02\/sky-250x100pix.jpg\" alt=\"SMS Gateway enviar sms online\" itemprop=\"image\" height=\"100\" width=\"250\" title=\"c\u00e9u-250x100pix\" onerror=\"this.style.display='none'\" loading=\"lazy\" \/>\n<ul>\n<li>\n<ul>\n<li><a title=\"Enviar SMS online\" href=\"https:\/\/suresms.com\/pt\/carateristicas\/enviar-sms-a-partir-do-pc\/\">Enviar SMS atrav\u00e9s do nosso Portal Web<\/a><\/li>\n<\/ul>\n<\/li>\n<\/ul>\n<ul>\n<li>\n<ul>\n<li><a title=\"Solu\u00e7\u00e3o SMS internacional\" href=\"https:\/\/suresms.com\/pt\/carateristicas\/sms-internacional\/\">SMS para todo o mundo<\/a><\/li>\n<\/ul>\n<\/li>\n<\/ul>\n<ul>\n<li>\n<ul>\n<li><a title=\"Remetente auto-selecionado da sua mensagem\" href=\"https:\/\/suresms.com\/pt\/carateristicas\/remetente-auto-selecionado-da-sua-mensagem\/\">Remetente auto-selecionado nas suas mensagens SMS<\/a><\/li>\n<\/ul>\n<\/li>\n<\/ul>\n<ul>\n<li>\n<ul>\n<li><a title=\"Modelos de SMS\" href=\"https:\/\/suresms.com\/pt\/carateristicas\/modelos-de-sms\/\">Modelos de SMS<\/a><\/li>\n<\/ul>\n<\/li>\n<\/ul>\n<ul>\n<li>\n<ul>\n<li><a title=\"Enviar mensagens SMS temporizadas\" href=\"https:\/\/suresms.com\/pt\/carateristicas\/enviar-mensagens-de-texto-temporizadas\/\">Mensagens SMS temporizadas<\/a><\/li>\n<\/ul>\n<\/li>\n<\/ul>\n<ul>\n<li>\n<ul>\n<li><a title=\"email2sms - a solu\u00e7\u00e3o f\u00e1cil\" href=\"https:\/\/suresms.com\/pt\/carateristicas\/email2sms-o-caminho-mais-facil\/\">Correio eletr\u00f3nico 2 SMS<\/a><\/li>\n<\/ul>\n<\/li>\n<\/ul>\n<ul>\n<li>\n<ul>\n<li><a href=\"https:\/\/suresms.com\/pt\/integracoes\/mail_e_calendar\/suplemento-sms-outlook\/\">Enviar SMS a partir do Outlook<\/a><\/li>\n<\/ul>\n<\/li>\n<\/ul>\n<ul>\n\n<\/ul>\n<p>&nbsp;<\/p>\n\t\t<h3>GRUPO-SMS<\/h3>\n\t\t\t\t<img decoding=\"async\" src=\"https:\/\/suresms.com\/wp-content\/uploads\/2015\/02\/GruppeSMS-250x100-pix.jpg\" alt=\"Funcionalidades do SMS Gateway sms de grupo\" itemprop=\"image\" height=\"100\" width=\"250\" title=\"GroupSMS 250x100 pix\u00e9is\" onerror=\"this.style.display='none'\" loading=\"lazy\" \/>\n<ul>\n<li>\n<ul>\n<li><a title=\"GroupSMS: Criar e enviar para grupos\" href=\"https:\/\/suresms.com\/pt\/carateristicas\/grupo-sms\/\">Criar e enviar SMS de grupo<\/a><\/li>\n<\/ul>\n<\/li>\n<\/ul>\n<ul>\n<li>\n<ul>\n<li><a title=\"Importar contactos\" href=\"https:\/\/suresms.com\/pt\/documentos\/conta-4\/nome-da-estacao-7\/\">Importar contactos<\/a><\/li>\n<\/ul>\n<\/li>\n<\/ul>\n<ul>\n<li>\n<ul>\n<li><a title=\"Contactos e grupos ilimitados\" href=\"https:\/\/suresms.com\/pt\/documentos\/conta-4\/nome-da-estacao-6\/\">N\u00famero ilimitado de destinat\u00e1rios\/grupos<\/a><\/li>\n<\/ul>\n<\/li>\n<\/ul>\n<ul>\n<li>\n<ul>\n<li><a title=\"Fus\u00e3o de mensagens SMS para grupos\" href=\"https:\/\/suresms.com\/pt\/mensagens-diretas-sms-para-grupos\/\">Fundir o nome do destinat\u00e1rio em SMS de grupo<\/a><\/li>\n<\/ul>\n<\/li>\n<\/ul>\n<ul>\n<li>\n<ul>\n<li><a title=\"Formul\u00e1rios de registo WEB\" href=\"https:\/\/suresms.com\/pt\/formulario-de-registo-na-web\/\">Subscrever \/ anular a subscri\u00e7\u00e3o de listas via WEB<\/a><\/li>\n<\/ul>\n<\/li>\n<\/ul>\n<ul>\n<li>\n<ul>\n<li><a title=\"Subscrever\/anular a subscri\u00e7\u00e3o de listas atrav\u00e9s de SMS\" href=\"https:\/\/suresms.com\/pt\/formulario-de-registo-na-web\/\">Subscrever\/anular a subscri\u00e7\u00e3o de listas atrav\u00e9s de SMS<\/a><\/li>\n<\/ul>\n<\/li>\n<\/ul>\n\t\t<h3>PARA DESENVOLVEDORES<\/h3>\n\t\t\t\t<img decoding=\"async\" src=\"https:\/\/suresms.com\/wp-content\/uploads\/2015\/02\/Udviklere-250x100-pix.jpg\" alt=\"API para programadores de fun\u00e7\u00f5es SMS\" itemprop=\"image\" height=\"100\" width=\"250\" title=\"Programadores 250x100 pix\u00e9is\" onerror=\"this.style.display='none'\" loading=\"lazy\" \/>\n<ul>\n<li>\n<ul>\n<li><a title=\"API SMS para programadores\" href=\"https:\/\/developer.suresms.com\">API\u00a0<\/a><\/li>\n<\/ul>\n<\/li>\n<\/ul>\n<ul>\n<li>\n<ul>\n<li><a title=\"Carater\u00edsticas SMS bidirecional\" href=\"https:\/\/suresms.com\/pt\/carateristicas\/receber-mensagens-de-texto-no-seu-computador\/\">sms de entrada bidirecional<\/a><\/li>\n<\/ul>\n<\/li>\n<\/ul>\n<ul>\n<li>\n<ul>\n<li><a title=\"SMS bidirecional com SIM alojado\" href=\"https:\/\/suresms.com\/pt\/descarregamento-de-sms-bidirecional-com-sim-alojado\/\">Sobre o SIM Alojado<\/a><\/li>\n<\/ul>\n<\/li>\n<\/ul>\n<ul>\n<li>\n<ul>\n<li><a title=\"Fun\u00e7\u00e3o SMS para SMS\" href=\"https:\/\/suresms.com\/pt\/funcao-sms-para-sms\/\">SMS para SMS<\/a><\/li>\n<\/ul>\n<\/li>\n<\/ul>\n<ul>\n<li>\n<ul>\n<li><a title=\"Integra\u00e7\u00f5es SMS\" href=\"https:\/\/suresms.com\/pt\/integracoes\/\">Integra\u00e7\u00f5es<\/a><\/li>\n<\/ul>\n<\/li>\n<\/ul>\n<ul>\n<li>\n<ul>\n<li><a href=\"http:\/\/developer.suresms.com\/\">Documenta\u00e7\u00e3o<\/a><\/li>\n<\/ul>\n<\/li>\n<\/ul>\n<p>&nbsp;<\/p>\n\t\t<h3>SEGURAN\u00c7A<\/h3>\n\t\t\t\t<img decoding=\"async\" src=\"https:\/\/suresms.com\/wp-content\/uploads\/2015\/02\/Sikkerhed-250x100-pix.jpg\" alt=\"SMS Gateway sobre seguran\u00e7a\" itemprop=\"image\" height=\"100\" width=\"250\" title=\"Seguran\u00e7a 250x100 pix\u00e9is\" onerror=\"this.style.display='none'\" loading=\"lazy\" \/>\n<ul>\n<li>\n<ul>\n<li><a title=\"Seguran\u00e7a e prote\u00e7\u00e3o\" href=\"https:\/\/suresms.com\/pt\/seguranca\/\">Seguran\u00e7a e prote\u00e7\u00e3o<\/a><\/li>\n<\/ul>\n<\/li>\n<\/ul>\n<ul>\n<li>\n<ul>\n<li><a title=\"Registo e monitoriza\u00e7\u00e3o completos\" href=\"https:\/\/suresms.com\/pt\/registo-e-monitorizacao-completos\/\">Registo e monitoriza\u00e7\u00e3o completos<\/a><\/li>\n<\/ul>\n<\/li>\n<\/ul>\n<ul>\n<li>\n<ul>\n<li><a title=\"Controlo\" href=\"https:\/\/suresms.com\/pt\/controlo\/\">Controlo<\/a><\/li>\n<\/ul>\n<\/li>\n<\/ul>\n<ul>\n<li>\n<ul>\n<li><a href=\"https:\/\/suresms.com\/pt\/carateristicas\/anotacao-de-mensagens-de-texto\/\">Registo no di\u00e1rio<\/a><\/li>\n<\/ul>\n<\/li>\n<\/ul>\n<ul>\n<li>\n<ul>\n<li><a href=\"https:\/\/suresms.com\/pt\/carateristicas\/sms-internacional-2\/\">CPR-Abertura<\/a><\/li>\n<\/ul>\n<\/li>\n<\/ul>\n<ul>\n<li>\n<ul>\n<li><a title=\"Apoio por correio eletr\u00f3nico e telefone 24 horas por dia, 7 dias por semana\" href=\"https:\/\/suresms.com\/pt\/suporte-suresms\/\">Apoio por correio eletr\u00f3nico e telefone<\/a><\/li>\n<\/ul>\n<\/li>\n<\/ul>\n<p>&nbsp;<\/p>\n\t\t<h3>Tem d\u00favidas sobre alguma coisa?<\/h3>\n\t\t<p>Pode sempre utilizar a nossa ajuda em linha ou escrever para o nosso chat\/linha de apoio no nosso s\u00edtio Web. Estamos prontos a responder a perguntas e a ajud\u00e1-lo a come\u00e7ar.<\/p>\n\t\t\t<a href=\"https:\/\/suresms.com\/pt\/contacto\/\" target=\"_self\">\n\t\t\t\t\t\t\tVer informa\u00e7\u00f5es de contacto\n\t\t\t\t\t<\/a>\n<h3><b>Atualmente, os nossos clientes utilizam-nos para:<\/b><\/h3>\n<ul>\n<li>Lembretes por SMS<\/li>\n<li>Palavra-passe \u00fanica<\/li>\n<li>Monitoriza\u00e7\u00e3o do tr\u00e1fego<\/li>\n<li>Clubes de clientes e not\u00edcias SMS<\/li>\n<li>Marketing m\u00f3vel<\/li>\n<li>Vota\u00e7\u00e3o<\/li>\n<li>Concursos\u00a0<\/li>\n<\/ul>\n\t\t\t\t<img decoding=\"async\" src=\"https:\/\/suresms.com\/wp-content\/uploads\/2024\/09\/Glen100x118.png\" alt=\"Glen100x118\" itemprop=\"image\" title=\"Glen100x118\" onerror=\"this.style.display='none'\" loading=\"lazy\" \/>\n\t\t\t<a href=\"https:\/\/calendly.com\/gm--nzwp\/30min\" target=\"_self\">\n\t\t\t\t\t\t\tMarcar uma demonstra\u00e7\u00e3o\n\t\t\t\t\t<\/a>\n\t<p>com Glen<\/p>","protected":false},"excerpt":{"rendered":"<p>Carater\u00edsticas e fun\u00e7\u00f5es O nosso sistema SMS tem muitas carater\u00edsticas \u00fateis. Diferentes carater\u00edsticas s\u00e3o utilizadas por diferentes tipos de clientes. Talvez esteja \u00e0 procura de uma das carater\u00edsticas que listamos abaixo. Clique na funcionalidade para obter mais informa\u00e7\u00f5es. Tamb\u00e9m pode visitar o nosso guia do sector para ver como diferentes sectores utilizam a nossa solu\u00e7\u00e3o. Enviar ... <a title=\"Carater\u00edsticas e fun\u00e7\u00f5es\" class=\"read-more\" href=\"https:\/\/suresms.com\/pt\/funktioner\/\" aria-label=\"Ler mais sobre Carater\u00edsticas\">Rir mas<\/a><\/p>","protected":false},"author":1,"featured_media":0,"parent":0,"menu_order":3,"comment_status":"closed","ping_status":"closed","template":"","meta":{"_fl_builder_enabled":"1","_fl_builder_data":null,"_fl_builder_draft":null,"_fl_builder_data_settings":null,"_fl_builder_css":"","_fl_builder_css_version":"","_fl_builder_js":"","footnotes":""},"categories":[],"tags":[],"class_list":["post-958","page","type-page","status-publish"],"yoast_head":"<!-- This site is optimized with the Yoast SEO Premium plugin v27.3 (Yoast SEO v27.3) - https:\/\/yoast.com\/product\/yoast-seo-premium-wordpress\/ -->\r\n<title>Funktioner i vores online SMS platform<\/title>\r\n<meta name=\"description\" content=\"Her kan du se mange af de funktioner vi tilbyder i vores SMS platform. Lister, grupper, adressebog, keywords, tovejs sms og meget mere...\" \/>\r\n<meta name=\"robots\" content=\"index, follow, max-snippet:-1, max-image-preview:large, max-video-preview:-1\" \/>\r\n<link rel=\"canonical\" href=\"https:\/\/suresms.com\/pt\/carateristicas\/\" \/>\r\n<meta property=\"og:locale\" content=\"pt_PT\" \/>\r\n<meta property=\"og:type\" content=\"article\" \/>\r\n<meta property=\"og:title\" content=\"Fleksibele SMS l\u00f8sninger til udviklere og virksomheder\" \/>\r\n<meta property=\"og:description\" content=\"Se de mange funktioner og features, som f\u00f8lger med vores SureSMS L\u00f8sning. Find inspiration til , hvordan du let kan bruge SMS&#039;er til kkommunikation med alle typer brugere og systemer.\" \/>\r\n<meta property=\"og:url\" content=\"https:\/\/suresms.com\/pt\/carateristicas\/\" \/>\r\n<meta property=\"article:publisher\" content=\"https:\/\/www.facebook.com\/p\/SureSMS-100044607956149\/\" \/>\r\n<meta property=\"article:modified_time\" content=\"2025-11-05T08:57:43+00:00\" \/>\r\n<meta property=\"og:image\" content=\"https:\/\/suresms.com\/wp-content\/uploads\/2016\/06\/SMS-til-butikker.jpg\" \/>\r\n\t<meta property=\"og:image:width\" content=\"400\" \/>\r\n\t<meta property=\"og:image:height\" content=\"266\" \/>\r\n\t<meta property=\"og:image:type\" content=\"image\/jpeg\" \/>\r\n<meta name=\"twitter:card\" content=\"summary_large_image\" \/>\r\n<meta name=\"twitter:title\" content=\"Funktioner\" \/>\r\n<meta name=\"twitter:label1\" content=\"Tempo estimado de leitura\" \/>\n\t<meta name=\"twitter:data1\" content=\"10 minutos\" \/>\r\n<script type=\"application\/ld+json\" class=\"yoast-schema-graph\">{\"@context\":\"https:\\\/\\\/schema.org\",\"@graph\":[{\"@type\":\"WebPage\",\"@id\":\"https:\\\/\\\/suresms.com\\\/dk\\\/funktioner\\\/\",\"url\":\"https:\\\/\\\/suresms.com\\\/dk\\\/funktioner\\\/\",\"name\":\"Funktioner i vores online SMS platform\",\"isPartOf\":{\"@id\":\"https:\\\/\\\/suresms.com\\\/en\\\/#website\"},\"primaryImageOfPage\":{\"@id\":\"https:\\\/\\\/suresms.com\\\/dk\\\/funktioner\\\/#primaryimage\"},\"image\":{\"@id\":\"https:\\\/\\\/suresms.com\\\/dk\\\/funktioner\\\/#primaryimage\"},\"thumbnailUrl\":\"https:\\\/\\\/suresms.com\\\/wp-content\\\/uploads\\\/2015\\\/02\\\/sky-250x100pix.jpg\",\"datePublished\":\"2015-02-25T12:07:24+00:00\",\"dateModified\":\"2025-11-05T08:57:43+00:00\",\"description\":\"Her kan du se mange af de funktioner vi tilbyder i vores SMS platform. Lister, grupper, adressebog, keywords, tovejs sms og meget mere...\",\"breadcrumb\":{\"@id\":\"https:\\\/\\\/suresms.com\\\/dk\\\/funktioner\\\/#breadcrumb\"},\"inLanguage\":\"pt-PT\",\"potentialAction\":[{\"@type\":\"ReadAction\",\"target\":[\"https:\\\/\\\/suresms.com\\\/dk\\\/funktioner\\\/\"]}]},{\"@type\":\"ImageObject\",\"inLanguage\":\"pt-PT\",\"@id\":\"https:\\\/\\\/suresms.com\\\/dk\\\/funktioner\\\/#primaryimage\",\"url\":\"https:\\\/\\\/suresms.com\\\/wp-content\\\/uploads\\\/2015\\\/02\\\/sky-250x100pix.jpg\",\"contentUrl\":\"https:\\\/\\\/suresms.com\\\/wp-content\\\/uploads\\\/2015\\\/02\\\/sky-250x100pix.jpg\"},{\"@type\":\"BreadcrumbList\",\"@id\":\"https:\\\/\\\/suresms.com\\\/dk\\\/funktioner\\\/#breadcrumb\",\"itemListElement\":[{\"@type\":\"ListItem\",\"position\":1,\"name\":\"Home\",\"item\":\"https:\\\/\\\/suresms.com\\\/dk\\\/\"},{\"@type\":\"ListItem\",\"position\":2,\"name\":\"Funktioner\"}]},{\"@type\":\"WebSite\",\"@id\":\"https:\\\/\\\/suresms.com\\\/en\\\/#website\",\"url\":\"https:\\\/\\\/suresms.com\\\/en\\\/\",\"name\":\"SureSMS\",\"description\":\"Professionel SMS Gateway\",\"publisher\":{\"@id\":\"https:\\\/\\\/suresms.com\\\/en\\\/#organization\"},\"potentialAction\":[{\"@type\":\"SearchAction\",\"target\":{\"@type\":\"EntryPoint\",\"urlTemplate\":\"https:\\\/\\\/suresms.com\\\/en\\\/?s={search_term_string}\"},\"query-input\":{\"@type\":\"PropertyValueSpecification\",\"valueRequired\":true,\"valueName\":\"search_term_string\"}}],\"inLanguage\":\"pt-PT\"},{\"@type\":\"Organization\",\"@id\":\"https:\\\/\\\/suresms.com\\\/en\\\/#organization\",\"name\":\"SureSMS\",\"url\":\"https:\\\/\\\/suresms.com\\\/en\\\/\",\"logo\":{\"@type\":\"ImageObject\",\"inLanguage\":\"pt-PT\",\"@id\":\"https:\\\/\\\/suresms.com\\\/en\\\/#\\\/schema\\\/logo\\\/image\\\/\",\"url\":\"https:\\\/\\\/suresms.com\\\/wp-content\\\/uploads\\\/2024\\\/11\\\/suresms-300x65-1.png\",\"contentUrl\":\"https:\\\/\\\/suresms.com\\\/wp-content\\\/uploads\\\/2024\\\/11\\\/suresms-300x65-1.png\",\"width\":300,\"height\":65,\"caption\":\"SureSMS\"},\"image\":{\"@id\":\"https:\\\/\\\/suresms.com\\\/en\\\/#\\\/schema\\\/logo\\\/image\\\/\"},\"sameAs\":[\"https:\\\/\\\/www.facebook.com\\\/p\\\/SureSMS-100044607956149\\\/\"]}]}<\/script>\r\n<!-- \/ Yoast SEO Premium plugin. -->","yoast_head_json":{"title":"Carater\u00edsticas da nossa plataforma SMS em linha","description":"Aqui pode ver muitas das funcionalidades que oferecemos na nossa plataforma SMS. Listas, grupos, livro de endere\u00e7os, palavras-chave, SMS bidirecional e muito mais...","robots":{"index":"index","follow":"follow","max-snippet":"max-snippet:-1","max-image-preview":"max-image-preview:large","max-video-preview":"max-video-preview:-1"},"canonical":"https:\/\/suresms.com\/pt\/carateristicas\/","og_locale":"pt_PT","og_type":"article","og_title":"Fleksibele SMS l\u00f8sninger til udviklere og virksomheder","og_description":"Se de mange funktioner og features, som f\u00f8lger med vores SureSMS L\u00f8sning. Find inspiration til , hvordan du let kan bruge SMS'er til kkommunikation med alle typer brugere og systemer.","og_url":"https:\/\/suresms.com\/pt\/carateristicas\/","article_publisher":"https:\/\/www.facebook.com\/p\/SureSMS-100044607956149\/","article_modified_time":"2025-11-05T08:57:43+00:00","og_image":[{"width":400,"height":266,"url":"https:\/\/suresms.com\/wp-content\/uploads\/2016\/06\/SMS-til-butikker.jpg","type":"image\/jpeg"}],"twitter_card":"summary_large_image","twitter_title":"Funktioner","twitter_misc":{"Tempo estimado de leitura":"10 minutos"},"schema":{"@context":"https:\/\/schema.org","@graph":[{"@type":"WebPage","@id":"https:\/\/suresms.com\/dk\/funktioner\/","url":"https:\/\/suresms.com\/dk\/funktioner\/","name":"Carater\u00edsticas da nossa plataforma SMS em linha","isPartOf":{"@id":"https:\/\/suresms.com\/en\/#website"},"primaryImageOfPage":{"@id":"https:\/\/suresms.com\/dk\/funktioner\/#primaryimage"},"image":{"@id":"https:\/\/suresms.com\/dk\/funktioner\/#primaryimage"},"thumbnailUrl":"https:\/\/suresms.com\/wp-content\/uploads\/2015\/02\/sky-250x100pix.jpg","datePublished":"2015-02-25T12:07:24+00:00","dateModified":"2025-11-05T08:57:43+00:00","description":"Aqui pode ver muitas das funcionalidades que oferecemos na nossa plataforma SMS. Listas, grupos, livro de endere\u00e7os, palavras-chave, SMS bidirecional e muito mais...","breadcrumb":{"@id":"https:\/\/suresms.com\/dk\/funktioner\/#breadcrumb"},"inLanguage":"pt-PT","potentialAction":[{"@type":"ReadAction","target":["https:\/\/suresms.com\/dk\/funktioner\/"]}]},{"@type":"ImageObject","inLanguage":"pt-PT","@id":"https:\/\/suresms.com\/dk\/funktioner\/#primaryimage","url":"https:\/\/suresms.com\/wp-content\/uploads\/2015\/02\/sky-250x100pix.jpg","contentUrl":"https:\/\/suresms.com\/wp-content\/uploads\/2015\/02\/sky-250x100pix.jpg"},{"@type":"BreadcrumbList","@id":"https:\/\/suresms.com\/dk\/funktioner\/#breadcrumb","itemListElement":[{"@type":"ListItem","position":1,"name":"Home","item":"https:\/\/suresms.com\/dk\/"},{"@type":"ListItem","position":2,"name":"Funktioner"}]},{"@type":"WebSite","@id":"https:\/\/suresms.com\/en\/#website","url":"https:\/\/suresms.com\/en\/","name":"SureSMS","description":"Gateway SMS profissional","publisher":{"@id":"https:\/\/suresms.com\/en\/#organization"},"potentialAction":[{"@type":"SearchAction","target":{"@type":"EntryPoint","urlTemplate":"https:\/\/suresms.com\/en\/?s={search_term_string}"},"query-input":{"@type":"PropertyValueSpecification","valueRequired":true,"valueName":"search_term_string"}}],"inLanguage":"pt-PT"},{"@type":"Organization","@id":"https:\/\/suresms.com\/en\/#organization","name":"SureSMS","url":"https:\/\/suresms.com\/en\/","logo":{"@type":"ImageObject","inLanguage":"pt-PT","@id":"https:\/\/suresms.com\/en\/#\/schema\/logo\/image\/","url":"https:\/\/suresms.com\/wp-content\/uploads\/2024\/11\/suresms-300x65-1.png","contentUrl":"https:\/\/suresms.com\/wp-content\/uploads\/2024\/11\/suresms-300x65-1.png","width":300,"height":65,"caption":"SureSMS"},"image":{"@id":"https:\/\/suresms.com\/en\/#\/schema\/logo\/image\/"},"sameAs":["https:\/\/www.facebook.com\/p\/SureSMS-100044607956149\/"]}]}},"_links":{"self":[{"href":"https:\/\/suresms.com\/pt\/wp-json\/wp\/v2\/pages\/958","targetHints":{"allow":["GET"]}}],"collection":[{"href":"https:\/\/suresms.com\/pt\/wp-json\/wp\/v2\/pages"}],"about":[{"href":"https:\/\/suresms.com\/pt\/wp-json\/wp\/v2\/types\/page"}],"author":[{"embeddable":true,"href":"https:\/\/suresms.com\/pt\/wp-json\/wp\/v2\/users\/1"}],"replies":[{"embeddable":true,"href":"https:\/\/suresms.com\/pt\/wp-json\/wp\/v2\/comments?post=958"}],"version-history":[{"count":35,"href":"https:\/\/suresms.com\/pt\/wp-json\/wp\/v2\/pages\/958\/revisions"}],"predecessor-version":[{"id":23524,"href":"https:\/\/suresms.com\/pt\/wp-json\/wp\/v2\/pages\/958\/revisions\/23524"}],"wp:attachment":[{"href":"https:\/\/suresms.com\/pt\/wp-json\/wp\/v2\/media?parent=958"}],"wp:term":[{"taxonomy":"category","embeddable":true,"href":"https:\/\/suresms.com\/pt\/wp-json\/wp\/v2\/categories?post=958"},{"taxonomy":"post_tag","embeddable":true,"href":"https:\/\/suresms.com\/pt\/wp-json\/wp\/v2\/tags?post=958"}],"curies":[{"name":"wp","href":"https:\/\/api.w.org\/{rel}","templated":true}]}}