{"id":9527,"date":"2020-05-13T12:28:25","date_gmt":"2020-05-13T10:28:25","guid":{"rendered":"https:\/\/www.suresms.com\/dk\/?page_id=9527"},"modified":"2026-03-05T12:27:31","modified_gmt":"2026-03-05T12:27:31","slug":"subcontratantes","status":"publish","type":"page","link":"https:\/\/suresms.com\/pt\/ressourcer\/gdpr\/underdatabehandlere\/","title":{"rendered":"Subprocessadores"},"content":{"rendered":"<!-- Flexy Breadcrumb -->\r\n\t\t\t<div class=\"fbc fbc-page\">\r\n\r\n\t\t\t\t<!-- Breadcrumb wrapper -->\r\n\t\t\t\t<div class=\"fbc-wrap\">\r\n\r\n\t\t\t\t\t<!-- Ordered list-->\r\n\t\t\t\t\t<ol class=\"fbc-items\" itemscope itemtype=\"https:\/\/schema.org\/BreadcrumbList\">\r\n\t\t\t\t\t\t            <li itemprop=\"itemListElement\" itemscope itemtype=\"https:\/\/schema.org\/ListItem\">\r\n                <span itemprop=\"name\">\r\n                    <!-- Home Link -->\r\n                    <a itemprop=\"item\" href=\"https:\/\/suresms.com\/pt\/\">\r\n                    \r\n                                                    <i class=\"fa fa-home\" aria-hidden=\"true\"><\/i>In\u00edcio                    <\/a>\r\n                <\/span>\r\n                <meta itemprop=\"position\" content=\"1\" \/><!-- Meta Position-->\r\n             <\/li><li><span class=\"fbc-separator\">\/<\/span><\/li><li class=\"active\" itemprop=\"itemListElement\" itemscope itemtype=\"https:\/\/schema.org\/ListItem\"><span itemprop=\"name\" title=\"Subprocessadores\">Subprocessadores<\/span><meta itemprop=\"position\" content=\"2\" \/><\/li>\t\t\t\t\t<\/ol>\r\n\t\t\t\t\t<div class=\"clearfix\"><\/div>\r\n\t\t\t\t<\/div>\r\n\t\t\t<\/div>\r\n\t\t\t\n\t<h1><strong>SUB-PROCESSORES<\/strong><\/h1>\n\t<p>&nbsp;<\/p>\n<table width=\"1078\">\n<tbody>\n<tr>\n<td width=\"309\">\u00daltima atualiza\u00e7\u00e3o:<br \/>\n2020-04-21\n\u00daltima aprova\u00e7\u00e3o:<br \/>\n2026-03-05<\/td>\n<td width=\"283\"><\/td>\n<td width=\"166\"><\/td>\n<\/tr>\n<tr>\n\n\n\n<\/tr>\n<tr>\n<td><strong>Sub-processador<\/strong><\/td>\n<td><strong>Endere\u00e7o<\/strong><\/td>\n<td><strong>Utilizado para<\/strong><\/td>\n<\/tr>\n<tr>\n<td>AMAZON<\/td>\n<td width=\"283\">Europa (Frankfurt) Regi\u00e3o<br \/>\n60313 Frankfurt am Main<br \/>\nAlemanha<\/td>\n<td>Centro de armazenamento de dados<br \/>\n<a href=\"https:\/\/aws.amazon.com\/compliance\/gdpr-center\/\">Saiba mais sobre a AWS e o RGPD<\/a><\/td>\n<\/tr>\n<tr>\n<td>Epay<\/td>\n<td width=\"283\">Bambora Online A\/S<br \/>\nAlfred Nobels Vej 21 A, 1.<br \/>\nDK-9220 Aalborg Leste<br \/>\nDinamarca<\/td>\n<td>Solu\u00e7\u00f5es de pagamento<\/td>\n<\/tr>\n<tr>\n<td>Visma E-conomics<\/td>\n<td width=\"283\">Langebrogade 1<br \/>\n1411 Copenhaga K, Dinamarca<br \/>\nDinamarca<\/td>\n<td>Economia<\/td>\n<\/tr>\n<tr>\n<td>Servi\u00e7o de fatura\u00e7\u00e3o<\/td>\n<td width=\"283\">Estrada Dinamarca 26<br \/>\n8660 Skanderborg, Dinamarca<br \/>\nDinamarca<\/td>\n<td>Sistema de fatura\u00e7\u00e3o<\/td>\n<\/tr>\n<tr>\n<td>Zendesk<\/td>\n<td width=\"283\">Snaregade 12<br \/>\n1205 Copenhaga<br \/>\nDinamarca<\/td>\n<td>Apoio<\/td>\n<\/tr>\n<tr>\n<td>Omstil.com<\/td>\n<td width=\"283\">Virum Overdrevsvej 23<br \/>\nDK-2830 Virum<br \/>\nDinamarca<\/td>\n<td>Sistema de convers\u00e3o<\/td>\n<\/tr>\n<tr>\n<td>SimplyCRM<\/td>\n<td width=\"283\">Vesterbrogade 26<br \/>\n1620 Copenhaga V<br \/>\nDinamarca<\/td>\n<td>Sistema CRM<\/td>\n<\/tr>\n<\/tbody>\n<\/table>\n<p>&nbsp;<\/p>\n<p>Os operadores de telecomunica\u00e7\u00f5es s\u00e3o fornecedores de servi\u00e7os de comunica\u00e7\u00f5es electr\u00f3nicas (SCE). Os operadores oferecem aos clientes liga\u00e7\u00f5es diretas aos servi\u00e7os de mensagens atrav\u00e9s de protocolos de telecomunica\u00e7\u00f5es como o HTTPS. Esta transmiss\u00e3o n\u00e3o \u00e9 uma \"transfer\u00eancia\" de dados pessoais nos termos do RGPD, mas uma atividade distinta e separada, em que os dados transmitidos s\u00e3o protegidos por obriga\u00e7\u00f5es de confidencialidade<\/p>\nOs direitos \u00e0 privacidade e \u00e0 confidencialidade s\u00e3o protegidos por v\u00e1rios artigos da Carta dos Direitos Fundamentais da Uni\u00e3o Europeia:<br \/>\n1. o direito \u00e0 confidencialidade \u00e9 protegido pelo artigo 7\u00ba.<br \/>\n2. O direito \u00e0 privacidade est\u00e1 previsto no artigo 8.\nNessa parte, os SCE devem ser considerados respons\u00e1veis pelo tratamento dos dados, uma vez que est\u00e3o sujeitos a regulamentos espec\u00edficos em mat\u00e9ria de prote\u00e7\u00e3o de dados (confidencialidade versus privacidade). Ao fornecer ECS, os dados s\u00e3o tratados de forma opaca pelo fornecedor de ECS, nomeadamente a transmiss\u00e3o<br \/>\nde sinais\/mensagens\/voz e fatura\u00e7\u00e3o do servi\u00e7o de transmiss\u00e3o.\n<p>Por conseguinte, os prestadores de servi\u00e7os ECS e ECN (rede de comunica\u00e7\u00f5es electr\u00f3nicas) n\u00e3o efectuam o tratamento de dados em nome do cliente e as disposi\u00e7\u00f5es dos acordos de tratamento de dados n\u00e3o s\u00e3o adequadas para a presta\u00e7\u00e3o de servi\u00e7os ECS.<\/p>\n<p>O artigo 95.\u00ba do RGPD estabelece que o regulamento n\u00e3o deve impor obriga\u00e7\u00f5es aos fornecedores de SCE p\u00fablicos e aos operadores de redes p\u00fablicas que excedam as obriga\u00e7\u00f5es j\u00e1 estabelecidas na Diretiva Privacidade e Comunica\u00e7\u00f5es Electr\u00f3nicas.<\/p>\n<p>Os fornecedores de SCE est\u00e3o proibidos de tomar conhecimento do conte\u00fado de qualquer comunica\u00e7\u00e3o que difundam, incluindo os dados pessoais que possam fazer parte dessa comunica\u00e7\u00e3o (ver artigo 5.\u00ba da Diretiva 2002\/58\/CE relativa \u00e0 privacidade e \u00e0s comunica\u00e7\u00f5es electr\u00f3nicas), a menos que uma das partes envolvidas na transmiss\u00e3o tenha dado o seu consentimento formal.<\/p>\n<p>Consequentemente, os dados pessoais inclu\u00eddos nas comunica\u00e7\u00f5es mediadas n\u00e3o s\u00e3o revelados e n\u00e3o s\u00e3o \"processados\" por eles. Caso contr\u00e1rio, cada prestador de servi\u00e7os de telefonia seria considerado um subcontratante para cada chamada telef\u00f3nica que cria para o autor da chamada.<\/p>","protected":false},"excerpt":{"rendered":"<p>SUB PROCESSADORES DE DADOS \u00daltima atualiza\u00e7\u00e3o: 2020-04-21 \u00daltima aprova\u00e7\u00e3o: 2026-03-05 Sub Processador de Dados Endere\u00e7o Utilizado para AMAZON Europe (Frankfurt) Regi\u00e3o 60313 Frankfurt am Main Alemanha Centro de Reten\u00e7\u00e3o de Dados Leia mais sobre AWS e GDPR Epay Bambora Online A\/S Alfred Nobels Vej 21 A, 1. DK-9220 Aalborg \u00d8st Dinamarca Solu\u00e7\u00f5es de pagamento Visma E-conomics Langebrogade 1 1411 K\u00f8benhavn K Dinamarca \u00d8konomi Fakturaservice Danmarksvej 26 ... <a title=\"Subprocessadores\" class=\"read-more\" href=\"https:\/\/suresms.com\/pt\/ressourcer\/gdpr\/underdatabehandlere\/\" aria-label=\"Leia mais sobre Subdatabehandlere\">Rir mas<\/a><\/p>","protected":false},"author":1,"featured_media":0,"parent":5221,"menu_order":0,"comment_status":"closed","ping_status":"closed","template":"","meta":{"_fl_builder_enabled":"1","_fl_builder_data":null,"_fl_builder_draft":null,"_fl_builder_data_settings":null,"_fl_builder_css":"","_fl_builder_css_version":"","_fl_builder_js":"","footnotes":""},"categories":[],"tags":[],"class_list":["post-9527","page","type-page","status-publish"],"yoast_head":"<!-- This site is optimized with the Yoast SEO Premium plugin v27.3 (Yoast SEO v27.3) - https:\/\/yoast.com\/product\/yoast-seo-premium-wordpress\/ -->\r\n<title>Underdatabehandlere -<\/title>\r\n<meta name=\"robots\" content=\"index, follow, max-snippet:-1, max-image-preview:large, max-video-preview:-1\" \/>\r\n<link rel=\"canonical\" href=\"https:\/\/suresms.com\/pt\/recursos\/gdpr\/subcontratantes\/\" \/>\r\n<meta property=\"og:locale\" content=\"pt_PT\" \/>\r\n<meta property=\"og:type\" content=\"article\" \/>\r\n<meta property=\"og:title\" content=\"Underdatabehandlere\" \/>\r\n<meta property=\"og:description\" content=\"UNDERDATABEHANDLERE &nbsp; Senest opdateret: 2020-04-21 Senest godkendt: 2026-03-05 Underdatabehandler Adresse Anvendes til AMAZON Europe (Frankfurt) Region 60313 Frankfurt am Main Germany Dataopbevaringscenter L\u00e6s mere om AWS og GDPR Epay Bambora Online A\/S Alfred Nobels Vej 21 A, 1. DK-9220 Aalborg \u00d8st Danmark Betalingsl\u00f8sninger Visma E-conomics Langebrogade 1 1411 K\u00f8benhavn K Danmark \u00d8konomi Fakturaservice Danmarksvej 26 ... Ler mais\" \/>\r\n<meta property=\"og:url\" content=\"https:\/\/suresms.com\/pt\/recursos\/gdpr\/subcontratantes\/\" \/>\r\n<meta property=\"article:publisher\" content=\"https:\/\/www.facebook.com\/p\/SureSMS-100044607956149\/\" \/>\r\n<meta property=\"article:modified_time\" content=\"2026-03-05T12:27:31+00:00\" \/>\r\n<meta name=\"twitter:card\" content=\"summary_large_image\" \/>\r\n<meta name=\"twitter:label1\" content=\"Tempo estimado de leitura\" \/>\n\t<meta name=\"twitter:data1\" content=\"2 minutos\" \/>\r\n<script type=\"application\/ld+json\" class=\"yoast-schema-graph\">{\"@context\":\"https:\\\/\\\/schema.org\",\"@graph\":[{\"@type\":\"WebPage\",\"@id\":\"https:\\\/\\\/suresms.com\\\/dk\\\/ressourcer\\\/gdpr\\\/underdatabehandlere\\\/\",\"url\":\"https:\\\/\\\/suresms.com\\\/dk\\\/ressourcer\\\/gdpr\\\/underdatabehandlere\\\/\",\"name\":\"Underdatabehandlere -\",\"isPartOf\":{\"@id\":\"https:\\\/\\\/suresms.com\\\/en\\\/#website\"},\"datePublished\":\"2020-05-13T10:28:25+00:00\",\"dateModified\":\"2026-03-05T12:27:31+00:00\",\"breadcrumb\":{\"@id\":\"https:\\\/\\\/suresms.com\\\/dk\\\/ressourcer\\\/gdpr\\\/underdatabehandlere\\\/#breadcrumb\"},\"inLanguage\":\"pt-PT\",\"potentialAction\":[{\"@type\":\"ReadAction\",\"target\":[\"https:\\\/\\\/suresms.com\\\/dk\\\/ressourcer\\\/gdpr\\\/underdatabehandlere\\\/\"]}]},{\"@type\":\"BreadcrumbList\",\"@id\":\"https:\\\/\\\/suresms.com\\\/dk\\\/ressourcer\\\/gdpr\\\/underdatabehandlere\\\/#breadcrumb\",\"itemListElement\":[{\"@type\":\"ListItem\",\"position\":1,\"name\":\"Home\",\"item\":\"https:\\\/\\\/suresms.com\\\/dk\\\/\"},{\"@type\":\"ListItem\",\"position\":2,\"name\":\"Ressourcer\",\"item\":\"https:\\\/\\\/suresms.com\\\/ressourcer\\\/\"},{\"@type\":\"ListItem\",\"position\":3,\"name\":\"GDPR\",\"item\":\"https:\\\/\\\/suresms.com\\\/dk\\\/ressourcer\\\/gdpr\\\/\"},{\"@type\":\"ListItem\",\"position\":4,\"name\":\"Underdatabehandlere\"}]},{\"@type\":\"WebSite\",\"@id\":\"https:\\\/\\\/suresms.com\\\/en\\\/#website\",\"url\":\"https:\\\/\\\/suresms.com\\\/en\\\/\",\"name\":\"SureSMS\",\"description\":\"Professionel SMS Gateway\",\"publisher\":{\"@id\":\"https:\\\/\\\/suresms.com\\\/en\\\/#organization\"},\"potentialAction\":[{\"@type\":\"SearchAction\",\"target\":{\"@type\":\"EntryPoint\",\"urlTemplate\":\"https:\\\/\\\/suresms.com\\\/en\\\/?s={search_term_string}\"},\"query-input\":{\"@type\":\"PropertyValueSpecification\",\"valueRequired\":true,\"valueName\":\"search_term_string\"}}],\"inLanguage\":\"pt-PT\"},{\"@type\":\"Organization\",\"@id\":\"https:\\\/\\\/suresms.com\\\/en\\\/#organization\",\"name\":\"SureSMS\",\"url\":\"https:\\\/\\\/suresms.com\\\/en\\\/\",\"logo\":{\"@type\":\"ImageObject\",\"inLanguage\":\"pt-PT\",\"@id\":\"https:\\\/\\\/suresms.com\\\/en\\\/#\\\/schema\\\/logo\\\/image\\\/\",\"url\":\"https:\\\/\\\/suresms.com\\\/wp-content\\\/uploads\\\/2024\\\/11\\\/suresms-300x65-1.png\",\"contentUrl\":\"https:\\\/\\\/suresms.com\\\/wp-content\\\/uploads\\\/2024\\\/11\\\/suresms-300x65-1.png\",\"width\":300,\"height\":65,\"caption\":\"SureSMS\"},\"image\":{\"@id\":\"https:\\\/\\\/suresms.com\\\/en\\\/#\\\/schema\\\/logo\\\/image\\\/\"},\"sameAs\":[\"https:\\\/\\\/www.facebook.com\\\/p\\\/SureSMS-100044607956149\\\/\"]}]}<\/script>\r\n<!-- \/ Yoast SEO Premium plugin. -->","yoast_head_json":{"title":"Sub-processadores - Sub-processadores","robots":{"index":"index","follow":"follow","max-snippet":"max-snippet:-1","max-image-preview":"max-image-preview:large","max-video-preview":"max-video-preview:-1"},"canonical":"https:\/\/suresms.com\/pt\/recursos\/gdpr\/subcontratantes\/","og_locale":"pt_PT","og_type":"article","og_title":"Underdatabehandlere","og_description":"UNDERDATABEHANDLERE &nbsp; Senest opdateret: 2020-04-21 Senest godkendt: 2026-03-05 Underdatabehandler Adresse Anvendes til AMAZON Europe (Frankfurt) Region 60313 Frankfurt am Main Germany Dataopbevaringscenter L\u00e6s mere om AWS og GDPR Epay Bambora Online A\/S Alfred Nobels Vej 21 A, 1. DK-9220 Aalborg \u00d8st Danmark Betalingsl\u00f8sninger Visma E-conomics Langebrogade 1 1411 K\u00f8benhavn K Danmark \u00d8konomi Fakturaservice Danmarksvej 26 ... Ler mais","og_url":"https:\/\/suresms.com\/pt\/recursos\/gdpr\/subcontratantes\/","article_publisher":"https:\/\/www.facebook.com\/p\/SureSMS-100044607956149\/","article_modified_time":"2026-03-05T12:27:31+00:00","twitter_card":"summary_large_image","twitter_misc":{"Tempo estimado de leitura":"2 minutos"},"schema":{"@context":"https:\/\/schema.org","@graph":[{"@type":"WebPage","@id":"https:\/\/suresms.com\/dk\/ressourcer\/gdpr\/underdatabehandlere\/","url":"https:\/\/suresms.com\/dk\/ressourcer\/gdpr\/underdatabehandlere\/","name":"Sub-processadores - Sub-processadores","isPartOf":{"@id":"https:\/\/suresms.com\/en\/#website"},"datePublished":"2020-05-13T10:28:25+00:00","dateModified":"2026-03-05T12:27:31+00:00","breadcrumb":{"@id":"https:\/\/suresms.com\/dk\/ressourcer\/gdpr\/underdatabehandlere\/#breadcrumb"},"inLanguage":"pt-PT","potentialAction":[{"@type":"ReadAction","target":["https:\/\/suresms.com\/dk\/ressourcer\/gdpr\/underdatabehandlere\/"]}]},{"@type":"BreadcrumbList","@id":"https:\/\/suresms.com\/dk\/ressourcer\/gdpr\/underdatabehandlere\/#breadcrumb","itemListElement":[{"@type":"ListItem","position":1,"name":"Home","item":"https:\/\/suresms.com\/dk\/"},{"@type":"ListItem","position":2,"name":"Ressourcer","item":"https:\/\/suresms.com\/ressourcer\/"},{"@type":"ListItem","position":3,"name":"GDPR","item":"https:\/\/suresms.com\/dk\/ressourcer\/gdpr\/"},{"@type":"ListItem","position":4,"name":"Underdatabehandlere"}]},{"@type":"WebSite","@id":"https:\/\/suresms.com\/en\/#website","url":"https:\/\/suresms.com\/en\/","name":"SureSMS","description":"Gateway SMS profissional","publisher":{"@id":"https:\/\/suresms.com\/en\/#organization"},"potentialAction":[{"@type":"SearchAction","target":{"@type":"EntryPoint","urlTemplate":"https:\/\/suresms.com\/en\/?s={search_term_string}"},"query-input":{"@type":"PropertyValueSpecification","valueRequired":true,"valueName":"search_term_string"}}],"inLanguage":"pt-PT"},{"@type":"Organization","@id":"https:\/\/suresms.com\/en\/#organization","name":"SureSMS","url":"https:\/\/suresms.com\/en\/","logo":{"@type":"ImageObject","inLanguage":"pt-PT","@id":"https:\/\/suresms.com\/en\/#\/schema\/logo\/image\/","url":"https:\/\/suresms.com\/wp-content\/uploads\/2024\/11\/suresms-300x65-1.png","contentUrl":"https:\/\/suresms.com\/wp-content\/uploads\/2024\/11\/suresms-300x65-1.png","width":300,"height":65,"caption":"SureSMS"},"image":{"@id":"https:\/\/suresms.com\/en\/#\/schema\/logo\/image\/"},"sameAs":["https:\/\/www.facebook.com\/p\/SureSMS-100044607956149\/"]}]}},"_links":{"self":[{"href":"https:\/\/suresms.com\/pt\/wp-json\/wp\/v2\/pages\/9527","targetHints":{"allow":["GET"]}}],"collection":[{"href":"https:\/\/suresms.com\/pt\/wp-json\/wp\/v2\/pages"}],"about":[{"href":"https:\/\/suresms.com\/pt\/wp-json\/wp\/v2\/types\/page"}],"author":[{"embeddable":true,"href":"https:\/\/suresms.com\/pt\/wp-json\/wp\/v2\/users\/1"}],"replies":[{"embeddable":true,"href":"https:\/\/suresms.com\/pt\/wp-json\/wp\/v2\/comments?post=9527"}],"version-history":[{"count":3,"href":"https:\/\/suresms.com\/pt\/wp-json\/wp\/v2\/pages\/9527\/revisions"}],"predecessor-version":[{"id":23846,"href":"https:\/\/suresms.com\/pt\/wp-json\/wp\/v2\/pages\/9527\/revisions\/23846"}],"up":[{"embeddable":true,"href":"https:\/\/suresms.com\/pt\/wp-json\/wp\/v2\/pages\/5221"}],"wp:attachment":[{"href":"https:\/\/suresms.com\/pt\/wp-json\/wp\/v2\/media?parent=9527"}],"wp:term":[{"taxonomy":"category","embeddable":true,"href":"https:\/\/suresms.com\/pt\/wp-json\/wp\/v2\/categories?post=9527"},{"taxonomy":"post_tag","embeddable":true,"href":"https:\/\/suresms.com\/pt\/wp-json\/wp\/v2\/tags?post=9527"}],"curies":[{"name":"wp","href":"https:\/\/api.w.org\/{rel}","templated":true}]}}