{"id":903,"date":"2015-02-10T15:43:06","date_gmt":"2015-02-10T13:43:06","guid":{"rendered":"https:\/\/www.suresms.com\/dk\/?page_id=903"},"modified":"2025-01-05T00:15:18","modified_gmt":"2025-01-05T00:15:18","slug":"sms-para-empresas","status":"publish","type":"page","link":"https:\/\/suresms.com\/pt\/branchelosninger\/sms-til-forretninger\/","title":{"rendered":"SMS para lojas e estabelecimentos comerciais"},"content":{"rendered":"<!-- Flexy Breadcrumb -->\r\n\t\t\t<div class=\"fbc fbc-page\">\r\n\r\n\t\t\t\t<!-- Breadcrumb wrapper -->\r\n\t\t\t\t<div class=\"fbc-wrap\">\r\n\r\n\t\t\t\t\t<!-- Ordered list-->\r\n\t\t\t\t\t<ol class=\"fbc-items\" itemscope itemtype=\"https:\/\/schema.org\/BreadcrumbList\">\r\n\t\t\t\t\t\t            <li itemprop=\"itemListElement\" itemscope itemtype=\"https:\/\/schema.org\/ListItem\">\r\n                <span itemprop=\"name\">\r\n                    <!-- Home Link -->\r\n                    <a itemprop=\"item\" href=\"https:\/\/suresms.com\/pt\/\">\r\n                    \r\n                                                    <i class=\"fa fa-home\" aria-hidden=\"true\"><\/i>In\u00edcio                    <\/a>\r\n                <\/span>\r\n                <meta itemprop=\"position\" content=\"1\" \/><!-- Meta Position-->\r\n             <\/li><li><span class=\"fbc-separator\">\/<\/span><\/li><li class=\"active\" itemprop=\"itemListElement\" itemscope itemtype=\"https:\/\/schema.org\/ListItem\"><span itemprop=\"name\" title=\"SMS para lojas e estabelecimentos comerciais\">SMS para empresas e...<\/span><meta itemprop=\"position\" content=\"2\" \/><\/li>\t\t\t\t\t<\/ol>\r\n\t\t\t\t\t<div class=\"clearfix\"><\/div>\r\n\t\t\t\t<\/div>\r\n\t\t\t<\/div>\r\n\t\t\t\n<h1>\n\t\tSMS para empresas\n\t<\/h1>\n<p>&nbsp;<\/p>\n<p>&nbsp;<\/p>\n<p><strong>\u00c9 uma padaria, uma joalharia, uma loja de bicicletas ou outra coisa qualquer? N\u00f3s temos a solu\u00e7\u00e3o SMS para empresas. Muitos dos nossos clientes s\u00e3o lojas ou cadeias de retalho que enviam mensagens aos seus clientes. As nossas lojas utilizam-nos para resolver v\u00e1rias tarefas: enviar ofertas e not\u00edcias, inscrever-se em clubes de clientes ou informar sobre produtos devolvidos ou repara\u00e7\u00f5es.<\/strong><\/p>\n<p>&nbsp;<\/p>\n<p><strong>Benef\u00edcios:<\/strong><\/p>\n<ul>\n<li>\n<ul>\n<li><strong>Envie lembretes de marca\u00e7\u00e3o aos clientes e evite cancelamentos desnecess\u00e1rios.<\/strong><\/li>\n<\/ul>\n<\/li>\n<\/ul>\n<p>&nbsp;<\/p>\n<ul>\n<li>\n<ul>\n<li><strong>Envie rapidamente muitas mensagens a partir do nosso portal Web online com o Group SMS.<\/strong><\/li>\n<\/ul>\n<\/li>\n<\/ul>\n<p>&nbsp;<\/p>\n<ul>\n<li>\n<ul>\n<li><strong>Envie SMS de grupo com a funcionalidade Nome de fus\u00e3o e personalize as suas mensagens.<\/strong><\/li>\n<\/ul>\n<\/li>\n<\/ul>\n<p>&nbsp;<\/p>\n<ul>\n<li>\n<ul>\n<li><strong>Envie boletins informativos e ofertas por SMS e gere mais receitas<\/strong><\/li>\n<\/ul>\n<\/li>\n<\/ul>\n<p>&nbsp;<\/p>\n<ul>\n<li>\n<ul>\n<li><strong>Crie uma solu\u00e7\u00e3o bidirecional e interaja com os seus clientes atrav\u00e9s de SMS - a partir do PC, tablet ou telem\u00f3vel. Acesso f\u00e1cil ao sistema para v\u00e1rios utilizadores.<\/strong><\/li>\n<\/ul>\n<\/li>\n<\/ul>\n<p>&nbsp;<\/p>\n<p>&nbsp;<\/p>\n<h3>Integrar o SureSMS no seu pr\u00f3prio sistema<\/h3>\n<p>Muitos clientes integraram a nossa solu\u00e7\u00e3o no seu sistema POS (Point-of-sale). Isto significa que o pr\u00f3prio sistema envia mensagens SMS ao cliente, por exemplo, em anivers\u00e1rios, quando se aproxima uma marca\u00e7\u00e3o ou para avaliar um servi\u00e7o. Outros utilizam o nosso sistema sem integra\u00e7\u00e3o e adicionam eles pr\u00f3prios mensagens SMS programadas. A nossa solu\u00e7\u00e3o SMS oferece-lhe muitas oportunidades de marketing, comunica\u00e7\u00e3o ou simplesmente um bom contacto com o cliente<\/p>\n<h3>Fun\u00e7\u00f5es do grupo<\/h3>\nA partir do nosso portal Web, pode efetuar <a title=\"GroupSMS: Criar e enviar para grupos\" href=\"https:\/\/suresms.com\/pt\/grupo-sms\/\">grupos de benefici\u00e1rios<\/a>. Pode tratar-se de todos os seus clientes, de clientes de um determinado c\u00f3digo postal ou de clientes que tenham comprado algo espec\u00edfico a si.<br \/>\nSe tiver os clientes dos seus clientes numa folha de c\u00e1lculo, pode l\u00ea-los no nosso sistema e criar rapidamente os seus utilizadores sem digita\u00e7\u00e3o desnecess\u00e1ria.\n<h3>Nome do remetente<\/h3>\n<p>Pode decidir quem deve ser o remetente da mensagem. As possibilidades podem ser o n\u00famero de telefone da empresa ou o nome da empresa. A \u00fanica restri\u00e7\u00e3o - estabelecida pelas empresas de telecomunica\u00e7\u00f5es - \u00e9 que a identifica\u00e7\u00e3o do remetente pode ter um m\u00e1ximo de 11 caracteres.<\/p>\n<h3>Di\u00e1logo com os clientes atrav\u00e9s de uma solu\u00e7\u00e3o bidirecional<\/h3>\n<p>Com uma solu\u00e7\u00e3o bidirecional, os seus clientes podem responder \u00e0s suas mensagens e voc\u00ea tem a oportunidade de dialogar com os seus clientes. Por exemplo, sobre uma pe\u00e7a sobresselente em falta, uma oferta de repara\u00e7\u00e3o, um artigo devolvido, etc. A partir daqui, pode tamb\u00e9m enviar inqu\u00e9ritos aos clientes e estes podem inscrever-se em eventos ou subscri\u00e7\u00f5es atrav\u00e9s das chamadas KEYWORDS.<\/p>\n<h3>Como se inscrever<\/h3>\n<p>Com o nosso <a title=\"SMS bidirecional, receber SMS no seu computador\" href=\"https:\/\/suresms.com\/pt\/carateristicas\/receber-mensagens-de-texto-no-seu-computador\/\">Solu\u00e7\u00e3o SMS bidirecional <\/a>os clientes podem inscrever-se eles pr\u00f3prios nos seus grupos\/listas. Tamb\u00e9m oferecemos uma vers\u00e3o em que pode instalar um iPad na sua loja para que os clientes se possam inscrever. Uma terceira op\u00e7\u00e3o \u00e9 adicionar um pequeno c\u00f3digo ao seu s\u00edtio Web para que os clientes se possam inscrever a partir da\u00ed.<\/p>\n<h3>Come\u00e7ar imediatamente<\/h3>\n<p>\u00c9 necess\u00e1rio ponderar se um sistema \u00e9 adequado para si e se tem uma boa rela\u00e7\u00e3o qualidade\/pre\u00e7o. Mas pode come\u00e7ar agora e ver como funciona, sem qualquer custo ou obriga\u00e7\u00e3o.<\/p>\n<p>Preencha o nosso link para uma conta de avalia\u00e7\u00e3o gratuita nesta p\u00e1gina e receba 50 SMS gratuitos. Assim, pode testar o nosso portal SMS antes de tomar uma decis\u00e3o.<\/p>\n<p>Se optar por se tornar nosso cliente, o custo \u00e9 sempre apenas por SMS enviado. N\u00e3o temos uma subscri\u00e7\u00e3o para o nosso SMS Gateway. No entanto, uma solu\u00e7\u00e3o bidirecional tem um custo de subscri\u00e7\u00e3o mensal.\u00a0<a title=\"Pre\u00e7os de gateway SMS\" href=\"https:\/\/suresms.com\/pt\/precos-de-gateway-sms\/\">Saiba mais sobre pre\u00e7os e produtos aqui.<\/a><\/p>\n<p>&nbsp;<\/p>\n\t\t\t<p><a href=\"https:\/\/suresms.com\/wp-content\/uploads\/2015\/02\/norriq-logo-20x120-px.jpg\"><img loading=\"lazy\" decoding=\"async\" src=\"https:\/\/suresms.com\/wp-content\/uploads\/2015\/02\/norriq-logo-20x120-px.jpg\" alt=\"log\u00f3tipo norriq 20x120 px\" width=\"200\" height=\"96\" \/><\/a><\/p>\n<p><em>\"Utiliz\u00e1mos a SureSMS para v\u00e1rios dos nossos clientes. A SureSMS est\u00e1 integrada no nosso sistema POS e no sistema financeiro, pelo que as mensagens s\u00e3o enviadas automaticamente para os clientes dos nossos clientes quando a encomenda \u00e9 conclu\u00edda.<\/em><\/p>\n<p><em>A SureSMS tem sido sempre r\u00e1pida a ajudar a p\u00f4r os novos clientes a funcionar. Depois de estarem a funcionar, n\u00e3o voltamos a falar com eles porque nunca h\u00e1 problemas.<\/em><\/p>\n<p><em>Alguns dos nossos clientes enviam para n\u00fameros estrangeiros e isso tamb\u00e9m n\u00e3o \u00e9 um problema.\"<\/em><\/p>\n<p><strong>S\u00f8ren Christensen,\u00a0<\/strong><strong>Norriq<\/strong><\/p>\n\t\t<h4>Criar uma conta de avalia\u00e7\u00e3o gratuita<\/h4>\n\t\t<p>Demora apenas 5 minutos. Comece agora mesmo e obtenha <strong>100 mensagens SMS gratuitas<\/strong> sem compromissos.<\/p>\n\t\t\t<a href=\"https:\/\/suresms.com\/pt\/conta-de-teste-de-sms-gratis\/\" target=\"_self\">\n\t\t\t\t\t\t\tCriar conta de avalia\u00e7\u00e3o\n\t\t\t\t\t<\/a>\n\t\t<h4>Encomende uma solu\u00e7\u00e3o de 2 vias!<\/h4>\n\t\t<p>J\u00e1 tem uma conta? Encomende uma solu\u00e7\u00e3o bidirecional e obtenha as op\u00e7\u00f5es adicionais que a sua pr\u00f3pria solu\u00e7\u00e3o oferece.<\/p>\n\t\t\t<a href=\"https:\/\/suresms.com\/pt\/encomendar-descarga-de-2-vias\/\" target=\"_self\">\n\t\t\t\t\t\t\tEncomendar solu\u00e7\u00e3o de 2 vias\n\t\t\t\t\t<\/a>\n\t<p>&gt; Voltar para <a href=\"https:\/\/suresms.com\/pt\/descargas-de-ramos\/\">Solu\u00e7\u00f5es para o sector<\/a><\/p>\n\t\t\t\t<a href=\"https:\/\/suresms.com\/pt\/sms-outlook-add\/\" target=\"_self\" itemprop=\"url\">\n\t\t\t\t<img loading=\"lazy\" decoding=\"async\" src=\"https:\/\/suresms.com\/wp-content\/uploads\/2016\/02\/facebook-Outlook-plugin-version-1.4-snippet-1.jpg\" alt=\"snippet do plugin do facebook para Outlook vers\u00e3o 1.4\" itemprop=\"image\" height=\"630\" width=\"1200\" title=\"snippet do plugin do facebook para Outlook vers\u00e3o 1.4\" onerror=\"this.style.display='none'\"  \/>\n\t\t\t\t<\/a>\n\t\t<h3><a href=\"https:\/\/suresms.com\/pt\/sms-outlook-add\/\" target=\"_self\">Outlook SMS Plugin Vers\u00e3o 2.10<\/a><\/h3>O nosso SMS Add-in foi concebido especificamente para o Outlook. Com uma r\u00e1pida instala\u00e7\u00e3o do nosso plugin, obt\u00e9m um remetente de SMS e de SMS de grupo integrado no seu menu do Outlook com acesso aos seus contactos do Outlook. Disp\u00f5e de DOCUMENTA\u00c7\u00c3O COMPLETA, uma vez que todas as mensagens s\u00e3o guardadas automaticamente. F\u00e1cil integra\u00e7\u00e3o com outros sistemas.<br \/>\nV\u00e1rias novas op\u00e7\u00f5es para a sele\u00e7\u00e3o do ID do remetente. Utilize o nome da sua empresa ou selecione o seu n\u00famero de telem\u00f3vel e receba respostas diretamente no seu telem\u00f3vel. Deve receber respostas no Outlook? Contacte-nos para obter uma <a href=\"https:\/\/suresms.com\/pt\/carateristicas\/receber-mensagens-de-texto-no-seu-computador\/\">Solu\u00e7\u00e3o bidirecional<\/a>.\n<p>&nbsp;<\/p>\n\n\t\t\t<a href=\"https:\/\/suresms.com\/pt\/sms-outlook-add\/\" target=\"_self\">\n\t\t\t\t\t\t\tMais informa\u00e7\u00f5es sobre o SMS Outlook Add-in\n\t\t\t\t\t<\/a>","protected":false},"excerpt":{"rendered":"<p>SMS para empresas Tem uma padaria, uma joalharia, uma loja de bicicletas ou outra coisa qualquer? N\u00f3s temos a solu\u00e7\u00e3o SMS para empresas. Muitos dos nossos clientes s\u00e3o lojas ou cadeias comerciais que enviam mensagens aos seus clientes. As nossas lojas utilizam-nos para resolver v\u00e1rias tarefas: envio de ofertas e novidades, inscri\u00e7\u00e3o de novos clientes, ... <a title=\"SMS para lojas e estabelecimentos comerciais\" class=\"read-more\" href=\"https:\/\/suresms.com\/pt\/branchelosninger\/sms-til-forretninger\/\" aria-label=\"Leia mais sobre SMS para lojas e estabelecimentos comerciais\">Rir mas<\/a><\/p>","protected":false},"author":1,"featured_media":0,"parent":1654,"menu_order":3,"comment_status":"closed","ping_status":"closed","template":"","meta":{"_fl_builder_enabled":"1","_fl_builder_data":null,"_fl_builder_draft":null,"_fl_builder_data_settings":null,"_fl_builder_css":"","_fl_builder_css_version":"","_fl_builder_js":"","footnotes":""},"categories":[],"tags":[],"class_list":["post-903","page","type-page","status-publish"],"yoast_head":"<!-- This site is optimized with the Yoast SEO Premium plugin v27.3 (Yoast SEO v27.3) - https:\/\/yoast.com\/product\/yoast-seo-premium-wordpress\/ -->\r\n<title>SMS til forretninger. F\u00e5 en SMS l\u00f8sning til lige netop din forretning<\/title>\r\n<meta name=\"description\" content=\"S\u00e5dan f\u00e5r du online SMS til din forretning. L\u00e6s hvad du kan med en SMS gateway. Send p\u00e5mindelser &amp; personlige beskeder til kunder. Opret gratis Konto.\" \/>\r\n<meta name=\"robots\" content=\"index, follow, max-snippet:-1, max-image-preview:large, max-video-preview:-1\" \/>\r\n<link rel=\"canonical\" href=\"https:\/\/suresms.com\/pt\/descargas-de-ramos\/sms-para-empresas\/\" \/>\r\n<meta property=\"og:locale\" content=\"pt_PT\" \/>\r\n<meta property=\"og:type\" content=\"article\" \/>\r\n<meta property=\"og:title\" content=\"SMS til forretninger og butikker\" \/>\r\n<meta property=\"og:description\" content=\"S\u00e5dan f\u00e5r du online SMS til din forretning. L\u00e6s hvad du kan med en SMS gateway. Send p\u00e5mindelser &amp; personlige beskeder til kunder. Opret gratis Konto.\" \/>\r\n<meta property=\"og:url\" content=\"https:\/\/suresms.com\/pt\/descargas-de-ramos\/sms-para-empresas\/\" \/>\r\n<meta property=\"article:publisher\" content=\"https:\/\/www.facebook.com\/p\/SureSMS-100044607956149\/\" \/>\r\n<meta property=\"article:modified_time\" content=\"2025-01-05T00:15:18+00:00\" \/>\r\n<meta property=\"og:image\" content=\"https:\/\/suresms.com\/wp-content\/uploads\/2015\/02\/sms-til-butikker-snippet.jpg\" \/>\r\n\t<meta property=\"og:image:width\" content=\"400\" \/>\r\n\t<meta property=\"og:image:height\" content=\"267\" \/>\r\n\t<meta property=\"og:image:type\" content=\"image\/jpeg\" \/>\r\n<meta name=\"twitter:card\" content=\"summary_large_image\" \/>\r\n<meta name=\"twitter:label1\" content=\"Tempo estimado de leitura\" \/>\n\t<meta name=\"twitter:data1\" content=\"4 minutos\" \/>\r\n<script type=\"application\/ld+json\" class=\"yoast-schema-graph\">{\"@context\":\"https:\\\/\\\/schema.org\",\"@graph\":[{\"@type\":\"WebPage\",\"@id\":\"https:\\\/\\\/suresms.com\\\/dk\\\/branchelosninger\\\/sms-til-forretninger\\\/\",\"url\":\"https:\\\/\\\/suresms.com\\\/dk\\\/branchelosninger\\\/sms-til-forretninger\\\/\",\"name\":\"SMS til forretninger. F\u00e5 en SMS l\u00f8sning til lige netop din forretning\",\"isPartOf\":{\"@id\":\"https:\\\/\\\/suresms.com\\\/en\\\/#website\"},\"primaryImageOfPage\":{\"@id\":\"https:\\\/\\\/suresms.com\\\/dk\\\/branchelosninger\\\/sms-til-forretninger\\\/#primaryimage\"},\"image\":{\"@id\":\"https:\\\/\\\/suresms.com\\\/dk\\\/branchelosninger\\\/sms-til-forretninger\\\/#primaryimage\"},\"thumbnailUrl\":\"https:\\\/\\\/suresms.com\\\/wp-content\\\/uploads\\\/2015\\\/02\\\/norriq-logo-20x120-px.jpg\",\"datePublished\":\"2015-02-10T13:43:06+00:00\",\"dateModified\":\"2025-01-05T00:15:18+00:00\",\"description\":\"S\u00e5dan f\u00e5r du online SMS til din forretning. L\u00e6s hvad du kan med en SMS gateway. Send p\u00e5mindelser & personlige beskeder til kunder. Opret gratis Konto.\",\"breadcrumb\":{\"@id\":\"https:\\\/\\\/suresms.com\\\/dk\\\/branchelosninger\\\/sms-til-forretninger\\\/#breadcrumb\"},\"inLanguage\":\"pt-PT\",\"potentialAction\":[{\"@type\":\"ReadAction\",\"target\":[\"https:\\\/\\\/suresms.com\\\/dk\\\/branchelosninger\\\/sms-til-forretninger\\\/\"]}]},{\"@type\":\"ImageObject\",\"inLanguage\":\"pt-PT\",\"@id\":\"https:\\\/\\\/suresms.com\\\/dk\\\/branchelosninger\\\/sms-til-forretninger\\\/#primaryimage\",\"url\":\"https:\\\/\\\/suresms.com\\\/wp-content\\\/uploads\\\/2015\\\/02\\\/norriq-logo-20x120-px.jpg\",\"contentUrl\":\"https:\\\/\\\/suresms.com\\\/wp-content\\\/uploads\\\/2015\\\/02\\\/norriq-logo-20x120-px.jpg\"},{\"@type\":\"BreadcrumbList\",\"@id\":\"https:\\\/\\\/suresms.com\\\/dk\\\/branchelosninger\\\/sms-til-forretninger\\\/#breadcrumb\",\"itemListElement\":[{\"@type\":\"ListItem\",\"position\":1,\"name\":\"Home\",\"item\":\"https:\\\/\\\/suresms.com\\\/dk\\\/\"},{\"@type\":\"ListItem\",\"position\":2,\"name\":\"Branchel\u00f8sninger\",\"item\":\"https:\\\/\\\/suresms.com\\\/dk\\\/branchelosninger\\\/\"},{\"@type\":\"ListItem\",\"position\":3,\"name\":\"SMS til forretninger og butikker\"}]},{\"@type\":\"WebSite\",\"@id\":\"https:\\\/\\\/suresms.com\\\/en\\\/#website\",\"url\":\"https:\\\/\\\/suresms.com\\\/en\\\/\",\"name\":\"SureSMS\",\"description\":\"Professionel SMS Gateway\",\"publisher\":{\"@id\":\"https:\\\/\\\/suresms.com\\\/en\\\/#organization\"},\"potentialAction\":[{\"@type\":\"SearchAction\",\"target\":{\"@type\":\"EntryPoint\",\"urlTemplate\":\"https:\\\/\\\/suresms.com\\\/en\\\/?s={search_term_string}\"},\"query-input\":{\"@type\":\"PropertyValueSpecification\",\"valueRequired\":true,\"valueName\":\"search_term_string\"}}],\"inLanguage\":\"pt-PT\"},{\"@type\":\"Organization\",\"@id\":\"https:\\\/\\\/suresms.com\\\/en\\\/#organization\",\"name\":\"SureSMS\",\"url\":\"https:\\\/\\\/suresms.com\\\/en\\\/\",\"logo\":{\"@type\":\"ImageObject\",\"inLanguage\":\"pt-PT\",\"@id\":\"https:\\\/\\\/suresms.com\\\/en\\\/#\\\/schema\\\/logo\\\/image\\\/\",\"url\":\"https:\\\/\\\/suresms.com\\\/wp-content\\\/uploads\\\/2024\\\/11\\\/suresms-300x65-1.png\",\"contentUrl\":\"https:\\\/\\\/suresms.com\\\/wp-content\\\/uploads\\\/2024\\\/11\\\/suresms-300x65-1.png\",\"width\":300,\"height\":65,\"caption\":\"SureSMS\"},\"image\":{\"@id\":\"https:\\\/\\\/suresms.com\\\/en\\\/#\\\/schema\\\/logo\\\/image\\\/\"},\"sameAs\":[\"https:\\\/\\\/www.facebook.com\\\/p\\\/SureSMS-100044607956149\\\/\"]}]}<\/script>\r\n<!-- \/ Yoast SEO Premium plugin. -->","yoast_head_json":{"title":"SMS para empresas. Obtenha uma solu\u00e7\u00e3o SMS para a sua empresa","description":"Como obter SMS online para a sua empresa. Leia o que pode fazer com um gateway de SMS. Envie lembretes e mensagens personalizadas aos clientes. Criar uma conta gratuita.","robots":{"index":"index","follow":"follow","max-snippet":"max-snippet:-1","max-image-preview":"max-image-preview:large","max-video-preview":"max-video-preview:-1"},"canonical":"https:\/\/suresms.com\/pt\/descargas-de-ramos\/sms-para-empresas\/","og_locale":"pt_PT","og_type":"article","og_title":"SMS til forretninger og butikker","og_description":"S\u00e5dan f\u00e5r du online SMS til din forretning. L\u00e6s hvad du kan med en SMS gateway. Send p\u00e5mindelser & personlige beskeder til kunder. Opret gratis Konto.","og_url":"https:\/\/suresms.com\/pt\/descargas-de-ramos\/sms-para-empresas\/","article_publisher":"https:\/\/www.facebook.com\/p\/SureSMS-100044607956149\/","article_modified_time":"2025-01-05T00:15:18+00:00","og_image":[{"width":400,"height":267,"url":"https:\/\/suresms.com\/wp-content\/uploads\/2015\/02\/sms-til-butikker-snippet.jpg","type":"image\/jpeg"}],"twitter_card":"summary_large_image","twitter_misc":{"Tempo estimado de leitura":"4 minutos"},"schema":{"@context":"https:\/\/schema.org","@graph":[{"@type":"WebPage","@id":"https:\/\/suresms.com\/dk\/branchelosninger\/sms-til-forretninger\/","url":"https:\/\/suresms.com\/dk\/branchelosninger\/sms-til-forretninger\/","name":"SMS para empresas. Obtenha uma solu\u00e7\u00e3o SMS para a sua empresa","isPartOf":{"@id":"https:\/\/suresms.com\/en\/#website"},"primaryImageOfPage":{"@id":"https:\/\/suresms.com\/dk\/branchelosninger\/sms-til-forretninger\/#primaryimage"},"image":{"@id":"https:\/\/suresms.com\/dk\/branchelosninger\/sms-til-forretninger\/#primaryimage"},"thumbnailUrl":"https:\/\/suresms.com\/wp-content\/uploads\/2015\/02\/norriq-logo-20x120-px.jpg","datePublished":"2015-02-10T13:43:06+00:00","dateModified":"2025-01-05T00:15:18+00:00","description":"Como obter SMS online para a sua empresa. Leia o que pode fazer com um gateway de SMS. Envie lembretes e mensagens personalizadas aos clientes. Criar uma conta gratuita.","breadcrumb":{"@id":"https:\/\/suresms.com\/dk\/branchelosninger\/sms-til-forretninger\/#breadcrumb"},"inLanguage":"pt-PT","potentialAction":[{"@type":"ReadAction","target":["https:\/\/suresms.com\/dk\/branchelosninger\/sms-til-forretninger\/"]}]},{"@type":"ImageObject","inLanguage":"pt-PT","@id":"https:\/\/suresms.com\/dk\/branchelosninger\/sms-til-forretninger\/#primaryimage","url":"https:\/\/suresms.com\/wp-content\/uploads\/2015\/02\/norriq-logo-20x120-px.jpg","contentUrl":"https:\/\/suresms.com\/wp-content\/uploads\/2015\/02\/norriq-logo-20x120-px.jpg"},{"@type":"BreadcrumbList","@id":"https:\/\/suresms.com\/dk\/branchelosninger\/sms-til-forretninger\/#breadcrumb","itemListElement":[{"@type":"ListItem","position":1,"name":"Home","item":"https:\/\/suresms.com\/dk\/"},{"@type":"ListItem","position":2,"name":"Branchel\u00f8sninger","item":"https:\/\/suresms.com\/dk\/branchelosninger\/"},{"@type":"ListItem","position":3,"name":"SMS til forretninger og butikker"}]},{"@type":"WebSite","@id":"https:\/\/suresms.com\/en\/#website","url":"https:\/\/suresms.com\/en\/","name":"SureSMS","description":"Gateway SMS profissional","publisher":{"@id":"https:\/\/suresms.com\/en\/#organization"},"potentialAction":[{"@type":"SearchAction","target":{"@type":"EntryPoint","urlTemplate":"https:\/\/suresms.com\/en\/?s={search_term_string}"},"query-input":{"@type":"PropertyValueSpecification","valueRequired":true,"valueName":"search_term_string"}}],"inLanguage":"pt-PT"},{"@type":"Organization","@id":"https:\/\/suresms.com\/en\/#organization","name":"SureSMS","url":"https:\/\/suresms.com\/en\/","logo":{"@type":"ImageObject","inLanguage":"pt-PT","@id":"https:\/\/suresms.com\/en\/#\/schema\/logo\/image\/","url":"https:\/\/suresms.com\/wp-content\/uploads\/2024\/11\/suresms-300x65-1.png","contentUrl":"https:\/\/suresms.com\/wp-content\/uploads\/2024\/11\/suresms-300x65-1.png","width":300,"height":65,"caption":"SureSMS"},"image":{"@id":"https:\/\/suresms.com\/en\/#\/schema\/logo\/image\/"},"sameAs":["https:\/\/www.facebook.com\/p\/SureSMS-100044607956149\/"]}]}},"_links":{"self":[{"href":"https:\/\/suresms.com\/pt\/wp-json\/wp\/v2\/pages\/903","targetHints":{"allow":["GET"]}}],"collection":[{"href":"https:\/\/suresms.com\/pt\/wp-json\/wp\/v2\/pages"}],"about":[{"href":"https:\/\/suresms.com\/pt\/wp-json\/wp\/v2\/types\/page"}],"author":[{"embeddable":true,"href":"https:\/\/suresms.com\/pt\/wp-json\/wp\/v2\/users\/1"}],"replies":[{"embeddable":true,"href":"https:\/\/suresms.com\/pt\/wp-json\/wp\/v2\/comments?post=903"}],"version-history":[{"count":5,"href":"https:\/\/suresms.com\/pt\/wp-json\/wp\/v2\/pages\/903\/revisions"}],"predecessor-version":[{"id":21048,"href":"https:\/\/suresms.com\/pt\/wp-json\/wp\/v2\/pages\/903\/revisions\/21048"}],"up":[{"embeddable":true,"href":"https:\/\/suresms.com\/pt\/wp-json\/wp\/v2\/pages\/1654"}],"wp:attachment":[{"href":"https:\/\/suresms.com\/pt\/wp-json\/wp\/v2\/media?parent=903"}],"wp:term":[{"taxonomy":"category","embeddable":true,"href":"https:\/\/suresms.com\/pt\/wp-json\/wp\/v2\/categories?post=903"},{"taxonomy":"post_tag","embeddable":true,"href":"https:\/\/suresms.com\/pt\/wp-json\/wp\/v2\/tags?post=903"}],"curies":[{"name":"wp","href":"https:\/\/api.w.org\/{rel}","templated":true}]}}