{"id":868,"date":"2015-02-09T19:26:23","date_gmt":"2015-02-09T17:26:23","guid":{"rendered":"https:\/\/www.suresms.com\/dk\/?page_id=868"},"modified":"2025-01-05T00:19:58","modified_gmt":"2025-01-05T00:19:58","slug":"clubes-sms","status":"publish","type":"page","link":"https:\/\/suresms.com\/pt\/branchelosninger\/sms-klubber\/","title":{"rendered":"SMS para clubes e associa\u00e7\u00f5es"},"content":{"rendered":"<!-- Flexy Breadcrumb -->\r\n\t\t\t<div class=\"fbc fbc-page\">\r\n\r\n\t\t\t\t<!-- Breadcrumb wrapper -->\r\n\t\t\t\t<div class=\"fbc-wrap\">\r\n\r\n\t\t\t\t\t<!-- Ordered list-->\r\n\t\t\t\t\t<ol class=\"fbc-items\" itemscope itemtype=\"https:\/\/schema.org\/BreadcrumbList\">\r\n\t\t\t\t\t\t            <li itemprop=\"itemListElement\" itemscope itemtype=\"https:\/\/schema.org\/ListItem\">\r\n                <span itemprop=\"name\">\r\n                    <!-- Home Link -->\r\n                    <a itemprop=\"item\" href=\"https:\/\/suresms.com\/pt\/\">\r\n                    \r\n                                                    <i class=\"fa fa-home\" aria-hidden=\"true\"><\/i>In\u00edcio                    <\/a>\r\n                <\/span>\r\n                <meta itemprop=\"position\" content=\"1\" \/><!-- Meta Position-->\r\n             <\/li><li><span class=\"fbc-separator\">\/<\/span><\/li><li class=\"active\" itemprop=\"itemListElement\" itemscope itemtype=\"https:\/\/schema.org\/ListItem\"><span itemprop=\"name\" title=\"SMS para clubes e associa\u00e7\u00f5es\">SMS para Clubes e...<\/span><meta itemprop=\"position\" content=\"2\" \/><\/li>\t\t\t\t\t<\/ol>\r\n\t\t\t\t\t<div class=\"clearfix\"><\/div>\r\n\t\t\t\t<\/div>\r\n\t\t\t<\/div>\r\n\t\t\t\n<h1>\n\t\tSMS para clubes e associa\u00e7\u00f5es\n\t<\/h1>\n<p><strong>Clubes de clientes, de futebol e de motas, escuteiros, patinadores, clubes de tiro e muitos, muitos mais utilizam atualmente a nossa solu\u00e7\u00e3o SMS. Se tamb\u00e9m pertence a um clube ou tem um clube que tamb\u00e9m gostaria de utilizar SMS, veio ao s\u00edtio certo.<\/strong><\/p>\n<p>A nossa interface simples e clara no nosso portal WEB facilita o envio de mensagens SMS para as pessoas do grupo com o qual pretende comunicar. Tudo o que \u00e9 necess\u00e1rio \u00e9 a Internet. N\u00e3o precisa de instalar qualquer software ou programa para come\u00e7ar.<\/p>\n<p>E o nosso portal Web pode ser utilizado a partir de um PC, iPad ou smartphone.<\/p>\n<h3>Fun\u00e7\u00f5es do grupo<\/h3>\n<p>A partir do nosso portal Web, pode efetuar<a title=\"GroupSMS: Criar e enviar para grupos\" href=\"https:\/\/suresms.com\/pt\/grupo-sms\/\"> grupos de benefici\u00e1rios<\/a>. Pode ser a dire\u00e7\u00e3o do clube de futebol, a equipa de andebol de segunda-feira ou os pais do seu grupo de escuteiros. A utiliza\u00e7\u00e3o de uma solu\u00e7\u00e3o SMS permite-lhe enviar muitas mensagens SMS de uma s\u00f3 vez, sem ter de escrever muito. E toda a gente l\u00ea mensagens SMS!<\/p>\n<h3>Come\u00e7ar imediatamente<\/h3>\n<p>Pode n\u00e3o ser o \u00fanico a precisar de enviar mensagens no seu clube, mas j\u00e1 pode come\u00e7ar e ver como funciona. Pode partilhar um in\u00edcio de sess\u00e3o ou obter o seu pr\u00f3prio.<\/p>\n<p>Ao preencher o nosso link para uma conta de avalia\u00e7\u00e3o gratuita, pode come\u00e7ar a testar o nosso produto em 5 minutos.<\/p>\n<h3>Como se inscrever<\/h3>\n<p>Com o nosso <a title=\"SMS bidirecional, receber SMS no seu computador\" href=\"https:\/\/suresms.com\/pt\/carateristicas\/receber-mensagens-de-texto-no-seu-computador\/\">Solu\u00e7\u00e3o SMS bidirecional <\/a>os pr\u00f3prios membros podem inscrever-se na lista e dar feedback. Tamb\u00e9m pode adicionar um pequeno c\u00f3digo ao seu pr\u00f3prio s\u00edtio Web para que os membros se possam inscrever a\u00ed.<\/p>\n<p>Talvez j\u00e1 tenha todos os seus membros numa folha de c\u00e1lculo. Pode carreg\u00e1-la no nosso sistema para come\u00e7ar rapidamente com os seus clubes SMS.<\/p>\n<h3>Nome do remetente<\/h3>\n<p>Pode decidir quem deve ser o remetente da mensagem. Talvez o nome do clube ou o n\u00famero de telefone do tesoureiro. Se o seu clube for um clube de clientes, pode ser o nome da empresa. A \u00fanica limita\u00e7\u00e3o \u00e9 que pode ter um m\u00e1ximo de 11 caracteres.<\/p>\n<h3>Todos os membros do clube podem enviar<\/h3>\n<p>Uma das grandes vantagens do nosso SMS Gateway \u00e9 a possibilidade de partilhar um login dentro da organiza\u00e7\u00e3o. Isto significa que, assim que tiver uma lista de destinat\u00e1rios, o tesoureiro, o presidente e qualquer organizador de eventos podem todos utilizar o sistema.<\/p>\n\t\t\t<p><a href=\"http:\/\/www.rodskovforsamlingshus.dk\"><img loading=\"lazy\" decoding=\"async\" src=\"https:\/\/suresms.com\/wp-content\/uploads\/2015\/02\/REB-Rodskov1.jpg\" alt=\"REB Rodskov\" width=\"172\" height=\"87\" \/><\/a><\/p>\n<p>&nbsp;<\/p>\n<p><em>\"Foram-me recomendados por um colega que tamb\u00e9m utiliza a vossa solu\u00e7\u00e3o.\u00a0<\/em><\/p>\n<p>&nbsp;<\/p>\n<p><em>Pesquisei e testei v\u00e1rias outras solu\u00e7\u00f5es de SMS, e a vossa \u00e9 de longe a mais flex\u00edvel e r\u00e1pida - e a um pre\u00e7o razo\u00e1vel. <\/em><\/p>\n<p>&nbsp;<\/p>\n<p><em>OBRIGADO por um excelente produto! Faz exatamente o que eu preciso que fa\u00e7a - Super bom!\"<\/em><\/p>\n<p>&nbsp;<\/p>\n<p><strong>Michel Gorm, Secret\u00e1rio<\/strong><\/p>\n<p>&nbsp;<\/p>\n<p><strong>Centro Comunit\u00e1rio de Rodskov<\/strong><\/p>\n<p>&nbsp;<\/p>\n\t\t<h4>Criar uma conta de avalia\u00e7\u00e3o gratuita<\/h4>\n\t\t<p>Demora apenas 5 minutos. Comece agora mesmo e obtenha <strong>50 mensagens SMS gratuitas<\/strong> sem compromissos.<\/p>\n\t\t\t<a href=\"https:\/\/suresms.com\/pt\/conta-de-teste-de-sms-gratis\/\" target=\"_self\">\n\t\t\t\t\t\t\tCriar conta de avalia\u00e7\u00e3o\n\t\t\t\t\t<\/a>\n\t\t<h4>Encomende uma solu\u00e7\u00e3o de 2 vias!<\/h4>\n\t\t<p>J\u00e1 tem uma conta? Encomende uma solu\u00e7\u00e3o bidirecional e obtenha as op\u00e7\u00f5es adicionais que a sua pr\u00f3pria solu\u00e7\u00e3o oferece.\u00a0<\/p>\n\t\t\t<a href=\"https:\/\/suresms.com\/pt\/encomendar-descarga-de-2-vias\/\" target=\"_self\">\n\t\t\t\t\t\t\tEncomendar solu\u00e7\u00e3o de 2 vias\n\t\t\t\t\t<\/a>","protected":false},"excerpt":{"rendered":"<p>SMS para clubes e associa\u00e7\u00f5es Clubes de clientes, de futebol e de motociclismo, escuteiros, patinadores, clubes de tiro e muitos, muitos mais utilizam atualmente a nossa solu\u00e7\u00e3o SMS. Se tamb\u00e9m pertence a um clube ou tem um clube que tamb\u00e9m gostaria de utilizar SMS, ent\u00e3o veio ao s\u00edtio certo. A nossa interface de utilizador f\u00e1cil e clara no nosso ... <a title=\"SMS para clubes e associa\u00e7\u00f5es\" class=\"read-more\" href=\"https:\/\/suresms.com\/pt\/branchelosninger\/sms-klubber\/\" aria-label=\"Leia mais sobre SMS para clubes e sociedades\">Rir mas<\/a><\/p>","protected":false},"author":1,"featured_media":0,"parent":1654,"menu_order":7,"comment_status":"closed","ping_status":"closed","template":"","meta":{"_fl_builder_enabled":"1","_fl_builder_data":null,"_fl_builder_draft":null,"_fl_builder_data_settings":null,"_fl_builder_css":"","_fl_builder_css_version":"","_fl_builder_js":"","footnotes":""},"categories":[],"tags":[],"class_list":["post-868","page","type-page","status-publish"],"yoast_head":"<!-- This site is optimized with the Yoast SEO Premium plugin v27.3 (Yoast SEO v27.3) - https:\/\/yoast.com\/product\/yoast-seo-premium-wordpress\/ -->\r\n<title>SMS klub | SMS til klubber og foreninger \u2713 Kom i gang her<\/title>\r\n<meta name=\"description\" content=\"L\u00e6s om SMS til klubber og foreninger. Send enkelt og sikkert mange SMS&#039;er til grupper af personer. Enkelt login og mulighed for flere brugere. Kun 18 \u00f8re\" \/>\r\n<meta name=\"robots\" content=\"index, follow, max-snippet:-1, max-image-preview:large, max-video-preview:-1\" \/>\r\n<link rel=\"canonical\" href=\"https:\/\/suresms.com\/pt\/descargas-de-ramos\/clubes-sms\/\" \/>\r\n<meta property=\"og:locale\" content=\"pt_PT\" \/>\r\n<meta property=\"og:type\" content=\"article\" \/>\r\n<meta property=\"og:title\" content=\"SMS til Klubber og foreninger\" \/>\r\n<meta property=\"og:description\" content=\"L\u00e6s om SMS til klubber og foreninger. Send enkelt og sikkert mange SMS&#039;er til grupper af personer. Enkelt login og mulighed for flere brugere. Kun 18 \u00f8re\" \/>\r\n<meta property=\"og:url\" content=\"https:\/\/suresms.com\/pt\/descargas-de-ramos\/clubes-sms\/\" \/>\r\n<meta property=\"article:publisher\" content=\"https:\/\/www.facebook.com\/p\/SureSMS-100044607956149\/\" \/>\r\n<meta property=\"article:modified_time\" content=\"2025-01-05T00:19:58+00:00\" \/>\r\n<meta property=\"og:image\" content=\"https:\/\/suresms.com\/wp-content\/uploads\/2015\/02\/sms-til-klubber-snippet.jpg\" \/>\r\n\t<meta property=\"og:image:width\" content=\"400\" \/>\r\n\t<meta property=\"og:image:height\" content=\"266\" \/>\r\n\t<meta property=\"og:image:type\" content=\"image\/jpeg\" \/>\r\n<meta name=\"twitter:card\" content=\"summary_large_image\" \/>\r\n<meta name=\"twitter:label1\" content=\"Tempo estimado de leitura\" \/>\n\t<meta name=\"twitter:data1\" content=\"3 minutos\" \/>\r\n<script type=\"application\/ld+json\" class=\"yoast-schema-graph\">{\"@context\":\"https:\\\/\\\/schema.org\",\"@graph\":[{\"@type\":\"WebPage\",\"@id\":\"https:\\\/\\\/suresms.com\\\/dk\\\/branchelosninger\\\/sms-klubber\\\/\",\"url\":\"https:\\\/\\\/suresms.com\\\/dk\\\/branchelosninger\\\/sms-klubber\\\/\",\"name\":\"SMS klub | SMS til klubber og foreninger \u2713 Kom i gang her\",\"isPartOf\":{\"@id\":\"https:\\\/\\\/suresms.com\\\/en\\\/#website\"},\"primaryImageOfPage\":{\"@id\":\"https:\\\/\\\/suresms.com\\\/dk\\\/branchelosninger\\\/sms-klubber\\\/#primaryimage\"},\"image\":{\"@id\":\"https:\\\/\\\/suresms.com\\\/dk\\\/branchelosninger\\\/sms-klubber\\\/#primaryimage\"},\"thumbnailUrl\":\"https:\\\/\\\/suresms.com\\\/wp-content\\\/uploads\\\/2015\\\/02\\\/REB-Rodskov1.jpg\",\"datePublished\":\"2015-02-09T17:26:23+00:00\",\"dateModified\":\"2025-01-05T00:19:58+00:00\",\"description\":\"L\u00e6s om SMS til klubber og foreninger. Send enkelt og sikkert mange SMS'er til grupper af personer. Enkelt login og mulighed for flere brugere. Kun 18 \u00f8re\",\"breadcrumb\":{\"@id\":\"https:\\\/\\\/suresms.com\\\/dk\\\/branchelosninger\\\/sms-klubber\\\/#breadcrumb\"},\"inLanguage\":\"pt-PT\",\"potentialAction\":[{\"@type\":\"ReadAction\",\"target\":[\"https:\\\/\\\/suresms.com\\\/dk\\\/branchelosninger\\\/sms-klubber\\\/\"]}]},{\"@type\":\"ImageObject\",\"inLanguage\":\"pt-PT\",\"@id\":\"https:\\\/\\\/suresms.com\\\/dk\\\/branchelosninger\\\/sms-klubber\\\/#primaryimage\",\"url\":\"https:\\\/\\\/suresms.com\\\/wp-content\\\/uploads\\\/2015\\\/02\\\/REB-Rodskov1.jpg\",\"contentUrl\":\"https:\\\/\\\/suresms.com\\\/wp-content\\\/uploads\\\/2015\\\/02\\\/REB-Rodskov1.jpg\"},{\"@type\":\"BreadcrumbList\",\"@id\":\"https:\\\/\\\/suresms.com\\\/dk\\\/branchelosninger\\\/sms-klubber\\\/#breadcrumb\",\"itemListElement\":[{\"@type\":\"ListItem\",\"position\":1,\"name\":\"Home\",\"item\":\"https:\\\/\\\/suresms.com\\\/dk\\\/\"},{\"@type\":\"ListItem\",\"position\":2,\"name\":\"Branchel\u00f8sninger\",\"item\":\"https:\\\/\\\/suresms.com\\\/dk\\\/branchelosninger\\\/\"},{\"@type\":\"ListItem\",\"position\":3,\"name\":\"SMS til Klubber og foreninger\"}]},{\"@type\":\"WebSite\",\"@id\":\"https:\\\/\\\/suresms.com\\\/en\\\/#website\",\"url\":\"https:\\\/\\\/suresms.com\\\/en\\\/\",\"name\":\"SureSMS\",\"description\":\"Professionel SMS Gateway\",\"publisher\":{\"@id\":\"https:\\\/\\\/suresms.com\\\/en\\\/#organization\"},\"potentialAction\":[{\"@type\":\"SearchAction\",\"target\":{\"@type\":\"EntryPoint\",\"urlTemplate\":\"https:\\\/\\\/suresms.com\\\/en\\\/?s={search_term_string}\"},\"query-input\":{\"@type\":\"PropertyValueSpecification\",\"valueRequired\":true,\"valueName\":\"search_term_string\"}}],\"inLanguage\":\"pt-PT\"},{\"@type\":\"Organization\",\"@id\":\"https:\\\/\\\/suresms.com\\\/en\\\/#organization\",\"name\":\"SureSMS\",\"url\":\"https:\\\/\\\/suresms.com\\\/en\\\/\",\"logo\":{\"@type\":\"ImageObject\",\"inLanguage\":\"pt-PT\",\"@id\":\"https:\\\/\\\/suresms.com\\\/en\\\/#\\\/schema\\\/logo\\\/image\\\/\",\"url\":\"https:\\\/\\\/suresms.com\\\/wp-content\\\/uploads\\\/2024\\\/11\\\/suresms-300x65-1.png\",\"contentUrl\":\"https:\\\/\\\/suresms.com\\\/wp-content\\\/uploads\\\/2024\\\/11\\\/suresms-300x65-1.png\",\"width\":300,\"height\":65,\"caption\":\"SureSMS\"},\"image\":{\"@id\":\"https:\\\/\\\/suresms.com\\\/en\\\/#\\\/schema\\\/logo\\\/image\\\/\"},\"sameAs\":[\"https:\\\/\\\/www.facebook.com\\\/p\\\/SureSMS-100044607956149\\\/\"]}]}<\/script>\r\n<!-- \/ Yoast SEO Premium plugin. -->","yoast_head_json":{"title":"SMS club | SMS para clubes e associa\u00e7\u00f5es \u2713 Comece aqui","description":"Leia sobre SMS para clubes e organiza\u00e7\u00f5es. Envie muitas mensagens SMS a grupos de pessoas de forma f\u00e1cil e segura. In\u00edcio de sess\u00e3o \u00fanico e v\u00e1rios utilizadores. Apenas 18 \u00f8re","robots":{"index":"index","follow":"follow","max-snippet":"max-snippet:-1","max-image-preview":"max-image-preview:large","max-video-preview":"max-video-preview:-1"},"canonical":"https:\/\/suresms.com\/pt\/descargas-de-ramos\/clubes-sms\/","og_locale":"pt_PT","og_type":"article","og_title":"SMS til Klubber og foreninger","og_description":"L\u00e6s om SMS til klubber og foreninger. Send enkelt og sikkert mange SMS'er til grupper af personer. Enkelt login og mulighed for flere brugere. Kun 18 \u00f8re","og_url":"https:\/\/suresms.com\/pt\/descargas-de-ramos\/clubes-sms\/","article_publisher":"https:\/\/www.facebook.com\/p\/SureSMS-100044607956149\/","article_modified_time":"2025-01-05T00:19:58+00:00","og_image":[{"width":400,"height":266,"url":"https:\/\/suresms.com\/wp-content\/uploads\/2015\/02\/sms-til-klubber-snippet.jpg","type":"image\/jpeg"}],"twitter_card":"summary_large_image","twitter_misc":{"Tempo estimado de leitura":"3 minutos"},"schema":{"@context":"https:\/\/schema.org","@graph":[{"@type":"WebPage","@id":"https:\/\/suresms.com\/dk\/branchelosninger\/sms-klubber\/","url":"https:\/\/suresms.com\/dk\/branchelosninger\/sms-klubber\/","name":"SMS club | SMS para clubes e associa\u00e7\u00f5es \u2713 Comece aqui","isPartOf":{"@id":"https:\/\/suresms.com\/en\/#website"},"primaryImageOfPage":{"@id":"https:\/\/suresms.com\/dk\/branchelosninger\/sms-klubber\/#primaryimage"},"image":{"@id":"https:\/\/suresms.com\/dk\/branchelosninger\/sms-klubber\/#primaryimage"},"thumbnailUrl":"https:\/\/suresms.com\/wp-content\/uploads\/2015\/02\/REB-Rodskov1.jpg","datePublished":"2015-02-09T17:26:23+00:00","dateModified":"2025-01-05T00:19:58+00:00","description":"Leia sobre SMS para clubes e organiza\u00e7\u00f5es. Envie muitas mensagens SMS a grupos de pessoas de forma f\u00e1cil e segura. In\u00edcio de sess\u00e3o \u00fanico e v\u00e1rios utilizadores. Apenas 18 \u00f8re","breadcrumb":{"@id":"https:\/\/suresms.com\/dk\/branchelosninger\/sms-klubber\/#breadcrumb"},"inLanguage":"pt-PT","potentialAction":[{"@type":"ReadAction","target":["https:\/\/suresms.com\/dk\/branchelosninger\/sms-klubber\/"]}]},{"@type":"ImageObject","inLanguage":"pt-PT","@id":"https:\/\/suresms.com\/dk\/branchelosninger\/sms-klubber\/#primaryimage","url":"https:\/\/suresms.com\/wp-content\/uploads\/2015\/02\/REB-Rodskov1.jpg","contentUrl":"https:\/\/suresms.com\/wp-content\/uploads\/2015\/02\/REB-Rodskov1.jpg"},{"@type":"BreadcrumbList","@id":"https:\/\/suresms.com\/dk\/branchelosninger\/sms-klubber\/#breadcrumb","itemListElement":[{"@type":"ListItem","position":1,"name":"Home","item":"https:\/\/suresms.com\/dk\/"},{"@type":"ListItem","position":2,"name":"Branchel\u00f8sninger","item":"https:\/\/suresms.com\/dk\/branchelosninger\/"},{"@type":"ListItem","position":3,"name":"SMS til Klubber og foreninger"}]},{"@type":"WebSite","@id":"https:\/\/suresms.com\/en\/#website","url":"https:\/\/suresms.com\/en\/","name":"SureSMS","description":"Gateway SMS profissional","publisher":{"@id":"https:\/\/suresms.com\/en\/#organization"},"potentialAction":[{"@type":"SearchAction","target":{"@type":"EntryPoint","urlTemplate":"https:\/\/suresms.com\/en\/?s={search_term_string}"},"query-input":{"@type":"PropertyValueSpecification","valueRequired":true,"valueName":"search_term_string"}}],"inLanguage":"pt-PT"},{"@type":"Organization","@id":"https:\/\/suresms.com\/en\/#organization","name":"SureSMS","url":"https:\/\/suresms.com\/en\/","logo":{"@type":"ImageObject","inLanguage":"pt-PT","@id":"https:\/\/suresms.com\/en\/#\/schema\/logo\/image\/","url":"https:\/\/suresms.com\/wp-content\/uploads\/2024\/11\/suresms-300x65-1.png","contentUrl":"https:\/\/suresms.com\/wp-content\/uploads\/2024\/11\/suresms-300x65-1.png","width":300,"height":65,"caption":"SureSMS"},"image":{"@id":"https:\/\/suresms.com\/en\/#\/schema\/logo\/image\/"},"sameAs":["https:\/\/www.facebook.com\/p\/SureSMS-100044607956149\/"]}]}},"_links":{"self":[{"href":"https:\/\/suresms.com\/pt\/wp-json\/wp\/v2\/pages\/868","targetHints":{"allow":["GET"]}}],"collection":[{"href":"https:\/\/suresms.com\/pt\/wp-json\/wp\/v2\/pages"}],"about":[{"href":"https:\/\/suresms.com\/pt\/wp-json\/wp\/v2\/types\/page"}],"author":[{"embeddable":true,"href":"https:\/\/suresms.com\/pt\/wp-json\/wp\/v2\/users\/1"}],"replies":[{"embeddable":true,"href":"https:\/\/suresms.com\/pt\/wp-json\/wp\/v2\/comments?post=868"}],"version-history":[{"count":5,"href":"https:\/\/suresms.com\/pt\/wp-json\/wp\/v2\/pages\/868\/revisions"}],"predecessor-version":[{"id":21219,"href":"https:\/\/suresms.com\/pt\/wp-json\/wp\/v2\/pages\/868\/revisions\/21219"}],"up":[{"embeddable":true,"href":"https:\/\/suresms.com\/pt\/wp-json\/wp\/v2\/pages\/1654"}],"wp:attachment":[{"href":"https:\/\/suresms.com\/pt\/wp-json\/wp\/v2\/media?parent=868"}],"wp:term":[{"taxonomy":"category","embeddable":true,"href":"https:\/\/suresms.com\/pt\/wp-json\/wp\/v2\/categories?post=868"},{"taxonomy":"post_tag","embeddable":true,"href":"https:\/\/suresms.com\/pt\/wp-json\/wp\/v2\/tags?post=868"}],"curies":[{"name":"wp","href":"https:\/\/api.w.org\/{rel}","templated":true}]}}