{"id":8,"date":"2013-11-26T08:53:02","date_gmt":"2013-11-26T08:53:02","guid":{"rendered":"http:\/\/suresms-gateway.dk\/?page_id=8"},"modified":"2025-10-21T14:37:10","modified_gmt":"2025-10-21T14:37:10","slug":"referencias","status":"publish","type":"page","link":"https:\/\/suresms.com\/pt\/referencer\/","title":{"rendered":"Refer\u00eancias"},"content":{"rendered":"<p><strong>REFER\u00caNCIAS<\/strong><\/p>\n<h5>A SureSMS envia mensagens SMS para mais de 4.500.000 n\u00fameros de telefone todos os anos. Temos mais de 1.000 clientes na Dinamarca e no estrangeiro. <\/h5>\n\t\t\t\t<img decoding=\"async\" src=\"https:\/\/suresms.com\/wp-content\/uploads\/2024\/11\/Esbjerg-Gods-farver.png\" alt=\"Esbjerg Manor - cores\" title=\"Esbjerg Manor - cores\" itemprop=\"image\"\/>\n\t\t<h5>Mans\u00e3o de Esbjerg<\/h5>\t\t\t\n\t\t\t\t<p>J\u00e1 visit\u00e1mos a Mans\u00e3o Esbjerg!<\/p>\n<p>Veja o v\u00eddeo e saiba como eles utilizam o SureSMS no seu dia a dia!\u00a0<\/p>\n\t\t<iframe loading=\"lazy\" title=\"A Esbjerg Estate utiliza o SureSMS\" width=\"1200\" height=\"675\" src=\"https:\/\/www.youtube.com\/embed\/hIm8gbO0dhU?feature=oembed\" frameborder=\"0\" allow=\"accelerometer; autoplay; clipboard-write; encrypted-media; gyroscope; picture-in-picture\" allowfullscreen><\/iframe>\t\n\t\t\t\t<img decoding=\"async\" src=\"https:\/\/suresms.com\/wp-content\/uploads\/2019\/11\/Norriq-1.png\" alt=\"Norriq\" title=\"Norriq\" itemprop=\"image\"\/>\n\t\t<h5>S\u00f8ren Christensen<\/h5>\t\t\t\n\t\t\t\t<p>Utiliz\u00e1mos o SureSMS para v\u00e1rios dos nossos clientes.<\/p>\n<p>O SureSMS est\u00e1 integrado no nosso sistema financeiro e de POS, pelo que as mensagens s\u00e3o enviadas automaticamente para os clientes dos nossos clientes quando a encomenda \u00e9 conclu\u00edda.<\/p>\n<p>A nossa coopera\u00e7\u00e3o com a SureSMS tem sido boa e eles t\u00eam sido sempre r\u00e1pidos a ajudar-nos a colocar novos clientes em funcionamento. Depois de estarmos a funcionar, n\u00e3o voltamos a falar com eles porque nunca h\u00e1 problemas.<\/p>\n<p>Alguns dos nossos clientes tamb\u00e9m enviam para n\u00fameros estrangeiros, o que tamb\u00e9m n\u00e3o constitui qualquer problema.<\/p>\n\t\t\t\t<img decoding=\"async\" src=\"https:\/\/suresms.com\/wp-content\/uploads\/2013\/11\/Agema.png\" alt=\"Agema\" title=\"Agema\" itemprop=\"image\"\/>\n\t\t<h5>Martin Everh\u00f8j<\/h5>\t\t\t\n\t\t\t\t<p>A Agema utiliza o SureSMS com o nosso c\u00f3digo SMS. \u00c9 da maior import\u00e2ncia que as mensagens cheguem ao destinat\u00e1rio de forma segura e r\u00e1pida.<\/p>\n<p>Funciona na perfei\u00e7\u00e3o com a SureSMS, que \u00e9 est\u00e1vel e sempre prest\u00e1vel em caso de necessidade de ajuda.<\/p>\n<p>Recomendamos vivamente a SureSMS a outras empresas e organiza\u00e7\u00f5es que necessitem de uma solu\u00e7\u00e3o de SMS est\u00e1vel e orientada para o servi\u00e7o.<\/p>\n\t\t\t\t<img decoding=\"async\" src=\"https:\/\/suresms.com\/wp-content\/uploads\/2024\/11\/Fujitsu-farver.png\" alt=\"Fujitsu - cores\" title=\"Fujitsu - cores\" itemprop=\"image\"\/>\n\t\t<h5>John Johansen<\/h5>\t\t\t\n\t\t\t\t<p>\u00a0<\/p>\n<p>Envio SMS atrav\u00e9s do s\u00edtio Web da SureSMS e considero o sistema muito f\u00e1cil de utilizar e intuitivo. Consegui dar forma\u00e7\u00e3o ao meu chefe em meia hora e fiquei contente por o ver enviar um SMS importante enquanto eu estava de f\u00e9rias.<\/p>\n<p>SureSMS \u00e9 de f\u00e1cil utiliza\u00e7\u00e3o, intuitivo e muito bem recebido pelos nossos utilizadores internos. Antes do SureSMS, muito poucos dos nossos t\u00e9cnicos participavam nas nossas reuni\u00f5es internas. Agora recebem um SMS de lembrete uma hora antes da reuni\u00e3o e a taxa de sucesso aumentou para 2\/3.<\/p>\n\t\t\t\t<img decoding=\"async\" src=\"https:\/\/suresms.com\/wp-content\/uploads\/2013\/11\/norstaff.png\" alt=\"Refer\u00eancias de clientes ao log\u00f3tipo Norstaff\" title=\"norstaff\" itemprop=\"image\"\/>\n\t\t<h5>Patrick Hickey<\/h5>\t\t\t\n\t\t\t\t<p>\u00a0<\/p>\n<p>A Norstaff utiliza o SureSMS para recrutamento e reserva de pessoal tempor\u00e1rio.<\/p>\n<p><em>\"Estamos SUPER satisfeitos com a SureSMS e s\u00f3 temos elogios para o servi\u00e7o.\"<\/em><\/p>\n\t\t\t\t<img decoding=\"async\" src=\"https:\/\/suresms.com\/wp-content\/uploads\/2015\/02\/REB-Rodskov1.jpg\" alt=\"Refer\u00eancias de clientes Log\u00f3tipo preto e branco do centro comunit\u00e1rio de Rodskov\" title=\"Log\u00f3tipo REB Rodskov preto e branco\" itemprop=\"image\"\/>\n\t\t<h5>Michel Gorm<\/h5>\t\t\t\n\t\t\t\t<p>Foram-me recomendados por um colega que tamb\u00e9m utiliza a vossa solu\u00e7\u00e3o.<\/p>\n<p>Pesquisei e testei v\u00e1rias outras solu\u00e7\u00f5es de SMS, e a vossa \u00e9 de longe a mais flex\u00edvel e r\u00e1pida - e a um pre\u00e7o razo\u00e1vel.<\/p>\n<p>OBRIGADO por um excelente produto! Faz exatamente o que eu preciso que fa\u00e7a - Super bom!\"<\/p>\n\t\t\t\t<img decoding=\"async\" src=\"https:\/\/suresms.com\/wp-content\/uploads\/2016\/01\/Herning-Varmforsinkning-100-px.jpg\" alt=\"refer\u00eancias de clientes Herning galvaniza\u00e7\u00e3o por imers\u00e3o a quente cor do log\u00f3tipo\" title=\"Herning Galvaniza\u00e7\u00e3o por imers\u00e3o a quente 100 px\" itemprop=\"image\"\/>\n\t\t<h5>Bjarne J\u00f8rgensen<\/h5>\t\t\t\n\t\t\t\t<p>A Herning Varmforzinkning envia mensagens aos seus clientes atrav\u00e9s de Email2SMS. Os clientes recebem uma mensagem flash no seu telem\u00f3vel quando uma encomenda \u00e9 conclu\u00edda.<\/p>\n<p>\"Deveria haver mais empresas de TI como a vossa.<br \/>- \u00c9 muito flex\u00edvel\".<\/p>\n\t\t\t\t<img decoding=\"async\" src=\"https:\/\/suresms.com\/wp-content\/uploads\/2016\/06\/Frisoergaarden-1.jpg\" alt=\"Frisoergaarden\" title=\"Frisoergaarden\" itemprop=\"image\"\/>\n\t\t<h5>Julie Thorsen<\/h5>\t\t\t\n\t\t\t\t<p>Depois de mudar do Clickatell para o SureSMS, j\u00e1 n\u00e3o temos problemas com o nosso sistema de SMS, pelo que gostaria de o ter feito h\u00e1 muito tempo.<\/p>\n<p>Obrigado por uma solu\u00e7\u00e3o est\u00e1vel e econ\u00f3mica!<\/p>\n\t\t\t\t<img decoding=\"async\" src=\"https:\/\/suresms.com\/wp-content\/uploads\/2019\/11\/Fujitsu-567px-1.png\" alt=\"Fujitsu - 567px\" itemprop=\"image\" height=\"319\" width=\"567\" title=\"Fujitsu - 567px\" onerror=\"this.style.display='none'\" loading=\"lazy\" \/>\n\t\t\t\t<img decoding=\"async\" src=\"https:\/\/suresms.com\/wp-content\/uploads\/2019\/11\/Dubex-300px-1.png\" alt=\"Dubex - 300px\" itemprop=\"image\" height=\"169\" width=\"300\" title=\"Dubex - 300px\" onerror=\"this.style.display='none'\" loading=\"lazy\" \/>\n\t\t\t\t<img decoding=\"async\" src=\"https:\/\/suresms.com\/wp-content\/uploads\/2019\/12\/Hartmanns-logo-bw-1.png\" alt=\"Log\u00f3tipo Hartmanns bw\" itemprop=\"image\" height=\"319\" width=\"567\" title=\"Log\u00f3tipo Hartmanns bw\" onerror=\"this.style.display='none'\" loading=\"lazy\" \/>\n\t\t\t\t<img decoding=\"async\" src=\"https:\/\/suresms.com\/wp-content\/uploads\/2019\/11\/Boligportal-300-px-1.png\" alt=\"Portal da casa - 300 px\" itemprop=\"image\" height=\"169\" width=\"300\" title=\"Portal da casa - 300 px\" onerror=\"this.style.display='none'\" loading=\"lazy\" \/>\n\t\t\t\t<img decoding=\"async\" src=\"https:\/\/suresms.com\/wp-content\/uploads\/2019\/11\/Daells-Bolighus-567px-1.png\" alt=\"Daells Bolighus - 567px\" itemprop=\"image\" height=\"319\" width=\"567\" title=\"Daells Bolighus - 567px\" onerror=\"this.style.display='none'\" loading=\"lazy\" \/>\n\t\t\t\t<img decoding=\"async\" src=\"https:\/\/suresms.com\/wp-content\/uploads\/2019\/11\/COWI-567px-e1574268785303-1.png\" alt=\"COWI\" itemprop=\"image\" height=\"319\" width=\"567\" title=\"COWI\" onerror=\"this.style.display='none'\" loading=\"lazy\" \/>","protected":false},"excerpt":{"rendered":"<p>REFER\u00caNCIAS A SureSMS envia mensagens SMS para mais de 4.500.000 n\u00fameros de telefone todos os anos. Temos mais de 1.000 clientes na Dinamarca e no estrangeiro. Esbjerg Estate Visit\u00e1mos a Esbjerg Estate! Veja o v\u00eddeo e saiba como eles utilizam o SureSMS no seu dia a dia!  S\u00f8ren Christensen Utiliz\u00e1mos a SureSMS para v\u00e1rios dos nossos clientes. A SureSMS est\u00e1 integrada com o nosso POS e sistema financeiro, por isso ... <a title=\"Refer\u00eancias\" class=\"read-more\" href=\"https:\/\/suresms.com\/pt\/referencer\/\" aria-label=\"Ler mais sobre Refer\u00eancias\">Rir mas<\/a><\/p>","protected":false},"author":1,"featured_media":0,"parent":0,"menu_order":5,"comment_status":"closed","ping_status":"closed","template":"","meta":{"_fl_builder_enabled":"1","_fl_builder_data":null,"_fl_builder_draft":null,"_fl_builder_data_settings":null,"_fl_builder_css":"","_fl_builder_css_version":"","_fl_builder_js":"","footnotes":""},"categories":[],"tags":[],"class_list":["post-8","page","type-page","status-publish"],"yoast_head":"<!-- This site is optimized with the Yoast SEO Premium plugin v27.3 (Yoast SEO v27.3) - https:\/\/yoast.com\/product\/yoast-seo-premium-wordpress\/ -->\r\n<title>Referencer fra SureSMS kunder - Se udtalelser fra vores kunder<\/title>\r\n<meta name=\"description\" content=\"Referencer p\u00e5 SureSMS og vores gateway. L\u00e6s hvad vores kunder mener om vores gateway og service som virksomhed.\" \/>\r\n<meta name=\"robots\" content=\"index, follow, max-snippet:-1, max-image-preview:large, max-video-preview:-1\" \/>\r\n<link rel=\"canonical\" href=\"https:\/\/suresms.com\/pt\/referencias\/\" \/>\r\n<meta property=\"og:locale\" content=\"pt_PT\" \/>\r\n<meta property=\"og:type\" content=\"article\" \/>\r\n<meta property=\"og:title\" content=\"Referencer\" \/>\r\n<meta property=\"og:description\" content=\"Referencer p\u00e5 SureSMS og vores gateway. L\u00e6s hvad vores kunder mener om vores gateway og service som virksomhed.\" \/>\r\n<meta property=\"og:url\" content=\"https:\/\/suresms.com\/pt\/referencias\/\" \/>\r\n<meta property=\"article:publisher\" content=\"https:\/\/www.facebook.com\/p\/SureSMS-100044607956149\/\" \/>\r\n<meta property=\"article:modified_time\" content=\"2025-10-21T14:37:10+00:00\" \/>\r\n<meta property=\"og:image\" content=\"https:\/\/suresms.com\/wp-content\/uploads\/2024\/11\/Esbjerg-Gods-farver.png\" \/>\r\n<meta name=\"twitter:card\" content=\"summary_large_image\" \/>\r\n<meta name=\"twitter:label1\" content=\"Tempo estimado de leitura\" \/>\n\t<meta name=\"twitter:data1\" content=\"2 minutos\" \/>\r\n<script type=\"application\/ld+json\" class=\"yoast-schema-graph\">{\"@context\":\"https:\\\/\\\/schema.org\",\"@graph\":[{\"@type\":\"WebPage\",\"@id\":\"https:\\\/\\\/suresms.com\\\/dk\\\/referencer\\\/\",\"url\":\"https:\\\/\\\/suresms.com\\\/dk\\\/referencer\\\/\",\"name\":\"Referencer fra SureSMS kunder - Se udtalelser fra vores kunder\",\"isPartOf\":{\"@id\":\"https:\\\/\\\/suresms.com\\\/en\\\/#website\"},\"primaryImageOfPage\":{\"@id\":\"https:\\\/\\\/suresms.com\\\/dk\\\/referencer\\\/#primaryimage\"},\"image\":{\"@id\":\"https:\\\/\\\/suresms.com\\\/dk\\\/referencer\\\/#primaryimage\"},\"thumbnailUrl\":\"https:\\\/\\\/suresms.com\\\/wp-content\\\/uploads\\\/2024\\\/11\\\/Esbjerg-Gods-farver.png\",\"datePublished\":\"2013-11-26T08:53:02+00:00\",\"dateModified\":\"2025-10-21T14:37:10+00:00\",\"description\":\"Referencer p\u00e5 SureSMS og vores gateway. L\u00e6s hvad vores kunder mener om vores gateway og service som virksomhed.\",\"breadcrumb\":{\"@id\":\"https:\\\/\\\/suresms.com\\\/dk\\\/referencer\\\/#breadcrumb\"},\"inLanguage\":\"pt-PT\",\"potentialAction\":[{\"@type\":\"ReadAction\",\"target\":[\"https:\\\/\\\/suresms.com\\\/dk\\\/referencer\\\/\"]}]},{\"@type\":\"ImageObject\",\"inLanguage\":\"pt-PT\",\"@id\":\"https:\\\/\\\/suresms.com\\\/dk\\\/referencer\\\/#primaryimage\",\"url\":\"https:\\\/\\\/suresms.com\\\/wp-content\\\/uploads\\\/2024\\\/11\\\/Esbjerg-Gods-farver.png\",\"contentUrl\":\"https:\\\/\\\/suresms.com\\\/wp-content\\\/uploads\\\/2024\\\/11\\\/Esbjerg-Gods-farver.png\"},{\"@type\":\"BreadcrumbList\",\"@id\":\"https:\\\/\\\/suresms.com\\\/dk\\\/referencer\\\/#breadcrumb\",\"itemListElement\":[{\"@type\":\"ListItem\",\"position\":1,\"name\":\"Home\",\"item\":\"https:\\\/\\\/suresms.com\\\/dk\\\/\"},{\"@type\":\"ListItem\",\"position\":2,\"name\":\"Referencer\"}]},{\"@type\":\"WebSite\",\"@id\":\"https:\\\/\\\/suresms.com\\\/en\\\/#website\",\"url\":\"https:\\\/\\\/suresms.com\\\/en\\\/\",\"name\":\"SureSMS\",\"description\":\"Professionel SMS Gateway\",\"publisher\":{\"@id\":\"https:\\\/\\\/suresms.com\\\/en\\\/#organization\"},\"potentialAction\":[{\"@type\":\"SearchAction\",\"target\":{\"@type\":\"EntryPoint\",\"urlTemplate\":\"https:\\\/\\\/suresms.com\\\/en\\\/?s={search_term_string}\"},\"query-input\":{\"@type\":\"PropertyValueSpecification\",\"valueRequired\":true,\"valueName\":\"search_term_string\"}}],\"inLanguage\":\"pt-PT\"},{\"@type\":\"Organization\",\"@id\":\"https:\\\/\\\/suresms.com\\\/en\\\/#organization\",\"name\":\"SureSMS\",\"url\":\"https:\\\/\\\/suresms.com\\\/en\\\/\",\"logo\":{\"@type\":\"ImageObject\",\"inLanguage\":\"pt-PT\",\"@id\":\"https:\\\/\\\/suresms.com\\\/en\\\/#\\\/schema\\\/logo\\\/image\\\/\",\"url\":\"https:\\\/\\\/suresms.com\\\/wp-content\\\/uploads\\\/2024\\\/11\\\/suresms-300x65-1.png\",\"contentUrl\":\"https:\\\/\\\/suresms.com\\\/wp-content\\\/uploads\\\/2024\\\/11\\\/suresms-300x65-1.png\",\"width\":300,\"height\":65,\"caption\":\"SureSMS\"},\"image\":{\"@id\":\"https:\\\/\\\/suresms.com\\\/en\\\/#\\\/schema\\\/logo\\\/image\\\/\"},\"sameAs\":[\"https:\\\/\\\/www.facebook.com\\\/p\\\/SureSMS-100044607956149\\\/\"]}]}<\/script>\r\n<!-- \/ Yoast SEO Premium plugin. -->","yoast_head_json":{"title":"Refer\u00eancias de clientes SureSMS - Veja os testemunhos dos nossos clientes","description":"Refer\u00eancias sobre o SureSMS e o nosso gateway. Leia o que os nossos clientes dizem sobre o nosso gateway e o nosso servi\u00e7o como empresa.","robots":{"index":"index","follow":"follow","max-snippet":"max-snippet:-1","max-image-preview":"max-image-preview:large","max-video-preview":"max-video-preview:-1"},"canonical":"https:\/\/suresms.com\/pt\/referencias\/","og_locale":"pt_PT","og_type":"article","og_title":"Referencer","og_description":"Referencer p\u00e5 SureSMS og vores gateway. L\u00e6s hvad vores kunder mener om vores gateway og service som virksomhed.","og_url":"https:\/\/suresms.com\/pt\/referencias\/","article_publisher":"https:\/\/www.facebook.com\/p\/SureSMS-100044607956149\/","article_modified_time":"2025-10-21T14:37:10+00:00","og_image":[{"url":"https:\/\/suresms.com\/wp-content\/uploads\/2024\/11\/Esbjerg-Gods-farver.png","type":"","width":"","height":""}],"twitter_card":"summary_large_image","twitter_misc":{"Tempo estimado de leitura":"2 minutos"},"schema":{"@context":"https:\/\/schema.org","@graph":[{"@type":"WebPage","@id":"https:\/\/suresms.com\/dk\/referencer\/","url":"https:\/\/suresms.com\/dk\/referencer\/","name":"Refer\u00eancias de clientes SureSMS - Veja os testemunhos dos nossos clientes","isPartOf":{"@id":"https:\/\/suresms.com\/en\/#website"},"primaryImageOfPage":{"@id":"https:\/\/suresms.com\/dk\/referencer\/#primaryimage"},"image":{"@id":"https:\/\/suresms.com\/dk\/referencer\/#primaryimage"},"thumbnailUrl":"https:\/\/suresms.com\/wp-content\/uploads\/2024\/11\/Esbjerg-Gods-farver.png","datePublished":"2013-11-26T08:53:02+00:00","dateModified":"2025-10-21T14:37:10+00:00","description":"Refer\u00eancias sobre o SureSMS e o nosso gateway. Leia o que os nossos clientes dizem sobre o nosso gateway e o nosso servi\u00e7o como empresa.","breadcrumb":{"@id":"https:\/\/suresms.com\/dk\/referencer\/#breadcrumb"},"inLanguage":"pt-PT","potentialAction":[{"@type":"ReadAction","target":["https:\/\/suresms.com\/dk\/referencer\/"]}]},{"@type":"ImageObject","inLanguage":"pt-PT","@id":"https:\/\/suresms.com\/dk\/referencer\/#primaryimage","url":"https:\/\/suresms.com\/wp-content\/uploads\/2024\/11\/Esbjerg-Gods-farver.png","contentUrl":"https:\/\/suresms.com\/wp-content\/uploads\/2024\/11\/Esbjerg-Gods-farver.png"},{"@type":"BreadcrumbList","@id":"https:\/\/suresms.com\/dk\/referencer\/#breadcrumb","itemListElement":[{"@type":"ListItem","position":1,"name":"Home","item":"https:\/\/suresms.com\/dk\/"},{"@type":"ListItem","position":2,"name":"Referencer"}]},{"@type":"WebSite","@id":"https:\/\/suresms.com\/en\/#website","url":"https:\/\/suresms.com\/en\/","name":"SureSMS","description":"Gateway SMS profissional","publisher":{"@id":"https:\/\/suresms.com\/en\/#organization"},"potentialAction":[{"@type":"SearchAction","target":{"@type":"EntryPoint","urlTemplate":"https:\/\/suresms.com\/en\/?s={search_term_string}"},"query-input":{"@type":"PropertyValueSpecification","valueRequired":true,"valueName":"search_term_string"}}],"inLanguage":"pt-PT"},{"@type":"Organization","@id":"https:\/\/suresms.com\/en\/#organization","name":"SureSMS","url":"https:\/\/suresms.com\/en\/","logo":{"@type":"ImageObject","inLanguage":"pt-PT","@id":"https:\/\/suresms.com\/en\/#\/schema\/logo\/image\/","url":"https:\/\/suresms.com\/wp-content\/uploads\/2024\/11\/suresms-300x65-1.png","contentUrl":"https:\/\/suresms.com\/wp-content\/uploads\/2024\/11\/suresms-300x65-1.png","width":300,"height":65,"caption":"SureSMS"},"image":{"@id":"https:\/\/suresms.com\/en\/#\/schema\/logo\/image\/"},"sameAs":["https:\/\/www.facebook.com\/p\/SureSMS-100044607956149\/"]}]}},"_links":{"self":[{"href":"https:\/\/suresms.com\/pt\/wp-json\/wp\/v2\/pages\/8","targetHints":{"allow":["GET"]}}],"collection":[{"href":"https:\/\/suresms.com\/pt\/wp-json\/wp\/v2\/pages"}],"about":[{"href":"https:\/\/suresms.com\/pt\/wp-json\/wp\/v2\/types\/page"}],"author":[{"embeddable":true,"href":"https:\/\/suresms.com\/pt\/wp-json\/wp\/v2\/users\/1"}],"replies":[{"embeddable":true,"href":"https:\/\/suresms.com\/pt\/wp-json\/wp\/v2\/comments?post=8"}],"version-history":[{"count":18,"href":"https:\/\/suresms.com\/pt\/wp-json\/wp\/v2\/pages\/8\/revisions"}],"predecessor-version":[{"id":23500,"href":"https:\/\/suresms.com\/pt\/wp-json\/wp\/v2\/pages\/8\/revisions\/23500"}],"wp:attachment":[{"href":"https:\/\/suresms.com\/pt\/wp-json\/wp\/v2\/media?parent=8"}],"wp:term":[{"taxonomy":"category","embeddable":true,"href":"https:\/\/suresms.com\/pt\/wp-json\/wp\/v2\/categories?post=8"},{"taxonomy":"post_tag","embeddable":true,"href":"https:\/\/suresms.com\/pt\/wp-json\/wp\/v2\/tags?post=8"}],"curies":[{"name":"wp","href":"https:\/\/api.w.org\/{rel}","templated":true}]}}