{"id":755,"date":"2014-12-17T20:12:52","date_gmt":"2014-12-17T18:12:52","guid":{"rendered":"https:\/\/www.suresms.com\/dk\/?page_id=755"},"modified":"2025-01-10T10:55:05","modified_gmt":"2025-01-10T10:55:05","slug":"mensagens-diretas-sms-para-grupos","status":"publish","type":"page","link":"https:\/\/suresms.com\/pt\/funktioner\/sms-fletning-af-beskeder-til-grupper\/","title":{"rendered":"Fus\u00e3o de mensagens SMS para grupos"},"content":{"rendered":"<!-- Flexy Breadcrumb -->\r\n\t\t\t<div class=\"fbc fbc-page\">\r\n\r\n\t\t\t\t<!-- Breadcrumb wrapper -->\r\n\t\t\t\t<div class=\"fbc-wrap\">\r\n\r\n\t\t\t\t\t<!-- Ordered list-->\r\n\t\t\t\t\t<ol class=\"fbc-items\" itemscope itemtype=\"https:\/\/schema.org\/BreadcrumbList\">\r\n\t\t\t\t\t\t            <li itemprop=\"itemListElement\" itemscope itemtype=\"https:\/\/schema.org\/ListItem\">\r\n                <span itemprop=\"name\">\r\n                    <!-- Home Link -->\r\n                    <a itemprop=\"item\" href=\"https:\/\/suresms.com\/pt\/\">\r\n                    \r\n                                                    <i class=\"fa fa-home\" aria-hidden=\"true\"><\/i>In\u00edcio                    <\/a>\r\n                <\/span>\r\n                <meta itemprop=\"position\" content=\"1\" \/><!-- Meta Position-->\r\n             <\/li><li><span class=\"fbc-separator\">\/<\/span><\/li><li class=\"active\" itemprop=\"itemListElement\" itemscope itemtype=\"https:\/\/schema.org\/ListItem\"><span itemprop=\"name\" title=\"Fus\u00e3o de mensagens SMS para grupos\">Fus\u00e3o de mensagens SMS...<\/span><meta itemprop=\"position\" content=\"2\" \/><\/li>\t\t\t\t\t<\/ol>\r\n\t\t\t\t\t<div class=\"clearfix\"><\/div>\r\n\t\t\t\t<\/div>\r\n\t\t\t<\/div>\r\n\t\t\t\n<h1>\n\t\tTran\u00e7a em mensagens\n\t<\/h1>\n\t<p>Enviar mensagens a muitos utilizadores ao mesmo tempo \u00e9 f\u00e1cil e conveniente, mas como garantir que as suas mensagens SMS continuam a ser personalizadas?<\/p>\n<p>Enquanto utilizador do Sure SMS, pode personalizar as suas mensagens, integrando o nome do destinat\u00e1rio na pr\u00f3pria mensagem. Isto cria um melhor contacto e, consequentemente, uma melhor rela\u00e7\u00e3o com o destinat\u00e1rio, quer seja um funcion\u00e1rio, um cliente ou um potencial utilizador de um dos seus produtos.<\/p>\n\t<ul>\n\t\t<li>\t\t\t\t\n\t\t<h3>Op\u00e7\u00f5es para o primeiro e \u00faltimo nome<\/h3><p>Por exemplo, se tiver um grupo de clientes a quem envia mensagens, pode cri\u00e1-los por nome e apelido no SureSMS. Quando envia mensagens, pode escrever um pequeno c\u00f3digo na mensagem onde o primeiro nome deve estar, por exemplo \"Ol\u00e1 , feliz anivers\u00e1rio\". O sistema ir\u00e1 fundir automaticamente o primeiro nome da pessoa no espa\u00e7o onde o c\u00f3digo foi escrito.<\/p><\/li><li>\t\t\t\t\n\t\t<h3>Fundir outros campos<\/h3><p>Tamb\u00e9m tem a op\u00e7\u00e3o de adicionar os seus pr\u00f3prios valores. Por exemplo, pode ser <br \/>Marca do autom\u00f3vel se for mec\u00e2nico<br \/>N\u00famero da turma, se lecciona<br \/>Escada se se tratar de uma associa\u00e7\u00e3o de habita\u00e7\u00e3o<\/p><\/li>\t<\/ul>\n<p><em>Por exemplo, pode escrever \"Ol\u00e1 , feliz anivers\u00e1rio\". O sistema funde automaticamente o primeiro nome da pessoa no espa\u00e7o onde o c\u00f3digo est\u00e1 escrito.<\/em><\/p>\n<p>Consoante o destinat\u00e1rio da mensagem e a fun\u00e7\u00e3o da mensagem, \u00e9 poss\u00edvel <strong>selecionar o nome pr\u00f3prio, o apelido ou o nome completo<\/strong>.<\/p>\n<p>Cri\u00e1mos um pequeno v\u00eddeo sobre esta funcionalidade, que pode ver atrav\u00e9s da liga\u00e7\u00e3o nesta p\u00e1gina.<\/p>\n\t\t<h3>Experimente AGORA!<\/h3>\n\t\t<p>Crie uma conta de avalia\u00e7\u00e3o gratuita agora e receba 50 SMS gr\u00e1tis. Sem compromisso<\/p>\n\t\t\t<a href=\"https:\/\/suresms.com\/pt\/conta-de-teste-de-sms-gratis\/\" target=\"_self\">\n\t\t\t\t\t\t\tCriar conta de avalia\u00e7\u00e3o\n\t\t\t\t\t<\/a>\n\t\t\t\t\t<video src=\"https:\/\/suresms.com\/wp-content\/uploads\/2024\/10\/Dokumentation-Import-af-kontakter-til-adressebogen.mp4\" alt=\"hosted-video-thumbnail\"><\/video>\n\t<p><strong>Como fundir facilmente nomes em mensagens<\/strong><\/p>\n<ol>\n<li>Selecionar grupo<\/li>\n<li>Escreva a sua mensagem como habitualmente no campo de texto, mas em vez de um nome, escreva um c\u00f3digo.<\/li>\n<li>Prima enviar! Ver instru\u00e7\u00f5es e c\u00f3digos pormenorizados <a title=\"Manual\" href=\"https:\/\/suresms.com\/pt\/documentos\/conta-3\/nome-da-estacao-3\/#___Flet_informationer_i_besked__\" target=\"_blank\" rel=\"noopener\">Aqui!<\/a><\/li>\n<\/ol>\n<p><strong>\u00c9 importante verificar se todos os contactos est\u00e3o actualizados com o primeiro e \u00faltimo nomes corretos antes de utilizar a fun\u00e7\u00e3o de fus\u00e3o.\u00a0<\/strong><\/p>\n\t<h4><strong>Aqui pode ler alguns exemplos de como os nossos clientes est\u00e3o atualmente a utilizar a funcionalidade: \"Fundir o nome do destinat\u00e1rio no GroupSMS\"<\/strong><\/h4>\n\n<ul> \t\n<li>Um hospital utiliza a tran\u00e7a SMS num projeto de investiga\u00e7\u00e3o. Enviam mensagens di\u00e1rias aos participantes no ensaio com informa\u00e7\u00f5es, instru\u00e7\u00f5es sobre medica\u00e7\u00e3o e dosagem.<\/li>\n\n<li>Um vendedor de autom\u00f3veis envia mensagens de texto autom\u00e1ticas aos clientes no dia seguinte \u00e0 repara\u00e7\u00e3o do seu autom\u00f3vel. A SMS pergunta sobre a experi\u00eancia do cliente no processo. Deste modo, o concession\u00e1rio obt\u00e9m uma avalia\u00e7\u00e3o r\u00e1pida e eficaz do seu servi\u00e7o.<\/li>\n\n<li>Um consultor de peso utiliza a fun\u00e7\u00e3o de fus\u00e3o quando envia mensagens SMS aos membros. As mensagens personalizadas com mensagens fortes s\u00e3o muito mais motivadoras e t\u00eam geralmente um maior impacto.<\/li>\n\n<li>Entre os nossos clientes que utilizam a fun\u00e7\u00e3o de fus\u00e3o, h\u00e1 tamb\u00e9m muitos que n\u00e3o enviam efetivamente um grande volume de mensagens, mas em que os nomes s\u00e3o integrados em mensagens mais personalizadas. Por exemplo, temos empresas que a utilizam para convocar reuni\u00f5es, assim como temos um relojoeiro que a utiliza para mensagens relativas a mercadorias para recolha.<\/li>\n<\/ul>","protected":false},"excerpt":{"rendered":"<p>Fundir mensagens \u00c9 f\u00e1cil e conveniente enviar mensagens a muitos utilizadores ao mesmo tempo, mas como pode garantir que as suas mensagens SMS continuam a ser personalizadas? Como utilizador do Sure SMS, pode personalizar as suas mensagens fundindo o nome do destinat\u00e1rio na pr\u00f3pria mensagem. Isto cria uma ... <a title=\"Fus\u00e3o de mensagens SMS para grupos\" class=\"read-more\" href=\"https:\/\/suresms.com\/pt\/funktioner\/sms-fletning-af-beskeder-til-grupper\/\" aria-label=\"Leia mais sobre SMS que fundem mensagens para grupos\">Rir mas<\/a><\/p>","protected":false},"author":1,"featured_media":0,"parent":958,"menu_order":11,"comment_status":"closed","ping_status":"closed","template":"","meta":{"_fl_builder_enabled":"1","_fl_builder_data":null,"_fl_builder_draft":null,"_fl_builder_data_settings":null,"_fl_builder_css":"","_fl_builder_css_version":"","_fl_builder_js":"","footnotes":""},"categories":[17],"tags":[],"class_list":{"0":"post-755","1":"page","2":"type-page","3":"status-publish","5":"category-linkfracornorstone"},"yoast_head":"<!-- This site is optimized with the Yoast SEO Premium plugin v27.3 (Yoast SEO v27.3) - https:\/\/yoast.com\/product\/yoast-seo-premium-wordpress\/ -->\r\n<title>SMS fletning af beskeder til grupper<\/title>\r\n<meta name=\"description\" content=\"Du kan nemt g\u00f8re dine SMS beskeder personlige med SureSMS. Ved at bruge nogle simple koder, kan du g\u00f8re beskeden helt personlig. Se her hvordan.\" \/>\r\n<meta name=\"robots\" content=\"index, follow, max-snippet:-1, max-image-preview:large, max-video-preview:-1\" \/>\r\n<link rel=\"canonical\" href=\"https:\/\/suresms.com\/pt\/carateristicas\/mensagens-diretas-sms-para-grupos\/\" \/>\r\n<meta property=\"og:locale\" content=\"pt_PT\" \/>\r\n<meta property=\"og:type\" content=\"article\" \/>\r\n<meta property=\"og:title\" content=\"SMS fletning af beskeder til grupper\" \/>\r\n<meta property=\"og:description\" content=\"Du kan nemt g\u00f8re dine SMS beskeder personlige med SureSMS. Ved at bruge nogle simple koder, kan du g\u00f8re beskeden helt personlig. Se her hvordan.\" \/>\r\n<meta property=\"og:url\" content=\"https:\/\/suresms.com\/pt\/carateristicas\/mensagens-diretas-sms-para-grupos\/\" \/>\r\n<meta property=\"article:publisher\" content=\"https:\/\/www.facebook.com\/p\/SureSMS-100044607956149\/\" \/>\r\n<meta property=\"article:modified_time\" content=\"2025-01-10T10:55:05+00:00\" \/>\r\n<meta name=\"twitter:card\" content=\"summary_large_image\" \/>\r\n<meta name=\"twitter:label1\" content=\"Tempo estimado de leitura\" \/>\n\t<meta name=\"twitter:data1\" content=\"3 minutos\" \/>\r\n<script type=\"application\/ld+json\" class=\"yoast-schema-graph\">{\"@context\":\"https:\\\/\\\/schema.org\",\"@graph\":[{\"@type\":\"WebPage\",\"@id\":\"https:\\\/\\\/suresms.com\\\/dk\\\/funktioner\\\/sms-fletning-af-beskeder-til-grupper\\\/\",\"url\":\"https:\\\/\\\/suresms.com\\\/dk\\\/funktioner\\\/sms-fletning-af-beskeder-til-grupper\\\/\",\"name\":\"SMS fletning af beskeder til grupper\",\"isPartOf\":{\"@id\":\"https:\\\/\\\/suresms.com\\\/en\\\/#website\"},\"datePublished\":\"2014-12-17T18:12:52+00:00\",\"dateModified\":\"2025-01-10T10:55:05+00:00\",\"description\":\"Du kan nemt g\u00f8re dine SMS beskeder personlige med SureSMS. Ved at bruge nogle simple koder, kan du g\u00f8re beskeden helt personlig. Se her hvordan.\",\"breadcrumb\":{\"@id\":\"https:\\\/\\\/suresms.com\\\/dk\\\/funktioner\\\/sms-fletning-af-beskeder-til-grupper\\\/#breadcrumb\"},\"inLanguage\":\"pt-PT\",\"potentialAction\":[{\"@type\":\"ReadAction\",\"target\":[\"https:\\\/\\\/suresms.com\\\/dk\\\/funktioner\\\/sms-fletning-af-beskeder-til-grupper\\\/\"]}]},{\"@type\":\"BreadcrumbList\",\"@id\":\"https:\\\/\\\/suresms.com\\\/dk\\\/funktioner\\\/sms-fletning-af-beskeder-til-grupper\\\/#breadcrumb\",\"itemListElement\":[{\"@type\":\"ListItem\",\"position\":1,\"name\":\"Home\",\"item\":\"https:\\\/\\\/suresms.com\\\/dk\\\/\"},{\"@type\":\"ListItem\",\"position\":2,\"name\":\"Funktioner\",\"item\":\"https:\\\/\\\/suresms.com\\\/dk\\\/funktioner\\\/\"},{\"@type\":\"ListItem\",\"position\":3,\"name\":\"SMS fletning af beskeder til grupper\"}]},{\"@type\":\"WebSite\",\"@id\":\"https:\\\/\\\/suresms.com\\\/en\\\/#website\",\"url\":\"https:\\\/\\\/suresms.com\\\/en\\\/\",\"name\":\"SureSMS\",\"description\":\"Professionel SMS Gateway\",\"publisher\":{\"@id\":\"https:\\\/\\\/suresms.com\\\/en\\\/#organization\"},\"potentialAction\":[{\"@type\":\"SearchAction\",\"target\":{\"@type\":\"EntryPoint\",\"urlTemplate\":\"https:\\\/\\\/suresms.com\\\/en\\\/?s={search_term_string}\"},\"query-input\":{\"@type\":\"PropertyValueSpecification\",\"valueRequired\":true,\"valueName\":\"search_term_string\"}}],\"inLanguage\":\"pt-PT\"},{\"@type\":\"Organization\",\"@id\":\"https:\\\/\\\/suresms.com\\\/en\\\/#organization\",\"name\":\"SureSMS\",\"url\":\"https:\\\/\\\/suresms.com\\\/en\\\/\",\"logo\":{\"@type\":\"ImageObject\",\"inLanguage\":\"pt-PT\",\"@id\":\"https:\\\/\\\/suresms.com\\\/en\\\/#\\\/schema\\\/logo\\\/image\\\/\",\"url\":\"https:\\\/\\\/suresms.com\\\/wp-content\\\/uploads\\\/2024\\\/11\\\/suresms-300x65-1.png\",\"contentUrl\":\"https:\\\/\\\/suresms.com\\\/wp-content\\\/uploads\\\/2024\\\/11\\\/suresms-300x65-1.png\",\"width\":300,\"height\":65,\"caption\":\"SureSMS\"},\"image\":{\"@id\":\"https:\\\/\\\/suresms.com\\\/en\\\/#\\\/schema\\\/logo\\\/image\\\/\"},\"sameAs\":[\"https:\\\/\\\/www.facebook.com\\\/p\\\/SureSMS-100044607956149\\\/\"]}]}<\/script>\r\n<!-- \/ Yoast SEO Premium plugin. -->","yoast_head_json":{"title":"Fus\u00e3o de mensagens SMS para grupos","description":"Pode facilmente personalizar as suas mensagens SMS com SureSMS. Ao utilizar alguns c\u00f3digos simples, pode personalizar a sua mensagem. Veja como aqui.","robots":{"index":"index","follow":"follow","max-snippet":"max-snippet:-1","max-image-preview":"max-image-preview:large","max-video-preview":"max-video-preview:-1"},"canonical":"https:\/\/suresms.com\/pt\/carateristicas\/mensagens-diretas-sms-para-grupos\/","og_locale":"pt_PT","og_type":"article","og_title":"SMS fletning af beskeder til grupper","og_description":"Du kan nemt g\u00f8re dine SMS beskeder personlige med SureSMS. Ved at bruge nogle simple koder, kan du g\u00f8re beskeden helt personlig. Se her hvordan.","og_url":"https:\/\/suresms.com\/pt\/carateristicas\/mensagens-diretas-sms-para-grupos\/","article_publisher":"https:\/\/www.facebook.com\/p\/SureSMS-100044607956149\/","article_modified_time":"2025-01-10T10:55:05+00:00","twitter_card":"summary_large_image","twitter_misc":{"Tempo estimado de leitura":"3 minutos"},"schema":{"@context":"https:\/\/schema.org","@graph":[{"@type":"WebPage","@id":"https:\/\/suresms.com\/dk\/funktioner\/sms-fletning-af-beskeder-til-grupper\/","url":"https:\/\/suresms.com\/dk\/funktioner\/sms-fletning-af-beskeder-til-grupper\/","name":"Fus\u00e3o de mensagens SMS para grupos","isPartOf":{"@id":"https:\/\/suresms.com\/en\/#website"},"datePublished":"2014-12-17T18:12:52+00:00","dateModified":"2025-01-10T10:55:05+00:00","description":"Pode facilmente personalizar as suas mensagens SMS com SureSMS. Ao utilizar alguns c\u00f3digos simples, pode personalizar a sua mensagem. Veja como aqui.","breadcrumb":{"@id":"https:\/\/suresms.com\/dk\/funktioner\/sms-fletning-af-beskeder-til-grupper\/#breadcrumb"},"inLanguage":"pt-PT","potentialAction":[{"@type":"ReadAction","target":["https:\/\/suresms.com\/dk\/funktioner\/sms-fletning-af-beskeder-til-grupper\/"]}]},{"@type":"BreadcrumbList","@id":"https:\/\/suresms.com\/dk\/funktioner\/sms-fletning-af-beskeder-til-grupper\/#breadcrumb","itemListElement":[{"@type":"ListItem","position":1,"name":"Home","item":"https:\/\/suresms.com\/dk\/"},{"@type":"ListItem","position":2,"name":"Funktioner","item":"https:\/\/suresms.com\/dk\/funktioner\/"},{"@type":"ListItem","position":3,"name":"SMS fletning af beskeder til grupper"}]},{"@type":"WebSite","@id":"https:\/\/suresms.com\/en\/#website","url":"https:\/\/suresms.com\/en\/","name":"SureSMS","description":"Gateway SMS profissional","publisher":{"@id":"https:\/\/suresms.com\/en\/#organization"},"potentialAction":[{"@type":"SearchAction","target":{"@type":"EntryPoint","urlTemplate":"https:\/\/suresms.com\/en\/?s={search_term_string}"},"query-input":{"@type":"PropertyValueSpecification","valueRequired":true,"valueName":"search_term_string"}}],"inLanguage":"pt-PT"},{"@type":"Organization","@id":"https:\/\/suresms.com\/en\/#organization","name":"SureSMS","url":"https:\/\/suresms.com\/en\/","logo":{"@type":"ImageObject","inLanguage":"pt-PT","@id":"https:\/\/suresms.com\/en\/#\/schema\/logo\/image\/","url":"https:\/\/suresms.com\/wp-content\/uploads\/2024\/11\/suresms-300x65-1.png","contentUrl":"https:\/\/suresms.com\/wp-content\/uploads\/2024\/11\/suresms-300x65-1.png","width":300,"height":65,"caption":"SureSMS"},"image":{"@id":"https:\/\/suresms.com\/en\/#\/schema\/logo\/image\/"},"sameAs":["https:\/\/www.facebook.com\/p\/SureSMS-100044607956149\/"]}]}},"_links":{"self":[{"href":"https:\/\/suresms.com\/pt\/wp-json\/wp\/v2\/pages\/755","targetHints":{"allow":["GET"]}}],"collection":[{"href":"https:\/\/suresms.com\/pt\/wp-json\/wp\/v2\/pages"}],"about":[{"href":"https:\/\/suresms.com\/pt\/wp-json\/wp\/v2\/types\/page"}],"author":[{"embeddable":true,"href":"https:\/\/suresms.com\/pt\/wp-json\/wp\/v2\/users\/1"}],"replies":[{"embeddable":true,"href":"https:\/\/suresms.com\/pt\/wp-json\/wp\/v2\/comments?post=755"}],"version-history":[{"count":5,"href":"https:\/\/suresms.com\/pt\/wp-json\/wp\/v2\/pages\/755\/revisions"}],"predecessor-version":[{"id":21398,"href":"https:\/\/suresms.com\/pt\/wp-json\/wp\/v2\/pages\/755\/revisions\/21398"}],"up":[{"embeddable":true,"href":"https:\/\/suresms.com\/pt\/wp-json\/wp\/v2\/pages\/958"}],"wp:attachment":[{"href":"https:\/\/suresms.com\/pt\/wp-json\/wp\/v2\/media?parent=755"}],"wp:term":[{"taxonomy":"category","embeddable":true,"href":"https:\/\/suresms.com\/pt\/wp-json\/wp\/v2\/categories?post=755"},{"taxonomy":"post_tag","embeddable":true,"href":"https:\/\/suresms.com\/pt\/wp-json\/wp\/v2\/tags?post=755"}],"curies":[{"name":"wp","href":"https:\/\/api.w.org\/{rel}","templated":true}]}}