{"id":748,"date":"2014-12-16T20:14:42","date_gmt":"2014-12-16T18:14:42","guid":{"rendered":"https:\/\/www.suresms.com\/dk\/?page_id=748"},"modified":"2024-11-24T17:03:16","modified_gmt":"2024-11-24T17:03:16","slug":"wilkaar","status":"publish","type":"page","link":"https:\/\/suresms.com\/pt\/politikker\/vilkaar\/","title":{"rendered":"Termos e condi\u00e7\u00f5es"},"content":{"rendered":"<p><strong>Em geral<\/strong><\/p>\n<ol>\n<li>O acesso e a utiliza\u00e7\u00e3o do s\u00edtio Web e do software SureSMS est\u00e3o sujeitos aos seguintes termos, condi\u00e7\u00f5es e\u00a0<a href=\"https:\/\/suresms.com\/pt\/politica-de-privacidade\/\">pol\u00edtica de privacidade<\/a>. Ao utilizar este s\u00edtio Web, o utilizador aceita os nossos termos e condi\u00e7\u00f5es e\u00a0<a href=\"https:\/\/suresms.com\/pt\/politica-de-privacidade\/\">pol\u00edtica de privacidade<\/a>. Se o utilizador n\u00e3o concordar com os seguintes termos e condi\u00e7\u00f5es ou com a nossa pol\u00edtica de privacidade, deve parar imediatamente de utilizar o servi\u00e7o e o software fornecido pela SureSMS.<\/li>\n<li>Ao aceitar estes termos e condi\u00e7\u00f5es, o utilizador concorda em,\n<ul>\n<li>que uma pessoa que represente a SureSMS pode contact\u00e1-lo por telefone, e-mail ou SMS relativamente ao(s) servi\u00e7o(s) que utiliza.<\/li>\n<li>que uma pessoa que represente a SureSMS pode contact\u00e1-lo por telefone, e-mail ou SMS sobre servi\u00e7os relacionados.<\/li>\n<li>que a SureSMS pode utilizar o nome da empresa que representa para fins de marketing.<\/li>\n<li>que, se n\u00e3o desejar ser contactado, pode\u00a0<a href=\"https:\/\/suresms.com\/pt\/contacto\/\">aqui <\/a>optar por n\u00e3o receber mais contactos<\/li>\n<\/ul>\n<\/li>\n<li>Se o utilizador n\u00e3o cumprir todas as condi\u00e7\u00f5es que se seguem, o seu direito de acesso cessar\u00e1 imediatamente.<\/li>\n<li>Reservamo-nos o direito de alterar as presentes condi\u00e7\u00f5es gerais sem aviso pr\u00e9vio. Os termos e condi\u00e7\u00f5es alterados entrar\u00e3o em vigor no momento neles especificado. Estar\u00e3o dispon\u00edveis aqui no s\u00edtio Web. Por conseguinte, solicita-se ao utilizador que as leia regularmente quando visitar o s\u00edtio Web. A utiliza\u00e7\u00e3o continuada do site e do software desenvolvido pela SureSMS significa que o utilizador aceitou os novos termos e condi\u00e7\u00f5es de utiliza\u00e7\u00e3o.<\/li>\n<li>A SureSMS armazena os seus dados pessoais enquanto for um utilizador dos nossos sistemas. A SureSMS armazena os seus dados pessoais durante um per\u00edodo m\u00e1ximo de cinco anos. Como utilizador registado da SureSMS, tem o direito de se opor ao registo, escrevendo para info@suresms.com. Glen Mandsberg \u00e9 nomeado como controlador de dados na SureSMS e empresas relacionadas. Pode, a qualquer momento, pedir-nos para apagar as suas informa\u00e7\u00f5es, pedir as informa\u00e7\u00f5es que temos sobre si e pedir-nos para corrigir erros e omiss\u00f5es nas suas informa\u00e7\u00f5es pessoais.<\/li>\n<\/ol>\n<p><strong>O nosso servi\u00e7o<\/strong><\/p>\n<ol>\n<li>Oferecemos um servi\u00e7o que permite utilizar as redes das companhias telef\u00f3nicas para enviar e receber mensagens SMS a partir de telem\u00f3veis.<\/li>\n<li>O pre\u00e7o dos nossos servi\u00e7os depende das funcionalidades pretendidas, do pa\u00eds para o qual pretende enviar e do software utilizado para o envio. Pode obter a nossa lista de pre\u00e7os actualizada em qualquer altura, enviando uma mensagem de correio eletr\u00f3nico para <a href=\"mailto:info@suresms.com\">info@suresms.com<\/a>.<\/li>\n<li>A SureSMS fornece ajuda online sob a forma de um s\u00edtio Web. Se o suporte tiver pessoal, faremos o nosso melhor para responder ao suporte por chat. Pode sempre pedir ajuda \u00e0 nossa equipa de apoio escrevendo um e-mail para <a href=\"mailto:support@suresms.com\">support@suresms.com<\/a>.<\/li>\n<li>Esfor\u00e7amo-nos por fornecer ao utilizador um acesso ilimitado ao s\u00edtio Web e a outros sistemas. No entanto, n\u00e3o podemos garantir a disponibilidade ininterrupta do nosso servi\u00e7o, tal como as empresas de telecomunica\u00e7\u00f5es n\u00e3o podem garantir a entrega de mensagens SMS.<\/li>\n<li>Reservamo-nos o direito de editar, apagar, remover, modificar e melhorar todos os dados, informa\u00e7\u00f5es e conte\u00fados apresentados no s\u00edtio Web em qualquer altura.<\/li>\n<\/ol>\n<p><strong>Utiliza\u00e7\u00e3o autorizada<\/strong><\/p>\n<ol start=\"1\">\n<li>O utilizador n\u00e3o pode utilizar este s\u00edtio Web para comportamentos ilegais, fraudulentos ou desonestos.<\/li>\n<li>N\u00e3o \u00e9 poss\u00edvel, com os nossos sistemas, fazer-se passar por outra pessoa que n\u00e3o seja o pr\u00f3prio utilizador.<\/li>\n<li>O utilizador n\u00e3o deve perturbar, interromper ou impor uma sobrecarga desproporcionada aos nossos sistemas de comunica\u00e7\u00e3o ou t\u00e9cnicos, conforme avaliado por n\u00f3s.<\/li>\n<li>O utilizador \u00e9 obrigado a cumprir a legisla\u00e7\u00e3o dos pa\u00edses para os quais s\u00e3o enviadas mensagens SMS. O utilizador \u00e9 obrigado a informar-se sobre estas regras.<\/li>\n<li>A SureSMS pode bloquear a sua conta sem aviso pr\u00e9vio se houver suspeita de utiliza\u00e7\u00e3o indevida da conta para enviar mensagens SMS ilegais. O utilizador ser\u00e1 notificado imediatamente se a sua conta for bloqueada.<\/li>\n<li>Se a SureSMS for confrontada com pedidos de indemniza\u00e7\u00e3o na sequ\u00eancia da utiliza\u00e7\u00e3o indevida da sua conta, a SureSMS pode responsabiliz\u00e1-lo por esses pedidos<\/li>\n<\/ol>\n<p><strong>Direitos de propriedade intelectual<\/strong><\/p>\n<ol>\n<li>Os direitos de autor sobre os dados, conte\u00fados e informa\u00e7\u00f5es apresentados no nosso site e sistemas de software associados pertencem \u00e0 SureSMS. O utilizador pode imprimir, copiar, transferir ou armazenar extractos de material e informa\u00e7\u00e3o apresentados no website para seu pr\u00f3prio uso.<\/li>\n<li>Exceto quando indicado de outra forma nestes termos e condi\u00e7\u00f5es, nenhuma das nossas propriedades propriet\u00e1rias neste e em torno deste website (dados, conte\u00fado, material e informa\u00e7\u00e3o aqui apresentados) pode ser utilizada, copiada, modificada, publicada, transmitida, vendida, derivada, redesenhada, reproduzida, reformatada e distribu\u00edda sem autoriza\u00e7\u00e3o pr\u00e9via da SureSMS.<\/li>\n<\/ol>\n<p><strong>Incumprimento das nossas responsabilidades<\/strong><\/p>\n<ol>\n<li>A SureSMS n\u00e3o pode ser responsabilizada por perdas incorridas em conex\u00e3o com o uso deste site ou produtos de software relacionados. Isto n\u00e3o inclui perdas diretas ou indirectas.<\/li>\n<li>A SureSMS n\u00e3o pode ser responsabilizada pelas consequ\u00eancias da n\u00e3o entrega de mensagens SMS, uma vez que a responsabilidade \u00e9 das empresas de telecomunica\u00e7\u00f5es.<\/li>\n<\/ol>\n<p><strong>A sua responsabilidade<\/strong><\/p>\n<ol>\n<li>O utilizador deve tomar todas as precau\u00e7\u00f5es necess\u00e1rias para garantir que os dados, conte\u00fados, materiais e informa\u00e7\u00f5es com que contribui (incluindo\u00a0<em>conte\u00fado do utilizador<\/em>) n\u00e3o cont\u00e9m v\u00edrus, spyware, software malicioso ou qualquer outra coisa que possa ter um efeito prejudicial neste s\u00edtio Web, em s\u00edtios Web de terceiros ou noutros.<\/li>\n<li>Para utilizar este s\u00edtio Web, \u00e9 necess\u00e1rio efetuar um registo. O nome de utilizador e a palavra-passe devem ser mantidos confidenciais para evitar abusos. O utilizador \u00e9 respons\u00e1vel pelas actividades realizadas atrav\u00e9s do seu nome de utilizador.<\/li>\n<li>O utilizador \u00e9 respons\u00e1vel pelas suas contribui\u00e7\u00f5es para este s\u00edtio Web e pelos produtos de software associados. O mesmo se aplica ao conte\u00fado das mensagens SMS, aos destinat\u00e1rios e \u00e0s informa\u00e7\u00f5es sobre os destinat\u00e1rios. O utilizador deve garantir que o seu conte\u00fado de utilizador n\u00e3o infringe quaisquer direitos privados, direitos empresariais ou direitos alternativos de terceiros (incluindo informa\u00e7\u00f5es confidenciais).<\/li>\n<li>O utilizador concorda que ser\u00e1 responsabilizado por qualquer dano, perda, reclama\u00e7\u00e3o, inconveni\u00eancia, despesa em que a SureSMS possa incorrer como resultado da sua utiliza\u00e7\u00e3o do website e produtos relacionados.<\/li>\n<li>Para se opor aos c\u00e1lculos de uma fatura, \u00e9 necess\u00e1rio faz\u00ea-lo antes da data de pagamento da fatura.<\/li>\n<\/ol>\n<p><strong>Cancelamento<\/strong><\/p>\n<ol>\n<li>Pode cancelar a sua subscri\u00e7\u00e3o com a SureSMS a qualquer momento. O per\u00edodo de cancelamento \u00e9 de 0 (zero) dias.<\/li>\n<li>Aplicamos uma pol\u00edtica de n\u00e3o reembolso. Isto significa que n\u00e3o reembolsamos montantes j\u00e1 facturados ou pagos. Pode sempre utilizar todo o seu saldo na sua conta SureSMS.<\/li>\n<li>O saldo da sua conta SureSMS n\u00e3o expira.<\/li>\n<li>Se pretender apagar completamente a sua conta, perder\u00e1 o montante depositado, incluindo os SMS gratuitos.<\/li>\n<\/ol>\n<p><strong>Altera\u00e7\u00f5es e actualiza\u00e7\u00f5es<\/strong><\/p>\n<ol>\n<li>Podemos alterar e atualizar os termos e condi\u00e7\u00f5es. A utiliza\u00e7\u00e3o do s\u00edtio Web ap\u00f3s a atualiza\u00e7\u00e3o significa a aceita\u00e7\u00e3o da vers\u00e3o actualizada.<\/li>\n<li>Os termos e condi\u00e7\u00f5es foram actualizados pela \u00faltima vez em 19 de dezembro de 2017.<\/li>\n<\/ol>\n<p>&nbsp;<\/p>","protected":false},"excerpt":{"rendered":"<p>Geral O acesso e utiliza\u00e7\u00e3o do website e software SureSMS est\u00e1 sujeito aos seguintes termos, condi\u00e7\u00f5es e pol\u00edtica de privacidade. Ao utilizar este s\u00edtio Web, o utilizador concorda com os nossos termos e condi\u00e7\u00f5es e pol\u00edtica de privacidade. Se o utilizador n\u00e3o concordar com os seguintes termos e condi\u00e7\u00f5es ou com a nossa pol\u00edtica de privacidade, deve parar imediatamente de utilizar o servi\u00e7o e ... <a title=\"Termos e condi\u00e7\u00f5es\" class=\"read-more\" href=\"https:\/\/suresms.com\/pt\/politikker\/vilkaar\/\" aria-label=\"Leia mais sobre Termos e condi\u00e7\u00f5es\">Rir mas<\/a><\/p>","protected":false},"author":1,"featured_media":0,"parent":19124,"menu_order":22,"comment_status":"closed","ping_status":"closed","template":"","meta":{"_fl_builder_enabled":"1","_fl_builder_data":null,"_fl_builder_draft":null,"_fl_builder_data_settings":null,"_fl_builder_css":"","_fl_builder_css_version":"","_fl_builder_js":"","footnotes":""},"categories":[],"tags":[],"class_list":["post-748","page","type-page","status-publish"],"yoast_head":"<!-- This site is optimized with the Yoast SEO Premium plugin v27.3 (Yoast SEO v27.3) - https:\/\/yoast.com\/product\/yoast-seo-premium-wordpress\/ -->\r\n<title>Vilk\u00e5r og betingelser -<\/title>\r\n<meta name=\"robots\" content=\"index, follow, max-snippet:-1, max-image-preview:large, max-video-preview:-1\" \/>\r\n<link rel=\"canonical\" href=\"https:\/\/suresms.com\/pt\/caracteristicas\/wilkaar\/\" \/>\r\n<meta property=\"og:locale\" content=\"pt_PT\" \/>\r\n<meta property=\"og:type\" content=\"article\" \/>\r\n<meta property=\"og:title\" content=\"Vilk\u00e5r og betingelser\" \/>\r\n<meta property=\"og:description\" content=\"Generelt Adgangen og brugen af SureSMS hjemmeside og software sker med udgangspunkt i f\u00f8lgende vilk\u00e5r, betingelser og\u00a0persondatapolitik. Ved brug af denne hjemmeside erkl\u00e6rer du dig enig i vores vilk\u00e5r og betingelser og\u00a0persondatapolitik. Hvis du ikke er enig i de f\u00f8lgende vilk\u00e5r og betingelser eller vores persondatapolitik, skal du straks stoppe med at anvende service og ... Ler mais\" \/>\r\n<meta property=\"og:url\" content=\"https:\/\/suresms.com\/pt\/caracteristicas\/wilkaar\/\" \/>\r\n<meta property=\"article:publisher\" content=\"https:\/\/www.facebook.com\/p\/SureSMS-100044607956149\/\" \/>\r\n<meta property=\"article:modified_time\" content=\"2024-11-24T17:03:16+00:00\" \/>\r\n<meta name=\"twitter:card\" content=\"summary_large_image\" \/>\r\n<meta name=\"twitter:label1\" content=\"Tempo estimado de leitura\" \/>\n\t<meta name=\"twitter:data1\" content=\"5 minutos\" \/>\r\n<script type=\"application\/ld+json\" class=\"yoast-schema-graph\">{\"@context\":\"https:\\\/\\\/schema.org\",\"@graph\":[{\"@type\":\"WebPage\",\"@id\":\"https:\\\/\\\/suresms.com\\\/politikker\\\/vilkaar\\\/\",\"url\":\"https:\\\/\\\/suresms.com\\\/politikker\\\/vilkaar\\\/\",\"name\":\"Vilk\u00e5r og betingelser -\",\"isPartOf\":{\"@id\":\"https:\\\/\\\/suresms.com\\\/en\\\/#website\"},\"datePublished\":\"2014-12-16T18:14:42+00:00\",\"dateModified\":\"2024-11-24T17:03:16+00:00\",\"breadcrumb\":{\"@id\":\"https:\\\/\\\/suresms.com\\\/politikker\\\/vilkaar\\\/#breadcrumb\"},\"inLanguage\":\"pt-PT\",\"potentialAction\":[{\"@type\":\"ReadAction\",\"target\":[\"https:\\\/\\\/suresms.com\\\/politikker\\\/vilkaar\\\/\"]}]},{\"@type\":\"BreadcrumbList\",\"@id\":\"https:\\\/\\\/suresms.com\\\/politikker\\\/vilkaar\\\/#breadcrumb\",\"itemListElement\":[{\"@type\":\"ListItem\",\"position\":1,\"name\":\"Home\",\"item\":\"https:\\\/\\\/suresms.com\\\/dk\\\/\"},{\"@type\":\"ListItem\",\"position\":2,\"name\":\"Politikker\",\"item\":\"https:\\\/\\\/suresms.com\\\/politikker\\\/\"},{\"@type\":\"ListItem\",\"position\":3,\"name\":\"Vilk\u00e5r og betingelser\"}]},{\"@type\":\"WebSite\",\"@id\":\"https:\\\/\\\/suresms.com\\\/en\\\/#website\",\"url\":\"https:\\\/\\\/suresms.com\\\/en\\\/\",\"name\":\"SureSMS\",\"description\":\"Professionel SMS Gateway\",\"publisher\":{\"@id\":\"https:\\\/\\\/suresms.com\\\/en\\\/#organization\"},\"potentialAction\":[{\"@type\":\"SearchAction\",\"target\":{\"@type\":\"EntryPoint\",\"urlTemplate\":\"https:\\\/\\\/suresms.com\\\/en\\\/?s={search_term_string}\"},\"query-input\":{\"@type\":\"PropertyValueSpecification\",\"valueRequired\":true,\"valueName\":\"search_term_string\"}}],\"inLanguage\":\"pt-PT\"},{\"@type\":\"Organization\",\"@id\":\"https:\\\/\\\/suresms.com\\\/en\\\/#organization\",\"name\":\"SureSMS\",\"url\":\"https:\\\/\\\/suresms.com\\\/en\\\/\",\"logo\":{\"@type\":\"ImageObject\",\"inLanguage\":\"pt-PT\",\"@id\":\"https:\\\/\\\/suresms.com\\\/en\\\/#\\\/schema\\\/logo\\\/image\\\/\",\"url\":\"https:\\\/\\\/suresms.com\\\/wp-content\\\/uploads\\\/2024\\\/11\\\/suresms-300x65-1.png\",\"contentUrl\":\"https:\\\/\\\/suresms.com\\\/wp-content\\\/uploads\\\/2024\\\/11\\\/suresms-300x65-1.png\",\"width\":300,\"height\":65,\"caption\":\"SureSMS\"},\"image\":{\"@id\":\"https:\\\/\\\/suresms.com\\\/en\\\/#\\\/schema\\\/logo\\\/image\\\/\"},\"sameAs\":[\"https:\\\/\\\/www.facebook.com\\\/p\\\/SureSMS-100044607956149\\\/\"]}]}<\/script>\r\n<!-- \/ Yoast SEO Premium plugin. -->","yoast_head_json":{"title":"Termos e condi\u00e7\u00f5es","robots":{"index":"index","follow":"follow","max-snippet":"max-snippet:-1","max-image-preview":"max-image-preview:large","max-video-preview":"max-video-preview:-1"},"canonical":"https:\/\/suresms.com\/pt\/caracteristicas\/wilkaar\/","og_locale":"pt_PT","og_type":"article","og_title":"Vilk\u00e5r og betingelser","og_description":"Generelt Adgangen og brugen af SureSMS hjemmeside og software sker med udgangspunkt i f\u00f8lgende vilk\u00e5r, betingelser og\u00a0persondatapolitik. Ved brug af denne hjemmeside erkl\u00e6rer du dig enig i vores vilk\u00e5r og betingelser og\u00a0persondatapolitik. Hvis du ikke er enig i de f\u00f8lgende vilk\u00e5r og betingelser eller vores persondatapolitik, skal du straks stoppe med at anvende service og ... Ler mais","og_url":"https:\/\/suresms.com\/pt\/caracteristicas\/wilkaar\/","article_publisher":"https:\/\/www.facebook.com\/p\/SureSMS-100044607956149\/","article_modified_time":"2024-11-24T17:03:16+00:00","twitter_card":"summary_large_image","twitter_misc":{"Tempo estimado de leitura":"5 minutos"},"schema":{"@context":"https:\/\/schema.org","@graph":[{"@type":"WebPage","@id":"https:\/\/suresms.com\/politikker\/vilkaar\/","url":"https:\/\/suresms.com\/politikker\/vilkaar\/","name":"Termos e condi\u00e7\u00f5es","isPartOf":{"@id":"https:\/\/suresms.com\/en\/#website"},"datePublished":"2014-12-16T18:14:42+00:00","dateModified":"2024-11-24T17:03:16+00:00","breadcrumb":{"@id":"https:\/\/suresms.com\/politikker\/vilkaar\/#breadcrumb"},"inLanguage":"pt-PT","potentialAction":[{"@type":"ReadAction","target":["https:\/\/suresms.com\/politikker\/vilkaar\/"]}]},{"@type":"BreadcrumbList","@id":"https:\/\/suresms.com\/politikker\/vilkaar\/#breadcrumb","itemListElement":[{"@type":"ListItem","position":1,"name":"Home","item":"https:\/\/suresms.com\/dk\/"},{"@type":"ListItem","position":2,"name":"Politikker","item":"https:\/\/suresms.com\/politikker\/"},{"@type":"ListItem","position":3,"name":"Vilk\u00e5r og betingelser"}]},{"@type":"WebSite","@id":"https:\/\/suresms.com\/en\/#website","url":"https:\/\/suresms.com\/en\/","name":"SureSMS","description":"Gateway SMS profissional","publisher":{"@id":"https:\/\/suresms.com\/en\/#organization"},"potentialAction":[{"@type":"SearchAction","target":{"@type":"EntryPoint","urlTemplate":"https:\/\/suresms.com\/en\/?s={search_term_string}"},"query-input":{"@type":"PropertyValueSpecification","valueRequired":true,"valueName":"search_term_string"}}],"inLanguage":"pt-PT"},{"@type":"Organization","@id":"https:\/\/suresms.com\/en\/#organization","name":"SureSMS","url":"https:\/\/suresms.com\/en\/","logo":{"@type":"ImageObject","inLanguage":"pt-PT","@id":"https:\/\/suresms.com\/en\/#\/schema\/logo\/image\/","url":"https:\/\/suresms.com\/wp-content\/uploads\/2024\/11\/suresms-300x65-1.png","contentUrl":"https:\/\/suresms.com\/wp-content\/uploads\/2024\/11\/suresms-300x65-1.png","width":300,"height":65,"caption":"SureSMS"},"image":{"@id":"https:\/\/suresms.com\/en\/#\/schema\/logo\/image\/"},"sameAs":["https:\/\/www.facebook.com\/p\/SureSMS-100044607956149\/"]}]}},"_links":{"self":[{"href":"https:\/\/suresms.com\/pt\/wp-json\/wp\/v2\/pages\/748","targetHints":{"allow":["GET"]}}],"collection":[{"href":"https:\/\/suresms.com\/pt\/wp-json\/wp\/v2\/pages"}],"about":[{"href":"https:\/\/suresms.com\/pt\/wp-json\/wp\/v2\/types\/page"}],"author":[{"embeddable":true,"href":"https:\/\/suresms.com\/pt\/wp-json\/wp\/v2\/users\/1"}],"replies":[{"embeddable":true,"href":"https:\/\/suresms.com\/pt\/wp-json\/wp\/v2\/comments?post=748"}],"version-history":[{"count":1,"href":"https:\/\/suresms.com\/pt\/wp-json\/wp\/v2\/pages\/748\/revisions"}],"predecessor-version":[{"id":19133,"href":"https:\/\/suresms.com\/pt\/wp-json\/wp\/v2\/pages\/748\/revisions\/19133"}],"up":[{"embeddable":true,"href":"https:\/\/suresms.com\/pt\/wp-json\/wp\/v2\/pages\/19124"}],"wp:attachment":[{"href":"https:\/\/suresms.com\/pt\/wp-json\/wp\/v2\/media?parent=748"}],"wp:term":[{"taxonomy":"category","embeddable":true,"href":"https:\/\/suresms.com\/pt\/wp-json\/wp\/v2\/categories?post=748"},{"taxonomy":"post_tag","embeddable":true,"href":"https:\/\/suresms.com\/pt\/wp-json\/wp\/v2\/tags?post=748"}],"curies":[{"name":"wp","href":"https:\/\/api.w.org\/{rel}","templated":true}]}}