{"id":602,"date":"2014-11-12T16:16:06","date_gmt":"2014-11-12T14:16:06","guid":{"rendered":"https:\/\/www.suresms.com\/dk\/?page_id=602"},"modified":"2024-12-06T12:48:59","modified_gmt":"2024-12-06T12:48:59","slug":"plugins-sms","status":"publish","type":"page","link":"https:\/\/suresms.com\/pt\/sms-gateway-professionelle-sms-losninger\/ikke-navigerbare-sider-suresms-com-parent\/sms-plugins\/","title":{"rendered":"Plugins SMS"},"content":{"rendered":"<img loading=\"lazy\" decoding=\"async\" src=\"https:\/\/www.suresms.com\/dk\/wp-content\/uploads\/2014\/10\/Funktioner-Udviklere-Menu-200x50-pix.jpg\" alt=\"Carater\u00edsticas e fun\u00e7\u00f5es do programador API SureSMS\" itemprop=\"image\" height=\"50\" width=\"200\" title=\"Carater\u00edsticas Menu Programadores\" onerror=\"this.style.display='none'\">\n\t<p>&lt; Voltar para <a title=\"Carater\u00edsticas e fun\u00e7\u00f5es\" href=\"https:\/\/suresms.com\/pt\/carateristicas\/\">Carater\u00edsticas e fun\u00e7\u00f5es<\/a><\/p>\n\t\t<h3>Experimente AGORA!<\/h3>\n\t\t<p>Crie uma conta de avalia\u00e7\u00e3o gratuita agora e receba 50 SMS gr\u00e1tis. Sem compromisso<\/p>\n\t\t\t<a href=\"https:\/\/suresms.com\/pt\/conta-de-teste-de-sms-gratis\/\" target=\"_self\" role=\"button\" rel=\"noopener\">\n\t\t\t\t\t\t\tCriar conta de avalia\u00e7\u00e3o\n\t\t\t\t\t<\/a>\n\t<h1>Plugin SMS<\/h1>\n<p>Esta p\u00e1gina cont\u00e9m plugins de SMS feitos pela ou para a SureSMS. Existem plugins de SMS feitos pela SureSMS, bem como outros que podem ser utilizados pela SureSMS.<\/p>\n<p>Adicionamos regularmente novos plug-ins, por isso fique atento a esta p\u00e1gina para ver as extens\u00f5es mais recentes.<\/p>\n<h3>O que \u00e9 um plugin?<\/h3>\n<p>Um plugin \u00e9 uma esp\u00e9cie de extens\u00e3o ou adi\u00e7\u00e3o \u00e0 sua configura\u00e7\u00e3o ou sistema padr\u00e3o. Quando n\u00f3s na SureSMS criamos plug-ins ou add-ins, como s\u00e3o chamados para o Outlook, por exemplo, \u00e9 tipicamente uma adi\u00e7\u00e3o a um sistema para que possa integrar o nosso servi\u00e7o SMS no sistema. Portanto, um Plugin ou Add-in \u00e9 uma adi\u00e7\u00e3o.<\/p>\n<h3>Todos os plugins s\u00e3o gratuitos<\/h3>\n<p>Desde o in\u00edcio, tom\u00e1mos a decis\u00e3o de que todos os plugins que criamos s\u00e3o gratuitos. Isto significa que n\u00e3o tem de pagar para os instalar ou para os utilizar. \u00c9 um servi\u00e7o gratuito da SureSMS para os nossos clientes.<\/p>\n<h3>Descarregar plugins diretamente do Outlook ou do WordPress<\/h3>\n<p>Quando criamos plugins, certificamo-nos de que s\u00e3o concebidos de acordo com as diretrizes fornecidas pelas aplica\u00e7\u00f5es padr\u00e3o. Por conseguinte, os nossos plugins tamb\u00e9m podem ser descarregados diretamente das aplica\u00e7\u00f5es para as quais foram concebidos. Na pr\u00e1tica, isto significa que o nosso plugin para o WordPress pode ser descarregado diretamente a partir da vis\u00e3o geral do plugin, tal como o nosso suplemento pode ser descarregado diretamente a partir do Outlook.<\/p>\n<h3>Obter uma conta primeiro<\/h3>\n<p>Para todos os plugins, \u00e9 necess\u00e1rio ter uma conta para se registar ao instalar o novo plugin. A SureSMS fornece essa conta de forma r\u00e1pida, f\u00e1cil e gratuita.<\/p>\n<p>Para criar uma conta gratuita, basta preencher o formul\u00e1rio nesta p\u00e1gina. Depois de enviar os seus dados, enviar-lhe-emos um e-mail com as informa\u00e7\u00f5es necess\u00e1rias para ativar o seu plug-in. N\u00e3o existem custos associados \u00e0 cria\u00e7\u00e3o de uma conta e n\u00e3o existem quaisquer obriga\u00e7\u00f5es associadas \u00e0 nossa conta SMS Gateway.<\/p>\n\t\t\t\t<a href=\"https:\/\/suresms.com\/pt\/sms-outlook-add\/\" target=\"_self\" itemprop=\"url\" rel=\"noopener\">\n\t\t\t\t<img loading=\"lazy\" decoding=\"async\" src=\"https:\/\/www.suresms.com\/dk\/wp-content\/uploads\/2016\/06\/SureSMS-sms-Outlook-Add-in.png\" alt=\"SureSMS sms Outlook Add-in\" itemprop=\"image\" height=\"250\" width=\"400\" title=\"SureSMS sms Outlook Add-in\" onerror=\"this.style.display='none'\">\n\t\t\t\t<\/a>\n\t\t<h3><a href=\"https:\/\/suresms.com\/pt\/sms-outlook-add\/\" target=\"_self\" rel=\"noopener\">Suplemento SMS do Outlook<\/a><\/h3>\t\t\n\t\t\t<p>O nosso Outlook Add-in inclui um bot\u00e3o na sua barra de menu para que possa enviar mensagens SMS diretamente a partir da sua caixa de correio do Outlook. Perfeito para a documenta\u00e7\u00e3o e o registo de dados no seu sistema.<\/p>\n<p>Ler <a href=\"https:\/\/suresms.com\/pt\/sms-outlook-add\/\">Mais sobre o SMS Outlook Add-in da SureSMS<\/a> Aqui.<\/p>\n<p>Pode criar rapidamente uma conta enquanto descarrega o nosso suplemento. Experimente o nosso suplemento e receba 50 SMS gr\u00e1tis com a sua conta de teste.<\/p>\n\t\t\t<a href=\"https:\/\/suresms.com\/pt\/sms-outlook-add\/\" target=\"_self\" role=\"button\" rel=\"noopener\">\n\t\t\t\t\t\t\tOM SureSMS Outlook Add in\n\t\t\t\t\t<\/a>\n\t\t\t\t<a href=\"https:\/\/suresms.com\/pt\/plugins-sms\/wordpress-sms-plugin\/\" target=\"_self\" itemprop=\"url\" rel=\"noopener\">\n\t\t\t\t<img loading=\"lazy\" decoding=\"async\" src=\"https:\/\/www.suresms.com\/dk\/wp-content\/uploads\/2014\/11\/SMS-plugin-Suresms-til-WordPress-2.jpg\" alt=\"Plugin SMS Suresms para WordPress\" itemprop=\"image\" height=\"250\" width=\"400\" title=\"Plugin SMS Suresms para WordPress\" onerror=\"this.style.display='none'\">\n\t\t\t\t<\/a>\n\t\t<h3><a href=\"https:\/\/suresms.com\/pt\/plugins-sms\/wordpress-sms-plugin\/\" target=\"_self\" rel=\"noopener\">Plugin SMS para WordPress<\/a><\/h3>\t\t\n\t\t\t<p>O nosso plugin WP inclui um widget que pode colocar no seu s\u00edtio Web para que os seus visitantes possam enviar SMS a partir da\u00ed. Pode definir um rodap\u00e9 na mensagem SMS para que receba um an\u00fancio quando as pessoas enviam mensagens a partir do seu s\u00edtio. Um excelente servi\u00e7o para os seus clientes e marketing numa \u00fanica solu\u00e7\u00e3o.<\/p>\n<p>Ler <a href=\"https:\/\/suresms.com\/pt\/plugins-sms\/wordpress-sms-plugin\/\">mais sobre SMS WordPress Plugin<\/a>&nbsp;Aqui.<\/p>\n<p>Para que funcione, \u00e9 necess\u00e1rio preencher o seu nome de utilizador e a sua palavra-passe. Crie uma conta gratuita atrav\u00e9s do link aqui. Enviaremos os seus dados de acesso no prazo de 5 minutos.<\/p>\n\t\t\t<a href=\"https:\/\/suresms.com\/pt\/plugins-sms\/wordpress-sms-plugin\/\" target=\"_self\" role=\"button\" rel=\"noopener\">\n\t\t\t\t\t\t\tSobre o plugin SMS WordPress\n\t\t\t\t\t<\/a>\n\t\t\t\t<a href=\"https:\/\/suresms.com\/pt\/solucao-woocommerce-sms\/\" target=\"_self\" itemprop=\"url\" rel=\"noopener\">\n\t\t\t\t<img loading=\"lazy\" decoding=\"async\" src=\"https:\/\/www.suresms.com\/dk\/wp-content\/uploads\/2014\/11\/SMS-til-WooCommerce-call-out.jpg\" alt=\"SMS para WooCommerce call out\" itemprop=\"image\" height=\"250\" width=\"400\" title=\"SMS para WooCommerce call out\" onerror=\"this.style.display='none'\">\n\t\t\t\t<\/a>\n\t\t<h3><a href=\"https:\/\/suresms.com\/pt\/solucao-woocommerce-sms\/\" target=\"_self\" rel=\"noopener\">Plugin SMS para WooCommerce<\/a><\/h3>\t\t\n\t\t\t<p>Em colabora\u00e7\u00e3o com a SureSMS, a Rommel.dk criou um plugin para o WooCommerce. O WooCommerce \u00e9 a plataforma de loja virtual mais utilizada no mundo.<\/p>\n<p>Com este plugin, pode enviar automaticamente SMS aos seus clientes quando algo acontece com a sua encomenda. Por exemplo, quando a encomenda tiver sido enviada ou se precisar de fazer uma pergunta sobre a encomenda.<\/p>\n<p><a href=\"https:\/\/suresms.com\/pt\/solucao-woocommerce-sms\/\">Leia mais sobre o plugin WooCommerce aqui.<\/a><\/p>\n<p>Para que funcione, \u00e9 necess\u00e1rio preencher o seu nome de utilizador e a sua palavra-passe. Crie uma conta gratuita atrav\u00e9s do link aqui. Enviaremos os seus dados de acesso no prazo de 5 minutos.<\/p>\n\t\t\t<a href=\"https:\/\/suresms.com\/pt\/solucao-woocommerce-sms\/\" target=\"_self\" role=\"button\" rel=\"noopener\">\n\t\t\t\t\t\t\tAcerca do plugin WooCommerce\n\t\t\t\t\t<\/a>\n\t\t\t\t<a href=\"https:\/\/suresms.com\/pt\/solucao-joomla-sms\/\" target=\"_self\" itemprop=\"url\" rel=\"noopener\">\n\t\t\t\t<img loading=\"lazy\" decoding=\"async\" src=\"https:\/\/www.suresms.com\/dk\/wp-content\/uploads\/2014\/11\/joomla.jpg\" alt=\"joomla\" itemprop=\"image\" height=\"124\" width=\"124\" title=\"joomla\" onerror=\"this.style.display='none'\">\n\t\t\t\t<\/a>\n\t\t<h3><a href=\"https:\/\/suresms.com\/pt\/solucao-joomla-sms\/\" target=\"_self\" rel=\"noopener\">Plugin SMS Joomla<\/a><\/h3>\t\t\n\t\t\t<p>O SureSMS \u00e9 um dos gateways de SMS favoritos da AcySMS. A Acyba criou um plugin Joomla que permite enviar newsletters, ofertas, estado das encomendas e muito mais atrav\u00e9s de SMS a partir do Joomla.<\/p>\n<p><a href=\"https:\/\/suresms.com\/pt\/solucao-joomla-sms\/\">Leia mais sobre o plugin Joomla aqui.<\/a><\/p>\n<p>Sendo o \u00fanico gateway dinamarqu\u00eas de SMS, a SureSMS tamb\u00e9m oferece rece\u00e7\u00e3o de SMS em AcySMS e Joomla.<\/p>\n\t\t\t<a href=\"https:\/\/suresms.com\/pt\/solucao-joomla-sms\/\" target=\"_self\" role=\"button\" rel=\"noopener\">\n\t\t\t\t\t\t\tAcerca do Plugin Joomla\n\t\t\t\t\t<\/a>\n\t\t<h4>Pretende criar uma conta imediatamente? <\/h4>\n\t\t<p>Estamos prontos e \u00e0 espera de o receber como cliente SureSMS!<\/p>\n\t\t\t<a href=\"https:\/\/suresms.com\/pt\/criar-conta-sms-gateway\/\" target=\"_self\" role=\"button\" rel=\"noopener\">\n\t\t\t\t\t\t\tCriar uma conta SureSMS!\n\t\t\t\t\t<\/a>\n\t\t<h4>Encomende uma solu\u00e7\u00e3o de 2 vias!<\/h4>\n\t\t<p>J\u00e1 tem uma conta? Encomende uma solu\u00e7\u00e3o bidirecional e obtenha as op\u00e7\u00f5es adicionais que a sua pr\u00f3pria solu\u00e7\u00e3o oferece.&nbsp;<\/p>\n\t\t\t<a href=\"https:\/\/suresms.com\/pt\/encomendar-descarga-de-2-vias\/\" target=\"_self\" role=\"button\" rel=\"noopener\">\n\t\t\t\t\t\t\tEncomendar solu\u00e7\u00e3o de 2 vias\n\t\t\t\t\t<\/a>\n\t<h4><strong>Aqui pode ler um exemplo de como os nossos clientes utilizam o SMS2SMS atualmente<\/strong><\/h4>\n<ul>\n<li>Desenvolvemos a nossa solu\u00e7\u00e3o SMS2SMS para uma empresa de arquitetura dinamarquesa que pretendia uma solu\u00e7\u00e3o SMS que pudesse ser utilizada nos seus projectos de constru\u00e7\u00e3o. A solu\u00e7\u00e3o facilitaria a comunica\u00e7\u00e3o e permitiria que os empreiteiros e subempreiteiros comunicassem com os residentes sobre o progresso dos projectos de constru\u00e7\u00e3o, ofertas e muito mais. Ao mesmo tempo, o gabinete de arquitetura pretendia uma solu\u00e7\u00e3o em que os pr\u00f3prios residentes pudessem inscrever-se no fluxo de informa\u00e7\u00f5es.&nbsp; <strong>A SureSMS desenvolveu o produto SMS2SMS para arquitectos<\/strong>. Qualquer pessoa pode enviar informa\u00e7\u00f5es para a solu\u00e7\u00e3o atrav\u00e9s de um \u00fanico SMS e os residentes podem inscrever-se atrav\u00e9s de palavras-chave.<\/li>\n<\/ul>\n<p>&nbsp;<\/p>\n\t\t\t\t<a href=\"https:\/\/manual.suresms.com\/\" target=\"_self\" itemprop=\"url\" rel=\"noopener\">\n\t\t\t\t<img loading=\"lazy\" decoding=\"async\" src=\"https:\/\/www.suresms.com\/dk\/wp-content\/uploads\/bb-plugin\/cache\/Manual-400x250-px1-panorama.jpg\" alt=\"manual do s\u00edtio web suresms\" itemprop=\"image\" height=\"250\" width=\"400\" title=\"Manual 400x250 px\" onerror=\"this.style.display='none'\">\n\t\t\t\t<\/a>\n<h3><a href=\"https:\/\/manual.suresms.com\/\" target=\"_self\" rel=\"noopener\">Visite o nosso s\u00edtio Web do Manual<\/a><\/h3>\t\t\n\t\t\t<p>Para ajudar os nossos clientes, reunimos todas as instru\u00e7\u00f5es e descri\u00e7\u00f5es em manual.suresms.com. Aqui pode ver como funciona o nosso gateway e obter instru\u00e7\u00f5es simples e f\u00e1ceis de utilizar para as v\u00e1rias funcionalidades.&nbsp;<\/p>\n\t\t\t\t<a href=\"https:\/\/developer.suresms.com\/\" target=\"_self\" itemprop=\"url\" rel=\"noopener\">\n\t\t\t\t<img loading=\"lazy\" decoding=\"async\" src=\"https:\/\/www.suresms.com\/dk\/wp-content\/uploads\/bb-plugin\/cache\/developer-400x250-px-panorama.jpg\" alt=\"programador suresms s\u00edtio web para programadores\" itemprop=\"image\" height=\"250\" width=\"400\" title=\"desenvolvedor 400x250 px\" onerror=\"this.style.display='none'\">\n\t\t\t\t<\/a>\n<h3><a href=\"https:\/\/developer.suresms.com\/\" target=\"_self\" rel=\"noopener\">desenvolvedor.suresms.com <\/a><\/h3>\t\t\n\t\t\t<p>SureSMS \u00e9 feito por programadores para programadores!<br \/>Em developer.suresms.com reunimos documenta\u00e7\u00e3o e exemplos de c\u00f3digo para facilitar a integra\u00e7\u00e3o do nosso gateway no seu sistema.<\/p>\n\t\t\t\t<a href=\"https:\/\/www.youtube.com\/channel\/UC1XGC5rl9mI9ndtBVn8yq7g\" target=\"_self\" itemprop=\"url\" rel=\"noopener\">\n\t\t\t\t<img loading=\"lazy\" decoding=\"async\" src=\"https:\/\/www.suresms.com\/dk\/wp-content\/uploads\/bb-plugin\/cache\/you-tube400x250px-panorama.jpg\" alt=\"suresms sms gateway v\u00eddeos do you tube\" itemprop=\"image\" height=\"250\" width=\"400\" title=\"you tube 400x250px\" onerror=\"this.style.display='none'\">\n\t\t\t\t<\/a>\n<h3><a href=\"https:\/\/www.youtube.com\/channel\/UC1XGC5rl9mI9ndtBVn8yq7g\" target=\"_self\" rel=\"noopener\">Veja os nossos v\u00eddeos de instru\u00e7\u00f5es!<\/a><\/h3>\t\t\n\t\t\t<p>Est\u00e1 a come\u00e7ar a utilizar uma nova funcionalidade? Ou precisa apenas de saber um pouco mais sobre o funcionamento do nosso portal? No Youtube, reunimos os nossos v\u00eddeos de instru\u00e7\u00f5es. Pronto para come\u00e7ar!<\/p>","protected":false},"excerpt":{"rendered":"<p>&lt; Voltar \u00e0s carater\u00edsticas e fun\u00e7\u00f5es Experimente AGORA! Crie uma conta de teste gratuita agora e receba 50 SMSes gr\u00e1tis. Sem compromisso Criar conta de teste Plugin de SMS Esta p\u00e1gina cont\u00e9m plugins de SMS feitos por ou para SureSMS. Existem plugins de SMS feitos pela SureSMS, bem como outros que podem ser utilizados pela SureSMS. Adicionamos regularmente novos plugins... <a title=\"Plugins SMS\" class=\"read-more\" href=\"https:\/\/suresms.com\/pt\/sms-gateway-professionelle-sms-losninger\/ikke-navigerbare-sider-suresms-com-parent\/sms-plugins\/\" aria-label=\"Saiba mais sobre os plugins SMS\">Rir mas<\/a><\/p>","protected":false},"author":1,"featured_media":0,"parent":2923,"menu_order":5,"comment_status":"closed","ping_status":"closed","template":"","meta":{"_fl_builder_enabled":"1","_fl_builder_data":null,"_fl_builder_draft":null,"_fl_builder_data_settings":null,"_fl_builder_css":"","_fl_builder_css_version":"","_fl_builder_js":"","footnotes":""},"categories":[],"tags":[],"class_list":["post-602","page","type-page","status-publish"],"yoast_head":"<!-- This site is optimized with the Yoast SEO Premium plugin v27.3 (Yoast SEO v27.3) - https:\/\/yoast.com\/product\/yoast-seo-premium-wordpress\/ -->\r\n<title>SMS plugins | Samlet liste over alle SMS plugins - SureSMS \u2713<\/title>\r\n<meta name=\"description\" content=\"En komplet liste over SMS plugins til SureSMS. Find dit SMS plugin p\u00e5 denne side. indeholder undersider for hvert plugin til SMS.\" \/>\r\n<meta name=\"robots\" content=\"index, follow, max-snippet:-1, max-image-preview:large, max-video-preview:-1\" \/>\r\n<link rel=\"canonical\" href=\"https:\/\/suresms.com\/pt\/sms-gateway-solucoes-sms-profissionais\/paginas-nao-navegaveis-em-suresms-com\/plugins-sms\/\" \/>\r\n<meta property=\"og:locale\" content=\"pt_PT\" \/>\r\n<meta property=\"og:type\" content=\"article\" \/>\r\n<meta property=\"og:title\" content=\"Download vores gratis Plugins - SureSMS\" \/>\r\n<meta property=\"og:description\" content=\"Vi udvikler Plugins, s\u00e5 vores SMS Gateway kan integreres let og hurtigt med dit system. Alle Plugins er gratis. Send SMS direkte fra Outlook eller din WordPress hjemmeside. Betal kun pr. SMS\" \/>\r\n<meta property=\"og:url\" content=\"https:\/\/suresms.com\/pt\/sms-gateway-solucoes-sms-profissionais\/paginas-nao-navegaveis-em-suresms-com\/plugins-sms\/\" \/>\r\n<meta property=\"article:publisher\" content=\"https:\/\/www.facebook.com\/p\/SureSMS-100044607956149\/\" \/>\r\n<meta property=\"article:modified_time\" content=\"2024-12-06T12:48:59+00:00\" \/>\r\n<meta property=\"og:image\" content=\"https:\/\/suresms.com\/wp-content\/uploads\/2014\/11\/SureSMS-Plugins-snippet.jpg\" \/>\r\n\t<meta property=\"og:image:width\" content=\"400\" \/>\r\n\t<meta property=\"og:image:height\" content=\"250\" \/>\r\n\t<meta property=\"og:image:type\" content=\"image\/jpeg\" \/>\r\n<meta name=\"twitter:card\" content=\"summary_large_image\" \/>\r\n<meta name=\"twitter:title\" content=\"SMS plugins\" \/>\r\n<meta name=\"twitter:label1\" content=\"Tempo estimado de leitura\" \/>\n\t<meta name=\"twitter:data1\" content=\"7 minutos\" \/>\r\n<script type=\"application\/ld+json\" class=\"yoast-schema-graph\">{\"@context\":\"https:\\\/\\\/schema.org\",\"@graph\":[{\"@type\":\"WebPage\",\"@id\":\"https:\\\/\\\/suresms.com\\\/dk\\\/sms-gateway-professionelle-sms-losninger\\\/ikke-navigerbare-sider-suresms-com-parent\\\/sms-plugins\\\/\",\"url\":\"https:\\\/\\\/suresms.com\\\/dk\\\/sms-gateway-professionelle-sms-losninger\\\/ikke-navigerbare-sider-suresms-com-parent\\\/sms-plugins\\\/\",\"name\":\"SMS plugins | Samlet liste over alle SMS plugins - SureSMS \u2713\",\"isPartOf\":{\"@id\":\"https:\\\/\\\/suresms.com\\\/en\\\/#website\"},\"primaryImageOfPage\":{\"@id\":\"https:\\\/\\\/suresms.com\\\/dk\\\/sms-gateway-professionelle-sms-losninger\\\/ikke-navigerbare-sider-suresms-com-parent\\\/sms-plugins\\\/#primaryimage\"},\"image\":{\"@id\":\"https:\\\/\\\/suresms.com\\\/dk\\\/sms-gateway-professionelle-sms-losninger\\\/ikke-navigerbare-sider-suresms-com-parent\\\/sms-plugins\\\/#primaryimage\"},\"thumbnailUrl\":\"https:\\\/\\\/www.suresms.com\\\/dk\\\/wp-content\\\/uploads\\\/2014\\\/10\\\/Funktioner-Udviklere-Menu-200x50-pix.jpg\",\"datePublished\":\"2014-11-12T14:16:06+00:00\",\"dateModified\":\"2024-12-06T12:48:59+00:00\",\"description\":\"En komplet liste over SMS plugins til SureSMS. Find dit SMS plugin p\u00e5 denne side. indeholder undersider for hvert plugin til SMS.\",\"breadcrumb\":{\"@id\":\"https:\\\/\\\/suresms.com\\\/dk\\\/sms-gateway-professionelle-sms-losninger\\\/ikke-navigerbare-sider-suresms-com-parent\\\/sms-plugins\\\/#breadcrumb\"},\"inLanguage\":\"pt-PT\",\"potentialAction\":[{\"@type\":\"ReadAction\",\"target\":[\"https:\\\/\\\/suresms.com\\\/dk\\\/sms-gateway-professionelle-sms-losninger\\\/ikke-navigerbare-sider-suresms-com-parent\\\/sms-plugins\\\/\"]}]},{\"@type\":\"ImageObject\",\"inLanguage\":\"pt-PT\",\"@id\":\"https:\\\/\\\/suresms.com\\\/dk\\\/sms-gateway-professionelle-sms-losninger\\\/ikke-navigerbare-sider-suresms-com-parent\\\/sms-plugins\\\/#primaryimage\",\"url\":\"https:\\\/\\\/www.suresms.com\\\/dk\\\/wp-content\\\/uploads\\\/2014\\\/10\\\/Funktioner-Udviklere-Menu-200x50-pix.jpg\",\"contentUrl\":\"https:\\\/\\\/www.suresms.com\\\/dk\\\/wp-content\\\/uploads\\\/2014\\\/10\\\/Funktioner-Udviklere-Menu-200x50-pix.jpg\"},{\"@type\":\"BreadcrumbList\",\"@id\":\"https:\\\/\\\/suresms.com\\\/dk\\\/sms-gateway-professionelle-sms-losninger\\\/ikke-navigerbare-sider-suresms-com-parent\\\/sms-plugins\\\/#breadcrumb\",\"itemListElement\":[{\"@type\":\"ListItem\",\"position\":1,\"name\":\"Home\",\"item\":\"https:\\\/\\\/suresms.com\\\/dk\\\/\"},{\"@type\":\"ListItem\",\"position\":2,\"name\":\"SMS gateway &#8211; professionelle SMS-l\u00f8sninger\",\"item\":\"https:\\\/\\\/suresms.com\\\/dk\\\/\"},{\"@type\":\"ListItem\",\"position\":3,\"name\":\"Ikke navigerbare sider suresms.com &#8211; parent\",\"item\":\"https:\\\/\\\/suresms.com\\\/dk\\\/sms-gateway-professionelle-sms-losninger\\\/ikke-navigerbare-sider-suresms-com-parent\\\/\"},{\"@type\":\"ListItem\",\"position\":4,\"name\":\"SMS plugins\"}]},{\"@type\":\"WebSite\",\"@id\":\"https:\\\/\\\/suresms.com\\\/en\\\/#website\",\"url\":\"https:\\\/\\\/suresms.com\\\/en\\\/\",\"name\":\"SureSMS\",\"description\":\"Professionel SMS Gateway\",\"publisher\":{\"@id\":\"https:\\\/\\\/suresms.com\\\/en\\\/#organization\"},\"potentialAction\":[{\"@type\":\"SearchAction\",\"target\":{\"@type\":\"EntryPoint\",\"urlTemplate\":\"https:\\\/\\\/suresms.com\\\/en\\\/?s={search_term_string}\"},\"query-input\":{\"@type\":\"PropertyValueSpecification\",\"valueRequired\":true,\"valueName\":\"search_term_string\"}}],\"inLanguage\":\"pt-PT\"},{\"@type\":\"Organization\",\"@id\":\"https:\\\/\\\/suresms.com\\\/en\\\/#organization\",\"name\":\"SureSMS\",\"url\":\"https:\\\/\\\/suresms.com\\\/en\\\/\",\"logo\":{\"@type\":\"ImageObject\",\"inLanguage\":\"pt-PT\",\"@id\":\"https:\\\/\\\/suresms.com\\\/en\\\/#\\\/schema\\\/logo\\\/image\\\/\",\"url\":\"https:\\\/\\\/suresms.com\\\/wp-content\\\/uploads\\\/2024\\\/11\\\/suresms-300x65-1.png\",\"contentUrl\":\"https:\\\/\\\/suresms.com\\\/wp-content\\\/uploads\\\/2024\\\/11\\\/suresms-300x65-1.png\",\"width\":300,\"height\":65,\"caption\":\"SureSMS\"},\"image\":{\"@id\":\"https:\\\/\\\/suresms.com\\\/en\\\/#\\\/schema\\\/logo\\\/image\\\/\"},\"sameAs\":[\"https:\\\/\\\/www.facebook.com\\\/p\\\/SureSMS-100044607956149\\\/\"]}]}<\/script>\r\n<!-- \/ Yoast SEO Premium plugin. -->","yoast_head_json":{"title":"Plugins de SMS | Lista completa de todos os plugins de SMS - SureSMS \u2713 \u2713 \u2713 SureSMS","description":"Uma lista completa de plugins de SMS para o SureSMS. Encontre o seu plugin de SMS nesta p\u00e1gina. cont\u00e9m subp\u00e1ginas para cada plugin de SMS.","robots":{"index":"index","follow":"follow","max-snippet":"max-snippet:-1","max-image-preview":"max-image-preview:large","max-video-preview":"max-video-preview:-1"},"canonical":"https:\/\/suresms.com\/pt\/sms-gateway-solucoes-sms-profissionais\/paginas-nao-navegaveis-em-suresms-com\/plugins-sms\/","og_locale":"pt_PT","og_type":"article","og_title":"Download vores gratis Plugins - SureSMS","og_description":"Vi udvikler Plugins, s\u00e5 vores SMS Gateway kan integreres let og hurtigt med dit system. Alle Plugins er gratis. Send SMS direkte fra Outlook eller din WordPress hjemmeside. Betal kun pr. SMS","og_url":"https:\/\/suresms.com\/pt\/sms-gateway-solucoes-sms-profissionais\/paginas-nao-navegaveis-em-suresms-com\/plugins-sms\/","article_publisher":"https:\/\/www.facebook.com\/p\/SureSMS-100044607956149\/","article_modified_time":"2024-12-06T12:48:59+00:00","og_image":[{"width":400,"height":250,"url":"https:\/\/suresms.com\/wp-content\/uploads\/2014\/11\/SureSMS-Plugins-snippet.jpg","type":"image\/jpeg"}],"twitter_card":"summary_large_image","twitter_title":"SMS plugins","twitter_misc":{"Tempo estimado de leitura":"7 minutos"},"schema":{"@context":"https:\/\/schema.org","@graph":[{"@type":"WebPage","@id":"https:\/\/suresms.com\/dk\/sms-gateway-professionelle-sms-losninger\/ikke-navigerbare-sider-suresms-com-parent\/sms-plugins\/","url":"https:\/\/suresms.com\/dk\/sms-gateway-professionelle-sms-losninger\/ikke-navigerbare-sider-suresms-com-parent\/sms-plugins\/","name":"Plugins de SMS | Lista completa de todos os plugins de SMS - SureSMS \u2713 \u2713 \u2713 SureSMS","isPartOf":{"@id":"https:\/\/suresms.com\/en\/#website"},"primaryImageOfPage":{"@id":"https:\/\/suresms.com\/dk\/sms-gateway-professionelle-sms-losninger\/ikke-navigerbare-sider-suresms-com-parent\/sms-plugins\/#primaryimage"},"image":{"@id":"https:\/\/suresms.com\/dk\/sms-gateway-professionelle-sms-losninger\/ikke-navigerbare-sider-suresms-com-parent\/sms-plugins\/#primaryimage"},"thumbnailUrl":"https:\/\/www.suresms.com\/dk\/wp-content\/uploads\/2014\/10\/Funktioner-Udviklere-Menu-200x50-pix.jpg","datePublished":"2014-11-12T14:16:06+00:00","dateModified":"2024-12-06T12:48:59+00:00","description":"Uma lista completa de plugins de SMS para o SureSMS. Encontre o seu plugin de SMS nesta p\u00e1gina. cont\u00e9m subp\u00e1ginas para cada plugin de SMS.","breadcrumb":{"@id":"https:\/\/suresms.com\/dk\/sms-gateway-professionelle-sms-losninger\/ikke-navigerbare-sider-suresms-com-parent\/sms-plugins\/#breadcrumb"},"inLanguage":"pt-PT","potentialAction":[{"@type":"ReadAction","target":["https:\/\/suresms.com\/dk\/sms-gateway-professionelle-sms-losninger\/ikke-navigerbare-sider-suresms-com-parent\/sms-plugins\/"]}]},{"@type":"ImageObject","inLanguage":"pt-PT","@id":"https:\/\/suresms.com\/dk\/sms-gateway-professionelle-sms-losninger\/ikke-navigerbare-sider-suresms-com-parent\/sms-plugins\/#primaryimage","url":"https:\/\/www.suresms.com\/dk\/wp-content\/uploads\/2014\/10\/Funktioner-Udviklere-Menu-200x50-pix.jpg","contentUrl":"https:\/\/www.suresms.com\/dk\/wp-content\/uploads\/2014\/10\/Funktioner-Udviklere-Menu-200x50-pix.jpg"},{"@type":"BreadcrumbList","@id":"https:\/\/suresms.com\/dk\/sms-gateway-professionelle-sms-losninger\/ikke-navigerbare-sider-suresms-com-parent\/sms-plugins\/#breadcrumb","itemListElement":[{"@type":"ListItem","position":1,"name":"Home","item":"https:\/\/suresms.com\/dk\/"},{"@type":"ListItem","position":2,"name":"SMS gateway &#8211; professionelle SMS-l\u00f8sninger","item":"https:\/\/suresms.com\/dk\/"},{"@type":"ListItem","position":3,"name":"Ikke navigerbare sider suresms.com &#8211; parent","item":"https:\/\/suresms.com\/dk\/sms-gateway-professionelle-sms-losninger\/ikke-navigerbare-sider-suresms-com-parent\/"},{"@type":"ListItem","position":4,"name":"SMS plugins"}]},{"@type":"WebSite","@id":"https:\/\/suresms.com\/en\/#website","url":"https:\/\/suresms.com\/en\/","name":"SureSMS","description":"Gateway SMS profissional","publisher":{"@id":"https:\/\/suresms.com\/en\/#organization"},"potentialAction":[{"@type":"SearchAction","target":{"@type":"EntryPoint","urlTemplate":"https:\/\/suresms.com\/en\/?s={search_term_string}"},"query-input":{"@type":"PropertyValueSpecification","valueRequired":true,"valueName":"search_term_string"}}],"inLanguage":"pt-PT"},{"@type":"Organization","@id":"https:\/\/suresms.com\/en\/#organization","name":"SureSMS","url":"https:\/\/suresms.com\/en\/","logo":{"@type":"ImageObject","inLanguage":"pt-PT","@id":"https:\/\/suresms.com\/en\/#\/schema\/logo\/image\/","url":"https:\/\/suresms.com\/wp-content\/uploads\/2024\/11\/suresms-300x65-1.png","contentUrl":"https:\/\/suresms.com\/wp-content\/uploads\/2024\/11\/suresms-300x65-1.png","width":300,"height":65,"caption":"SureSMS"},"image":{"@id":"https:\/\/suresms.com\/en\/#\/schema\/logo\/image\/"},"sameAs":["https:\/\/www.facebook.com\/p\/SureSMS-100044607956149\/"]}]}},"_links":{"self":[{"href":"https:\/\/suresms.com\/pt\/wp-json\/wp\/v2\/pages\/602","targetHints":{"allow":["GET"]}}],"collection":[{"href":"https:\/\/suresms.com\/pt\/wp-json\/wp\/v2\/pages"}],"about":[{"href":"https:\/\/suresms.com\/pt\/wp-json\/wp\/v2\/types\/page"}],"author":[{"embeddable":true,"href":"https:\/\/suresms.com\/pt\/wp-json\/wp\/v2\/users\/1"}],"replies":[{"embeddable":true,"href":"https:\/\/suresms.com\/pt\/wp-json\/wp\/v2\/comments?post=602"}],"version-history":[{"count":1,"href":"https:\/\/suresms.com\/pt\/wp-json\/wp\/v2\/pages\/602\/revisions"}],"predecessor-version":[{"id":19487,"href":"https:\/\/suresms.com\/pt\/wp-json\/wp\/v2\/pages\/602\/revisions\/19487"}],"up":[{"embeddable":true,"href":"https:\/\/suresms.com\/pt\/wp-json\/wp\/v2\/pages\/2923"}],"wp:attachment":[{"href":"https:\/\/suresms.com\/pt\/wp-json\/wp\/v2\/media?parent=602"}],"wp:term":[{"taxonomy":"category","embeddable":true,"href":"https:\/\/suresms.com\/pt\/wp-json\/wp\/v2\/categories?post=602"},{"taxonomy":"post_tag","embeddable":true,"href":"https:\/\/suresms.com\/pt\/wp-json\/wp\/v2\/tags?post=602"}],"curies":[{"name":"wp","href":"https:\/\/api.w.org\/{rel}","templated":true}]}}