{"id":5320,"date":"2017-12-22T15:17:39","date_gmt":"2017-12-22T13:17:39","guid":{"rendered":"https:\/\/www.suresms.com\/dk\/?page_id=5320"},"modified":"2025-03-24T14:57:40","modified_gmt":"2025-03-24T14:57:40","slug":"politica-de-privacidade","status":"publish","type":"page","link":"https:\/\/suresms.com\/pt\/politikker\/persondata-politik\/","title":{"rendered":"Pol\u00edtica de privacidade"},"content":{"rendered":"<p>A SureSMS \u00e9 uma empresa dinamarquesa registada com o n\u00famero CVR 33263104. A empresa est\u00e1 registada em Industriholmen 82, 2650 Hvidovre, Dinamarca.<\/p>\n<p>A pol\u00edtica de privacidade que se segue protege os seus dados pessoais em conformidade com a Lei dos Dados Pessoais e o Regulamento de Dados Pessoais da UE. Esta pol\u00edtica de privacidade explica como recolhemos e utilizamos os seus dados pessoais e que medidas tomamos para garantir que os seus dados permanecem confidenciais.<\/p>\n<h2>Que informa\u00e7\u00f5es recolhemos?<\/h2>\n<p>No \u00e2mbito das aplica\u00e7\u00f5es de conta e do registo de conta para os nossos servi\u00e7os, recolhemos os seus dados pessoais. Tamb\u00e9m podemos recolher dados que mostrem como utiliza o nosso Web site, de que Web site veio, que p\u00e1ginas visitou e como se desloca no Web site. Tamb\u00e9m recolhemos informa\u00e7\u00f5es sobre as mensagens SMS que envia e os outros servi\u00e7os que utiliza, incluindo se guarda os dados de contacto dos destinat\u00e1rios das mensagens SMS.<\/p>\n<p>Tamb\u00e9m recolhemos informa\u00e7\u00f5es sobre quando o utilizador acede ao servi\u00e7o e os dispositivos a partir dos quais acede ao servi\u00e7o. Tamb\u00e9m recolhemos informa\u00e7\u00f5es sobre eventos inesperados nos nossos sistemas e servi\u00e7os, quer ocorram no seu dispositivo ou no nosso.<\/p>\n<h2>Objetivo<\/h2>\n<p>Utilizamos os seus dados pessoais para lhe podermos oferecer o melhor servi\u00e7o nos dom\u00ednios em que prestamos servi\u00e7os. Incluindo, mas n\u00e3o se limitando a:<\/p>\n<ol>\n<li>\n<ol>\n<li>D\u00e1-lhe acesso ao envio e rece\u00e7\u00e3o de mensagens SMS.<\/li>\n<li>\u00a0Relat\u00f3rios relacionados com 1)<\/li>\n<li>Manter um diret\u00f3rio de destinat\u00e1rios e remetentes de mensagens SMS.<\/li>\n<li>Processar pagamentos para a nossa plataforma.<\/li>\n<li>Contact\u00e1-lo para retifica\u00e7\u00e3o de defeitos, novos servi\u00e7os relacionados.<\/li>\n<\/ol>\n<\/li>\n<\/ol>\n<ol>\n\n<\/ol>\n<p>&nbsp;<\/p>\n<h2>Divulga\u00e7\u00e3o de informa\u00e7\u00f5es<\/h2>\n<p>Tratamos as suas informa\u00e7\u00f5es pessoais de forma confidencial e n\u00e3o as divulgamos. O acesso \u00e0s informa\u00e7\u00f5es pessoais tamb\u00e9m n\u00e3o ser\u00e1 facultado a outras empresas. Divulgamos as suas informa\u00e7\u00f5es \u00e0s autoridades que lutam contra a fraude e o branqueamento de capitais se suspeitarmos que foram fornecidas informa\u00e7\u00f5es incorrectas para fins de fraude.<\/p>\n<p>Em circunst\u00e2ncias excecionais, a SureSMS ApS ser\u00e1 obrigada a divulgar informa\u00e7\u00f5es pessoais. A SureSMS ApS \u00e9 obrigada a trabalhar de acordo com a ordem da lei ou do tribunal em resposta a um pedido legal do estado ou das autoridades.<\/p>\n<h2>Melhorar o nosso servi\u00e7o<\/h2>\n<p>Para garantir que os servi\u00e7os que oferecemos satisfazem as suas necessidades, podemos pedir-lhe que nos d\u00ea a sua opini\u00e3o. Qualquer coment\u00e1rio que nos d\u00ea ser\u00e1 utilizado exclusivamente para melhorar os nossos servi\u00e7os e n\u00e3o ser\u00e1 apresentado no s\u00edtio Web.<\/p>\n<h2>Biscoitos<\/h2>\n<p>Ver a nossa pol\u00edtica de cookies <a href=\"https:\/\/suresms.com\/pt\/caracteristicas\/garantias-de-cookies-e-politica-de-privacidade\/\">aqui<\/a>.<\/p>\n<h2>Seguran\u00e7a e prote\u00e7\u00e3o<\/h2>\n<p>A prote\u00e7\u00e3o dos seus dados \u00e9 importante para n\u00f3s. Toda a comunica\u00e7\u00e3o entre os dispositivos SureSMS e os clientes \u00e9 protegida com encripta\u00e7\u00e3o. A encripta\u00e7\u00e3o \u00e9 fornecida pela Google Trust Services. N\u00e3o armazenamos informa\u00e7\u00f5es de cart\u00e3o de cr\u00e9dito.<\/p>\n<p>Embora nos esforcemos por proteger os seus dados, n\u00e3o o podemos garantir. Por conseguinte, \u00e9 por sua conta e risco que nos fornece esses dados.<\/p>\n<h2>Os seus direitos<\/h2>\n<p>O utilizador tem o direito de ser informado, em qualquer momento, sobre os dados que regist\u00e1mos a seu respeito. Tem o direito de solicitar a corre\u00e7\u00e3o de dados incorrectos e de solicitar a elimina\u00e7\u00e3o de todos os seus dados. No entanto, temos uma responsabilidade relacionada com a legisla\u00e7\u00e3o sobre terrorismo e a lei dinamarquesa sobre contabilidade, o que significa que nem todos os dados podem ser apagados. Utilize a sec\u00e7\u00e3o de contactos deste s\u00edtio Web para encontrar os dados de contacto relevantes. <a href=\"https:\/\/suresms.com\/pt\/sobre-o-suresms\/contacto\/\">dados de contacto<\/a>.<\/p>\n<h2>Altera\u00e7\u00f5es<\/h2>\n<p>Podemos alterar esta pol\u00edtica de privacidade. A utiliza\u00e7\u00e3o do s\u00edtio Web ap\u00f3s a atualiza\u00e7\u00e3o da pol\u00edtica de privacidade significa a aceita\u00e7\u00e3o da pol\u00edtica de privacidade actualizada. Esta Pol\u00edtica de Privacidade foi actualizada pela \u00faltima vez em 24 de mar\u00e7o de 2024.<\/p>\n<h2>Contacte-nos sobre esta pol\u00edtica<\/h2>\n<p>Pode sempre contactar-nos relativamente a esta pol\u00edtica ou a outras quest\u00f5es. Escreva para <a href=\"mailto:support@suresms.com\">support@suresms.com<\/a> e escrever Politik no campo do assunto.<\/p>","protected":false},"excerpt":{"rendered":"<p>A SureSMS \u00e9 uma empresa dinamarquesa registada com o n\u00famero CVR 33263104. A empresa est\u00e1 registada em Industriholmen 82, 2650 Hvidovre, Dinamarca. A seguinte pol\u00edtica de privacidade protege os seus dados pessoais de acordo com a Lei de Dados Pessoais e o Regulamento de Dados Pessoais da UE. Esta pol\u00edtica de privacidade explica a forma como recolhemos e utilizamos os seus dados pessoais e as medidas que tomamos para garantir a prote\u00e7\u00e3o dos seus dados pessoais. <a title=\"Pol\u00edtica de privacidade\" class=\"read-more\" href=\"https:\/\/suresms.com\/pt\/politikker\/persondata-politik\/\" aria-label=\"Ler mais sobre Persondata politik\">Rir mas<\/a><\/p>","protected":false},"author":1,"featured_media":0,"parent":19124,"menu_order":0,"comment_status":"closed","ping_status":"closed","template":"","meta":{"_fl_builder_enabled":"1","_fl_builder_data":null,"_fl_builder_draft":null,"_fl_builder_data_settings":null,"_fl_builder_css":"","_fl_builder_css_version":"","_fl_builder_js":"","footnotes":""},"categories":[],"tags":[],"class_list":["post-5320","page","type-page","status-publish"],"yoast_head":"<!-- This site is optimized with the Yoast SEO Premium plugin v27.3 (Yoast SEO v27.3) - https:\/\/yoast.com\/product\/yoast-seo-premium-wordpress\/ -->\r\n<title>Persondata politik -<\/title>\r\n<meta name=\"robots\" content=\"index, follow, max-snippet:-1, max-image-preview:large, max-video-preview:-1\" \/>\r\n<link rel=\"canonical\" href=\"https:\/\/suresms.com\/pt\/caracteristicas\/politica-de-privacidade\/\" \/>\r\n<meta property=\"og:locale\" content=\"pt_PT\" \/>\r\n<meta property=\"og:type\" content=\"article\" \/>\r\n<meta property=\"og:title\" content=\"Persondata politik\" \/>\r\n<meta property=\"og:description\" content=\"SureSMS er et dansk registreret selskab med CVR nummer 33263104. Selskabet er registreret p\u00e5 adressen Industriholmen 82, 2650 Hvidovre, Danmark. Den f\u00f8lgende persondatapolitik beskytter dine personlige data i overensstemmelse med Persondataloven og EU persondata forordning. Denne fortrolighedspolitik forklarer m\u00e5den, hvorp\u00e5 vi indsamler og bruger dine personlige data, og hvilke foranstaltninger vi tager, for at sikre ... Ler mais\" \/>\r\n<meta property=\"og:url\" content=\"https:\/\/suresms.com\/pt\/caracteristicas\/politica-de-privacidade\/\" \/>\r\n<meta property=\"article:publisher\" content=\"https:\/\/www.facebook.com\/p\/SureSMS-100044607956149\/\" \/>\r\n<meta property=\"article:modified_time\" content=\"2025-03-24T14:57:40+00:00\" \/>\r\n<meta name=\"twitter:card\" content=\"summary_large_image\" \/>\r\n<meta name=\"twitter:label1\" content=\"Tempo estimado de leitura\" \/>\n\t<meta name=\"twitter:data1\" content=\"3 minutos\" \/>\r\n<script type=\"application\/ld+json\" class=\"yoast-schema-graph\">{\"@context\":\"https:\\\/\\\/schema.org\",\"@graph\":[{\"@type\":\"WebPage\",\"@id\":\"https:\\\/\\\/suresms.com\\\/dk\\\/politikker\\\/persondata-politik\\\/\",\"url\":\"https:\\\/\\\/suresms.com\\\/dk\\\/politikker\\\/persondata-politik\\\/\",\"name\":\"Persondata politik -\",\"isPartOf\":{\"@id\":\"https:\\\/\\\/suresms.com\\\/en\\\/#website\"},\"datePublished\":\"2017-12-22T13:17:39+00:00\",\"dateModified\":\"2025-03-24T14:57:40+00:00\",\"breadcrumb\":{\"@id\":\"https:\\\/\\\/suresms.com\\\/dk\\\/politikker\\\/persondata-politik\\\/#breadcrumb\"},\"inLanguage\":\"pt-PT\",\"potentialAction\":[{\"@type\":\"ReadAction\",\"target\":[\"https:\\\/\\\/suresms.com\\\/dk\\\/politikker\\\/persondata-politik\\\/\"]}]},{\"@type\":\"BreadcrumbList\",\"@id\":\"https:\\\/\\\/suresms.com\\\/dk\\\/politikker\\\/persondata-politik\\\/#breadcrumb\",\"itemListElement\":[{\"@type\":\"ListItem\",\"position\":1,\"name\":\"Home\",\"item\":\"https:\\\/\\\/suresms.com\\\/dk\\\/\"},{\"@type\":\"ListItem\",\"position\":2,\"name\":\"Politikker\",\"item\":\"https:\\\/\\\/suresms.com\\\/politikker\\\/\"},{\"@type\":\"ListItem\",\"position\":3,\"name\":\"Persondata politik\"}]},{\"@type\":\"WebSite\",\"@id\":\"https:\\\/\\\/suresms.com\\\/en\\\/#website\",\"url\":\"https:\\\/\\\/suresms.com\\\/en\\\/\",\"name\":\"SureSMS\",\"description\":\"Professionel SMS Gateway\",\"publisher\":{\"@id\":\"https:\\\/\\\/suresms.com\\\/en\\\/#organization\"},\"potentialAction\":[{\"@type\":\"SearchAction\",\"target\":{\"@type\":\"EntryPoint\",\"urlTemplate\":\"https:\\\/\\\/suresms.com\\\/en\\\/?s={search_term_string}\"},\"query-input\":{\"@type\":\"PropertyValueSpecification\",\"valueRequired\":true,\"valueName\":\"search_term_string\"}}],\"inLanguage\":\"pt-PT\"},{\"@type\":\"Organization\",\"@id\":\"https:\\\/\\\/suresms.com\\\/en\\\/#organization\",\"name\":\"SureSMS\",\"url\":\"https:\\\/\\\/suresms.com\\\/en\\\/\",\"logo\":{\"@type\":\"ImageObject\",\"inLanguage\":\"pt-PT\",\"@id\":\"https:\\\/\\\/suresms.com\\\/en\\\/#\\\/schema\\\/logo\\\/image\\\/\",\"url\":\"https:\\\/\\\/suresms.com\\\/wp-content\\\/uploads\\\/2024\\\/11\\\/suresms-300x65-1.png\",\"contentUrl\":\"https:\\\/\\\/suresms.com\\\/wp-content\\\/uploads\\\/2024\\\/11\\\/suresms-300x65-1.png\",\"width\":300,\"height\":65,\"caption\":\"SureSMS\"},\"image\":{\"@id\":\"https:\\\/\\\/suresms.com\\\/en\\\/#\\\/schema\\\/logo\\\/image\\\/\"},\"sameAs\":[\"https:\\\/\\\/www.facebook.com\\\/p\\\/SureSMS-100044607956149\\\/\"]}]}<\/script>\r\n<!-- \/ Yoast SEO Premium plugin. -->","yoast_head_json":{"title":"Pol\u00edtica de dados pessoais","robots":{"index":"index","follow":"follow","max-snippet":"max-snippet:-1","max-image-preview":"max-image-preview:large","max-video-preview":"max-video-preview:-1"},"canonical":"https:\/\/suresms.com\/pt\/caracteristicas\/politica-de-privacidade\/","og_locale":"pt_PT","og_type":"article","og_title":"Persondata politik","og_description":"SureSMS er et dansk registreret selskab med CVR nummer 33263104. Selskabet er registreret p\u00e5 adressen Industriholmen 82, 2650 Hvidovre, Danmark. Den f\u00f8lgende persondatapolitik beskytter dine personlige data i overensstemmelse med Persondataloven og EU persondata forordning. Denne fortrolighedspolitik forklarer m\u00e5den, hvorp\u00e5 vi indsamler og bruger dine personlige data, og hvilke foranstaltninger vi tager, for at sikre ... Ler mais","og_url":"https:\/\/suresms.com\/pt\/caracteristicas\/politica-de-privacidade\/","article_publisher":"https:\/\/www.facebook.com\/p\/SureSMS-100044607956149\/","article_modified_time":"2025-03-24T14:57:40+00:00","twitter_card":"summary_large_image","twitter_misc":{"Tempo estimado de leitura":"3 minutos"},"schema":{"@context":"https:\/\/schema.org","@graph":[{"@type":"WebPage","@id":"https:\/\/suresms.com\/dk\/politikker\/persondata-politik\/","url":"https:\/\/suresms.com\/dk\/politikker\/persondata-politik\/","name":"Pol\u00edtica de dados pessoais","isPartOf":{"@id":"https:\/\/suresms.com\/en\/#website"},"datePublished":"2017-12-22T13:17:39+00:00","dateModified":"2025-03-24T14:57:40+00:00","breadcrumb":{"@id":"https:\/\/suresms.com\/dk\/politikker\/persondata-politik\/#breadcrumb"},"inLanguage":"pt-PT","potentialAction":[{"@type":"ReadAction","target":["https:\/\/suresms.com\/dk\/politikker\/persondata-politik\/"]}]},{"@type":"BreadcrumbList","@id":"https:\/\/suresms.com\/dk\/politikker\/persondata-politik\/#breadcrumb","itemListElement":[{"@type":"ListItem","position":1,"name":"Home","item":"https:\/\/suresms.com\/dk\/"},{"@type":"ListItem","position":2,"name":"Politikker","item":"https:\/\/suresms.com\/politikker\/"},{"@type":"ListItem","position":3,"name":"Persondata politik"}]},{"@type":"WebSite","@id":"https:\/\/suresms.com\/en\/#website","url":"https:\/\/suresms.com\/en\/","name":"SureSMS","description":"Gateway SMS profissional","publisher":{"@id":"https:\/\/suresms.com\/en\/#organization"},"potentialAction":[{"@type":"SearchAction","target":{"@type":"EntryPoint","urlTemplate":"https:\/\/suresms.com\/en\/?s={search_term_string}"},"query-input":{"@type":"PropertyValueSpecification","valueRequired":true,"valueName":"search_term_string"}}],"inLanguage":"pt-PT"},{"@type":"Organization","@id":"https:\/\/suresms.com\/en\/#organization","name":"SureSMS","url":"https:\/\/suresms.com\/en\/","logo":{"@type":"ImageObject","inLanguage":"pt-PT","@id":"https:\/\/suresms.com\/en\/#\/schema\/logo\/image\/","url":"https:\/\/suresms.com\/wp-content\/uploads\/2024\/11\/suresms-300x65-1.png","contentUrl":"https:\/\/suresms.com\/wp-content\/uploads\/2024\/11\/suresms-300x65-1.png","width":300,"height":65,"caption":"SureSMS"},"image":{"@id":"https:\/\/suresms.com\/en\/#\/schema\/logo\/image\/"},"sameAs":["https:\/\/www.facebook.com\/p\/SureSMS-100044607956149\/"]}]}},"_links":{"self":[{"href":"https:\/\/suresms.com\/pt\/wp-json\/wp\/v2\/pages\/5320","targetHints":{"allow":["GET"]}}],"collection":[{"href":"https:\/\/suresms.com\/pt\/wp-json\/wp\/v2\/pages"}],"about":[{"href":"https:\/\/suresms.com\/pt\/wp-json\/wp\/v2\/types\/page"}],"author":[{"embeddable":true,"href":"https:\/\/suresms.com\/pt\/wp-json\/wp\/v2\/users\/1"}],"replies":[{"embeddable":true,"href":"https:\/\/suresms.com\/pt\/wp-json\/wp\/v2\/comments?post=5320"}],"version-history":[{"count":5,"href":"https:\/\/suresms.com\/pt\/wp-json\/wp\/v2\/pages\/5320\/revisions"}],"predecessor-version":[{"id":22984,"href":"https:\/\/suresms.com\/pt\/wp-json\/wp\/v2\/pages\/5320\/revisions\/22984"}],"up":[{"embeddable":true,"href":"https:\/\/suresms.com\/pt\/wp-json\/wp\/v2\/pages\/19124"}],"wp:attachment":[{"href":"https:\/\/suresms.com\/pt\/wp-json\/wp\/v2\/media?parent=5320"}],"wp:term":[{"taxonomy":"category","embeddable":true,"href":"https:\/\/suresms.com\/pt\/wp-json\/wp\/v2\/categories?post=5320"},{"taxonomy":"post_tag","embeddable":true,"href":"https:\/\/suresms.com\/pt\/wp-json\/wp\/v2\/tags?post=5320"}],"curies":[{"name":"wp","href":"https:\/\/api.w.org\/{rel}","templated":true}]}}