{"id":5221,"date":"2017-11-22T09:11:25","date_gmt":"2017-11-22T07:11:25","guid":{"rendered":"https:\/\/www.suresms.com\/dk\/?page_id=5221"},"modified":"2026-04-27T08:34:22","modified_gmt":"2026-04-27T08:34:22","slug":"gdpr","status":"publish","type":"page","link":"https:\/\/suresms.com\/pt\/ressourcer\/gdpr\/","title":{"rendered":"RGPD"},"content":{"rendered":"<!-- Flexy Breadcrumb -->\r\n\t\t\t<div class=\"fbc fbc-page\">\r\n\r\n\t\t\t\t<!-- Breadcrumb wrapper -->\r\n\t\t\t\t<div class=\"fbc-wrap\">\r\n\r\n\t\t\t\t\t<!-- Ordered list-->\r\n\t\t\t\t\t<ol class=\"fbc-items\" itemscope itemtype=\"https:\/\/schema.org\/BreadcrumbList\">\r\n\t\t\t\t\t\t            <li itemprop=\"itemListElement\" itemscope itemtype=\"https:\/\/schema.org\/ListItem\">\r\n                <span itemprop=\"name\">\r\n                    <!-- Home Link -->\r\n                    <a itemprop=\"item\" href=\"https:\/\/suresms.com\/pt\/\">\r\n                    \r\n                                                    <i class=\"fa fa-home\" aria-hidden=\"true\"><\/i>In\u00edcio                    <\/a>\r\n                <\/span>\r\n                <meta itemprop=\"position\" content=\"1\" \/><!-- Meta Position-->\r\n             <\/li><li><span class=\"fbc-separator\">\/<\/span><\/li><li class=\"active\" itemprop=\"itemListElement\" itemscope itemtype=\"https:\/\/schema.org\/ListItem\"><span itemprop=\"name\" title=\"RGPD\">RGPD<\/span><meta itemprop=\"position\" content=\"2\" \/><\/li>\t\t\t\t\t<\/ol>\r\n\t\t\t\t\t<div class=\"clearfix\"><\/div>\r\n\t\t\t\t<\/div>\r\n\t\t\t<\/div>\r\n\t\t\t\n\t<h1>SureSMS e GDPR<\/h1>\n<p>O RGPD (Regulamento Geral sobre a Prote\u00e7\u00e3o de Dados) \u00e9 um importante ato legislativo que visa refor\u00e7ar e unificar as leis de prote\u00e7\u00e3o de dados para todos os indiv\u00edduos na UE. O regulamento entrou em vigor em 25 de maio de 2018.<\/p>\n<p>O nosso compromisso: A SureSMS est\u00e1 totalmente empenhada em cumprir todos os elementos do RGPD antes da entrada em vigor do regulamento.<\/p>\n\t\t\t\t\t\t\t\t<a href=\"https:\/\/suresms.com\/pt\/sobre-o-suresms\/subcontratantes\/\" target=\"_self\">\n\t\t\t\t\t\t<\/a>\n\t<h2><a href=\"https:\/\/suresms.com\/pt\/sobre-o-suresms\/subcontratantes\/\"  target=\"_self\">Subprocessadores<\/a><\/h2><p>Veja a lista completa de sub-processadores que utilizamos no SureSMS:<\/p>\n\t\t\t\t\t\t\t\t<a href=\"https:\/\/suresms.com\/pt\/recursos\/gdpr\/subcontratantes-2\/\" target=\"_self\">\n\t\t\t\t\t\t<\/a>\n\t<h2><a href=\"https:\/\/suresms.com\/pt\/recursos\/gdpr\/subcontratantes-2\/\"  target=\"_self\">Acordo de tratamento de dados<\/a><\/h2><p>Aqui pode ler sobre o nosso acordo padr\u00e3o de processamento de dados.<\/p>\n\t\t\t\t\t\t\t\t<a href=\"https:\/\/suresms.com\/pt\/recursos\/gdpr\/isae-3000\/\" target=\"_self\">\n\t\t\t\t\t\t<\/a>\n\t<h2><a href=\"https:\/\/suresms.com\/pt\/recursos\/gdpr\/isae-3000\/\"  target=\"_self\">Declara\u00e7\u00e3o ISAE 3000<\/a><\/h2><p>Encomendar a declara\u00e7\u00e3o ISAE 3000 que recebemos todos os anos e que comprova a nossa conformidade com o Regulamento Geral sobre a Prote\u00e7\u00e3o de Dados.<\/p>","protected":false},"excerpt":{"rendered":"<p>SureSMS e GDPR O GDPR (Regulamento Geral de Prote\u00e7\u00e3o de Dados) \u00e9 uma importante pe\u00e7a de legisla\u00e7\u00e3o que visa fortalecer e unificar as leis de prote\u00e7\u00e3o de dados para todos os indiv\u00edduos na UE. O regulamento entrou em vigor a 25 de maio de 2018. O nosso compromisso: A SureSMS est\u00e1 totalmente empenhada em cumprir todos os elementos do RGPD antes da sua entrada em vigor. Subprocessadores Veja a lista completa... <a title=\"RGPD\" class=\"read-more\" href=\"https:\/\/suresms.com\/pt\/ressourcer\/gdpr\/\" aria-label=\"Saiba mais sobre o RGPD\">Rir mas<\/a><\/p>","protected":false},"author":1,"featured_media":0,"parent":19240,"menu_order":0,"comment_status":"closed","ping_status":"closed","template":"","meta":{"_fl_builder_enabled":"1","_fl_builder_data":null,"_fl_builder_draft":null,"_fl_builder_data_settings":null,"_fl_builder_css":"","_fl_builder_css_version":"","_fl_builder_js":"","footnotes":""},"categories":[],"tags":[],"class_list":["post-5221","page","type-page","status-publish"],"yoast_head":"<!-- This site is optimized with the Yoast SEO Premium plugin v27.3 (Yoast SEO v27.3) - https:\/\/yoast.com\/product\/yoast-seo-premium-wordpress\/ -->\r\n<title>GDPR -<\/title>\r\n<meta name=\"robots\" content=\"index, follow, max-snippet:-1, max-image-preview:large, max-video-preview:-1\" \/>\r\n<link rel=\"canonical\" href=\"https:\/\/suresms.com\/pt\/recursos\/gdpr\/\" \/>\r\n<meta property=\"og:locale\" content=\"pt_PT\" \/>\r\n<meta property=\"og:type\" content=\"article\" \/>\r\n<meta property=\"og:title\" content=\"GDPR\" \/>\r\n<meta property=\"og:description\" content=\"SureSMS og GDPR GDPR (Generelle Databeskyttelsesforordning) er et vigtigt stykke lovgivning, der har til form\u00e5l at styrke og forene databeskyttelseslovgivningen for alle enkeltpersoner i EU. Forordningen tr\u00e5dte i kraft den 25. maj 2018. Vores engagement: SureSMS er fuldt forpligtet til at overholde alle elementer af GDPR forud for forordningens ikrafttr\u00e6delse. Underdatabehandlere Se den komplette liste ... Ler mais\" \/>\r\n<meta property=\"og:url\" content=\"https:\/\/suresms.com\/pt\/recursos\/gdpr\/\" \/>\r\n<meta property=\"article:publisher\" content=\"https:\/\/www.facebook.com\/p\/SureSMS-100044607956149\/\" \/>\r\n<meta property=\"article:modified_time\" content=\"2026-04-27T08:34:22+00:00\" \/>\r\n<meta name=\"twitter:card\" content=\"summary_large_image\" \/>\r\n<meta name=\"twitter:label1\" content=\"Tempo estimado de leitura\" \/>\n\t<meta name=\"twitter:data1\" content=\"6 minutos\" \/>\r\n<script type=\"application\/ld+json\" class=\"yoast-schema-graph\">{\"@context\":\"https:\\\/\\\/schema.org\",\"@graph\":[{\"@type\":\"WebPage\",\"@id\":\"https:\\\/\\\/suresms.com\\\/dk\\\/ressourcer\\\/gdpr\\\/\",\"url\":\"https:\\\/\\\/suresms.com\\\/dk\\\/ressourcer\\\/gdpr\\\/\",\"name\":\"GDPR -\",\"isPartOf\":{\"@id\":\"https:\\\/\\\/suresms.com\\\/en\\\/#website\"},\"datePublished\":\"2017-11-22T07:11:25+00:00\",\"dateModified\":\"2026-04-27T08:34:22+00:00\",\"breadcrumb\":{\"@id\":\"https:\\\/\\\/suresms.com\\\/dk\\\/ressourcer\\\/gdpr\\\/#breadcrumb\"},\"inLanguage\":\"pt-PT\",\"potentialAction\":[{\"@type\":\"ReadAction\",\"target\":[\"https:\\\/\\\/suresms.com\\\/dk\\\/ressourcer\\\/gdpr\\\/\"]}]},{\"@type\":\"BreadcrumbList\",\"@id\":\"https:\\\/\\\/suresms.com\\\/dk\\\/ressourcer\\\/gdpr\\\/#breadcrumb\",\"itemListElement\":[{\"@type\":\"ListItem\",\"position\":1,\"name\":\"Home\",\"item\":\"https:\\\/\\\/suresms.com\\\/dk\\\/\"},{\"@type\":\"ListItem\",\"position\":2,\"name\":\"Ressourcer\",\"item\":\"https:\\\/\\\/suresms.com\\\/ressourcer\\\/\"},{\"@type\":\"ListItem\",\"position\":3,\"name\":\"GDPR\"}]},{\"@type\":\"WebSite\",\"@id\":\"https:\\\/\\\/suresms.com\\\/en\\\/#website\",\"url\":\"https:\\\/\\\/suresms.com\\\/en\\\/\",\"name\":\"SureSMS\",\"description\":\"Professionel SMS Gateway\",\"publisher\":{\"@id\":\"https:\\\/\\\/suresms.com\\\/en\\\/#organization\"},\"potentialAction\":[{\"@type\":\"SearchAction\",\"target\":{\"@type\":\"EntryPoint\",\"urlTemplate\":\"https:\\\/\\\/suresms.com\\\/en\\\/?s={search_term_string}\"},\"query-input\":{\"@type\":\"PropertyValueSpecification\",\"valueRequired\":true,\"valueName\":\"search_term_string\"}}],\"inLanguage\":\"pt-PT\"},{\"@type\":\"Organization\",\"@id\":\"https:\\\/\\\/suresms.com\\\/en\\\/#organization\",\"name\":\"SureSMS\",\"url\":\"https:\\\/\\\/suresms.com\\\/en\\\/\",\"logo\":{\"@type\":\"ImageObject\",\"inLanguage\":\"pt-PT\",\"@id\":\"https:\\\/\\\/suresms.com\\\/en\\\/#\\\/schema\\\/logo\\\/image\\\/\",\"url\":\"https:\\\/\\\/suresms.com\\\/wp-content\\\/uploads\\\/2024\\\/11\\\/suresms-300x65-1.png\",\"contentUrl\":\"https:\\\/\\\/suresms.com\\\/wp-content\\\/uploads\\\/2024\\\/11\\\/suresms-300x65-1.png\",\"width\":300,\"height\":65,\"caption\":\"SureSMS\"},\"image\":{\"@id\":\"https:\\\/\\\/suresms.com\\\/en\\\/#\\\/schema\\\/logo\\\/image\\\/\"},\"sameAs\":[\"https:\\\/\\\/www.facebook.com\\\/p\\\/SureSMS-100044607956149\\\/\"]}]}<\/script>\r\n<!-- \/ Yoast SEO Premium plugin. -->","yoast_head_json":{"title":"RGPD -","robots":{"index":"index","follow":"follow","max-snippet":"max-snippet:-1","max-image-preview":"max-image-preview:large","max-video-preview":"max-video-preview:-1"},"canonical":"https:\/\/suresms.com\/pt\/recursos\/gdpr\/","og_locale":"pt_PT","og_type":"article","og_title":"GDPR","og_description":"SureSMS og GDPR GDPR (Generelle Databeskyttelsesforordning) er et vigtigt stykke lovgivning, der har til form\u00e5l at styrke og forene databeskyttelseslovgivningen for alle enkeltpersoner i EU. Forordningen tr\u00e5dte i kraft den 25. maj 2018. Vores engagement: SureSMS er fuldt forpligtet til at overholde alle elementer af GDPR forud for forordningens ikrafttr\u00e6delse. Underdatabehandlere Se den komplette liste ... Ler mais","og_url":"https:\/\/suresms.com\/pt\/recursos\/gdpr\/","article_publisher":"https:\/\/www.facebook.com\/p\/SureSMS-100044607956149\/","article_modified_time":"2026-04-27T08:34:22+00:00","twitter_card":"summary_large_image","twitter_misc":{"Tempo estimado de leitura":"6 minutos"},"schema":{"@context":"https:\/\/schema.org","@graph":[{"@type":"WebPage","@id":"https:\/\/suresms.com\/dk\/ressourcer\/gdpr\/","url":"https:\/\/suresms.com\/dk\/ressourcer\/gdpr\/","name":"RGPD -","isPartOf":{"@id":"https:\/\/suresms.com\/en\/#website"},"datePublished":"2017-11-22T07:11:25+00:00","dateModified":"2026-04-27T08:34:22+00:00","breadcrumb":{"@id":"https:\/\/suresms.com\/dk\/ressourcer\/gdpr\/#breadcrumb"},"inLanguage":"pt-PT","potentialAction":[{"@type":"ReadAction","target":["https:\/\/suresms.com\/dk\/ressourcer\/gdpr\/"]}]},{"@type":"BreadcrumbList","@id":"https:\/\/suresms.com\/dk\/ressourcer\/gdpr\/#breadcrumb","itemListElement":[{"@type":"ListItem","position":1,"name":"Home","item":"https:\/\/suresms.com\/dk\/"},{"@type":"ListItem","position":2,"name":"Ressourcer","item":"https:\/\/suresms.com\/ressourcer\/"},{"@type":"ListItem","position":3,"name":"GDPR"}]},{"@type":"WebSite","@id":"https:\/\/suresms.com\/en\/#website","url":"https:\/\/suresms.com\/en\/","name":"SureSMS","description":"Gateway SMS profissional","publisher":{"@id":"https:\/\/suresms.com\/en\/#organization"},"potentialAction":[{"@type":"SearchAction","target":{"@type":"EntryPoint","urlTemplate":"https:\/\/suresms.com\/en\/?s={search_term_string}"},"query-input":{"@type":"PropertyValueSpecification","valueRequired":true,"valueName":"search_term_string"}}],"inLanguage":"pt-PT"},{"@type":"Organization","@id":"https:\/\/suresms.com\/en\/#organization","name":"SureSMS","url":"https:\/\/suresms.com\/en\/","logo":{"@type":"ImageObject","inLanguage":"pt-PT","@id":"https:\/\/suresms.com\/en\/#\/schema\/logo\/image\/","url":"https:\/\/suresms.com\/wp-content\/uploads\/2024\/11\/suresms-300x65-1.png","contentUrl":"https:\/\/suresms.com\/wp-content\/uploads\/2024\/11\/suresms-300x65-1.png","width":300,"height":65,"caption":"SureSMS"},"image":{"@id":"https:\/\/suresms.com\/en\/#\/schema\/logo\/image\/"},"sameAs":["https:\/\/www.facebook.com\/p\/SureSMS-100044607956149\/"]}]}},"_links":{"self":[{"href":"https:\/\/suresms.com\/pt\/wp-json\/wp\/v2\/pages\/5221","targetHints":{"allow":["GET"]}}],"collection":[{"href":"https:\/\/suresms.com\/pt\/wp-json\/wp\/v2\/pages"}],"about":[{"href":"https:\/\/suresms.com\/pt\/wp-json\/wp\/v2\/types\/page"}],"author":[{"embeddable":true,"href":"https:\/\/suresms.com\/pt\/wp-json\/wp\/v2\/users\/1"}],"replies":[{"embeddable":true,"href":"https:\/\/suresms.com\/pt\/wp-json\/wp\/v2\/comments?post=5221"}],"version-history":[{"count":8,"href":"https:\/\/suresms.com\/pt\/wp-json\/wp\/v2\/pages\/5221\/revisions"}],"predecessor-version":[{"id":23941,"href":"https:\/\/suresms.com\/pt\/wp-json\/wp\/v2\/pages\/5221\/revisions\/23941"}],"up":[{"embeddable":true,"href":"https:\/\/suresms.com\/pt\/wp-json\/wp\/v2\/pages\/19240"}],"wp:attachment":[{"href":"https:\/\/suresms.com\/pt\/wp-json\/wp\/v2\/media?parent=5221"}],"wp:term":[{"taxonomy":"category","embeddable":true,"href":"https:\/\/suresms.com\/pt\/wp-json\/wp\/v2\/categories?post=5221"},{"taxonomy":"post_tag","embeddable":true,"href":"https:\/\/suresms.com\/pt\/wp-json\/wp\/v2\/tags?post=5221"}],"curies":[{"name":"wp","href":"https:\/\/api.w.org\/{rel}","templated":true}]}}