{"id":511,"date":"2014-10-29T11:25:11","date_gmt":"2014-10-29T09:25:11","guid":{"rendered":"https:\/\/www.suresms.com\/dk\/?page_id=511"},"modified":"2025-01-21T10:14:51","modified_gmt":"2025-01-21T10:14:51","slug":"descarregamento-de-sms-bidirecional-com-sim-alojado","status":"publish","type":"page","link":"https:\/\/suresms.com\/pt\/funktioner\/2-vejs-sms-losning-med-hosted-sim\/","title":{"rendered":"SMS bidirecional com SIM alojado"},"content":{"rendered":"<!-- Flexy Breadcrumb -->\r\n\t\t\t<div class=\"fbc fbc-page\">\r\n\r\n\t\t\t\t<!-- Breadcrumb wrapper -->\r\n\t\t\t\t<div class=\"fbc-wrap\">\r\n\r\n\t\t\t\t\t<!-- Ordered list-->\r\n\t\t\t\t\t<ol class=\"fbc-items\" itemscope itemtype=\"https:\/\/schema.org\/BreadcrumbList\">\r\n\t\t\t\t\t\t            <li itemprop=\"itemListElement\" itemscope itemtype=\"https:\/\/schema.org\/ListItem\">\r\n                <span itemprop=\"name\">\r\n                    <!-- Home Link -->\r\n                    <a itemprop=\"item\" href=\"https:\/\/suresms.com\/pt\/\">\r\n                    \r\n                                                    <i class=\"fa fa-home\" aria-hidden=\"true\"><\/i>In\u00edcio                    <\/a>\r\n                <\/span>\r\n                <meta itemprop=\"position\" content=\"1\" \/><!-- Meta Position-->\r\n             <\/li><li><span class=\"fbc-separator\">\/<\/span><\/li><li class=\"active\" itemprop=\"itemListElement\" itemscope itemtype=\"https:\/\/schema.org\/ListItem\"><span itemprop=\"name\" title=\"SMS bidirecional com SIM alojado\">SMS bidirecional com...<\/span><meta itemprop=\"position\" content=\"2\" \/><\/li>\t\t\t\t\t<\/ol>\r\n\t\t\t\t\t<div class=\"clearfix\"><\/div>\r\n\t\t\t\t<\/div>\r\n\t\t\t<\/div>\r\n\t\t\t\n\t<h1>Solu\u00e7\u00e3o SIM alojada<\/h1>\n<p><strong>Se pretender utilizar o seu pr\u00f3prio cart\u00e3o SIM para a sua solu\u00e7\u00e3o bidirecional, oferecemos uma solu\u00e7\u00e3o SIM hospedada est\u00e1vel e segura. Vantagens: O n\u00famero \u00e9 seu e pode reencaminhar as chamadas do n\u00famero para o seu telefone, para que os seus clientes possam ligar-lhe.<\/strong><\/p>\n<h4><strong>Sobre o SIM Alojado<\/strong><br \/>\nEm suma, instalamos o seu cart\u00e3o SIM num hardware nas nossas instala\u00e7\u00f5es. Quando algu\u00e9m envia uma mensagem para o cart\u00e3o SIM, a mensagem SMS \u00e9 lida por um software, ap\u00f3s o que a mensagem \u00e9 adicionada \u00e0 sua conta na nossa interface WEB.  Aqui pode iniciar sess\u00e3o e ver todas as informa\u00e7\u00f5es sobre as suas mensagens.<\/h4>\n<p>&nbsp;<\/p>\n<h4><strong>O n\u00famero pode ser escolhido pelo pr\u00f3prio utilizador<\/strong><\/h4>\n<p>Uma das vantagens do SIM alojado \u00e9 que pode controlar o n\u00famero que obt\u00e9m. Desta forma, pode fazer com que o n\u00famero se enquadre numa s\u00e9rie de n\u00fameros com os outros n\u00fameros da sua empresa.<\/p>\n<p>Com o SIM alojado, existe tamb\u00e9m a op\u00e7\u00e3o de reencaminhamento de chamadas. Se um cliente tentar ligar-lhe, a chamada pode ser reencaminhada para o seu telefone de servi\u00e7o normal. O facto de os seus clientes poderem ligar-lhe pode acrescentar grande valor \u00e0s campanhas e servi\u00e7os.<\/p>\n<p>A nossa solu\u00e7\u00e3o bidirecional suporta a rece\u00e7\u00e3o de mensagens Flash.<\/p>\n<h4><strong>Op\u00e7\u00e3o para n\u00fameros estrangeiros<\/strong><\/h4>\n<p>Com o hosted SIM, pode optar por colocar um cart\u00e3o SIM estrangeiro no nosso hardware. Se nos enviar o cart\u00e3o SIM, configuraremos rapidamente a solu\u00e7\u00e3o para si.<\/p>\n<p><strong>Se pretender uma solu\u00e7\u00e3o SIM alojada, ter\u00e1 de obter um cart\u00e3o SIM e envi\u00e1-lo para n\u00f3s. Em alternativa, teremos todo o gosto em criar um <a href=\"https:\/\/suresms.com\/pt\/carateristicas\/receber-mensagens-de-texto-no-seu-computador\/\">N\u00famero VLN.<\/a><\/strong><\/p>\n<h4><strong>SMS de sa\u00edda a partir de um SIM alojado<\/strong><\/h4>\n<p>Com o SIM alojado, N\u00c3O paga as mensagens de texto enviadas ao seu operador, mesmo que tenhamos o seu cart\u00e3o SIM no seu telem\u00f3vel. Apenas tem de pagar ao seu SMS Gateway, no nosso caso \u00e0 SureSMS. As quatro empresas de telecomunica\u00e7\u00f5es dinamarquesas declaram nos seus termos e condi\u00e7\u00f5es que N\u00c3O \u00e9 permitido criar as chamadas mensagens SMS \"geradas por m\u00e1quinas\" com o seu cart\u00e3o SIM. Por conseguinte, seria uma viola\u00e7\u00e3o dos termos e condi\u00e7\u00f5es das empresas de telecomunica\u00e7\u00f5es se as SMS Gateways enviassem mensagens SMS atrav\u00e9s do cart\u00e3o SIM. Por conseguinte, entregamos a mensagem SMS atrav\u00e9s da nossa liga\u00e7\u00e3o direta \u00e0 empresa de telecomunica\u00e7\u00f5es, mas recebemos a resposta no cart\u00e3o SIM. Veja o pre\u00e7o atual dos SMS de sa\u00edda nos nossos pre\u00e7os de SMS Gateway. Na Dinamarca, nunca se paga por SMS de entrada.<\/p>\n<h4><strong>Reencaminhar mensagens para o correio eletr\u00f3nico<\/strong><\/h4>\n<p>A partir daqui, temos duas op\u00e7\u00f5es para reencaminhar a mensagem para si e para o seu sistema. Uma op\u00e7\u00e3o \u00e9 enviar um e-mail para um endere\u00e7o de e-mail pr\u00e9-determinado. Escolhemos automaticamente o e-mail que utilizou quando criou a sua conta em SureSMS.com. A mensagem \u00e9 enviada assim que a recebermos e, dependendo do seu sistema de correio eletr\u00f3nico, receber\u00e1 a mensagem quase simultaneamente na sua caixa de entrada.<\/p>\n<h4>\u00a0<strong>Reencaminhamento de mensagens via http(S)<\/strong><\/h4>\n<p>A segunda op\u00e7\u00e3o, um pouco mais t\u00e9cnica, consiste em fazer uma chamada HTTP para um s\u00edtio Web criado por si. Configuramos o nosso sistema para conhecer o seu endere\u00e7o (end-point). Quando recebemos uma mensagem SMS no seu n\u00famero alojado, colocamo-la na sua caixa de entrada e fazemos uma chamada HTTP para o seu s\u00edtio Web.<\/p>\n<p><a href=\"http:\/\/manual.suresms.com\/avanceret-opsaetning-af-2-vejs-sms\/\">Ver detalhes sobre como configurar uma p\u00e1gina http aqui\u00a0<\/a><\/p>\n<p><strong>Pode demorar at\u00e9 24 horas a partir do momento em que recebemos o seu cart\u00e3o SIM na nossa morada at\u00e9 receber o seu nome de utilizador e c\u00f3digo!<\/strong><\/p>\n\t\t<h3><a href=\"https:\/\/suresms.com\/pt\/suporte-suresms\/\" target=\"_self\">Quando se cria uma solu\u00e7\u00e3o bidirecional<\/a><\/h3><h4>Se pretender encomendar uma solu\u00e7\u00e3o bidirecional, proceda da seguinte forma:<\/h4>\n<p>1. Crie uma conta preenchendo o formul\u00e1rio nesta p\u00e1gina.<\/p>\n<p>2. Decida se pretende um SIM alojado ou uma solu\u00e7\u00e3o VLN. Verifique os\u00a0<a title=\"Pre\u00e7os de gateway SMS, sem configura\u00e7\u00e3o, sem subscri\u00e7\u00e3o\" href=\"https:\/\/suresms.com\/pt\/precos-de-gateway-sms\/\">O pre\u00e7o aqui<\/a>.<\/p>\n<p>3. Decida se pretende receber mensagens por correio eletr\u00f3nico ou http.<\/p>\n<p>4. Se escolher HTTP, tem de criar uma p\u00e1gina que possa receber os par\u00e2metros acima referidos.<\/p>\n<p>Deseja mais informa\u00e7\u00f5es sobre as nossas solu\u00e7\u00f5es bidireccionais? Estamos prontos e \u00e0 espera de falar consigo!<\/p>\n\t\t\t<a href=\"https:\/\/suresms.com\/pt\/suporte-suresms\/\" target=\"_self\">\n\t\t\t\t\t\t\tContacte-nos aqui\n\t\t\t\t\t<\/a>\n\t\t\t\t<a href=\"https:\/\/suresms.com\/pt\/suporte-suresms\/\" target=\"_self\" itemprop=\"url\">\n\t\t\t\t<img loading=\"lazy\" decoding=\"async\" src=\"https:\/\/suresms.com\/wp-content\/uploads\/2014\/10\/kommunikation-500x380-px.jpg\" alt=\"Solu\u00e7\u00e3o 2 way sms hosted sim\" itemprop=\"image\" height=\"380\" width=\"500\" title=\"Solu\u00e7\u00e3o de comunica\u00e7\u00e3o bidirecional\" onerror=\"this.style.display='none'\"  \/>\n\t\t\t\t<\/a>\n\t\t<h4>Pretende criar uma conta imediatamente? <\/h4>\n\t\t<p>Estamos prontos e \u00e0 espera de o receber como cliente SureSMS!<\/p>\n\t\t\t<a href=\"https:\/\/suresms.com\/pt\/criar-conta-sms-gateway\/\" target=\"_self\">\n\t\t\t\t\t\t\tCriar uma conta SureSMS!\n\t\t\t\t\t<\/a>\n\t\t<h4>Encomende uma solu\u00e7\u00e3o de 2 vias!<\/h4>\n\t\t<p>J\u00e1 tem uma conta? Encomende uma solu\u00e7\u00e3o bidirecional e obtenha as op\u00e7\u00f5es adicionais que a sua pr\u00f3pria solu\u00e7\u00e3o oferece.\u00a0<\/p>\n\t\t\t<a href=\"https:\/\/suresms.com\/pt\/encomendar-descarga-de-2-vias\/\" target=\"_self\">\n\t\t\t\t\t\t\tEncomendar solu\u00e7\u00e3o de 2 vias\n\t\t\t\t\t<\/a>\n\t<h4><strong>Aqui pode ler alguns exemplos de como os nossos clientes est\u00e3o atualmente a utilizar a nossa solu\u00e7\u00e3o SIM alojada:<\/strong><\/h4>\n<ul>\n<li><strong>Uma empresa dinamarquesa de fornecimento de calor<\/strong> utilizar a nossa solu\u00e7\u00e3o SIM alojada para <strong>as suas actividades na Noruega e na Su\u00e9cia<\/strong>. Tal como na Dinamarca, o seu pessoal precisa de enviar lembretes de marca\u00e7\u00e3o de consultas aos residentes, mas como se trata de n\u00fameros noruegueses e suecos, a solu\u00e7\u00e3o bidirecional deve, obviamente, ser a mesma.<\/li>\n<li><strong>Uma ag\u00eancia de publicidade dinamarquesa<\/strong> envia cartas f\u00edsicas aos clientes com ofertas. Estas cartas incluem um n\u00famero de telefone onde os clientes podem inscrever-se para receber as ofertas com uma PALAVRA-CHAVE. O n\u00famero \u00e9 reencaminhado para o telefone de cliente da ag\u00eancia de publicidade para que os futuros clientes possam tamb\u00e9m telefonar.<\/li>\n<li><strong>Um hotel perto da fronteira entre a Dinamarca e a Alemanha<\/strong> utiliza a nossa solu\u00e7\u00e3o bidirecional para comunicar com futuros e antigos clientes. Uma vez que entre os clientes h\u00e1 dinamarqueses e alem\u00e3es, a solu\u00e7\u00e3o de 2 vias deve, naturalmente, ter um n\u00famero de telem\u00f3vel dinamarqu\u00eas e um alem\u00e3o.<\/li>\n<\/ul>\n\t\t<h3><a href=\"http:\/\/manual.suresms.com\/\" target=\"_self\">Visite o nosso s\u00edtio Web do Manual<\/a><\/h3>\n\t\t\t\t<a href=\"http:\/\/manual.suresms.com\/\" target=\"_self\" itemprop=\"url\">\n\t\t\t\t<img loading=\"lazy\" decoding=\"async\" src=\"https:\/\/suresms.com\/wp-content\/uploads\/2016\/03\/Manual-400x250-px1.jpg\" alt=\"manual do s\u00edtio web suresms\" itemprop=\"image\" height=\"250\" width=\"400\" title=\"Manual 400x250 px\" onerror=\"this.style.display='none'\"  \/>\n\t\t\t\t<\/a>\n<p>Para ajudar os nossos clientes, reunimos todas as instru\u00e7\u00f5es e descri\u00e7\u00f5es em manual.suresms.com. Aqui pode ver como funciona o nosso gateway e obter instru\u00e7\u00f5es simples e f\u00e1ceis de utilizar para as v\u00e1rias funcionalidades.<\/p>\n\t\t<h3><a href=\"http:\/\/developer.suresms.com\/\" target=\"_self\">desenvolvedor.suresms.com<\/a><\/h3>\n\t\t\t\t<a href=\"http:\/\/developer.suresms.com\/\" target=\"_self\" itemprop=\"url\">\n\t\t\t\t<img loading=\"lazy\" decoding=\"async\" src=\"https:\/\/suresms.com\/wp-content\/uploads\/2016\/03\/developer-400x250-px.jpg\" alt=\"programador suresms s\u00edtio web para programadores\" itemprop=\"image\" height=\"250\" width=\"400\" title=\"desenvolvedor 400x250 px\" onerror=\"this.style.display='none'\"  \/>\n\t\t\t\t<\/a>\nSureSMS \u00e9 feito por programadores para programadores!<br \/>\nEm developer.suresms.com reunimos documenta\u00e7\u00e3o e exemplos de c\u00f3digo para facilitar a integra\u00e7\u00e3o do nosso gateway no seu sistema.\n\t\t<h3><a href=\"https:\/\/www.youtube.com\/channel\/UC1XGC5rl9mI9ndtBVn8yq7g\" target=\"_self\">Veja os nossos v\u00eddeos de instru\u00e7\u00f5es!<\/a><\/h3>\n\t\t\t\t<a href=\"https:\/\/www.youtube.com\/channel\/UC1XGC5rl9mI9ndtBVn8yq7g\" target=\"_self\" itemprop=\"url\">\n\t\t\t\t<img loading=\"lazy\" decoding=\"async\" src=\"https:\/\/suresms.com\/wp-content\/uploads\/2016\/03\/you-tube400x250px.jpg\" alt=\"suresms sms gateway v\u00eddeos do you tube\" itemprop=\"image\" height=\"250\" width=\"400\" title=\"you tube 400x250px\" onerror=\"this.style.display='none'\"  \/>\n\t\t\t\t<\/a>\n<p>Est\u00e1 a come\u00e7ar a utilizar uma nova funcionalidade? Ou precisa apenas de saber um pouco mais sobre o funcionamento do nosso portal? No Youtube, reunimos os nossos v\u00eddeos de instru\u00e7\u00f5es. Pronto para come\u00e7ar!<\/p>","protected":false},"excerpt":{"rendered":"<p>Solu\u00e7\u00e3o SIM alojada Se pretende utilizar o seu pr\u00f3prio cart\u00e3o SIM para a sua solu\u00e7\u00e3o bidirecional, oferecemos uma solu\u00e7\u00e3o SIM alojada est\u00e1vel e segura. Vantagens: O n\u00famero \u00e9 seu e pode reencaminhar as chamadas do n\u00famero para o seu telefone, para que os seus clientes possam ligar-lhe. Sobre os cart\u00f5es SIM alojados em resumo, n\u00f3s instalamos o seu cart\u00e3o SIM... <a title=\"SMS bidirecional com SIM alojado\" class=\"read-more\" href=\"https:\/\/suresms.com\/pt\/funktioner\/2-vejs-sms-losning-med-hosted-sim\/\" aria-label=\"Leia mais sobre SMS bidirecional com SIM alojado\">Rir mas<\/a><\/p>","protected":false},"author":1,"featured_media":0,"parent":958,"menu_order":1,"comment_status":"closed","ping_status":"closed","template":"","meta":{"_fl_builder_enabled":"1","_fl_builder_data":null,"_fl_builder_draft":null,"_fl_builder_data_settings":null,"_fl_builder_css":"","_fl_builder_css_version":"","_fl_builder_js":"","footnotes":""},"categories":[17],"tags":[],"class_list":{"0":"post-511","1":"page","2":"type-page","3":"status-publish","5":"category-linkfracornorstone"},"yoast_head":"<!-- This site is optimized with the Yoast SEO Premium plugin v27.3 (Yoast SEO v27.3) - https:\/\/yoast.com\/product\/yoast-seo-premium-wordpress\/ -->\r\n<title>2-vejs SMS med Hosted SIM I SureSMS I international 2vejs L\u00f8sning<\/title>\r\n<meta name=\"description\" content=\"Hosted SIM - Med en Hosted SIM 2-vejs SMS l\u00f8sning v\u00e6lger du selv nummeret. Brug firmanummer eller udenlandske numre. gratis oprettelse I 18 \u00f8re pr. SMS\" \/>\r\n<meta name=\"robots\" content=\"index, follow, max-snippet:-1, max-image-preview:large, max-video-preview:-1\" \/>\r\n<link rel=\"canonical\" href=\"https:\/\/suresms.com\/pt\/carateristicas\/descarregamento-de-sms-bidirecional-com-sim-alojado\/\" \/>\r\n<meta property=\"og:locale\" content=\"pt_PT\" \/>\r\n<meta property=\"og:type\" content=\"article\" \/>\r\n<meta property=\"og:title\" content=\"2-vejs SMS med Hosted SIM\" \/>\r\n<meta property=\"og:description\" content=\"Hosted SIM - Med en Hosted SIM 2-vejs SMS l\u00f8sning v\u00e6lger du selv nummeret. Brug firmanummer eller udenlandske numre. gratis oprettelse I 18 \u00f8re pr. SMS\" \/>\r\n<meta property=\"og:url\" content=\"https:\/\/suresms.com\/pt\/carateristicas\/descarregamento-de-sms-bidirecional-com-sim-alojado\/\" \/>\r\n<meta property=\"article:publisher\" content=\"https:\/\/www.facebook.com\/p\/SureSMS-100044607956149\/\" \/>\r\n<meta property=\"article:modified_time\" content=\"2025-01-21T10:14:51+00:00\" \/>\r\n<meta property=\"og:image\" content=\"https:\/\/suresms.com\/wp-content\/uploads\/2014\/10\/kommunikation-500x380-px.jpg\" \/>\r\n<meta name=\"twitter:card\" content=\"summary_large_image\" \/>\r\n<meta name=\"twitter:label1\" content=\"Tempo estimado de leitura\" \/>\n\t<meta name=\"twitter:data1\" content=\"6 minutos\" \/>\r\n<script type=\"application\/ld+json\" class=\"yoast-schema-graph\">{\"@context\":\"https:\\\/\\\/schema.org\",\"@graph\":[{\"@type\":\"WebPage\",\"@id\":\"https:\\\/\\\/suresms.com\\\/dk\\\/funktioner\\\/2-vejs-sms-losning-med-hosted-sim\\\/\",\"url\":\"https:\\\/\\\/suresms.com\\\/dk\\\/funktioner\\\/2-vejs-sms-losning-med-hosted-sim\\\/\",\"name\":\"2-vejs SMS med Hosted SIM I SureSMS I international 2vejs L\u00f8sning\",\"isPartOf\":{\"@id\":\"https:\\\/\\\/suresms.com\\\/en\\\/#website\"},\"primaryImageOfPage\":{\"@id\":\"https:\\\/\\\/suresms.com\\\/dk\\\/funktioner\\\/2-vejs-sms-losning-med-hosted-sim\\\/#primaryimage\"},\"image\":{\"@id\":\"https:\\\/\\\/suresms.com\\\/dk\\\/funktioner\\\/2-vejs-sms-losning-med-hosted-sim\\\/#primaryimage\"},\"thumbnailUrl\":\"https:\\\/\\\/suresms.com\\\/wp-content\\\/uploads\\\/2014\\\/10\\\/kommunikation-500x380-px.jpg\",\"datePublished\":\"2014-10-29T09:25:11+00:00\",\"dateModified\":\"2025-01-21T10:14:51+00:00\",\"description\":\"Hosted SIM - Med en Hosted SIM 2-vejs SMS l\u00f8sning v\u00e6lger du selv nummeret. Brug firmanummer eller udenlandske numre. gratis oprettelse I 18 \u00f8re pr. SMS\",\"breadcrumb\":{\"@id\":\"https:\\\/\\\/suresms.com\\\/dk\\\/funktioner\\\/2-vejs-sms-losning-med-hosted-sim\\\/#breadcrumb\"},\"inLanguage\":\"pt-PT\",\"potentialAction\":[{\"@type\":\"ReadAction\",\"target\":[\"https:\\\/\\\/suresms.com\\\/dk\\\/funktioner\\\/2-vejs-sms-losning-med-hosted-sim\\\/\"]}]},{\"@type\":\"ImageObject\",\"inLanguage\":\"pt-PT\",\"@id\":\"https:\\\/\\\/suresms.com\\\/dk\\\/funktioner\\\/2-vejs-sms-losning-med-hosted-sim\\\/#primaryimage\",\"url\":\"https:\\\/\\\/suresms.com\\\/wp-content\\\/uploads\\\/2014\\\/10\\\/kommunikation-500x380-px.jpg\",\"contentUrl\":\"https:\\\/\\\/suresms.com\\\/wp-content\\\/uploads\\\/2014\\\/10\\\/kommunikation-500x380-px.jpg\"},{\"@type\":\"BreadcrumbList\",\"@id\":\"https:\\\/\\\/suresms.com\\\/dk\\\/funktioner\\\/2-vejs-sms-losning-med-hosted-sim\\\/#breadcrumb\",\"itemListElement\":[{\"@type\":\"ListItem\",\"position\":1,\"name\":\"Home\",\"item\":\"https:\\\/\\\/suresms.com\\\/dk\\\/\"},{\"@type\":\"ListItem\",\"position\":2,\"name\":\"Funktioner\",\"item\":\"https:\\\/\\\/suresms.com\\\/dk\\\/funktioner\\\/\"},{\"@type\":\"ListItem\",\"position\":3,\"name\":\"2-vejs SMS med Hosted SIM\"}]},{\"@type\":\"WebSite\",\"@id\":\"https:\\\/\\\/suresms.com\\\/en\\\/#website\",\"url\":\"https:\\\/\\\/suresms.com\\\/en\\\/\",\"name\":\"SureSMS\",\"description\":\"Professionel SMS Gateway\",\"publisher\":{\"@id\":\"https:\\\/\\\/suresms.com\\\/en\\\/#organization\"},\"potentialAction\":[{\"@type\":\"SearchAction\",\"target\":{\"@type\":\"EntryPoint\",\"urlTemplate\":\"https:\\\/\\\/suresms.com\\\/en\\\/?s={search_term_string}\"},\"query-input\":{\"@type\":\"PropertyValueSpecification\",\"valueRequired\":true,\"valueName\":\"search_term_string\"}}],\"inLanguage\":\"pt-PT\"},{\"@type\":\"Organization\",\"@id\":\"https:\\\/\\\/suresms.com\\\/en\\\/#organization\",\"name\":\"SureSMS\",\"url\":\"https:\\\/\\\/suresms.com\\\/en\\\/\",\"logo\":{\"@type\":\"ImageObject\",\"inLanguage\":\"pt-PT\",\"@id\":\"https:\\\/\\\/suresms.com\\\/en\\\/#\\\/schema\\\/logo\\\/image\\\/\",\"url\":\"https:\\\/\\\/suresms.com\\\/wp-content\\\/uploads\\\/2024\\\/11\\\/suresms-300x65-1.png\",\"contentUrl\":\"https:\\\/\\\/suresms.com\\\/wp-content\\\/uploads\\\/2024\\\/11\\\/suresms-300x65-1.png\",\"width\":300,\"height\":65,\"caption\":\"SureSMS\"},\"image\":{\"@id\":\"https:\\\/\\\/suresms.com\\\/en\\\/#\\\/schema\\\/logo\\\/image\\\/\"},\"sameAs\":[\"https:\\\/\\\/www.facebook.com\\\/p\\\/SureSMS-100044607956149\\\/\"]}]}<\/script>\r\n<!-- \/ Yoast SEO Premium plugin. -->","yoast_head_json":{"title":"SMS bidirecional com SIM alojado na solu\u00e7\u00e3o bidirecional internacional SureSMS I","description":"SIM Alojado - Com uma solu\u00e7\u00e3o de SMS bidirecional SIM Alojado, \u00e9 o pr\u00f3prio utilizador que escolhe o n\u00famero. Utilize n\u00fameros da empresa ou n\u00fameros estrangeiros. Instala\u00e7\u00e3o gratuita por 18 \u00f8re por SMS","robots":{"index":"index","follow":"follow","max-snippet":"max-snippet:-1","max-image-preview":"max-image-preview:large","max-video-preview":"max-video-preview:-1"},"canonical":"https:\/\/suresms.com\/pt\/carateristicas\/descarregamento-de-sms-bidirecional-com-sim-alojado\/","og_locale":"pt_PT","og_type":"article","og_title":"2-vejs SMS med Hosted SIM","og_description":"Hosted SIM - Med en Hosted SIM 2-vejs SMS l\u00f8sning v\u00e6lger du selv nummeret. Brug firmanummer eller udenlandske numre. gratis oprettelse I 18 \u00f8re pr. SMS","og_url":"https:\/\/suresms.com\/pt\/carateristicas\/descarregamento-de-sms-bidirecional-com-sim-alojado\/","article_publisher":"https:\/\/www.facebook.com\/p\/SureSMS-100044607956149\/","article_modified_time":"2025-01-21T10:14:51+00:00","og_image":[{"url":"https:\/\/suresms.com\/wp-content\/uploads\/2014\/10\/kommunikation-500x380-px.jpg","type":"","width":"","height":""}],"twitter_card":"summary_large_image","twitter_misc":{"Tempo estimado de leitura":"6 minutos"},"schema":{"@context":"https:\/\/schema.org","@graph":[{"@type":"WebPage","@id":"https:\/\/suresms.com\/dk\/funktioner\/2-vejs-sms-losning-med-hosted-sim\/","url":"https:\/\/suresms.com\/dk\/funktioner\/2-vejs-sms-losning-med-hosted-sim\/","name":"SMS bidirecional com SIM alojado na solu\u00e7\u00e3o bidirecional internacional SureSMS I","isPartOf":{"@id":"https:\/\/suresms.com\/en\/#website"},"primaryImageOfPage":{"@id":"https:\/\/suresms.com\/dk\/funktioner\/2-vejs-sms-losning-med-hosted-sim\/#primaryimage"},"image":{"@id":"https:\/\/suresms.com\/dk\/funktioner\/2-vejs-sms-losning-med-hosted-sim\/#primaryimage"},"thumbnailUrl":"https:\/\/suresms.com\/wp-content\/uploads\/2014\/10\/kommunikation-500x380-px.jpg","datePublished":"2014-10-29T09:25:11+00:00","dateModified":"2025-01-21T10:14:51+00:00","description":"SIM Alojado - Com uma solu\u00e7\u00e3o de SMS bidirecional SIM Alojado, \u00e9 o pr\u00f3prio utilizador que escolhe o n\u00famero. Utilize n\u00fameros da empresa ou n\u00fameros estrangeiros. Instala\u00e7\u00e3o gratuita por 18 \u00f8re por SMS","breadcrumb":{"@id":"https:\/\/suresms.com\/dk\/funktioner\/2-vejs-sms-losning-med-hosted-sim\/#breadcrumb"},"inLanguage":"pt-PT","potentialAction":[{"@type":"ReadAction","target":["https:\/\/suresms.com\/dk\/funktioner\/2-vejs-sms-losning-med-hosted-sim\/"]}]},{"@type":"ImageObject","inLanguage":"pt-PT","@id":"https:\/\/suresms.com\/dk\/funktioner\/2-vejs-sms-losning-med-hosted-sim\/#primaryimage","url":"https:\/\/suresms.com\/wp-content\/uploads\/2014\/10\/kommunikation-500x380-px.jpg","contentUrl":"https:\/\/suresms.com\/wp-content\/uploads\/2014\/10\/kommunikation-500x380-px.jpg"},{"@type":"BreadcrumbList","@id":"https:\/\/suresms.com\/dk\/funktioner\/2-vejs-sms-losning-med-hosted-sim\/#breadcrumb","itemListElement":[{"@type":"ListItem","position":1,"name":"Home","item":"https:\/\/suresms.com\/dk\/"},{"@type":"ListItem","position":2,"name":"Funktioner","item":"https:\/\/suresms.com\/dk\/funktioner\/"},{"@type":"ListItem","position":3,"name":"2-vejs SMS med Hosted SIM"}]},{"@type":"WebSite","@id":"https:\/\/suresms.com\/en\/#website","url":"https:\/\/suresms.com\/en\/","name":"SureSMS","description":"Gateway SMS profissional","publisher":{"@id":"https:\/\/suresms.com\/en\/#organization"},"potentialAction":[{"@type":"SearchAction","target":{"@type":"EntryPoint","urlTemplate":"https:\/\/suresms.com\/en\/?s={search_term_string}"},"query-input":{"@type":"PropertyValueSpecification","valueRequired":true,"valueName":"search_term_string"}}],"inLanguage":"pt-PT"},{"@type":"Organization","@id":"https:\/\/suresms.com\/en\/#organization","name":"SureSMS","url":"https:\/\/suresms.com\/en\/","logo":{"@type":"ImageObject","inLanguage":"pt-PT","@id":"https:\/\/suresms.com\/en\/#\/schema\/logo\/image\/","url":"https:\/\/suresms.com\/wp-content\/uploads\/2024\/11\/suresms-300x65-1.png","contentUrl":"https:\/\/suresms.com\/wp-content\/uploads\/2024\/11\/suresms-300x65-1.png","width":300,"height":65,"caption":"SureSMS"},"image":{"@id":"https:\/\/suresms.com\/en\/#\/schema\/logo\/image\/"},"sameAs":["https:\/\/www.facebook.com\/p\/SureSMS-100044607956149\/"]}]}},"_links":{"self":[{"href":"https:\/\/suresms.com\/pt\/wp-json\/wp\/v2\/pages\/511","targetHints":{"allow":["GET"]}}],"collection":[{"href":"https:\/\/suresms.com\/pt\/wp-json\/wp\/v2\/pages"}],"about":[{"href":"https:\/\/suresms.com\/pt\/wp-json\/wp\/v2\/types\/page"}],"author":[{"embeddable":true,"href":"https:\/\/suresms.com\/pt\/wp-json\/wp\/v2\/users\/1"}],"replies":[{"embeddable":true,"href":"https:\/\/suresms.com\/pt\/wp-json\/wp\/v2\/comments?post=511"}],"version-history":[{"count":5,"href":"https:\/\/suresms.com\/pt\/wp-json\/wp\/v2\/pages\/511\/revisions"}],"predecessor-version":[{"id":21888,"href":"https:\/\/suresms.com\/pt\/wp-json\/wp\/v2\/pages\/511\/revisions\/21888"}],"up":[{"embeddable":true,"href":"https:\/\/suresms.com\/pt\/wp-json\/wp\/v2\/pages\/958"}],"wp:attachment":[{"href":"https:\/\/suresms.com\/pt\/wp-json\/wp\/v2\/media?parent=511"}],"wp:term":[{"taxonomy":"category","embeddable":true,"href":"https:\/\/suresms.com\/pt\/wp-json\/wp\/v2\/categories?post=511"},{"taxonomy":"post_tag","embeddable":true,"href":"https:\/\/suresms.com\/pt\/wp-json\/wp\/v2\/tags?post=511"}],"curies":[{"name":"wp","href":"https:\/\/api.w.org\/{rel}","templated":true}]}}