{"id":449,"date":"2014-10-12T10:47:57","date_gmt":"2014-10-12T08:47:57","guid":{"rendered":"https:\/\/www.suresms.com\/dk\/?page_id=449"},"modified":"2026-03-17T11:40:09","modified_gmt":"2026-03-17T11:40:09","slug":"receber-mensagens-de-texto-no-seu-computador","status":"publish","type":"page","link":"https:\/\/suresms.com\/pt\/funktioner\/modtag-sms-pa-din-computer\/","title":{"rendered":"Receber SMS no seu computador"},"content":{"rendered":"<!-- Flexy Breadcrumb -->\r\n\t\t\t<div class=\"fbc fbc-page\">\r\n\r\n\t\t\t\t<!-- Breadcrumb wrapper -->\r\n\t\t\t\t<div class=\"fbc-wrap\">\r\n\r\n\t\t\t\t\t<!-- Ordered list-->\r\n\t\t\t\t\t<ol class=\"fbc-items\" itemscope itemtype=\"https:\/\/schema.org\/BreadcrumbList\">\r\n\t\t\t\t\t\t            <li itemprop=\"itemListElement\" itemscope itemtype=\"https:\/\/schema.org\/ListItem\">\r\n                <span itemprop=\"name\">\r\n                    <!-- Home Link -->\r\n                    <a itemprop=\"item\" href=\"https:\/\/suresms.com\/pt\/\">\r\n                    \r\n                                                    <i class=\"fa fa-home\" aria-hidden=\"true\"><\/i>In\u00edcio                    <\/a>\r\n                <\/span>\r\n                <meta itemprop=\"position\" content=\"1\" \/><!-- Meta Position-->\r\n             <\/li><li><span class=\"fbc-separator\">\/<\/span><\/li><li class=\"active\" itemprop=\"itemListElement\" itemscope itemtype=\"https:\/\/schema.org\/ListItem\"><span itemprop=\"name\" title=\"Receber SMS no seu computador\">Receber SMS no seu...<\/span><meta itemprop=\"position\" content=\"2\" \/><\/li>\t\t\t\t\t<\/ol>\r\n\t\t\t\t\t<div class=\"clearfix\"><\/div>\r\n\t\t\t\t<\/div>\r\n\t\t\t<\/div>\r\n\t\t\t\n<h1>\n\t\t\tReceber SMS no seu computador\t<\/h1>\n\tPrecisa de receber mensagens SMS dos seus clientes? Ou pretende enviar mensagens SMS para grupos diretamente a partir do SMS? Ent\u00e3o, o SMS bidirecional pode ser a solu\u00e7\u00e3o para si.<br \/>\nSe j\u00e1 tem uma conta SMS onde envia mensagens aos seus utilizadores, pode ser uma necessidade e um bom servi\u00e7o que o destinat\u00e1rio possa responder.\n\t<ul>\n\t\t<li>\t\t\t\t\n\t\t<h3>Receber SMS na sua caixa de entrada<\/h3><p>Todas as mensagens SMS recebidas no seu n\u00famero s\u00e3o guardadas na sua caixa de entrada em http:\/\/app.suresms.com\/. A partir daqui, pode responder facilmente \u00e0 mensagem diretamente no seu browser.\u00a0<\/p><\/li><li>\t\t\t\t\n\t\t<h3>Receber SMS na sua caixa de correio<\/h3><p>Tamb\u00e9m \u00e9 poss\u00edvel ativar o SMS-2-Email para que reencaminhemos os SMS recebidos para o seu endere\u00e7o de e-mail. Quando receber o e-mail, basta clicar em \"responder\" e enviaremos a resposta como SMS.\u00a0<\/p><\/li><li>\t\t\t\t\n\t\t<h3>Receber SMS como webhook<\/h3><p>Tamb\u00e9m \u00e9 poss\u00edvel receber um webhook no seu pr\u00f3prio servidor. Fazemos uma chamada HTTP para um s\u00edtio Web criado por si. Configuramos o nosso sistema para conhecer o seu endere\u00e7o (end-point). Quando recebemos uma mensagem SMS no seu n\u00famero alojado, colocamo-la na sua caixa de entrada e fazemos uma chamada HTTP para o seu s\u00edtio Web.<\/p>\n<p><a href=\"http:\/\/manual.suresms.com\/avanceret-opsaetning-af-2-vejs-sms\/\">Ver detalhes sobre como configurar uma p\u00e1gina http aqui\u00a0<\/a><\/p>\n<\/li><li>\t\t\t\t\n\t\t<h3>Resposta autom\u00e1tica a mensagens recebidas<\/h3><p>Tem a possibilidade, atrav\u00e9s do nosso fluxo, de configurar uma resposta autom\u00e1tica quando recebe um SMS no seu n\u00famero de entrada.\u00a0<\/p><\/li>\t<\/ul>\n<h3>\n\t\t\tGeral para as nossas solu\u00e7\u00f5es de 2 vias:\t<\/h3>\n\t<ul>\n<li>N\u00e3o h\u00e1 qualquer custo para receber mensagens SMS no n\u00famero. Independentemente do n\u00famero de SMS que lhe enviarmos, este est\u00e1 inclu\u00eddo na subscri\u00e7\u00e3o.<\/li>\n<\/ul>\n<ul>\n<li>As mensagens SMS que enviar a partir da sua solu\u00e7\u00e3o bidirecional ser\u00e3o cobradas \u00e0 taxa aplic\u00e1vel. <a title=\"Pre\u00e7os de gateway SMS\" href=\"https:\/\/suresms.com\/pt\/sms-gateway-solucoes-sms-profissionais\/precos-de-gateway-sms\/\">Veja os pre\u00e7os do nosso gateway SMS aqui.&nbsp;<\/a><\/li>\n<\/ul>\n<ul>\n<li><strong>Se enviar mais de 10 000 mensagens SMS por m\u00eas <a title=\"Contactar-nos\" href=\"https:\/\/suresms.com\/pt\/contacto\/\">Contactar-nos<\/a> Por um pre\u00e7o!!!<\/strong><\/li>\n<\/ul>\n<ul>\n<li>Para ambas as solu\u00e7\u00f5es, o SMS pode ser respondido tanto a partir do nosso s\u00edtio Web como da sua pr\u00f3pria caixa de correio.<\/li>\n<\/ul>\n<ul>\n<li>A nossa solu\u00e7\u00e3o bidirecional suporta a rece\u00e7\u00e3o de mensagens Flash.<\/li>\n<\/ul>\n<ul>\n<li>Infelizmente, n\u00e3o \u00e9 poss\u00edvel ter um emissor bidirecional e alfanum\u00e9rico ao mesmo tempo.<\/li>\n<\/ul>\n\t\t<figure itemscope itemtype=\"https:\/\/schema.org\/ImageObject\">\n\t\t\t\t<a href=\"https:\/\/suresms.com\/pt\/encomendar\/encomendar-descarga-de-2-vias\/\"  target=\"_self\" itemprop=\"url\">\n\t\t\t\t<img decoding=\"async\" src=\"https:\/\/suresms.com\/wp-content\/uploads\/2014\/10\/2-vejs-virtuelle-400x150-pix.jpg\" alt=\"N\u00fameros virtuais SMS bidireccionais VLR\" height=\"150\" width=\"400\" title=\"2 vias virtuais 400x150 pix\u00e9is\" onerror=\"this.style.display='none'\" loading=\"lazy\" \/>\n\t\t\t\t<\/a>\n\t<\/figure>\n<h3><a href=\"https:\/\/suresms.com\/pt\/encomendar\/encomendar-descarga-de-2-vias\/\" target=\"_self\">\"N\u00famero virtual\" bidirecional<\/a><\/h3><p>Solu\u00e7\u00e3o bidirecional baseada na nuvem, r\u00e1pida e mais econ\u00f3mica. Ideal para receber muitas mensagens SMS num curto espa\u00e7o de tempo e para M2M. Se precisar de poucos n\u00fameros.<\/p>\n<ul>\n<li>99,-\/m\u00eas de subscri\u00e7\u00e3o<\/li>\n<li>Cria\u00e7\u00e3o r\u00e1pida e gratuita<\/li>\n<li>1 m\u00eas de pr\u00e9-aviso<\/li>\n<li>Sem cart\u00e3o SIM f\u00edsico<\/li>\n<li>SureSMS fornece o n\u00famero<\/li>\n<li>Rece\u00e7\u00e3o ilimitada<\/li>\n<li>M2M<\/li>\n<li>PALAVRAS-CHAVE ilimitado<\/li>\n<li>Palavras-chave ilimitadas<\/li>\n<\/ul>\n\t\t\t<a href=\"https:\/\/suresms.com\/pt\/encomendar\/encomendar-descarga-de-2-vias\/\"  target=\"_self\">\n\t\t\t\t\t\t\tEncomendar n\u00famero virtual de 2 vias\n\t\t\t\t\t<\/a>\n\t\t<figure itemscope itemtype=\"https:\/\/schema.org\/ImageObject\">\n\t\t\t\t<a href=\"https:\/\/suresms.com\/pt\/encomendar\/encomendar-descarga-de-2-vias\/\"  target=\"_self\" itemprop=\"url\">\n\t\t\t\t<img decoding=\"async\" src=\"https:\/\/suresms.com\/wp-content\/uploads\/2014\/10\/2-vejs-hostetSIM-400x150-pix.jpg\" alt=\"Solu\u00e7\u00e3o bidirecional alojada sim SureSMS\" height=\"150\" width=\"400\" title=\"2 way hostedSIM\" onerror=\"this.style.display='none'\" loading=\"lazy\" \/>\n\t\t\t\t<\/a>\n\t<\/figure>\n<h3><a href=\"https:\/\/suresms.com\/pt\/encomendar\/encomendar-descarga-de-2-vias\/\" target=\"_self\">SIM hospedado bidirecional<\/a><\/h3><p>A melhor solu\u00e7\u00e3o se a sua empresa quiser escolher o seu pr\u00f3prio n\u00famero, se os clientes precisarem de voltar a ligar ou se quiser um cart\u00e3o SIM estrangeiro.<\/p>\n<ul>\n\n<li>199,-\/m\u00eas de subscri\u00e7\u00e3o<\/li>\n<li>299,- na cria\u00e7\u00e3o<\/li>\n<li>Op\u00e7\u00e3o para n\u00fameros internacionais<\/li>\n<li>Recebe um cart\u00e3o SIM<\/li>\n<li>6 meses de compromisso\/1 m\u00eas de cancelamento<\/li>\n<li>Recebe 10 SMS\/min. As restantes ficam em fila de espera.<\/li>\n<li>Liberdade de sele\u00e7\u00e3o de n\u00fameros<\/li>\n<li>O n\u00famero \u00e9 seu<\/li>\n<li>Reencaminhamento de chamadas<\/li>\n<li>Palavras-chave ilimitadas<\/li>\n<\/ul>\n\t\t\t<a href=\"https:\/\/suresms.com\/pt\/encomendar\/encomendar-descarga-de-2-vias\/\"  target=\"_self\">\n\t\t\t\t\t\t\tEncomendar SIM Alojado de 2 vias\n\t\t\t\t\t<\/a>\n\t\t<figure itemscope itemtype=\"https:\/\/schema.org\/ImageObject\">\n\t\t\t\t<a href=\"https:\/\/suresms.com\/pt\/sobre-o-suresms\/contacto\/\"  target=\"_self\" itemprop=\"url\">\n\t\t\t\t<img decoding=\"async\" src=\"https:\/\/suresms.com\/wp-content\/uploads\/2014\/10\/2vejs-serier-400x150-pix.jpg\" alt=\"Solu\u00e7\u00e3o SMS bidirecional intervalos de n\u00fameros VLR\" height=\"150\" width=\"400\" title=\"Banda desenhada de 2 vias 400x150 pix\u00e9is\" onerror=\"this.style.display='none'\" loading=\"lazy\" \/>\n\t\t\t\t<\/a>\n\t<\/figure>\n<h3><a href=\"https:\/\/suresms.com\/pt\/sobre-o-suresms\/contacto\/\" target=\"_self\">\"S\u00e9rie de n\u00fameros\" de 2 vias<\/a><\/h3><p>Gamas de n\u00fameros virtuais para empresas que necessitam de muitos n\u00fameros. O pre\u00e7o varia consoante o volume. Contacte-nos para mais informa\u00e7\u00f5es.<\/p>\n<ul>\n<li>Receber SMS atrav\u00e9s da API<\/li>\n<li>Para muitos n\u00fameros<\/li>\n<li>M\u00e1ximo de 49,-\/m\u00eas de subscri\u00e7\u00e3o<\/li>\n<li>Pre\u00e7o por marca\u00e7\u00e3o<\/li>\n<li>Para um m\u00ednimo de 10 n\u00fameros m\u00f3veis<\/li>\n<li>Cria\u00e7\u00e3o gratuita<\/li>\n<li>N\u00fameros dinamarqueses<\/li>\n<li>Sem SIM f\u00edsico<\/li>\n<li>Compromisso de 6 meses<\/li>\n<li>1 m\u00eas de pr\u00e9-aviso<\/li>\n<li>PALAVRAS-CHAVE ilimitado<\/li>\n<li>Rece\u00e7\u00e3o ilimitada<\/li>\n<\/ul>\n\t\t\t<a href=\"https:\/\/suresms.com\/pt\/sobre-o-suresms\/contacto\/\"  target=\"_self\">\n\t\t\t\t\t\t\tContacte-nos aqui!\n\t\t\t\t\t<\/a>\n<h3>\n\t\t\tPode demorar at\u00e9 24 horas desde a encomenda da sua solu\u00e7\u00e3o de 2 vias at\u00e9 \u00e0 rece\u00e7\u00e3o do seu nome de utilizador e c\u00f3digo!\t<\/h3>\n\t\t<h3>Quer saber mais sobre o SIM alojado?<\/h3>\n\t\t<p>Veja mais detalhes, descri\u00e7\u00e3o t\u00e9cnica e documenta\u00e7\u00e3o sobre as nossas solu\u00e7\u00f5es SIM alojadas aqui.<\/p>\n\t\t\t<a href=\"http:\/\/manual.suresms.com\/2-vejs-sms\/opsaetning-af-2-vejs-sms\/\"  target=\"_blank\" rel=\"noopener\">\n\t\t\t\t\t\tEspecifica\u00e7\u00f5es\n\t\t\t\t\t<\/a>\n\t<h2>Porque escolhemos n\u00fameros SIM e VLN alojados<\/h2>\nTecnicamente, existem diferentes formas de criar uma solu\u00e7\u00e3o em que o destinat\u00e1rio possa responder \u00e0s suas mensagens.<br \/>\nUma op\u00e7\u00e3o no mercado \u00e9 a utiliza\u00e7\u00e3o dos chamados c\u00f3digos multim\u00e9dia e shortcodes. Utilizando um c\u00f3digo multim\u00e9dia de 4 d\u00edgitos e uma palavra-passe, o cliente pode responder \u00e0s suas mensagens, por exemplo, se tiver uma loja de queijos, obt\u00e9m o c\u00f3digo multim\u00e9dia \"Queijo\". Quando algu\u00e9m envia uma mensagem para um c\u00f3digo curto - por exemplo, 9944, tem de escrever primeiro \"OST\" e s\u00f3 depois a mensagem. Sinceramente! Quem \u00e9 que sabe que tem de escrever OST? A sua mensagem soar\u00e1 assim: \"Cara Signe. Os artigos que encomendou j\u00e1 chegaram. Para responder a esta mensagem, envie um SMS para 9944 com a palavra OST seguida da mensagem.\"\n<p>Para al\u00e9m de ser complicado e com um elevado risco de erros de comunica\u00e7\u00e3o, \u00e9 uma solu\u00e7\u00e3o dispendiosa de implementar. Na Sure SMS, acreditamos que deve ser f\u00e1cil e rent\u00e1vel para os nossos clientes.<\/p>\n<p><strong>Por isso, opt\u00e1mos por oferecer uma solu\u00e7\u00e3o - na nossa opini\u00e3o - melhor!<\/strong><\/p>\n<h2>A nossa solu\u00e7\u00e3o SMS bidirecional<\/h2>\nCom o Sure SMS, recebe a sua resposta num n\u00famero de telem\u00f3vel que \u00e9 apenas seu. Isto significa que recebe TODAS as mensagens escritas para este n\u00famero. Quando envia a sua mensagem, esta \u00e9 enviada a partir do mesmo n\u00famero. \u00c9 uma comunica\u00e7\u00e3o simples para o cliente com uma margem de erro muito menor.<br \/>\nEscreve: \"Cara Signe. Os artigos que encomendou j\u00e1 chegaram\".  Se a Signe quiser responder \u00e0 mensagem, basta premir \"responder\" e escrever a resposta.\n<p>O utilizador decide se quer que utilizemos o seu cart\u00e3o SIM da sua gama de n\u00fameros ou se quer que lhe forne\u00e7amos cart\u00f5es SIM. Temos todo o gosto em acolher. Contacte-nos para obter mais informa\u00e7\u00f5es ou conselhos. Tamb\u00e9m pode encontrar mais informa\u00e7\u00f5es nas liga\u00e7\u00f5es abaixo<\/p>\n<p>Ver <a title=\"Pre\u00e7os de gateway SMS\" href=\"https:\/\/suresms.com\/pt\/precos-de-gateway-sms\/\">Pre\u00e7os de SMS e bidirecional aqui<\/a>.<\/p>\n\t\t<h3>Mais perguntas?<\/h3>\n\t\t<p>Tem mais perguntas sobre as solu\u00e7\u00f5es bidireccionais? Ligue-nos ou envie-nos um e-mail!<\/p>\n\t\t\t<a href=\"https:\/\/suresms.com\/pt\/contacto\/\"  target=\"_self\">\n\t\t\t\t\t\tEnviar uma mensagem de correio eletr\u00f3nico\n\t\t\t\t\t<\/a>\n\t\t<h3>Documenta\u00e7\u00e3o<\/h3>\n\t\t<p>Veja os detalhes e a descri\u00e7\u00e3o t\u00e9cnica da nossa solu\u00e7\u00e3o SIM alojada aqui.<\/p>\n\t\t\t<a href=\"https:\/\/suresms.com\/pt\/descarregamento-de-sms-bidirecional-com-sim-alojado\/\"  target=\"_self\">\n\t\t\t\t\t\tVer mais detalhes\n\t\t\t\t\t<\/a>\n\t\t<h3>Sobre a SureSMS<\/h3>\n\t\t<p>Temos sempre o prazer de vos falar um pouco sobre a nossa empresa. Leia mais sobre a SureSMS aqui!<\/p>\n\t\t\t<a href=\"https:\/\/suresms.com\/pt\/sobre-o-suresms\/\"  target=\"_self\">\n\t\t\t\t\t\tSobre a SureSMS\n\t\t\t\t\t<\/a>\n\t\t<h3>Experimente AGORA!<\/h3>\n\t\t<p>Crie uma conta de avalia\u00e7\u00e3o gratuita agora e receba 50 SMS gr\u00e1tis sem compromisso!<\/p>\n\t\t\t<a href=\"https:\/\/suresms.com\/pt\/conta-de-teste-de-sms-gratis\/\"  target=\"_self\">\n\t\t\t\t\t\t\tCriar conta de avalia\u00e7\u00e3o\n\t\t\t\t\t<\/a>","protected":false},"excerpt":{"rendered":"<p>Receber SMS no seu computador Precisa de receber mensagens de texto dos seus clientes? Ou pretende enviar mensagens SMS para grupos diretamente a partir do SMS? Ent\u00e3o o SMS bidirecional pode ser a solu\u00e7\u00e3o para si. Se j\u00e1 tem uma conta SMS onde envia mensagens aos seus utilizadores, pode ser uma necessidade e uma... <a title=\"Receber SMS no seu computador\" class=\"read-more\" href=\"https:\/\/suresms.com\/pt\/funktioner\/modtag-sms-pa-din-computer\/\" aria-label=\"Leia mais sobre Receber SMS no seu computador\">Rir mas<\/a><\/p>","protected":false},"author":1,"featured_media":0,"parent":958,"menu_order":2,"comment_status":"closed","ping_status":"closed","template":"","meta":{"_fl_builder_enabled":"1","_fl_builder_data":null,"_fl_builder_draft":null,"_fl_builder_data_settings":null,"_fl_builder_css":"","_fl_builder_css_version":"","_fl_builder_js":"","footnotes":""},"categories":[17],"tags":[],"class_list":{"0":"post-449","1":"page","2":"type-page","3":"status-publish","5":"category-linkfracornorstone"},"yoast_head":"<!-- This site is optimized with the Yoast SEO Premium plugin v27.3 (Yoast SEO v27.3) - https:\/\/yoast.com\/product\/yoast-seo-premium-wordpress\/ -->\r\n<title>2 vejs SMS, modtag SMS p\u00e5 din computer og iPad. Bestil 2-vejs l\u00f8sning!<\/title>\r\n<meta name=\"description\" content=\"Med 2 vejs SMS kan du modtage SMS p\u00e5 din computer eller iPad. L\u00f8sning fra SureSMS er den nemmeste for dine kunder. N\u00e5r de modtager SMS kan de svare p\u00e5 den.\" \/>\r\n<meta name=\"robots\" content=\"index, follow, max-snippet:-1, max-image-preview:large, max-video-preview:-1\" \/>\r\n<link rel=\"canonical\" href=\"https:\/\/suresms.com\/pt\/carateristicas\/receber-mensagens-de-texto-no-seu-computador\/\" \/>\r\n<meta property=\"og:locale\" content=\"pt_PT\" \/>\r\n<meta property=\"og:type\" content=\"article\" \/>\r\n<meta property=\"og:title\" content=\"Modtag SMS p\u00e5 din computer\" \/>\r\n<meta property=\"og:description\" content=\"Med 2 vejs SMS kan du modtage SMS p\u00e5 din computer eller iPad. L\u00f8sning fra SureSMS er den nemmeste for dine kunder. N\u00e5r de modtager SMS kan de svare p\u00e5 den.\" \/>\r\n<meta property=\"og:url\" content=\"https:\/\/suresms.com\/pt\/carateristicas\/receber-mensagens-de-texto-no-seu-computador\/\" \/>\r\n<meta property=\"article:publisher\" content=\"https:\/\/www.facebook.com\/p\/SureSMS-100044607956149\/\" \/>\r\n<meta property=\"article:modified_time\" content=\"2026-03-17T11:40:09+00:00\" \/>\r\n<meta property=\"og:image\" content=\"https:\/\/suresms.com\/wp-content\/uploads\/2014\/10\/2-vejs-virtuelle-400x150-pix.jpg\" \/>\r\n<meta name=\"twitter:card\" content=\"summary_large_image\" \/>\r\n<meta name=\"twitter:label1\" content=\"Tempo estimado de leitura\" \/>\n\t<meta name=\"twitter:data1\" content=\"6 minutos\" \/>\r\n<script type=\"application\/ld+json\" class=\"yoast-schema-graph\">{\"@context\":\"https:\\\/\\\/schema.org\",\"@graph\":[{\"@type\":\"WebPage\",\"@id\":\"https:\\\/\\\/suresms.com\\\/dk\\\/funktioner\\\/modtag-sms-pa-din-computer\\\/\",\"url\":\"https:\\\/\\\/suresms.com\\\/dk\\\/funktioner\\\/modtag-sms-pa-din-computer\\\/\",\"name\":\"2 vejs SMS, modtag SMS p\u00e5 din computer og iPad. Bestil 2-vejs l\u00f8sning!\",\"isPartOf\":{\"@id\":\"https:\\\/\\\/suresms.com\\\/en\\\/#website\"},\"primaryImageOfPage\":{\"@id\":\"https:\\\/\\\/suresms.com\\\/dk\\\/funktioner\\\/modtag-sms-pa-din-computer\\\/#primaryimage\"},\"image\":{\"@id\":\"https:\\\/\\\/suresms.com\\\/dk\\\/funktioner\\\/modtag-sms-pa-din-computer\\\/#primaryimage\"},\"thumbnailUrl\":\"https:\\\/\\\/suresms.com\\\/wp-content\\\/uploads\\\/2014\\\/10\\\/2-vejs-virtuelle-400x150-pix.jpg\",\"datePublished\":\"2014-10-12T08:47:57+00:00\",\"dateModified\":\"2026-03-17T11:40:09+00:00\",\"description\":\"Med 2 vejs SMS kan du modtage SMS p\u00e5 din computer eller iPad. L\u00f8sning fra SureSMS er den nemmeste for dine kunder. N\u00e5r de modtager SMS kan de svare p\u00e5 den.\",\"breadcrumb\":{\"@id\":\"https:\\\/\\\/suresms.com\\\/dk\\\/funktioner\\\/modtag-sms-pa-din-computer\\\/#breadcrumb\"},\"inLanguage\":\"pt-PT\",\"potentialAction\":[{\"@type\":\"ReadAction\",\"target\":[\"https:\\\/\\\/suresms.com\\\/dk\\\/funktioner\\\/modtag-sms-pa-din-computer\\\/\"]}]},{\"@type\":\"ImageObject\",\"inLanguage\":\"pt-PT\",\"@id\":\"https:\\\/\\\/suresms.com\\\/dk\\\/funktioner\\\/modtag-sms-pa-din-computer\\\/#primaryimage\",\"url\":\"https:\\\/\\\/suresms.com\\\/wp-content\\\/uploads\\\/2014\\\/10\\\/2-vejs-virtuelle-400x150-pix.jpg\",\"contentUrl\":\"https:\\\/\\\/suresms.com\\\/wp-content\\\/uploads\\\/2014\\\/10\\\/2-vejs-virtuelle-400x150-pix.jpg\"},{\"@type\":\"BreadcrumbList\",\"@id\":\"https:\\\/\\\/suresms.com\\\/dk\\\/funktioner\\\/modtag-sms-pa-din-computer\\\/#breadcrumb\",\"itemListElement\":[{\"@type\":\"ListItem\",\"position\":1,\"name\":\"Home\",\"item\":\"https:\\\/\\\/suresms.com\\\/dk\\\/\"},{\"@type\":\"ListItem\",\"position\":2,\"name\":\"Funktioner\",\"item\":\"https:\\\/\\\/suresms.com\\\/dk\\\/funktioner\\\/\"},{\"@type\":\"ListItem\",\"position\":3,\"name\":\"Modtag SMS p\u00e5 din computer\"}]},{\"@type\":\"WebSite\",\"@id\":\"https:\\\/\\\/suresms.com\\\/en\\\/#website\",\"url\":\"https:\\\/\\\/suresms.com\\\/en\\\/\",\"name\":\"SureSMS\",\"description\":\"Professionel SMS Gateway\",\"publisher\":{\"@id\":\"https:\\\/\\\/suresms.com\\\/en\\\/#organization\"},\"potentialAction\":[{\"@type\":\"SearchAction\",\"target\":{\"@type\":\"EntryPoint\",\"urlTemplate\":\"https:\\\/\\\/suresms.com\\\/en\\\/?s={search_term_string}\"},\"query-input\":{\"@type\":\"PropertyValueSpecification\",\"valueRequired\":true,\"valueName\":\"search_term_string\"}}],\"inLanguage\":\"pt-PT\"},{\"@type\":\"Organization\",\"@id\":\"https:\\\/\\\/suresms.com\\\/en\\\/#organization\",\"name\":\"SureSMS\",\"url\":\"https:\\\/\\\/suresms.com\\\/en\\\/\",\"logo\":{\"@type\":\"ImageObject\",\"inLanguage\":\"pt-PT\",\"@id\":\"https:\\\/\\\/suresms.com\\\/en\\\/#\\\/schema\\\/logo\\\/image\\\/\",\"url\":\"https:\\\/\\\/suresms.com\\\/wp-content\\\/uploads\\\/2024\\\/11\\\/suresms-300x65-1.png\",\"contentUrl\":\"https:\\\/\\\/suresms.com\\\/wp-content\\\/uploads\\\/2024\\\/11\\\/suresms-300x65-1.png\",\"width\":300,\"height\":65,\"caption\":\"SureSMS\"},\"image\":{\"@id\":\"https:\\\/\\\/suresms.com\\\/en\\\/#\\\/schema\\\/logo\\\/image\\\/\"},\"sameAs\":[\"https:\\\/\\\/www.facebook.com\\\/p\\\/SureSMS-100044607956149\\\/\"]}]}<\/script>\r\n<!-- \/ Yoast SEO Premium plugin. -->","yoast_head_json":{"title":"SMS bidirecional, receba SMS no seu computador e no seu iPad. Encomende a solu\u00e7\u00e3o bidirecional!","description":"Com o 2-way SMS pode receber SMS no seu computador ou iPad. A solu\u00e7\u00e3o da SureSMS \u00e9 a mais f\u00e1cil para os seus clientes. Quando recebem uma SMS, podem responder-lhe.","robots":{"index":"index","follow":"follow","max-snippet":"max-snippet:-1","max-image-preview":"max-image-preview:large","max-video-preview":"max-video-preview:-1"},"canonical":"https:\/\/suresms.com\/pt\/carateristicas\/receber-mensagens-de-texto-no-seu-computador\/","og_locale":"pt_PT","og_type":"article","og_title":"Modtag SMS p\u00e5 din computer","og_description":"Med 2 vejs SMS kan du modtage SMS p\u00e5 din computer eller iPad. L\u00f8sning fra SureSMS er den nemmeste for dine kunder. N\u00e5r de modtager SMS kan de svare p\u00e5 den.","og_url":"https:\/\/suresms.com\/pt\/carateristicas\/receber-mensagens-de-texto-no-seu-computador\/","article_publisher":"https:\/\/www.facebook.com\/p\/SureSMS-100044607956149\/","article_modified_time":"2026-03-17T11:40:09+00:00","og_image":[{"url":"https:\/\/suresms.com\/wp-content\/uploads\/2014\/10\/2-vejs-virtuelle-400x150-pix.jpg","type":"","width":"","height":""}],"twitter_card":"summary_large_image","twitter_misc":{"Tempo estimado de leitura":"6 minutos"},"schema":{"@context":"https:\/\/schema.org","@graph":[{"@type":"WebPage","@id":"https:\/\/suresms.com\/dk\/funktioner\/modtag-sms-pa-din-computer\/","url":"https:\/\/suresms.com\/dk\/funktioner\/modtag-sms-pa-din-computer\/","name":"SMS bidirecional, receba SMS no seu computador e no seu iPad. Encomende a solu\u00e7\u00e3o bidirecional!","isPartOf":{"@id":"https:\/\/suresms.com\/en\/#website"},"primaryImageOfPage":{"@id":"https:\/\/suresms.com\/dk\/funktioner\/modtag-sms-pa-din-computer\/#primaryimage"},"image":{"@id":"https:\/\/suresms.com\/dk\/funktioner\/modtag-sms-pa-din-computer\/#primaryimage"},"thumbnailUrl":"https:\/\/suresms.com\/wp-content\/uploads\/2014\/10\/2-vejs-virtuelle-400x150-pix.jpg","datePublished":"2014-10-12T08:47:57+00:00","dateModified":"2026-03-17T11:40:09+00:00","description":"Com o 2-way SMS pode receber SMS no seu computador ou iPad. A solu\u00e7\u00e3o da SureSMS \u00e9 a mais f\u00e1cil para os seus clientes. Quando recebem uma SMS, podem responder-lhe.","breadcrumb":{"@id":"https:\/\/suresms.com\/dk\/funktioner\/modtag-sms-pa-din-computer\/#breadcrumb"},"inLanguage":"pt-PT","potentialAction":[{"@type":"ReadAction","target":["https:\/\/suresms.com\/dk\/funktioner\/modtag-sms-pa-din-computer\/"]}]},{"@type":"ImageObject","inLanguage":"pt-PT","@id":"https:\/\/suresms.com\/dk\/funktioner\/modtag-sms-pa-din-computer\/#primaryimage","url":"https:\/\/suresms.com\/wp-content\/uploads\/2014\/10\/2-vejs-virtuelle-400x150-pix.jpg","contentUrl":"https:\/\/suresms.com\/wp-content\/uploads\/2014\/10\/2-vejs-virtuelle-400x150-pix.jpg"},{"@type":"BreadcrumbList","@id":"https:\/\/suresms.com\/dk\/funktioner\/modtag-sms-pa-din-computer\/#breadcrumb","itemListElement":[{"@type":"ListItem","position":1,"name":"Home","item":"https:\/\/suresms.com\/dk\/"},{"@type":"ListItem","position":2,"name":"Funktioner","item":"https:\/\/suresms.com\/dk\/funktioner\/"},{"@type":"ListItem","position":3,"name":"Modtag SMS p\u00e5 din computer"}]},{"@type":"WebSite","@id":"https:\/\/suresms.com\/en\/#website","url":"https:\/\/suresms.com\/en\/","name":"SureSMS","description":"Gateway SMS profissional","publisher":{"@id":"https:\/\/suresms.com\/en\/#organization"},"potentialAction":[{"@type":"SearchAction","target":{"@type":"EntryPoint","urlTemplate":"https:\/\/suresms.com\/en\/?s={search_term_string}"},"query-input":{"@type":"PropertyValueSpecification","valueRequired":true,"valueName":"search_term_string"}}],"inLanguage":"pt-PT"},{"@type":"Organization","@id":"https:\/\/suresms.com\/en\/#organization","name":"SureSMS","url":"https:\/\/suresms.com\/en\/","logo":{"@type":"ImageObject","inLanguage":"pt-PT","@id":"https:\/\/suresms.com\/en\/#\/schema\/logo\/image\/","url":"https:\/\/suresms.com\/wp-content\/uploads\/2024\/11\/suresms-300x65-1.png","contentUrl":"https:\/\/suresms.com\/wp-content\/uploads\/2024\/11\/suresms-300x65-1.png","width":300,"height":65,"caption":"SureSMS"},"image":{"@id":"https:\/\/suresms.com\/en\/#\/schema\/logo\/image\/"},"sameAs":["https:\/\/www.facebook.com\/p\/SureSMS-100044607956149\/"]}]}},"_links":{"self":[{"href":"https:\/\/suresms.com\/pt\/wp-json\/wp\/v2\/pages\/449","targetHints":{"allow":["GET"]}}],"collection":[{"href":"https:\/\/suresms.com\/pt\/wp-json\/wp\/v2\/pages"}],"about":[{"href":"https:\/\/suresms.com\/pt\/wp-json\/wp\/v2\/types\/page"}],"author":[{"embeddable":true,"href":"https:\/\/suresms.com\/pt\/wp-json\/wp\/v2\/users\/1"}],"replies":[{"embeddable":true,"href":"https:\/\/suresms.com\/pt\/wp-json\/wp\/v2\/comments?post=449"}],"version-history":[{"count":10,"href":"https:\/\/suresms.com\/pt\/wp-json\/wp\/v2\/pages\/449\/revisions"}],"predecessor-version":[{"id":23849,"href":"https:\/\/suresms.com\/pt\/wp-json\/wp\/v2\/pages\/449\/revisions\/23849"}],"up":[{"embeddable":true,"href":"https:\/\/suresms.com\/pt\/wp-json\/wp\/v2\/pages\/958"}],"wp:attachment":[{"href":"https:\/\/suresms.com\/pt\/wp-json\/wp\/v2\/media?parent=449"}],"wp:term":[{"taxonomy":"category","embeddable":true,"href":"https:\/\/suresms.com\/pt\/wp-json\/wp\/v2\/categories?post=449"},{"taxonomy":"post_tag","embeddable":true,"href":"https:\/\/suresms.com\/pt\/wp-json\/wp\/v2\/tags?post=449"}],"curies":[{"name":"wp","href":"https:\/\/api.w.org\/{rel}","templated":true}]}}