{"id":3881,"date":"2016-11-15T13:46:24","date_gmt":"2016-11-15T11:46:24","guid":{"rendered":"https:\/\/www.suresms.com\/dk\/?page_id=3881"},"modified":"2025-01-10T11:00:14","modified_gmt":"2025-01-10T11:00:14","slug":"solucao-joomla-sms","status":"publish","type":"page","link":"https:\/\/suresms.com\/pt\/integrationer\/cms-content-management-system-sms-integration\/joomla-sms-loesning\/","title":{"rendered":"Solu\u00e7\u00e3o Joomla SMS"},"content":{"rendered":"<!-- Flexy Breadcrumb -->\r\n\t\t\t<div class=\"fbc fbc-page\">\r\n\r\n\t\t\t\t<!-- Breadcrumb wrapper -->\r\n\t\t\t\t<div class=\"fbc-wrap\">\r\n\r\n\t\t\t\t\t<!-- Ordered list-->\r\n\t\t\t\t\t<ol class=\"fbc-items\" itemscope itemtype=\"https:\/\/schema.org\/BreadcrumbList\">\r\n\t\t\t\t\t\t            <li itemprop=\"itemListElement\" itemscope itemtype=\"https:\/\/schema.org\/ListItem\">\r\n                <span itemprop=\"name\">\r\n                    <!-- Home Link -->\r\n                    <a itemprop=\"item\" href=\"https:\/\/suresms.com\/pt\/\">\r\n                    \r\n                                                    <i class=\"fa fa-home\" aria-hidden=\"true\"><\/i>In\u00edcio                    <\/a>\r\n                <\/span>\r\n                <meta itemprop=\"position\" content=\"1\" \/><!-- Meta Position-->\r\n             <\/li><li><span class=\"fbc-separator\">\/<\/span><\/li><li class=\"active\" itemprop=\"itemListElement\" itemscope itemtype=\"https:\/\/schema.org\/ListItem\"><span itemprop=\"name\" title=\"Solu\u00e7\u00e3o Joomla SMS\">Solu\u00e7\u00e3o Joomla SMS<\/span><meta itemprop=\"position\" content=\"2\" \/><\/li>\t\t\t\t\t<\/ol>\r\n\t\t\t\t\t<div class=\"clearfix\"><\/div>\r\n\t\t\t\t<\/div>\r\n\t\t\t<\/div>\r\n\t\t\t\n\t\n\n<h1>Enviar SMS a partir do Joomla - Plug'in da Acyba.com.<\/h1>\n<p>O SureSMS foi escolhido como um dos gateways de SMS padr\u00e3o que a Acyba utiliza na sua solu\u00e7\u00e3o AcySMS.<\/p>\n<p>O AcySMS \u00e9 uma extens\u00e3o gratuita para o Joomla. A extens\u00e3o est\u00e1 totalmente integrada no seu s\u00edtio Joomla e permite-lhe criar campanhas de acompanhamento, respostas autom\u00e1ticas, boletins informativos, an\u00fancios, promo\u00e7\u00f5es, ofertas e respostas autom\u00e1ticas ...., tudo atrav\u00e9s de SMS.<\/p>\n<p>Sendo o \u00fanico gateway dinamarqu\u00eas de SMS, a SureSMS oferece, como parte do AcySMS, a possibilidade de receber respostas.<\/p>\n<h2>Como come\u00e7ar<\/h2>\n<p>Para come\u00e7ar, v\u00e1 a Acyba.com e descarregue o pr\u00f3prio plugin.<\/p>\n<p>Em seguida, tem de criar uma conta de teste aqui connosco, clicando no bot\u00e3o amarelo \"Criar conta de teste gratuita\" abaixo.<\/p>\n<p>Depois de ter tudo configurado, basta escrever para support@suresms.com e pedir para mudar a sua conta de teste para uma conta real.<\/p>\n<p>&nbsp;<\/p>\n\n\t\t<h3><a href=\"http:\/\/suresms.com\/pt\/?page_id=449\" target=\"_self\">Receber SMS - Criar uma solu\u00e7\u00e3o bidirecional<\/a><\/h3>\n\t\t\t\t<a href=\"http:\/\/suresms.com\/pt\/?page_id=449\" target=\"_self\" itemprop=\"url\">\n\t\t\t\t<img loading=\"lazy\" decoding=\"async\" src=\"https:\/\/suresms.com\/wp-content\/uploads\/2016\/06\/2-vejs-sms-outlook-callout.jpg\" alt=\"Chamada de perspetiva de sms bidirecional\" itemprop=\"image\" height=\"300\" width=\"400\" title=\"Chamada de perspetiva de sms bidirecional\" onerror=\"this.style.display='none'\"  \/>\n\t\t\t\t<\/a>\n<p>Quando utiliza o nosso plugin SMS Outlook, tem a op\u00e7\u00e3o de guardar todos os SMS enviados numa pasta separada. Assim, tem sempre um arquivo do que foi enviado.<\/p>\n<p><strong>Com uma solu\u00e7\u00e3o bidirecional paga, tamb\u00e9m pode receber SMS no seu Outlook,<\/strong> e assim obter um historial de todo o di\u00e1logo SMS. Isto pode ser uma grande vantagem se estiver numa posi\u00e7\u00e3o que exija o arquivamento.<\/p>\n<p>Siga a liga\u00e7\u00e3o e leia mais sobre as nossas solu\u00e7\u00f5es bidireccionais: A partir daqui, tamb\u00e9m pode criar facilmente a sua pr\u00f3pria solu\u00e7\u00e3o bidirecional.<\/p>\n\t\t\t<a href=\"http:\/\/suresms.com\/pt\/?page_id=449\" target=\"_self\">\n\t\t\t\t\t\t\tIr para Solu\u00e7\u00f5es bidireccionais\n\t\t\t\t\t<\/a>\n\t\t<h3><a href=\"https:\/\/suresms.com\/pt\/carateristicas\/receber-mensagens-de-texto-no-seu-computador\/\" target=\"_self\">SMS bidirecional - Intervalos de n\u00fameros<\/a><\/h3>\n\t\t\t\t<a href=\"https:\/\/suresms.com\/pt\/carateristicas\/receber-mensagens-de-texto-no-seu-computador\/\" target=\"_self\" itemprop=\"url\">\n\t\t\t\t<img loading=\"lazy\" decoding=\"async\" src=\"https:\/\/suresms.com\/wp-content\/uploads\/2016\/06\/Nummerserier-modtag-sms-Outlook-callout.jpg\" alt=\"Intervalos de n\u00fameros recebem sms Chamada do Outlook\" itemprop=\"image\" height=\"300\" width=\"400\" title=\"Intervalos de n\u00fameros recebem sms Chamada do Outlook\" onerror=\"this.style.display='none'\"  \/>\n\t\t\t\t<\/a>\n<p>Se tem muitos funcion\u00e1rios na sua organiza\u00e7\u00e3o que necessitam de enviar e receber SMS atrav\u00e9s do Outlook, ent\u00e3o a nossa s\u00e9rie de n\u00fameros virtuais \u00e9 o produto ideal para si. O pre\u00e7o varia consoante o volume. <a href=\"http:\/\/suresms.com\/pt\/?page_id=2260\">Contactar a SureSMS<\/a> Para mais informa\u00e7\u00f5es.<\/p>\n<ul>\n<li><strong>Para muitas faixas (min 10)<\/strong><\/li>\n<li><strong>Pre\u00e7o por marca\u00e7\u00e3o<\/strong><\/li>\n<li><strong>N\u00fameros dinamarqueses<\/strong><\/li>\n<li><strong>Rece\u00e7\u00e3o ilimitada<\/strong><\/li>\n<li><strong>Fatura gratuita<\/strong><\/li>\n<\/ul>\n\t\t\t<a href=\"https:\/\/suresms.com\/pt\/carateristicas\/receber-mensagens-de-texto-no-seu-computador\/\" target=\"_self\">\n\t\t\t\t\t\t\tAcerca dos intervalos de n\u00fameros SureSMS\n\t\t\t\t\t<\/a>\n\t<h3><strong>Guia de instru\u00e7\u00f5es<\/strong><\/h3>\n\n<h4><strong>A instala\u00e7\u00e3o do nosso suplemento para Outlook \u00e9 f\u00e1cil. Basta seguir estas breves instru\u00e7\u00f5es.<br \/>Se pretender uma orienta\u00e7\u00e3o mais pormenorizada, <a href=\"http:\/\/manual.suresms.com\/plugins\/manual-send-sms-fra-outlook\/\">Ver a descri\u00e7\u00e3o completa no nosso Manualsite<\/a>onde temos descri\u00e7\u00f5es detalhadas e guias para todas as nossas funcionalidades.<\/strong><\/h4>\n\t\t<h3>Instalar o SureSMS para Outlook<\/h3><ol>\n<li>Descarregue o nosso plugin atrav\u00e9s da liga\u00e7\u00e3o no topo desta p\u00e1gina.<\/li>\n<li>Instalar o programa<\/li>\n<li>Abra o Outlook. Ver\u00e1 uma captura de ecr\u00e3 como a que se encontra \u00e0 esquerda.<\/li>\n<li>Preencher as informa\u00e7\u00f5es de in\u00edcio de sess\u00e3o.<\/li>\n<li>Se ainda n\u00e3o tem uma conta, pode obt\u00ea-la seguindo a liga\u00e7\u00e3o azul no seu ecr\u00e3 de in\u00edcio de sess\u00e3o.<\/li>\n<\/ol>\n\t\t\t\t<img loading=\"lazy\" decoding=\"async\" src=\"https:\/\/suresms.com\/wp-content\/uploads\/2016\/06\/sms-Outlook-vejledning1.png\" alt=\"SMS Guia do Outlook1\" itemprop=\"image\" height=\"393\" width=\"413\" title=\"SMS Guia do Outlook1\" onerror=\"this.style.display='none'\"  \/>\n\t\t<h3>Enviar SMS a partir do Outlook<\/h3><p>Depois de ter instalado o nosso suplemento, ver\u00e1 um novo grupo de \u00edcones no lado direito do seu menu, como o que v\u00ea na imagem aqui.<\/p>\n<p>Depois, basta escrever o n\u00famero, a mensagem e premir enviar.<\/p>\n<p>Pode digitar +46 e depois o n\u00famero se quiser enviar para, por exemplo, a Su\u00e9cia, mas se quiser enviar para a Dinamarca, basta definir o indicativo do pa\u00eds no ecr\u00e3 de configura\u00e7\u00e3o e o sistema definir\u00e1 ele pr\u00f3prio o indicativo do pa\u00eds.<\/p>\n\n\t\t\t\t<img loading=\"lazy\" decoding=\"async\" src=\"https:\/\/suresms.com\/wp-content\/uploads\/2016\/06\/sms-outlook-plugin-Add-in-vejledning.png\" alt=\"sms outlook plugin Guia do suplemento\" itemprop=\"image\" height=\"343\" width=\"378\" title=\"sms outlook plugin Guia do suplemento\" onerror=\"this.style.display='none'\"  \/>\n\t\t<h3><a href=\"http:\/\/suresms.com\/pt\/documentos\/\" target=\"_self\">Visite o nosso s\u00edtio Web do Manual<\/a><\/h3>\n\t\t\t\t<a href=\"http:\/\/suresms.com\/pt\/documentos\/\" target=\"_self\" itemprop=\"url\">\n\t\t\t\t<img loading=\"lazy\" decoding=\"async\" src=\"https:\/\/suresms.com\/wp-content\/uploads\/2016\/03\/Manual-400x250-px1.jpg\" alt=\"manual do s\u00edtio web suresms\" itemprop=\"image\" height=\"250\" width=\"400\" title=\"Manual 400x250 px\" onerror=\"this.style.display='none'\"  \/>\n\t\t\t\t<\/a>\n<p>Para ajudar os nossos clientes, reunimos todas as instru\u00e7\u00f5es e descri\u00e7\u00f5es em suresms.com\/docs. Aqui pode ver como funciona o nosso portal e obter instru\u00e7\u00f5es simples e f\u00e1ceis de utilizar para as muitas funcionalidades.<\/p>\n\t\t<h3><a href=\"http:\/\/developer.suresms.com\/\" target=\"_self\">desenvolvedor.suresms.com<\/a><\/h3>\n\t\t\t\t<a href=\"http:\/\/developer.suresms.com\/\" target=\"_self\" itemprop=\"url\">\n\t\t\t\t<img loading=\"lazy\" decoding=\"async\" src=\"https:\/\/suresms.com\/wp-content\/uploads\/2016\/03\/developer-400x250-px.jpg\" alt=\"programador suresms s\u00edtio web para programadores\" itemprop=\"image\" height=\"250\" width=\"400\" title=\"desenvolvedor 400x250 px\" onerror=\"this.style.display='none'\"  \/>\n\t\t\t\t<\/a>\nSureSMS \u00e9 feito por programadores para programadores!<br \/>\nEm developer.suresms.com reunimos documenta\u00e7\u00e3o e exemplos de c\u00f3digo para facilitar a integra\u00e7\u00e3o do nosso gateway no seu sistema.\n\t\t<h3><a href=\"https:\/\/www.youtube.com\/channel\/UC1XGC5rl9mI9ndtBVn8yq7g\" target=\"_self\">Veja os nossos v\u00eddeos de instru\u00e7\u00f5es!<\/a><\/h3>\n\t\t\t\t<a href=\"https:\/\/www.youtube.com\/channel\/UC1XGC5rl9mI9ndtBVn8yq7g\" target=\"_self\" itemprop=\"url\">\n\t\t\t\t<img loading=\"lazy\" decoding=\"async\" src=\"https:\/\/suresms.com\/wp-content\/uploads\/2016\/03\/you-tube400x250px.jpg\" alt=\"suresms sms gateway v\u00eddeos do you tube\" itemprop=\"image\" height=\"250\" width=\"400\" title=\"you tube 400x250px\" onerror=\"this.style.display='none'\"  \/>\n\t\t\t\t<\/a>\n<p>Est\u00e1 a come\u00e7ar a utilizar uma nova funcionalidade? Ou precisa apenas de saber um pouco mais sobre o funcionamento do nosso portal? No Youtube, reunimos os nossos v\u00eddeos de instru\u00e7\u00f5es. Pronto para come\u00e7ar!<\/p>","protected":false},"excerpt":{"rendered":"<p>Enviar SMS a partir do Joomla - Plug'in da Acyba.com. O SureSMS foi escolhido como um dos gateways de SMS padr\u00e3o que a Acyba utiliza na sua solu\u00e7\u00e3o AcySMS. O AcySMS \u00e9 uma extens\u00e3o gratuita para o Joomla. A extens\u00e3o est\u00e1 totalmente integrada no seu s\u00edtio Joomla e permite-lhe criar campanhas de acompanhamento, respostas autom\u00e1ticas, boletins informativos, an\u00fancios, ofertas e ... <a title=\"Solu\u00e7\u00e3o Joomla SMS\" class=\"read-more\" href=\"https:\/\/suresms.com\/pt\/integrationer\/cms-content-management-system-sms-integration\/joomla-sms-loesning\/\" aria-label=\"Ler mais sobre a solu\u00e7\u00e3o Joomla SMS\">Rir mas<\/a><\/p>","protected":false},"author":1,"featured_media":0,"parent":14437,"menu_order":0,"comment_status":"closed","ping_status":"closed","template":"","meta":{"_fl_builder_enabled":"1","_fl_builder_data":null,"_fl_builder_draft":null,"_fl_builder_data_settings":null,"_fl_builder_css":"","_fl_builder_css_version":"","_fl_builder_js":"","footnotes":""},"categories":[],"tags":[],"class_list":["post-3881","page","type-page","status-publish"],"yoast_head":"<!-- This site is optimized with the Yoast SEO Premium plugin v27.3 (Yoast SEO v27.3) - https:\/\/yoast.com\/product\/yoast-seo-premium-wordpress\/ -->\r\n<title>Joomla SMS system - SMS direkte fra din Joomla shop med AcySMS<\/title>\r\n<meta name=\"description\" content=\"Joomla SMS integration | Joomla SMS Plugin | Send nyheds og ordrestatus SMS fra din Joomla installation med AcySMS og SureSMS gateway.\" \/>\r\n<meta name=\"robots\" content=\"index, follow, max-snippet:-1, max-image-preview:large, max-video-preview:-1\" \/>\r\n<link rel=\"canonical\" href=\"https:\/\/suresms.com\/pt\/integracoes\/cms-sistema-de-gestao-de-conteudos-integracao-de-sms\/solucao-joomla-sms\/\" \/>\r\n<meta property=\"og:locale\" content=\"pt_PT\" \/>\r\n<meta property=\"og:type\" content=\"article\" \/>\r\n<meta property=\"og:title\" content=\"Update - SMS til Outlook Plugin Version 1.4 - SureSMS\" \/>\r\n<meta property=\"og:description\" content=\"Update - GRATIS SMS Add-in til Outlook. Send SMS til kontakter &amp; grupper - Fuld dokumentation - Gratis testkonto. Flere afsender-ID muligheder. Modtag svar p\u00e5 mobil eller i Outlook med 2-vejs L\u00f8sning. NU op til 800 tegn i beskeden.\" \/>\r\n<meta property=\"og:url\" content=\"https:\/\/suresms.com\/pt\/integracoes\/cms-sistema-de-gestao-de-conteudos-integracao-de-sms\/solucao-joomla-sms\/\" \/>\r\n<meta property=\"article:publisher\" content=\"https:\/\/www.facebook.com\/p\/SureSMS-100044607956149\/\" \/>\r\n<meta property=\"article:modified_time\" content=\"2025-01-10T11:00:14+00:00\" \/>\r\n<meta property=\"og:image\" content=\"https:\/\/suresms.com\/wp-content\/uploads\/2016\/02\/facebook-Outlook-plugin-version-1.4-snippet-1.jpg\" \/>\r\n\t<meta property=\"og:image:width\" content=\"1200\" \/>\r\n\t<meta property=\"og:image:height\" content=\"630\" \/>\r\n\t<meta property=\"og:image:type\" content=\"image\/jpeg\" \/>\r\n<meta name=\"twitter:card\" content=\"summary_large_image\" \/>\r\n<meta name=\"twitter:title\" content=\"Joomla SMS l\u00f8sning\" \/>\r\n<meta name=\"twitter:label1\" content=\"Tempo estimado de leitura\" \/>\n\t<meta name=\"twitter:data1\" content=\"3 minutos\" \/>\r\n<script type=\"application\/ld+json\" class=\"yoast-schema-graph\">{\"@context\":\"https:\\\/\\\/schema.org\",\"@graph\":[{\"@type\":\"WebPage\",\"@id\":\"https:\\\/\\\/suresms.com\\\/dk\\\/integrationer\\\/cms-content-management-system-sms-integration\\\/joomla-sms-loesning\\\/\",\"url\":\"https:\\\/\\\/suresms.com\\\/dk\\\/integrationer\\\/cms-content-management-system-sms-integration\\\/joomla-sms-loesning\\\/\",\"name\":\"Joomla SMS system - SMS direkte fra din Joomla shop med AcySMS\",\"isPartOf\":{\"@id\":\"https:\\\/\\\/suresms.com\\\/en\\\/#website\"},\"primaryImageOfPage\":{\"@id\":\"https:\\\/\\\/suresms.com\\\/dk\\\/integrationer\\\/cms-content-management-system-sms-integration\\\/joomla-sms-loesning\\\/#primaryimage\"},\"image\":{\"@id\":\"https:\\\/\\\/suresms.com\\\/dk\\\/integrationer\\\/cms-content-management-system-sms-integration\\\/joomla-sms-loesning\\\/#primaryimage\"},\"thumbnailUrl\":\"https:\\\/\\\/suresms.com\\\/wp-content\\\/uploads\\\/2016\\\/06\\\/2-vejs-sms-outlook-callout.jpg\",\"datePublished\":\"2016-11-15T11:46:24+00:00\",\"dateModified\":\"2025-01-10T11:00:14+00:00\",\"description\":\"Joomla SMS integration | Joomla SMS Plugin | Send nyheds og ordrestatus SMS fra din Joomla installation med AcySMS og SureSMS gateway.\",\"breadcrumb\":{\"@id\":\"https:\\\/\\\/suresms.com\\\/dk\\\/integrationer\\\/cms-content-management-system-sms-integration\\\/joomla-sms-loesning\\\/#breadcrumb\"},\"inLanguage\":\"pt-PT\",\"potentialAction\":[{\"@type\":\"ReadAction\",\"target\":[\"https:\\\/\\\/suresms.com\\\/dk\\\/integrationer\\\/cms-content-management-system-sms-integration\\\/joomla-sms-loesning\\\/\"]}]},{\"@type\":\"ImageObject\",\"inLanguage\":\"pt-PT\",\"@id\":\"https:\\\/\\\/suresms.com\\\/dk\\\/integrationer\\\/cms-content-management-system-sms-integration\\\/joomla-sms-loesning\\\/#primaryimage\",\"url\":\"https:\\\/\\\/suresms.com\\\/wp-content\\\/uploads\\\/2016\\\/06\\\/2-vejs-sms-outlook-callout.jpg\",\"contentUrl\":\"https:\\\/\\\/suresms.com\\\/wp-content\\\/uploads\\\/2016\\\/06\\\/2-vejs-sms-outlook-callout.jpg\"},{\"@type\":\"BreadcrumbList\",\"@id\":\"https:\\\/\\\/suresms.com\\\/dk\\\/integrationer\\\/cms-content-management-system-sms-integration\\\/joomla-sms-loesning\\\/#breadcrumb\",\"itemListElement\":[{\"@type\":\"ListItem\",\"position\":1,\"name\":\"Home\",\"item\":\"https:\\\/\\\/suresms.com\\\/dk\\\/\"},{\"@type\":\"ListItem\",\"position\":2,\"name\":\"Integrationer\",\"item\":\"https:\\\/\\\/suresms.com\\\/dk\\\/integrationer\\\/\"},{\"@type\":\"ListItem\",\"position\":3,\"name\":\"SMS integration til Content Management Systemer (CMS systemer)\",\"item\":\"https:\\\/\\\/suresms.com\\\/dk\\\/integrationer\\\/cms-content-management-system-sms-integration\\\/\"},{\"@type\":\"ListItem\",\"position\":4,\"name\":\"Joomla SMS l\u00f8sning\"}]},{\"@type\":\"WebSite\",\"@id\":\"https:\\\/\\\/suresms.com\\\/en\\\/#website\",\"url\":\"https:\\\/\\\/suresms.com\\\/en\\\/\",\"name\":\"SureSMS\",\"description\":\"Professionel SMS Gateway\",\"publisher\":{\"@id\":\"https:\\\/\\\/suresms.com\\\/en\\\/#organization\"},\"potentialAction\":[{\"@type\":\"SearchAction\",\"target\":{\"@type\":\"EntryPoint\",\"urlTemplate\":\"https:\\\/\\\/suresms.com\\\/en\\\/?s={search_term_string}\"},\"query-input\":{\"@type\":\"PropertyValueSpecification\",\"valueRequired\":true,\"valueName\":\"search_term_string\"}}],\"inLanguage\":\"pt-PT\"},{\"@type\":\"Organization\",\"@id\":\"https:\\\/\\\/suresms.com\\\/en\\\/#organization\",\"name\":\"SureSMS\",\"url\":\"https:\\\/\\\/suresms.com\\\/en\\\/\",\"logo\":{\"@type\":\"ImageObject\",\"inLanguage\":\"pt-PT\",\"@id\":\"https:\\\/\\\/suresms.com\\\/en\\\/#\\\/schema\\\/logo\\\/image\\\/\",\"url\":\"https:\\\/\\\/suresms.com\\\/wp-content\\\/uploads\\\/2024\\\/11\\\/suresms-300x65-1.png\",\"contentUrl\":\"https:\\\/\\\/suresms.com\\\/wp-content\\\/uploads\\\/2024\\\/11\\\/suresms-300x65-1.png\",\"width\":300,\"height\":65,\"caption\":\"SureSMS\"},\"image\":{\"@id\":\"https:\\\/\\\/suresms.com\\\/en\\\/#\\\/schema\\\/logo\\\/image\\\/\"},\"sameAs\":[\"https:\\\/\\\/www.facebook.com\\\/p\\\/SureSMS-100044607956149\\\/\"]}]}<\/script>\r\n<!-- \/ Yoast SEO Premium plugin. -->","yoast_head_json":{"title":"Sistema SMS Joomla - SMS diretamente da sua loja Joomla com AcySMS","description":"Integra\u00e7\u00e3o do Joomla SMS | Joomla SMS Plugin | Envie not\u00edcias e status do pedido SMS a partir de sua instala\u00e7\u00e3o Joomla com AcySMS e SureSMS gateway.","robots":{"index":"index","follow":"follow","max-snippet":"max-snippet:-1","max-image-preview":"max-image-preview:large","max-video-preview":"max-video-preview:-1"},"canonical":"https:\/\/suresms.com\/pt\/integracoes\/cms-sistema-de-gestao-de-conteudos-integracao-de-sms\/solucao-joomla-sms\/","og_locale":"pt_PT","og_type":"article","og_title":"Update - SMS til Outlook Plugin Version 1.4 - SureSMS","og_description":"Update - GRATIS SMS Add-in til Outlook. Send SMS til kontakter & grupper - Fuld dokumentation - Gratis testkonto. Flere afsender-ID muligheder. Modtag svar p\u00e5 mobil eller i Outlook med 2-vejs L\u00f8sning. NU op til 800 tegn i beskeden.","og_url":"https:\/\/suresms.com\/pt\/integracoes\/cms-sistema-de-gestao-de-conteudos-integracao-de-sms\/solucao-joomla-sms\/","article_publisher":"https:\/\/www.facebook.com\/p\/SureSMS-100044607956149\/","article_modified_time":"2025-01-10T11:00:14+00:00","og_image":[{"width":1200,"height":630,"url":"https:\/\/suresms.com\/wp-content\/uploads\/2016\/02\/facebook-Outlook-plugin-version-1.4-snippet-1.jpg","type":"image\/jpeg"}],"twitter_card":"summary_large_image","twitter_title":"Joomla SMS l\u00f8sning","twitter_misc":{"Tempo estimado de leitura":"3 minutos"},"schema":{"@context":"https:\/\/schema.org","@graph":[{"@type":"WebPage","@id":"https:\/\/suresms.com\/dk\/integrationer\/cms-content-management-system-sms-integration\/joomla-sms-loesning\/","url":"https:\/\/suresms.com\/dk\/integrationer\/cms-content-management-system-sms-integration\/joomla-sms-loesning\/","name":"Sistema SMS Joomla - SMS diretamente da sua loja Joomla com AcySMS","isPartOf":{"@id":"https:\/\/suresms.com\/en\/#website"},"primaryImageOfPage":{"@id":"https:\/\/suresms.com\/dk\/integrationer\/cms-content-management-system-sms-integration\/joomla-sms-loesning\/#primaryimage"},"image":{"@id":"https:\/\/suresms.com\/dk\/integrationer\/cms-content-management-system-sms-integration\/joomla-sms-loesning\/#primaryimage"},"thumbnailUrl":"https:\/\/suresms.com\/wp-content\/uploads\/2016\/06\/2-vejs-sms-outlook-callout.jpg","datePublished":"2016-11-15T11:46:24+00:00","dateModified":"2025-01-10T11:00:14+00:00","description":"Integra\u00e7\u00e3o do Joomla SMS | Joomla SMS Plugin | Envie not\u00edcias e status do pedido SMS a partir de sua instala\u00e7\u00e3o Joomla com AcySMS e SureSMS gateway.","breadcrumb":{"@id":"https:\/\/suresms.com\/dk\/integrationer\/cms-content-management-system-sms-integration\/joomla-sms-loesning\/#breadcrumb"},"inLanguage":"pt-PT","potentialAction":[{"@type":"ReadAction","target":["https:\/\/suresms.com\/dk\/integrationer\/cms-content-management-system-sms-integration\/joomla-sms-loesning\/"]}]},{"@type":"ImageObject","inLanguage":"pt-PT","@id":"https:\/\/suresms.com\/dk\/integrationer\/cms-content-management-system-sms-integration\/joomla-sms-loesning\/#primaryimage","url":"https:\/\/suresms.com\/wp-content\/uploads\/2016\/06\/2-vejs-sms-outlook-callout.jpg","contentUrl":"https:\/\/suresms.com\/wp-content\/uploads\/2016\/06\/2-vejs-sms-outlook-callout.jpg"},{"@type":"BreadcrumbList","@id":"https:\/\/suresms.com\/dk\/integrationer\/cms-content-management-system-sms-integration\/joomla-sms-loesning\/#breadcrumb","itemListElement":[{"@type":"ListItem","position":1,"name":"Home","item":"https:\/\/suresms.com\/dk\/"},{"@type":"ListItem","position":2,"name":"Integrationer","item":"https:\/\/suresms.com\/dk\/integrationer\/"},{"@type":"ListItem","position":3,"name":"SMS integration til Content Management Systemer (CMS systemer)","item":"https:\/\/suresms.com\/dk\/integrationer\/cms-content-management-system-sms-integration\/"},{"@type":"ListItem","position":4,"name":"Joomla SMS l\u00f8sning"}]},{"@type":"WebSite","@id":"https:\/\/suresms.com\/en\/#website","url":"https:\/\/suresms.com\/en\/","name":"SureSMS","description":"Gateway SMS profissional","publisher":{"@id":"https:\/\/suresms.com\/en\/#organization"},"potentialAction":[{"@type":"SearchAction","target":{"@type":"EntryPoint","urlTemplate":"https:\/\/suresms.com\/en\/?s={search_term_string}"},"query-input":{"@type":"PropertyValueSpecification","valueRequired":true,"valueName":"search_term_string"}}],"inLanguage":"pt-PT"},{"@type":"Organization","@id":"https:\/\/suresms.com\/en\/#organization","name":"SureSMS","url":"https:\/\/suresms.com\/en\/","logo":{"@type":"ImageObject","inLanguage":"pt-PT","@id":"https:\/\/suresms.com\/en\/#\/schema\/logo\/image\/","url":"https:\/\/suresms.com\/wp-content\/uploads\/2024\/11\/suresms-300x65-1.png","contentUrl":"https:\/\/suresms.com\/wp-content\/uploads\/2024\/11\/suresms-300x65-1.png","width":300,"height":65,"caption":"SureSMS"},"image":{"@id":"https:\/\/suresms.com\/en\/#\/schema\/logo\/image\/"},"sameAs":["https:\/\/www.facebook.com\/p\/SureSMS-100044607956149\/"]}]}},"_links":{"self":[{"href":"https:\/\/suresms.com\/pt\/wp-json\/wp\/v2\/pages\/3881","targetHints":{"allow":["GET"]}}],"collection":[{"href":"https:\/\/suresms.com\/pt\/wp-json\/wp\/v2\/pages"}],"about":[{"href":"https:\/\/suresms.com\/pt\/wp-json\/wp\/v2\/types\/page"}],"author":[{"embeddable":true,"href":"https:\/\/suresms.com\/pt\/wp-json\/wp\/v2\/users\/1"}],"replies":[{"embeddable":true,"href":"https:\/\/suresms.com\/pt\/wp-json\/wp\/v2\/comments?post=3881"}],"version-history":[{"count":10,"href":"https:\/\/suresms.com\/pt\/wp-json\/wp\/v2\/pages\/3881\/revisions"}],"predecessor-version":[{"id":21404,"href":"https:\/\/suresms.com\/pt\/wp-json\/wp\/v2\/pages\/3881\/revisions\/21404"}],"up":[{"embeddable":true,"href":"https:\/\/suresms.com\/pt\/wp-json\/wp\/v2\/pages\/14437"}],"wp:attachment":[{"href":"https:\/\/suresms.com\/pt\/wp-json\/wp\/v2\/media?parent=3881"}],"wp:term":[{"taxonomy":"category","embeddable":true,"href":"https:\/\/suresms.com\/pt\/wp-json\/wp\/v2\/categories?post=3881"},{"taxonomy":"post_tag","embeddable":true,"href":"https:\/\/suresms.com\/pt\/wp-json\/wp\/v2\/tags?post=3881"}],"curies":[{"name":"wp","href":"https:\/\/api.w.org\/{rel}","templated":true}]}}