{"id":3755,"date":"2016-10-18T13:01:26","date_gmt":"2016-10-18T11:01:26","guid":{"rendered":"https:\/\/www.suresms.com\/dk\/?page_id=3755"},"modified":"2025-01-04T23:57:58","modified_gmt":"2025-01-04T23:57:58","slug":"solucao-sms-para-sistemas-de-bibliotecas-partilhadas","status":"publish","type":"page","link":"https:\/\/suresms.com\/pt\/integrationer\/fagsystem-sms-integration\/sms-loesning-til-faelles-bibliotekssystem\/","title":{"rendered":"Solu\u00e7\u00e3o SMS para o FBS (Sistema de Bibliotecas Partilhadas)"},"content":{"rendered":"<!-- Flexy Breadcrumb -->\r\n\t\t\t<div class=\"fbc fbc-page\">\r\n\r\n\t\t\t\t<!-- Breadcrumb wrapper -->\r\n\t\t\t\t<div class=\"fbc-wrap\">\r\n\r\n\t\t\t\t\t<!-- Ordered list-->\r\n\t\t\t\t\t<ol class=\"fbc-items\" itemscope itemtype=\"https:\/\/schema.org\/BreadcrumbList\">\r\n\t\t\t\t\t\t            <li itemprop=\"itemListElement\" itemscope itemtype=\"https:\/\/schema.org\/ListItem\">\r\n                <span itemprop=\"name\">\r\n                    <!-- Home Link -->\r\n                    <a itemprop=\"item\" href=\"https:\/\/suresms.com\/pt\/\">\r\n                    \r\n                                                    <i class=\"fa fa-home\" aria-hidden=\"true\"><\/i>In\u00edcio                    <\/a>\r\n                <\/span>\r\n                <meta itemprop=\"position\" content=\"1\" \/><!-- Meta Position-->\r\n             <\/li><li><span class=\"fbc-separator\">\/<\/span><\/li><li class=\"active\" itemprop=\"itemListElement\" itemscope itemtype=\"https:\/\/schema.org\/ListItem\"><span itemprop=\"name\" title=\"Solu\u00e7\u00e3o SMS para o FBS (Sistema de Bibliotecas Partilhadas)\">Solu\u00e7\u00e3o SMS para FBS...<\/span><meta itemprop=\"position\" content=\"2\" \/><\/li>\t\t\t\t\t<\/ol>\r\n\t\t\t\t\t<div class=\"clearfix\"><\/div>\r\n\t\t\t\t<\/div>\r\n\t\t\t<\/div>\r\n\t\t\t\n<h1>\n\t\tNova solu\u00e7\u00e3o SMS para a FBS\n\t<\/h1>\n<p>&nbsp;<\/p>\n<p><strong>O novo Sistema Comum de Bibliotecas C\u00edcero (FBS), desenvolvido em colabora\u00e7\u00e3o entre a Kombit e a Systematic, est\u00e1 atualmente a ser implementado em cerca de 1.500 bibliotecas p\u00fablicas e centros de ensino em todo o pa\u00eds. A SureSMS fornece uma solu\u00e7\u00e3o de SMS desenvolvida em profundidade, com a melhor qualidade e totalmente integr\u00e1vel com o novo sistema.<\/strong><\/p>\n\n<p>A nossa solu\u00e7\u00e3o SMS cumpre todos os requisitos, padr\u00f5es e fun\u00e7\u00f5es que a Cicero estabelece para um bom fornecedor de gateway SMS. Como utilizador respons\u00e1vel do sistema, pode ter a certeza de que todas as fun\u00e7\u00f5es do Cicero funcionam com a solu\u00e7\u00e3o que desenvolvemos.<\/p>\n<h3>Configura\u00e7\u00e3o simples e Suporte Premium<\/h3>\n<p>Gra\u00e7as a um guia completo, a configura\u00e7\u00e3o ou modifica\u00e7\u00e3o do Cicero para utilizar a nossa solu\u00e7\u00e3o \u00e9 simples. Leva menos de 3 minutos para configurar o sistema e testar se tudo funciona como deveria. Se tiver alguma d\u00favida ao longo do processo, pode sempre contactar os nossos apoiantes e t\u00e9cnicos qualificados, que est\u00e3o prontos para fornecer assist\u00eancia gratuita e de primeira classe a todos os clientes.<\/p>\n<h3>Seguran\u00e7a e vigil\u00e2ncia 24\/7<\/h3>\n<p>Na SureSMS, monitorizamos os nossos servidores e a sua conta 24 horas por dia, todos os dias, durante todo o ano. Assim, pode ter a certeza de que entregamos as mensagens que envia. Quando algo corre mal - \u00e9 tecnologia, por isso ocasionalmente algo corre mal - n\u00f3s reconhecemos e detectamos imediatamente.<\/p>\n<p>Fornecemos relat\u00f3rios completos a pedido. Pode optar por receber um relat\u00f3rio di\u00e1rio de TODAS as mensagens enviadas, ou pode optar por receber apenas um relat\u00f3rio das mensagens falhadas.<\/p>\n<h3>SMS de grupo opcional com op\u00e7\u00e3o de inscri\u00e7\u00e3o<\/h3>\n<p>O nosso SMS Gateway tamb\u00e9m suporta muitas carater\u00edsticas e fun\u00e7\u00f5es diferentes do Group SMS que vendemos anteriormente a bibliotecas e outras institui\u00e7\u00f5es e servi\u00e7os municipais. Estas permitem que os cidad\u00e3os e os utilizadores subscrevam\/anulem a subscri\u00e7\u00e3o de listas atrav\u00e9s de SMS ou de s\u00edtios Web. Isto pode ser utilizado para se inscrever em eventos e cursos, ou para enviar ofertas\/not\u00edcias a grupos espec\u00edficos de utilizadores da biblioteca. Estas fun\u00e7\u00f5es funcionam fora de C\u00edcero, mas s\u00e3o bastante f\u00e1ceis de integrar na pr\u00e1tica quotidiana. <a href=\"https:\/\/suresms.com\/pt\/contacto\/\">Contacte-nos para mais informa\u00e7\u00f5es.\u00a0<\/a><\/p>\n<h3>Pre\u00e7o justo - Pol\u00edtica de pre\u00e7os simples<\/h3>\n<p>Na SureSMS n\u00e3o temos taxas de instala\u00e7\u00e3o e n\u00e3o paga qualquer subscri\u00e7\u00e3o para a solu\u00e7\u00e3o SMS para Cicero. S\u00f3 paga por mensagem enviada.<\/p>\n<p><strong>Atualmente, estamos a realizar uma campanha FBS em que os SMS podem ser adquiridos por 13 \u00f8re cada, se se inscreverem no ano civil de 2020. <\/strong>Registe-se a partir desta p\u00e1gina ou contacte-nos para mais informa\u00e7\u00f5es ou para se registar atrav\u00e9s do telefone: +45 50 322 322 ou por correio eletr\u00f3nico: support@suresms.com.<\/p>\n<p>&nbsp;<\/p>\n<p>&nbsp;<\/p>\n\t\t<h4>Instala\u00e7\u00e3o em 3 minutos!<\/h4>\n\t\t<p>Descarregue um ficheiro PDF com instru\u00e7\u00f5es de configura\u00e7\u00e3o aqui. Siga os 4 passos simples e estar\u00e1 pronto para usar o SMS em Cicero.<\/p>\n\t\t\t<a href=\"https:\/\/l.facebook.com\/l.php?u=https%3A%2F%2Fwww.suresms.com%2Fdk%2Fwp-content%2Fuploads%2F2016%2F10%2FOpsaetning-af-Cicero-FBS.pdf&#038;h=6AQEfFVRd\" target=\"_self\">\n\t\t\t\t\t\t\tGuia de transfer\u00eancia\n\t\t\t\t\t<\/a>\n\t\t<h4>Criar uma conta de avalia\u00e7\u00e3o gratuita<\/h4>\n\t\t<p>Precisa de uma conta SureSMS para testar a instala\u00e7\u00e3o do Cicero. \u00c9 f\u00e1cil de criar e totalmente gratuita. Recebe 50 mensagens SMS para o teste.<\/p>\n\t\t\t<a href=\"https:\/\/suresms.com\/pt\/conta-de-teste-de-sms-gratis\/\" target=\"_self\">\n\t\t\t\t\t\t\tCriar conta de avalia\u00e7\u00e3o\n\t\t\t\t\t<\/a>\n\t\t\t<p><a href=\"http:\/\/www.rodskovforsamlingshus.dk\/\"><img loading=\"lazy\" decoding=\"async\" src=\"https:\/\/suresms.com\/wp-content\/uploads\/2015\/02\/REB-Rodskov1.jpg\" alt=\"REB Rodskov\" width=\"172\" height=\"87\" \/><\/a><\/p>\n<p>&nbsp;<\/p>\n<p><em>\"Foram-me recomendados por um colega que tamb\u00e9m utiliza a vossa solu\u00e7\u00e3o.\u00a0<\/em><\/p>\n<p>&nbsp;<\/p>\n<p><em>Pesquisei e testei v\u00e1rias outras solu\u00e7\u00f5es de SMS, e a vossa \u00e9 de longe a mais flex\u00edvel e r\u00e1pida - e a um pre\u00e7o razo\u00e1vel. <\/em><\/p>\n<p>&nbsp;<\/p>\n<p><em>OBRIGADO por um excelente produto! Faz exatamente o que eu preciso que fa\u00e7a - Super bom!\"<\/em><\/p>\n<p>&nbsp;<\/p>\n<p><strong>Michel Gorm, Secret\u00e1rio<\/strong><\/p>\n<p>&nbsp;<\/p>\n<p><strong>Centro Comunit\u00e1rio de Rodskov<\/strong><\/p>\n<p>&nbsp;<\/p>","protected":false},"excerpt":{"rendered":"<p>Nova solu\u00e7\u00e3o SMS para o FBS O novo Sistema de Bibliotecas Partilhadas C\u00edcero (FBS), desenvolvido em colabora\u00e7\u00e3o entre a Kombit e a Systematic, est\u00e1 atualmente a ser implementado em cerca de 1500 bibliotecas p\u00fablicas e centros de ensino em todo o pa\u00eds. A SureSMS fornece uma solu\u00e7\u00e3o de SMS completamente desenvolvida, com a melhor qualidade e totalmente integr\u00e1vel com o novo sistema. A nossa solu\u00e7\u00e3o SMS cumpre todos os requisitos, normas ... <a title=\"Solu\u00e7\u00e3o SMS para o FBS (Sistema de Bibliotecas Partilhadas)\" class=\"read-more\" href=\"https:\/\/suresms.com\/pt\/integrationer\/fagsystem-sms-integration\/sms-loesning-til-faelles-bibliotekssystem\/\" aria-label=\"Leia mais sobre a solu\u00e7\u00e3o SMS para o FBS (Sistema Comum de Bibliotecas)\">Rir mas<\/a><\/p>","protected":false},"author":1,"featured_media":0,"parent":18069,"menu_order":0,"comment_status":"closed","ping_status":"closed","template":"","meta":{"_fl_builder_enabled":"1","_fl_builder_data":null,"_fl_builder_draft":null,"_fl_builder_data_settings":null,"_fl_builder_css":"","_fl_builder_css_version":"","_fl_builder_js":"","footnotes":""},"categories":[],"tags":[],"class_list":["post-3755","page","type-page","status-publish"],"yoast_head":"<!-- This site is optimized with the Yoast SEO Premium plugin v27.3 (Yoast SEO v27.3) - https:\/\/yoast.com\/product\/yoast-seo-premium-wordpress\/ -->\r\n<title>Fbs \u2192 Nem oprettelse og hurtige resultater med dette system<\/title>\r\n<meta name=\"description\" content=\"Find et nemt online system med SMS services og f\u00e5 hurtigt kontakt til dine kunder. Ny og effektiv SMS l\u00f8sning til fbs.\" \/>\r\n<meta name=\"robots\" content=\"index, follow, max-snippet:-1, max-image-preview:large, max-video-preview:-1\" \/>\r\n<link rel=\"canonical\" href=\"https:\/\/suresms.com\/pt\/integracoes\/cms-content-management-system-sms-integration-2\/solucao-sms-para-sistemas-de-bibliotecas-partilhadas\/\" \/>\r\n<meta property=\"og:locale\" content=\"pt_PT\" \/>\r\n<meta property=\"og:type\" content=\"article\" \/>\r\n<meta property=\"og:title\" content=\"SMS L\u00f8sning til F\u00e6lles Bibliotekssystem (FBS) Cicero\" \/>\r\n<meta property=\"og:description\" content=\"Lige nu udrulles Cicero (FBS) p\u00e5 folkebiblioteker og p\u00e6dagogiske l\u00e6ringscentre rundt omkring i landet. SureSMS leverer en kvalitets SMS l\u00f8sning fuldt integrerbar med det nye system. Nem ops\u00e6tning, gratis oprettelse og intet abonnement. 14 \u00f8re pr. SMS.\" \/>\r\n<meta property=\"og:url\" content=\"https:\/\/suresms.com\/pt\/integracoes\/cms-content-management-system-sms-integration-2\/solucao-sms-para-sistemas-de-bibliotecas-partilhadas\/\" \/>\r\n<meta property=\"article:publisher\" content=\"https:\/\/www.facebook.com\/p\/SureSMS-100044607956149\/\" \/>\r\n<meta property=\"article:modified_time\" content=\"2025-01-04T23:57:58+00:00\" \/>\r\n<meta property=\"og:image\" content=\"https:\/\/suresms.com\/wp-content\/uploads\/2016\/10\/SMS-Loesning-til-FBS-1.jpg\" \/>\r\n\t<meta property=\"og:image:width\" content=\"1200\" \/>\r\n\t<meta property=\"og:image:height\" content=\"600\" \/>\r\n\t<meta property=\"og:image:type\" content=\"image\/jpeg\" \/>\r\n<meta name=\"twitter:card\" content=\"summary_large_image\" \/>\r\n<meta name=\"twitter:title\" content=\"SMS l\u00f8sning til FBS (F\u00e6lles Bibliotekssystem)\" \/>\r\n<meta name=\"twitter:label1\" content=\"Tempo estimado de leitura\" \/>\n\t<meta name=\"twitter:data1\" content=\"5 minutos\" \/>\r\n<script type=\"application\/ld+json\" class=\"yoast-schema-graph\">{\"@context\":\"https:\\\/\\\/schema.org\",\"@graph\":[{\"@type\":\"WebPage\",\"@id\":\"https:\\\/\\\/suresms.com\\\/dk\\\/integrationer\\\/fagsystem-sms-integration\\\/sms-loesning-til-faelles-bibliotekssystem\\\/\",\"url\":\"https:\\\/\\\/suresms.com\\\/dk\\\/integrationer\\\/fagsystem-sms-integration\\\/sms-loesning-til-faelles-bibliotekssystem\\\/\",\"name\":\"Fbs \u2192 Nem oprettelse og hurtige resultater med dette system\",\"isPartOf\":{\"@id\":\"https:\\\/\\\/suresms.com\\\/en\\\/#website\"},\"primaryImageOfPage\":{\"@id\":\"https:\\\/\\\/suresms.com\\\/dk\\\/integrationer\\\/fagsystem-sms-integration\\\/sms-loesning-til-faelles-bibliotekssystem\\\/#primaryimage\"},\"image\":{\"@id\":\"https:\\\/\\\/suresms.com\\\/dk\\\/integrationer\\\/fagsystem-sms-integration\\\/sms-loesning-til-faelles-bibliotekssystem\\\/#primaryimage\"},\"thumbnailUrl\":\"https:\\\/\\\/suresms.com\\\/wp-content\\\/uploads\\\/2015\\\/02\\\/REB-Rodskov1.jpg\",\"datePublished\":\"2016-10-18T11:01:26+00:00\",\"dateModified\":\"2025-01-04T23:57:58+00:00\",\"description\":\"Find et nemt online system med SMS services og f\u00e5 hurtigt kontakt til dine kunder. Ny og effektiv SMS l\u00f8sning til fbs.\",\"breadcrumb\":{\"@id\":\"https:\\\/\\\/suresms.com\\\/dk\\\/integrationer\\\/fagsystem-sms-integration\\\/sms-loesning-til-faelles-bibliotekssystem\\\/#breadcrumb\"},\"inLanguage\":\"pt-PT\",\"potentialAction\":[{\"@type\":\"ReadAction\",\"target\":[\"https:\\\/\\\/suresms.com\\\/dk\\\/integrationer\\\/fagsystem-sms-integration\\\/sms-loesning-til-faelles-bibliotekssystem\\\/\"]}]},{\"@type\":\"ImageObject\",\"inLanguage\":\"pt-PT\",\"@id\":\"https:\\\/\\\/suresms.com\\\/dk\\\/integrationer\\\/fagsystem-sms-integration\\\/sms-loesning-til-faelles-bibliotekssystem\\\/#primaryimage\",\"url\":\"https:\\\/\\\/suresms.com\\\/wp-content\\\/uploads\\\/2015\\\/02\\\/REB-Rodskov1.jpg\",\"contentUrl\":\"https:\\\/\\\/suresms.com\\\/wp-content\\\/uploads\\\/2015\\\/02\\\/REB-Rodskov1.jpg\"},{\"@type\":\"BreadcrumbList\",\"@id\":\"https:\\\/\\\/suresms.com\\\/dk\\\/integrationer\\\/fagsystem-sms-integration\\\/sms-loesning-til-faelles-bibliotekssystem\\\/#breadcrumb\",\"itemListElement\":[{\"@type\":\"ListItem\",\"position\":1,\"name\":\"Home\",\"item\":\"https:\\\/\\\/suresms.com\\\/dk\\\/\"},{\"@type\":\"ListItem\",\"position\":2,\"name\":\"Integrationer\",\"item\":\"https:\\\/\\\/suresms.com\\\/dk\\\/integrationer\\\/\"},{\"@type\":\"ListItem\",\"position\":3,\"name\":\"SMS integration til fagsystemer\",\"item\":\"https:\\\/\\\/suresms.com\\\/dk\\\/integrationer\\\/fagsystem-sms-integration\\\/\"},{\"@type\":\"ListItem\",\"position\":4,\"name\":\"SMS l\u00f8sning til FBS (F\u00e6lles Bibliotekssystem)\"}]},{\"@type\":\"WebSite\",\"@id\":\"https:\\\/\\\/suresms.com\\\/en\\\/#website\",\"url\":\"https:\\\/\\\/suresms.com\\\/en\\\/\",\"name\":\"SureSMS\",\"description\":\"Professionel SMS Gateway\",\"publisher\":{\"@id\":\"https:\\\/\\\/suresms.com\\\/en\\\/#organization\"},\"potentialAction\":[{\"@type\":\"SearchAction\",\"target\":{\"@type\":\"EntryPoint\",\"urlTemplate\":\"https:\\\/\\\/suresms.com\\\/en\\\/?s={search_term_string}\"},\"query-input\":{\"@type\":\"PropertyValueSpecification\",\"valueRequired\":true,\"valueName\":\"search_term_string\"}}],\"inLanguage\":\"pt-PT\"},{\"@type\":\"Organization\",\"@id\":\"https:\\\/\\\/suresms.com\\\/en\\\/#organization\",\"name\":\"SureSMS\",\"url\":\"https:\\\/\\\/suresms.com\\\/en\\\/\",\"logo\":{\"@type\":\"ImageObject\",\"inLanguage\":\"pt-PT\",\"@id\":\"https:\\\/\\\/suresms.com\\\/en\\\/#\\\/schema\\\/logo\\\/image\\\/\",\"url\":\"https:\\\/\\\/suresms.com\\\/wp-content\\\/uploads\\\/2024\\\/11\\\/suresms-300x65-1.png\",\"contentUrl\":\"https:\\\/\\\/suresms.com\\\/wp-content\\\/uploads\\\/2024\\\/11\\\/suresms-300x65-1.png\",\"width\":300,\"height\":65,\"caption\":\"SureSMS\"},\"image\":{\"@id\":\"https:\\\/\\\/suresms.com\\\/en\\\/#\\\/schema\\\/logo\\\/image\\\/\"},\"sameAs\":[\"https:\\\/\\\/www.facebook.com\\\/p\\\/SureSMS-100044607956149\\\/\"]}]}<\/script>\r\n<!-- \/ Yoast SEO Premium plugin. -->","yoast_head_json":{"title":"Fbs \u2192 Cria\u00e7\u00e3o f\u00e1cil e resultados r\u00e1pidos com este sistema","description":"Encontre um sistema online f\u00e1cil com servi\u00e7os SMS e ligue-se rapidamente aos seus clientes. Nova e eficiente solu\u00e7\u00e3o de SMS para fbs.","robots":{"index":"index","follow":"follow","max-snippet":"max-snippet:-1","max-image-preview":"max-image-preview:large","max-video-preview":"max-video-preview:-1"},"canonical":"https:\/\/suresms.com\/pt\/integracoes\/cms-content-management-system-sms-integration-2\/solucao-sms-para-sistemas-de-bibliotecas-partilhadas\/","og_locale":"pt_PT","og_type":"article","og_title":"SMS L\u00f8sning til F\u00e6lles Bibliotekssystem (FBS) Cicero","og_description":"Lige nu udrulles Cicero (FBS) p\u00e5 folkebiblioteker og p\u00e6dagogiske l\u00e6ringscentre rundt omkring i landet. SureSMS leverer en kvalitets SMS l\u00f8sning fuldt integrerbar med det nye system. Nem ops\u00e6tning, gratis oprettelse og intet abonnement. 14 \u00f8re pr. SMS.","og_url":"https:\/\/suresms.com\/pt\/integracoes\/cms-content-management-system-sms-integration-2\/solucao-sms-para-sistemas-de-bibliotecas-partilhadas\/","article_publisher":"https:\/\/www.facebook.com\/p\/SureSMS-100044607956149\/","article_modified_time":"2025-01-04T23:57:58+00:00","og_image":[{"width":1200,"height":600,"url":"https:\/\/suresms.com\/wp-content\/uploads\/2016\/10\/SMS-Loesning-til-FBS-1.jpg","type":"image\/jpeg"}],"twitter_card":"summary_large_image","twitter_title":"SMS l\u00f8sning til FBS (F\u00e6lles Bibliotekssystem)","twitter_misc":{"Tempo estimado de leitura":"5 minutos"},"schema":{"@context":"https:\/\/schema.org","@graph":[{"@type":"WebPage","@id":"https:\/\/suresms.com\/dk\/integrationer\/fagsystem-sms-integration\/sms-loesning-til-faelles-bibliotekssystem\/","url":"https:\/\/suresms.com\/dk\/integrationer\/fagsystem-sms-integration\/sms-loesning-til-faelles-bibliotekssystem\/","name":"Fbs \u2192 Cria\u00e7\u00e3o f\u00e1cil e resultados r\u00e1pidos com este sistema","isPartOf":{"@id":"https:\/\/suresms.com\/en\/#website"},"primaryImageOfPage":{"@id":"https:\/\/suresms.com\/dk\/integrationer\/fagsystem-sms-integration\/sms-loesning-til-faelles-bibliotekssystem\/#primaryimage"},"image":{"@id":"https:\/\/suresms.com\/dk\/integrationer\/fagsystem-sms-integration\/sms-loesning-til-faelles-bibliotekssystem\/#primaryimage"},"thumbnailUrl":"https:\/\/suresms.com\/wp-content\/uploads\/2015\/02\/REB-Rodskov1.jpg","datePublished":"2016-10-18T11:01:26+00:00","dateModified":"2025-01-04T23:57:58+00:00","description":"Encontre um sistema online f\u00e1cil com servi\u00e7os SMS e ligue-se rapidamente aos seus clientes. Nova e eficiente solu\u00e7\u00e3o de SMS para fbs.","breadcrumb":{"@id":"https:\/\/suresms.com\/dk\/integrationer\/fagsystem-sms-integration\/sms-loesning-til-faelles-bibliotekssystem\/#breadcrumb"},"inLanguage":"pt-PT","potentialAction":[{"@type":"ReadAction","target":["https:\/\/suresms.com\/dk\/integrationer\/fagsystem-sms-integration\/sms-loesning-til-faelles-bibliotekssystem\/"]}]},{"@type":"ImageObject","inLanguage":"pt-PT","@id":"https:\/\/suresms.com\/dk\/integrationer\/fagsystem-sms-integration\/sms-loesning-til-faelles-bibliotekssystem\/#primaryimage","url":"https:\/\/suresms.com\/wp-content\/uploads\/2015\/02\/REB-Rodskov1.jpg","contentUrl":"https:\/\/suresms.com\/wp-content\/uploads\/2015\/02\/REB-Rodskov1.jpg"},{"@type":"BreadcrumbList","@id":"https:\/\/suresms.com\/dk\/integrationer\/fagsystem-sms-integration\/sms-loesning-til-faelles-bibliotekssystem\/#breadcrumb","itemListElement":[{"@type":"ListItem","position":1,"name":"Home","item":"https:\/\/suresms.com\/dk\/"},{"@type":"ListItem","position":2,"name":"Integrationer","item":"https:\/\/suresms.com\/dk\/integrationer\/"},{"@type":"ListItem","position":3,"name":"SMS integration til fagsystemer","item":"https:\/\/suresms.com\/dk\/integrationer\/fagsystem-sms-integration\/"},{"@type":"ListItem","position":4,"name":"SMS l\u00f8sning til FBS (F\u00e6lles Bibliotekssystem)"}]},{"@type":"WebSite","@id":"https:\/\/suresms.com\/en\/#website","url":"https:\/\/suresms.com\/en\/","name":"SureSMS","description":"Gateway SMS profissional","publisher":{"@id":"https:\/\/suresms.com\/en\/#organization"},"potentialAction":[{"@type":"SearchAction","target":{"@type":"EntryPoint","urlTemplate":"https:\/\/suresms.com\/en\/?s={search_term_string}"},"query-input":{"@type":"PropertyValueSpecification","valueRequired":true,"valueName":"search_term_string"}}],"inLanguage":"pt-PT"},{"@type":"Organization","@id":"https:\/\/suresms.com\/en\/#organization","name":"SureSMS","url":"https:\/\/suresms.com\/en\/","logo":{"@type":"ImageObject","inLanguage":"pt-PT","@id":"https:\/\/suresms.com\/en\/#\/schema\/logo\/image\/","url":"https:\/\/suresms.com\/wp-content\/uploads\/2024\/11\/suresms-300x65-1.png","contentUrl":"https:\/\/suresms.com\/wp-content\/uploads\/2024\/11\/suresms-300x65-1.png","width":300,"height":65,"caption":"SureSMS"},"image":{"@id":"https:\/\/suresms.com\/en\/#\/schema\/logo\/image\/"},"sameAs":["https:\/\/www.facebook.com\/p\/SureSMS-100044607956149\/"]}]}},"_links":{"self":[{"href":"https:\/\/suresms.com\/pt\/wp-json\/wp\/v2\/pages\/3755","targetHints":{"allow":["GET"]}}],"collection":[{"href":"https:\/\/suresms.com\/pt\/wp-json\/wp\/v2\/pages"}],"about":[{"href":"https:\/\/suresms.com\/pt\/wp-json\/wp\/v2\/types\/page"}],"author":[{"embeddable":true,"href":"https:\/\/suresms.com\/pt\/wp-json\/wp\/v2\/users\/1"}],"replies":[{"embeddable":true,"href":"https:\/\/suresms.com\/pt\/wp-json\/wp\/v2\/comments?post=3755"}],"version-history":[{"count":6,"href":"https:\/\/suresms.com\/pt\/wp-json\/wp\/v2\/pages\/3755\/revisions"}],"predecessor-version":[{"id":21033,"href":"https:\/\/suresms.com\/pt\/wp-json\/wp\/v2\/pages\/3755\/revisions\/21033"}],"up":[{"embeddable":true,"href":"https:\/\/suresms.com\/pt\/wp-json\/wp\/v2\/pages\/18069"}],"wp:attachment":[{"href":"https:\/\/suresms.com\/pt\/wp-json\/wp\/v2\/media?parent=3755"}],"wp:term":[{"taxonomy":"category","embeddable":true,"href":"https:\/\/suresms.com\/pt\/wp-json\/wp\/v2\/categories?post=3755"},{"taxonomy":"post_tag","embeddable":true,"href":"https:\/\/suresms.com\/pt\/wp-json\/wp\/v2\/tags?post=3755"}],"curies":[{"name":"wp","href":"https:\/\/api.w.org\/{rel}","templated":true}]}}