{"id":333,"date":"2014-09-03T11:24:20","date_gmt":"2014-09-03T09:24:20","guid":{"rendered":"http:\/\/da.suresms.com\/?page_id=333"},"modified":"2026-04-02T18:24:03","modified_gmt":"2026-04-02T18:24:03","slug":"precos-de-gateway-sms","status":"publish","type":"page","link":"https:\/\/suresms.com\/pt\/om-suresms\/sms-gateway-priser\/","title":{"rendered":"Pre\u00e7os de gateway SMS"},"content":{"rendered":"<h1>Pre\u00e7os de SMS Gateway!<\/h1>\n\t\t\t\t\t<h2>Gateway SMS<\/h2> 0,- por m\u00eas<ul role=\"list\"><li role=\"listitem\">31 \u00f8re por SMS (sem IVA)<\/li><li role=\"listitem\">Cria\u00e7\u00e3o gratuita<\/li><li role=\"listitem\">0,- kr em subscri\u00e7\u00e3o<\/li><li role=\"listitem\">N\u00e3o vinculativo<\/li><li role=\"listitem\">Fatura\u00e7\u00e3o gratuita<\/li><li role=\"listitem\">Cartazes CPR a 2 \u00f8re cada.<\/li><\/ul>\n\t\t\t<a href=\"https:\/\/suresms.com\/pt\/criar-conta-sms-gateway\/\"  target=\"_self\">\n\t\t\t\t\t\tCriar conta\n\t\t\t\t\t<\/a>\n\t\t\t\t\t<h2>N\u00fameros VLN bidireccionais<\/h2> 99,- por m\u00eas<ul role=\"list\"><li role=\"listitem\">31 \u00f8re por SMS (sem IVA)<\/li><li role=\"listitem\">Cria\u00e7\u00e3o gratuita<\/li><li role=\"listitem\">99,- em subscri\u00e7\u00e3o<\/li><li role=\"listitem\">Compromisso de 6 meses<\/li><li role=\"listitem\">Fatura\u00e7\u00e3o gratuita<\/li><li role=\"listitem\">Receber SMS gratuitamente<\/li><\/ul>\n\t\t\t<a href=\"https:\/\/suresms.com\/pt\/encomendar-descarga-de-2-vias\/\"  target=\"_self\">\n\t\t\t\t\t\tComprar o n\u00famero VLN\n\t\t\t\t\t<\/a>\n\t\t\t\t\t<h2>2 vias - SIM alojado <\/h2> 199,- por m\u00eas<ul role=\"list\"><li role=\"listitem\">31 \u00f8re por SMS (sem IVA)<\/li><li role=\"listitem\">Cria\u00e7\u00e3o gratuita<\/li><li role=\"listitem\">199,- em subscri\u00e7\u00e3o<\/li><li role=\"listitem\">Compromisso de 6 meses<\/li><li role=\"listitem\">Fatura\u00e7\u00e3o gratuita<\/li><li role=\"listitem\">Receber SMS gratuitamente<\/li><\/ul>\n\t\t\t<a href=\"https:\/\/suresms.com\/pt\/encomendar-descarga-de-2-vias\/\"  target=\"_self\">\n\t\t\t\t\t\tComprar SIM Alojado\n\t\t\t\t\t<\/a>\n\t\t\t\t\t<h2>S\u00e9rie de n\u00fameros de 2 vias<\/h2> m\u00e1x. 49,- por m\u00eas<ul role=\"list\"><li role=\"listitem\">Contacte-nos para obter pre\u00e7os<\/li><li role=\"listitem\">Cria\u00e7\u00e3o gratuita<\/li><li role=\"listitem\">m\u00e1x. 49,- consoante o volume <\/li><li role=\"listitem\">Compromisso de 6 meses<\/li><li role=\"listitem\">Fatura\u00e7\u00e3o gratuita<\/li><li role=\"listitem\">pelo menos 10 n\u00fameros<\/li><\/ul>\n\t\t\t<a href=\"https:\/\/suresms.com\/pt\/contacto\/\"  target=\"_self\">\n\t\t\t\t\t\tContactar-nos \n\t\t\t\t\t<\/a>\n\t<p><strong>O pre\u00e7o de um SMS \u00e9 o mesmo e paga por cada SMS que envia, mesmo que o telem\u00f3vel do destinat\u00e1rio esteja desligado, fora de cobertura ou o n\u00famero n\u00e3o seja encontrado!<\/strong><\/p>\n<p><strong>Com o SIM alojado, N\u00c3O paga as mensagens de texto enviadas para a sua companhia telef\u00f3nica, mesmo que tenhamos o seu cart\u00e3o SIM no seu telem\u00f3vel. S\u00f3 tem de nos pagar a n\u00f3s, e o pre\u00e7o \u00e9 de 28 \u00f8re por SMS. As quatro empresas de telecomunica\u00e7\u00f5es dinamarquesas declaram nos seus termos e condi\u00e7\u00f5es que N\u00c3O \u00e9 permitido enviar as chamadas mensagens SMS \"geradas por m\u00e1quinas\" com o seu cart\u00e3o SIM. Por conseguinte, seria uma viola\u00e7\u00e3o dos termos e condi\u00e7\u00f5es das empresas de telecomunica\u00e7\u00f5es se as SMS Gateways enviassem mensagens SMS atrav\u00e9s do cart\u00e3o SIM. Por conseguinte, enviamos a mensagem SMS atrav\u00e9s da nossa liga\u00e7\u00e3o direta \u00e0 empresa de telecomunica\u00e7\u00f5es, mas recebemos a resposta no cart\u00e3o SIM.<\/strong><\/p>\n\t<h3>Sobre as nossas solu\u00e7\u00f5es bidireccionais<\/h3>\n<p>\u00c9 necess\u00e1ria uma solu\u00e7\u00e3o bidirecional se pretender receber respostas \u00e0s suas mensagens SMS. Por exemplo, os clientes que podem responder a perguntas ou quando utiliza mensagens SMS geradas por m\u00e1quinas, por exemplo, utilizadas para vigil\u00e2ncia. Uma solu\u00e7\u00e3o bidirecional N\u00c3O faz parte do nosso portal SMS gratuito.<\/p>\n<p>As mensagens SMS que recebe fazem parte da subscri\u00e7\u00e3o (gratuita) e n\u00e3o h\u00e1 taxa de instala\u00e7\u00e3o. A solu\u00e7\u00e3o bidirecional tem um compromisso de 6 meses e pode ser cancelada com um pr\u00e9-aviso de 1 m\u00eas. O pre\u00e7o continua a ser o mesmo por SMS enviado.\u00a0<a title=\"SMS bidirecional, receber SMS no seu computador\" href=\"https:\/\/suresms.com\/pt\/carateristicas\/receber-mensagens-de-texto-no-seu-computador\/\">Leia mais sobre a nossa solu\u00e7\u00e3o de 2 vias AQUI!<\/a><\/p>\n\t\t<h3><a href=\"https:\/\/suresms.com\/pt\/conta-de-teste-de-sms-gratis\/\" target=\"_self\">Crie uma conta de avalia\u00e7\u00e3o gratuita AGORA!<\/a><\/h3><p>Pode criar uma conta gratuita para testar o nosso sistema antes de o comprar. Siga o link e obtenha uma conta de teste incluindo 50 SMS gr\u00e1tis imediatamente. N\u00e3o precisa de introduzir quaisquer dados de pagamento para abrir uma conta de teste, \u00e9 um servi\u00e7o da SureSMS para si, sem qualquer custo financeiro ou obriga\u00e7\u00e3o.<\/p>\n<p>Por raz\u00f5es de seguran\u00e7a, verificamos cada conta manualmente e, por vezes, pode haver um curto per\u00edodo de espera. Pedimos a sua compreens\u00e3o para este facto.<\/p>\n\t<figure itemscope itemtype=\"https:\/\/schema.org\/ImageObject\">\n\t\t\t\t<a href=\"https:\/\/suresms.com\/pt\/conta-de-teste-de-sms-gratis\/\"  target=\"_self\" itemprop=\"url\">\n\t\t\t\t<img decoding=\"async\" src=\"https:\/\/suresms.com\/wp-content\/uploads\/2014\/09\/test320-x243.jpg\" alt=\"criar conta de avalia\u00e7\u00e3o gratuita sure sms sms gateway gr\u00e1tis -100 sms gr\u00e1tis\" height=\"243\" width=\"320\" title=\"test320 x243\" onerror=\"this.style.display='none'\" loading=\"lazy\" \/>\n\t\t\t\t<\/a>\n\t<\/figure>","protected":false},"excerpt":{"rendered":"<p>Pre\u00e7os do SMS Gateway! SMS Gateway 0,- por m\u00eas 31 \u00a4 por SMS (ex. IVA) Cria\u00e7\u00e3o gratuita 0,- em assinatura Sem compromisso Fatura\u00e7\u00e3o gratuita Pesquisas CPR a 2 \u00a4 cada Criar conta N\u00fameros VLN bidireccionais 99,- por m\u00eas 31 \u00a4 por SMS (ex. IVA) Cria\u00e7\u00e3o gratuita 99,- em assinatura Compromisso de 6 meses Fatura\u00e7\u00e3o gratuita Rece\u00e7\u00e3o gratuita ... <a title=\"Pre\u00e7os de gateway SMS\" class=\"read-more\" href=\"https:\/\/suresms.com\/pt\/om-suresms\/sms-gateway-priser\/\" aria-label=\"Saiba mais sobre os pre\u00e7os das gateways SMS\">Rir mas<\/a><\/p>","protected":false},"author":1,"featured_media":0,"parent":18594,"menu_order":4,"comment_status":"closed","ping_status":"closed","template":"","meta":{"_fl_builder_enabled":"1","_fl_builder_data":null,"_fl_builder_draft":null,"_fl_builder_data_settings":null,"_fl_builder_css":"","_fl_builder_css_version":"","_fl_builder_js":"","footnotes":""},"categories":[],"tags":[],"class_list":["post-333","page","type-page","status-publish"],"yoast_head":"<!-- This site is optimized with the Yoast SEO Premium plugin v27.3 (Yoast SEO v27.3) - https:\/\/yoast.com\/product\/yoast-seo-premium-wordpress\/ -->\r\n<title>SMS gateway priser | Se priserne og Opret en gratis testkonto<\/title>\r\n<meta name=\"description\" content=\"Vi tilbyder Danmarks bedste SMS gateway priser. Ingen oprettelse. Intet abonnement. 18 \u00f8re pr. SMS til Danmark. Gratis test konto allerede i dag. Signup!\" \/>\r\n<meta name=\"robots\" content=\"index, follow, max-snippet:-1, max-image-preview:large, max-video-preview:-1\" \/>\r\n<link rel=\"canonical\" href=\"https:\/\/suresms.com\/pt\/sobre-o-suresms\/precos-de-gateway-sms\/\" \/>\r\n<meta property=\"og:locale\" content=\"pt_PT\" \/>\r\n<meta property=\"og:type\" content=\"article\" \/>\r\n<meta property=\"og:title\" content=\"SMS gateway priser\" \/>\r\n<meta property=\"og:description\" content=\"Vi tilbyder Danmarks bedste SMS gateway priser. Ingen oprettelse. Intet abonnement. 18 \u00f8re pr. SMS til Danmark. Gratis test konto allerede i dag. Signup!\" \/>\r\n<meta property=\"og:url\" content=\"https:\/\/suresms.com\/pt\/sobre-o-suresms\/precos-de-gateway-sms\/\" \/>\r\n<meta property=\"article:publisher\" content=\"https:\/\/www.facebook.com\/p\/SureSMS-100044607956149\/\" \/>\r\n<meta property=\"article:modified_time\" content=\"2026-04-02T18:24:03+00:00\" \/>\r\n<meta property=\"og:image\" content=\"https:\/\/suresms.com\/wp-content\/uploads\/2014\/09\/test320-x243.jpg\" \/>\r\n<meta name=\"twitter:card\" content=\"summary_large_image\" \/>\r\n<meta name=\"twitter:label1\" content=\"Tempo estimado de leitura\" \/>\n\t<meta name=\"twitter:data1\" content=\"3 minutos\" \/>\r\n<script type=\"application\/ld+json\" class=\"yoast-schema-graph\">{\"@context\":\"https:\\\/\\\/schema.org\",\"@graph\":[{\"@type\":\"WebPage\",\"@id\":\"https:\\\/\\\/suresms.com\\\/dk\\\/om-suresms\\\/sms-gateway-priser\\\/\",\"url\":\"https:\\\/\\\/suresms.com\\\/dk\\\/om-suresms\\\/sms-gateway-priser\\\/\",\"name\":\"SMS gateway priser | Se priserne og Opret en gratis testkonto\",\"isPartOf\":{\"@id\":\"https:\\\/\\\/suresms.com\\\/en\\\/#website\"},\"primaryImageOfPage\":{\"@id\":\"https:\\\/\\\/suresms.com\\\/dk\\\/om-suresms\\\/sms-gateway-priser\\\/#primaryimage\"},\"image\":{\"@id\":\"https:\\\/\\\/suresms.com\\\/dk\\\/om-suresms\\\/sms-gateway-priser\\\/#primaryimage\"},\"thumbnailUrl\":\"https:\\\/\\\/suresms.com\\\/wp-content\\\/uploads\\\/2014\\\/09\\\/test320-x243.jpg\",\"datePublished\":\"2014-09-03T09:24:20+00:00\",\"dateModified\":\"2026-04-02T18:24:03+00:00\",\"description\":\"Vi tilbyder Danmarks bedste SMS gateway priser. Ingen oprettelse. Intet abonnement. 18 \u00f8re pr. SMS til Danmark. Gratis test konto allerede i dag. Signup!\",\"breadcrumb\":{\"@id\":\"https:\\\/\\\/suresms.com\\\/dk\\\/om-suresms\\\/sms-gateway-priser\\\/#breadcrumb\"},\"inLanguage\":\"pt-PT\",\"potentialAction\":[{\"@type\":\"ReadAction\",\"target\":[\"https:\\\/\\\/suresms.com\\\/dk\\\/om-suresms\\\/sms-gateway-priser\\\/\"]}]},{\"@type\":\"ImageObject\",\"inLanguage\":\"pt-PT\",\"@id\":\"https:\\\/\\\/suresms.com\\\/dk\\\/om-suresms\\\/sms-gateway-priser\\\/#primaryimage\",\"url\":\"https:\\\/\\\/suresms.com\\\/wp-content\\\/uploads\\\/2014\\\/09\\\/test320-x243.jpg\",\"contentUrl\":\"https:\\\/\\\/suresms.com\\\/wp-content\\\/uploads\\\/2014\\\/09\\\/test320-x243.jpg\"},{\"@type\":\"BreadcrumbList\",\"@id\":\"https:\\\/\\\/suresms.com\\\/dk\\\/om-suresms\\\/sms-gateway-priser\\\/#breadcrumb\",\"itemListElement\":[{\"@type\":\"ListItem\",\"position\":1,\"name\":\"Home\",\"item\":\"https:\\\/\\\/suresms.com\\\/dk\\\/\"},{\"@type\":\"ListItem\",\"position\":2,\"name\":\"Om SureSMS\",\"item\":\"https:\\\/\\\/suresms.com\\\/dk\\\/om-suresms\\\/\"},{\"@type\":\"ListItem\",\"position\":3,\"name\":\"SMS gateway priser\"}]},{\"@type\":\"WebSite\",\"@id\":\"https:\\\/\\\/suresms.com\\\/en\\\/#website\",\"url\":\"https:\\\/\\\/suresms.com\\\/en\\\/\",\"name\":\"SureSMS\",\"description\":\"Professionel SMS Gateway\",\"publisher\":{\"@id\":\"https:\\\/\\\/suresms.com\\\/en\\\/#organization\"},\"potentialAction\":[{\"@type\":\"SearchAction\",\"target\":{\"@type\":\"EntryPoint\",\"urlTemplate\":\"https:\\\/\\\/suresms.com\\\/en\\\/?s={search_term_string}\"},\"query-input\":{\"@type\":\"PropertyValueSpecification\",\"valueRequired\":true,\"valueName\":\"search_term_string\"}}],\"inLanguage\":\"pt-PT\"},{\"@type\":\"Organization\",\"@id\":\"https:\\\/\\\/suresms.com\\\/en\\\/#organization\",\"name\":\"SureSMS\",\"url\":\"https:\\\/\\\/suresms.com\\\/en\\\/\",\"logo\":{\"@type\":\"ImageObject\",\"inLanguage\":\"pt-PT\",\"@id\":\"https:\\\/\\\/suresms.com\\\/en\\\/#\\\/schema\\\/logo\\\/image\\\/\",\"url\":\"https:\\\/\\\/suresms.com\\\/wp-content\\\/uploads\\\/2024\\\/11\\\/suresms-300x65-1.png\",\"contentUrl\":\"https:\\\/\\\/suresms.com\\\/wp-content\\\/uploads\\\/2024\\\/11\\\/suresms-300x65-1.png\",\"width\":300,\"height\":65,\"caption\":\"SureSMS\"},\"image\":{\"@id\":\"https:\\\/\\\/suresms.com\\\/en\\\/#\\\/schema\\\/logo\\\/image\\\/\"},\"sameAs\":[\"https:\\\/\\\/www.facebook.com\\\/p\\\/SureSMS-100044607956149\\\/\"]}]}<\/script>\r\n<!-- \/ Yoast SEO Premium plugin. -->","yoast_head_json":{"title":"Pre\u00e7os do gateway SMS | Ver pre\u00e7os e criar uma conta de avalia\u00e7\u00e3o gratuita","description":"Oferecemos os melhores pre\u00e7os de gateway de SMS na Dinamarca. Sem instala\u00e7\u00e3o. Sem subscri\u00e7\u00e3o. 18 \u00f8re por SMS para Dinamarca. Conta de teste gratuita hoje. Registe-se!","robots":{"index":"index","follow":"follow","max-snippet":"max-snippet:-1","max-image-preview":"max-image-preview:large","max-video-preview":"max-video-preview:-1"},"canonical":"https:\/\/suresms.com\/pt\/sobre-o-suresms\/precos-de-gateway-sms\/","og_locale":"pt_PT","og_type":"article","og_title":"SMS gateway priser","og_description":"Vi tilbyder Danmarks bedste SMS gateway priser. Ingen oprettelse. Intet abonnement. 18 \u00f8re pr. SMS til Danmark. Gratis test konto allerede i dag. Signup!","og_url":"https:\/\/suresms.com\/pt\/sobre-o-suresms\/precos-de-gateway-sms\/","article_publisher":"https:\/\/www.facebook.com\/p\/SureSMS-100044607956149\/","article_modified_time":"2026-04-02T18:24:03+00:00","og_image":[{"url":"https:\/\/suresms.com\/wp-content\/uploads\/2014\/09\/test320-x243.jpg","type":"","width":"","height":""}],"twitter_card":"summary_large_image","twitter_misc":{"Tempo estimado de leitura":"3 minutos"},"schema":{"@context":"https:\/\/schema.org","@graph":[{"@type":"WebPage","@id":"https:\/\/suresms.com\/dk\/om-suresms\/sms-gateway-priser\/","url":"https:\/\/suresms.com\/dk\/om-suresms\/sms-gateway-priser\/","name":"Pre\u00e7os do gateway SMS | Ver pre\u00e7os e criar uma conta de avalia\u00e7\u00e3o gratuita","isPartOf":{"@id":"https:\/\/suresms.com\/en\/#website"},"primaryImageOfPage":{"@id":"https:\/\/suresms.com\/dk\/om-suresms\/sms-gateway-priser\/#primaryimage"},"image":{"@id":"https:\/\/suresms.com\/dk\/om-suresms\/sms-gateway-priser\/#primaryimage"},"thumbnailUrl":"https:\/\/suresms.com\/wp-content\/uploads\/2014\/09\/test320-x243.jpg","datePublished":"2014-09-03T09:24:20+00:00","dateModified":"2026-04-02T18:24:03+00:00","description":"Oferecemos os melhores pre\u00e7os de gateway de SMS na Dinamarca. Sem instala\u00e7\u00e3o. Sem subscri\u00e7\u00e3o. 18 \u00f8re por SMS para Dinamarca. Conta de teste gratuita hoje. Registe-se!","breadcrumb":{"@id":"https:\/\/suresms.com\/dk\/om-suresms\/sms-gateway-priser\/#breadcrumb"},"inLanguage":"pt-PT","potentialAction":[{"@type":"ReadAction","target":["https:\/\/suresms.com\/dk\/om-suresms\/sms-gateway-priser\/"]}]},{"@type":"ImageObject","inLanguage":"pt-PT","@id":"https:\/\/suresms.com\/dk\/om-suresms\/sms-gateway-priser\/#primaryimage","url":"https:\/\/suresms.com\/wp-content\/uploads\/2014\/09\/test320-x243.jpg","contentUrl":"https:\/\/suresms.com\/wp-content\/uploads\/2014\/09\/test320-x243.jpg"},{"@type":"BreadcrumbList","@id":"https:\/\/suresms.com\/dk\/om-suresms\/sms-gateway-priser\/#breadcrumb","itemListElement":[{"@type":"ListItem","position":1,"name":"Home","item":"https:\/\/suresms.com\/dk\/"},{"@type":"ListItem","position":2,"name":"Om SureSMS","item":"https:\/\/suresms.com\/dk\/om-suresms\/"},{"@type":"ListItem","position":3,"name":"SMS gateway priser"}]},{"@type":"WebSite","@id":"https:\/\/suresms.com\/en\/#website","url":"https:\/\/suresms.com\/en\/","name":"SureSMS","description":"Gateway SMS profissional","publisher":{"@id":"https:\/\/suresms.com\/en\/#organization"},"potentialAction":[{"@type":"SearchAction","target":{"@type":"EntryPoint","urlTemplate":"https:\/\/suresms.com\/en\/?s={search_term_string}"},"query-input":{"@type":"PropertyValueSpecification","valueRequired":true,"valueName":"search_term_string"}}],"inLanguage":"pt-PT"},{"@type":"Organization","@id":"https:\/\/suresms.com\/en\/#organization","name":"SureSMS","url":"https:\/\/suresms.com\/en\/","logo":{"@type":"ImageObject","inLanguage":"pt-PT","@id":"https:\/\/suresms.com\/en\/#\/schema\/logo\/image\/","url":"https:\/\/suresms.com\/wp-content\/uploads\/2024\/11\/suresms-300x65-1.png","contentUrl":"https:\/\/suresms.com\/wp-content\/uploads\/2024\/11\/suresms-300x65-1.png","width":300,"height":65,"caption":"SureSMS"},"image":{"@id":"https:\/\/suresms.com\/en\/#\/schema\/logo\/image\/"},"sameAs":["https:\/\/www.facebook.com\/p\/SureSMS-100044607956149\/"]}]}},"_links":{"self":[{"href":"https:\/\/suresms.com\/pt\/wp-json\/wp\/v2\/pages\/333","targetHints":{"allow":["GET"]}}],"collection":[{"href":"https:\/\/suresms.com\/pt\/wp-json\/wp\/v2\/pages"}],"about":[{"href":"https:\/\/suresms.com\/pt\/wp-json\/wp\/v2\/types\/page"}],"author":[{"embeddable":true,"href":"https:\/\/suresms.com\/pt\/wp-json\/wp\/v2\/users\/1"}],"replies":[{"embeddable":true,"href":"https:\/\/suresms.com\/pt\/wp-json\/wp\/v2\/comments?post=333"}],"version-history":[{"count":8,"href":"https:\/\/suresms.com\/pt\/wp-json\/wp\/v2\/pages\/333\/revisions"}],"predecessor-version":[{"id":23891,"href":"https:\/\/suresms.com\/pt\/wp-json\/wp\/v2\/pages\/333\/revisions\/23891"}],"up":[{"embeddable":true,"href":"https:\/\/suresms.com\/pt\/wp-json\/wp\/v2\/pages\/18594"}],"wp:attachment":[{"href":"https:\/\/suresms.com\/pt\/wp-json\/wp\/v2\/media?parent=333"}],"wp:term":[{"taxonomy":"category","embeddable":true,"href":"https:\/\/suresms.com\/pt\/wp-json\/wp\/v2\/categories?post=333"},{"taxonomy":"post_tag","embeddable":true,"href":"https:\/\/suresms.com\/pt\/wp-json\/wp\/v2\/tags?post=333"}],"curies":[{"name":"wp","href":"https:\/\/api.w.org\/{rel}","templated":true}]}}