{"id":289,"date":"2014-07-02T13:30:59","date_gmt":"2014-07-02T11:30:59","guid":{"rendered":"http:\/\/da.suresms.com\/?page_id=289"},"modified":"2024-12-05T15:39:28","modified_gmt":"2024-12-05T15:39:28","slug":"sms-internacional","status":"publish","type":"page","link":"https:\/\/suresms.com\/pt\/funktioner\/international-sms\/","title":{"rendered":"SMS para todo o mundo"},"content":{"rendered":"<!-- Flexy Breadcrumb -->\r\n\t\t\t<div class=\"fbc fbc-page\">\r\n\r\n\t\t\t\t<!-- Breadcrumb wrapper -->\r\n\t\t\t\t<div class=\"fbc-wrap\">\r\n\r\n\t\t\t\t\t<!-- Ordered list-->\r\n\t\t\t\t\t<ol class=\"fbc-items\" itemscope itemtype=\"https:\/\/schema.org\/BreadcrumbList\">\r\n\t\t\t\t\t\t            <li itemprop=\"itemListElement\" itemscope itemtype=\"https:\/\/schema.org\/ListItem\">\r\n                <span itemprop=\"name\">\r\n                    <!-- Home Link -->\r\n                    <a itemprop=\"item\" href=\"https:\/\/suresms.com\/pt\/\">\r\n                    \r\n                                                    <i class=\"fa fa-home\" aria-hidden=\"true\"><\/i>In\u00edcio                    <\/a>\r\n                <\/span>\r\n                <meta itemprop=\"position\" content=\"1\" \/><!-- Meta Position-->\r\n             <\/li><li><span class=\"fbc-separator\">\/<\/span><\/li><li class=\"active\" itemprop=\"itemListElement\" itemscope itemtype=\"https:\/\/schema.org\/ListItem\"><span itemprop=\"name\" title=\"SMS para todo o mundo\">SMS para todo o mundo<\/span><meta itemprop=\"position\" content=\"2\" \/><\/li>\t\t\t\t\t<\/ol>\r\n\t\t\t\t\t<div class=\"clearfix\"><\/div>\r\n\t\t\t\t<\/div>\r\n\t\t\t<\/div>\r\n\t\t\t\n<h1>\n\t\tSMS para todo o mundo\n\t<\/h1>\n\t<p>SureSMS \u00e9 um gateway internacional de SMS. Isto significa que os SMS no estrangeiro est\u00e3o SEMPRE integrados na nossa subscri\u00e7\u00e3o regular.<\/p>\n<p>Temos uma coopera\u00e7\u00e3o bem estabelecida com mais de 800 operadores est\u00e1veis em 170 pa\u00edses. Isto significa que os nossos clientes podem sempre entrar em contacto com todos os nossos parceiros - tanto na Dinamarca como a n\u00edvel internacional. S\u00f3 utilizamos fornecedores de primeira classe e trabalhamos constantemente para monitorizar o mercado e negociar os melhores pre\u00e7os para os nossos clientes sem comprometer a qualidade.<\/p>\n<p>\u00c9 t\u00e3o f\u00e1cil enviar mensagens de texto para o estrangeiro como para o seu pr\u00f3prio pa\u00eds. Basta lembrar-se de preencher o c\u00f3digo de pa\u00eds correto na mensagem de texto.<\/p>\n<h4><strong>Pre\u00e7os baixos no estrangeiro<\/strong><\/h4>\n<p>O custo do envio de uma mensagem para o estrangeiro depende do pa\u00eds e da dura\u00e7\u00e3o da mensagem, mas os nossos pre\u00e7os s\u00e3o competitivos e muito mais baratos do que os das empresas de telecomunica\u00e7\u00f5es e dos nossos concorrentes.<\/p>\n<p>Na nossa interface Web, pode ver o pre\u00e7o de uma mensagem antes de a enviar. Introduza o n\u00famero de telefone, o indicativo do pa\u00eds e escreva a mensagem no campo de texto e ver\u00e1 o pre\u00e7o atual no campo abaixo.<\/p>\n<p>Para obter mais informa\u00e7\u00f5es sobre as nossas tarifas de mensagens internacionais actualizadas, contacte a nossa equipa de apoio atrav\u00e9s do n\u00famero +45 50 322 322 ou envie-nos um e-mail para <a href=\"mailto:info@suresms.com\">info@suresms.com<\/a>.<\/p>\n\t<p>&nbsp;<\/p>\n<h4><strong>Necessita de uma solu\u00e7\u00e3o bidirecional com um n\u00famero estrangeiro?<\/strong><\/h4>\n<p>Precisa que as suas mensagens sejam enviadas de um n\u00famero estrangeiro? Os seus utilizadores precisam de poder responder \u00e0s suas mensagens no n\u00famero? Podemos tratar disso facilmente. <a title=\"SMS bidirecional, receber SMS no seu computador\" href=\"https:\/\/suresms.com\/pt\/descarregamento-de-sms-bidirecional-com-sim-alojado\/\">Saiba mais sobre a nossa solu\u00e7\u00e3o bidirecional Hostet-SIM aqui!<\/a><\/p>\n<h4><strong>Empresa dinamarquesa<\/strong><\/h4>\n<p>A SureSMS ApS \u00e9 uma empresa dinamarquesa que existe desde 2003. A nossa equipa tem mais de 15 anos de experi\u00eancia em infra-estruturas, incluindo redes, seguran\u00e7a e servidores.<\/p>\n<p>Desenvolvedores, t\u00e9cnicos e pessoal de servi\u00e7o bem treinados s\u00e3o respons\u00e1veis pela atualiza\u00e7\u00e3o, opera\u00e7\u00e3o e suporte. Pode deixar-nos a cargo da sua solu\u00e7\u00e3o SMS sem se preocupar com instabilidade ou falta de servi\u00e7o.<\/p>\n\t<h4><strong>Aqui pode ler alguns exemplos de como os nossos clientes utilizam atualmente a funcionalidade \"SMS para o estrangeiro<\/strong><\/h4>\n<ul>\n<li>Um importante fornecedor dinamarqu\u00eas da ind\u00fastria energ\u00e9tica internacional utiliza o nosso servi\u00e7o internacional de SMS para notificar os clientes de todo o mundo sobre as encomendas efectuadas.<\/li>\n<li>Um dos nossos clientes \u00e9 uma grande empresa farmac\u00eautica dinamarquesa que utiliza o nosso servi\u00e7o SMS para enviar mensagens aos seus empregados no estrangeiro, e os seus empregados podem tamb\u00e9m inscrever-se em boletins informativos atrav\u00e9s do KEYWORDS.<\/li>\n<li>O nosso servi\u00e7o integrado de SMS para o estrangeiro \u00e9 utilizado por uma empresa dinamarquesa que fornece contadores de servi\u00e7os p\u00fablicos para a Dinamarca e Escandin\u00e1via. Eles usam o SureSMS para enviar notifica\u00e7\u00f5es sobre leituras futuras para residentes na Dinamarca, Noruega e Su\u00e9cia.<\/li>\n<li>E temos uma escola da Gronel\u00e2ndia que envia mensagens aos pais dos alunos sobre a coopera\u00e7\u00e3o escola\/casa. Pode tratar-se de informa\u00e7\u00f5es pr\u00e1ticas, de faltas de alunos ou de outras informa\u00e7\u00f5es importantes.<br \/>Porque \u00e9 claro que somos um servi\u00e7o de SMS para toda a Dinamarca!<\/li>\n<\/ul>","protected":false},"excerpt":{"rendered":"<p>SMS no mundo inteiro SureSMS \u00e9 um gateway internacional de SMS. Isto significa que o SMS no estrangeiro est\u00e1 SEMPRE integrado na nossa subscri\u00e7\u00e3o regular. Temos uma parceria bem estabelecida com mais de 800 operadores est\u00e1veis em 170 pa\u00edses. Isto significa que os nossos clientes podem sempre entrar em contacto com todos os nossos parceiros - tanto na Dinamarca como a n\u00edvel internacional. N\u00f3s ... <a title=\"SMS para todo o mundo\" class=\"read-more\" href=\"https:\/\/suresms.com\/pt\/funktioner\/international-sms\/\" aria-label=\"Leia mais sobre SMS to the world\">Rir mas<\/a><\/p>","protected":false},"author":1,"featured_media":0,"parent":958,"menu_order":6,"comment_status":"closed","ping_status":"closed","template":"","meta":{"_fl_builder_enabled":"1","_fl_builder_data":null,"_fl_builder_draft":null,"_fl_builder_data_settings":null,"_fl_builder_css":"","_fl_builder_css_version":"","_fl_builder_js":"","footnotes":""},"categories":[17],"tags":[],"class_list":{"0":"post-289","1":"page","2":"type-page","3":"status-publish","5":"category-linkfracornorstone"},"yoast_head":"<!-- This site is optimized with the Yoast SEO Premium plugin v27.3 (Yoast SEO v27.3) - https:\/\/yoast.com\/product\/yoast-seo-premium-wordpress\/ -->\r\n<title>International Gateway \u2192 Effektivt og nemt system at anvende<\/title>\r\n<meta name=\"description\" content=\"International Gateway og professionel SMS Gateway services f\u00e5s her. F\u00e5 hurtig kontakt til dine kunder med effektive l\u00f8sninger.\" \/>\r\n<meta name=\"robots\" content=\"index, follow, max-snippet:-1, max-image-preview:large, max-video-preview:-1\" \/>\r\n<link rel=\"canonical\" href=\"https:\/\/suresms.com\/pt\/carateristicas\/sms-internacional\/\" \/>\r\n<meta property=\"og:locale\" content=\"pt_PT\" \/>\r\n<meta property=\"og:type\" content=\"article\" \/>\r\n<meta property=\"og:title\" content=\"SMS til hele verden\" \/>\r\n<meta property=\"og:description\" content=\"International Gateway og professionel SMS Gateway services f\u00e5s her. F\u00e5 hurtig kontakt til dine kunder med effektive l\u00f8sninger.\" \/>\r\n<meta property=\"og:url\" content=\"https:\/\/suresms.com\/pt\/carateristicas\/sms-internacional\/\" \/>\r\n<meta property=\"article:publisher\" content=\"https:\/\/www.facebook.com\/p\/SureSMS-100044607956149\/\" \/>\r\n<meta property=\"article:modified_time\" content=\"2024-12-05T15:39:28+00:00\" \/>\r\n<meta name=\"twitter:card\" content=\"summary_large_image\" \/>\r\n<meta name=\"twitter:label1\" content=\"Tempo estimado de leitura\" \/>\n\t<meta name=\"twitter:data1\" content=\"7 minutos\" \/>\r\n<script type=\"application\/ld+json\" class=\"yoast-schema-graph\">{\"@context\":\"https:\\\/\\\/schema.org\",\"@graph\":[{\"@type\":\"WebPage\",\"@id\":\"https:\\\/\\\/suresms.com\\\/dk\\\/funktioner\\\/international-sms\\\/\",\"url\":\"https:\\\/\\\/suresms.com\\\/dk\\\/funktioner\\\/international-sms\\\/\",\"name\":\"International Gateway \u2192 Effektivt og nemt system at anvende\",\"isPartOf\":{\"@id\":\"https:\\\/\\\/suresms.com\\\/en\\\/#website\"},\"datePublished\":\"2014-07-02T11:30:59+00:00\",\"dateModified\":\"2024-12-05T15:39:28+00:00\",\"description\":\"International Gateway og professionel SMS Gateway services f\u00e5s her. F\u00e5 hurtig kontakt til dine kunder med effektive l\u00f8sninger.\",\"breadcrumb\":{\"@id\":\"https:\\\/\\\/suresms.com\\\/dk\\\/funktioner\\\/international-sms\\\/#breadcrumb\"},\"inLanguage\":\"pt-PT\",\"potentialAction\":[{\"@type\":\"ReadAction\",\"target\":[\"https:\\\/\\\/suresms.com\\\/dk\\\/funktioner\\\/international-sms\\\/\"]}]},{\"@type\":\"BreadcrumbList\",\"@id\":\"https:\\\/\\\/suresms.com\\\/dk\\\/funktioner\\\/international-sms\\\/#breadcrumb\",\"itemListElement\":[{\"@type\":\"ListItem\",\"position\":1,\"name\":\"Home\",\"item\":\"https:\\\/\\\/suresms.com\\\/dk\\\/\"},{\"@type\":\"ListItem\",\"position\":2,\"name\":\"Funktioner\",\"item\":\"https:\\\/\\\/suresms.com\\\/dk\\\/funktioner\\\/\"},{\"@type\":\"ListItem\",\"position\":3,\"name\":\"SMS til hele verden\"}]},{\"@type\":\"WebSite\",\"@id\":\"https:\\\/\\\/suresms.com\\\/en\\\/#website\",\"url\":\"https:\\\/\\\/suresms.com\\\/en\\\/\",\"name\":\"SureSMS\",\"description\":\"Professionel SMS Gateway\",\"publisher\":{\"@id\":\"https:\\\/\\\/suresms.com\\\/en\\\/#organization\"},\"potentialAction\":[{\"@type\":\"SearchAction\",\"target\":{\"@type\":\"EntryPoint\",\"urlTemplate\":\"https:\\\/\\\/suresms.com\\\/en\\\/?s={search_term_string}\"},\"query-input\":{\"@type\":\"PropertyValueSpecification\",\"valueRequired\":true,\"valueName\":\"search_term_string\"}}],\"inLanguage\":\"pt-PT\"},{\"@type\":\"Organization\",\"@id\":\"https:\\\/\\\/suresms.com\\\/en\\\/#organization\",\"name\":\"SureSMS\",\"url\":\"https:\\\/\\\/suresms.com\\\/en\\\/\",\"logo\":{\"@type\":\"ImageObject\",\"inLanguage\":\"pt-PT\",\"@id\":\"https:\\\/\\\/suresms.com\\\/en\\\/#\\\/schema\\\/logo\\\/image\\\/\",\"url\":\"https:\\\/\\\/suresms.com\\\/wp-content\\\/uploads\\\/2024\\\/11\\\/suresms-300x65-1.png\",\"contentUrl\":\"https:\\\/\\\/suresms.com\\\/wp-content\\\/uploads\\\/2024\\\/11\\\/suresms-300x65-1.png\",\"width\":300,\"height\":65,\"caption\":\"SureSMS\"},\"image\":{\"@id\":\"https:\\\/\\\/suresms.com\\\/en\\\/#\\\/schema\\\/logo\\\/image\\\/\"},\"sameAs\":[\"https:\\\/\\\/www.facebook.com\\\/p\\\/SureSMS-100044607956149\\\/\"]}]}<\/script>\r\n<!-- \/ Yoast SEO Premium plugin. -->","yoast_head_json":{"title":"International Gateway \u2192 Sistema eficiente e f\u00e1cil de utilizar","description":"Gateway internacional e servi\u00e7os profissionais de SMS Gateway dispon\u00edveis aqui. Ligue-se rapidamente aos seus clientes com solu\u00e7\u00f5es eficientes.","robots":{"index":"index","follow":"follow","max-snippet":"max-snippet:-1","max-image-preview":"max-image-preview:large","max-video-preview":"max-video-preview:-1"},"canonical":"https:\/\/suresms.com\/pt\/carateristicas\/sms-internacional\/","og_locale":"pt_PT","og_type":"article","og_title":"SMS til hele verden","og_description":"International Gateway og professionel SMS Gateway services f\u00e5s her. F\u00e5 hurtig kontakt til dine kunder med effektive l\u00f8sninger.","og_url":"https:\/\/suresms.com\/pt\/carateristicas\/sms-internacional\/","article_publisher":"https:\/\/www.facebook.com\/p\/SureSMS-100044607956149\/","article_modified_time":"2024-12-05T15:39:28+00:00","twitter_card":"summary_large_image","twitter_misc":{"Tempo estimado de leitura":"7 minutos"},"schema":{"@context":"https:\/\/schema.org","@graph":[{"@type":"WebPage","@id":"https:\/\/suresms.com\/dk\/funktioner\/international-sms\/","url":"https:\/\/suresms.com\/dk\/funktioner\/international-sms\/","name":"International Gateway \u2192 Sistema eficiente e f\u00e1cil de utilizar","isPartOf":{"@id":"https:\/\/suresms.com\/en\/#website"},"datePublished":"2014-07-02T11:30:59+00:00","dateModified":"2024-12-05T15:39:28+00:00","description":"Gateway internacional e servi\u00e7os profissionais de SMS Gateway dispon\u00edveis aqui. Ligue-se rapidamente aos seus clientes com solu\u00e7\u00f5es eficientes.","breadcrumb":{"@id":"https:\/\/suresms.com\/dk\/funktioner\/international-sms\/#breadcrumb"},"inLanguage":"pt-PT","potentialAction":[{"@type":"ReadAction","target":["https:\/\/suresms.com\/dk\/funktioner\/international-sms\/"]}]},{"@type":"BreadcrumbList","@id":"https:\/\/suresms.com\/dk\/funktioner\/international-sms\/#breadcrumb","itemListElement":[{"@type":"ListItem","position":1,"name":"Home","item":"https:\/\/suresms.com\/dk\/"},{"@type":"ListItem","position":2,"name":"Funktioner","item":"https:\/\/suresms.com\/dk\/funktioner\/"},{"@type":"ListItem","position":3,"name":"SMS til hele verden"}]},{"@type":"WebSite","@id":"https:\/\/suresms.com\/en\/#website","url":"https:\/\/suresms.com\/en\/","name":"SureSMS","description":"Gateway SMS profissional","publisher":{"@id":"https:\/\/suresms.com\/en\/#organization"},"potentialAction":[{"@type":"SearchAction","target":{"@type":"EntryPoint","urlTemplate":"https:\/\/suresms.com\/en\/?s={search_term_string}"},"query-input":{"@type":"PropertyValueSpecification","valueRequired":true,"valueName":"search_term_string"}}],"inLanguage":"pt-PT"},{"@type":"Organization","@id":"https:\/\/suresms.com\/en\/#organization","name":"SureSMS","url":"https:\/\/suresms.com\/en\/","logo":{"@type":"ImageObject","inLanguage":"pt-PT","@id":"https:\/\/suresms.com\/en\/#\/schema\/logo\/image\/","url":"https:\/\/suresms.com\/wp-content\/uploads\/2024\/11\/suresms-300x65-1.png","contentUrl":"https:\/\/suresms.com\/wp-content\/uploads\/2024\/11\/suresms-300x65-1.png","width":300,"height":65,"caption":"SureSMS"},"image":{"@id":"https:\/\/suresms.com\/en\/#\/schema\/logo\/image\/"},"sameAs":["https:\/\/www.facebook.com\/p\/SureSMS-100044607956149\/"]}]}},"_links":{"self":[{"href":"https:\/\/suresms.com\/pt\/wp-json\/wp\/v2\/pages\/289","targetHints":{"allow":["GET"]}}],"collection":[{"href":"https:\/\/suresms.com\/pt\/wp-json\/wp\/v2\/pages"}],"about":[{"href":"https:\/\/suresms.com\/pt\/wp-json\/wp\/v2\/types\/page"}],"author":[{"embeddable":true,"href":"https:\/\/suresms.com\/pt\/wp-json\/wp\/v2\/users\/1"}],"replies":[{"embeddable":true,"href":"https:\/\/suresms.com\/pt\/wp-json\/wp\/v2\/comments?post=289"}],"version-history":[{"count":2,"href":"https:\/\/suresms.com\/pt\/wp-json\/wp\/v2\/pages\/289\/revisions"}],"predecessor-version":[{"id":19466,"href":"https:\/\/suresms.com\/pt\/wp-json\/wp\/v2\/pages\/289\/revisions\/19466"}],"up":[{"embeddable":true,"href":"https:\/\/suresms.com\/pt\/wp-json\/wp\/v2\/pages\/958"}],"wp:attachment":[{"href":"https:\/\/suresms.com\/pt\/wp-json\/wp\/v2\/media?parent=289"}],"wp:term":[{"taxonomy":"category","embeddable":true,"href":"https:\/\/suresms.com\/pt\/wp-json\/wp\/v2\/categories?post=289"},{"taxonomy":"post_tag","embeddable":true,"href":"https:\/\/suresms.com\/pt\/wp-json\/wp\/v2\/tags?post=289"}],"curies":[{"name":"wp","href":"https:\/\/api.w.org\/{rel}","templated":true}]}}