{"id":2697,"date":"2016-06-02T17:36:31","date_gmt":"2016-06-02T15:36:31","guid":{"rendered":"https:\/\/www.suresms.com\/dk\/?page_id=2697"},"modified":"2025-01-05T00:16:47","modified_gmt":"2025-01-05T00:16:47","slug":"sms-para-empresas-em-linha-e-servicos-web-2","status":"publish","type":"page","link":"https:\/\/suresms.com\/pt\/branchelosninger\/sms-til-online-virksomheder-og-web-services-2\/","title":{"rendered":"SMS para neg\u00f3cios online e servi\u00e7os WEB"},"content":{"rendered":"<!-- Flexy Breadcrumb -->\r\n\t\t\t<div class=\"fbc fbc-page\">\r\n\r\n\t\t\t\t<!-- Breadcrumb wrapper -->\r\n\t\t\t\t<div class=\"fbc-wrap\">\r\n\r\n\t\t\t\t\t<!-- Ordered list-->\r\n\t\t\t\t\t<ol class=\"fbc-items\" itemscope itemtype=\"https:\/\/schema.org\/BreadcrumbList\">\r\n\t\t\t\t\t\t            <li itemprop=\"itemListElement\" itemscope itemtype=\"https:\/\/schema.org\/ListItem\">\r\n                <span itemprop=\"name\">\r\n                    <!-- Home Link -->\r\n                    <a itemprop=\"item\" href=\"https:\/\/suresms.com\/pt\/\">\r\n                    \r\n                                                    <i class=\"fa fa-home\" aria-hidden=\"true\"><\/i>In\u00edcio                    <\/a>\r\n                <\/span>\r\n                <meta itemprop=\"position\" content=\"1\" \/><!-- Meta Position-->\r\n             <\/li><li><span class=\"fbc-separator\">\/<\/span><\/li><li class=\"active\" itemprop=\"itemListElement\" itemscope itemtype=\"https:\/\/schema.org\/ListItem\"><span itemprop=\"name\" title=\"SMS para neg\u00f3cios online e servi\u00e7os WEB\">SMS para empresas em linha...<\/span><meta itemprop=\"position\" content=\"2\" \/><\/li>\t\t\t\t\t<\/ol>\r\n\t\t\t\t\t<div class=\"clearfix\"><\/div>\r\n\t\t\t\t<\/div>\r\n\t\t\t<\/div>\r\n\t\t\t\n<h1>\n\t\tSMS para neg\u00f3cios online e servi\u00e7os WEB\n\t<\/h1>\n\t\n\n<p><strong>Atualmente, muitos dos nossos clientes s\u00e3o empresas e servi\u00e7os baseados na Internet. A nossa API \u00e9 facilmente integrada noutros sistemas, e o nosso SureSMS Gateway pode ser utilizado em muitos contextos diferentes: c\u00f3digos de acesso, clubes de clientes, marketing e inscri\u00e7\u00e3o em servi\u00e7os ou SMS de not\u00edcias, para citar alguns.<\/strong><\/p>\n\n<p><strong>Benef\u00edcios:<\/strong><\/p>\n<ul> \t\n<li>\n<p><strong>Op\u00e7\u00f5es de API totalmente automatizadas e flex\u00edveis<\/strong><\/p>\n<\/li>\n\n<li>\n<p><strong>O estado de cada mensagem pode ser automaticamente atualizado no seu sistema.<\/strong><\/p>\n<\/li>\n\n<li>\n<p><strong>Pode ser utilizado como um c\u00f3digo PIN no seu sistema.<\/strong><\/p>\n<\/li>\n\n<li><strong>Enviar mensagens SMS com diferentes IDs de remetente a partir da mesma conta.<\/strong><\/li>\n<\/ul>\n\n<h3>Utilize a nossa API SureSMS Gateway nos seus sistemas<\/h3>\n<p>Criar, manter e melhorar a nossa API para se adaptar aos sistemas dos nossos clientes \u00e9 sempre a nossa prioridade. A API SureSMS \u00e9 flex\u00edvel, bem documentada e da mais alta qualidade, e pode contar com o apoio dos nossos engenheiros e programadores para a integra\u00e7\u00e3o. <a href=\"http:\/\/developer.suresms.com\/sample-code\/\">No nosso s\u00edtio para programadores, recolhemos uma s\u00e9rie de exemplos de c\u00f3digo<\/a>. Se n\u00e3o encontrar o que procura, ent\u00e3o <a title=\"Contactar-nos\" href=\"https:\/\/suresms.com\/pt\/contacto\/\">contactar o nosso apoio<\/a> para uma conversa sobre como a nossa API pode ser integrada no seu sistema<\/p>\n<h3>Elevada fiabilidade de entrega e servi\u00e7o profissional a um \u00f3timo pre\u00e7o<\/h3>\n\n<p>Ap\u00f3s muitos anos no sector, sabemos como \u00e9 importante que a sua comunica\u00e7\u00e3o N\u00c3O seja interrompida. N\u00e3o poupamos em equipamento, monitoriza\u00e7\u00e3o ou horas de trabalho. A nossa equipa garante que a nossa Gateway \u00e9 est\u00e1vel e segura. <a title=\"Pre\u00e7os de gateway SMS\" href=\"https:\/\/suresms.com\/pt\/precos-de-gateway-sms\/\">Saiba mais sobre as nossas solu\u00e7\u00f5es e pre\u00e7os aqui.<\/a><\/p>\n<h3>Interface de utilizador simples e clara no portal WEB<\/h3>\n<p>A nossa interface simples e clara no portal SureSMS WEB facilita o envio de mensagens SMS para indiv\u00edduos ou grupos. A partir daqui, pode facilmente utilizar as nossas muitas funcionalidades: criar e enviar para contactos e grupos, fundir nomes em SMS de grupo, agendar o envio e criar palavras-chave para que os utilizadores possam inscrever-se nos servi\u00e7os. A partir do nosso s\u00edtio Web, tem acesso a um registo completo e ao nosso m\u00f3dulo de relat\u00f3rios SureSMS, onde pode ver todas as informa\u00e7\u00f5es sobre o envio e a entrega das suas mensagens.<\/p>\n<p>O nosso portal Web pode ser utilizado a partir de um PC, iPad ou smartphone.<\/p>\n<h3>Enviar de v\u00e1rios remetentes<\/h3>\n<p>Muitas empresas em linha gerem v\u00e1rios servi\u00e7os Web a partir da mesma empresa. Neste caso, pode ser vantajoso criar v\u00e1rios IDs de remetente a partir da mesma conta. Se um ID de remetente deve consistir em n\u00fameros - por exemplo, n\u00famero de telefone - ou letras, \u00e9 uma decis\u00e3o inteiramente sua. Criamos tantos remetentes quantos precisar. A \u00fanica limita\u00e7\u00e3o - estabelecida pelas empresas de telecomunica\u00e7\u00f5es - \u00e9 que uma ID de remetente pode ter um m\u00e1ximo de 11 caracteres.<\/p>\n<h3>V\u00e1rias op\u00e7\u00f5es de n\u00fameros de telem\u00f3vel - muitos pa\u00edses diferentes<\/h3>\n<p>Se tiver v\u00e1rios n\u00fameros de telem\u00f3vel que pretenda associar \u00e0 sua conta SureSMS, esta pode ser facilmente configurada para o fazer. Temos v\u00e1rios clientes que associaram n\u00fameros com cart\u00f5es SIM de diferentes pa\u00edses. Uma forma simples de enviar SMS para v\u00e1rios pa\u00edses sem comprometer o pre\u00e7o e a vis\u00e3o geral.<\/p>\n<h3>Come\u00e7ar imediatamente<\/h3>\n<p>Come\u00e7ar a utilizar o nosso SMS Gateway \u00e9 r\u00e1pido, f\u00e1cil e gratuito.<\/p>\n<p>Preencha o nosso link nesta p\u00e1gina para obter uma conta de avalia\u00e7\u00e3o gratuita e comece a utilizar o servi\u00e7o em 5 minutos. Dar-lhe-emos 50 SMS gratuitos para que possa testar o nosso servi\u00e7o e a nossa qualidade por si pr\u00f3prio. Se tiver alguma d\u00favida, estamos aqui para o ajudar e temos anos de experi\u00eancia dos nossos outros clientes no sector.<\/p>\n\n\t\t\t<p><a href=\"https:\/\/suresms.com\/wp-content\/uploads\/2015\/02\/norriq-logo-20x120-px.jpg\"><img loading=\"lazy\" decoding=\"async\" src=\"https:\/\/suresms.com\/wp-content\/uploads\/2015\/02\/norriq-logo-20x120-px.jpg\" alt=\"log\u00f3tipo norriq 20x120 px\" width=\"200\" height=\"96\" \/><\/a><em>\"Utiliz\u00e1mos o SureSMS para v\u00e1rios dos nossos clientes.<br \/>O SureSMS est\u00e1 integrado no nosso sistema financeiro e de POS, pelo que as mensagens s\u00e3o enviadas automaticamente para os clientes dos nossos clientes quando a encomenda \u00e9 conclu\u00edda.<\/em><em>A nossa coopera\u00e7\u00e3o com a SureSMS tem sido boa e eles t\u00eam sido sempre r\u00e1pidos a ajudar-nos a colocar novos clientes em funcionamento. Depois de estarmos a funcionar, n\u00e3o voltamos a falar com eles porque nunca h\u00e1 problemas.<\/em><em>Alguns dos nossos clientes tamb\u00e9m enviam para n\u00fameros estrangeiros, o que tamb\u00e9m n\u00e3o \u00e9 um problema.\"<\/em><strong>S\u00f8ren Christensen, Gestor de Conta Principal<\/strong><strong> Norriq.<\/strong><\/p>\t\t\n\t\t<h4>Criar uma conta de avalia\u00e7\u00e3o gratuita<\/h4>\n\t\t<p>Demora apenas 5 minutos. Comece agora mesmo e obtenha <strong>100 mensagens SMS gratuitas<\/strong> sem compromissos.<\/p>\n\t\t\t<a href=\"https:\/\/suresms.com\/pt\/conta-de-teste-de-sms-gratis\/\" target=\"_self\">\n\t\t\t\t\t\t\tCriar conta de avalia\u00e7\u00e3o\n\t\t\t\t\t<\/a>\n\t\t<h4>Encomende uma solu\u00e7\u00e3o de 2 vias!<\/h4>\n\t\t<p>J\u00e1 tem uma conta? Encomende uma solu\u00e7\u00e3o bidirecional e obtenha as op\u00e7\u00f5es adicionais que a sua pr\u00f3pria solu\u00e7\u00e3o oferece.\u00a0<\/p>\n\t\t\t<a href=\"https:\/\/suresms.com\/pt\/encomendar-descarga-de-2-vias\/\" target=\"_self\">\n\t\t\t\t\t\t\tEncomendar solu\u00e7\u00e3o de 2 vias\n\t\t\t\t\t<\/a>\n\t<p>&gt; Voltar para <a href=\"https:\/\/suresms.com\/pt\/descargas-de-ramos\/\">Solu\u00e7\u00f5es para o sector<\/a><\/p>","protected":false},"excerpt":{"rendered":"<p>SMS para empresas online e servi\u00e7os web Muitos dos nossos clientes actuais s\u00e3o empresas e servi\u00e7os baseados na Internet. A nossa API \u00e9 facilmente integrada noutros sistemas, e o nosso SureSMS Gateway pode ser utilizado em muitos contextos diferentes: c\u00f3digos de acesso, clubes de clientes, marketing e inscri\u00e7\u00e3o em servi\u00e7os ou SMS de not\u00edcias, para citar alguns. Vantagens: API totalmente automatizada e flex\u00edvel ... <a title=\"SMS para neg\u00f3cios online e servi\u00e7os WEB\" class=\"read-more\" href=\"https:\/\/suresms.com\/pt\/branchelosninger\/sms-til-online-virksomheder-og-web-services-2\/\" aria-label=\"Leia mais sobre SMS para neg\u00f3cios online e servi\u00e7os WEB\">Rir mas<\/a><\/p>","protected":false},"author":1,"featured_media":0,"parent":1654,"menu_order":5,"comment_status":"closed","ping_status":"closed","template":"","meta":{"_fl_builder_enabled":"1","_fl_builder_data":null,"_fl_builder_draft":null,"_fl_builder_data_settings":null,"_fl_builder_css":"","_fl_builder_css_version":"","_fl_builder_js":"","footnotes":""},"categories":[],"tags":[],"class_list":["post-2697","page","type-page","status-publish"],"yoast_head":"<!-- This site is optimized with the Yoast SEO Premium plugin v27.3 (Yoast SEO v27.3) - https:\/\/yoast.com\/product\/yoast-seo-premium-wordpress\/ -->\r\n<title>SMS til online virksomheder og WEB-services. Fleksibel SMS Gateway API<\/title>\r\n<meta name=\"description\" content=\"Fleksibel og veldokumenteret online SMS-l\u00f8sning. Pinkoder, nyheds-SMS og mange flere funktioner til online virksomheder og services. Opret gratis Testkonto.\" \/>\r\n<meta name=\"robots\" content=\"index, follow, max-snippet:-1, max-image-preview:large, max-video-preview:-1\" \/>\r\n<link rel=\"canonical\" href=\"https:\/\/suresms.com\/pt\/descargas-de-ramos\/sms-para-empresas-em-linha-e-servicos-web-2\/\" \/>\r\n<meta property=\"og:locale\" content=\"pt_PT\" \/>\r\n<meta property=\"og:type\" content=\"article\" \/>\r\n<meta property=\"og:title\" content=\"SMS til Online Virksomheder og WEB services\" \/>\r\n<meta property=\"og:description\" content=\"Fleksibel og veldokumenteret online SMS-l\u00f8sning. Pinkoder, nyheds-SMS og mange flere funktioner til online virksomheder og services. Opret gratis Testkonto.\" \/>\r\n<meta property=\"og:url\" content=\"https:\/\/suresms.com\/pt\/descargas-de-ramos\/sms-para-empresas-em-linha-e-servicos-web-2\/\" \/>\r\n<meta property=\"article:publisher\" content=\"https:\/\/www.facebook.com\/p\/SureSMS-100044607956149\/\" \/>\r\n<meta property=\"article:modified_time\" content=\"2025-01-05T00:16:47+00:00\" \/>\r\n<meta property=\"og:image\" content=\"https:\/\/suresms.com\/wp-content\/uploads\/2016\/06\/SMS-til-butikker.jpg\" \/>\r\n\t<meta property=\"og:image:width\" content=\"400\" \/>\r\n\t<meta property=\"og:image:height\" content=\"266\" \/>\r\n\t<meta property=\"og:image:type\" content=\"image\/jpeg\" \/>\r\n<meta name=\"twitter:card\" content=\"summary_large_image\" \/>\r\n<meta name=\"twitter:label1\" content=\"Tempo estimado de leitura\" \/>\n\t<meta name=\"twitter:data1\" content=\"3 minutos\" \/>\r\n<script type=\"application\/ld+json\" class=\"yoast-schema-graph\">{\"@context\":\"https:\\\/\\\/schema.org\",\"@graph\":[{\"@type\":\"WebPage\",\"@id\":\"https:\\\/\\\/suresms.com\\\/dk\\\/branchelosninger\\\/sms-til-online-virksomheder-og-web-services-2\\\/\",\"url\":\"https:\\\/\\\/suresms.com\\\/dk\\\/branchelosninger\\\/sms-til-online-virksomheder-og-web-services-2\\\/\",\"name\":\"SMS til online virksomheder og WEB-services. Fleksibel SMS Gateway API\",\"isPartOf\":{\"@id\":\"https:\\\/\\\/suresms.com\\\/en\\\/#website\"},\"primaryImageOfPage\":{\"@id\":\"https:\\\/\\\/suresms.com\\\/dk\\\/branchelosninger\\\/sms-til-online-virksomheder-og-web-services-2\\\/#primaryimage\"},\"image\":{\"@id\":\"https:\\\/\\\/suresms.com\\\/dk\\\/branchelosninger\\\/sms-til-online-virksomheder-og-web-services-2\\\/#primaryimage\"},\"thumbnailUrl\":\"https:\\\/\\\/suresms.com\\\/wp-content\\\/uploads\\\/2015\\\/02\\\/norriq-logo-20x120-px.jpg\",\"datePublished\":\"2016-06-02T15:36:31+00:00\",\"dateModified\":\"2025-01-05T00:16:47+00:00\",\"description\":\"Fleksibel og veldokumenteret online SMS-l\u00f8sning. Pinkoder, nyheds-SMS og mange flere funktioner til online virksomheder og services. Opret gratis Testkonto.\",\"breadcrumb\":{\"@id\":\"https:\\\/\\\/suresms.com\\\/dk\\\/branchelosninger\\\/sms-til-online-virksomheder-og-web-services-2\\\/#breadcrumb\"},\"inLanguage\":\"pt-PT\",\"potentialAction\":[{\"@type\":\"ReadAction\",\"target\":[\"https:\\\/\\\/suresms.com\\\/dk\\\/branchelosninger\\\/sms-til-online-virksomheder-og-web-services-2\\\/\"]}]},{\"@type\":\"ImageObject\",\"inLanguage\":\"pt-PT\",\"@id\":\"https:\\\/\\\/suresms.com\\\/dk\\\/branchelosninger\\\/sms-til-online-virksomheder-og-web-services-2\\\/#primaryimage\",\"url\":\"https:\\\/\\\/suresms.com\\\/wp-content\\\/uploads\\\/2015\\\/02\\\/norriq-logo-20x120-px.jpg\",\"contentUrl\":\"https:\\\/\\\/suresms.com\\\/wp-content\\\/uploads\\\/2015\\\/02\\\/norriq-logo-20x120-px.jpg\"},{\"@type\":\"BreadcrumbList\",\"@id\":\"https:\\\/\\\/suresms.com\\\/dk\\\/branchelosninger\\\/sms-til-online-virksomheder-og-web-services-2\\\/#breadcrumb\",\"itemListElement\":[{\"@type\":\"ListItem\",\"position\":1,\"name\":\"Home\",\"item\":\"https:\\\/\\\/suresms.com\\\/dk\\\/\"},{\"@type\":\"ListItem\",\"position\":2,\"name\":\"Branchel\u00f8sninger\",\"item\":\"https:\\\/\\\/suresms.com\\\/dk\\\/branchelosninger\\\/\"},{\"@type\":\"ListItem\",\"position\":3,\"name\":\"SMS til Online Virksomheder og WEB services\"}]},{\"@type\":\"WebSite\",\"@id\":\"https:\\\/\\\/suresms.com\\\/en\\\/#website\",\"url\":\"https:\\\/\\\/suresms.com\\\/en\\\/\",\"name\":\"SureSMS\",\"description\":\"Professionel SMS Gateway\",\"publisher\":{\"@id\":\"https:\\\/\\\/suresms.com\\\/en\\\/#organization\"},\"potentialAction\":[{\"@type\":\"SearchAction\",\"target\":{\"@type\":\"EntryPoint\",\"urlTemplate\":\"https:\\\/\\\/suresms.com\\\/en\\\/?s={search_term_string}\"},\"query-input\":{\"@type\":\"PropertyValueSpecification\",\"valueRequired\":true,\"valueName\":\"search_term_string\"}}],\"inLanguage\":\"pt-PT\"},{\"@type\":\"Organization\",\"@id\":\"https:\\\/\\\/suresms.com\\\/en\\\/#organization\",\"name\":\"SureSMS\",\"url\":\"https:\\\/\\\/suresms.com\\\/en\\\/\",\"logo\":{\"@type\":\"ImageObject\",\"inLanguage\":\"pt-PT\",\"@id\":\"https:\\\/\\\/suresms.com\\\/en\\\/#\\\/schema\\\/logo\\\/image\\\/\",\"url\":\"https:\\\/\\\/suresms.com\\\/wp-content\\\/uploads\\\/2024\\\/11\\\/suresms-300x65-1.png\",\"contentUrl\":\"https:\\\/\\\/suresms.com\\\/wp-content\\\/uploads\\\/2024\\\/11\\\/suresms-300x65-1.png\",\"width\":300,\"height\":65,\"caption\":\"SureSMS\"},\"image\":{\"@id\":\"https:\\\/\\\/suresms.com\\\/en\\\/#\\\/schema\\\/logo\\\/image\\\/\"},\"sameAs\":[\"https:\\\/\\\/www.facebook.com\\\/p\\\/SureSMS-100044607956149\\\/\"]}]}<\/script>\r\n<!-- \/ Yoast SEO Premium plugin. -->","yoast_head_json":{"title":"SMS para empresas em linha e servi\u00e7os Web. API flex\u00edvel de gateway de SMS","description":"Solu\u00e7\u00e3o de SMS em linha flex\u00edvel e comprovada. C\u00f3digos PIN, SMS de not\u00edcias e muitas outras funcionalidades para empresas e servi\u00e7os em linha. Crie uma conta de avalia\u00e7\u00e3o gratuita.","robots":{"index":"index","follow":"follow","max-snippet":"max-snippet:-1","max-image-preview":"max-image-preview:large","max-video-preview":"max-video-preview:-1"},"canonical":"https:\/\/suresms.com\/pt\/descargas-de-ramos\/sms-para-empresas-em-linha-e-servicos-web-2\/","og_locale":"pt_PT","og_type":"article","og_title":"SMS til Online Virksomheder og WEB services","og_description":"Fleksibel og veldokumenteret online SMS-l\u00f8sning. Pinkoder, nyheds-SMS og mange flere funktioner til online virksomheder og services. Opret gratis Testkonto.","og_url":"https:\/\/suresms.com\/pt\/descargas-de-ramos\/sms-para-empresas-em-linha-e-servicos-web-2\/","article_publisher":"https:\/\/www.facebook.com\/p\/SureSMS-100044607956149\/","article_modified_time":"2025-01-05T00:16:47+00:00","og_image":[{"width":400,"height":266,"url":"https:\/\/suresms.com\/wp-content\/uploads\/2016\/06\/SMS-til-butikker.jpg","type":"image\/jpeg"}],"twitter_card":"summary_large_image","twitter_misc":{"Tempo estimado de leitura":"3 minutos"},"schema":{"@context":"https:\/\/schema.org","@graph":[{"@type":"WebPage","@id":"https:\/\/suresms.com\/dk\/branchelosninger\/sms-til-online-virksomheder-og-web-services-2\/","url":"https:\/\/suresms.com\/dk\/branchelosninger\/sms-til-online-virksomheder-og-web-services-2\/","name":"SMS para empresas em linha e servi\u00e7os Web. API flex\u00edvel de gateway de SMS","isPartOf":{"@id":"https:\/\/suresms.com\/en\/#website"},"primaryImageOfPage":{"@id":"https:\/\/suresms.com\/dk\/branchelosninger\/sms-til-online-virksomheder-og-web-services-2\/#primaryimage"},"image":{"@id":"https:\/\/suresms.com\/dk\/branchelosninger\/sms-til-online-virksomheder-og-web-services-2\/#primaryimage"},"thumbnailUrl":"https:\/\/suresms.com\/wp-content\/uploads\/2015\/02\/norriq-logo-20x120-px.jpg","datePublished":"2016-06-02T15:36:31+00:00","dateModified":"2025-01-05T00:16:47+00:00","description":"Solu\u00e7\u00e3o de SMS em linha flex\u00edvel e comprovada. C\u00f3digos PIN, SMS de not\u00edcias e muitas outras funcionalidades para empresas e servi\u00e7os em linha. Crie uma conta de avalia\u00e7\u00e3o gratuita.","breadcrumb":{"@id":"https:\/\/suresms.com\/dk\/branchelosninger\/sms-til-online-virksomheder-og-web-services-2\/#breadcrumb"},"inLanguage":"pt-PT","potentialAction":[{"@type":"ReadAction","target":["https:\/\/suresms.com\/dk\/branchelosninger\/sms-til-online-virksomheder-og-web-services-2\/"]}]},{"@type":"ImageObject","inLanguage":"pt-PT","@id":"https:\/\/suresms.com\/dk\/branchelosninger\/sms-til-online-virksomheder-og-web-services-2\/#primaryimage","url":"https:\/\/suresms.com\/wp-content\/uploads\/2015\/02\/norriq-logo-20x120-px.jpg","contentUrl":"https:\/\/suresms.com\/wp-content\/uploads\/2015\/02\/norriq-logo-20x120-px.jpg"},{"@type":"BreadcrumbList","@id":"https:\/\/suresms.com\/dk\/branchelosninger\/sms-til-online-virksomheder-og-web-services-2\/#breadcrumb","itemListElement":[{"@type":"ListItem","position":1,"name":"Home","item":"https:\/\/suresms.com\/dk\/"},{"@type":"ListItem","position":2,"name":"Branchel\u00f8sninger","item":"https:\/\/suresms.com\/dk\/branchelosninger\/"},{"@type":"ListItem","position":3,"name":"SMS til Online Virksomheder og WEB services"}]},{"@type":"WebSite","@id":"https:\/\/suresms.com\/en\/#website","url":"https:\/\/suresms.com\/en\/","name":"SureSMS","description":"Gateway SMS profissional","publisher":{"@id":"https:\/\/suresms.com\/en\/#organization"},"potentialAction":[{"@type":"SearchAction","target":{"@type":"EntryPoint","urlTemplate":"https:\/\/suresms.com\/en\/?s={search_term_string}"},"query-input":{"@type":"PropertyValueSpecification","valueRequired":true,"valueName":"search_term_string"}}],"inLanguage":"pt-PT"},{"@type":"Organization","@id":"https:\/\/suresms.com\/en\/#organization","name":"SureSMS","url":"https:\/\/suresms.com\/en\/","logo":{"@type":"ImageObject","inLanguage":"pt-PT","@id":"https:\/\/suresms.com\/en\/#\/schema\/logo\/image\/","url":"https:\/\/suresms.com\/wp-content\/uploads\/2024\/11\/suresms-300x65-1.png","contentUrl":"https:\/\/suresms.com\/wp-content\/uploads\/2024\/11\/suresms-300x65-1.png","width":300,"height":65,"caption":"SureSMS"},"image":{"@id":"https:\/\/suresms.com\/en\/#\/schema\/logo\/image\/"},"sameAs":["https:\/\/www.facebook.com\/p\/SureSMS-100044607956149\/"]}]}},"_links":{"self":[{"href":"https:\/\/suresms.com\/pt\/wp-json\/wp\/v2\/pages\/2697","targetHints":{"allow":["GET"]}}],"collection":[{"href":"https:\/\/suresms.com\/pt\/wp-json\/wp\/v2\/pages"}],"about":[{"href":"https:\/\/suresms.com\/pt\/wp-json\/wp\/v2\/types\/page"}],"author":[{"embeddable":true,"href":"https:\/\/suresms.com\/pt\/wp-json\/wp\/v2\/users\/1"}],"replies":[{"embeddable":true,"href":"https:\/\/suresms.com\/pt\/wp-json\/wp\/v2\/comments?post=2697"}],"version-history":[{"count":8,"href":"https:\/\/suresms.com\/pt\/wp-json\/wp\/v2\/pages\/2697\/revisions"}],"predecessor-version":[{"id":21100,"href":"https:\/\/suresms.com\/pt\/wp-json\/wp\/v2\/pages\/2697\/revisions\/21100"}],"up":[{"embeddable":true,"href":"https:\/\/suresms.com\/pt\/wp-json\/wp\/v2\/pages\/1654"}],"wp:attachment":[{"href":"https:\/\/suresms.com\/pt\/wp-json\/wp\/v2\/media?parent=2697"}],"wp:term":[{"taxonomy":"category","embeddable":true,"href":"https:\/\/suresms.com\/pt\/wp-json\/wp\/v2\/categories?post=2697"},{"taxonomy":"post_tag","embeddable":true,"href":"https:\/\/suresms.com\/pt\/wp-json\/wp\/v2\/tags?post=2697"}],"curies":[{"name":"wp","href":"https:\/\/api.w.org\/{rel}","templated":true}]}}