{"id":2687,"date":"2016-06-02T10:02:29","date_gmt":"2016-06-02T08:02:29","guid":{"rendered":"https:\/\/www.suresms.com\/dk\/?page_id=2687"},"modified":"2025-01-05T00:19:16","modified_gmt":"2025-01-05T00:19:16","slug":"sms-para-empresas-transformadoras","status":"publish","type":"page","link":"https:\/\/suresms.com\/pt\/branchelosninger\/sms-til-produktionsvirksomheder\/","title":{"rendered":"SMS para empresas transformadoras"},"content":{"rendered":"<!-- Flexy Breadcrumb -->\r\n\t\t\t<div class=\"fbc fbc-page\">\r\n\r\n\t\t\t\t<!-- Breadcrumb wrapper -->\r\n\t\t\t\t<div class=\"fbc-wrap\">\r\n\r\n\t\t\t\t\t<!-- Ordered list-->\r\n\t\t\t\t\t<ol class=\"fbc-items\" itemscope itemtype=\"https:\/\/schema.org\/BreadcrumbList\">\r\n\t\t\t\t\t\t            <li itemprop=\"itemListElement\" itemscope itemtype=\"https:\/\/schema.org\/ListItem\">\r\n                <span itemprop=\"name\">\r\n                    <!-- Home Link -->\r\n                    <a itemprop=\"item\" href=\"https:\/\/suresms.com\/pt\/\">\r\n                    \r\n                                                    <i class=\"fa fa-home\" aria-hidden=\"true\"><\/i>In\u00edcio                    <\/a>\r\n                <\/span>\r\n                <meta itemprop=\"position\" content=\"1\" \/><!-- Meta Position-->\r\n             <\/li><li><span class=\"fbc-separator\">\/<\/span><\/li><li class=\"active\" itemprop=\"itemListElement\" itemscope itemtype=\"https:\/\/schema.org\/ListItem\"><span itemprop=\"name\" title=\"SMS para empresas transformadoras\">SMS para empresas transformadoras<\/span><meta itemprop=\"position\" content=\"2\" \/><\/li>\t\t\t\t\t<\/ol>\r\n\t\t\t\t\t<div class=\"clearfix\"><\/div>\r\n\t\t\t\t<\/div>\r\n\t\t\t<\/div>\r\n\t\t\t\n<h1>\n\t\tSMS para empresas e empresas transformadoras\n\t<\/h1>\n\t\n\n<p><strong>Na SureSMS fornecemos SMS para empresas e neg\u00f3cios de manufatura. Fornecemos um gateway est\u00e1vel e fi\u00e1vel com qualidade e monitoriza\u00e7\u00e3o de topo - uma solu\u00e7\u00e3o SMS que funciona.<\/strong><\/p>\n\n<p><strong>Benef\u00edcios do SureSMS Gateway:<\/strong><\/p>\n<ul> \t\n<li><strong>Operacionalmente est\u00e1vel e com o maior tempo de atividade poss\u00edvel.<\/strong><\/li>\n\n<li><b>C\u00f3pia de seguran\u00e7a: Temos c\u00f3pias de seguran\u00e7a de todos os dados em servidores f\u00edsicos em diferentes locais na Zel\u00e2ndia.<\/b><\/li>\n\n<li><strong>A nossa equipa \u00e9 constitu\u00edda por pessoas altamente qualificadas que conhecem os processos. J\u00e1 o fizemos antes e isso resulta em menos erros e maior profissionalismo.<\/strong><\/li>\n\n<li><strong>A partir do nosso portal Web, \u00e9 f\u00e1cil trabalhar com direitos de utilizador flex\u00edveis. Os seus empregados podem enviar a partir da mesma conta com v\u00e1rios n\u00fameros de telem\u00f3vel.<\/strong><\/li>\n\n<li><strong>Integra\u00e7\u00f5es: Temos muitas, por ex. SAP, Oracle, SCADA e AS\/400, e se n\u00e3o tivermos a sua, teremos todo o gosto em ajud\u00e1-lo a cri\u00e1-la. Claro que sem qualquer custo adicional.<\/strong><\/li>\n<\/ul>\n\n<h3>Elevada fiabilidade de entrega e servi\u00e7o profissional a um \u00f3timo pre\u00e7o<\/h3>\n\n<p>Ap\u00f3s muitos anos no sector, sabemos como \u00e9 importante que a sua comunica\u00e7\u00e3o N\u00c3O seja interrompida. N\u00e3o poupamos em equipamento, monitoriza\u00e7\u00e3o ou horas de trabalho. A nossa equipa certifica-se de que o nosso Gateway funciona de forma profissional, est\u00e1vel e segura.<\/p>\n\n<p>Ap\u00f3s mais de 10 anos no sector, podemos garantir e fornecer um produto que foi testado exaustivamente e desenvolvido de forma adequada.  Veja o nosso<a title=\"Pre\u00e7os de gateway SMS\" href=\"https:\/\/suresms.com\/pt\/precos-de-gateway-sms\/\"> Pre\u00e7os do SMS Gateway <\/a>Aqui.<\/p>\n<h3>Servidores monitorizados e encripta\u00e7\u00e3o SSL de todos os dados<\/h3>\n<p>As empresas dependem do bom funcionamento da comunica\u00e7\u00e3o com clientes e fornecedores - a toda a hora!<br \/>Na SureSMS, protegemos os seus dados numa configura\u00e7\u00e3o de servidor redundante em servidores f\u00edsicos dinamarqueses. Isto significa que temos todos os dados fisicamente localizados em servidores instalados em dois centros de dados diferentes. Se algo acontecer aos seus dados, teremos sempre uma c\u00f3pia de seguran\u00e7a completa. Claro que temos os melhores sistemas de alarme para monitoriza\u00e7\u00e3o, mas todas as m\u00e1quinas podem falhar. <strong>\u00c9 por isso que temos SEMPRE pessoas competentes a monitorizar o tr\u00e1fego e os servidores 24 horas por dia.<\/strong><\/p>\n<p>O mais recente <strong>Encripta\u00e7\u00e3o SSL<\/strong> garante a prote\u00e7\u00e3o dos seus dados quando acede aos mesmos atrav\u00e9s da Internet. Normalmente, guardamos todas as mensagens para que tenha sempre uma vis\u00e3o global das mensagens enviadas a partir do nosso portal Web. Se desejar, dispomos de uma fun\u00e7\u00e3o que elimina as mensagens dos nossos servidores assim que s\u00e3o enviadas. Contacte o nosso apoio se pretender utilizar esta fun\u00e7\u00e3o.<\/p>\n<h3>Interface de utilizador simples e clara no portal WEB<\/h3>\n<p>A nossa interface simples e clara no portal SureSMS WEB facilita o envio de mensagens SMS para as pessoas ou grupos com os quais precisa de comunicar. Pode manter uma vis\u00e3o geral a partir do seu computador. O nosso portal Web pode ser utilizado a partir do PC, iPad ou smartphones.<\/p>\n<p>Quer precise de enviar mensagens a empregados, motoristas ou clientes, quer o telefone para o qual est\u00e1 a enviar seja dinamarqu\u00eas ou estrangeiro, onde quer que esteja, as suas mensagens chegar\u00e3o. Desde que o telem\u00f3vel esteja ligado na outra extremidade.<\/p>\n<h3>Fazemos integra\u00e7\u00f5es com a maioria dos sistemas<\/h3>\n<p>O nosso SMS Gateway pode ser facilmente integrado nos processos e sistemas existentes para garantir uma comunica\u00e7\u00e3o r\u00e1pida e est\u00e1vel na pr\u00e1tica di\u00e1ria. Dispomos de uma excelente API e de integra\u00e7\u00f5es com SAP, Oracle, SCADA e AS\/400, e estamos sempre dispon\u00edveis para o ajudar se necessitar de integrar um novo sistema. <a title=\"Apoio por correio eletr\u00f3nico e telefone 24 horas por dia, 7 dias por semana\" href=\"https:\/\/suresms.com\/pt\/suporte-suresms\/\">Entre em contacto com o nosso apoio<\/a>. Os nossos programadores est\u00e3o prontos para ajudar e aconselhar.<\/p>\n<h3>Fun\u00e7\u00e3o do grupo: Comunica\u00e7\u00e3o aos trabalhadores<\/h3>\n<p>A partir do nosso portal Web, pode utilizar a fun\u00e7\u00e3o <a title=\"GroupSMS: Criar e enviar para grupos\" href=\"https:\/\/suresms.com\/pt\/grupo-sms\/\">Criar e enviar SMS para grupos<\/a>. Uma funcionalidade que pode ser utilizada de v\u00e1rias formas. V\u00e1rias empresas utilizam-no para comunicar com os empregados. O telem\u00f3vel tornou-se o meio natural de comunica\u00e7\u00e3o para informa\u00e7\u00f5es pr\u00e1ticas, bem como para uma comunica\u00e7\u00e3o de natureza mais social.<\/p>\n<h3>Come\u00e7ar imediatamente<\/h3>\n<p>Come\u00e7ar a utilizar o nosso SMS Gateway \u00e9 r\u00e1pido e f\u00e1cil, e n\u00e3o h\u00e1 qualquer custo associado ao teste do nosso produto.<\/p>\n<p>Ao preencher a nossa liga\u00e7\u00e3o para uma conta de avalia\u00e7\u00e3o gratuita, pode come\u00e7ar em 5 minutos. Dar-lhe-emos 50 SMS gratuitos para que possa avaliar rapidamente o nosso servi\u00e7o e a nossa qualidade. Se tiver alguma d\u00favida, lembre-se de que estamos sempre aqui para o ajudar e que temos anos de experi\u00eancia dos nossos outros clientes no sector.<\/p>\n\n\t\t\t<p><a href=\"https:\/\/suresms.com\/wp-content\/uploads\/2016\/01\/Herning-Varmforsinkning-100-px.jpg\"><img loading=\"lazy\" decoding=\"async\" src=\"https:\/\/suresms.com\/wp-content\/uploads\/2016\/01\/Herning-Varmforsinkning-100-px.jpg\" alt=\"Herning Dissipador de calor 100 px\" width=\"100\" height=\"99\" \/><\/a><\/p>\n<p>A Herning Varmforzinkning envia mensagens aos seus clientes atrav\u00e9s de Email2SMS. Os clientes recebem uma mensagem flash no seu telem\u00f3vel quando uma encomenda \u00e9 conclu\u00edda.<\/p>\n<em>\"Deveria haver mais empresas de TI como a vossa.<br \/>\n- \u00c9 muito flex\u00edvel\".<\/em>\n<p><strong>Bjarne J\u00f8rgensen, Diretor-Geral Diretor Geral<\/strong><\/p>\n<p><strong>Herning Galvaniza\u00e7\u00e3o por imers\u00e3o a quente.<\/strong><\/p>\n\t\t<h4>Criar uma conta de avalia\u00e7\u00e3o gratuita<\/h4>\n\t\t<p>Demora apenas 5 minutos. Comece agora mesmo e obtenha <strong>100 mensagens SMS gratuitas<\/strong> sem compromissos.<\/p>\n\t\t\t<a href=\"https:\/\/suresms.com\/pt\/conta-de-teste-de-sms-gratis\/\" target=\"_self\">\n\t\t\t\t\t\t\tCriar conta de avalia\u00e7\u00e3o\n\t\t\t\t\t<\/a>\n\t\t<h4>Encomende uma solu\u00e7\u00e3o de 2 vias!<\/h4>\n\t\t<p>J\u00e1 tem uma conta? Encomende uma solu\u00e7\u00e3o bidirecional e obtenha as op\u00e7\u00f5es adicionais que a sua pr\u00f3pria solu\u00e7\u00e3o oferece.\u00a0<\/p>\n\t\t\t<a href=\"https:\/\/suresms.com\/pt\/encomendar-descarga-de-2-vias\/\" target=\"_self\">\n\t\t\t\t\t\t\tEncomendar solu\u00e7\u00e3o de 2 vias\n\t\t\t\t\t<\/a>\n\t<p>&gt; Voltar para <a href=\"https:\/\/suresms.com\/pt\/descargas-de-ramos\/\">Solu\u00e7\u00f5es para o sector<\/a><\/p>","protected":false},"excerpt":{"rendered":"<p>SMS para empresas de produ\u00e7\u00e3o e neg\u00f3cios Na SureSMS fornecemos SMS para empresas de produ\u00e7\u00e3o e neg\u00f3cios. Fornecemos um gateway est\u00e1vel e fi\u00e1vel com qualidade e monitoriza\u00e7\u00e3o de topo - uma solu\u00e7\u00e3o SMS que funciona. Vantagens do Gateway SureSMS: Estabilidade operacional e o maior tempo de atividade poss\u00edvel. Backup: Fazemos backup de todos os dados em servidores f\u00edsicos em diferentes locais... <a title=\"SMS para empresas transformadoras\" class=\"read-more\" href=\"https:\/\/suresms.com\/pt\/branchelosninger\/sms-til-produktionsvirksomheder\/\" aria-label=\"Leia mais sobre SMS para empresas de produ\u00e7\u00e3o\">Rir mas<\/a><\/p>","protected":false},"author":1,"featured_media":0,"parent":1654,"menu_order":6,"comment_status":"closed","ping_status":"closed","template":"","meta":{"_fl_builder_enabled":"1","_fl_builder_data":null,"_fl_builder_draft":null,"_fl_builder_data_settings":null,"_fl_builder_css":"","_fl_builder_css_version":"","_fl_builder_js":"","footnotes":""},"categories":[],"tags":[],"class_list":["post-2687","page","type-page","status-publish"],"yoast_head":"<!-- This site is optimized with the Yoast SEO Premium plugin v27.3 (Yoast SEO v27.3) - https:\/\/yoast.com\/product\/yoast-seo-premium-wordpress\/ -->\r\n<title>SMS til Produktionsvirksomheder - SureSMS. Stabil og driftssikker SMS<\/title>\r\n<meta name=\"description\" content=\"Driftstabil og fleksibel online SMS Gateway. H\u00f8j leveringssikkerhed og professionel service til god pris. Bedste leverand\u00f8rer giver h\u00f8jest mulige oppetid.\" \/>\r\n<meta name=\"robots\" content=\"index, follow, max-snippet:-1, max-image-preview:large, max-video-preview:-1\" \/>\r\n<link rel=\"canonical\" href=\"https:\/\/suresms.com\/pt\/descargas-de-ramos\/sms-para-empresas-transformadoras\/\" \/>\r\n<meta property=\"og:locale\" content=\"pt_PT\" \/>\r\n<meta property=\"og:type\" content=\"article\" \/>\r\n<meta property=\"og:title\" content=\"SMS til Produktionsvirksomheder\" \/>\r\n<meta property=\"og:description\" content=\"Driftstabil og fleksibel online SMS Gateway. H\u00f8j leveringssikkerhed og professionel service til god pris. Bedste leverand\u00f8rer giver h\u00f8jest mulige oppetid.\" \/>\r\n<meta property=\"og:url\" content=\"https:\/\/suresms.com\/pt\/descargas-de-ramos\/sms-para-empresas-transformadoras\/\" \/>\r\n<meta property=\"article:publisher\" content=\"https:\/\/www.facebook.com\/p\/SureSMS-100044607956149\/\" \/>\r\n<meta property=\"article:modified_time\" content=\"2025-01-05T00:19:16+00:00\" \/>\r\n<meta property=\"og:image\" content=\"https:\/\/suresms.com\/wp-content\/uploads\/2016\/06\/sms-til-produktionsvirksomheder-snippet.jpg\" \/>\r\n\t<meta property=\"og:image:width\" content=\"400\" \/>\r\n\t<meta property=\"og:image:height\" content=\"266\" \/>\r\n\t<meta property=\"og:image:type\" content=\"image\/jpeg\" \/>\r\n<meta name=\"twitter:card\" content=\"summary_large_image\" \/>\r\n<meta name=\"twitter:label1\" content=\"Tempo estimado de leitura\" \/>\n\t<meta name=\"twitter:data1\" content=\"4 minutos\" \/>\r\n<script type=\"application\/ld+json\" class=\"yoast-schema-graph\">{\"@context\":\"https:\\\/\\\/schema.org\",\"@graph\":[{\"@type\":\"WebPage\",\"@id\":\"https:\\\/\\\/suresms.com\\\/dk\\\/branchelosninger\\\/sms-til-produktionsvirksomheder\\\/\",\"url\":\"https:\\\/\\\/suresms.com\\\/dk\\\/branchelosninger\\\/sms-til-produktionsvirksomheder\\\/\",\"name\":\"SMS til Produktionsvirksomheder - SureSMS. Stabil og driftssikker SMS\",\"isPartOf\":{\"@id\":\"https:\\\/\\\/suresms.com\\\/en\\\/#website\"},\"primaryImageOfPage\":{\"@id\":\"https:\\\/\\\/suresms.com\\\/dk\\\/branchelosninger\\\/sms-til-produktionsvirksomheder\\\/#primaryimage\"},\"image\":{\"@id\":\"https:\\\/\\\/suresms.com\\\/dk\\\/branchelosninger\\\/sms-til-produktionsvirksomheder\\\/#primaryimage\"},\"thumbnailUrl\":\"https:\\\/\\\/suresms.com\\\/wp-content\\\/uploads\\\/2016\\\/01\\\/Herning-Varmforsinkning-100-px.jpg\",\"datePublished\":\"2016-06-02T08:02:29+00:00\",\"dateModified\":\"2025-01-05T00:19:16+00:00\",\"description\":\"Driftstabil og fleksibel online SMS Gateway. H\u00f8j leveringssikkerhed og professionel service til god pris. Bedste leverand\u00f8rer giver h\u00f8jest mulige oppetid.\",\"breadcrumb\":{\"@id\":\"https:\\\/\\\/suresms.com\\\/dk\\\/branchelosninger\\\/sms-til-produktionsvirksomheder\\\/#breadcrumb\"},\"inLanguage\":\"pt-PT\",\"potentialAction\":[{\"@type\":\"ReadAction\",\"target\":[\"https:\\\/\\\/suresms.com\\\/dk\\\/branchelosninger\\\/sms-til-produktionsvirksomheder\\\/\"]}]},{\"@type\":\"ImageObject\",\"inLanguage\":\"pt-PT\",\"@id\":\"https:\\\/\\\/suresms.com\\\/dk\\\/branchelosninger\\\/sms-til-produktionsvirksomheder\\\/#primaryimage\",\"url\":\"https:\\\/\\\/suresms.com\\\/wp-content\\\/uploads\\\/2016\\\/01\\\/Herning-Varmforsinkning-100-px.jpg\",\"contentUrl\":\"https:\\\/\\\/suresms.com\\\/wp-content\\\/uploads\\\/2016\\\/01\\\/Herning-Varmforsinkning-100-px.jpg\"},{\"@type\":\"BreadcrumbList\",\"@id\":\"https:\\\/\\\/suresms.com\\\/dk\\\/branchelosninger\\\/sms-til-produktionsvirksomheder\\\/#breadcrumb\",\"itemListElement\":[{\"@type\":\"ListItem\",\"position\":1,\"name\":\"Home\",\"item\":\"https:\\\/\\\/suresms.com\\\/dk\\\/\"},{\"@type\":\"ListItem\",\"position\":2,\"name\":\"Branchel\u00f8sninger\",\"item\":\"https:\\\/\\\/suresms.com\\\/dk\\\/branchelosninger\\\/\"},{\"@type\":\"ListItem\",\"position\":3,\"name\":\"SMS til Produktionsvirksomheder\"}]},{\"@type\":\"WebSite\",\"@id\":\"https:\\\/\\\/suresms.com\\\/en\\\/#website\",\"url\":\"https:\\\/\\\/suresms.com\\\/en\\\/\",\"name\":\"SureSMS\",\"description\":\"Professionel SMS Gateway\",\"publisher\":{\"@id\":\"https:\\\/\\\/suresms.com\\\/en\\\/#organization\"},\"potentialAction\":[{\"@type\":\"SearchAction\",\"target\":{\"@type\":\"EntryPoint\",\"urlTemplate\":\"https:\\\/\\\/suresms.com\\\/en\\\/?s={search_term_string}\"},\"query-input\":{\"@type\":\"PropertyValueSpecification\",\"valueRequired\":true,\"valueName\":\"search_term_string\"}}],\"inLanguage\":\"pt-PT\"},{\"@type\":\"Organization\",\"@id\":\"https:\\\/\\\/suresms.com\\\/en\\\/#organization\",\"name\":\"SureSMS\",\"url\":\"https:\\\/\\\/suresms.com\\\/en\\\/\",\"logo\":{\"@type\":\"ImageObject\",\"inLanguage\":\"pt-PT\",\"@id\":\"https:\\\/\\\/suresms.com\\\/en\\\/#\\\/schema\\\/logo\\\/image\\\/\",\"url\":\"https:\\\/\\\/suresms.com\\\/wp-content\\\/uploads\\\/2024\\\/11\\\/suresms-300x65-1.png\",\"contentUrl\":\"https:\\\/\\\/suresms.com\\\/wp-content\\\/uploads\\\/2024\\\/11\\\/suresms-300x65-1.png\",\"width\":300,\"height\":65,\"caption\":\"SureSMS\"},\"image\":{\"@id\":\"https:\\\/\\\/suresms.com\\\/en\\\/#\\\/schema\\\/logo\\\/image\\\/\"},\"sameAs\":[\"https:\\\/\\\/www.facebook.com\\\/p\\\/SureSMS-100044607956149\\\/\"]}]}<\/script>\r\n<!-- \/ Yoast SEO Premium plugin. -->","yoast_head_json":{"title":"SMS para empresas de fabrico - SureSMS. SMS est\u00e1vel e fi\u00e1vel","description":"Gateway SMS em linha est\u00e1vel e flex\u00edvel. Elevada fiabilidade de entrega e servi\u00e7o profissional a um bom pre\u00e7o. Os melhores fornecedores proporcionam o maior tempo de atividade poss\u00edvel.","robots":{"index":"index","follow":"follow","max-snippet":"max-snippet:-1","max-image-preview":"max-image-preview:large","max-video-preview":"max-video-preview:-1"},"canonical":"https:\/\/suresms.com\/pt\/descargas-de-ramos\/sms-para-empresas-transformadoras\/","og_locale":"pt_PT","og_type":"article","og_title":"SMS til Produktionsvirksomheder","og_description":"Driftstabil og fleksibel online SMS Gateway. H\u00f8j leveringssikkerhed og professionel service til god pris. Bedste leverand\u00f8rer giver h\u00f8jest mulige oppetid.","og_url":"https:\/\/suresms.com\/pt\/descargas-de-ramos\/sms-para-empresas-transformadoras\/","article_publisher":"https:\/\/www.facebook.com\/p\/SureSMS-100044607956149\/","article_modified_time":"2025-01-05T00:19:16+00:00","og_image":[{"width":400,"height":266,"url":"https:\/\/suresms.com\/wp-content\/uploads\/2016\/06\/sms-til-produktionsvirksomheder-snippet.jpg","type":"image\/jpeg"}],"twitter_card":"summary_large_image","twitter_misc":{"Tempo estimado de leitura":"4 minutos"},"schema":{"@context":"https:\/\/schema.org","@graph":[{"@type":"WebPage","@id":"https:\/\/suresms.com\/dk\/branchelosninger\/sms-til-produktionsvirksomheder\/","url":"https:\/\/suresms.com\/dk\/branchelosninger\/sms-til-produktionsvirksomheder\/","name":"SMS para empresas de fabrico - SureSMS. SMS est\u00e1vel e fi\u00e1vel","isPartOf":{"@id":"https:\/\/suresms.com\/en\/#website"},"primaryImageOfPage":{"@id":"https:\/\/suresms.com\/dk\/branchelosninger\/sms-til-produktionsvirksomheder\/#primaryimage"},"image":{"@id":"https:\/\/suresms.com\/dk\/branchelosninger\/sms-til-produktionsvirksomheder\/#primaryimage"},"thumbnailUrl":"https:\/\/suresms.com\/wp-content\/uploads\/2016\/01\/Herning-Varmforsinkning-100-px.jpg","datePublished":"2016-06-02T08:02:29+00:00","dateModified":"2025-01-05T00:19:16+00:00","description":"Gateway SMS em linha est\u00e1vel e flex\u00edvel. Elevada fiabilidade de entrega e servi\u00e7o profissional a um bom pre\u00e7o. Os melhores fornecedores proporcionam o maior tempo de atividade poss\u00edvel.","breadcrumb":{"@id":"https:\/\/suresms.com\/dk\/branchelosninger\/sms-til-produktionsvirksomheder\/#breadcrumb"},"inLanguage":"pt-PT","potentialAction":[{"@type":"ReadAction","target":["https:\/\/suresms.com\/dk\/branchelosninger\/sms-til-produktionsvirksomheder\/"]}]},{"@type":"ImageObject","inLanguage":"pt-PT","@id":"https:\/\/suresms.com\/dk\/branchelosninger\/sms-til-produktionsvirksomheder\/#primaryimage","url":"https:\/\/suresms.com\/wp-content\/uploads\/2016\/01\/Herning-Varmforsinkning-100-px.jpg","contentUrl":"https:\/\/suresms.com\/wp-content\/uploads\/2016\/01\/Herning-Varmforsinkning-100-px.jpg"},{"@type":"BreadcrumbList","@id":"https:\/\/suresms.com\/dk\/branchelosninger\/sms-til-produktionsvirksomheder\/#breadcrumb","itemListElement":[{"@type":"ListItem","position":1,"name":"Home","item":"https:\/\/suresms.com\/dk\/"},{"@type":"ListItem","position":2,"name":"Branchel\u00f8sninger","item":"https:\/\/suresms.com\/dk\/branchelosninger\/"},{"@type":"ListItem","position":3,"name":"SMS til Produktionsvirksomheder"}]},{"@type":"WebSite","@id":"https:\/\/suresms.com\/en\/#website","url":"https:\/\/suresms.com\/en\/","name":"SureSMS","description":"Gateway SMS profissional","publisher":{"@id":"https:\/\/suresms.com\/en\/#organization"},"potentialAction":[{"@type":"SearchAction","target":{"@type":"EntryPoint","urlTemplate":"https:\/\/suresms.com\/en\/?s={search_term_string}"},"query-input":{"@type":"PropertyValueSpecification","valueRequired":true,"valueName":"search_term_string"}}],"inLanguage":"pt-PT"},{"@type":"Organization","@id":"https:\/\/suresms.com\/en\/#organization","name":"SureSMS","url":"https:\/\/suresms.com\/en\/","logo":{"@type":"ImageObject","inLanguage":"pt-PT","@id":"https:\/\/suresms.com\/en\/#\/schema\/logo\/image\/","url":"https:\/\/suresms.com\/wp-content\/uploads\/2024\/11\/suresms-300x65-1.png","contentUrl":"https:\/\/suresms.com\/wp-content\/uploads\/2024\/11\/suresms-300x65-1.png","width":300,"height":65,"caption":"SureSMS"},"image":{"@id":"https:\/\/suresms.com\/en\/#\/schema\/logo\/image\/"},"sameAs":["https:\/\/www.facebook.com\/p\/SureSMS-100044607956149\/"]}]}},"_links":{"self":[{"href":"https:\/\/suresms.com\/pt\/wp-json\/wp\/v2\/pages\/2687","targetHints":{"allow":["GET"]}}],"collection":[{"href":"https:\/\/suresms.com\/pt\/wp-json\/wp\/v2\/pages"}],"about":[{"href":"https:\/\/suresms.com\/pt\/wp-json\/wp\/v2\/types\/page"}],"author":[{"embeddable":true,"href":"https:\/\/suresms.com\/pt\/wp-json\/wp\/v2\/users\/1"}],"replies":[{"embeddable":true,"href":"https:\/\/suresms.com\/pt\/wp-json\/wp\/v2\/comments?post=2687"}],"version-history":[{"count":2,"href":"https:\/\/suresms.com\/pt\/wp-json\/wp\/v2\/pages\/2687\/revisions"}],"predecessor-version":[{"id":21218,"href":"https:\/\/suresms.com\/pt\/wp-json\/wp\/v2\/pages\/2687\/revisions\/21218"}],"up":[{"embeddable":true,"href":"https:\/\/suresms.com\/pt\/wp-json\/wp\/v2\/pages\/1654"}],"wp:attachment":[{"href":"https:\/\/suresms.com\/pt\/wp-json\/wp\/v2\/media?parent=2687"}],"wp:term":[{"taxonomy":"category","embeddable":true,"href":"https:\/\/suresms.com\/pt\/wp-json\/wp\/v2\/categories?post=2687"},{"taxonomy":"post_tag","embeddable":true,"href":"https:\/\/suresms.com\/pt\/wp-json\/wp\/v2\/tags?post=2687"}],"curies":[{"name":"wp","href":"https:\/\/api.w.org\/{rel}","templated":true}]}}