{"id":2681,"date":"2016-06-01T17:49:00","date_gmt":"2016-06-01T15:49:00","guid":{"rendered":"https:\/\/www.suresms.com\/dk\/?page_id=2681"},"modified":"2025-01-03T14:16:29","modified_gmt":"2025-01-03T14:16:29","slug":"sms-para-empresas-de-servicos","status":"publish","type":"page","link":"https:\/\/suresms.com\/pt\/branchelosninger\/sms-til-servicevirksomheder\/","title":{"rendered":"SMS para empresas de servi\u00e7os"},"content":{"rendered":"<!-- Flexy Breadcrumb -->\r\n\t\t\t<div class=\"fbc fbc-page\">\r\n\r\n\t\t\t\t<!-- Breadcrumb wrapper -->\r\n\t\t\t\t<div class=\"fbc-wrap\">\r\n\r\n\t\t\t\t\t<!-- Ordered list-->\r\n\t\t\t\t\t<ol class=\"fbc-items\" itemscope itemtype=\"https:\/\/schema.org\/BreadcrumbList\">\r\n\t\t\t\t\t\t            <li itemprop=\"itemListElement\" itemscope itemtype=\"https:\/\/schema.org\/ListItem\">\r\n                <span itemprop=\"name\">\r\n                    <!-- Home Link -->\r\n                    <a itemprop=\"item\" href=\"https:\/\/suresms.com\/pt\/\">\r\n                    \r\n                                                    <i class=\"fa fa-home\" aria-hidden=\"true\"><\/i>In\u00edcio                    <\/a>\r\n                <\/span>\r\n                <meta itemprop=\"position\" content=\"1\" \/><!-- Meta Position-->\r\n             <\/li><li><span class=\"fbc-separator\">\/<\/span><\/li><li class=\"active\" itemprop=\"itemListElement\" itemscope itemtype=\"https:\/\/schema.org\/ListItem\"><span itemprop=\"name\" title=\"SMS para empresas de servi\u00e7os\">SMS para empresas de servi\u00e7os<\/span><meta itemprop=\"position\" content=\"2\" \/><\/li>\t\t\t\t\t<\/ol>\r\n\t\t\t\t\t<div class=\"clearfix\"><\/div>\r\n\t\t\t\t<\/div>\r\n\t\t\t<\/div>\r\n\t\t\t\n<h1>\n\t\tSMS para empresas de servi\u00e7os\n\t<\/h1>\n<p><strong>Oficinas de repara\u00e7\u00e3o autom\u00f3vel, dentistas, cabeleireiros, cl\u00ednicas e terapeutas. Se precisar de SMS online para empresas de servi\u00e7os, um gateway de SMS \u00e9 a solu\u00e7\u00e3o ideal. Com uma solu\u00e7\u00e3o SureSMS, pode enviar mensagens SMS aos seus clientes de forma f\u00e1cil e econ\u00f3mica a partir do seu PC.<\/strong><\/p>\n<p>A nossa interface simples e direta facilita o envio de mensagens SMS exatamente para as pessoas do grupo com o qual pretende comunicar. Tudo o que \u00e9 necess\u00e1rio \u00e9 a Internet. N\u00e3o precisa de instalar qualquer software ou programa para come\u00e7ar.<\/p>\n<p><strong>Benef\u00edcios:\u00a0<\/strong><\/p>\n<ul>\n<li><strong>Agendar o envio de mensagens: Envie lembretes de compromissos e evite cancelamentos desnecess\u00e1rios.<\/strong><\/li>\n<li><strong>Gerar receitas: Envie grandes ofertas e boletins informativos aos clientes atrav\u00e9s da nossa funcionalidade de grupo.<\/strong><\/li>\n<li><strong>Envie facilmente mensagens personalizadas a grupos a partir do nosso portal Web com a funcionalidade Fundir nomes.<\/strong><\/li>\n<li><strong>Realizar inqu\u00e9ritos de satisfa\u00e7\u00e3o sobre o seu servi\u00e7o. Enviar e receber mensagens do cliente com uma solu\u00e7\u00e3o bidirecional.<\/strong><\/li>\n<li><strong>E o nosso portal Web pode ser utilizado a partir de um PC, iPad ou smartphone.<\/strong><\/li>\n<\/ul>\n<p>Naturalmente, o nosso servi\u00e7o tamb\u00e9m pode ser integrado no seu sistema existente atrav\u00e9s da nossa API SureSMS. <a title=\"Contactar-nos\" href=\"https:\/\/suresms.com\/pt\/contacto\/\">Contactar-nos<\/a> para uma conversa se quiser integrar o nosso SMS no seu sistema.<\/p>\n<h3>Enviar lembretes de marca\u00e7\u00e3o - evitar cancelamentos<\/h3>\n<p>Todas as empresas de servi\u00e7os dependem do facto de os clientes aparecerem - e aparecerem a horas. Cada vez que um cliente n\u00e3o aparece \u00e0 hora combinada, pode p\u00f4r em risco o planeamento e as receitas. Evite perder tempo e recursos enviando lembretes a clientes e consumidores. Um pequeno SMS com hora marcada pode garantir que o cliente compare\u00e7a ou se lembre de enviar um cancelamento atempadamente.<\/p>\n<h3>Fun\u00e7\u00f5es do grupo<\/h3>\n<p>A partir do nosso portal Web, pode utilizar a fun\u00e7\u00e3o <a title=\"GroupSMS: Criar e enviar para grupos\" href=\"https:\/\/suresms.com\/pt\/grupo-sms\/\">Criar e enviar SMS para grupos<\/a>. Pode ser o cabeleireiro que quer enviar uma oferta especial, o fisioterapeuta com uma mensagem para a equipa de segunda-feira ou o mec\u00e2nico de autom\u00f3veis que quer contactar os clientes que mudaram os pneus de inverno no ano passado. Ao organizar os seus contactos em grupos, pode enviar um SMS de grupo a todo o grupo, bastando para isso digitar um \u00fanico SMS. \u00c9 claro que uma mensagem pode ser programada para ser enviada num intervalo fixo: por exemplo, semanal, mensal ou anual.<\/p>\n<h3>Como se inscrever<\/h3>\n<p>Com o nosso <a title=\"SMS bidirecional, receber SMS no seu computador\" href=\"https:\/\/suresms.com\/pt\/carateristicas\/receber-mensagens-de-texto-no-seu-computador\/\">Solu\u00e7\u00e3o SMS bidirecional <\/a>os membros podem inscrever-se numa lista e dar o seu feedback. Tamb\u00e9m pode adicionar um pequeno c\u00f3digo ao seu pr\u00f3prio s\u00edtio Web para que os membros se possam inscrever a\u00ed.<\/p>\n<p>Talvez j\u00e1 tenha todos os seus membros numa folha de c\u00e1lculo. Pode carreg\u00e1-la no nosso sistema para come\u00e7ar rapidamente com os seus clubes SMS.<\/p>\n<h3>Criar inqu\u00e9ritos de satisfa\u00e7\u00e3o para os seus clientes<\/h3>\nPara muitas empresas de servi\u00e7os, \u00e9 importante avaliar a qualidade da experi\u00eancia que o cliente teve ap\u00f3s a aquisi\u00e7\u00e3o de um servi\u00e7o. Por exemplo, temos uma s\u00e9rie de <strong>oficinas de repara\u00e7\u00e3o autom\u00f3vel<\/strong> que utilizam a nossa solu\u00e7\u00e3o de 2 vias. Ap\u00f3s o levantamento do ve\u00edculo, o cliente recebe uma mensagem:<br \/>\n<strong>\"Ficou satisfeito com o nosso servi\u00e7o? Responda SIM ou N\u00c3O\".<\/strong><br \/>\nDesta forma, o mec\u00e2nico tem a oportunidade de reagir e manter uma elevada qualidade de servi\u00e7o na sua atividade.\n<h3>Nome do remetente<\/h3>\n<p>Pode decidir quem deve ser o remetente da mensagem. Se tiver um clube de clientes, pode ser o nome da empresa, o n\u00famero de telefone ou qualquer outra coisa.  A \u00fanica limita\u00e7\u00e3o \u00e9 que as empresas de telecomunica\u00e7\u00f5es permitem um m\u00e1ximo de 11 caracteres no remetente.<\/p>\n<h3>Criar uma conta gratuita em 5 minutos<\/h3>\n<p><strong> Crie uma conta de avalia\u00e7\u00e3o gratuita e avalie por si pr\u00f3prio. N\u00e3o h\u00e1 custos ocultos nem compromissos. N\u00e3o hesite em contactar-nos se tiver alguma d\u00favida. Estamos ansiosos por o ajudar.<\/strong><\/p>\n\t\t\t<p><img loading=\"lazy\" decoding=\"async\" src=\"https:\/\/suresms.com\/wp-content\/uploads\/2016\/06\/Frisoergaarden-1.jpg\" alt=\"\" width=\"100\" height=\"100\" \/><em>\"Depois de mudar da Clickatell para a SureSMS, j\u00e1 n\u00e3o temos problemas com o nosso sistema de SMS, pelo que gostaria de o ter feito h\u00e1 muito tempo.<\/em><em>Obrigado por uma solu\u00e7\u00e3o est\u00e1vel e boa que tamb\u00e9m \u00e9 acess\u00edvel!\"<\/em><strong>Julie Thorsen, Mestre Cabeleireiro<\/strong><strong>Fris\u00f8rg\u00e5rden.dk, Holb\u00e6k, Dinamarca<\/strong><\/p>\t\t\n\t\t<h4>Criar uma conta de avalia\u00e7\u00e3o gratuita<\/h4>\n\t\t<p>Demora apenas 5 minutos. Comece agora mesmo e obtenha <strong>50 mensagens SMS gratuitas<\/strong> sem compromissos.<\/p>\n\t\t\t<a href=\"https:\/\/suresms.com\/pt\/conta-de-teste-de-sms-gratis\/\" target=\"_self\">\n\t\t\t\t\t\t\tCriar conta de avalia\u00e7\u00e3o\n\t\t\t\t\t<\/a>","protected":false},"excerpt":{"rendered":"<p>SMS para empresas de servi\u00e7os Oficinas de repara\u00e7\u00e3o de autom\u00f3veis, dentistas, cabeleireiros, cl\u00ednicas e terapeutas. Se precisar de SMS online para empresas de servi\u00e7os, um gateway de SMS \u00e9 a solu\u00e7\u00e3o ideal. Com uma solu\u00e7\u00e3o SureSMS, pode enviar mensagens SMS aos seus clientes de forma f\u00e1cil e econ\u00f3mica a partir do seu PC. A nossa interface de utilizador simples e clara facilita o envio de mensagens SMS exatamente para as pessoas certas... <a title=\"SMS para empresas de servi\u00e7os\" class=\"read-more\" href=\"https:\/\/suresms.com\/pt\/branchelosninger\/sms-til-servicevirksomheder\/\" aria-label=\"Leia mais sobre SMS para empresas de servi\u00e7os\">Rir mas<\/a><\/p>","protected":false},"author":1,"featured_media":0,"parent":1654,"menu_order":1,"comment_status":"closed","ping_status":"closed","template":"","meta":{"_fl_builder_enabled":"1","_fl_builder_data":null,"_fl_builder_draft":null,"_fl_builder_data_settings":null,"_fl_builder_css":"","_fl_builder_css_version":"","_fl_builder_js":"","footnotes":""},"categories":[],"tags":[],"class_list":["post-2681","page","type-page","status-publish"],"yoast_head":"<!-- This site is optimized with the Yoast SEO Premium plugin v27.3 (Yoast SEO v27.3) - https:\/\/yoast.com\/product\/yoast-seo-premium-wordpress\/ -->\r\n<title>Sms til servicevirksomheder. Fleksibel og billig SMS online. SureSMS<\/title>\r\n<meta name=\"description\" content=\"Autov\u00e6rksteder, tandl\u00e6ger, fris\u00f8rer, klinikker .Send nemt og billigt p\u00e5mindelser og personlige SMS&#039;er til kunder direkte fra din PC. Opret gratis Testkonto!\" \/>\r\n<meta name=\"robots\" content=\"index, follow, max-snippet:-1, max-image-preview:large, max-video-preview:-1\" \/>\r\n<link rel=\"canonical\" href=\"https:\/\/suresms.com\/pt\/descargas-de-ramos\/sms-para-empresas-de-servicos\/\" \/>\r\n<meta property=\"og:locale\" content=\"pt_PT\" \/>\r\n<meta property=\"og:type\" content=\"article\" \/>\r\n<meta property=\"og:title\" content=\"SMS til Servicevirksomheder\" \/>\r\n<meta property=\"og:description\" content=\"Autov\u00e6rksteder, tandl\u00e6ger, fris\u00f8rer, klinikker .Send nemt og billigt p\u00e5mindelser og personlige SMS&#039;er til kunder direkte fra din PC. Opret gratis Testkonto!\" \/>\r\n<meta property=\"og:url\" content=\"https:\/\/suresms.com\/pt\/descargas-de-ramos\/sms-para-empresas-de-servicos\/\" \/>\r\n<meta property=\"article:publisher\" content=\"https:\/\/www.facebook.com\/p\/SureSMS-100044607956149\/\" \/>\r\n<meta property=\"article:modified_time\" content=\"2025-01-03T14:16:29+00:00\" \/>\r\n<meta property=\"og:image\" content=\"https:\/\/suresms.com\/wp-content\/uploads\/2016\/06\/sms-til-service-snippet.jpg\" \/>\r\n\t<meta property=\"og:image:width\" content=\"400\" \/>\r\n\t<meta property=\"og:image:height\" content=\"266\" \/>\r\n\t<meta property=\"og:image:type\" content=\"image\/jpeg\" \/>\r\n<meta name=\"twitter:card\" content=\"summary_large_image\" \/>\r\n<meta name=\"twitter:label1\" content=\"Tempo estimado de leitura\" \/>\n\t<meta name=\"twitter:data1\" content=\"3 minutos\" \/>\r\n<script type=\"application\/ld+json\" class=\"yoast-schema-graph\">{\"@context\":\"https:\\\/\\\/schema.org\",\"@graph\":[{\"@type\":\"WebPage\",\"@id\":\"https:\\\/\\\/suresms.com\\\/dk\\\/branchelosninger\\\/sms-til-servicevirksomheder\\\/\",\"url\":\"https:\\\/\\\/suresms.com\\\/dk\\\/branchelosninger\\\/sms-til-servicevirksomheder\\\/\",\"name\":\"Sms til servicevirksomheder. Fleksibel og billig SMS online. SureSMS\",\"isPartOf\":{\"@id\":\"https:\\\/\\\/suresms.com\\\/en\\\/#website\"},\"primaryImageOfPage\":{\"@id\":\"https:\\\/\\\/suresms.com\\\/dk\\\/branchelosninger\\\/sms-til-servicevirksomheder\\\/#primaryimage\"},\"image\":{\"@id\":\"https:\\\/\\\/suresms.com\\\/dk\\\/branchelosninger\\\/sms-til-servicevirksomheder\\\/#primaryimage\"},\"thumbnailUrl\":\"https:\\\/\\\/suresms.com\\\/wp-content\\\/uploads\\\/2016\\\/06\\\/Frisoergaarden-1.jpg\",\"datePublished\":\"2016-06-01T15:49:00+00:00\",\"dateModified\":\"2025-01-03T14:16:29+00:00\",\"description\":\"Autov\u00e6rksteder, tandl\u00e6ger, fris\u00f8rer, klinikker .Send nemt og billigt p\u00e5mindelser og personlige SMS'er til kunder direkte fra din PC. Opret gratis Testkonto!\",\"breadcrumb\":{\"@id\":\"https:\\\/\\\/suresms.com\\\/dk\\\/branchelosninger\\\/sms-til-servicevirksomheder\\\/#breadcrumb\"},\"inLanguage\":\"pt-PT\",\"potentialAction\":[{\"@type\":\"ReadAction\",\"target\":[\"https:\\\/\\\/suresms.com\\\/dk\\\/branchelosninger\\\/sms-til-servicevirksomheder\\\/\"]}]},{\"@type\":\"ImageObject\",\"inLanguage\":\"pt-PT\",\"@id\":\"https:\\\/\\\/suresms.com\\\/dk\\\/branchelosninger\\\/sms-til-servicevirksomheder\\\/#primaryimage\",\"url\":\"https:\\\/\\\/suresms.com\\\/wp-content\\\/uploads\\\/2016\\\/06\\\/Frisoergaarden-1.jpg\",\"contentUrl\":\"https:\\\/\\\/suresms.com\\\/wp-content\\\/uploads\\\/2016\\\/06\\\/Frisoergaarden-1.jpg\"},{\"@type\":\"BreadcrumbList\",\"@id\":\"https:\\\/\\\/suresms.com\\\/dk\\\/branchelosninger\\\/sms-til-servicevirksomheder\\\/#breadcrumb\",\"itemListElement\":[{\"@type\":\"ListItem\",\"position\":1,\"name\":\"Home\",\"item\":\"https:\\\/\\\/suresms.com\\\/dk\\\/\"},{\"@type\":\"ListItem\",\"position\":2,\"name\":\"Branchel\u00f8sninger\",\"item\":\"https:\\\/\\\/suresms.com\\\/dk\\\/branchelosninger\\\/\"},{\"@type\":\"ListItem\",\"position\":3,\"name\":\"SMS til Servicevirksomheder\"}]},{\"@type\":\"WebSite\",\"@id\":\"https:\\\/\\\/suresms.com\\\/en\\\/#website\",\"url\":\"https:\\\/\\\/suresms.com\\\/en\\\/\",\"name\":\"SureSMS\",\"description\":\"Professionel SMS Gateway\",\"publisher\":{\"@id\":\"https:\\\/\\\/suresms.com\\\/en\\\/#organization\"},\"potentialAction\":[{\"@type\":\"SearchAction\",\"target\":{\"@type\":\"EntryPoint\",\"urlTemplate\":\"https:\\\/\\\/suresms.com\\\/en\\\/?s={search_term_string}\"},\"query-input\":{\"@type\":\"PropertyValueSpecification\",\"valueRequired\":true,\"valueName\":\"search_term_string\"}}],\"inLanguage\":\"pt-PT\"},{\"@type\":\"Organization\",\"@id\":\"https:\\\/\\\/suresms.com\\\/en\\\/#organization\",\"name\":\"SureSMS\",\"url\":\"https:\\\/\\\/suresms.com\\\/en\\\/\",\"logo\":{\"@type\":\"ImageObject\",\"inLanguage\":\"pt-PT\",\"@id\":\"https:\\\/\\\/suresms.com\\\/en\\\/#\\\/schema\\\/logo\\\/image\\\/\",\"url\":\"https:\\\/\\\/suresms.com\\\/wp-content\\\/uploads\\\/2024\\\/11\\\/suresms-300x65-1.png\",\"contentUrl\":\"https:\\\/\\\/suresms.com\\\/wp-content\\\/uploads\\\/2024\\\/11\\\/suresms-300x65-1.png\",\"width\":300,\"height\":65,\"caption\":\"SureSMS\"},\"image\":{\"@id\":\"https:\\\/\\\/suresms.com\\\/en\\\/#\\\/schema\\\/logo\\\/image\\\/\"},\"sameAs\":[\"https:\\\/\\\/www.facebook.com\\\/p\\\/SureSMS-100044607956149\\\/\"]}]}<\/script>\r\n<!-- \/ Yoast SEO Premium plugin. -->","yoast_head_json":{"title":"SMS para empresas de servi\u00e7os. SMS online flex\u00edveis e econ\u00f3micos. SureSMS","description":"Oficinas de repara\u00e7\u00e3o autom\u00f3vel, dentistas, cabeleireiros, cl\u00ednicas... Envie lembretes e mensagens SMS personalizadas aos clientes de forma f\u00e1cil e econ\u00f3mica diretamente a partir do seu PC. Crie uma conta de avalia\u00e7\u00e3o gratuita!","robots":{"index":"index","follow":"follow","max-snippet":"max-snippet:-1","max-image-preview":"max-image-preview:large","max-video-preview":"max-video-preview:-1"},"canonical":"https:\/\/suresms.com\/pt\/descargas-de-ramos\/sms-para-empresas-de-servicos\/","og_locale":"pt_PT","og_type":"article","og_title":"SMS til Servicevirksomheder","og_description":"Autov\u00e6rksteder, tandl\u00e6ger, fris\u00f8rer, klinikker .Send nemt og billigt p\u00e5mindelser og personlige SMS'er til kunder direkte fra din PC. Opret gratis Testkonto!","og_url":"https:\/\/suresms.com\/pt\/descargas-de-ramos\/sms-para-empresas-de-servicos\/","article_publisher":"https:\/\/www.facebook.com\/p\/SureSMS-100044607956149\/","article_modified_time":"2025-01-03T14:16:29+00:00","og_image":[{"width":400,"height":266,"url":"https:\/\/suresms.com\/wp-content\/uploads\/2016\/06\/sms-til-service-snippet.jpg","type":"image\/jpeg"}],"twitter_card":"summary_large_image","twitter_misc":{"Tempo estimado de leitura":"3 minutos"},"schema":{"@context":"https:\/\/schema.org","@graph":[{"@type":"WebPage","@id":"https:\/\/suresms.com\/dk\/branchelosninger\/sms-til-servicevirksomheder\/","url":"https:\/\/suresms.com\/dk\/branchelosninger\/sms-til-servicevirksomheder\/","name":"SMS para empresas de servi\u00e7os. SMS online flex\u00edveis e econ\u00f3micos. SureSMS","isPartOf":{"@id":"https:\/\/suresms.com\/en\/#website"},"primaryImageOfPage":{"@id":"https:\/\/suresms.com\/dk\/branchelosninger\/sms-til-servicevirksomheder\/#primaryimage"},"image":{"@id":"https:\/\/suresms.com\/dk\/branchelosninger\/sms-til-servicevirksomheder\/#primaryimage"},"thumbnailUrl":"https:\/\/suresms.com\/wp-content\/uploads\/2016\/06\/Frisoergaarden-1.jpg","datePublished":"2016-06-01T15:49:00+00:00","dateModified":"2025-01-03T14:16:29+00:00","description":"Oficinas de repara\u00e7\u00e3o autom\u00f3vel, dentistas, cabeleireiros, cl\u00ednicas... Envie lembretes e mensagens SMS personalizadas aos clientes de forma f\u00e1cil e econ\u00f3mica diretamente a partir do seu PC. Crie uma conta de avalia\u00e7\u00e3o gratuita!","breadcrumb":{"@id":"https:\/\/suresms.com\/dk\/branchelosninger\/sms-til-servicevirksomheder\/#breadcrumb"},"inLanguage":"pt-PT","potentialAction":[{"@type":"ReadAction","target":["https:\/\/suresms.com\/dk\/branchelosninger\/sms-til-servicevirksomheder\/"]}]},{"@type":"ImageObject","inLanguage":"pt-PT","@id":"https:\/\/suresms.com\/dk\/branchelosninger\/sms-til-servicevirksomheder\/#primaryimage","url":"https:\/\/suresms.com\/wp-content\/uploads\/2016\/06\/Frisoergaarden-1.jpg","contentUrl":"https:\/\/suresms.com\/wp-content\/uploads\/2016\/06\/Frisoergaarden-1.jpg"},{"@type":"BreadcrumbList","@id":"https:\/\/suresms.com\/dk\/branchelosninger\/sms-til-servicevirksomheder\/#breadcrumb","itemListElement":[{"@type":"ListItem","position":1,"name":"Home","item":"https:\/\/suresms.com\/dk\/"},{"@type":"ListItem","position":2,"name":"Branchel\u00f8sninger","item":"https:\/\/suresms.com\/dk\/branchelosninger\/"},{"@type":"ListItem","position":3,"name":"SMS til Servicevirksomheder"}]},{"@type":"WebSite","@id":"https:\/\/suresms.com\/en\/#website","url":"https:\/\/suresms.com\/en\/","name":"SureSMS","description":"Gateway SMS profissional","publisher":{"@id":"https:\/\/suresms.com\/en\/#organization"},"potentialAction":[{"@type":"SearchAction","target":{"@type":"EntryPoint","urlTemplate":"https:\/\/suresms.com\/en\/?s={search_term_string}"},"query-input":{"@type":"PropertyValueSpecification","valueRequired":true,"valueName":"search_term_string"}}],"inLanguage":"pt-PT"},{"@type":"Organization","@id":"https:\/\/suresms.com\/en\/#organization","name":"SureSMS","url":"https:\/\/suresms.com\/en\/","logo":{"@type":"ImageObject","inLanguage":"pt-PT","@id":"https:\/\/suresms.com\/en\/#\/schema\/logo\/image\/","url":"https:\/\/suresms.com\/wp-content\/uploads\/2024\/11\/suresms-300x65-1.png","contentUrl":"https:\/\/suresms.com\/wp-content\/uploads\/2024\/11\/suresms-300x65-1.png","width":300,"height":65,"caption":"SureSMS"},"image":{"@id":"https:\/\/suresms.com\/en\/#\/schema\/logo\/image\/"},"sameAs":["https:\/\/www.facebook.com\/p\/SureSMS-100044607956149\/"]}]}},"_links":{"self":[{"href":"https:\/\/suresms.com\/pt\/wp-json\/wp\/v2\/pages\/2681","targetHints":{"allow":["GET"]}}],"collection":[{"href":"https:\/\/suresms.com\/pt\/wp-json\/wp\/v2\/pages"}],"about":[{"href":"https:\/\/suresms.com\/pt\/wp-json\/wp\/v2\/types\/page"}],"author":[{"embeddable":true,"href":"https:\/\/suresms.com\/pt\/wp-json\/wp\/v2\/users\/1"}],"replies":[{"embeddable":true,"href":"https:\/\/suresms.com\/pt\/wp-json\/wp\/v2\/comments?post=2681"}],"version-history":[{"count":4,"href":"https:\/\/suresms.com\/pt\/wp-json\/wp\/v2\/pages\/2681\/revisions"}],"predecessor-version":[{"id":19575,"href":"https:\/\/suresms.com\/pt\/wp-json\/wp\/v2\/pages\/2681\/revisions\/19575"}],"up":[{"embeddable":true,"href":"https:\/\/suresms.com\/pt\/wp-json\/wp\/v2\/pages\/1654"}],"wp:attachment":[{"href":"https:\/\/suresms.com\/pt\/wp-json\/wp\/v2\/media?parent=2681"}],"wp:term":[{"taxonomy":"category","embeddable":true,"href":"https:\/\/suresms.com\/pt\/wp-json\/wp\/v2\/categories?post=2681"},{"taxonomy":"post_tag","embeddable":true,"href":"https:\/\/suresms.com\/pt\/wp-json\/wp\/v2\/tags?post=2681"}],"curies":[{"name":"wp","href":"https:\/\/api.w.org\/{rel}","templated":true}]}}