{"id":2659,"date":"2016-06-01T15:30:55","date_gmt":"2016-06-01T13:30:55","guid":{"rendered":"https:\/\/www.suresms.com\/dk\/?page_id=2659"},"modified":"2025-01-05T00:16:13","modified_gmt":"2025-01-05T00:16:13","slug":"sms-para-instituicoes-publicas","status":"publish","type":"page","link":"https:\/\/suresms.com\/pt\/branchelosninger\/sms-til-offentlige-institutioner\/","title":{"rendered":"SMS para institui\u00e7\u00f5es p\u00fablicas"},"content":{"rendered":"<!-- Flexy Breadcrumb -->\r\n\t\t\t<div class=\"fbc fbc-page\">\r\n\r\n\t\t\t\t<!-- Breadcrumb wrapper -->\r\n\t\t\t\t<div class=\"fbc-wrap\">\r\n\r\n\t\t\t\t\t<!-- Ordered list-->\r\n\t\t\t\t\t<ol class=\"fbc-items\" itemscope itemtype=\"https:\/\/schema.org\/BreadcrumbList\">\r\n\t\t\t\t\t\t            <li itemprop=\"itemListElement\" itemscope itemtype=\"https:\/\/schema.org\/ListItem\">\r\n                <span itemprop=\"name\">\r\n                    <!-- Home Link -->\r\n                    <a itemprop=\"item\" href=\"https:\/\/suresms.com\/pt\/\">\r\n                    \r\n                                                    <i class=\"fa fa-home\" aria-hidden=\"true\"><\/i>In\u00edcio                    <\/a>\r\n                <\/span>\r\n                <meta itemprop=\"position\" content=\"1\" \/><!-- Meta Position-->\r\n             <\/li><li><span class=\"fbc-separator\">\/<\/span><\/li><li class=\"active\" itemprop=\"itemListElement\" itemscope itemtype=\"https:\/\/schema.org\/ListItem\"><span itemprop=\"name\" title=\"SMS para institui\u00e7\u00f5es p\u00fablicas\">SMS para institui\u00e7\u00f5es p\u00fablicas<\/span><meta itemprop=\"position\" content=\"2\" \/><\/li>\t\t\t\t\t<\/ol>\r\n\t\t\t\t\t<div class=\"clearfix\"><\/div>\r\n\t\t\t\t<\/div>\r\n\t\t\t<\/div>\r\n\t\t\t\n<h1>\n\t\tSMS para institui\u00e7\u00f5es p\u00fablicas\n\t<\/h1>\n\t\n<p><strong>Munic\u00edpios, bibliotecas, ag\u00eancias governamentais, escolas, pris\u00f5es estatais e hospitais. Em todo o sector p\u00fablico, o SMS tornou-se um meio de comunica\u00e7\u00e3o simples e eficaz para os utilizadores e cidad\u00e3os. Com o gateway SMS da SureSMS, tem automaticamente a documenta\u00e7\u00e3o em vigor e n\u00e3o tem de comprometer a seguran\u00e7a ou a qualidade do produto.<\/strong><\/p>\n<p>Para que a comunica\u00e7\u00e3o entre munic\u00edpios, institui\u00e7\u00f5es, autoridades e cidad\u00e3os funcione, \u00e9 fundamental que as mensagens e as informa\u00e7\u00f5es sejam recebidas e lidas! Os estudos mostram que a grande maioria das mensagens SMS \u00e9 lida pelo destinat\u00e1rio, o que faz das mensagens SMS uma forma de comunica\u00e7\u00e3o r\u00e1pida e fi\u00e1vel.<\/p>\n<p>Com um gateway SMS, as organiza\u00e7\u00f5es p\u00fablicas podem manter-se a par de tudo e cumprir os requisitos de manuten\u00e7\u00e3o de registos.<\/p>\n<p><strong>Vantagens e benef\u00edcios<\/strong><\/p>\n<ul> \t\n<li><strong>Registo em di\u00e1rio integrado. Atrav\u00e9s do nosso portal Web, disp\u00f5e sempre da documenta\u00e7\u00e3o de todas as mensagens enviadas aos cidad\u00e3os ou aos empregados.<\/strong><\/li>\n\n<li><strong>As mensagens de servi\u00e7o e os lembretes de marca\u00e7\u00e3o por SMS constituem um excelente servi\u00e7o para os cidad\u00e3os e os utilizadores, garantindo menos cancelamentos e menos desperd\u00edcio de recursos. Utilize mensagens SMS geradas automaticamente ou controle voc\u00ea mesmo o envio atrav\u00e9s da nossa interface Web.<\/strong><\/li>\n\n<li><strong>Toda a comunica\u00e7\u00e3o entre o cliente e os nossos servidores \u00e9 encriptada utilizando a mais recente encripta\u00e7\u00e3o SSL. Isto torna seguro o envio de informa\u00e7\u00f5es pessoais sens\u00edveis atrav\u00e9s do SureSMS.<\/strong><\/li>\n\n<li><strong>Sem subscri\u00e7\u00f5es dispendiosas. Apenas cobramos taxas de SMS pelo n\u00famero de mensagens que efetivamente envia. A fatura\u00e7\u00e3o \u00e9 gratuita e \u00e9 f\u00e1cil de pagar atrav\u00e9s do n\u00famero EAN.<\/strong><\/li>\n<\/ul>\n<p>O texto acima \u00e9 uma sele\u00e7\u00e3o das nossas carater\u00edsticas. Mas h\u00e1 muitas mais. Consulte a nossa\u00a0<a href=\"https:\/\/suresms.com\/pt\/carateristicas\/\">p\u00e1ginas de carater\u00edsticas<\/a>\u00a0em suresms.com para se inspirar.<\/p>\n<p><strong>Vis\u00e3o geral e documenta\u00e7\u00e3o completa atrav\u00e9s do portal web SureSMS<\/strong><\/p>\n<p>A partir do nosso portal Web, pode facilmente iniciar sess\u00e3o e enviar mensagens SMS aos utilizadores atrav\u00e9s do seu computador. A partir daqui, \u00e9 f\u00e1cil enviar mensagens para grupos, agendar envios e fundir nomes nas mensagens.<\/p>\n<p>Aqui tamb\u00e9m tem uma vis\u00e3o geral completa das mensagens enviadas e as mensagens s\u00e3o armazenadas para fins de registo ou documenta\u00e7\u00e3o. O utilizador tem sempre uma vis\u00e3o geral do conte\u00fado e da hora de envio e rece\u00e7\u00e3o das mensagens.<\/p>\n<p><strong>Fornecimento a institui\u00e7\u00f5es estatais e munic\u00edpios<\/strong><\/p>\n<p>Ao longo dos anos, entreg\u00e1mos SMS a muitas institui\u00e7\u00f5es p\u00fablicas e temos uma vasta experi\u00eancia de trabalho com elas: bibliotecas, pris\u00f5es estatais, centros de tecnologia de assist\u00eancia, ag\u00eancias governamentais e muito mais. As institui\u00e7\u00f5es p\u00fablicas precisam de comunicar com uma vasta sec\u00e7\u00e3o da popula\u00e7\u00e3o, ao mesmo tempo que o pre\u00e7o, a qualidade e a seguran\u00e7a DEVEM ser de primeira qualidade. Temos a experi\u00eancia necess\u00e1ria para fornecer um portal s\u00f3lido e flex\u00edvel que seja f\u00e1cil de utilizar.<\/p>\n<p><strong>Enviar a partir de v\u00e1rios n\u00fameros<\/strong><\/p>\n<p>A sua organiza\u00e7\u00e3o necessita de enviar a partir de v\u00e1rios n\u00fameros de telefone, ou necessita de um in\u00edcio de sess\u00e3o flex\u00edvel para que v\u00e1rios funcion\u00e1rios possam enviar a partir de um utilizador espec\u00edfico? \u00c9 f\u00e1cil faz\u00ea-lo atrav\u00e9s do nosso portal em linha.<\/p>\n<p><strong>A partir desta p\u00e1gina, pode criar uma conta de avalia\u00e7\u00e3o gratuita em cinco minutos. Tem alguma pergunta ou precisa de falar connosco? Pode encontrar a nossa\u00a0<\/strong><a href=\"https:\/\/suresms.com\/pt\/contacto\/\">informa\u00e7\u00f5es de contacto<\/a><strong>\u00a0Aqui.<\/strong><\/p>\n\n\t<p>&gt; Voltar para <a href=\"https:\/\/suresms.com\/pt\/descargas-de-ramos\/\">Solu\u00e7\u00f5es para o sector<\/a><\/p>\n\t\t\t<p><a href=\"http:\/\/www.rodskovforsamlingshus.dk\/om-forsamlingshuset.html\"><img loading=\"lazy\" decoding=\"async\" src=\"https:\/\/suresms.com\/wp-content\/uploads\/2015\/02\/REB-Rodskov1.jpg\" alt=\"REB Rodskov\" width=\"172\" height=\"87\" \/><\/a><\/p>\n<p><em>\"Foram-me recomendados por um colega que tamb\u00e9m utiliza a vossa solu\u00e7\u00e3o.\u00a0<\/em><\/p>\n<p><em>Pesquisei e testei v\u00e1rias outras solu\u00e7\u00f5es de SMS, e a vossa \u00e9 de longe a mais flex\u00edvel e r\u00e1pida - e a um pre\u00e7o razo\u00e1vel. <\/em><\/p>\n<p><em>OBRIGADO por um excelente produto! Faz exatamente o que eu preciso que fa\u00e7a - Super bom!\"<\/em><\/p>\n<p><strong>Michel Gorm, Secret\u00e1rio<\/strong><\/p>\n<p><strong>Centro Comunit\u00e1rio de Rodskov<\/strong><\/p>\n\t\t<h4>Criar uma conta de avalia\u00e7\u00e3o gratuita<\/h4>\n\t\t<p>Demora apenas 5 minutos. Comece agora mesmo e obtenha <strong>50 mensagens SMS gratuitas<\/strong> sem compromissos.<\/p>\n\t\t\t<a href=\"https:\/\/suresms.com\/pt\/conta-de-teste-de-sms-gratis\/\" target=\"_self\">\n\t\t\t\t\t\t\tCriar conta de avalia\u00e7\u00e3o\n\t\t\t\t\t<\/a>\n\t\t<h4>Encomende uma solu\u00e7\u00e3o de 2 vias!<\/h4>\n\t\t<p>J\u00e1 tem uma conta? Encomende uma solu\u00e7\u00e3o bidirecional e obtenha as op\u00e7\u00f5es adicionais que a sua pr\u00f3pria solu\u00e7\u00e3o oferece.\u00a0<\/p>\n\t\t\t<a href=\"https:\/\/suresms.com\/pt\/encomendar-descarga-de-2-vias\/\" target=\"_self\">\n\t\t\t\t\t\t\tEncomendar solu\u00e7\u00e3o de 2 vias\n\t\t\t\t\t<\/a>\n\t\t\t\t<a href=\"https:\/\/suresms.com\/pt\/sms-outlook-add\/\" target=\"_self\" itemprop=\"url\">\n\t\t\t\t<img loading=\"lazy\" decoding=\"async\" src=\"https:\/\/suresms.com\/wp-content\/uploads\/2016\/02\/facebook-Outlook-plugin-version-1.4-snippet-1.jpg\" alt=\"snippet do plugin do facebook para Outlook vers\u00e3o 1.4\" itemprop=\"image\" height=\"630\" width=\"1200\" title=\"snippet do plugin do facebook para Outlook vers\u00e3o 1.4\" onerror=\"this.style.display='none'\"  \/>\n\t\t\t\t<\/a>\n\t\t<h3><a href=\"https:\/\/suresms.com\/pt\/sms-outlook-add\/\" target=\"_self\">Outlook SMS Plugin Vers\u00e3o 2.10<\/a><\/h3>O nosso SMS Add-in foi concebido especificamente para o Outlook. Com uma r\u00e1pida instala\u00e7\u00e3o do nosso plugin, obt\u00e9m um remetente de SMS e de SMS de grupo integrado no seu menu do Outlook com acesso aos seus contactos do Outlook. Disp\u00f5e de DOCUMENTA\u00c7\u00c3O COMPLETA, uma vez que todas as mensagens s\u00e3o guardadas automaticamente. F\u00e1cil integra\u00e7\u00e3o com outros sistemas.<br \/>\nV\u00e1rias novas op\u00e7\u00f5es para a sele\u00e7\u00e3o do ID do remetente. Utilize o nome da sua empresa ou selecione o seu n\u00famero de telem\u00f3vel e receba respostas diretamente no seu telem\u00f3vel. Deve receber respostas no Outlook? Contacte-nos para obter uma <a href=\"https:\/\/suresms.com\/pt\/carateristicas\/receber-mensagens-de-texto-no-seu-computador\/\">Solu\u00e7\u00e3o bidirecional<\/a>.\n<p>&nbsp;<\/p>\n\n\t\t\t<a href=\"https:\/\/suresms.com\/pt\/sms-outlook-add\/\" target=\"_self\">\n\t\t\t\t\t\t\tMais informa\u00e7\u00f5es sobre o SMS Outlook Add-in\n\t\t\t\t\t<\/a>","protected":false},"excerpt":{"rendered":"<p>SMS para institui\u00e7\u00f5es p\u00fablicas Munic\u00edpios, bibliotecas, ag\u00eancias governamentais, escolas, pris\u00f5es estatais e hospitais. Em todo o sector p\u00fablico, o SMS tornou-se um meio de comunica\u00e7\u00e3o simples e eficaz para os utilizadores e cidad\u00e3os. Com o gateway de SMS da SureSMS, tem automaticamente a documenta\u00e7\u00e3o em vigor e n\u00e3o tem de comprometer a seguran\u00e7a ou a qualidade do produto. Para que a comunica\u00e7\u00e3o entre munic\u00edpios, institui\u00e7\u00f5es, autoridades e ... <a title=\"SMS para institui\u00e7\u00f5es p\u00fablicas\" class=\"read-more\" href=\"https:\/\/suresms.com\/pt\/branchelosninger\/sms-til-offentlige-institutioner\/\" aria-label=\"Leia mais sobre SMS para institui\u00e7\u00f5es p\u00fablicas\">Rir mas<\/a><\/p>","protected":false},"author":1,"featured_media":0,"parent":1654,"menu_order":4,"comment_status":"closed","ping_status":"closed","template":"","meta":{"_fl_builder_enabled":"1","_fl_builder_data":null,"_fl_builder_draft":null,"_fl_builder_data_settings":null,"_fl_builder_css":"","_fl_builder_css_version":"","_fl_builder_js":"","footnotes":""},"categories":[],"tags":[],"class_list":["post-2659","page","type-page","status-publish"],"yoast_head":"<!-- This site is optimized with the Yoast SEO Premium plugin v27.3 (Yoast SEO v27.3) - https:\/\/yoast.com\/product\/yoast-seo-premium-wordpress\/ -->\r\n<title>SMS til offentlige institutioner. Integreret online journalisering<\/title>\r\n<meta name=\"description\" content=\"SureSMS samarbejder med og leverer SMS til offentlige institutioner. SSL-kryptering sikrer data med personf\u00f8lsomme oplysninger. Betal pr. SMS - 0,- i abonn.\" \/>\r\n<meta name=\"robots\" content=\"index, follow, max-snippet:-1, max-image-preview:large, max-video-preview:-1\" \/>\r\n<link rel=\"canonical\" href=\"https:\/\/suresms.com\/pt\/descargas-de-ramos\/sms-para-instituicoes-publicas\/\" \/>\r\n<meta property=\"og:locale\" content=\"pt_PT\" \/>\r\n<meta property=\"og:type\" content=\"article\" \/>\r\n<meta property=\"og:title\" content=\"SMS til offentlige institutioner\" \/>\r\n<meta property=\"og:description\" content=\"SureSMS samarbejder med og leverer SMS til offentlige institutioner. SSL-kryptering sikrer data med personf\u00f8lsomme oplysninger. Betal pr. SMS - 0,- i abonn.\" \/>\r\n<meta property=\"og:url\" content=\"https:\/\/suresms.com\/pt\/descargas-de-ramos\/sms-para-instituicoes-publicas\/\" \/>\r\n<meta property=\"article:publisher\" content=\"https:\/\/www.facebook.com\/p\/SureSMS-100044607956149\/\" \/>\r\n<meta property=\"article:modified_time\" content=\"2025-01-05T00:16:13+00:00\" \/>\r\n<meta property=\"og:image\" content=\"https:\/\/suresms.com\/wp-content\/uploads\/2016\/06\/sms-til-offentlige-snippet.jpg\" \/>\r\n\t<meta property=\"og:image:width\" content=\"400\" \/>\r\n\t<meta property=\"og:image:height\" content=\"233\" \/>\r\n\t<meta property=\"og:image:type\" content=\"image\/jpeg\" \/>\r\n<meta name=\"twitter:card\" content=\"summary_large_image\" \/>\r\n<meta name=\"twitter:label1\" content=\"Tempo estimado de leitura\" \/>\n\t<meta name=\"twitter:data1\" content=\"3 minutos\" \/>\r\n<script type=\"application\/ld+json\" class=\"yoast-schema-graph\">{\"@context\":\"https:\\\/\\\/schema.org\",\"@graph\":[{\"@type\":\"WebPage\",\"@id\":\"https:\\\/\\\/suresms.com\\\/dk\\\/branchelosninger\\\/sms-til-offentlige-institutioner\\\/\",\"url\":\"https:\\\/\\\/suresms.com\\\/dk\\\/branchelosninger\\\/sms-til-offentlige-institutioner\\\/\",\"name\":\"SMS til offentlige institutioner. Integreret online journalisering\",\"isPartOf\":{\"@id\":\"https:\\\/\\\/suresms.com\\\/en\\\/#website\"},\"primaryImageOfPage\":{\"@id\":\"https:\\\/\\\/suresms.com\\\/dk\\\/branchelosninger\\\/sms-til-offentlige-institutioner\\\/#primaryimage\"},\"image\":{\"@id\":\"https:\\\/\\\/suresms.com\\\/dk\\\/branchelosninger\\\/sms-til-offentlige-institutioner\\\/#primaryimage\"},\"thumbnailUrl\":\"https:\\\/\\\/suresms.com\\\/wp-content\\\/uploads\\\/2015\\\/02\\\/REB-Rodskov1.jpg\",\"datePublished\":\"2016-06-01T13:30:55+00:00\",\"dateModified\":\"2025-01-05T00:16:13+00:00\",\"description\":\"SureSMS samarbejder med og leverer SMS til offentlige institutioner. SSL-kryptering sikrer data med personf\u00f8lsomme oplysninger. Betal pr. SMS - 0,- i abonn.\",\"breadcrumb\":{\"@id\":\"https:\\\/\\\/suresms.com\\\/dk\\\/branchelosninger\\\/sms-til-offentlige-institutioner\\\/#breadcrumb\"},\"inLanguage\":\"pt-PT\",\"potentialAction\":[{\"@type\":\"ReadAction\",\"target\":[\"https:\\\/\\\/suresms.com\\\/dk\\\/branchelosninger\\\/sms-til-offentlige-institutioner\\\/\"]}]},{\"@type\":\"ImageObject\",\"inLanguage\":\"pt-PT\",\"@id\":\"https:\\\/\\\/suresms.com\\\/dk\\\/branchelosninger\\\/sms-til-offentlige-institutioner\\\/#primaryimage\",\"url\":\"https:\\\/\\\/suresms.com\\\/wp-content\\\/uploads\\\/2015\\\/02\\\/REB-Rodskov1.jpg\",\"contentUrl\":\"https:\\\/\\\/suresms.com\\\/wp-content\\\/uploads\\\/2015\\\/02\\\/REB-Rodskov1.jpg\"},{\"@type\":\"BreadcrumbList\",\"@id\":\"https:\\\/\\\/suresms.com\\\/dk\\\/branchelosninger\\\/sms-til-offentlige-institutioner\\\/#breadcrumb\",\"itemListElement\":[{\"@type\":\"ListItem\",\"position\":1,\"name\":\"Home\",\"item\":\"https:\\\/\\\/suresms.com\\\/dk\\\/\"},{\"@type\":\"ListItem\",\"position\":2,\"name\":\"Branchel\u00f8sninger\",\"item\":\"https:\\\/\\\/suresms.com\\\/dk\\\/branchelosninger\\\/\"},{\"@type\":\"ListItem\",\"position\":3,\"name\":\"SMS til offentlige institutioner\"}]},{\"@type\":\"WebSite\",\"@id\":\"https:\\\/\\\/suresms.com\\\/en\\\/#website\",\"url\":\"https:\\\/\\\/suresms.com\\\/en\\\/\",\"name\":\"SureSMS\",\"description\":\"Professionel SMS Gateway\",\"publisher\":{\"@id\":\"https:\\\/\\\/suresms.com\\\/en\\\/#organization\"},\"potentialAction\":[{\"@type\":\"SearchAction\",\"target\":{\"@type\":\"EntryPoint\",\"urlTemplate\":\"https:\\\/\\\/suresms.com\\\/en\\\/?s={search_term_string}\"},\"query-input\":{\"@type\":\"PropertyValueSpecification\",\"valueRequired\":true,\"valueName\":\"search_term_string\"}}],\"inLanguage\":\"pt-PT\"},{\"@type\":\"Organization\",\"@id\":\"https:\\\/\\\/suresms.com\\\/en\\\/#organization\",\"name\":\"SureSMS\",\"url\":\"https:\\\/\\\/suresms.com\\\/en\\\/\",\"logo\":{\"@type\":\"ImageObject\",\"inLanguage\":\"pt-PT\",\"@id\":\"https:\\\/\\\/suresms.com\\\/en\\\/#\\\/schema\\\/logo\\\/image\\\/\",\"url\":\"https:\\\/\\\/suresms.com\\\/wp-content\\\/uploads\\\/2024\\\/11\\\/suresms-300x65-1.png\",\"contentUrl\":\"https:\\\/\\\/suresms.com\\\/wp-content\\\/uploads\\\/2024\\\/11\\\/suresms-300x65-1.png\",\"width\":300,\"height\":65,\"caption\":\"SureSMS\"},\"image\":{\"@id\":\"https:\\\/\\\/suresms.com\\\/en\\\/#\\\/schema\\\/logo\\\/image\\\/\"},\"sameAs\":[\"https:\\\/\\\/www.facebook.com\\\/p\\\/SureSMS-100044607956149\\\/\"]}]}<\/script>\r\n<!-- \/ Yoast SEO Premium plugin. -->","yoast_head_json":{"title":"SMS para institui\u00e7\u00f5es p\u00fablicas. Registo em linha integrado","description":"A SureSMS colabora e fornece SMS a institui\u00e7\u00f5es p\u00fablicas. A encripta\u00e7\u00e3o SSL protege os dados com informa\u00e7\u00f5es pessoais sens\u00edveis. Pagamento por SMS - 0,- no assinante.","robots":{"index":"index","follow":"follow","max-snippet":"max-snippet:-1","max-image-preview":"max-image-preview:large","max-video-preview":"max-video-preview:-1"},"canonical":"https:\/\/suresms.com\/pt\/descargas-de-ramos\/sms-para-instituicoes-publicas\/","og_locale":"pt_PT","og_type":"article","og_title":"SMS til offentlige institutioner","og_description":"SureSMS samarbejder med og leverer SMS til offentlige institutioner. SSL-kryptering sikrer data med personf\u00f8lsomme oplysninger. Betal pr. SMS - 0,- i abonn.","og_url":"https:\/\/suresms.com\/pt\/descargas-de-ramos\/sms-para-instituicoes-publicas\/","article_publisher":"https:\/\/www.facebook.com\/p\/SureSMS-100044607956149\/","article_modified_time":"2025-01-05T00:16:13+00:00","og_image":[{"width":400,"height":233,"url":"https:\/\/suresms.com\/wp-content\/uploads\/2016\/06\/sms-til-offentlige-snippet.jpg","type":"image\/jpeg"}],"twitter_card":"summary_large_image","twitter_misc":{"Tempo estimado de leitura":"3 minutos"},"schema":{"@context":"https:\/\/schema.org","@graph":[{"@type":"WebPage","@id":"https:\/\/suresms.com\/dk\/branchelosninger\/sms-til-offentlige-institutioner\/","url":"https:\/\/suresms.com\/dk\/branchelosninger\/sms-til-offentlige-institutioner\/","name":"SMS para institui\u00e7\u00f5es p\u00fablicas. Registo em linha integrado","isPartOf":{"@id":"https:\/\/suresms.com\/en\/#website"},"primaryImageOfPage":{"@id":"https:\/\/suresms.com\/dk\/branchelosninger\/sms-til-offentlige-institutioner\/#primaryimage"},"image":{"@id":"https:\/\/suresms.com\/dk\/branchelosninger\/sms-til-offentlige-institutioner\/#primaryimage"},"thumbnailUrl":"https:\/\/suresms.com\/wp-content\/uploads\/2015\/02\/REB-Rodskov1.jpg","datePublished":"2016-06-01T13:30:55+00:00","dateModified":"2025-01-05T00:16:13+00:00","description":"A SureSMS colabora e fornece SMS a institui\u00e7\u00f5es p\u00fablicas. A encripta\u00e7\u00e3o SSL protege os dados com informa\u00e7\u00f5es pessoais sens\u00edveis. Pagamento por SMS - 0,- no assinante.","breadcrumb":{"@id":"https:\/\/suresms.com\/dk\/branchelosninger\/sms-til-offentlige-institutioner\/#breadcrumb"},"inLanguage":"pt-PT","potentialAction":[{"@type":"ReadAction","target":["https:\/\/suresms.com\/dk\/branchelosninger\/sms-til-offentlige-institutioner\/"]}]},{"@type":"ImageObject","inLanguage":"pt-PT","@id":"https:\/\/suresms.com\/dk\/branchelosninger\/sms-til-offentlige-institutioner\/#primaryimage","url":"https:\/\/suresms.com\/wp-content\/uploads\/2015\/02\/REB-Rodskov1.jpg","contentUrl":"https:\/\/suresms.com\/wp-content\/uploads\/2015\/02\/REB-Rodskov1.jpg"},{"@type":"BreadcrumbList","@id":"https:\/\/suresms.com\/dk\/branchelosninger\/sms-til-offentlige-institutioner\/#breadcrumb","itemListElement":[{"@type":"ListItem","position":1,"name":"Home","item":"https:\/\/suresms.com\/dk\/"},{"@type":"ListItem","position":2,"name":"Branchel\u00f8sninger","item":"https:\/\/suresms.com\/dk\/branchelosninger\/"},{"@type":"ListItem","position":3,"name":"SMS til offentlige institutioner"}]},{"@type":"WebSite","@id":"https:\/\/suresms.com\/en\/#website","url":"https:\/\/suresms.com\/en\/","name":"SureSMS","description":"Gateway SMS profissional","publisher":{"@id":"https:\/\/suresms.com\/en\/#organization"},"potentialAction":[{"@type":"SearchAction","target":{"@type":"EntryPoint","urlTemplate":"https:\/\/suresms.com\/en\/?s={search_term_string}"},"query-input":{"@type":"PropertyValueSpecification","valueRequired":true,"valueName":"search_term_string"}}],"inLanguage":"pt-PT"},{"@type":"Organization","@id":"https:\/\/suresms.com\/en\/#organization","name":"SureSMS","url":"https:\/\/suresms.com\/en\/","logo":{"@type":"ImageObject","inLanguage":"pt-PT","@id":"https:\/\/suresms.com\/en\/#\/schema\/logo\/image\/","url":"https:\/\/suresms.com\/wp-content\/uploads\/2024\/11\/suresms-300x65-1.png","contentUrl":"https:\/\/suresms.com\/wp-content\/uploads\/2024\/11\/suresms-300x65-1.png","width":300,"height":65,"caption":"SureSMS"},"image":{"@id":"https:\/\/suresms.com\/en\/#\/schema\/logo\/image\/"},"sameAs":["https:\/\/www.facebook.com\/p\/SureSMS-100044607956149\/"]}]}},"_links":{"self":[{"href":"https:\/\/suresms.com\/pt\/wp-json\/wp\/v2\/pages\/2659","targetHints":{"allow":["GET"]}}],"collection":[{"href":"https:\/\/suresms.com\/pt\/wp-json\/wp\/v2\/pages"}],"about":[{"href":"https:\/\/suresms.com\/pt\/wp-json\/wp\/v2\/types\/page"}],"author":[{"embeddable":true,"href":"https:\/\/suresms.com\/pt\/wp-json\/wp\/v2\/users\/1"}],"replies":[{"embeddable":true,"href":"https:\/\/suresms.com\/pt\/wp-json\/wp\/v2\/comments?post=2659"}],"version-history":[{"count":6,"href":"https:\/\/suresms.com\/pt\/wp-json\/wp\/v2\/pages\/2659\/revisions"}],"predecessor-version":[{"id":21049,"href":"https:\/\/suresms.com\/pt\/wp-json\/wp\/v2\/pages\/2659\/revisions\/21049"}],"up":[{"embeddable":true,"href":"https:\/\/suresms.com\/pt\/wp-json\/wp\/v2\/pages\/1654"}],"wp:attachment":[{"href":"https:\/\/suresms.com\/pt\/wp-json\/wp\/v2\/media?parent=2659"}],"wp:term":[{"taxonomy":"category","embeddable":true,"href":"https:\/\/suresms.com\/pt\/wp-json\/wp\/v2\/categories?post=2659"},{"taxonomy":"post_tag","embeddable":true,"href":"https:\/\/suresms.com\/pt\/wp-json\/wp\/v2\/tags?post=2659"}],"curies":[{"name":"wp","href":"https:\/\/api.w.org\/{rel}","templated":true}]}}