{"id":2632,"date":"2016-05-23T15:27:47","date_gmt":"2016-05-23T13:27:47","guid":{"rendered":"https:\/\/www.suresms.com\/dk\/?page_id=2632"},"modified":"2025-01-03T14:17:14","modified_gmt":"2025-01-03T14:17:14","slug":"sms-para-empresas-de-transporte-e-logistica","status":"publish","type":"page","link":"https:\/\/suresms.com\/pt\/branchelosninger\/sms-til-transport-og-logistikvirksomheder\/","title":{"rendered":"SMS para empresas de transporte e log\u00edstica"},"content":{"rendered":"<!-- Flexy Breadcrumb -->\r\n\t\t\t<div class=\"fbc fbc-page\">\r\n\r\n\t\t\t\t<!-- Breadcrumb wrapper -->\r\n\t\t\t\t<div class=\"fbc-wrap\">\r\n\r\n\t\t\t\t\t<!-- Ordered list-->\r\n\t\t\t\t\t<ol class=\"fbc-items\" itemscope itemtype=\"https:\/\/schema.org\/BreadcrumbList\">\r\n\t\t\t\t\t\t            <li itemprop=\"itemListElement\" itemscope itemtype=\"https:\/\/schema.org\/ListItem\">\r\n                <span itemprop=\"name\">\r\n                    <!-- Home Link -->\r\n                    <a itemprop=\"item\" href=\"https:\/\/suresms.com\/pt\/\">\r\n                    \r\n                                                    <i class=\"fa fa-home\" aria-hidden=\"true\"><\/i>In\u00edcio                    <\/a>\r\n                <\/span>\r\n                <meta itemprop=\"position\" content=\"1\" \/><!-- Meta Position-->\r\n             <\/li><li><span class=\"fbc-separator\">\/<\/span><\/li><li class=\"active\" itemprop=\"itemListElement\" itemscope itemtype=\"https:\/\/schema.org\/ListItem\"><span itemprop=\"name\" title=\"SMS para empresas de transporte e log\u00edstica\">SMS para Transportes e...<\/span><meta itemprop=\"position\" content=\"2\" \/><\/li>\t\t\t\t\t<\/ol>\r\n\t\t\t\t\t<div class=\"clearfix\"><\/div>\r\n\t\t\t\t<\/div>\r\n\t\t\t<\/div>\r\n\t\t\t\n<h1>\n\t\tSMS para empresas de transporte e log\u00edstica\n\t<\/h1>\n\t\n\n<p><strong>No sector dos transportes e expedi\u00e7\u00e3o de mercadorias, temos muitos clientes excelentes. Podemos assegurar uma comunica\u00e7\u00e3o r\u00e1pida entre empresas, condutores e clientes, criando uma comunica\u00e7\u00e3o r\u00e1pida e segura atrav\u00e9s de dist\u00e2ncias e fronteiras.<\/strong><\/p>\n\n<p>Atualmente, as empresas de transportes e log\u00edstica dependem de solu\u00e7\u00f5es m\u00f3veis para as opera\u00e7\u00f5es do dia a dia. O sector tem beneficiado muito com as solu\u00e7\u00f5es de comunica\u00e7\u00e3o flex\u00edveis, acess\u00edveis e econ\u00f3micas, que podem facilitar e racionalizar os fluxos de trabalho, garantindo que a informa\u00e7\u00e3o - e, por conseguinte, os bens e produtos - chegue no momento e no local certos.<\/p>\n\n<p><strong>Benef\u00edcios:<\/strong><\/p>\n<ul> \t\n<li><strong>Comunica\u00e7\u00e3o r\u00e1pida e segura via SMS para funcion\u00e1rios e clientes em todo o mundo.<\/strong><\/li>\n\n<li><strong>A comunica\u00e7\u00e3o segura em torno da entrega de mercadorias e carga minimiza os erros e o tempo perdido nas entregas.<\/strong><\/li>\n\n<li><strong>Obtenha uma vis\u00e3o geral e envie a partir de v\u00e1rios n\u00fameros diretamente a partir do nosso portal Web.<\/strong><\/li>\n\n<li><strong>Utilize SMS e mensagens de texto personalizadas para criar um bom ambiente de trabalho num local de trabalho onde os empregados est\u00e3o frequentemente dispersos geograficamente.\u00a0<\/strong><\/li>\n<\/ul>\n\n<h3>Elevada fiabilidade de entrega e servi\u00e7o profissional a um \u00f3timo pre\u00e7o<\/h3>\n\n<p>Ap\u00f3s muitos anos no sector, sabemos como \u00e9 importante que a sua comunica\u00e7\u00e3o N\u00c3O seja interrompida. N\u00e3o poupamos em equipamento, monitoriza\u00e7\u00e3o ou horas de trabalho. A nossa equipa certifica-se de que o nosso gateway \u00e9 profissional, est\u00e1vel e fornece com seguran\u00e7a. Veja a nossa <a title=\"Pre\u00e7os de gateway SMS\" href=\"https:\/\/suresms.com\/pt\/precos-de-gateway-sms\/\">Pre\u00e7os do SMS Gateway<\/a> Aqui.<\/p>\n<h3>Gateway SMS internacional<\/h3>\n<p>Vivemos num mundo internacional e o SMS para empresas de transporte e log\u00edstica \u00e9 frequentemente utilizado al\u00e9m-fronteiras. O gateway Sure SMS \u00e9 a solu\u00e7\u00e3o perfeita para a sua comunica\u00e7\u00e3o. Quer necessite de enviar mensagens a empregados, condutores ou clientes, quer o telefone para o qual necessita de enviar seja dinamarqu\u00eas ou estrangeiro, onde quer que esteja, as suas mensagens chegar\u00e3o. Desde que o telefone esteja ligado na outra extremidade.<\/p>\n<p>O SMS pode ser facilmente integrado nos processos e sistemas existentes para garantir uma comunica\u00e7\u00e3o r\u00e1pida e est\u00e1vel na pr\u00e1tica quotidiana.<\/p>\n<h3>Interface de utilizador simples e clara no portal WEB<\/h3>\n<p>A nossa interface simples e clara no portal SureSMS WEB facilita o envio de mensagens SMS para as pessoas ou grupos com os quais precisa de comunicar. A partir do computador, \u00e9 f\u00e1cil para os comunicadores manterem uma vis\u00e3o geral, enquanto os destinat\u00e1rios normalmente t\u00eam os seus telem\u00f3veis consigo 24 horas por dia, 7 dias por semana.<\/p>\n<p>O nosso portal Web pode ser utilizado a partir de um PC, iPad ou smartphone.<\/p>\n<h3>Fun\u00e7\u00e3o do grupo: Comunica\u00e7\u00e3o aos trabalhadores<\/h3>\n<p>A partir do nosso portal Web, pode utilizar a fun\u00e7\u00e3o<a title=\"GroupSMS: Criar e enviar para grupos\" href=\"https:\/\/suresms.com\/pt\/grupo-sms\/\">\u00a0Criar e enviar SMS para grupos<\/a>. Uma funcionalidade que pode ser utilizada de v\u00e1rias formas. V\u00e1rias das nossas empresas de transportes utilizam-no para comunicar com os seus empregados. Uma vez que estes se encontram muitas vezes espalhados por grandes dist\u00e2ncias geogr\u00e1ficas no dia a dia, os telem\u00f3veis s\u00e3o o meio natural de comunica\u00e7\u00e3o para informa\u00e7\u00f5es pr\u00e1ticas, bem como para mensagens de natureza mais social.<\/p>\n<h3>Come\u00e7ar imediatamente<\/h3>\n<p>Come\u00e7ar a utilizar o nosso SMS Gateway \u00e9 r\u00e1pido e f\u00e1cil, e n\u00e3o h\u00e1 qualquer custo associado ao teste do nosso produto.<\/p>\n<p>Ao preencher a nossa liga\u00e7\u00e3o para uma conta de avalia\u00e7\u00e3o gratuita, pode come\u00e7ar em 5 minutos. Dar-lhe-emos 50 SMS gratuitos para que possa avaliar rapidamente o nosso servi\u00e7o e a nossa qualidade. Se tiver alguma d\u00favida, lembre-se de que estamos sempre aqui para o ajudar e temos anos de experi\u00eancia dos nossos outros clientes no sector.<\/p>\n\n\t\t\t<p><img loading=\"lazy\" decoding=\"async\" src=\"https:\/\/suresms.com\/wp-content\/uploads\/2016\/05\/Esbjerg-gods-200-x-99-px-daempet.jpg\" alt=\"refer\u00eancias de clientes Mercadorias de Esbjerg em baixa\" width=\"200\" height=\"96\" \/>A Esbjerg Estate utiliza o SureSMS para enviar mensagens de texto aos condutores. A comunica\u00e7\u00e3o com os motoristas \u00e9 simples e f\u00e1cil com um gateway SMS da SureSMS.<em>\"Estamos muito satisfeitos com o vosso sistema.<\/em><em>- O funcionamento \u00e9 absolutamente fant\u00e1stico\".<\/em><strong>Peter Kristiansen, Controlador<\/strong><strong>Esbjerg Gods A\/S.<\/strong><\/p>\t\t\n\t\t<h4>Criar uma conta de avalia\u00e7\u00e3o gratuita<\/h4>\n\t\t<p>Demora apenas 5 minutos. Comece agora mesmo e obtenha <strong>100 mensagens SMS gratuitas<\/strong> sem compromissos.<\/p>\n\t\t\t<a href=\"https:\/\/suresms.com\/pt\/conta-de-teste-de-sms-gratis\/\" target=\"_self\">\n\t\t\t\t\t\t\tCriar conta de avalia\u00e7\u00e3o\n\t\t\t\t\t<\/a>","protected":false},"excerpt":{"rendered":"<p>SMS para empresas de transportes e log\u00edstica No sector dos transportes e expedi\u00e7\u00e3o de mercadorias, temos muitos bons clientes. Podemos assegurar uma comunica\u00e7\u00e3o r\u00e1pida entre empresas, condutores e clientes, permitindo uma comunica\u00e7\u00e3o r\u00e1pida e segura atrav\u00e9s de dist\u00e2ncias e fronteiras. Atualmente, as empresas de transportes e log\u00edstica dependem de solu\u00e7\u00f5es m\u00f3veis para as opera\u00e7\u00f5es di\u00e1rias. O sector beneficiou muito ... <a title=\"SMS para empresas de transporte e log\u00edstica\" class=\"read-more\" href=\"https:\/\/suresms.com\/pt\/branchelosninger\/sms-til-transport-og-logistikvirksomheder\/\" aria-label=\"Leia mais sobre SMS para empresas de transporte e log\u00edstica\">Rir mas<\/a><\/p>","protected":false},"author":1,"featured_media":0,"parent":1654,"menu_order":2,"comment_status":"closed","ping_status":"closed","template":"","meta":{"_fl_builder_enabled":"1","_fl_builder_data":null,"_fl_builder_draft":null,"_fl_builder_data_settings":null,"_fl_builder_css":"","_fl_builder_css_version":"","_fl_builder_js":"","footnotes":""},"categories":[],"tags":[],"class_list":["post-2632","page","type-page","status-publish"],"yoast_head":"<!-- This site is optimized with the Yoast SEO Premium plugin v27.3 (Yoast SEO v27.3) - https:\/\/yoast.com\/product\/yoast-seo-premium-wordpress\/ -->\r\n<title>Global SMS Gateway til Transport og Logistikvirksomheder. SureSMS<\/title>\r\n<meta name=\"description\" content=\"SureSMS er en Dansk SMS Gateway med mange \u00e5rs erfaring indenfor SMS til transport og logistikbranchen. Stabile SMS&#039;er til gode priser til Professionelle.\" \/>\r\n<meta name=\"robots\" content=\"index, follow, max-snippet:-1, max-image-preview:large, max-video-preview:-1\" \/>\r\n<link rel=\"canonical\" href=\"https:\/\/suresms.com\/pt\/descargas-de-ramos\/sms-para-empresas-de-transporte-e-logistica\/\" \/>\r\n<meta property=\"og:locale\" content=\"pt_PT\" \/>\r\n<meta property=\"og:type\" content=\"article\" \/>\r\n<meta property=\"og:title\" content=\"SMS til Transport og Logistikvirksomheder\" \/>\r\n<meta property=\"og:description\" content=\"SureSMS er en Dansk SMS Gateway med mange \u00e5rs erfaring indenfor SMS til transport og logistikbranchen. Stabile SMS&#039;er til gode priser til Professionelle.\" \/>\r\n<meta property=\"og:url\" content=\"https:\/\/suresms.com\/pt\/descargas-de-ramos\/sms-para-empresas-de-transporte-e-logistica\/\" \/>\r\n<meta property=\"article:publisher\" content=\"https:\/\/www.facebook.com\/p\/SureSMS-100044607956149\/\" \/>\r\n<meta property=\"article:modified_time\" content=\"2025-01-03T14:17:14+00:00\" \/>\r\n<meta property=\"og:image\" content=\"https:\/\/suresms.com\/wp-content\/uploads\/2015\/02\/SMS-til-Transport-snippet.jpg\" \/>\r\n\t<meta property=\"og:image:width\" content=\"400\" \/>\r\n\t<meta property=\"og:image:height\" content=\"254\" \/>\r\n\t<meta property=\"og:image:type\" content=\"image\/jpeg\" \/>\r\n<meta name=\"twitter:card\" content=\"summary_large_image\" \/>\r\n<meta name=\"twitter:label1\" content=\"Tempo estimado de leitura\" \/>\n\t<meta name=\"twitter:data1\" content=\"3 minutos\" \/>\r\n<script type=\"application\/ld+json\" class=\"yoast-schema-graph\">{\"@context\":\"https:\\\/\\\/schema.org\",\"@graph\":[{\"@type\":\"WebPage\",\"@id\":\"https:\\\/\\\/suresms.com\\\/dk\\\/branchelosninger\\\/sms-til-transport-og-logistikvirksomheder\\\/\",\"url\":\"https:\\\/\\\/suresms.com\\\/dk\\\/branchelosninger\\\/sms-til-transport-og-logistikvirksomheder\\\/\",\"name\":\"Global SMS Gateway til Transport og Logistikvirksomheder. SureSMS\",\"isPartOf\":{\"@id\":\"https:\\\/\\\/suresms.com\\\/en\\\/#website\"},\"primaryImageOfPage\":{\"@id\":\"https:\\\/\\\/suresms.com\\\/dk\\\/branchelosninger\\\/sms-til-transport-og-logistikvirksomheder\\\/#primaryimage\"},\"image\":{\"@id\":\"https:\\\/\\\/suresms.com\\\/dk\\\/branchelosninger\\\/sms-til-transport-og-logistikvirksomheder\\\/#primaryimage\"},\"thumbnailUrl\":\"https:\\\/\\\/suresms.com\\\/wp-content\\\/uploads\\\/2016\\\/05\\\/Esbjerg-gods-200-x-99-px-daempet.jpg\",\"datePublished\":\"2016-05-23T13:27:47+00:00\",\"dateModified\":\"2025-01-03T14:17:14+00:00\",\"description\":\"SureSMS er en Dansk SMS Gateway med mange \u00e5rs erfaring indenfor SMS til transport og logistikbranchen. Stabile SMS'er til gode priser til Professionelle.\",\"breadcrumb\":{\"@id\":\"https:\\\/\\\/suresms.com\\\/dk\\\/branchelosninger\\\/sms-til-transport-og-logistikvirksomheder\\\/#breadcrumb\"},\"inLanguage\":\"pt-PT\",\"potentialAction\":[{\"@type\":\"ReadAction\",\"target\":[\"https:\\\/\\\/suresms.com\\\/dk\\\/branchelosninger\\\/sms-til-transport-og-logistikvirksomheder\\\/\"]}]},{\"@type\":\"ImageObject\",\"inLanguage\":\"pt-PT\",\"@id\":\"https:\\\/\\\/suresms.com\\\/dk\\\/branchelosninger\\\/sms-til-transport-og-logistikvirksomheder\\\/#primaryimage\",\"url\":\"https:\\\/\\\/suresms.com\\\/wp-content\\\/uploads\\\/2016\\\/05\\\/Esbjerg-gods-200-x-99-px-daempet.jpg\",\"contentUrl\":\"https:\\\/\\\/suresms.com\\\/wp-content\\\/uploads\\\/2016\\\/05\\\/Esbjerg-gods-200-x-99-px-daempet.jpg\"},{\"@type\":\"BreadcrumbList\",\"@id\":\"https:\\\/\\\/suresms.com\\\/dk\\\/branchelosninger\\\/sms-til-transport-og-logistikvirksomheder\\\/#breadcrumb\",\"itemListElement\":[{\"@type\":\"ListItem\",\"position\":1,\"name\":\"Home\",\"item\":\"https:\\\/\\\/suresms.com\\\/dk\\\/\"},{\"@type\":\"ListItem\",\"position\":2,\"name\":\"Branchel\u00f8sninger\",\"item\":\"https:\\\/\\\/suresms.com\\\/dk\\\/branchelosninger\\\/\"},{\"@type\":\"ListItem\",\"position\":3,\"name\":\"SMS til Transport og Logistikvirksomheder\"}]},{\"@type\":\"WebSite\",\"@id\":\"https:\\\/\\\/suresms.com\\\/en\\\/#website\",\"url\":\"https:\\\/\\\/suresms.com\\\/en\\\/\",\"name\":\"SureSMS\",\"description\":\"Professionel SMS Gateway\",\"publisher\":{\"@id\":\"https:\\\/\\\/suresms.com\\\/en\\\/#organization\"},\"potentialAction\":[{\"@type\":\"SearchAction\",\"target\":{\"@type\":\"EntryPoint\",\"urlTemplate\":\"https:\\\/\\\/suresms.com\\\/en\\\/?s={search_term_string}\"},\"query-input\":{\"@type\":\"PropertyValueSpecification\",\"valueRequired\":true,\"valueName\":\"search_term_string\"}}],\"inLanguage\":\"pt-PT\"},{\"@type\":\"Organization\",\"@id\":\"https:\\\/\\\/suresms.com\\\/en\\\/#organization\",\"name\":\"SureSMS\",\"url\":\"https:\\\/\\\/suresms.com\\\/en\\\/\",\"logo\":{\"@type\":\"ImageObject\",\"inLanguage\":\"pt-PT\",\"@id\":\"https:\\\/\\\/suresms.com\\\/en\\\/#\\\/schema\\\/logo\\\/image\\\/\",\"url\":\"https:\\\/\\\/suresms.com\\\/wp-content\\\/uploads\\\/2024\\\/11\\\/suresms-300x65-1.png\",\"contentUrl\":\"https:\\\/\\\/suresms.com\\\/wp-content\\\/uploads\\\/2024\\\/11\\\/suresms-300x65-1.png\",\"width\":300,\"height\":65,\"caption\":\"SureSMS\"},\"image\":{\"@id\":\"https:\\\/\\\/suresms.com\\\/en\\\/#\\\/schema\\\/logo\\\/image\\\/\"},\"sameAs\":[\"https:\\\/\\\/www.facebook.com\\\/p\\\/SureSMS-100044607956149\\\/\"]}]}<\/script>\r\n<!-- \/ Yoast SEO Premium plugin. -->","yoast_head_json":{"title":"Gateway SMS global para empresas de transporte e log\u00edstica. SureSMS","description":"A SureSMS \u00e9 uma gateway de SMS dinamarquesa com muitos anos de experi\u00eancia em SMS para o sector dos transportes e da log\u00edstica. Mensagens SMS est\u00e1veis a pre\u00e7os \u00f3ptimos para profissionais.","robots":{"index":"index","follow":"follow","max-snippet":"max-snippet:-1","max-image-preview":"max-image-preview:large","max-video-preview":"max-video-preview:-1"},"canonical":"https:\/\/suresms.com\/pt\/descargas-de-ramos\/sms-para-empresas-de-transporte-e-logistica\/","og_locale":"pt_PT","og_type":"article","og_title":"SMS til Transport og Logistikvirksomheder","og_description":"SureSMS er en Dansk SMS Gateway med mange \u00e5rs erfaring indenfor SMS til transport og logistikbranchen. Stabile SMS'er til gode priser til Professionelle.","og_url":"https:\/\/suresms.com\/pt\/descargas-de-ramos\/sms-para-empresas-de-transporte-e-logistica\/","article_publisher":"https:\/\/www.facebook.com\/p\/SureSMS-100044607956149\/","article_modified_time":"2025-01-03T14:17:14+00:00","og_image":[{"width":400,"height":254,"url":"https:\/\/suresms.com\/wp-content\/uploads\/2015\/02\/SMS-til-Transport-snippet.jpg","type":"image\/jpeg"}],"twitter_card":"summary_large_image","twitter_misc":{"Tempo estimado de leitura":"3 minutos"},"schema":{"@context":"https:\/\/schema.org","@graph":[{"@type":"WebPage","@id":"https:\/\/suresms.com\/dk\/branchelosninger\/sms-til-transport-og-logistikvirksomheder\/","url":"https:\/\/suresms.com\/dk\/branchelosninger\/sms-til-transport-og-logistikvirksomheder\/","name":"Gateway SMS global para empresas de transporte e log\u00edstica. SureSMS","isPartOf":{"@id":"https:\/\/suresms.com\/en\/#website"},"primaryImageOfPage":{"@id":"https:\/\/suresms.com\/dk\/branchelosninger\/sms-til-transport-og-logistikvirksomheder\/#primaryimage"},"image":{"@id":"https:\/\/suresms.com\/dk\/branchelosninger\/sms-til-transport-og-logistikvirksomheder\/#primaryimage"},"thumbnailUrl":"https:\/\/suresms.com\/wp-content\/uploads\/2016\/05\/Esbjerg-gods-200-x-99-px-daempet.jpg","datePublished":"2016-05-23T13:27:47+00:00","dateModified":"2025-01-03T14:17:14+00:00","description":"A SureSMS \u00e9 uma gateway de SMS dinamarquesa com muitos anos de experi\u00eancia em SMS para o sector dos transportes e da log\u00edstica. Mensagens SMS est\u00e1veis a pre\u00e7os \u00f3ptimos para profissionais.","breadcrumb":{"@id":"https:\/\/suresms.com\/dk\/branchelosninger\/sms-til-transport-og-logistikvirksomheder\/#breadcrumb"},"inLanguage":"pt-PT","potentialAction":[{"@type":"ReadAction","target":["https:\/\/suresms.com\/dk\/branchelosninger\/sms-til-transport-og-logistikvirksomheder\/"]}]},{"@type":"ImageObject","inLanguage":"pt-PT","@id":"https:\/\/suresms.com\/dk\/branchelosninger\/sms-til-transport-og-logistikvirksomheder\/#primaryimage","url":"https:\/\/suresms.com\/wp-content\/uploads\/2016\/05\/Esbjerg-gods-200-x-99-px-daempet.jpg","contentUrl":"https:\/\/suresms.com\/wp-content\/uploads\/2016\/05\/Esbjerg-gods-200-x-99-px-daempet.jpg"},{"@type":"BreadcrumbList","@id":"https:\/\/suresms.com\/dk\/branchelosninger\/sms-til-transport-og-logistikvirksomheder\/#breadcrumb","itemListElement":[{"@type":"ListItem","position":1,"name":"Home","item":"https:\/\/suresms.com\/dk\/"},{"@type":"ListItem","position":2,"name":"Branchel\u00f8sninger","item":"https:\/\/suresms.com\/dk\/branchelosninger\/"},{"@type":"ListItem","position":3,"name":"SMS til Transport og Logistikvirksomheder"}]},{"@type":"WebSite","@id":"https:\/\/suresms.com\/en\/#website","url":"https:\/\/suresms.com\/en\/","name":"SureSMS","description":"Gateway SMS profissional","publisher":{"@id":"https:\/\/suresms.com\/en\/#organization"},"potentialAction":[{"@type":"SearchAction","target":{"@type":"EntryPoint","urlTemplate":"https:\/\/suresms.com\/en\/?s={search_term_string}"},"query-input":{"@type":"PropertyValueSpecification","valueRequired":true,"valueName":"search_term_string"}}],"inLanguage":"pt-PT"},{"@type":"Organization","@id":"https:\/\/suresms.com\/en\/#organization","name":"SureSMS","url":"https:\/\/suresms.com\/en\/","logo":{"@type":"ImageObject","inLanguage":"pt-PT","@id":"https:\/\/suresms.com\/en\/#\/schema\/logo\/image\/","url":"https:\/\/suresms.com\/wp-content\/uploads\/2024\/11\/suresms-300x65-1.png","contentUrl":"https:\/\/suresms.com\/wp-content\/uploads\/2024\/11\/suresms-300x65-1.png","width":300,"height":65,"caption":"SureSMS"},"image":{"@id":"https:\/\/suresms.com\/en\/#\/schema\/logo\/image\/"},"sameAs":["https:\/\/www.facebook.com\/p\/SureSMS-100044607956149\/"]}]}},"_links":{"self":[{"href":"https:\/\/suresms.com\/pt\/wp-json\/wp\/v2\/pages\/2632","targetHints":{"allow":["GET"]}}],"collection":[{"href":"https:\/\/suresms.com\/pt\/wp-json\/wp\/v2\/pages"}],"about":[{"href":"https:\/\/suresms.com\/pt\/wp-json\/wp\/v2\/types\/page"}],"author":[{"embeddable":true,"href":"https:\/\/suresms.com\/pt\/wp-json\/wp\/v2\/users\/1"}],"replies":[{"embeddable":true,"href":"https:\/\/suresms.com\/pt\/wp-json\/wp\/v2\/comments?post=2632"}],"version-history":[{"count":3,"href":"https:\/\/suresms.com\/pt\/wp-json\/wp\/v2\/pages\/2632\/revisions"}],"predecessor-version":[{"id":19576,"href":"https:\/\/suresms.com\/pt\/wp-json\/wp\/v2\/pages\/2632\/revisions\/19576"}],"up":[{"embeddable":true,"href":"https:\/\/suresms.com\/pt\/wp-json\/wp\/v2\/pages\/1654"}],"wp:attachment":[{"href":"https:\/\/suresms.com\/pt\/wp-json\/wp\/v2\/media?parent=2632"}],"wp:term":[{"taxonomy":"category","embeddable":true,"href":"https:\/\/suresms.com\/pt\/wp-json\/wp\/v2\/categories?post=2632"},{"taxonomy":"post_tag","embeddable":true,"href":"https:\/\/suresms.com\/pt\/wp-json\/wp\/v2\/tags?post=2632"}],"curies":[{"name":"wp","href":"https:\/\/api.w.org\/{rel}","templated":true}]}}