{"id":23804,"date":"2026-01-13T16:10:44","date_gmt":"2026-01-13T16:10:44","guid":{"rendered":"https:\/\/suresms.com\/?page_id=23804"},"modified":"2026-01-14T06:35:34","modified_gmt":"2026-01-14T06:35:34","slug":"integracao-entra-id-via-csv","status":"publish","type":"page","link":"https:\/\/suresms.com\/pt\/integrationer\/booking-ldap-2fa\/integration-entra-id-via-csv\/","title":{"rendered":"Integra\u00e7\u00e3o de SMS para Entra ID (via ficheiro CSV)"},"content":{"rendered":"<!-- Flexy Breadcrumb -->\r\n\t\t\t<div class=\"fbc fbc-page\">\r\n\r\n\t\t\t\t<!-- Breadcrumb wrapper -->\r\n\t\t\t\t<div class=\"fbc-wrap\">\r\n\r\n\t\t\t\t\t<!-- Ordered list-->\r\n\t\t\t\t\t<ol class=\"fbc-items\" itemscope itemtype=\"https:\/\/schema.org\/BreadcrumbList\">\r\n\t\t\t\t\t\t            <li itemprop=\"itemListElement\" itemscope itemtype=\"https:\/\/schema.org\/ListItem\">\r\n                <span itemprop=\"name\">\r\n                    <!-- Home Link -->\r\n                    <a itemprop=\"item\" href=\"https:\/\/suresms.com\/pt\/\">\r\n                    \r\n                                                    <i class=\"fa fa-home\" aria-hidden=\"true\"><\/i>In\u00edcio                    <\/a>\r\n                <\/span>\r\n                <meta itemprop=\"position\" content=\"1\" \/><!-- Meta Position-->\r\n             <\/li><li><span class=\"fbc-separator\">\/<\/span><\/li><li class=\"active\" itemprop=\"itemListElement\" itemscope itemtype=\"https:\/\/schema.org\/ListItem\"><span itemprop=\"name\" title=\"Integra\u00e7\u00e3o de SMS para Entra ID (via ficheiro CSV)\">Integra\u00e7\u00e3o de SMS para o Entra...<\/span><meta itemprop=\"position\" content=\"2\" \/><\/li>\t\t\t\t\t<\/ol>\r\n\t\t\t\t\t<div class=\"clearfix\"><\/div>\r\n\t\t\t\t<\/div>\r\n\t\t\t<\/div>\r\n\t\t\t\n\t\t<h1>Integra\u00e7\u00e3o SMS Entra ID via ficheiro CSV<\/h1>\t\n\t\t\t\t<img decoding=\"async\" src=\"https:\/\/suresms.com\/wp-content\/uploads\/2022\/08\/Azure-AD-2-1.png\" alt=\"Azure AD\" itemprop=\"image\" height=\"254\" width=\"700\" title=\"Azure AD\" onerror=\"this.style.display='none'\" loading=\"lazy\" \/>\n<h2>\n\t\t\tO que \u00e9 o Entra ID, tamb\u00e9m conhecido como Active Diretory?\t<\/h2>\n\t<p>O Microsoft Entra ID, anteriormente conhecido como Azure Active Diretory (Azure AD), \u00e9 um servi\u00e7o de gest\u00e3o de identidades e acessos baseado na nuvem da Microsoft. Este servi\u00e7o ajuda as organiza\u00e7\u00f5es a gerir e proteger o acesso dos utilizadores a aplica\u00e7\u00f5es e dados atrav\u00e9s de uma infraestrutura de TI h\u00edbrida moderna. Ao utilizar o Microsoft Entra ID, as organiza\u00e7\u00f5es podem oferecer um in\u00edcio de sess\u00e3o \u00fanico (SSO) e autentica\u00e7\u00e3o multifactor para proteger as identidades dos utilizadores e melhorar a seguran\u00e7a. A integra\u00e7\u00e3o com o Microsoft Entra ID e o Active Diretory (AD) permite sincronizar e gerir identidades de forma centralizada, simplificando a gest\u00e3o de utilizadores e o controlo de acesso. Isto \u00e9 essencial para as organiza\u00e7\u00f5es que pretendem uma gest\u00e3o de acesso eficiente e segura.<\/p>\n\t\t<h2>Preste aten\u00e7\u00e3o a ....<\/h2><p>H\u00e1 alguns aspectos que deve ter em conta antes de come\u00e7ar a criar uma integra\u00e7\u00e3o SMS AD com a SureSMS.<\/p>\n<h4>RGPD<\/h4>\n<p>A primeira coisa que precisa de saber \u00e9 que a SureSMS est\u00e1 a ter acesso aos seus dados pessoais. Isto significa que estamos agora a come\u00e7ar a processar dados para si e, portanto, devemos, em<a href=\"https:\/\/www.datatilsynet.dk\/hvad-siger-reglerne\">cumprir o RGPD<\/a>, t\u00eam um acordo de processamento de dados.<\/p>\n<h4>N\u00fameros de telefone<\/h4>\n<p>Os n\u00fameros de telefone para os quais temos de enviar devem estar no seu AD. Para podermos enviar SMS a uma pessoa, precisamos de saber o seu n\u00famero de telefone. Por conseguinte, se n\u00e3o tiver n\u00fameros de telefone no seu AD, obtenha-os ou n\u00e3o fa\u00e7a uma integra\u00e7\u00e3o.<\/p>\n<h4>Eliminar contactos<\/h4>\n<p>A integra\u00e7\u00e3o \u00e9 uma integra\u00e7\u00e3o \u201cunidirecional\u201d. Isto significa que apenas lemos as informa\u00e7\u00f5es do AD. A integra\u00e7\u00e3o retira todas as pessoas do seu AD, por assim dizer. Assim, por exemplo, se eliminar uma pessoa na SureSMS, esta s\u00f3 regressar\u00e1 se ainda estiver no AD. \u00c9 sempre o AD que tem os dados corretos.<\/p>\n<h2>\n\t\t\tComo configurar a sua integra\u00e7\u00e3o Entra ID\t<\/h2>\n\t<p>Dispomos de v\u00e1rias op\u00e7\u00f5es no que respeita \u00e0 integra\u00e7\u00e3o EntraID. Este artigo descreve como \u00e9 feita a integra\u00e7\u00e3o atrav\u00e9s de um ficheiro CSV.<\/p>\n<p>Em geral, a solu\u00e7\u00e3o baseia-se num pequeno script que \u00e9 executado nas suas instala\u00e7\u00f5es (ou seja, dentro dos mecanismos de seguran\u00e7a que a sua organiza\u00e7\u00e3o estabeleceu). O script cria um ficheiro separado por v\u00edrgulas com conte\u00fado sobre pessoas, n\u00fameros de telefone e grupos, e este ficheiro \u00e9 enviado de forma segura via sFTP para a SureSMS. A SureSMS carrega ent\u00e3o automaticamente o ficheiro na conta associada \u00e0s integra\u00e7\u00f5es.<\/p>\n<p>Ent\u00e3o, vamos come\u00e7ar.<\/p>\n<h2>\n\t\t\tComo funciona\t<\/h2>\nO processo \u00e9 constru\u00eddo em torno de um script do PowerShell que executa as seguintes tarefas:\n\n1. conecta-se com seguran\u00e7a ao Microsoft Entra ID usando a API do Microsoft Graph.\n2. recupera membros de um ou mais grupos de utilizadores especificados.\n3. extrai os dados relevantes (nome, c\u00f3digo do pa\u00eds, n\u00famero de telefone) e o nome do grupo a que pertencem.\n4. formata os dados num ficheiro CSV compat\u00edvel com a plataforma SureSMS.\n5. carrega automaticamente o ficheiro CSV para o servidor SFTP da SureSMS (sftp.suresms.com).\n<br \/>\nUma vez carregado o ficheiro, este \u00e9 automaticamente importado para os contactos do seu livro de endere\u00e7os no SureSMS.\n<h2>\n\t\t\tFormato do ficheiro CSV\t<\/h2>\nO script gera um ficheiro CSV com um ponto e v\u00edrgula como separador, que \u00e9 a norma na Dinamarca. O ficheiro cont\u00e9m as seguintes colunas:\n<table>\n<tbody data-slate-node=\"element\">\n<tr data-slate-node=\"element\">\n<td data-slate-node=\"element\">\nColuna\n<\/td>\n<td data-slate-node=\"element\">\nDescri\u00e7\u00e3o\n<\/td>\n<td data-slate-node=\"element\">\nExemplo de um exemplo\n<\/td>\n<\/tr>\n<tr data-slate-node=\"element\">\n<td data-slate-node=\"element\">\nNome\n<\/td>\n<td data-slate-node=\"element\">\nNome completo do utilizador a partir da Entra ID\n<\/td>\n<td data-slate-node=\"element\">\nAnders Jensen\n<\/td>\n<\/tr>\n<tr data-slate-node=\"element\">\n<td data-slate-node=\"element\">\nC\u00f3digo do pa\u00eds\n<\/td>\n<td data-slate-node=\"element\">C\u00f3digo de marca\u00e7\u00e3o com prefixo +<\/td>\n<td data-slate-node=\"element\">\n+45\n<\/td>\n<\/tr>\n<tr data-slate-node=\"element\">\n<td data-slate-node=\"element\">\nN\u00famero de telefone\n<\/td>\n<td data-slate-node=\"element\">\nN\u00famero de telem\u00f3vel ou telefone do trabalho\n<\/td>\n<td data-slate-node=\"element\">\n12345678\n<\/td>\n<\/tr>\n<tr data-slate-node=\"element\">\n<td data-slate-node=\"element\">\nGrupo\n<\/td>\n<td data-slate-node=\"element\">\nO nome do grupo Entra ID a que o utilizador pertence\n<\/td>\n<td data-slate-node=\"element\">\nDepartamento de TI\n<\/td>\n<\/tr>\n<\/tbody>\n<\/table>\nUm exemplo do conte\u00fado do ficheiro pode ser o seguinte:\nTexto simples\n\u201cAnders Jensen\u201d; \u201d+45\u2033; \u201d12345678\u2033; \u201dDepartamento de TI\u201d\n\u201cMaria Nielsen\u201d; \u201d+45\u2033; \u201d87654321\u2033; \u201dDepartamento de TI\u201d\n\u201cPeter Hansen\u201d;\u201d+45\u2033;\u201d11223344\u2033;\u201dSalg\u201d\n\u201cJohan Svensson\u201d;\u201d+46\u2033;\u201d701234567\u2033;\u201dSalg\u201d\n\nNote-se que o script converte automaticamente os c\u00f3digos de pa\u00eds ISO (por exemplo, DK, SE, NO) para o formato de marca\u00e7\u00e3o correto (+45, +46, +47) e remove quaisquer prefixos de c\u00f3digo de pa\u00eds dos n\u00fameros de telefone.\n<h2>\n\t\t\tPr\u00e9-requisitos\t<\/h2>\n<p>Antes de poder utilizar o script, certifique-se de que o seu sistema preenche os seguintes requisitos:<\/p>\n<ul>\n<li>Windows PowerShell 5.1 ou posterior (inclu\u00eddo no Windows 10 e 11).<\/li>\n<li>M\u00f3dulos do PowerShell necess\u00e1rios: O script tentar\u00e1 instalar automaticamente <u>Gr\u00e1fico<\/u> e <u>Posh-SSH<\/u>, se ainda n\u00e3o estiverem instalados. Isto requer direitos de administrador na primeira vez.<\/li>\n<li>Permiss\u00f5es no Entra ID: O utilizador que executa o script deve ter permiss\u00e3o para ler informa\u00e7\u00f5es de utilizadores e grupos atrav\u00e9s do Microsoft Graph. Na primeira vez que o script for executado, ser-lhe-\u00e1 pedido que concorde com estas permiss\u00f5es.<\/li>\n<li>Acesso sFTP ao SureSMS: \u00c9 necess\u00e1rio um nome de utilizador e uma palavra-passe para o servidor sFTP do SureSMS.<\/li>\n<\/ul>\n<h2>\n\t\t\tGuia passo-a-passo\t<\/h2>\n<p>Siga estes passos para configurar e executar o script.<\/p>\n<h3>\n\t\t\tPasso 1: Descarregar o script\t<\/h3>\n<p>Em primeiro lugar, \u00e9 necess\u00e1rio descarregar <a href=\"https:\/\/suresms.com\/wp-content\/uploads\/2026\/01\/Export-EntraIDUsersToSFTP.zip\">O script do PowerShell<\/a>. Guarde o ficheiro Export-EntraIDUsersToSFTP.ps1 numa localiza\u00e7\u00e3o adequada no seu computador, por exemplo em C:Scripts<\/p>\n<h3>\n\t\t\tPasso 2: Encontre os seus detalhes sFTP no SureSMS\t<\/h3>\n<p>Para que o script possa carregar o ficheiro, necessita dos seus detalhes pessoais de in\u00edcio de sess\u00e3o sFTP da SureSMS. O script j\u00e1 est\u00e1 configurado para se ligar a sftp.suresms.com, por isso s\u00f3 precisa do seu nome de utilizador e palavra-passe.<\/p>\n<p>Pode obter as suas informa\u00e7\u00f5es sFTP enviando uma mensagem de correio eletr\u00f3nico para support@suresms.com com o seu n\u00famero de utilizador e o endere\u00e7o de correio eletr\u00f3nico registado (ver o canto inferior esquerdo quando tem sess\u00e3o iniciada em app.suresms.com)<\/p>\n<h3>\n\t\t\tPasso 3: Executar o script\t<\/h3>\n<p>Abra uma janela do PowerShell e navegue at\u00e9 \u00e0 pasta onde guardou o script. Pode agora executar o script com os par\u00e2metros necess\u00e1rios.<\/p>\n<p>Abaixo est\u00e1 um exemplo de como executar o script. Substitua os valores pelas suas pr\u00f3prias informa\u00e7\u00f5es.<\/p>\n<p>.Export-EntraIDUsersToSFTP.ps1 -Groups \u201cAll Employees\u201d, \u201cIT Support\u201d ` -SFTPUsername \u201cditsftp-username\u201d<\/p>\n<p>Quando executa o comando:<\/p>\n<ul>\n<li>Primeiro, ser-lhe-\u00e1 pedido que inicie sess\u00e3o na sua conta Microsoft para dar ao script acesso ao Entra ID.<\/li>\n<li>Ser-lhe-\u00e1 ent\u00e3o pedido que introduza a sua palavra-passe sFTP.<\/li>\n<\/ul>\n<p>O script ir\u00e1 agora recuperar os dados, criar um ficheiro CSV com o nome <u>EntraID_Export.csv<\/u> e carregue-o para o servidor sFTP do SureSMS.<\/p>\n<p>&nbsp;<\/p>\n<p><em>Par\u00e2metros do gui\u00e3o<\/em><\/p>\n<p>Eis uma vis\u00e3o geral dos par\u00e2metros que pode utilizar para personalizar a fun\u00e7\u00e3o do gui\u00e3o:<\/p>\n<p>&nbsp;<\/p>\n<table width=\"100%\">\n<thead>\n<tr>\n<td>Par\u00e2metro<\/td>\n<td>Descri\u00e7\u00e3o<\/td>\n<\/tr>\n<\/thead>\n<tbody>\n<tr>\n<td><u>-Grupos<\/u><\/td>\n<td>(Obrigat\u00f3rio) Uma lista dos nomes dos grupos do Entra ID que pretende exportar. Separar por v\u00edrgulas, por exemplo. <u>\u201cGrupo1\u201d, \u201cGrupo2\u201d<\/u>.<\/td>\n<\/tr>\n<tr>\n<td><u>-SFTPUsername<\/u><\/td>\n<td>(Obrigat\u00f3rio) O seu nome de utilizador sFTP da SureSMS.<\/td>\n<\/tr>\n<tr>\n<td><u>-SFTPPassword<\/u><\/td>\n<td>(Opcional) Palavra-passe como SecureString. Se n\u00e3o for especificada, ser-lhe-\u00e1 pedido que a introduza.<\/td>\n<\/tr>\n<tr>\n<td><u>-SFTPPort<\/u><\/td>\n<td>(Opcional) Porta sFTP. A predefini\u00e7\u00e3o \u00e9 22.<\/td>\n<\/tr>\n<tr>\n<td><u>-SFTPRemotePath<\/u><\/td>\n<td>A pasta no servidor sFTP onde o ficheiro deve ser carregado. A predefini\u00e7\u00e3o \u00e9 <u>\/<\/u>.<\/td>\n<\/tr>\n<tr>\n<td><u>-Caminho de sa\u00edda<\/u><\/td>\n<td>(Opcional) Altera o nome ou a localiza\u00e7\u00e3o do ficheiro CSV local. A predefini\u00e7\u00e3o \u00e9 <u>.EntraID_Export.csv<\/u>.<\/td>\n<\/tr>\n<tr>\n<td><u>-SkipSFTPUpload<\/u><\/td>\n<td>(Opcional) Se especificado, apenas o ficheiro CSV \u00e9 gerado localmente sem ser carregado para sFTP.<\/td>\n<\/tr>\n<\/tbody>\n<\/table>\n<h2>\n\t\t\tExemplos de utiliza\u00e7\u00e3o\t<\/h2>\n<h4>Exemplo 1: Exportar um grupo e carregar para o SureSMS<\/h4>\n<p>.Export-EntraIDUsersToSFTP.ps1 -Groups \u201cSales department\u201d -SFTPUsername \u201cmyuser\u201d<\/p>\n<h4>Exemplo 2: Exportar v\u00e1rios grupos para uma pasta espec\u00edfica<\/h4>\n<p>.Export-EntraIDUsersToSFTP.ps1 -Groups \u201cIT\u201d, \u201cHR\u201d, \u201cManagement\u201d ` -SFTPUsername \u201cmyuser\u201d ` -SFTPRemotePath \u201c\/contacts\u201d<\/p>\n<h4>Exemplo 3: Exporta\u00e7\u00e3o local apenas sem carregamento sFTP<\/h4>\n<p>.Export-EntraIDUsersToSFTP.ps1 -Groups \u201cAll Employees\u201d ` -OutputPath \u201cC:Export Employees.csv\u201d ` -SkipSFTPUpload<\/p>\n<h2>\n\t\t\tAutomatiza\u00e7\u00e3o com o Programador de Tarefas do Windows\t<\/h2>\n<p>Para manter as suas listas de contactos sincronizadas, pode configurar uma Tarefa Programada no Windows que executa o script automaticamente em intervalos regulares. Isto garante que os novos empregados ou altera\u00e7\u00f5es nos n\u00fameros de telefone s\u00e3o automaticamente reflectidos nas suas listas de destinat\u00e1rios SureSMS sem qualquer trabalho manual.<\/p>\n<p>Para criar uma tarefa agendada:<\/p>\n<ul>\n<li>Abrir o Programador de Tarefas no Windows.<\/li>\n<li>Clique em Criar tarefa b\u00e1sica.<\/li>\n<li>D\u00ea um nome \u00e0 tarefa, por exemplo, \u201cSureSMS Contact Sync\u201d.<\/li>\n<li>Selecione a frequ\u00eancia com que a tarefa deve ser executada (por exemplo, diariamente).<\/li>\n<li>Selecionar Iniciar um programa como a\u00e7\u00e3o.<\/li>\n<li>Especificar <u>exe<\/u> como aplica\u00e7\u00e3o e adicionar o caminho completo do script com par\u00e2metros como argumentos.<\/li>\n<\/ul>\n<p>Exemplo de argumento:<\/p>\n<p>-ExecutionPolicy Bypass -File \u201cC:ScriptsExport-EntraIDUsersToSFTP.ps1\u201d -Groups \u201cAll Employees\u201d -SFTPUsername \u201cmyuser\u201d<\/p>\n<p>Nota: Para a condu\u00e7\u00e3o automatizada, \u00e9 necess\u00e1rio guardar a palavra-passe de forma segura. Pode utilizar <u>-SFTPPassword<\/u> com uma SecureString armazenada num ficheiro encriptado ou executar o script numa conta de servi\u00e7o com credenciais armazenadas.<\/p>\n<p>&nbsp;<\/p>","protected":false},"excerpt":{"rendered":"<p>Integra\u00e7\u00e3o SMS Entra ID via ficheiro CSV O que \u00e9 o Entra ID tamb\u00e9m conhecido como Active Diretory? O Microsoft Entra ID, anteriormente conhecido como Azure Active Diretory (Azure AD), \u00e9 um servi\u00e7o de gest\u00e3o de identidade e acesso baseado na nuvem da Microsoft. Este servi\u00e7o ajuda as organiza\u00e7\u00f5es a gerir e proteger o acesso dos utilizadores a aplica\u00e7\u00f5es e dados atrav\u00e9s de um ... <a title=\"Integra\u00e7\u00e3o de SMS para Entra ID (via ficheiro CSV)\" class=\"read-more\" href=\"https:\/\/suresms.com\/pt\/integrationer\/booking-ldap-2fa\/integration-entra-id-via-csv\/\" aria-label=\"Saiba mais sobre a integra\u00e7\u00e3o de SMS no Entra ID (via ficheiro CSV)\">Rir mas<\/a><\/p>","protected":false},"author":1,"featured_media":0,"parent":19541,"menu_order":1,"comment_status":"closed","ping_status":"closed","template":"","meta":{"_fl_builder_enabled":"1","_fl_builder_data":null,"_fl_builder_draft":null,"_fl_builder_data_settings":null,"_fl_builder_css":"","_fl_builder_css_version":"","_fl_builder_js":"","footnotes":""},"categories":[],"tags":[],"class_list":["post-23804","page","type-page","status-publish"],"yoast_head":"<!-- This site is optimized with the Yoast SEO Premium plugin v27.3 (Yoast SEO v27.3) - https:\/\/yoast.com\/product\/yoast-seo-premium-wordpress\/ -->\r\n<title>SMS integration til Entra ID (via CSV fil) - dyb integration<\/title>\r\n<meta name=\"description\" content=\"SMS AD Integration til Azure Active Directory. Fuldt integreret SMS l\u00f8sning i AD til beredskabs, alarmering, medarbejdere og mere\" \/>\r\n<meta name=\"robots\" content=\"index, follow, max-snippet:-1, max-image-preview:large, max-video-preview:-1\" \/>\r\n<link rel=\"canonical\" href=\"https:\/\/suresms.com\/pt\/integracoes\/sistemas-de-reserva-de-pessoal-temporario\/integracao-entra-id-via-csv\/\" \/>\r\n<meta property=\"og:locale\" content=\"pt_PT\" \/>\r\n<meta property=\"og:type\" content=\"article\" \/>\r\n<meta property=\"og:title\" content=\"SMS integration til Entra ID (via CSV fil)\" \/>\r\n<meta property=\"og:description\" content=\"SMS AD Integration til Azure Active Directory. Fuldt integreret SMS l\u00f8sning i AD til beredskabs, alarmering, medarbejdere og mere\" \/>\r\n<meta property=\"og:url\" content=\"https:\/\/suresms.com\/pt\/integracoes\/sistemas-de-reserva-de-pessoal-temporario\/integracao-entra-id-via-csv\/\" \/>\r\n<meta property=\"article:publisher\" content=\"https:\/\/www.facebook.com\/p\/SureSMS-100044607956149\/\" \/>\r\n<meta property=\"article:modified_time\" content=\"2026-01-14T06:35:34+00:00\" \/>\r\n<meta property=\"og:image\" content=\"https:\/\/suresms.com\/wp-content\/uploads\/2022\/08\/Azure-AD-2-1.png\" \/>\r\n<meta name=\"twitter:card\" content=\"summary_large_image\" \/>\r\n<meta name=\"twitter:label1\" content=\"Tempo estimado de leitura\" \/>\n\t<meta name=\"twitter:data1\" content=\"7 minutos\" \/>\r\n<script type=\"application\/ld+json\" class=\"yoast-schema-graph\">{\"@context\":\"https:\\\/\\\/schema.org\",\"@graph\":[{\"@type\":\"WebPage\",\"@id\":\"https:\\\/\\\/suresms.com\\\/dk\\\/integrationer\\\/booking-ldap-2fa\\\/integration-entra-id-via-csv\\\/\",\"url\":\"https:\\\/\\\/suresms.com\\\/dk\\\/integrationer\\\/booking-ldap-2fa\\\/integration-entra-id-via-csv\\\/\",\"name\":\"SMS integration til Entra ID (via CSV fil) - dyb integration\",\"isPartOf\":{\"@id\":\"https:\\\/\\\/suresms.com\\\/en\\\/#website\"},\"primaryImageOfPage\":{\"@id\":\"https:\\\/\\\/suresms.com\\\/dk\\\/integrationer\\\/booking-ldap-2fa\\\/integration-entra-id-via-csv\\\/#primaryimage\"},\"image\":{\"@id\":\"https:\\\/\\\/suresms.com\\\/dk\\\/integrationer\\\/booking-ldap-2fa\\\/integration-entra-id-via-csv\\\/#primaryimage\"},\"thumbnailUrl\":\"https:\\\/\\\/suresms.com\\\/wp-content\\\/uploads\\\/2022\\\/08\\\/Azure-AD-2-1.png\",\"datePublished\":\"2026-01-13T16:10:44+00:00\",\"dateModified\":\"2026-01-14T06:35:34+00:00\",\"description\":\"SMS AD Integration til Azure Active Directory. Fuldt integreret SMS l\u00f8sning i AD til beredskabs, alarmering, medarbejdere og mere\",\"breadcrumb\":{\"@id\":\"https:\\\/\\\/suresms.com\\\/dk\\\/integrationer\\\/booking-ldap-2fa\\\/integration-entra-id-via-csv\\\/#breadcrumb\"},\"inLanguage\":\"pt-PT\",\"potentialAction\":[{\"@type\":\"ReadAction\",\"target\":[\"https:\\\/\\\/suresms.com\\\/dk\\\/integrationer\\\/booking-ldap-2fa\\\/integration-entra-id-via-csv\\\/\"]}]},{\"@type\":\"ImageObject\",\"inLanguage\":\"pt-PT\",\"@id\":\"https:\\\/\\\/suresms.com\\\/dk\\\/integrationer\\\/booking-ldap-2fa\\\/integration-entra-id-via-csv\\\/#primaryimage\",\"url\":\"https:\\\/\\\/suresms.com\\\/wp-content\\\/uploads\\\/2022\\\/08\\\/Azure-AD-2-1.png\",\"contentUrl\":\"https:\\\/\\\/suresms.com\\\/wp-content\\\/uploads\\\/2022\\\/08\\\/Azure-AD-2-1.png\"},{\"@type\":\"BreadcrumbList\",\"@id\":\"https:\\\/\\\/suresms.com\\\/dk\\\/integrationer\\\/booking-ldap-2fa\\\/integration-entra-id-via-csv\\\/#breadcrumb\",\"itemListElement\":[{\"@type\":\"ListItem\",\"position\":1,\"name\":\"Home\",\"item\":\"https:\\\/\\\/suresms.com\\\/dk\\\/\"},{\"@type\":\"ListItem\",\"position\":2,\"name\":\"Integrationer\",\"item\":\"https:\\\/\\\/suresms.com\\\/dk\\\/integrationer\\\/\"},{\"@type\":\"ListItem\",\"position\":3,\"name\":\"SMS integration til LDAP og brugerdatabaser\",\"item\":\"https:\\\/\\\/suresms.com\\\/dk\\\/integrationer\\\/booking-ldap-2fa\\\/\"},{\"@type\":\"ListItem\",\"position\":4,\"name\":\"SMS integration til Entra ID (via CSV fil)\"}]},{\"@type\":\"WebSite\",\"@id\":\"https:\\\/\\\/suresms.com\\\/en\\\/#website\",\"url\":\"https:\\\/\\\/suresms.com\\\/en\\\/\",\"name\":\"SureSMS\",\"description\":\"Professionel SMS Gateway\",\"publisher\":{\"@id\":\"https:\\\/\\\/suresms.com\\\/en\\\/#organization\"},\"potentialAction\":[{\"@type\":\"SearchAction\",\"target\":{\"@type\":\"EntryPoint\",\"urlTemplate\":\"https:\\\/\\\/suresms.com\\\/en\\\/?s={search_term_string}\"},\"query-input\":{\"@type\":\"PropertyValueSpecification\",\"valueRequired\":true,\"valueName\":\"search_term_string\"}}],\"inLanguage\":\"pt-PT\"},{\"@type\":\"Organization\",\"@id\":\"https:\\\/\\\/suresms.com\\\/en\\\/#organization\",\"name\":\"SureSMS\",\"url\":\"https:\\\/\\\/suresms.com\\\/en\\\/\",\"logo\":{\"@type\":\"ImageObject\",\"inLanguage\":\"pt-PT\",\"@id\":\"https:\\\/\\\/suresms.com\\\/en\\\/#\\\/schema\\\/logo\\\/image\\\/\",\"url\":\"https:\\\/\\\/suresms.com\\\/wp-content\\\/uploads\\\/2024\\\/11\\\/suresms-300x65-1.png\",\"contentUrl\":\"https:\\\/\\\/suresms.com\\\/wp-content\\\/uploads\\\/2024\\\/11\\\/suresms-300x65-1.png\",\"width\":300,\"height\":65,\"caption\":\"SureSMS\"},\"image\":{\"@id\":\"https:\\\/\\\/suresms.com\\\/en\\\/#\\\/schema\\\/logo\\\/image\\\/\"},\"sameAs\":[\"https:\\\/\\\/www.facebook.com\\\/p\\\/SureSMS-100044607956149\\\/\"]}]}<\/script>\r\n<!-- \/ Yoast SEO Premium plugin. -->","yoast_head_json":{"title":"Integra\u00e7\u00e3o de SMS com Entra ID (via ficheiro CSV) - integra\u00e7\u00e3o profunda","description":"Integra\u00e7\u00e3o do SMS AD para o Azure Active Diretory. Solu\u00e7\u00e3o de SMS totalmente integrada no AD para resposta a emerg\u00eancias, alertas, funcion\u00e1rios e muito mais","robots":{"index":"index","follow":"follow","max-snippet":"max-snippet:-1","max-image-preview":"max-image-preview:large","max-video-preview":"max-video-preview:-1"},"canonical":"https:\/\/suresms.com\/pt\/integracoes\/sistemas-de-reserva-de-pessoal-temporario\/integracao-entra-id-via-csv\/","og_locale":"pt_PT","og_type":"article","og_title":"SMS integration til Entra ID (via CSV fil)","og_description":"SMS AD Integration til Azure Active Directory. Fuldt integreret SMS l\u00f8sning i AD til beredskabs, alarmering, medarbejdere og mere","og_url":"https:\/\/suresms.com\/pt\/integracoes\/sistemas-de-reserva-de-pessoal-temporario\/integracao-entra-id-via-csv\/","article_publisher":"https:\/\/www.facebook.com\/p\/SureSMS-100044607956149\/","article_modified_time":"2026-01-14T06:35:34+00:00","og_image":[{"url":"https:\/\/suresms.com\/wp-content\/uploads\/2022\/08\/Azure-AD-2-1.png","type":"","width":"","height":""}],"twitter_card":"summary_large_image","twitter_misc":{"Tempo estimado de leitura":"7 minutos"},"schema":{"@context":"https:\/\/schema.org","@graph":[{"@type":"WebPage","@id":"https:\/\/suresms.com\/dk\/integrationer\/booking-ldap-2fa\/integration-entra-id-via-csv\/","url":"https:\/\/suresms.com\/dk\/integrationer\/booking-ldap-2fa\/integration-entra-id-via-csv\/","name":"Integra\u00e7\u00e3o de SMS com Entra ID (via ficheiro CSV) - integra\u00e7\u00e3o profunda","isPartOf":{"@id":"https:\/\/suresms.com\/en\/#website"},"primaryImageOfPage":{"@id":"https:\/\/suresms.com\/dk\/integrationer\/booking-ldap-2fa\/integration-entra-id-via-csv\/#primaryimage"},"image":{"@id":"https:\/\/suresms.com\/dk\/integrationer\/booking-ldap-2fa\/integration-entra-id-via-csv\/#primaryimage"},"thumbnailUrl":"https:\/\/suresms.com\/wp-content\/uploads\/2022\/08\/Azure-AD-2-1.png","datePublished":"2026-01-13T16:10:44+00:00","dateModified":"2026-01-14T06:35:34+00:00","description":"Integra\u00e7\u00e3o do SMS AD para o Azure Active Diretory. Solu\u00e7\u00e3o de SMS totalmente integrada no AD para resposta a emerg\u00eancias, alertas, funcion\u00e1rios e muito mais","breadcrumb":{"@id":"https:\/\/suresms.com\/dk\/integrationer\/booking-ldap-2fa\/integration-entra-id-via-csv\/#breadcrumb"},"inLanguage":"pt-PT","potentialAction":[{"@type":"ReadAction","target":["https:\/\/suresms.com\/dk\/integrationer\/booking-ldap-2fa\/integration-entra-id-via-csv\/"]}]},{"@type":"ImageObject","inLanguage":"pt-PT","@id":"https:\/\/suresms.com\/dk\/integrationer\/booking-ldap-2fa\/integration-entra-id-via-csv\/#primaryimage","url":"https:\/\/suresms.com\/wp-content\/uploads\/2022\/08\/Azure-AD-2-1.png","contentUrl":"https:\/\/suresms.com\/wp-content\/uploads\/2022\/08\/Azure-AD-2-1.png"},{"@type":"BreadcrumbList","@id":"https:\/\/suresms.com\/dk\/integrationer\/booking-ldap-2fa\/integration-entra-id-via-csv\/#breadcrumb","itemListElement":[{"@type":"ListItem","position":1,"name":"Home","item":"https:\/\/suresms.com\/dk\/"},{"@type":"ListItem","position":2,"name":"Integrationer","item":"https:\/\/suresms.com\/dk\/integrationer\/"},{"@type":"ListItem","position":3,"name":"SMS integration til LDAP og brugerdatabaser","item":"https:\/\/suresms.com\/dk\/integrationer\/booking-ldap-2fa\/"},{"@type":"ListItem","position":4,"name":"SMS integration til Entra ID (via CSV fil)"}]},{"@type":"WebSite","@id":"https:\/\/suresms.com\/en\/#website","url":"https:\/\/suresms.com\/en\/","name":"SureSMS","description":"Gateway SMS profissional","publisher":{"@id":"https:\/\/suresms.com\/en\/#organization"},"potentialAction":[{"@type":"SearchAction","target":{"@type":"EntryPoint","urlTemplate":"https:\/\/suresms.com\/en\/?s={search_term_string}"},"query-input":{"@type":"PropertyValueSpecification","valueRequired":true,"valueName":"search_term_string"}}],"inLanguage":"pt-PT"},{"@type":"Organization","@id":"https:\/\/suresms.com\/en\/#organization","name":"SureSMS","url":"https:\/\/suresms.com\/en\/","logo":{"@type":"ImageObject","inLanguage":"pt-PT","@id":"https:\/\/suresms.com\/en\/#\/schema\/logo\/image\/","url":"https:\/\/suresms.com\/wp-content\/uploads\/2024\/11\/suresms-300x65-1.png","contentUrl":"https:\/\/suresms.com\/wp-content\/uploads\/2024\/11\/suresms-300x65-1.png","width":300,"height":65,"caption":"SureSMS"},"image":{"@id":"https:\/\/suresms.com\/en\/#\/schema\/logo\/image\/"},"sameAs":["https:\/\/www.facebook.com\/p\/SureSMS-100044607956149\/"]}]}},"_links":{"self":[{"href":"https:\/\/suresms.com\/pt\/wp-json\/wp\/v2\/pages\/23804","targetHints":{"allow":["GET"]}}],"collection":[{"href":"https:\/\/suresms.com\/pt\/wp-json\/wp\/v2\/pages"}],"about":[{"href":"https:\/\/suresms.com\/pt\/wp-json\/wp\/v2\/types\/page"}],"author":[{"embeddable":true,"href":"https:\/\/suresms.com\/pt\/wp-json\/wp\/v2\/users\/1"}],"replies":[{"embeddable":true,"href":"https:\/\/suresms.com\/pt\/wp-json\/wp\/v2\/comments?post=23804"}],"version-history":[{"count":7,"href":"https:\/\/suresms.com\/pt\/wp-json\/wp\/v2\/pages\/23804\/revisions"}],"predecessor-version":[{"id":23815,"href":"https:\/\/suresms.com\/pt\/wp-json\/wp\/v2\/pages\/23804\/revisions\/23815"}],"up":[{"embeddable":true,"href":"https:\/\/suresms.com\/pt\/wp-json\/wp\/v2\/pages\/19541"}],"wp:attachment":[{"href":"https:\/\/suresms.com\/pt\/wp-json\/wp\/v2\/media?parent=23804"}],"wp:term":[{"taxonomy":"category","embeddable":true,"href":"https:\/\/suresms.com\/pt\/wp-json\/wp\/v2\/categories?post=23804"},{"taxonomy":"post_tag","embeddable":true,"href":"https:\/\/suresms.com\/pt\/wp-json\/wp\/v2\/tags?post=23804"}],"curies":[{"name":"wp","href":"https:\/\/api.w.org\/{rel}","templated":true}]}}