{"id":23794,"date":"2026-01-08T18:05:23","date_gmt":"2026-01-08T17:05:23","guid":{"rendered":"https:\/\/suresms.com\/?page_id=23651"},"modified":"2026-01-09T05:52:22","modified_gmt":"2026-01-09T05:52:22","slug":"sms-marketing-para-comerciantes-de-vinho08-01-2026-180523","status":"publish","type":"page","link":"https:\/\/suresms.com\/pt\/lp\/branche\/sms-marketing-for-vinhandlere08-01-2026-180523\/","title":{"rendered":"Marketing por SMS para comerciantes de vinhos | Crie fidelidade e aumente as vendas"},"content":{"rendered":"<!-- Flexy Breadcrumb -->\r\n\t\t\t<div class=\"fbc fbc-page\">\r\n\r\n\t\t\t\t<!-- Breadcrumb wrapper -->\r\n\t\t\t\t<div class=\"fbc-wrap\">\r\n\r\n\t\t\t\t\t<!-- Ordered list-->\r\n\t\t\t\t\t<ol class=\"fbc-items\" itemscope itemtype=\"https:\/\/schema.org\/BreadcrumbList\">\r\n\t\t\t\t\t\t            <li itemprop=\"itemListElement\" itemscope itemtype=\"https:\/\/schema.org\/ListItem\">\r\n                <span itemprop=\"name\">\r\n                    <!-- Home Link -->\r\n                    <a itemprop=\"item\" href=\"https:\/\/suresms.com\/pt\/\">\r\n                    \r\n                                                    <i class=\"fa fa-home\" aria-hidden=\"true\"><\/i>In\u00edcio                    <\/a>\r\n                <\/span>\r\n                <meta itemprop=\"position\" content=\"1\" \/><!-- Meta Position-->\r\n             <\/li><li><span class=\"fbc-separator\">\/<\/span><\/li><li class=\"active\" itemprop=\"itemListElement\" itemscope itemtype=\"https:\/\/schema.org\/ListItem\"><span itemprop=\"name\" title=\"Marketing por SMS para comerciantes de vinhos | Crie fidelidade e aumente as vendas\">Marketing por SMS para comerciantes de vinhos...<\/span><meta itemprop=\"position\" content=\"2\" \/><\/li>\t\t\t\t\t<\/ol>\r\n\t\t\t\t\t<div class=\"clearfix\"><\/div>\r\n\t\t\t\t<\/div>\r\n\t\t\t<\/div>\r\n\t\t\t\n<h1>\n\t\t\tSMS Marketing eficaz para comerciantes de vinho: reforce o seu clube de clientes\t<\/h1>\n\t<p>Potencie o seu neg\u00f3cio de vinhos com um clube de clientes SMS eficaz. Ofere\u00e7a aos seus clientes ofertas exclusivas e actualiza\u00e7\u00f5es diretamente para os seus telem\u00f3veis e aumente as vendas atrav\u00e9s de SMS marketing direcionado.<\/p>\n\t\t<h2>Optimize o seu neg\u00f3cio de vinhos com clubes de fideliza\u00e7\u00e3o por SMS<\/h2><p>O marketing por SMS oferece aos comerciantes de vinhos uma forma eficaz de interagir com os clientes. Aqui est\u00e3o algumas das vantagens de implementar um clube de clientes por SMS:<\/p>\n<p><b>Comunica\u00e7\u00e3o r\u00e1pida:<\/b> As mensagens SMS chegam aos clientes instantaneamente, assegurando que n\u00e3o se perdem actualiza\u00e7\u00f5es e ofertas importantes.<\/p>\n<p><b>Alta taxa de abertura:<\/b> Os SMS t\u00eam uma taxa de abertura significativamente mais elevada do que os e-mails, aumentando as hip\u00f3teses de os clientes responderem \u00e0s suas mensagens.<\/p>\n<p><b>Contacto pessoal:<\/b> Atrav\u00e9s do SMS, pode enviar mensagens personalizadas que criam uma liga\u00e7\u00e3o mais pessoal com os seus clientes, o que pode aumentar a fidelidade.<\/p>\n<p><b>Aumento das vendas:<\/b> Os SMS podem ser utilizados para informar sobre ofertas exclusivas, eventos ou novos produtos, o que pode direcionar o tr\u00e1fego para a sua loja online e aumentar as vendas.<\/p>\n<p>Utilizando estas vantagens, os retalhistas de vinho podem refor\u00e7ar a sua base de clientes, melhorar a comunica\u00e7\u00e3o e aumentar as receitas atrav\u00e9s do marketing SMS direcionado.<\/p>\n\t\t\t\t<img decoding=\"async\" src=\"https:\/\/suresms.com\/wp-content\/uploads\/2026\/01\/FORDELE-3-8.png\" alt=\"\" itemprop=\"image\" onerror=\"this.style.display='none'\" loading=\"lazy\" \/>\n\t\t\t<a href=\"https:\/\/app.suresms.com\/account\/signup\" target=\"_blank\" rel=\"noopener\">\n\t\t\t\t\t\t\tCriar uma conta gratuita\n\t\t\t\t\t<\/a>\n\t\t\t\t<img decoding=\"async\" src=\"https:\/\/suresms.com\/wp-content\/uploads\/2026\/01\/HVORFORSURESMS-3-8.png\" alt=\"\" itemprop=\"image\" onerror=\"this.style.display='none'\" loading=\"lazy\" \/>\n<h2>\n\t\t\tOptimize o seu neg\u00f3cio de vinhos com as poderosas solu\u00e7\u00f5es SMS da SureSMS\t<\/h2>\n\t<p>A SureSMS oferece aos comerciantes de vinho uma solu\u00e7\u00e3o SMS personalizada que envolve eficazmente os clientes atrav\u00e9s de uma comunica\u00e7\u00e3o direcionada. A nossa plataforma permite a entrega r\u00e1pida de promo\u00e7\u00f5es, actualiza\u00e7\u00f5es e ofertas exclusivas diretamente para os telem\u00f3veis dos clientes. Aumente as vendas e aumente a fidelidade do cliente com o nosso sistema f\u00e1cil de usar.<\/p>\n\t\t\t\n<br \/>\n<br \/>\n\n<p>O nosso clube de clientes SMS aumentou significativamente a fidelidade dos nossos clientes - os clientes adoram as ofertas exclusivas.<\/p>\n\t\t\t<p><br \/><br \/>Com o marketing por SMS, chegamos diretamente aos nossos clientes, o que resultou em vendas mais r\u00e1pidas e melhor envolvimento.<\/p>\t\t\n\t\t\t<br \/>\n<br \/>\n\n<p>Regist\u00e1mos um aumento nas nossas encomendas online desde que implement\u00e1mos as campanhas SMS. Est\u00e1 a funcionar!<\/p>\n\t\t\t<br \/>\n<br \/>\n\n<p>O Clube de Clientes SMS permitiu-nos comunicar pessoalmente com os nossos clientes, o que mudou tudo.<\/p>\n\t\t\t<br \/>\n<br \/>\n\n<p>Os nossos clientes respondem rapidamente \u00e0s mensagens SMS, o que melhorou significativamente as nossas campanhas.<\/p>\n\t\t\t<br \/>\n<br \/>\n\n<p>A utiliza\u00e7\u00e3o do marketing por SMS deu-nos uma nova dimens\u00e3o na nossa comunica\u00e7\u00e3o - vemos resultados todas as semanas.<\/p>\n\t\t\t\t\t\t\t\t\t\t<h4 tabindex=\"0\">O que \u00e9 o clube de clientes SMS para comerciantes de vinhos?<\/h4>\n\t\t\t\t\t<p>O clube de clientes SMS \u00e9 uma forma eficaz de os comerciantes de vinho envolverem os seus clientes diretamente atrav\u00e9s dos telem\u00f3veis. Permite enviar mensagens espec\u00edficas, ofertas e informa\u00e7\u00f5es sobre novos produtos ou eventos diretamente aos clientes. Ao criar um clube de clientes por SMS, os comerciantes de vinhos podem construir uma base de clientes fi\u00e9is, uma vez que cria uma liga\u00e7\u00e3o pessoal com os clientes. Normalmente, os clientes aderem ao clube para receber ofertas exclusivas, descontos e actualiza\u00e7\u00f5es, o que pode aumentar as vendas e melhorar a satisfa\u00e7\u00e3o do cliente. Um clube de clientes SMS tamb\u00e9m pode ajudar a segmentar os clientes, permitindo que as lojas de bebidas enviem mensagens personalizadas com base nas prefer\u00eancias dos clientes e no hist\u00f3rico de compras. Isto torna a comunica\u00e7\u00e3o mais relevante e eficaz. \u00c9 importante cumprir os regulamentos de prote\u00e7\u00e3o de dados aplic\u00e1veis e garantir que os clientes deram o seu consentimento para receber mensagens SMS. Ao implementar um clube de clientes por SMS, os comerciantes de vinho podem n\u00e3o s\u00f3 aumentar a sua visibilidade, mas tamb\u00e9m refor\u00e7ar as rela\u00e7\u00f5es com os seus clientes, o que pode levar a uma maior lealdade e a compras repetidas.<\/p>\n\t\t\t\t\t\t\t\t\t\t<h4 tabindex=\"0\">Como posso registar clientes no SMS Customer Club?<\/h4>\n\t\t\t\t\t<p>O clube de clientes SMS \u00e9 uma solu\u00e7\u00e3o eficaz para os comerciantes de vinho com lojas online que pretendem refor\u00e7ar a comunica\u00e7\u00e3o com os clientes e aumentar as vendas. Ao integrar o marketing por SMS na sua estrat\u00e9gia, pode chegar aos seus clientes diretamente nos seus telem\u00f3veis, assegurando que as suas mensagens s\u00e3o vistas e utilizadas.<\/p>\n<p>Com um clube de clientes SMS, pode enviar mensagens direcionadas sobre lan\u00e7amentos de novos vinhos, ofertas exclusivas e eventos futuros. Isto cria uma liga\u00e7\u00e3o personalizada com os seus clientes e incentiva-os a envolverem-se com a sua marca. Al\u00e9m disso, pode utilizar o SMS para informar sobre actualiza\u00e7\u00f5es importantes, como altera\u00e7\u00f5es no hor\u00e1rio de funcionamento ou nas op\u00e7\u00f5es de entrega.<\/p>\n<p>A efic\u00e1cia do marketing por SMS reside na elevada taxa de abertura e na rapidez de resposta. Os clientes podem inscrever-se rapidamente no seu clube de clientes por SMS e receber informa\u00e7\u00f5es relevantes, aumentando as hip\u00f3teses de repetirem as compras. Ao oferecer incentivos, como descontos ou programas de fideliza\u00e7\u00e3o, pode motivar ainda mais os clientes a inscreverem-se.<\/p>\n<p>A implementa\u00e7\u00e3o de um clube de clientes SMS n\u00e3o requer muitos recursos, mas pode ter um impacto significativo no seu neg\u00f3cio. \u00c9 uma forma moderna e conveniente de se manter em contacto com os seus clientes e garantir que est\u00e3o sempre actualizados sobre os seus produtos e ofertas. Fa\u00e7a do marketing por SMS uma parte central da sua estrat\u00e9gia de comunica\u00e7\u00e3o e experimente os benef\u00edcios de uma base de clientes empenhada.<\/p>\n\t\t\t\t\t\t\t\t\t\t<h4 tabindex=\"0\">Que tipos de mensagens posso enviar por SMS?<\/h4>\n\t\t\t\t\t<p>Enquanto comerciante de vinhos, pode enviar uma variedade de mensagens aos seus clientes atrav\u00e9s de SMS, o que pode ajudar a aumentar o envolvimento e as vendas. Em primeiro lugar, pode enviar ofertas e descontos exclusivos que s\u00f3 est\u00e3o dispon\u00edveis para os membros do seu clube de clientes por SMS. Isto pode motivar os clientes a agir mais rapidamente e criar um sentimento de exclusividade. Al\u00e9m disso, pode informar sobre novos produtos que tem em stock ou eventos especiais sobre vinhos que est\u00e1 a organizar. Tamb\u00e9m pode ser \u00fatil enviar lembretes sobre eventos ou provas futuras para que os clientes n\u00e3o percam a oportunidade de participar. Outro tipo importante de mensagem \u00e9 o acompanhamento p\u00f3s-compra, em que pode agradecer aos clientes pela sua compra e incentiv\u00e1-los a deixar coment\u00e1rios. Isto pode refor\u00e7ar a sua rela\u00e7\u00e3o com os clientes e mostrar que valoriza a sua opini\u00e3o. Por \u00faltimo, pode tamb\u00e9m enviar actualiza\u00e7\u00f5es gerais sobre a sua empresa, como altera\u00e7\u00f5es do hor\u00e1rio de funcionamento ou novas iniciativas. \u00c9 importante certificar-se de que as mensagens s\u00e3o relevantes e valiosas para os clientes, de modo a mant\u00ea-los envolvidos e interessados em receber as suas mensagens SMS.<\/p>\n\t\t\t\t\t\t\t\t\t\t<h4 tabindex=\"0\">Como \u00e9 que posso medir o impacto do marketing por SMS?<\/h4>\n\t\t\t\t\t<p>Medir o impacto do marketing por SMS \u00e9 crucial para compreender como este afecta o seu neg\u00f3cio e para otimizar as suas futuras campanhas. Uma das formas mais diretas de medir o impacto \u00e9 analisar as taxas de abertura das mensagens SMS que envia. Uma vez que as mensagens SMS t\u00eam geralmente uma taxa de abertura mais elevada do que os e-mails, pode esperar que uma grande parte dos seus clientes leia as suas mensagens. Tamb\u00e9m pode verificar quantos clientes respondem \u00e0s suas ofertas, analisando as vendas geradas no per\u00edodo que se segue a uma campanha de SMS. Para o efeito, pode comparar as vendas antes e depois da campanha. Al\u00e9m disso, pode recolher o feedback dos clientes para avaliar o seu grau de satisfa\u00e7\u00e3o com as ofertas e informa\u00e7\u00f5es que recebem. Tamb\u00e9m pode ser \u00fatil analisar quais os tipos de mensagens que geram mais envolvimento, para que possa adaptar a sua comunica\u00e7\u00e3o no futuro. Por \u00faltimo, considere a possibilidade de utilizar c\u00f3digos ou hiperliga\u00e7\u00f5es \u00fanicos nas suas mensagens SMS que os clientes possam utilizar quando efectuam compras, facilitando o acompanhamento das campanhas mais eficazes. Ao combinar estes m\u00e9todos, pode obter uma imagem clara da forma como o seu marketing por SMS est\u00e1 a afetar o seu neg\u00f3cio.<\/p>\n\t\t\t\t\t\t\t\t\t\t<h4 tabindex=\"0\">Existem regras para o marketing por SMS?<\/h4>\n\t\t\t\t\t<p>Sim, existem v\u00e1rias regras e diretrizes que os comerciantes de vinho devem seguir<\/p>\n\t\t\t\t\t\t\t\t\t\t<h4 tabindex=\"0\">Como o marketing por SMS pode ajudar os comerciantes de vinho?<\/h4>\n\t\t\t\t\t<p>Numa \u00e9poca em que a comunica\u00e7\u00e3o digital \u00e9 fundamental, o marketing por SMS pode ser um fator de mudan\u00e7a para os comerciantes de vinhos com lojas online. Ao implementar um clube de clientes por SMS, pode criar uma liga\u00e7\u00e3o direta e personalizada com os seus clientes, aumentando o envolvimento e a fidelidade. As mensagens SMS t\u00eam uma elevada taxa de abertura, o que significa que as suas ofertas e not\u00edcias chegar\u00e3o aos destinat\u00e1rios de forma r\u00e1pida e eficiente.<\/p>\n<p>Um clube de clientes SMS permite-lhe enviar mensagens direcionadas aos seus clientes, o que pode ser particularmente valioso para promo\u00e7\u00f5es sazonais, lan\u00e7amentos de novos produtos ou ofertas exclusivas. Ao segmentar a sua base de clientes, pode adaptar o conte\u00fado a diferentes grupos de clientes, aumentando a relev\u00e2ncia das suas mensagens. Por exemplo, pode enviar ofertas especiais de vinhos tintos a clientes que tenham comprado vinhos tintos anteriormente ou convidar para provas de novos vinhos brancos a quem tenha mostrado interesse neste segmento.<\/p>\n<p>Al\u00e9m disso, o marketing por SMS pode ser uma forma eficaz de criar um sentimento de exclusividade em torno do seu clube de clientes. Ao oferecer aos membros acesso antecipado a novos produtos ou descontos especiais, pode motivar mais clientes a inscreverem-se. Isto n\u00e3o s\u00f3 cria uma base de clientes fi\u00e9is, como tamb\u00e9m pode levar a um aumento das vendas e a uma identidade de marca mais forte.<\/p>\n<p>A implementa\u00e7\u00e3o de um clube de clientes por SMS requer uma abordagem estrat\u00e9gica, mas os benef\u00edcios s\u00e3o claros. Ao utilizar o marketing por SMS, os comerciantes de vinho podem n\u00e3o s\u00f3 melhorar a comunica\u00e7\u00e3o com os seus clientes, mas tamb\u00e9m aumentar as vendas e refor\u00e7ar a sua posi\u00e7\u00e3o no mercado. \u00c9 um investimento no futuro, onde a comunica\u00e7\u00e3o direta e personalizada se tornar\u00e1 cada vez mais importante.<\/p>","protected":false},"excerpt":{"rendered":"<p>SMS Marketing eficaz para comerciantes de vinhos: d\u00ea poder ao seu clube de clientes D\u00ea poder ao seu neg\u00f3cio de vinhos com um clube de clientes SMS eficaz. Ofere\u00e7a aos seus clientes ofertas exclusivas e actualiza\u00e7\u00f5es diretamente para os seus telem\u00f3veis e aumente as vendas atrav\u00e9s do marketing por SMS direcionado. Optimize o seu neg\u00f3cio de vinhos com clubes de clientes SMS O marketing por SMS oferece aos comerciantes de vinhos uma forma eficaz de envolver os clientes. Eis algumas das ... <a title=\"Marketing por SMS para comerciantes de vinhos | Crie fidelidade e aumente as vendas\" class=\"read-more\" href=\"https:\/\/suresms.com\/pt\/lp\/branche\/sms-marketing-for-vinhandlere08-01-2026-180523\/\" aria-label=\"Leia mais sobre SMS marketing para comerciantes de vinho | Fideliza\u00e7\u00e3o e upselling\">Rir mas<\/a><\/p>","protected":false},"author":1,"featured_media":0,"parent":23772,"menu_order":0,"comment_status":"closed","ping_status":"closed","template":"","meta":{"_fl_builder_enabled":"1","_fl_builder_data":null,"_fl_builder_draft":null,"_fl_builder_data_settings":null,"_fl_builder_css":"","_fl_builder_css_version":"","_fl_builder_js":"","footnotes":""},"categories":[],"tags":[],"class_list":["post-23794","page","type-page","status-publish"],"yoast_head":"<!-- This site is optimized with the Yoast SEO Premium plugin v27.3 (Yoast SEO v27.3) - https:\/\/yoast.com\/product\/yoast-seo-premium-wordpress\/ -->\r\n<title>SMS marketing til vinhandlere | Skab loyalitet og mersalg -<\/title>\r\n<meta name=\"description\" content=\"Se hvordan vinhandlere bruger SMS til events, nye \u00e5rgange og VIP-kunder. F\u00e5 konkrete eksempler p\u00e5 SMS marketing i vinbranchen.\" \/>\r\n<meta name=\"robots\" content=\"index, follow, max-snippet:-1, max-image-preview:large, max-video-preview:-1\" \/>\r\n<link rel=\"canonical\" href=\"https:\/\/suresms.com\/pt\/lp\/industria\/sms-marketing-para-comerciantes-de-vinho08-01-2026-180523\/\" \/>\r\n<meta property=\"og:locale\" content=\"pt_PT\" \/>\r\n<meta property=\"og:type\" content=\"article\" \/>\r\n<meta property=\"og:title\" content=\"SMS marketing til vinhandlere | Skab loyalitet og mersalg\" \/>\r\n<meta property=\"og:description\" content=\"Se hvordan vinhandlere bruger SMS til events, nye \u00e5rgange og VIP-kunder. F\u00e5 konkrete eksempler p\u00e5 SMS marketing i vinbranchen.\" \/>\r\n<meta property=\"og:url\" content=\"https:\/\/suresms.com\/pt\/lp\/industria\/sms-marketing-para-comerciantes-de-vinho08-01-2026-180523\/\" \/>\r\n<meta property=\"article:publisher\" content=\"https:\/\/www.facebook.com\/p\/SureSMS-100044607956149\/\" \/>\r\n<meta property=\"article:modified_time\" content=\"2026-01-09T05:52:22+00:00\" \/>\r\n<meta property=\"og:image\" content=\"https:\/\/suresms.com\/wp-content\/uploads\/2026\/01\/FORDELE-3-8.png\" \/>\r\n<meta name=\"twitter:card\" content=\"summary_large_image\" \/>\r\n<meta name=\"twitter:label1\" content=\"Tempo estimado de leitura\" \/>\n\t<meta name=\"twitter:data1\" content=\"2 minutos\" \/>\r\n<script type=\"application\/ld+json\" class=\"yoast-schema-graph\">{\"@context\":\"https:\\\/\\\/schema.org\",\"@graph\":[{\"@type\":\"WebPage\",\"@id\":\"https:\\\/\\\/suresms.com\\\/dk\\\/lp\\\/branche\\\/sms-marketing-for-vinhandlere08-01-2026-180523\\\/\",\"url\":\"https:\\\/\\\/suresms.com\\\/dk\\\/lp\\\/branche\\\/sms-marketing-for-vinhandlere08-01-2026-180523\\\/\",\"name\":\"SMS marketing til vinhandlere | Skab loyalitet og mersalg -\",\"isPartOf\":{\"@id\":\"https:\\\/\\\/suresms.com\\\/en\\\/#website\"},\"primaryImageOfPage\":{\"@id\":\"https:\\\/\\\/suresms.com\\\/dk\\\/lp\\\/branche\\\/sms-marketing-for-vinhandlere08-01-2026-180523\\\/#primaryimage\"},\"image\":{\"@id\":\"https:\\\/\\\/suresms.com\\\/dk\\\/lp\\\/branche\\\/sms-marketing-for-vinhandlere08-01-2026-180523\\\/#primaryimage\"},\"thumbnailUrl\":\"https:\\\/\\\/suresms.com\\\/wp-content\\\/uploads\\\/2026\\\/01\\\/FORDELE-3-8.png\",\"datePublished\":\"2026-01-08T17:05:23+00:00\",\"dateModified\":\"2026-01-09T05:52:22+00:00\",\"description\":\"Se hvordan vinhandlere bruger SMS til events, nye \u00e5rgange og VIP-kunder. F\u00e5 konkrete eksempler p\u00e5 SMS marketing i vinbranchen.\",\"breadcrumb\":{\"@id\":\"https:\\\/\\\/suresms.com\\\/dk\\\/lp\\\/branche\\\/sms-marketing-for-vinhandlere08-01-2026-180523\\\/#breadcrumb\"},\"inLanguage\":\"pt-PT\",\"potentialAction\":[{\"@type\":\"ReadAction\",\"target\":[\"https:\\\/\\\/suresms.com\\\/dk\\\/lp\\\/branche\\\/sms-marketing-for-vinhandlere08-01-2026-180523\\\/\"]}]},{\"@type\":\"ImageObject\",\"inLanguage\":\"pt-PT\",\"@id\":\"https:\\\/\\\/suresms.com\\\/dk\\\/lp\\\/branche\\\/sms-marketing-for-vinhandlere08-01-2026-180523\\\/#primaryimage\",\"url\":\"https:\\\/\\\/suresms.com\\\/wp-content\\\/uploads\\\/2026\\\/01\\\/FORDELE-3-8.png\",\"contentUrl\":\"https:\\\/\\\/suresms.com\\\/wp-content\\\/uploads\\\/2026\\\/01\\\/FORDELE-3-8.png\"},{\"@type\":\"BreadcrumbList\",\"@id\":\"https:\\\/\\\/suresms.com\\\/dk\\\/lp\\\/branche\\\/sms-marketing-for-vinhandlere08-01-2026-180523\\\/#breadcrumb\",\"itemListElement\":[{\"@type\":\"ListItem\",\"position\":1,\"name\":\"Home\",\"item\":\"https:\\\/\\\/suresms.com\\\/dk\\\/\"},{\"@type\":\"ListItem\",\"position\":2,\"name\":\"LP\",\"item\":\"https:\\\/\\\/suresms.com\\\/lp\\\/\"},{\"@type\":\"ListItem\",\"position\":3,\"name\":\"LP-Branche\",\"item\":\"https:\\\/\\\/suresms.com\\\/lp\\\/branche\\\/\"},{\"@type\":\"ListItem\",\"position\":4,\"name\":\"SMS marketing til vinhandlere | Skab loyalitet og mersalg\"}]},{\"@type\":\"WebSite\",\"@id\":\"https:\\\/\\\/suresms.com\\\/en\\\/#website\",\"url\":\"https:\\\/\\\/suresms.com\\\/en\\\/\",\"name\":\"SureSMS\",\"description\":\"Professionel SMS Gateway\",\"publisher\":{\"@id\":\"https:\\\/\\\/suresms.com\\\/en\\\/#organization\"},\"potentialAction\":[{\"@type\":\"SearchAction\",\"target\":{\"@type\":\"EntryPoint\",\"urlTemplate\":\"https:\\\/\\\/suresms.com\\\/en\\\/?s={search_term_string}\"},\"query-input\":{\"@type\":\"PropertyValueSpecification\",\"valueRequired\":true,\"valueName\":\"search_term_string\"}}],\"inLanguage\":\"pt-PT\"},{\"@type\":\"Organization\",\"@id\":\"https:\\\/\\\/suresms.com\\\/en\\\/#organization\",\"name\":\"SureSMS\",\"url\":\"https:\\\/\\\/suresms.com\\\/en\\\/\",\"logo\":{\"@type\":\"ImageObject\",\"inLanguage\":\"pt-PT\",\"@id\":\"https:\\\/\\\/suresms.com\\\/en\\\/#\\\/schema\\\/logo\\\/image\\\/\",\"url\":\"https:\\\/\\\/suresms.com\\\/wp-content\\\/uploads\\\/2024\\\/11\\\/suresms-300x65-1.png\",\"contentUrl\":\"https:\\\/\\\/suresms.com\\\/wp-content\\\/uploads\\\/2024\\\/11\\\/suresms-300x65-1.png\",\"width\":300,\"height\":65,\"caption\":\"SureSMS\"},\"image\":{\"@id\":\"https:\\\/\\\/suresms.com\\\/en\\\/#\\\/schema\\\/logo\\\/image\\\/\"},\"sameAs\":[\"https:\\\/\\\/www.facebook.com\\\/p\\\/SureSMS-100044607956149\\\/\"]}]}<\/script>\r\n<!-- \/ Yoast SEO Premium plugin. -->","yoast_head_json":{"title":"Marketing por SMS para comerciantes de vinhos | Crie fidelidade e aumente as vendas -","description":"Veja como os comerciantes de vinho utilizam SMS para eventos, novas safras e clientes VIP. Veja exemplos espec\u00edficos de marketing por SMS na ind\u00fastria do vinho.","robots":{"index":"index","follow":"follow","max-snippet":"max-snippet:-1","max-image-preview":"max-image-preview:large","max-video-preview":"max-video-preview:-1"},"canonical":"https:\/\/suresms.com\/pt\/lp\/industria\/sms-marketing-para-comerciantes-de-vinho08-01-2026-180523\/","og_locale":"pt_PT","og_type":"article","og_title":"SMS marketing til vinhandlere | Skab loyalitet og mersalg","og_description":"Se hvordan vinhandlere bruger SMS til events, nye \u00e5rgange og VIP-kunder. F\u00e5 konkrete eksempler p\u00e5 SMS marketing i vinbranchen.","og_url":"https:\/\/suresms.com\/pt\/lp\/industria\/sms-marketing-para-comerciantes-de-vinho08-01-2026-180523\/","article_publisher":"https:\/\/www.facebook.com\/p\/SureSMS-100044607956149\/","article_modified_time":"2026-01-09T05:52:22+00:00","og_image":[{"url":"https:\/\/suresms.com\/wp-content\/uploads\/2026\/01\/FORDELE-3-8.png","type":"","width":"","height":""}],"twitter_card":"summary_large_image","twitter_misc":{"Tempo estimado de leitura":"2 minutos"},"schema":{"@context":"https:\/\/schema.org","@graph":[{"@type":"WebPage","@id":"https:\/\/suresms.com\/dk\/lp\/branche\/sms-marketing-for-vinhandlere08-01-2026-180523\/","url":"https:\/\/suresms.com\/dk\/lp\/branche\/sms-marketing-for-vinhandlere08-01-2026-180523\/","name":"Marketing por SMS para comerciantes de vinhos | Crie fidelidade e aumente as vendas -","isPartOf":{"@id":"https:\/\/suresms.com\/en\/#website"},"primaryImageOfPage":{"@id":"https:\/\/suresms.com\/dk\/lp\/branche\/sms-marketing-for-vinhandlere08-01-2026-180523\/#primaryimage"},"image":{"@id":"https:\/\/suresms.com\/dk\/lp\/branche\/sms-marketing-for-vinhandlere08-01-2026-180523\/#primaryimage"},"thumbnailUrl":"https:\/\/suresms.com\/wp-content\/uploads\/2026\/01\/FORDELE-3-8.png","datePublished":"2026-01-08T17:05:23+00:00","dateModified":"2026-01-09T05:52:22+00:00","description":"Veja como os comerciantes de vinho utilizam SMS para eventos, novas safras e clientes VIP. Veja exemplos espec\u00edficos de marketing por SMS na ind\u00fastria do vinho.","breadcrumb":{"@id":"https:\/\/suresms.com\/dk\/lp\/branche\/sms-marketing-for-vinhandlere08-01-2026-180523\/#breadcrumb"},"inLanguage":"pt-PT","potentialAction":[{"@type":"ReadAction","target":["https:\/\/suresms.com\/dk\/lp\/branche\/sms-marketing-for-vinhandlere08-01-2026-180523\/"]}]},{"@type":"ImageObject","inLanguage":"pt-PT","@id":"https:\/\/suresms.com\/dk\/lp\/branche\/sms-marketing-for-vinhandlere08-01-2026-180523\/#primaryimage","url":"https:\/\/suresms.com\/wp-content\/uploads\/2026\/01\/FORDELE-3-8.png","contentUrl":"https:\/\/suresms.com\/wp-content\/uploads\/2026\/01\/FORDELE-3-8.png"},{"@type":"BreadcrumbList","@id":"https:\/\/suresms.com\/dk\/lp\/branche\/sms-marketing-for-vinhandlere08-01-2026-180523\/#breadcrumb","itemListElement":[{"@type":"ListItem","position":1,"name":"Home","item":"https:\/\/suresms.com\/dk\/"},{"@type":"ListItem","position":2,"name":"LP","item":"https:\/\/suresms.com\/lp\/"},{"@type":"ListItem","position":3,"name":"LP-Branche","item":"https:\/\/suresms.com\/lp\/branche\/"},{"@type":"ListItem","position":4,"name":"SMS marketing til vinhandlere | Skab loyalitet og mersalg"}]},{"@type":"WebSite","@id":"https:\/\/suresms.com\/en\/#website","url":"https:\/\/suresms.com\/en\/","name":"SureSMS","description":"Gateway SMS profissional","publisher":{"@id":"https:\/\/suresms.com\/en\/#organization"},"potentialAction":[{"@type":"SearchAction","target":{"@type":"EntryPoint","urlTemplate":"https:\/\/suresms.com\/en\/?s={search_term_string}"},"query-input":{"@type":"PropertyValueSpecification","valueRequired":true,"valueName":"search_term_string"}}],"inLanguage":"pt-PT"},{"@type":"Organization","@id":"https:\/\/suresms.com\/en\/#organization","name":"SureSMS","url":"https:\/\/suresms.com\/en\/","logo":{"@type":"ImageObject","inLanguage":"pt-PT","@id":"https:\/\/suresms.com\/en\/#\/schema\/logo\/image\/","url":"https:\/\/suresms.com\/wp-content\/uploads\/2024\/11\/suresms-300x65-1.png","contentUrl":"https:\/\/suresms.com\/wp-content\/uploads\/2024\/11\/suresms-300x65-1.png","width":300,"height":65,"caption":"SureSMS"},"image":{"@id":"https:\/\/suresms.com\/en\/#\/schema\/logo\/image\/"},"sameAs":["https:\/\/www.facebook.com\/p\/SureSMS-100044607956149\/"]}]}},"_links":{"self":[{"href":"https:\/\/suresms.com\/pt\/wp-json\/wp\/v2\/pages\/23794","targetHints":{"allow":["GET"]}}],"collection":[{"href":"https:\/\/suresms.com\/pt\/wp-json\/wp\/v2\/pages"}],"about":[{"href":"https:\/\/suresms.com\/pt\/wp-json\/wp\/v2\/types\/page"}],"author":[{"embeddable":true,"href":"https:\/\/suresms.com\/pt\/wp-json\/wp\/v2\/users\/1"}],"replies":[{"embeddable":true,"href":"https:\/\/suresms.com\/pt\/wp-json\/wp\/v2\/comments?post=23794"}],"version-history":[{"count":2,"href":"https:\/\/suresms.com\/pt\/wp-json\/wp\/v2\/pages\/23794\/revisions"}],"predecessor-version":[{"id":23799,"href":"https:\/\/suresms.com\/pt\/wp-json\/wp\/v2\/pages\/23794\/revisions\/23799"}],"up":[{"embeddable":true,"href":"https:\/\/suresms.com\/pt\/wp-json\/wp\/v2\/pages\/23772"}],"wp:attachment":[{"href":"https:\/\/suresms.com\/pt\/wp-json\/wp\/v2\/media?parent=23794"}],"wp:term":[{"taxonomy":"category","embeddable":true,"href":"https:\/\/suresms.com\/pt\/wp-json\/wp\/v2\/categories?post=23794"},{"taxonomy":"post_tag","embeddable":true,"href":"https:\/\/suresms.com\/pt\/wp-json\/wp\/v2\/tags?post=23794"}],"curies":[{"name":"wp","href":"https:\/\/api.w.org\/{rel}","templated":true}]}}