{"id":23765,"date":"2026-01-06T14:52:34","date_gmt":"2026-01-06T13:52:34","guid":{"rendered":"https:\/\/suresms.com\/?page_id=23651"},"modified":"2026-01-06T13:56:57","modified_gmt":"2026-01-06T13:56:57","slug":"marketing-por-sms-para-comerciantes-de-vinhos-06-01-2026-145233","status":"publish","type":"page","link":"https:\/\/suresms.com\/pt\/sms-marketing-for-vinhandlere06-01-2026-145233\/","title":{"rendered":"Marketing por SMS para comerciantes de vinhos | Crie fidelidade e aumente as vendas"},"content":{"rendered":"<!-- Flexy Breadcrumb -->\r\n\t\t\t<div class=\"fbc fbc-page\">\r\n\r\n\t\t\t\t<!-- Breadcrumb wrapper -->\r\n\t\t\t\t<div class=\"fbc-wrap\">\r\n\r\n\t\t\t\t\t<!-- Ordered list-->\r\n\t\t\t\t\t<ol class=\"fbc-items\" itemscope itemtype=\"https:\/\/schema.org\/BreadcrumbList\">\r\n\t\t\t\t\t\t            <li itemprop=\"itemListElement\" itemscope itemtype=\"https:\/\/schema.org\/ListItem\">\r\n                <span itemprop=\"name\">\r\n                    <!-- Home Link -->\r\n                    <a itemprop=\"item\" href=\"https:\/\/suresms.com\/pt\/\">\r\n                    \r\n                                                    <i class=\"fa fa-home\" aria-hidden=\"true\"><\/i>In\u00edcio                    <\/a>\r\n                <\/span>\r\n                <meta itemprop=\"position\" content=\"1\" \/><!-- Meta Position-->\r\n             <\/li><li><span class=\"fbc-separator\">\/<\/span><\/li><li class=\"active\" itemprop=\"itemListElement\" itemscope itemtype=\"https:\/\/schema.org\/ListItem\"><span itemprop=\"name\" title=\"Marketing por SMS para comerciantes de vinhos | Crie fidelidade e aumente as vendas\">Marketing por SMS para comerciantes de vinhos...<\/span><meta itemprop=\"position\" content=\"2\" \/><\/li>\t\t\t\t\t<\/ol>\r\n\t\t\t\t\t<div class=\"clearfix\"><\/div>\r\n\t\t\t\t<\/div>\r\n\t\t\t<\/div>\r\n\t\t\t\n<h1>\n\t\t\t{{ARTICLE-HEADER (escreva um t\u00edtulo para o artigo \u2013 m\u00e1ximo de 60 caracteres) }}\t<\/h1>\n\t<p>{{SUBHEADLINE (escreva um subt\u00edtulo com aproximadamente 200 caracteres)}}<\/p>\n\t\t<h2>{{ADVANTAGES-HEADLINE (escreva um t\u00edtulo apelativo \u2013 m\u00e1ximo de 60 caracteres)}}<\/h2><p>{{VANTAGENS-CORPO (escreva aqui quais s&atilde;o as vantagens que a ind&uacute;stria tem com o SMS. Encontre casos de uso relevantes. O que eles ganham com isso? Fa&ccedil;a uma lista de vantagens e explique-as em uma se&ccedil;&atilde;o abaixo. N&atilde;o escreva mais do que 150 palavras em 3-4 par&aacute;grafos; as palavras introdut&oacute;rias nas listas devem ser marcadas &lt;b&gt;&lt;\/b&gt;)}}<\/p>\n\t\t\t\t<img decoding=\"async\" src=\"https:\/\/suresms.com\/wp-content\/plugins\/bb-plugin\/img\/pixel.png\" alt=\"\" itemprop=\"image\" onerror=\"this.style.display='none'\" loading=\"lazy\" \/>\n\t\t\t<a href=\"https:\/\/app.suresms.com\/account\/signup\" target=\"_blank\" rel=\"noopener\">\n\t\t\t\t\t\t\tCriar uma conta gratuita\n\t\t\t\t\t<\/a>\n\t\t\t\t<img decoding=\"async\" src=\"https:\/\/suresms.com\/wp-content\/plugins\/bb-plugin\/img\/pixel.png\" alt=\"\" itemprop=\"image\" onerror=\"this.style.display='none'\" loading=\"lazy\" \/>\n<h2>\n\t\t\t{{POR QUE ESCOLHER O SMS DA SURE (escreva um t\u00edtulo com no m\u00e1ximo 60 caracteres descrevendo por que eles devem escolher o SMS da Sure)}}\t<\/h2>\n\t<p>{{POR QUE ESCOLHER O SMS-BODY DA SURE (crie uma descri\u00e7\u00e3o de aproximadamente 300 caracteres explicando por que esse setor deve escolher a Sure SMS como sua solu\u00e7\u00e3o de SMS)}}<\/p>\n\t\t\t\n<br \/>\n<br \/>\n\n<p>{{SOCIAL-PROOF-01 (escreva uma avalia\u00e7\u00e3o com aproximadamente 120 caracteres)}}<\/p>\n\t\t\t\n<br \/>\n<br \/>\n\n<p>{{SOCIAL-PROOF-02 (escreva uma avalia\u00e7\u00e3o com aproximadamente 120 caracteres)}}<\/p>\n\t\t\t\t\t\t\t\t\t\t<h4 tabindex=\"0\">{{FAQ-01 (qual \u00e9 a pergunta mais comum, m\u00e1ximo de 60 caracteres)}}<\/h4>\n\t\t\t\t\t<p>{{FAQ-01-RESPOSTA (escreva a resposta \u00e0 pergunta. Escreva aproximadamente 300 palavras)}}<\/p>\n\t\t\t\t\t\t\t\t\t\t<h4 tabindex=\"0\">{{FAQ-02 (qual \u00e9 a pergunta mais comum, m\u00e1ximo de 60 caracteres)}}<\/h4>\n\t\t\t\t\t<p>{{FAQ-02-RESPOSTA (escreva a resposta)}}<\/p>\n\t\t\t\t\t\t\t\t\t\t<h4 tabindex=\"0\">{{FAQ-03 (qual \u00e9 a pergunta mais comum, m\u00e1ximo de 60 caracteres)}}<\/h4>\n\t\t\t\t\t<p>{{FAQ-03-RESPOSTA (escreva a resposta \u00e0 pergunta. Escreva aproximadamente 300 palavras)}}<\/p>\n\t\t\t\t\t\t\t\t\t\t<h4 tabindex=\"0\">{{FAQ-04 (qual \u00e9 a pergunta mais comum, m\u00e1ximo de 60 caracteres)}}<\/h4>\n\t\t\t\t\t<p>{{FAQ-04-RESPOSTA (escreva a resposta \u00e0 pergunta. Escreva aproximadamente 300 palavras)}}<\/p>\n\t\t\t\t\t\t\t\t\t\t<h4 tabindex=\"0\">{{FAQ-05 (qual \u00e9 a pergunta mais comum, m\u00e1ximo de 60 caracteres)}}<\/h4>\n\t\t\t\t\t<p>{{FAQ-05-RESPOSTA (escreva a resposta \u00e0 pergunta. Escreva aproximadamente 300 palavras)}}<\/p>\n\t\t\t\t\t\t\t\t\t\t<h4 tabindex=\"0\">{{FAQ-06 (qual \u00e9 a pergunta mais comum, m\u00e1ximo de 60 caracteres)}}<\/h4>\n\t\t\t\t\t<p>{{FAQ-06-RESPOSTA (escreva a resposta \u00e0 pergunta. Escreva aproximadamente 300 palavras)}}<\/p>","protected":false},"excerpt":{"rendered":"<p>{{T\u00cdTULO DO ARTIGO (escreva um t\u00edtulo para o artigo \u2013 m\u00e1ximo de 60 caracteres) }} {{SUBT\u00cdTULO (escreva um subt\u00edtulo com aproximadamente 200 caracteres)}} {{T\u00cdTULO DAS VANTAGENS (escreva um t\u00edtulo apelativo \u2013 m\u00e1ximo de 60 caracteres)}} {{CORPO DAS VANTAGENS (escreva aqui quais s\u00e3o as vantagens do SMS para o setor. Encontre casos de uso relevantes. O que eles ganham com isso? Fa\u00e7a uma lista de vantagens e explique-as em ... <a title=\"Marketing por SMS para comerciantes de vinhos | Crie fidelidade e aumente as vendas\" class=\"read-more\" href=\"https:\/\/suresms.com\/pt\/sms-marketing-for-vinhandlere06-01-2026-145233\/\" aria-label=\"Leia mais sobre SMS marketing para comerciantes de vinho | Fideliza\u00e7\u00e3o e upselling\">Rir mas<\/a><\/p>","protected":false},"author":1,"featured_media":0,"parent":0,"menu_order":0,"comment_status":"closed","ping_status":"closed","template":"","meta":{"_fl_builder_enabled":"1","_fl_builder_data":null,"_fl_builder_draft":null,"_fl_builder_data_settings":null,"_fl_builder_css":"","_fl_builder_css_version":"","_fl_builder_js":"","footnotes":""},"categories":[],"tags":[],"class_list":["post-23765","page","type-page","status-publish"],"yoast_head":"<!-- This site is optimized with the Yoast SEO Premium plugin v27.3 (Yoast SEO v27.3) - https:\/\/yoast.com\/product\/yoast-seo-premium-wordpress\/ -->\r\n<title>SMS marketing til vinhandlere | Skab loyalitet og mersalg -<\/title>\r\n<meta name=\"description\" content=\"Se hvordan vinhandlere bruger SMS til events, nye \u00e5rgange og VIP-kunder. F\u00e5 konkrete eksempler p\u00e5 SMS marketing i vinbranchen.\" \/>\r\n<meta name=\"robots\" content=\"index, follow, max-snippet:-1, max-image-preview:large, max-video-preview:-1\" \/>\r\n<link rel=\"canonical\" href=\"https:\/\/suresms.com\/pt\/marketing-por-sms-para-comerciantes-de-vinhos-06-01-2026-145233\/\" \/>\r\n<meta property=\"og:locale\" content=\"pt_PT\" \/>\r\n<meta property=\"og:type\" content=\"article\" \/>\r\n<meta property=\"og:title\" content=\"SMS marketing til vinhandlere | Skab loyalitet og mersalg\" \/>\r\n<meta property=\"og:description\" content=\"Se hvordan vinhandlere bruger SMS til events, nye \u00e5rgange og VIP-kunder. F\u00e5 konkrete eksempler p\u00e5 SMS marketing i vinbranchen.\" \/>\r\n<meta property=\"og:url\" content=\"https:\/\/suresms.com\/pt\/marketing-por-sms-para-comerciantes-de-vinhos-06-01-2026-145233\/\" \/>\r\n<meta property=\"article:publisher\" content=\"https:\/\/www.facebook.com\/p\/SureSMS-100044607956149\/\" \/>\r\n<meta property=\"article:modified_time\" content=\"2026-01-06T13:56:57+00:00\" \/>\r\n<meta property=\"og:image\" content=\"https:\/\/suresms.com\/wp-content\/plugins\/bb-plugin\/img\/pixel.png\" \/>\r\n<meta name=\"twitter:card\" content=\"summary_large_image\" \/>\r\n<meta name=\"twitter:label1\" content=\"Tempo estimado de leitura\" \/>\n\t<meta name=\"twitter:data1\" content=\"8 minutos\" \/>\r\n<script type=\"application\/ld+json\" class=\"yoast-schema-graph\">{\"@context\":\"https:\\\/\\\/schema.org\",\"@graph\":[{\"@type\":\"WebPage\",\"@id\":\"https:\\\/\\\/suresms.com\\\/sms-marketing-for-vinhandlere06-01-2026-145233\\\/\",\"url\":\"https:\\\/\\\/suresms.com\\\/sms-marketing-for-vinhandlere06-01-2026-145233\\\/\",\"name\":\"SMS marketing til vinhandlere | Skab loyalitet og mersalg -\",\"isPartOf\":{\"@id\":\"https:\\\/\\\/suresms.com\\\/en\\\/#website\"},\"primaryImageOfPage\":{\"@id\":\"https:\\\/\\\/suresms.com\\\/sms-marketing-for-vinhandlere06-01-2026-145233\\\/#primaryimage\"},\"image\":{\"@id\":\"https:\\\/\\\/suresms.com\\\/sms-marketing-for-vinhandlere06-01-2026-145233\\\/#primaryimage\"},\"thumbnailUrl\":\"https:\\\/\\\/suresms.com\\\/wp-content\\\/plugins\\\/bb-plugin\\\/img\\\/pixel.png\",\"datePublished\":\"2026-01-06T13:52:34+00:00\",\"dateModified\":\"2026-01-06T13:56:57+00:00\",\"description\":\"Se hvordan vinhandlere bruger SMS til events, nye \u00e5rgange og VIP-kunder. F\u00e5 konkrete eksempler p\u00e5 SMS marketing i vinbranchen.\",\"breadcrumb\":{\"@id\":\"https:\\\/\\\/suresms.com\\\/sms-marketing-for-vinhandlere06-01-2026-145233\\\/#breadcrumb\"},\"inLanguage\":\"pt-PT\",\"potentialAction\":[{\"@type\":\"ReadAction\",\"target\":[\"https:\\\/\\\/suresms.com\\\/sms-marketing-for-vinhandlere06-01-2026-145233\\\/\"]}]},{\"@type\":\"ImageObject\",\"inLanguage\":\"pt-PT\",\"@id\":\"https:\\\/\\\/suresms.com\\\/sms-marketing-for-vinhandlere06-01-2026-145233\\\/#primaryimage\",\"url\":\"https:\\\/\\\/suresms.com\\\/wp-content\\\/plugins\\\/bb-plugin\\\/img\\\/pixel.png\",\"contentUrl\":\"https:\\\/\\\/suresms.com\\\/wp-content\\\/plugins\\\/bb-plugin\\\/img\\\/pixel.png\"},{\"@type\":\"BreadcrumbList\",\"@id\":\"https:\\\/\\\/suresms.com\\\/sms-marketing-for-vinhandlere06-01-2026-145233\\\/#breadcrumb\",\"itemListElement\":[{\"@type\":\"ListItem\",\"position\":1,\"name\":\"Home\",\"item\":\"https:\\\/\\\/suresms.com\\\/dk\\\/\"},{\"@type\":\"ListItem\",\"position\":2,\"name\":\"SMS marketing til vinhandlere | Skab loyalitet og mersalg\"}]},{\"@type\":\"WebSite\",\"@id\":\"https:\\\/\\\/suresms.com\\\/en\\\/#website\",\"url\":\"https:\\\/\\\/suresms.com\\\/en\\\/\",\"name\":\"SureSMS\",\"description\":\"Professionel SMS Gateway\",\"publisher\":{\"@id\":\"https:\\\/\\\/suresms.com\\\/en\\\/#organization\"},\"potentialAction\":[{\"@type\":\"SearchAction\",\"target\":{\"@type\":\"EntryPoint\",\"urlTemplate\":\"https:\\\/\\\/suresms.com\\\/en\\\/?s={search_term_string}\"},\"query-input\":{\"@type\":\"PropertyValueSpecification\",\"valueRequired\":true,\"valueName\":\"search_term_string\"}}],\"inLanguage\":\"pt-PT\"},{\"@type\":\"Organization\",\"@id\":\"https:\\\/\\\/suresms.com\\\/en\\\/#organization\",\"name\":\"SureSMS\",\"url\":\"https:\\\/\\\/suresms.com\\\/en\\\/\",\"logo\":{\"@type\":\"ImageObject\",\"inLanguage\":\"pt-PT\",\"@id\":\"https:\\\/\\\/suresms.com\\\/en\\\/#\\\/schema\\\/logo\\\/image\\\/\",\"url\":\"https:\\\/\\\/suresms.com\\\/wp-content\\\/uploads\\\/2024\\\/11\\\/suresms-300x65-1.png\",\"contentUrl\":\"https:\\\/\\\/suresms.com\\\/wp-content\\\/uploads\\\/2024\\\/11\\\/suresms-300x65-1.png\",\"width\":300,\"height\":65,\"caption\":\"SureSMS\"},\"image\":{\"@id\":\"https:\\\/\\\/suresms.com\\\/en\\\/#\\\/schema\\\/logo\\\/image\\\/\"},\"sameAs\":[\"https:\\\/\\\/www.facebook.com\\\/p\\\/SureSMS-100044607956149\\\/\"]}]}<\/script>\r\n<!-- \/ Yoast SEO Premium plugin. -->","yoast_head_json":{"title":"Marketing por SMS para comerciantes de vinhos | Crie fidelidade e aumente as vendas -","description":"Veja como os comerciantes de vinho utilizam SMS para eventos, novas safras e clientes VIP. Veja exemplos espec\u00edficos de marketing por SMS na ind\u00fastria do vinho.","robots":{"index":"index","follow":"follow","max-snippet":"max-snippet:-1","max-image-preview":"max-image-preview:large","max-video-preview":"max-video-preview:-1"},"canonical":"https:\/\/suresms.com\/pt\/marketing-por-sms-para-comerciantes-de-vinhos-06-01-2026-145233\/","og_locale":"pt_PT","og_type":"article","og_title":"SMS marketing til vinhandlere | Skab loyalitet og mersalg","og_description":"Se hvordan vinhandlere bruger SMS til events, nye \u00e5rgange og VIP-kunder. F\u00e5 konkrete eksempler p\u00e5 SMS marketing i vinbranchen.","og_url":"https:\/\/suresms.com\/pt\/marketing-por-sms-para-comerciantes-de-vinhos-06-01-2026-145233\/","article_publisher":"https:\/\/www.facebook.com\/p\/SureSMS-100044607956149\/","article_modified_time":"2026-01-06T13:56:57+00:00","og_image":[{"url":"https:\/\/suresms.com\/wp-content\/plugins\/bb-plugin\/img\/pixel.png","type":"","width":"","height":""}],"twitter_card":"summary_large_image","twitter_misc":{"Tempo estimado de leitura":"8 minutos"},"schema":{"@context":"https:\/\/schema.org","@graph":[{"@type":"WebPage","@id":"https:\/\/suresms.com\/sms-marketing-for-vinhandlere06-01-2026-145233\/","url":"https:\/\/suresms.com\/sms-marketing-for-vinhandlere06-01-2026-145233\/","name":"Marketing por SMS para comerciantes de vinhos | Crie fidelidade e aumente as vendas -","isPartOf":{"@id":"https:\/\/suresms.com\/en\/#website"},"primaryImageOfPage":{"@id":"https:\/\/suresms.com\/sms-marketing-for-vinhandlere06-01-2026-145233\/#primaryimage"},"image":{"@id":"https:\/\/suresms.com\/sms-marketing-for-vinhandlere06-01-2026-145233\/#primaryimage"},"thumbnailUrl":"https:\/\/suresms.com\/wp-content\/plugins\/bb-plugin\/img\/pixel.png","datePublished":"2026-01-06T13:52:34+00:00","dateModified":"2026-01-06T13:56:57+00:00","description":"Veja como os comerciantes de vinho utilizam SMS para eventos, novas safras e clientes VIP. Veja exemplos espec\u00edficos de marketing por SMS na ind\u00fastria do vinho.","breadcrumb":{"@id":"https:\/\/suresms.com\/sms-marketing-for-vinhandlere06-01-2026-145233\/#breadcrumb"},"inLanguage":"pt-PT","potentialAction":[{"@type":"ReadAction","target":["https:\/\/suresms.com\/sms-marketing-for-vinhandlere06-01-2026-145233\/"]}]},{"@type":"ImageObject","inLanguage":"pt-PT","@id":"https:\/\/suresms.com\/sms-marketing-for-vinhandlere06-01-2026-145233\/#primaryimage","url":"https:\/\/suresms.com\/wp-content\/plugins\/bb-plugin\/img\/pixel.png","contentUrl":"https:\/\/suresms.com\/wp-content\/plugins\/bb-plugin\/img\/pixel.png"},{"@type":"BreadcrumbList","@id":"https:\/\/suresms.com\/sms-marketing-for-vinhandlere06-01-2026-145233\/#breadcrumb","itemListElement":[{"@type":"ListItem","position":1,"name":"Home","item":"https:\/\/suresms.com\/dk\/"},{"@type":"ListItem","position":2,"name":"SMS marketing til vinhandlere | Skab loyalitet og mersalg"}]},{"@type":"WebSite","@id":"https:\/\/suresms.com\/en\/#website","url":"https:\/\/suresms.com\/en\/","name":"SureSMS","description":"Gateway SMS profissional","publisher":{"@id":"https:\/\/suresms.com\/en\/#organization"},"potentialAction":[{"@type":"SearchAction","target":{"@type":"EntryPoint","urlTemplate":"https:\/\/suresms.com\/en\/?s={search_term_string}"},"query-input":{"@type":"PropertyValueSpecification","valueRequired":true,"valueName":"search_term_string"}}],"inLanguage":"pt-PT"},{"@type":"Organization","@id":"https:\/\/suresms.com\/en\/#organization","name":"SureSMS","url":"https:\/\/suresms.com\/en\/","logo":{"@type":"ImageObject","inLanguage":"pt-PT","@id":"https:\/\/suresms.com\/en\/#\/schema\/logo\/image\/","url":"https:\/\/suresms.com\/wp-content\/uploads\/2024\/11\/suresms-300x65-1.png","contentUrl":"https:\/\/suresms.com\/wp-content\/uploads\/2024\/11\/suresms-300x65-1.png","width":300,"height":65,"caption":"SureSMS"},"image":{"@id":"https:\/\/suresms.com\/en\/#\/schema\/logo\/image\/"},"sameAs":["https:\/\/www.facebook.com\/p\/SureSMS-100044607956149\/"]}]}},"_links":{"self":[{"href":"https:\/\/suresms.com\/pt\/wp-json\/wp\/v2\/pages\/23765","targetHints":{"allow":["GET"]}}],"collection":[{"href":"https:\/\/suresms.com\/pt\/wp-json\/wp\/v2\/pages"}],"about":[{"href":"https:\/\/suresms.com\/pt\/wp-json\/wp\/v2\/types\/page"}],"author":[{"embeddable":true,"href":"https:\/\/suresms.com\/pt\/wp-json\/wp\/v2\/users\/1"}],"replies":[{"embeddable":true,"href":"https:\/\/suresms.com\/pt\/wp-json\/wp\/v2\/comments?post=23765"}],"version-history":[{"count":1,"href":"https:\/\/suresms.com\/pt\/wp-json\/wp\/v2\/pages\/23765\/revisions"}],"predecessor-version":[{"id":23766,"href":"https:\/\/suresms.com\/pt\/wp-json\/wp\/v2\/pages\/23765\/revisions\/23766"}],"wp:attachment":[{"href":"https:\/\/suresms.com\/pt\/wp-json\/wp\/v2\/media?parent=23765"}],"wp:term":[{"taxonomy":"category","embeddable":true,"href":"https:\/\/suresms.com\/pt\/wp-json\/wp\/v2\/categories?post=23765"},{"taxonomy":"post_tag","embeddable":true,"href":"https:\/\/suresms.com\/pt\/wp-json\/wp\/v2\/tags?post=23765"}],"curies":[{"name":"wp","href":"https:\/\/api.w.org\/{rel}","templated":true}]}}