{"id":23544,"date":"2025-11-14T14:41:25","date_gmt":"2025-11-14T14:41:25","guid":{"rendered":"https:\/\/suresms.com\/?page_id=23544"},"modified":"2025-11-14T14:47:30","modified_gmt":"2025-11-14T14:47:30","slug":"seguranca-da-conta","status":"publish","type":"page","link":"https:\/\/suresms.com\/pt\/docs\/account\/kontosikkerhed\/","title":{"rendered":"Seguran\u00e7a da conta"},"content":{"rendered":"<!-- Flexy Breadcrumb -->\r\n\t\t\t<div class=\"fbc fbc-page\">\r\n\r\n\t\t\t\t<!-- Breadcrumb wrapper -->\r\n\t\t\t\t<div class=\"fbc-wrap\">\r\n\r\n\t\t\t\t\t<!-- Ordered list-->\r\n\t\t\t\t\t<ol class=\"fbc-items\" itemscope itemtype=\"https:\/\/schema.org\/BreadcrumbList\">\r\n\t\t\t\t\t\t            <li itemprop=\"itemListElement\" itemscope itemtype=\"https:\/\/schema.org\/ListItem\">\r\n                <span itemprop=\"name\">\r\n                    <!-- Home Link -->\r\n                    <a itemprop=\"item\" href=\"https:\/\/suresms.com\/pt\/\">\r\n                    \r\n                                                    <i class=\"fa fa-home\" aria-hidden=\"true\"><\/i>In\u00edcio                    <\/a>\r\n                <\/span>\r\n                <meta itemprop=\"position\" content=\"1\" \/><!-- Meta Position-->\r\n             <\/li><li><span class=\"fbc-separator\">\/<\/span><\/li><li class=\"active\" itemprop=\"itemListElement\" itemscope itemtype=\"https:\/\/schema.org\/ListItem\"><span itemprop=\"name\" title=\"Seguran\u00e7a da conta\">Seguran\u00e7a da conta<\/span><meta itemprop=\"position\" content=\"2\" \/><\/li>\t\t\t\t\t<\/ol>\r\n\t\t\t\t\t<div class=\"clearfix\"><\/div>\r\n\t\t\t\t<\/div>\r\n\t\t\t<\/div>\r\n\t\t\t\n<h1>\n\t\t\tSeguran\u00e7a da conta\t<\/h1>\n\tO SureSMS inclui uma s\u00e9rie de funcionalidades de seguran\u00e7a para o ajudar a proteger os seus dados, evitar a utiliza\u00e7\u00e3o indevida e cumprir os requisitos do RGPD. Nesta p\u00e1gina, passamos em revista todas as defini\u00e7\u00f5es de seguran\u00e7a que pode ativar na sua conta - bem como uma funcionalidade adicional que s\u00f3 podemos ativar atrav\u00e9s do suporte.\nTodas as funcionalidades podem ser consultadas abaixo:<br data-start=\"1551\" data-end=\"1554\" \/><strong data-start=\"1554\" data-end=\"1591\">Defini\u00e7\u00f5es \u2192 Conta \u2192 Seguran\u00e7a<\/strong>\n<h2>\n\t\t\tLista branca de IPs para Email-to-SMS\t<\/h2>\n\tAo enviar mensagens SMS atrav\u00e9s de E-mail para SMS, pode proteger a sua conta com a lista branca de IPs.<br data-start=\"1723\" data-end=\"1726\" \/>Esta funcionalidade garante que apenas as mensagens de correio eletr\u00f3nico enviadas a partir de endere\u00e7os IP autorizados s\u00e3o aceites e enviadas como SMS.\n<h3 data-start=\"1826\" data-end=\"1871\"><strong data-start=\"1830\" data-end=\"1871\">Quando \u00e9 que deve utilizar a lista branca de IP?<\/strong><\/h3>\n<ul data-start=\"1872\" data-end=\"2067\">\n<li data-start=\"1872\" data-end=\"1926\">\nSe estiver a enviar a partir de <strong data-start=\"1893\" data-end=\"1924\">Servidor SMTP pr\u00f3prio no local<\/strong>\n<\/li>\n<li data-start=\"1927\" data-end=\"1992\">\nSe a sua empresa pretende <strong data-start=\"1956\" data-end=\"1976\">seguran\u00e7a adicional<\/strong> aquando da expedi\u00e7\u00e3o\n<\/li>\n<li data-start=\"1993\" data-end=\"2067\">\nSe pretender garantir que apenas as mensagens de correio eletr\u00f3nico dos seus sistemas internos podem enviar SMS\n<\/li>\n<\/ul>\nA maioria dos fornecedores de correio eletr\u00f3nico baseados na nuvem reutiliza IPs em muitos clientes, pelo que, na maioria dos casos, recomendamos o envio atrav\u00e9s de Email-to-SMS com <strong data-start=\"2223\" data-end=\"2256\">Chave API no endere\u00e7o do remetente<\/strong> (formato: <em data-start=\"2266\" data-end=\"2296\">n\u00famero de telefone.api-key.APIKEY<\/em>).\nMas se tiver controlo total sobre o seu pr\u00f3prio servidor de correio, a lista branca \u00e9 uma solu\u00e7\u00e3o poderosa.\n\t\t\t\t\t<video src=\"https:\/\/suresms.com\/wp-content\/uploads\/2025\/11\/OK - Dokumentation - Konto - Sikkerhed.mp4\" alt=\"hosted-video-thumbnail\"><\/video>\n\t\t<h2>\n\t\t\tMensagens de embaralhamento ap\u00f3s X minutos\t<\/h2>\n\tPara conformidade com o RGPD, o SureSMS permite-lhe <strong data-start=\"2489\" data-end=\"2501\">baralhar<\/strong> mensagens ap\u00f3s um determinado n\u00famero de minutos. O valor predefinido \u00e9 <strong data-start=\"2555\" data-end=\"2569\">0 minutos<\/strong>, o que significa que as mensagens nunca s\u00e3o baralhadas.\n<h3 data-start=\"2619\" data-end=\"2667\"><strong data-start=\"2623\" data-end=\"2667\">O que \u00e9 que significa baralhar mensagens?<\/strong><\/h3>\nQuando uma mensagem \u00e9 codificada:\n<ul data-start=\"2694\" data-end=\"2897\">\n<li data-start=\"2694\" data-end=\"2757\">\nOs quatro d\u00edgitos do meio do n\u00famero de telefone s\u00e3o substitu\u00eddos por <code data-start=\"2752\" data-end=\"2755\">#<\/code>\n<\/li>\n<li data-start=\"2758\" data-end=\"2807\">\nTodo o conte\u00fado da mensagem \u00e9 substitu\u00eddo por <code data-start=\"2797\" data-end=\"2805\">******<\/code>\n<\/li>\n<li data-start=\"2808\" data-end=\"2897\">\nAinda se pode ver, <em data-start=\"2828\" data-end=\"2832\">que<\/em> A mensagem foi enviada - mas n\u00e3o para quem ou o que foi enviado\n<\/li>\n<\/ul>\nIsto proporciona uma melhor prote\u00e7\u00e3o dos dados, permitindo-nos ainda documentar a utiliza\u00e7\u00e3o de SMS, caso tenha d\u00favidas quanto ao n\u00famero de mensagens enviadas.\n<h3 data-start=\"3049\" data-end=\"3110\"><strong data-start=\"3053\" data-end=\"3110\">\u00c9 importante saber que os operadores de telecomunica\u00e7\u00f5es armazenam eles pr\u00f3prios as mensagens<\/strong><\/h3>\nMesmo que o SureSMS seja codificado ap\u00f3s, digamos, 10 minutos, a mensagem ainda est\u00e1 com o operador por at\u00e9 <strong data-start=\"3209\" data-end=\"3221\">72 horas<\/strong>, se o telem\u00f3vel estiver desligado ou fora de cobertura. Este facto \u00e9 normal em toda a infraestrutura SMS e n\u00e3o \u00e9 algo que as gateways SMS possam alterar.\n<h2>\n\t\t\tBloquear o envio para pa\u00edses selecionados\t<\/h2>\n\tPara evitar o envio ou utiliza\u00e7\u00e3o indevidos, pode escolher exatamente quais os pa\u00edses que podem receber mensagens SMS da sua conta.\n<h3 data-start=\"3519\" data-end=\"3552\"><strong data-start=\"3523\" data-end=\"3552\">Porque \u00e9 que isto \u00e9 importante?<\/strong><\/h3>\nPor vezes, os sistemas externos podem enviar mensagens SMS sem o c\u00f3digo de pa\u00eds correto.<br data-start=\"3623\" data-end=\"3626\" \/>Exemplo:<br data-start=\"3635\" data-end=\"3638\" \/>Um n\u00famero que come\u00e7a por <strong data-start=\"3664\" data-end=\"3670\">21<\/strong> \u00e9, em muitos casos, interpretado como <strong data-start=\"3706\" data-end=\"3718\">Arg\u00e9lia<\/strong>.\nAo bloquear todos os pa\u00edses, exceto os que pretende, evita:\n<ul data-start=\"3778\" data-end=\"3841\">\n<li data-start=\"3778\" data-end=\"3800\">\ntr\u00e1fego acidental,\n<\/li>\n<li data-start=\"3801\" data-end=\"3818\">\nN\u00fameros falsos,\n<\/li>\n<li data-start=\"3819\" data-end=\"3841\">\nimpostos desnecess\u00e1rios.\n<\/li>\n<\/ul>\nSe uma mensagem tentar ser enviada para um pa\u00eds bloqueado, n\u00f3s impedimo-la - e o utilizador n\u00e3o paga pela tentativa.\n<h2>\n\t\t\tFiltro autom\u00e1tico de spam (s\u00f3 pode ser ativado\/desativado atrav\u00e9s do suporte)\t<\/h2>\n\tO SureSMS tem um filtro de spam incorporado para evitar o envio acidental de duplicados:\n<ul data-start=\"4110\" data-end=\"4296\">\n<li data-start=\"4110\" data-end=\"4213\">\nSe <strong data-start=\"4117\" data-end=\"4133\">A mesma mensagem<\/strong> para <strong data-start=\"4138\" data-end=\"4156\">mesmo recetor<\/strong> Enviado dentro de <strong data-start=\"4174\" data-end=\"4189\">10 minutos<\/strong>, O n.\u00ba 2 \u00e9 rejeitado.\n<\/li>\n<li data-start=\"4214\" data-end=\"4296\">\nIsto evita que o destinat\u00e1rio pense que algo est\u00e1 errado ou se sinta enviado por spam.\n<\/li>\n<\/ul>\n<h3 data-start=\"4298\" data-end=\"4339\"><strong data-start=\"4302\" data-end=\"4339\">Quando \u00e9 que desligamos o filtro de spam?<\/strong><\/h3>\nAlguns sistemas - especialmente os dispositivos IOT - podem exigir que o mesmo SMS seja enviado v\u00e1rias vezes numa sucess\u00e3o r\u00e1pida.\nExemplos:\n<ul data-start=\"4455\" data-end=\"4530\">\n<li data-start=\"4455\" data-end=\"4469\">\ncontadores de \u00e1gua\n<\/li>\n<li data-start=\"4470\" data-end=\"4485\">\ncontadores de calor\n<\/li>\n<li data-start=\"4486\" data-end=\"4506\">\nalarmes t\u00e9cnicos\n<\/li>\n<li data-start=\"4507\" data-end=\"4530\">\nsensores industriais\n<\/li>\n<\/ul>\nNestes casos, o nosso apoio pode desativar o filtro de spam da sua conta.\n<h2>\n\t\t\tResumo: As suas op\u00e7\u00f5es de seguran\u00e7a no SureSMS\t<\/h2>\n<table data-start=\"4667\" data-end=\"5102\">\n<thead data-start=\"4667\" data-end=\"4718\">\n<tr data-start=\"4667\" data-end=\"4718\">\n<th data-start=\"4667\" data-end=\"4678\" data-col-size=\"sm\">Funcionalidade<\/th>\n<th data-start=\"4678\" data-end=\"4693\" data-col-size=\"md\">O que faz<\/th>\n<th data-start=\"4693\" data-end=\"4718\" data-col-size=\"sm\">Onde activ\u00e1-lo<\/th>\n<\/tr>\n<\/thead>\n<tbody data-start=\"4771\" data-end=\"5102\">\n<tr data-start=\"4771\" data-end=\"4845\">\n<td data-start=\"4771\" data-end=\"4790\" data-col-size=\"sm\"><strong data-start=\"4773\" data-end=\"4789\">Lista branca de IP<\/strong><\/td>\n<td data-start=\"4790\" data-end=\"4824\" data-col-size=\"md\">Protege o e-mail para SMS contra utiliza\u00e7\u00e3o indevida<\/td>\n<td data-start=\"4824\" data-end=\"4845\" data-col-size=\"sm\">Conta \u2192 Seguran\u00e7a<\/td>\n<\/tr>\n<tr data-start=\"4846\" data-end=\"4935\">\n<td data-start=\"4846\" data-end=\"4870\" data-col-size=\"sm\"><strong data-start=\"4848\" data-end=\"4869\">Mensagens baralhadas<\/strong><\/td>\n<td data-start=\"4870\" data-end=\"4914\" data-col-size=\"md\">Mascarar n\u00fameros e conte\u00fados ap\u00f3s X minutos<\/td>\n<td data-start=\"4914\" data-end=\"4935\" data-col-size=\"sm\">Conta \u2192 Seguran\u00e7a<\/td>\n<\/tr>\n<tr data-start=\"4936\" data-end=\"5023\">\n<td data-start=\"4936\" data-end=\"4957\" data-col-size=\"sm\"><strong data-start=\"4938\" data-end=\"4956\">Bloqueio do pa\u00eds<\/strong><\/td>\n<td data-start=\"4957\" data-end=\"5002\" data-col-size=\"md\">Evita o envio para destinos n\u00e3o desejados<\/td>\n<td data-start=\"5002\" data-end=\"5023\" data-col-size=\"sm\">Conta \u2192 Seguran\u00e7a<\/td>\n<\/tr>\n<tr data-start=\"5024\" data-end=\"5102\">\n<td data-start=\"5024\" data-end=\"5041\" data-col-size=\"sm\"><strong data-start=\"5026\" data-end=\"5040\">Filtro de spam<\/strong><\/td>\n<td data-start=\"5041\" data-end=\"5083\" data-col-size=\"md\">P\u00e1ra as duplica\u00e7\u00f5es em 10 minutos<\/td>\n<td data-start=\"5083\" data-end=\"5102\" data-col-size=\"sm\">Contactar o apoio<\/td>\n<\/tr>\n<\/tbody>\n<\/table>","protected":false},"excerpt":{"rendered":"<p>Seguran\u00e7a da conta O SureSMS inclui uma s\u00e9rie de funcionalidades de seguran\u00e7a para o ajudar a proteger os seus dados, evitar a utiliza\u00e7\u00e3o indevida e cumprir os requisitos do RGPD. Nesta p\u00e1gina, passamos por todas as defini\u00e7\u00f5es de seguran\u00e7a que pode ativar na sua conta - bem como uma funcionalidade adicional que s\u00f3 podemos ativar atrav\u00e9s do suporte. Todas as funcionalidades podem ser encontradas em: Defini\u00e7\u00f5es \u2192 Conta \u2192 ... <a title=\"Seguran\u00e7a da conta\" class=\"read-more\" href=\"https:\/\/suresms.com\/pt\/docs\/account\/kontosikkerhed\/\" aria-label=\"Ler mais sobre a seguran\u00e7a das contas\">Rir mas<\/a><\/p>","protected":false},"author":1,"featured_media":0,"parent":18156,"menu_order":0,"comment_status":"closed","ping_status":"closed","template":"","meta":{"_fl_builder_enabled":"1","_fl_builder_data":null,"_fl_builder_draft":null,"_fl_builder_data_settings":null,"_fl_builder_css":"","_fl_builder_css_version":"","_fl_builder_js":"","footnotes":""},"categories":[],"tags":[],"class_list":["post-23544","page","type-page","status-publish"],"yoast_head":"<!-- This site is optimized with the Yoast SEO Premium plugin v27.3 (Yoast SEO v27.3) - https:\/\/yoast.com\/product\/yoast-seo-premium-wordpress\/ -->\r\n<title>Konto sikkerhed -<\/title>\r\n<meta name=\"robots\" content=\"index, follow, max-snippet:-1, max-image-preview:large, max-video-preview:-1\" \/>\r\n<link rel=\"canonical\" href=\"https:\/\/suresms.com\/pt\/documentos\/conta\/seguranca-da-conta\/\" \/>\r\n<meta property=\"og:locale\" content=\"pt_PT\" \/>\r\n<meta property=\"og:type\" content=\"article\" \/>\r\n<meta property=\"og:title\" content=\"Konto sikkerhed\" \/>\r\n<meta property=\"og:description\" content=\"Kontosikkerhed SureSMS indeholder en r\u00e6kke sikkerhedsfunktioner, som hj\u00e6lper dig med at beskytte dine data, undg\u00e5 misbrug og leve op til GDPR-krav. P\u00e5 denne side gennemg\u00e5r vi alle de sikkerhedsindstillinger, du kan sl\u00e5 til p\u00e5 din konto &#8211; samt \u00e9n ekstra funktion, som vi kun kan aktivere via supporten. Alle funktioner findes under:Indstillinger \u2192 Konto \u2192 ... Ler mais\" \/>\r\n<meta property=\"og:url\" content=\"https:\/\/suresms.com\/pt\/documentos\/conta\/seguranca-da-conta\/\" \/>\r\n<meta property=\"article:publisher\" content=\"https:\/\/www.facebook.com\/p\/SureSMS-100044607956149\/\" \/>\r\n<meta property=\"article:modified_time\" content=\"2025-11-14T14:47:30+00:00\" \/>\r\n<meta name=\"twitter:card\" content=\"summary_large_image\" \/>\r\n<meta name=\"twitter:label1\" content=\"Tempo estimado de leitura\" \/>\n\t<meta name=\"twitter:data1\" content=\"3 minutos\" \/>\r\n<script type=\"application\/ld+json\" class=\"yoast-schema-graph\">{\"@context\":\"https:\\\/\\\/schema.org\",\"@graph\":[{\"@type\":\"WebPage\",\"@id\":\"https:\\\/\\\/suresms.com\\\/dk\\\/docs\\\/account\\\/kontosikkerhed\\\/\",\"url\":\"https:\\\/\\\/suresms.com\\\/dk\\\/docs\\\/account\\\/kontosikkerhed\\\/\",\"name\":\"Konto sikkerhed -\",\"isPartOf\":{\"@id\":\"https:\\\/\\\/suresms.com\\\/en\\\/#website\"},\"datePublished\":\"2025-11-14T14:41:25+00:00\",\"dateModified\":\"2025-11-14T14:47:30+00:00\",\"breadcrumb\":{\"@id\":\"https:\\\/\\\/suresms.com\\\/dk\\\/docs\\\/account\\\/kontosikkerhed\\\/#breadcrumb\"},\"inLanguage\":\"pt-PT\",\"potentialAction\":[{\"@type\":\"ReadAction\",\"target\":[\"https:\\\/\\\/suresms.com\\\/dk\\\/docs\\\/account\\\/kontosikkerhed\\\/\"]}]},{\"@type\":\"BreadcrumbList\",\"@id\":\"https:\\\/\\\/suresms.com\\\/dk\\\/docs\\\/account\\\/kontosikkerhed\\\/#breadcrumb\",\"itemListElement\":[{\"@type\":\"ListItem\",\"position\":1,\"name\":\"Home\",\"item\":\"https:\\\/\\\/suresms.com\\\/dk\\\/\"},{\"@type\":\"ListItem\",\"position\":2,\"name\":\"Dokumentation\",\"item\":\"https:\\\/\\\/suresms.com\\\/dk\\\/docs\\\/\"},{\"@type\":\"ListItem\",\"position\":3,\"name\":\"Konto\",\"item\":\"https:\\\/\\\/suresms.com\\\/dk\\\/docs\\\/account\\\/\"},{\"@type\":\"ListItem\",\"position\":4,\"name\":\"Konto sikkerhed\"}]},{\"@type\":\"WebSite\",\"@id\":\"https:\\\/\\\/suresms.com\\\/en\\\/#website\",\"url\":\"https:\\\/\\\/suresms.com\\\/en\\\/\",\"name\":\"SureSMS\",\"description\":\"Professionel SMS Gateway\",\"publisher\":{\"@id\":\"https:\\\/\\\/suresms.com\\\/en\\\/#organization\"},\"potentialAction\":[{\"@type\":\"SearchAction\",\"target\":{\"@type\":\"EntryPoint\",\"urlTemplate\":\"https:\\\/\\\/suresms.com\\\/en\\\/?s={search_term_string}\"},\"query-input\":{\"@type\":\"PropertyValueSpecification\",\"valueRequired\":true,\"valueName\":\"search_term_string\"}}],\"inLanguage\":\"pt-PT\"},{\"@type\":\"Organization\",\"@id\":\"https:\\\/\\\/suresms.com\\\/en\\\/#organization\",\"name\":\"SureSMS\",\"url\":\"https:\\\/\\\/suresms.com\\\/en\\\/\",\"logo\":{\"@type\":\"ImageObject\",\"inLanguage\":\"pt-PT\",\"@id\":\"https:\\\/\\\/suresms.com\\\/en\\\/#\\\/schema\\\/logo\\\/image\\\/\",\"url\":\"https:\\\/\\\/suresms.com\\\/wp-content\\\/uploads\\\/2024\\\/11\\\/suresms-300x65-1.png\",\"contentUrl\":\"https:\\\/\\\/suresms.com\\\/wp-content\\\/uploads\\\/2024\\\/11\\\/suresms-300x65-1.png\",\"width\":300,\"height\":65,\"caption\":\"SureSMS\"},\"image\":{\"@id\":\"https:\\\/\\\/suresms.com\\\/en\\\/#\\\/schema\\\/logo\\\/image\\\/\"},\"sameAs\":[\"https:\\\/\\\/www.facebook.com\\\/p\\\/SureSMS-100044607956149\\\/\"]}]}<\/script>\r\n<!-- \/ Yoast SEO Premium plugin. -->","yoast_head_json":{"title":"Seguran\u00e7a da conta","robots":{"index":"index","follow":"follow","max-snippet":"max-snippet:-1","max-image-preview":"max-image-preview:large","max-video-preview":"max-video-preview:-1"},"canonical":"https:\/\/suresms.com\/pt\/documentos\/conta\/seguranca-da-conta\/","og_locale":"pt_PT","og_type":"article","og_title":"Konto sikkerhed","og_description":"Kontosikkerhed SureSMS indeholder en r\u00e6kke sikkerhedsfunktioner, som hj\u00e6lper dig med at beskytte dine data, undg\u00e5 misbrug og leve op til GDPR-krav. P\u00e5 denne side gennemg\u00e5r vi alle de sikkerhedsindstillinger, du kan sl\u00e5 til p\u00e5 din konto &#8211; samt \u00e9n ekstra funktion, som vi kun kan aktivere via supporten. Alle funktioner findes under:Indstillinger \u2192 Konto \u2192 ... Ler mais","og_url":"https:\/\/suresms.com\/pt\/documentos\/conta\/seguranca-da-conta\/","article_publisher":"https:\/\/www.facebook.com\/p\/SureSMS-100044607956149\/","article_modified_time":"2025-11-14T14:47:30+00:00","twitter_card":"summary_large_image","twitter_misc":{"Tempo estimado de leitura":"3 minutos"},"schema":{"@context":"https:\/\/schema.org","@graph":[{"@type":"WebPage","@id":"https:\/\/suresms.com\/dk\/docs\/account\/kontosikkerhed\/","url":"https:\/\/suresms.com\/dk\/docs\/account\/kontosikkerhed\/","name":"Seguran\u00e7a da conta","isPartOf":{"@id":"https:\/\/suresms.com\/en\/#website"},"datePublished":"2025-11-14T14:41:25+00:00","dateModified":"2025-11-14T14:47:30+00:00","breadcrumb":{"@id":"https:\/\/suresms.com\/dk\/docs\/account\/kontosikkerhed\/#breadcrumb"},"inLanguage":"pt-PT","potentialAction":[{"@type":"ReadAction","target":["https:\/\/suresms.com\/dk\/docs\/account\/kontosikkerhed\/"]}]},{"@type":"BreadcrumbList","@id":"https:\/\/suresms.com\/dk\/docs\/account\/kontosikkerhed\/#breadcrumb","itemListElement":[{"@type":"ListItem","position":1,"name":"Home","item":"https:\/\/suresms.com\/dk\/"},{"@type":"ListItem","position":2,"name":"Dokumentation","item":"https:\/\/suresms.com\/dk\/docs\/"},{"@type":"ListItem","position":3,"name":"Konto","item":"https:\/\/suresms.com\/dk\/docs\/account\/"},{"@type":"ListItem","position":4,"name":"Konto sikkerhed"}]},{"@type":"WebSite","@id":"https:\/\/suresms.com\/en\/#website","url":"https:\/\/suresms.com\/en\/","name":"SureSMS","description":"Gateway SMS profissional","publisher":{"@id":"https:\/\/suresms.com\/en\/#organization"},"potentialAction":[{"@type":"SearchAction","target":{"@type":"EntryPoint","urlTemplate":"https:\/\/suresms.com\/en\/?s={search_term_string}"},"query-input":{"@type":"PropertyValueSpecification","valueRequired":true,"valueName":"search_term_string"}}],"inLanguage":"pt-PT"},{"@type":"Organization","@id":"https:\/\/suresms.com\/en\/#organization","name":"SureSMS","url":"https:\/\/suresms.com\/en\/","logo":{"@type":"ImageObject","inLanguage":"pt-PT","@id":"https:\/\/suresms.com\/en\/#\/schema\/logo\/image\/","url":"https:\/\/suresms.com\/wp-content\/uploads\/2024\/11\/suresms-300x65-1.png","contentUrl":"https:\/\/suresms.com\/wp-content\/uploads\/2024\/11\/suresms-300x65-1.png","width":300,"height":65,"caption":"SureSMS"},"image":{"@id":"https:\/\/suresms.com\/en\/#\/schema\/logo\/image\/"},"sameAs":["https:\/\/www.facebook.com\/p\/SureSMS-100044607956149\/"]}]}},"_links":{"self":[{"href":"https:\/\/suresms.com\/pt\/wp-json\/wp\/v2\/pages\/23544","targetHints":{"allow":["GET"]}}],"collection":[{"href":"https:\/\/suresms.com\/pt\/wp-json\/wp\/v2\/pages"}],"about":[{"href":"https:\/\/suresms.com\/pt\/wp-json\/wp\/v2\/types\/page"}],"author":[{"embeddable":true,"href":"https:\/\/suresms.com\/pt\/wp-json\/wp\/v2\/users\/1"}],"replies":[{"embeddable":true,"href":"https:\/\/suresms.com\/pt\/wp-json\/wp\/v2\/comments?post=23544"}],"version-history":[{"count":3,"href":"https:\/\/suresms.com\/pt\/wp-json\/wp\/v2\/pages\/23544\/revisions"}],"predecessor-version":[{"id":23549,"href":"https:\/\/suresms.com\/pt\/wp-json\/wp\/v2\/pages\/23544\/revisions\/23549"}],"up":[{"embeddable":true,"href":"https:\/\/suresms.com\/pt\/wp-json\/wp\/v2\/pages\/18156"}],"wp:attachment":[{"href":"https:\/\/suresms.com\/pt\/wp-json\/wp\/v2\/media?parent=23544"}],"wp:term":[{"taxonomy":"category","embeddable":true,"href":"https:\/\/suresms.com\/pt\/wp-json\/wp\/v2\/categories?post=23544"},{"taxonomy":"post_tag","embeddable":true,"href":"https:\/\/suresms.com\/pt\/wp-json\/wp\/v2\/tags?post=23544"}],"curies":[{"name":"wp","href":"https:\/\/api.w.org\/{rel}","templated":true}]}}