{"id":23531,"date":"2025-11-11T09:58:32","date_gmt":"2025-11-11T09:58:32","guid":{"rendered":"https:\/\/suresms.com\/?page_id=23531"},"modified":"2025-11-11T10:47:34","modified_gmt":"2025-11-11T10:47:34","slug":"configuracao-do-sms-2-sms","status":"publish","type":"page","link":"https:\/\/suresms.com\/pt\/docs\/guides\/sms-2-sms-opstning\/","title":{"rendered":"Configura\u00e7\u00e3o do SMS-2-SMS"},"content":{"rendered":"<!-- Flexy Breadcrumb -->\r\n\t\t\t<div class=\"fbc fbc-page\">\r\n\r\n\t\t\t\t<!-- Breadcrumb wrapper -->\r\n\t\t\t\t<div class=\"fbc-wrap\">\r\n\r\n\t\t\t\t\t<!-- Ordered list-->\r\n\t\t\t\t\t<ol class=\"fbc-items\" itemscope itemtype=\"https:\/\/schema.org\/BreadcrumbList\">\r\n\t\t\t\t\t\t            <li itemprop=\"itemListElement\" itemscope itemtype=\"https:\/\/schema.org\/ListItem\">\r\n                <span itemprop=\"name\">\r\n                    <!-- Home Link -->\r\n                    <a itemprop=\"item\" href=\"https:\/\/suresms.com\/pt\/\">\r\n                    \r\n                                                    <i class=\"fa fa-home\" aria-hidden=\"true\"><\/i>In\u00edcio                    <\/a>\r\n                <\/span>\r\n                <meta itemprop=\"position\" content=\"1\" \/><!-- Meta Position-->\r\n             <\/li><li><span class=\"fbc-separator\">\/<\/span><\/li><li class=\"active\" itemprop=\"itemListElement\" itemscope itemtype=\"https:\/\/schema.org\/ListItem\"><span itemprop=\"name\" title=\"Configura\u00e7\u00e3o do SMS-2-SMS\">Configura\u00e7\u00e3o do SMS-2-SMS<\/span><meta itemprop=\"position\" content=\"2\" \/><\/li>\t\t\t\t\t<\/ol>\r\n\t\t\t\t\t<div class=\"clearfix\"><\/div>\r\n\t\t\t\t<\/div>\r\n\t\t\t<\/div>\r\n\t\t\t\n<h1>\n\t\t\tConfigura\u00e7\u00e3o do SMS-2-SMS\t<\/h1>\n\t<p>O SMS2SMS \u00e9 uma funcionalidade poderosa que permite o envio autom\u00e1tico de mensagens SMS para um grupo predefinido atrav\u00e9s de um \u00fanico SMS recebido. Embora possa parecer um desvio, esta forma de automatiza\u00e7\u00e3o de SMS abre uma s\u00e9rie de cen\u00e1rios de comunica\u00e7\u00e3o eficazes.<\/p>\n<p>Este guia ir\u00e1 explicar-lhe o que \u00e9 o SMS2SMS, como pode ser utilizado na pr\u00e1tica e como pode facilmente configur\u00e1-lo e test\u00e1-lo na plataforma SureSMS.<\/p>\n<h2>\n\t\t\tO que \u00e9 o SMS2SMS?\t<\/h2>\n\t<p>O n\u00facleo da funcionalidade SMS2SMS \u00e9 transformar um \u00fanico SMS de entrada numa transmiss\u00e3o de SMS em massa. Um utilizador envia uma mensagem SMS para um n\u00famero de telefone virtual dedicado na plataforma SureSMS. A mensagem deve come\u00e7ar com uma palavra-chave SMS espec\u00edfica que est\u00e1 associada a um grupo de contactos.<\/p>\n<p>A plataforma reconhece a palavra-chave, remove-a da mensagem e reencaminha o restante texto para todos os membros desse grupo. Isto cria um gateway SMS simples mas eficaz para a comunica\u00e7\u00e3o em grupo, sem necessidade de iniciar sess\u00e3o numa plataforma ou aceder a listas de contactos completas.<\/p>\n<h2>\n\t\t\tEm que cen\u00e1rios pode o SMS2SMS ser utilizado?\t<\/h2>\n\t<p>A flexibilidade do SMS2SMS torna-o \u00fatil em muitas situa\u00e7\u00f5es diferentes em que \u00e9 necess\u00e1ria uma comunica\u00e7\u00e3o r\u00e1pida e direcionada. Eis alguns exemplos:<\/p>\n\t\t\t\t<table>\n\t\t\t\t\t<thead>\n\t\t\t\t\t\t\t\t\t\t\t\t\t\t<tr>\n\t\t\t\t\t\t\t\t\t\t\t\t\t\t\t<th rowspan=\"\" colspan=\"\">\n\t\t\t\t\t\t\t\t\t\t\t\t\t\t\t\t\t<label>\n\t\t\t\t\t\t\t\t\t\t<\/label><label> Cen\u00e1rio <\/label>\n\t\t\t\t\t\t\t\t\t\n\t\t\t\t\t\t\t\t\t\t\t\t\t\t\t\t\t<\/th>\n\t\t\t\t\t\t\t\t\t\t\t\t\t\t<th rowspan=\"\" colspan=\"\">\n\t\t\t\t\t\t\t\t\t\t\t\t\t\t\t\t\t<label>\n\t\t\t\t\t\t\t\t\t\t<\/label><label> Descri\u00e7\u00e3o da utiliza\u00e7\u00e3o <\/label>\n\t\t\t\t\t\t\t\t\t\n\t\t\t\t\t\t\t\t\t\t\t\t\t\t\t\t\t<\/th>\n\t\t\t\t\t\t\t\t\t\t\t<\/tr><\/thead>\n\t\t\t\t\t<tbody>\n\t\t\t\t\t\t\t\t\t\t\t\t\t\t\t<tr>\n\t\t\t\t\t\t\t\t\t\t\t\t\t\t\t\t\t\t\t\t<td colspan=\"\" rowspan=\"\">\n\t\t\t\t\t\t\t\t\t\t\t\t\t\t\t\t\t\t\t\t\t\t\t Associa\u00e7\u00f5es de habita\u00e7\u00e3o \n\t\t\t\t\t\t\t\t\t\t\t\t\t\t\t\t\t\t\t\t\t\t\t<\/td>\n\t\t\t\t\t\t\t\t\t\t\t\t\t\t\t\t<td colspan=\"\" rowspan=\"\">\n\t\t\t\t\t\t\t\t\t\t\t\t\t\t\t Um empreiteiro pode enviar uma mensagem para um n\u00famero centralizado com uma palavra-chave para um corredor espec\u00edfico (por exemplo, \u201cCorredor5A Cort\u00e1mos a \u00e1gua \u00e0s 14h00\u201d). A mensagem \u00e9 automaticamente enviada a todos os residentes desse bloco sem que o contratante tenha acesso aos seus n\u00fameros de telefone privados. \n\t\t\t\t\t\t\t\t\t\t\t\t\t\t\t\t\t\t\t\t\t\t\t\t<\/td>\n\t\t\t\t\t\t\t\t\t\t\t\t\t\t\t<\/tr><tr>\n\t\t\t\t\t\t\t\t\t\t\t\t\t\t\t\t\t\t\t\t<td colspan=\"\" rowspan=\"\">\n\t\t\t\t\t\t\t\t\t\t\t\t\t\t\t\t\t\t\t\t\t\t\t Funcion\u00e1rios no terreno \n\t\t\t\t\t\t\t\t\t\t\t\t\t\t\t\t\t\t\t\t\t\t\t<\/td>\n\t\t\t\t\t\t\t\t\t\t\t\t\t\t\t\t<td colspan=\"\" rowspan=\"\">\n\t\t\t\t\t\t\t\t\t\t\t\t\t\t\t\t\t\t\t\t\t\t\t Um empregado que precise de assist\u00eancia pode enviar um SMS para um grupo baseado na geografia (por exemplo, \u201cHJ\u00d8RRING Preciso de ajuda no endere\u00e7o X\u201d). O sistema envia a mensagem a todos os colegas da equipa Hj\u00f8rring. \n\t\t\t\t\t\t\t\t\t\t\t\t\t\t\t\t\t\t\t\t\t\t\t<\/td>\n\t\t\t\t\t\t\t\t\t\t\t\t\t\t\t<\/tr><tr>\n\t\t\t\t\t\t\t\t\t\t\t\t\t\t\t\t\t\t\t\t<td colspan=\"\" rowspan=\"\">\n\t\t\t\t\t\t\t\t\t\t\t\t\t\t\t\t\t\t\t\t\t\t\t Transporte em autocarro escolar \n\t\t\t\t\t\t\t\t\t\t\t\t\t\t\t\t\t\t\t\t\t\t\t<\/td>\n\t\t\t\t\t\t\t\t\t\t\t\t\t\t\t\t<td colspan=\"\" rowspan=\"\">\n\t\t\t\t\t\t\t\t\t\t\t\t\t\t\t\t\t\t\t\t\t\t\t Um motorista que esteja atrasado pode informar rapidamente todos os pais de uma determinada rota enviando um SMS do tipo \u201cROTA1 O autocarro est\u00e1 20 minutos atrasado devido ao tr\u00e2nsito\u201d. \n\t\t\t\t\t\t\t\t\t\t\t\t\t\t\t\t\t\t\t\t\t\t\t<\/td>\n\t\t\t\t\t\t\t\t\t\t\t\t\t\t\t<\/tr><tr>\n\t\t\t\t\t\t\t\t\t\t\t\t\t\t\t\t\t\t\t\t<td colspan=\"\" rowspan=\"\">\n\t\t\t\t\t\t\t\t\t\t\t\t\t\t\t\t\t\t\t\t\t\t\t Clubes desportivos \n\t\t\t\t\t\t\t\t\t\t\t\t\t\t\t\t\t\t\t\t\t\t\t<\/td>\n\t\t\t\t\t\t\t\t\t\t\t\t\t\t\t\t<td colspan=\"\" rowspan=\"\">\n\t\t\t\t\t\t\t\t\t\t\t\t\t\t\t\t\t\t\t\t\t\t\t Um treinador de futebol pode cancelar um treino \u00e0 \u00faltima hora, enviando uma mensagem para a palavra-chave da sua equipa (por exemplo, \u201cTreino da EQUIPA Sub-12 cancelado devido \u00e0 chuva\u201d). A mensagem \u00e9 enviada a todos os jogadores e pais da lista. \n\t\t\t\t\t\t\t\t\t\t\t\t\t\t\t\t\t\t\t\t\t\t\t<\/td>\n\t\t\t\t\t\t\t\t\t\t\t<\/tr><\/tbody>\n\t\t\t\t<\/table>\n\t<p>Estes cen\u00e1rios ilustram como a automatiza\u00e7\u00e3o do SMS pode centralizar e simplificar a comunica\u00e7\u00e3o, mantendo a seguran\u00e7a dos dados, uma vez que o remetente n\u00e3o precisa de gerir ou ter acesso \u00e0s listas de destinat\u00e1rios.<\/p>\n<h2>\n\t\t\tComo \u00e9 que configuro o SMS2SMS no SureSMS?\t<\/h2>\n\t<p>A configura\u00e7\u00e3o do SMS2SMS na plataforma SureSMS envolve tr\u00eas passos principais: encomendar um n\u00famero de entrada, criar um grupo de contactos com uma palavra-chave e configurar as defini\u00e7\u00f5es do grupo. Aqui est\u00e1 um guia passo-a-passo:<\/p>\n<h3>\n\t\t\tPasso 1: Encomendar um n\u00famero de telefone de entrada\t<\/h3>\n\t<p>Para receber mensagens SMS, \u00e9 necess\u00e1rio ter um n\u00famero dedicado na plataforma.<\/p>\n<ul>\n<li>Navegue at\u00e9 Defini\u00e7\u00f5es e selecione Nome do remetente.<\/li>\n<li>Clique no bot\u00e3o Encomendar para ver uma lista de n\u00fameros de telefone virtuais dispon\u00edveis.<\/li>\n<li>Selecionar um n\u00famero da lista e confirmar a ordem.<\/li>\n<li>Quando o n\u00famero aparecer na sua lista de valores do remetente, marque-o como o n\u00famero por defeito. Isto \u00e9 feito para especificar que este \u00e9 o n\u00famero que a plataforma deve utilizar para receber mensagens. O n\u00famero ter\u00e1 uma marca verde que indica que se trata de um n\u00famero virtual longo<\/li>\n<\/ul>\n\t\t\t\t\t<video src=\"https:\/\/suresms.com\/wp-content\/uploads\/2025\/11\/Guides - Setup of SMS-2-SMS.mp4\" alt=\"hosted-video-thumbnail\"><\/video>\n\t\t<h3>\n\t\t\tPasso 2: Criar um grupo de contactos e uma palavra-chave\t<\/h3>\n\t<p>O passo seguinte \u00e9 organizar os contactos que ir\u00e3o receber as mensagens num grupo e atribuir uma palavra-chave \u00fanica.<\/p>\n<ul>\n<li>Aceda ao Livro de endere\u00e7os e selecione Grupos.<\/li>\n<li>Criar um novo grupo ou editar um j\u00e1 existente.<\/li>\n<li>Nome do grupo: Selecione um nome interno para o grupo (por exemplo, \u201cBallgame2025\u201d).<\/li>\n<li>Palavra-chave: Este \u00e9 o campo mais importante. Escolha uma palavra-chave SMS \u00fanica e facilmente reconhec\u00edvel (por exemplo, \u201cjogos de bola\u201d). Esta \u00e9 a palavra com que o remetente deve come\u00e7ar a sua SMS para enviar para este grupo.<\/li>\n<li>Adicionar contactos ao grupo. Pode faz\u00ea-lo manualmente ou importar uma lista.<\/li>\n<\/ul>\n<h3>\n\t\t\tPasso 3: Configurar as defini\u00e7\u00f5es do grupo\t<\/h3>\n\t<p>Para que a fun\u00e7\u00e3o SMS2SMS funcione corretamente, as defini\u00e7\u00f5es de grupo devem ser configuradas.<\/p>\n<ul>\n<li>Utilize sempre o nome do remetente: Aqui decide qual deve ser o remetente das mensagens SMS enviadas para o grupo.\n<ul>\n<li>N\u00e3o definido: Os destinat\u00e1rios ver\u00e3o o n\u00famero de telefone do remetente (por exemplo, do artes\u00e3o). As respostas ser\u00e3o enviadas diretamente para esta pessoa.<\/li>\n<li>N\u00famero\/nome espec\u00edfico: Pode escolher um dos seus n\u00fameros verificados ou um ID de remetente alfanum\u00e9rico (por exemplo, \u201cSureSMS\u201d) que n\u00e3o pode ser respondido. Esta op\u00e7\u00e3o \u00e9 ideal para uma comunica\u00e7\u00e3o unidirecional.<\/li>\n<\/ul>\n<\/li>\n<li>Apenas remetentes autorizados: Para evitar abusos, pode restringir quem pode enviar para o grupo. Neste campo, pode selecionar um grupo diferente (por exemplo, \u201cArtes\u00e3os\u201d ou \u201cTreinadores\u201d) e apenas os membros deste grupo ser\u00e3o autorizados a utilizar a funcionalidade SMS2SMS.\n<ul>\n<li>Se o campo estiver definido como N\u00e3o definido, qualquer pessoa que saiba o seu n\u00famero de entrada e a sua palavra-chave pode enviar uma mensagem para o grupo.<\/li>\n<\/ul>\n<\/li>\n<li>Desativar a rece\u00e7\u00e3o de SMS para o grupo: Certifique-se de que esta fun\u00e7\u00e3o n\u00e3o est\u00e1 activada, uma vez que bloqueia a funcionalidade SMS2SMS.<\/li>\n<li>Guardar as defini\u00e7\u00f5es.<\/li>\n<\/ul>\n<h2>\n\t\t\tTeste a configura\u00e7\u00e3o do SMS2SMS\t<\/h2>\n\t<p>Uma vez conclu\u00edda a configura\u00e7\u00e3o, \u00e9 simples testar se a sua automatiza\u00e7\u00e3o de SMS est\u00e1 a funcionar como pretendido.<\/p>\n<ul>\n<li>Certifique-se de que o remetente est\u00e1 autorizado: Se tiver definido uma restri\u00e7\u00e3o sobre quem pode enviar (Passo 3, ponto 2), certifique-se de que o n\u00famero de telefone a partir do qual est\u00e1 a enviar \u00e9 membro do grupo de remetentes aprovados.<\/li>\n<li>Enviar o SMS de teste: A partir do seu telem\u00f3vel (ou de outro telefone na lista de remetentes aprovados), envie um SMS para o n\u00famero de telefone de entrada que encomendou no Passo 1.<\/li>\n<li>Estruture a mensagem corretamente: comece a mensagem com a palavra-chave escolhida, seguida de um espa\u00e7o e depois a mensagem propriamente dita.\n<ul>\n<li>Exemplo: <u>Jogos de bola O treino de hoje foi transferido para as 19:00.<\/u><\/li>\n<\/ul>\n<\/li>\n<li>Verificar na caixa de sa\u00edda: Aceda \u00e0 caixa de sa\u00edda na plataforma SureSMS. Aqui poder\u00e1 ver:\n<ul>\n<li>O SMS original recebido do seu n\u00famero de telefone que cont\u00e9m a palavra-chave.<\/li>\n<li>Uma s\u00e9rie de novas mensagens SMS de sa\u00edda (uma para cada contacto do seu grupo). O texto destas mensagens ser\u00e1 o mesmo que o da mensagem original, mas sem a palavra-chave.<\/li>\n<\/ul>\n<\/li>\n<\/ul>\n<p>&nbsp;<\/p>\n<p>Se as mensagens de sa\u00edda tiverem sido geradas e enviadas para todos os contactos do grupo, a configura\u00e7\u00e3o do SMS2SMS foi bem sucedida. Tem agora uma solu\u00e7\u00e3o totalmente funcional para SMS de grupo r\u00e1pidos e eficientes.<\/p>","protected":false},"excerpt":{"rendered":"<p>Configura\u00e7\u00e3o do SMS-2-SMS O SMS2SMS \u00e9 uma funcionalidade poderosa que permite o envio autom\u00e1tico de mensagens SMS para um grupo predefinido atrav\u00e9s de um \u00fanico SMS recebido. Embora possa parecer um desvio, esta forma de automatiza\u00e7\u00e3o de SMS abre uma s\u00e9rie de cen\u00e1rios de comunica\u00e7\u00e3o eficazes. Este guia explica o que \u00e9 o SMS2SMS, como pode ser utilizado na pr\u00e1tica e como... <a title=\"Configura\u00e7\u00e3o do SMS-2-SMS\" class=\"read-more\" href=\"https:\/\/suresms.com\/pt\/docs\/guides\/sms-2-sms-opstning\/\" aria-label=\"Saiba mais sobre a configura\u00e7\u00e3o do SMS-2-SMS\">Rir mas<\/a><\/p>","protected":false},"author":1,"featured_media":0,"parent":23423,"menu_order":0,"comment_status":"closed","ping_status":"closed","template":"","meta":{"_fl_builder_enabled":"1","_fl_builder_data":null,"_fl_builder_draft":null,"_fl_builder_data_settings":null,"_fl_builder_css":"","_fl_builder_css_version":"","_fl_builder_js":"","footnotes":""},"categories":[],"tags":[],"class_list":["post-23531","page","type-page","status-publish"],"yoast_head":"<!-- This site is optimized with the Yoast SEO Premium plugin v27.3 (Yoast SEO v27.3) - https:\/\/yoast.com\/product\/yoast-seo-premium-wordpress\/ -->\r\n<title>SMS-2-SMS ops\u00e6tning -<\/title>\r\n<meta name=\"robots\" content=\"index, follow, max-snippet:-1, max-image-preview:large, max-video-preview:-1\" \/>\r\n<link rel=\"canonical\" href=\"https:\/\/suresms.com\/pt\/documentos\/guias\/configuracao-do-sms-2-sms\/\" \/>\r\n<meta property=\"og:locale\" content=\"pt_PT\" \/>\r\n<meta property=\"og:type\" content=\"article\" \/>\r\n<meta property=\"og:title\" content=\"SMS-2-SMS ops\u00e6tning\" \/>\r\n<meta property=\"og:description\" content=\"SMS-2-SMS ops\u00e6tning SMS2SMS er en kraftfuld funktion, der muligg\u00f8r automatisk udsendelse af SMS-beskeder til en foruddefineret gruppe via en enkelt indg\u00e5ende SMS. Selvom det kan lyde som en omvej, \u00e5bner denne form for SMS-automatisering op for en r\u00e6kke effektive kommunikationsscenarier. Denne guide vil gennemg\u00e5, hvad SMS2SMS er, hvordan det kan anvendes i praksis, og hvordan ... Ler mais\" \/>\r\n<meta property=\"og:url\" content=\"https:\/\/suresms.com\/pt\/documentos\/guias\/configuracao-do-sms-2-sms\/\" \/>\r\n<meta property=\"article:publisher\" content=\"https:\/\/www.facebook.com\/p\/SureSMS-100044607956149\/\" \/>\r\n<meta property=\"article:modified_time\" content=\"2025-11-11T10:47:34+00:00\" \/>\r\n<meta name=\"twitter:card\" content=\"summary_large_image\" \/>\r\n<meta name=\"twitter:label1\" content=\"Tempo estimado de leitura\" \/>\n\t<meta name=\"twitter:data1\" content=\"2 minutos\" \/>\r\n<script type=\"application\/ld+json\" class=\"yoast-schema-graph\">{\"@context\":\"https:\\\/\\\/schema.org\",\"@graph\":[{\"@type\":\"WebPage\",\"@id\":\"https:\\\/\\\/suresms.com\\\/dk\\\/docs\\\/guides\\\/sms-2-sms-opstning\\\/\",\"url\":\"https:\\\/\\\/suresms.com\\\/dk\\\/docs\\\/guides\\\/sms-2-sms-opstning\\\/\",\"name\":\"SMS-2-SMS ops\u00e6tning -\",\"isPartOf\":{\"@id\":\"https:\\\/\\\/suresms.com\\\/en\\\/#website\"},\"datePublished\":\"2025-11-11T09:58:32+00:00\",\"dateModified\":\"2025-11-11T10:47:34+00:00\",\"breadcrumb\":{\"@id\":\"https:\\\/\\\/suresms.com\\\/dk\\\/docs\\\/guides\\\/sms-2-sms-opstning\\\/#breadcrumb\"},\"inLanguage\":\"pt-PT\",\"potentialAction\":[{\"@type\":\"ReadAction\",\"target\":[\"https:\\\/\\\/suresms.com\\\/dk\\\/docs\\\/guides\\\/sms-2-sms-opstning\\\/\"]}]},{\"@type\":\"BreadcrumbList\",\"@id\":\"https:\\\/\\\/suresms.com\\\/dk\\\/docs\\\/guides\\\/sms-2-sms-opstning\\\/#breadcrumb\",\"itemListElement\":[{\"@type\":\"ListItem\",\"position\":1,\"name\":\"Home\",\"item\":\"https:\\\/\\\/suresms.com\\\/dk\\\/\"},{\"@type\":\"ListItem\",\"position\":2,\"name\":\"Dokumentation\",\"item\":\"https:\\\/\\\/suresms.com\\\/dk\\\/docs\\\/\"},{\"@type\":\"ListItem\",\"position\":3,\"name\":\"Vejledninger\",\"item\":\"https:\\\/\\\/suresms.com\\\/dk\\\/docs\\\/guides\\\/\"},{\"@type\":\"ListItem\",\"position\":4,\"name\":\"SMS-2-SMS ops\u00e6tning\"}]},{\"@type\":\"WebSite\",\"@id\":\"https:\\\/\\\/suresms.com\\\/en\\\/#website\",\"url\":\"https:\\\/\\\/suresms.com\\\/en\\\/\",\"name\":\"SureSMS\",\"description\":\"Professionel SMS Gateway\",\"publisher\":{\"@id\":\"https:\\\/\\\/suresms.com\\\/en\\\/#organization\"},\"potentialAction\":[{\"@type\":\"SearchAction\",\"target\":{\"@type\":\"EntryPoint\",\"urlTemplate\":\"https:\\\/\\\/suresms.com\\\/en\\\/?s={search_term_string}\"},\"query-input\":{\"@type\":\"PropertyValueSpecification\",\"valueRequired\":true,\"valueName\":\"search_term_string\"}}],\"inLanguage\":\"pt-PT\"},{\"@type\":\"Organization\",\"@id\":\"https:\\\/\\\/suresms.com\\\/en\\\/#organization\",\"name\":\"SureSMS\",\"url\":\"https:\\\/\\\/suresms.com\\\/en\\\/\",\"logo\":{\"@type\":\"ImageObject\",\"inLanguage\":\"pt-PT\",\"@id\":\"https:\\\/\\\/suresms.com\\\/en\\\/#\\\/schema\\\/logo\\\/image\\\/\",\"url\":\"https:\\\/\\\/suresms.com\\\/wp-content\\\/uploads\\\/2024\\\/11\\\/suresms-300x65-1.png\",\"contentUrl\":\"https:\\\/\\\/suresms.com\\\/wp-content\\\/uploads\\\/2024\\\/11\\\/suresms-300x65-1.png\",\"width\":300,\"height\":65,\"caption\":\"SureSMS\"},\"image\":{\"@id\":\"https:\\\/\\\/suresms.com\\\/en\\\/#\\\/schema\\\/logo\\\/image\\\/\"},\"sameAs\":[\"https:\\\/\\\/www.facebook.com\\\/p\\\/SureSMS-100044607956149\\\/\"]}]}<\/script>\r\n<!-- \/ Yoast SEO Premium plugin. -->","yoast_head_json":{"title":"Configura\u00e7\u00e3o do SMS-2-SMS - Configura\u00e7\u00e3o do SMS-2-SMS","robots":{"index":"index","follow":"follow","max-snippet":"max-snippet:-1","max-image-preview":"max-image-preview:large","max-video-preview":"max-video-preview:-1"},"canonical":"https:\/\/suresms.com\/pt\/documentos\/guias\/configuracao-do-sms-2-sms\/","og_locale":"pt_PT","og_type":"article","og_title":"SMS-2-SMS ops\u00e6tning","og_description":"SMS-2-SMS ops\u00e6tning SMS2SMS er en kraftfuld funktion, der muligg\u00f8r automatisk udsendelse af SMS-beskeder til en foruddefineret gruppe via en enkelt indg\u00e5ende SMS. Selvom det kan lyde som en omvej, \u00e5bner denne form for SMS-automatisering op for en r\u00e6kke effektive kommunikationsscenarier. Denne guide vil gennemg\u00e5, hvad SMS2SMS er, hvordan det kan anvendes i praksis, og hvordan ... Ler mais","og_url":"https:\/\/suresms.com\/pt\/documentos\/guias\/configuracao-do-sms-2-sms\/","article_publisher":"https:\/\/www.facebook.com\/p\/SureSMS-100044607956149\/","article_modified_time":"2025-11-11T10:47:34+00:00","twitter_card":"summary_large_image","twitter_misc":{"Tempo estimado de leitura":"2 minutos"},"schema":{"@context":"https:\/\/schema.org","@graph":[{"@type":"WebPage","@id":"https:\/\/suresms.com\/dk\/docs\/guides\/sms-2-sms-opstning\/","url":"https:\/\/suresms.com\/dk\/docs\/guides\/sms-2-sms-opstning\/","name":"Configura\u00e7\u00e3o do SMS-2-SMS - Configura\u00e7\u00e3o do SMS-2-SMS","isPartOf":{"@id":"https:\/\/suresms.com\/en\/#website"},"datePublished":"2025-11-11T09:58:32+00:00","dateModified":"2025-11-11T10:47:34+00:00","breadcrumb":{"@id":"https:\/\/suresms.com\/dk\/docs\/guides\/sms-2-sms-opstning\/#breadcrumb"},"inLanguage":"pt-PT","potentialAction":[{"@type":"ReadAction","target":["https:\/\/suresms.com\/dk\/docs\/guides\/sms-2-sms-opstning\/"]}]},{"@type":"BreadcrumbList","@id":"https:\/\/suresms.com\/dk\/docs\/guides\/sms-2-sms-opstning\/#breadcrumb","itemListElement":[{"@type":"ListItem","position":1,"name":"Home","item":"https:\/\/suresms.com\/dk\/"},{"@type":"ListItem","position":2,"name":"Dokumentation","item":"https:\/\/suresms.com\/dk\/docs\/"},{"@type":"ListItem","position":3,"name":"Vejledninger","item":"https:\/\/suresms.com\/dk\/docs\/guides\/"},{"@type":"ListItem","position":4,"name":"SMS-2-SMS ops\u00e6tning"}]},{"@type":"WebSite","@id":"https:\/\/suresms.com\/en\/#website","url":"https:\/\/suresms.com\/en\/","name":"SureSMS","description":"Gateway SMS profissional","publisher":{"@id":"https:\/\/suresms.com\/en\/#organization"},"potentialAction":[{"@type":"SearchAction","target":{"@type":"EntryPoint","urlTemplate":"https:\/\/suresms.com\/en\/?s={search_term_string}"},"query-input":{"@type":"PropertyValueSpecification","valueRequired":true,"valueName":"search_term_string"}}],"inLanguage":"pt-PT"},{"@type":"Organization","@id":"https:\/\/suresms.com\/en\/#organization","name":"SureSMS","url":"https:\/\/suresms.com\/en\/","logo":{"@type":"ImageObject","inLanguage":"pt-PT","@id":"https:\/\/suresms.com\/en\/#\/schema\/logo\/image\/","url":"https:\/\/suresms.com\/wp-content\/uploads\/2024\/11\/suresms-300x65-1.png","contentUrl":"https:\/\/suresms.com\/wp-content\/uploads\/2024\/11\/suresms-300x65-1.png","width":300,"height":65,"caption":"SureSMS"},"image":{"@id":"https:\/\/suresms.com\/en\/#\/schema\/logo\/image\/"},"sameAs":["https:\/\/www.facebook.com\/p\/SureSMS-100044607956149\/"]}]}},"_links":{"self":[{"href":"https:\/\/suresms.com\/pt\/wp-json\/wp\/v2\/pages\/23531","targetHints":{"allow":["GET"]}}],"collection":[{"href":"https:\/\/suresms.com\/pt\/wp-json\/wp\/v2\/pages"}],"about":[{"href":"https:\/\/suresms.com\/pt\/wp-json\/wp\/v2\/types\/page"}],"author":[{"embeddable":true,"href":"https:\/\/suresms.com\/pt\/wp-json\/wp\/v2\/users\/1"}],"replies":[{"embeddable":true,"href":"https:\/\/suresms.com\/pt\/wp-json\/wp\/v2\/comments?post=23531"}],"version-history":[{"count":6,"href":"https:\/\/suresms.com\/pt\/wp-json\/wp\/v2\/pages\/23531\/revisions"}],"predecessor-version":[{"id":23541,"href":"https:\/\/suresms.com\/pt\/wp-json\/wp\/v2\/pages\/23531\/revisions\/23541"}],"up":[{"embeddable":true,"href":"https:\/\/suresms.com\/pt\/wp-json\/wp\/v2\/pages\/23423"}],"wp:attachment":[{"href":"https:\/\/suresms.com\/pt\/wp-json\/wp\/v2\/media?parent=23531"}],"wp:term":[{"taxonomy":"category","embeddable":true,"href":"https:\/\/suresms.com\/pt\/wp-json\/wp\/v2\/categories?post=23531"},{"taxonomy":"post_tag","embeddable":true,"href":"https:\/\/suresms.com\/pt\/wp-json\/wp\/v2\/tags?post=23531"}],"curies":[{"name":"wp","href":"https:\/\/api.w.org\/{rel}","templated":true}]}}