{"id":23427,"date":"2025-06-06T08:23:29","date_gmt":"2025-06-06T08:23:29","guid":{"rendered":"https:\/\/suresms.com\/?page_id=23427"},"modified":"2025-06-06T09:43:36","modified_gmt":"2025-06-06T09:43:36","slug":"algumas_caixas_e_codigos","status":"publish","type":"page","link":"https:\/\/suresms.com\/pt\/docs\/guides\/noglebokse_og_koder\/","title":{"rendered":"Caixas de chaves e c\u00f3digos"},"content":{"rendered":"\n\n\t\t\t\t<!-- Flexy Breadcrumb -->\r\n\t\t\t<div class=\"fbc fbc-page\">\r\n\r\n\t\t\t\t<!-- Breadcrumb wrapper -->\r\n\t\t\t\t<div class=\"fbc-wrap\">\r\n\r\n\t\t\t\t\t<!-- Ordered list-->\r\n\t\t\t\t\t<ol class=\"fbc-items\" itemscope itemtype=\"https:\/\/schema.org\/BreadcrumbList\">\r\n\t\t\t\t\t\t            <li itemprop=\"itemListElement\" itemscope itemtype=\"https:\/\/schema.org\/ListItem\">\r\n                <span itemprop=\"name\">\r\n                    <!-- Home Link -->\r\n                    <a itemprop=\"item\" href=\"https:\/\/suresms.com\">\r\n                    \r\n                                                    <i class=\"fa fa-home\" aria-hidden=\"true\"><\/i>Home                    <\/a>\r\n                <\/span>\r\n                <meta itemprop=\"position\" content=\"1\" \/><!-- Meta Position-->\r\n             <\/li><li><span class=\"fbc-separator\">\/<\/span><\/li><li class=\"active\" itemprop=\"itemListElement\" itemscope itemtype=\"https:\/\/schema.org\/ListItem\"><span itemprop=\"name\" title=\"N\u00f8glebokse og koder\">N\u00f8glebokse og koder<\/span><meta itemprop=\"position\" content=\"2\" \/><\/li>\t\t\t\t\t<\/ol>\r\n\t\t\t\t\t<div class=\"clearfix\"><\/div>\r\n\t\t\t\t<\/div>\r\n\t\t\t<\/div>\r\n\t\t\t\n<h1>\n\t\t\tN\u00f8glebokse og koder\t<\/h1>\n\t<p>Har du en fysisk n\u00f8gleboks eller en h\u00e6ngel\u00e5s med en kode, kan du f\u00e5 SureSMS til at sende koden via SMS til et nummer. En kunde kan sende en SMS og modtage koden, s\u00e5 du ved hvem der har f\u00e5et koden og hvorn\u00e5r.<\/p>\n<h2>\n\t\t\tOpret n\u00f8gleboks\t<\/h2>\n\t<p>F\u00f8rst skal du have en SureSMS konto. Hvis du ikke har det, kan du l\u00e6se om at f\u00e5 en her : <a href=\"https:\/\/suresms.com\/dk\/bestil\/gratis-sms-testkonto\/\" target=\"_blank\" rel=\"noopener\">Opret gratis konto<\/a><\/p>\n<p>Har du allerede en konto, skal du logge p\u00e5 med kontoen her: <a href=\"https:\/\/app.suresms.com\" target=\"_blank\" rel=\"noopener\">Login<\/a><\/p>\n\t<p>I menuen v\u00e6lger du <em>Adressbog\u00a0 -&gt; Grupper<\/em><\/p>\n<p>I \u00f8verste h\u00f8jre hj\u00f8rne klikker du p\u00e5 <em>Valg -&gt; Opret ny<\/em><\/p>\n<p>Giv gruppen et Navn. Bem\u00e6rk at det ikke m\u00e5 starte med et tal.<\/p>\n<p>Giv gruppen et Keyword. Keyword er det ord brugerne skal sende i SMS beskeden.<\/p>\n<p>Klik p\u00e5 <em>Gem<\/em><\/p>\n<p>Tilbage p\u00e5 oversigen klikker du p\u00e5 blyanten udfor den gruppe du netop har oprettet. Det g\u00f8r at du kommer ind og kan rette i gruppen.<\/p>\n<p>Du kan nu \u00e6ndre indstillingerne for <em>Retur SMS, <\/em>hvor du skriver hvad svaret skal v\u00e6re. F.eks. koden til skabet er 1234.<\/p>\n<p>S\u00e6t kryds i\u00a0<em>Deaktiver indg\u00e5ende SMS til gruppe<\/em>.<\/p>\n<p>Nederste p\u00e5 sk\u00e6rmbilledet kan du se hvordan kunderne kan bestille pinkoden. Typisk ved at sende Tilmeld [Keyword] til +4593700701 eller ved at scanne QR koden.<\/p>\n<p>Klik p\u00e5 Gem<\/p>\n\t\t\t\t\t<video src=\"https:\/\/suresms.com\/wp-content\/uploads\/2025\/06\/Dokumentation-Guides-Noeglekse-Og-Koder.mp4\" alt=\"hosted-video-thumbnail\"><\/video>\n\t\t<h2>\n\t\t\tSe hvilke numre der har f\u00e5et en kode\t<\/h2>\n\t<p>Du har ogs\u00e5 mulighed for at se hvorn\u00e5r der er udleveret en kode og til hvem. Det g\u00f8r du ved at klikke p\u00e5\u00a0<em>Beskeder<\/em> og klikke p\u00e5\u00a0<em>Udbakken<\/em>. Her kan se se alle de SMS&#8217;er der er sendt med informationer om koden.<\/p>\n\n","protected":false},"excerpt":{"rendered":"<p>Caixas de chaves e c\u00f3digos Se tiver uma caixa de chaves f\u00edsica ou um cadeado com um c\u00f3digo, pode fazer com que o SureSMS envie o c\u00f3digo por SMS para um n\u00famero. Um cliente pode enviar um SMS e receber o c\u00f3digo, para que saiba quem recebeu o c\u00f3digo e quando. Criar caixa de chaves Primeiro precisa de uma conta SureSMS. ... <a title=\"Caixas de chaves e c\u00f3digos\" class=\"read-more\" href=\"https:\/\/suresms.com\/pt\/docs\/guides\/noglebokse_og_koder\/\" aria-label=\"Leia mais sobre Caixas de chaves e c\u00f3digos\">Rir mas<\/a><\/p>","protected":false},"author":1,"featured_media":0,"parent":23423,"menu_order":0,"comment_status":"closed","ping_status":"closed","template":"","meta":{"_fl_builder_enabled":"1","_fl_builder_data":null,"_fl_builder_draft":null,"_fl_builder_data_settings":null,"_fl_builder_css":"","_fl_builder_css_version":"","_fl_builder_js":"","footnotes":""},"categories":[],"tags":[],"class_list":["post-23427","page","type-page","status-publish"],"yoast_head":"<!-- This site is optimized with the Yoast SEO Premium plugin v27.3 (Yoast SEO v27.3) - https:\/\/yoast.com\/product\/yoast-seo-premium-wordpress\/ -->\r\n<title>N\u00f8glebokse og koder -<\/title>\r\n<meta name=\"robots\" content=\"index, follow, max-snippet:-1, max-image-preview:large, max-video-preview:-1\" \/>\r\n<link rel=\"canonical\" href=\"https:\/\/suresms.com\/pt\/documentos\/guias\/algumas_caixas_e_codigos\/\" \/>\r\n<meta property=\"og:locale\" content=\"pt_PT\" \/>\r\n<meta property=\"og:type\" content=\"article\" \/>\r\n<meta property=\"og:title\" content=\"N\u00f8glebokse og koder\" \/>\r\n<meta property=\"og:description\" content=\"N\u00f8glebokse og koder Har du en fysisk n\u00f8gleboks eller en h\u00e6ngel\u00e5s med en kode, kan du f\u00e5 SureSMS til at sende koden via SMS til et nummer. En kunde kan sende en SMS og modtage koden, s\u00e5 du ved hvem der har f\u00e5et koden og hvorn\u00e5r. Opret n\u00f8gleboks F\u00f8rst skal du have en SureSMS konto. ... Ler mais\" \/>\r\n<meta property=\"og:url\" content=\"https:\/\/suresms.com\/pt\/documentos\/guias\/algumas_caixas_e_codigos\/\" \/>\r\n<meta property=\"article:publisher\" content=\"https:\/\/www.facebook.com\/p\/SureSMS-100044607956149\/\" \/>\r\n<meta property=\"article:modified_time\" content=\"2025-06-06T09:43:36+00:00\" \/>\r\n<meta name=\"twitter:card\" content=\"summary_large_image\" \/>\r\n<meta name=\"twitter:label1\" content=\"Tempo estimado de leitura\" \/>\n\t<meta name=\"twitter:data1\" content=\"3 minutos\" \/>\r\n<script type=\"application\/ld+json\" class=\"yoast-schema-graph\">{\"@context\":\"https:\\\/\\\/schema.org\",\"@graph\":[{\"@type\":\"WebPage\",\"@id\":\"https:\\\/\\\/suresms.com\\\/dk\\\/docs\\\/guides\\\/noglebokse_og_koder\\\/\",\"url\":\"https:\\\/\\\/suresms.com\\\/dk\\\/docs\\\/guides\\\/noglebokse_og_koder\\\/\",\"name\":\"N\u00f8glebokse og koder -\",\"isPartOf\":{\"@id\":\"https:\\\/\\\/suresms.com\\\/en\\\/#website\"},\"datePublished\":\"2025-06-06T08:23:29+00:00\",\"dateModified\":\"2025-06-06T09:43:36+00:00\",\"breadcrumb\":{\"@id\":\"https:\\\/\\\/suresms.com\\\/dk\\\/docs\\\/guides\\\/noglebokse_og_koder\\\/#breadcrumb\"},\"inLanguage\":\"pt-PT\",\"potentialAction\":[{\"@type\":\"ReadAction\",\"target\":[\"https:\\\/\\\/suresms.com\\\/dk\\\/docs\\\/guides\\\/noglebokse_og_koder\\\/\"]}]},{\"@type\":\"BreadcrumbList\",\"@id\":\"https:\\\/\\\/suresms.com\\\/dk\\\/docs\\\/guides\\\/noglebokse_og_koder\\\/#breadcrumb\",\"itemListElement\":[{\"@type\":\"ListItem\",\"position\":1,\"name\":\"Home\",\"item\":\"https:\\\/\\\/suresms.com\\\/dk\\\/\"},{\"@type\":\"ListItem\",\"position\":2,\"name\":\"Dokumentation\",\"item\":\"https:\\\/\\\/suresms.com\\\/dk\\\/docs\\\/\"},{\"@type\":\"ListItem\",\"position\":3,\"name\":\"Vejledninger\",\"item\":\"https:\\\/\\\/suresms.com\\\/dk\\\/docs\\\/guides\\\/\"},{\"@type\":\"ListItem\",\"position\":4,\"name\":\"N\u00f8glebokse og koder\"}]},{\"@type\":\"WebSite\",\"@id\":\"https:\\\/\\\/suresms.com\\\/en\\\/#website\",\"url\":\"https:\\\/\\\/suresms.com\\\/en\\\/\",\"name\":\"SureSMS\",\"description\":\"Professionel SMS Gateway\",\"publisher\":{\"@id\":\"https:\\\/\\\/suresms.com\\\/en\\\/#organization\"},\"potentialAction\":[{\"@type\":\"SearchAction\",\"target\":{\"@type\":\"EntryPoint\",\"urlTemplate\":\"https:\\\/\\\/suresms.com\\\/en\\\/?s={search_term_string}\"},\"query-input\":{\"@type\":\"PropertyValueSpecification\",\"valueRequired\":true,\"valueName\":\"search_term_string\"}}],\"inLanguage\":\"pt-PT\"},{\"@type\":\"Organization\",\"@id\":\"https:\\\/\\\/suresms.com\\\/en\\\/#organization\",\"name\":\"SureSMS\",\"url\":\"https:\\\/\\\/suresms.com\\\/en\\\/\",\"logo\":{\"@type\":\"ImageObject\",\"inLanguage\":\"pt-PT\",\"@id\":\"https:\\\/\\\/suresms.com\\\/en\\\/#\\\/schema\\\/logo\\\/image\\\/\",\"url\":\"https:\\\/\\\/suresms.com\\\/wp-content\\\/uploads\\\/2024\\\/11\\\/suresms-300x65-1.png\",\"contentUrl\":\"https:\\\/\\\/suresms.com\\\/wp-content\\\/uploads\\\/2024\\\/11\\\/suresms-300x65-1.png\",\"width\":300,\"height\":65,\"caption\":\"SureSMS\"},\"image\":{\"@id\":\"https:\\\/\\\/suresms.com\\\/en\\\/#\\\/schema\\\/logo\\\/image\\\/\"},\"sameAs\":[\"https:\\\/\\\/www.facebook.com\\\/p\\\/SureSMS-100044607956149\\\/\"]}]}<\/script>\r\n<!-- \/ Yoast SEO Premium plugin. -->","yoast_head_json":{"title":"Caixas de chaves e c\u00f3digos","robots":{"index":"index","follow":"follow","max-snippet":"max-snippet:-1","max-image-preview":"max-image-preview:large","max-video-preview":"max-video-preview:-1"},"canonical":"https:\/\/suresms.com\/pt\/documentos\/guias\/algumas_caixas_e_codigos\/","og_locale":"pt_PT","og_type":"article","og_title":"N\u00f8glebokse og koder","og_description":"N\u00f8glebokse og koder Har du en fysisk n\u00f8gleboks eller en h\u00e6ngel\u00e5s med en kode, kan du f\u00e5 SureSMS til at sende koden via SMS til et nummer. En kunde kan sende en SMS og modtage koden, s\u00e5 du ved hvem der har f\u00e5et koden og hvorn\u00e5r. Opret n\u00f8gleboks F\u00f8rst skal du have en SureSMS konto. ... Ler mais","og_url":"https:\/\/suresms.com\/pt\/documentos\/guias\/algumas_caixas_e_codigos\/","article_publisher":"https:\/\/www.facebook.com\/p\/SureSMS-100044607956149\/","article_modified_time":"2025-06-06T09:43:36+00:00","twitter_card":"summary_large_image","twitter_misc":{"Tempo estimado de leitura":"3 minutos"},"schema":{"@context":"https:\/\/schema.org","@graph":[{"@type":"WebPage","@id":"https:\/\/suresms.com\/dk\/docs\/guides\/noglebokse_og_koder\/","url":"https:\/\/suresms.com\/dk\/docs\/guides\/noglebokse_og_koder\/","name":"Caixas de chaves e c\u00f3digos","isPartOf":{"@id":"https:\/\/suresms.com\/en\/#website"},"datePublished":"2025-06-06T08:23:29+00:00","dateModified":"2025-06-06T09:43:36+00:00","breadcrumb":{"@id":"https:\/\/suresms.com\/dk\/docs\/guides\/noglebokse_og_koder\/#breadcrumb"},"inLanguage":"pt-PT","potentialAction":[{"@type":"ReadAction","target":["https:\/\/suresms.com\/dk\/docs\/guides\/noglebokse_og_koder\/"]}]},{"@type":"BreadcrumbList","@id":"https:\/\/suresms.com\/dk\/docs\/guides\/noglebokse_og_koder\/#breadcrumb","itemListElement":[{"@type":"ListItem","position":1,"name":"Home","item":"https:\/\/suresms.com\/dk\/"},{"@type":"ListItem","position":2,"name":"Dokumentation","item":"https:\/\/suresms.com\/dk\/docs\/"},{"@type":"ListItem","position":3,"name":"Vejledninger","item":"https:\/\/suresms.com\/dk\/docs\/guides\/"},{"@type":"ListItem","position":4,"name":"N\u00f8glebokse og koder"}]},{"@type":"WebSite","@id":"https:\/\/suresms.com\/en\/#website","url":"https:\/\/suresms.com\/en\/","name":"SureSMS","description":"Gateway SMS profissional","publisher":{"@id":"https:\/\/suresms.com\/en\/#organization"},"potentialAction":[{"@type":"SearchAction","target":{"@type":"EntryPoint","urlTemplate":"https:\/\/suresms.com\/en\/?s={search_term_string}"},"query-input":{"@type":"PropertyValueSpecification","valueRequired":true,"valueName":"search_term_string"}}],"inLanguage":"pt-PT"},{"@type":"Organization","@id":"https:\/\/suresms.com\/en\/#organization","name":"SureSMS","url":"https:\/\/suresms.com\/en\/","logo":{"@type":"ImageObject","inLanguage":"pt-PT","@id":"https:\/\/suresms.com\/en\/#\/schema\/logo\/image\/","url":"https:\/\/suresms.com\/wp-content\/uploads\/2024\/11\/suresms-300x65-1.png","contentUrl":"https:\/\/suresms.com\/wp-content\/uploads\/2024\/11\/suresms-300x65-1.png","width":300,"height":65,"caption":"SureSMS"},"image":{"@id":"https:\/\/suresms.com\/en\/#\/schema\/logo\/image\/"},"sameAs":["https:\/\/www.facebook.com\/p\/SureSMS-100044607956149\/"]}]}},"_links":{"self":[{"href":"https:\/\/suresms.com\/pt\/wp-json\/wp\/v2\/pages\/23427","targetHints":{"allow":["GET"]}}],"collection":[{"href":"https:\/\/suresms.com\/pt\/wp-json\/wp\/v2\/pages"}],"about":[{"href":"https:\/\/suresms.com\/pt\/wp-json\/wp\/v2\/types\/page"}],"author":[{"embeddable":true,"href":"https:\/\/suresms.com\/pt\/wp-json\/wp\/v2\/users\/1"}],"replies":[{"embeddable":true,"href":"https:\/\/suresms.com\/pt\/wp-json\/wp\/v2\/comments?post=23427"}],"version-history":[{"count":2,"href":"https:\/\/suresms.com\/pt\/wp-json\/wp\/v2\/pages\/23427\/revisions"}],"predecessor-version":[{"id":23432,"href":"https:\/\/suresms.com\/pt\/wp-json\/wp\/v2\/pages\/23427\/revisions\/23432"}],"up":[{"embeddable":true,"href":"https:\/\/suresms.com\/pt\/wp-json\/wp\/v2\/pages\/23423"}],"wp:attachment":[{"href":"https:\/\/suresms.com\/pt\/wp-json\/wp\/v2\/media?parent=23427"}],"wp:term":[{"taxonomy":"category","embeddable":true,"href":"https:\/\/suresms.com\/pt\/wp-json\/wp\/v2\/categories?post=23427"},{"taxonomy":"post_tag","embeddable":true,"href":"https:\/\/suresms.com\/pt\/wp-json\/wp\/v2\/tags?post=23427"}],"curies":[{"name":"wp","href":"https:\/\/api.w.org\/{rel}","templated":true}]}}