{"id":2043,"date":"2016-02-29T16:51:29","date_gmt":"2016-02-29T14:51:29","guid":{"rendered":"https:\/\/www.suresms.com\/dk\/?page_id=2043"},"modified":"2025-01-04T23:56:41","modified_gmt":"2025-01-04T23:56:41","slug":"garantias-de-cookies-e-politica-de-privacidade","status":"publish","type":"page","link":"https:\/\/suresms.com\/pt\/politikker\/cookie-og-privatlivspolitik-suresms\/","title":{"rendered":"Pol\u00edtica de cookies e privacidade da SureSMS"},"content":{"rendered":"<h1>\n\t\tSureSMS ApS - Pol\u00edtica de cookies e privacidade\n\t<\/h1>\n\t\t\t\t<img loading=\"lazy\" decoding=\"async\" src=\"https:\/\/suresms.com\/wp-content\/uploads\/2016\/02\/cookies-pc-550x281-1.jpg\" alt=\"bolachas para pc 550x281\" itemprop=\"image\" height=\"281\" width=\"550\" title=\"bolachas para pc 550x281\" onerror=\"this.style.display='none'\"  \/>\n\t<h4>\u00a0<\/h4>\n<h4><strong>Sobre os biscoitos<\/strong><\/h4>\n<p><strong>\"Um cookie \u00e9 um pequeno ficheiro de texto que \u00e9 armazenado no seu browser para reconhecer o seu computador em visitas posteriores. N\u00e3o s\u00e3o armazenadas informa\u00e7\u00f5es pessoais nos nossos cookies e estes N\u00c3O podem conter v\u00edrus.\"<\/strong><\/p>\n<p>\u00a0<\/p>\n\t<h4>O nosso s\u00edtio Web utiliza cookies para os seguintes fins:<\/h4>\n<ul>\n<li>Funcionalidade t\u00e9cnica para podermos recordar as suas prefer\u00eancias.<\/li>\n<li>Medi\u00e7\u00e3o do tr\u00e1fego para sabermos quantas pessoas visitam o nosso s\u00edtio e como o utilizam.<\/li>\n<li>Para recordar a aceita\u00e7\u00e3o dos cookies por parte do utilizador, para que n\u00e3o tenhamos de lhe perguntar sempre que visita os nossos s\u00edtios.<\/li>\n<\/ul>\n\t\t<h4>Este s\u00edtio Web \u00e9 fornecido por:<\/h4><strong>SureSMS ApS<br \/>\n<\/strong>Industrialholmen 82<br \/>\n2650 Hvidovre, Dinamarca<br \/>\nTelefone: 50 322 322<br \/>\nCorreio eletr\u00f3nico: <a href=\"mailto:info@suresms.com\">info@suresms.com<\/a>\n\t<h4><strong>Para que s\u00e3o utilizados os cookies no nosso s\u00edtio Web<\/strong><\/h4>\n<p>Os cookies s\u00e3o utilizados para manter estat\u00edsticas sobre o n\u00famero de utilizadores, o conte\u00fado apresentado e informa\u00e7\u00f5es sobre a geografia e os interesses dos nossos utilizadores para personalizar o conte\u00fado e a publicidade em conformidade. Tamb\u00e9m utilizamos um cookie para guardar a sua aceita\u00e7\u00e3o de cookies quando muda de p\u00e1gina.<\/p>\n<p>Pode ver uma vis\u00e3o geral dos nossos cookies na tabela abaixo:<\/p>\n<table border=\"1\">\n<tbody>\n<tr>\n<td><strong>Descri\u00e7\u00e3o<\/strong><\/td>\n<td><strong>Cont\u00e9m<br \/> pessoal<br \/> informa\u00e7\u00e3o<\/strong><\/td>\n<td><strong>Conte\u00fado<\/strong><\/td>\n<td><strong>Como utilizar<\/strong><\/td>\n<td><strong>Eliminado<br \/> ap\u00f3s<\/strong><\/td>\n<\/tr>\n<tr>\n<td>Cookie de sess\u00e3o<\/td>\n<td>N\u00e3o, n\u00e3o pode.<\/td>\n<td>Chave aleat\u00f3ria gerada pelo nosso servidor.<\/td>\n<td>Necess\u00e1rio para o servir como cliente.<\/td>\n<td>Quando encerra o seu browser<\/td>\n<\/tr>\n<tr>\n<td>Cookie \"Aceitar cookies<\/td>\n<td>N\u00e3o, n\u00e3o pode.<\/td>\n<td>Armazenado no seu computador quando aceita os nossos cookies.<\/td>\n<td>Necess\u00e1rio para que o utilizador n\u00e3o tenha de aceitar cookies sempre que visita o nosso s\u00edtio Web.<\/td>\n<td>10 anos<\/td>\n<\/tr>\n<tr>\n<td>Google Analytics<\/td>\n<td>N\u00e3o, n\u00e3o pode.<\/td>\n<td>Um ID \u00fanico gerado pelo Google Analytics.<\/td>\n<td>Necess\u00e1rio para o Google Analytics compilar estat\u00edsticas sobre a utiliza\u00e7\u00e3o do nosso s\u00edtio Web.<\/td>\n<td>\u00a02 anos<\/td>\n<\/tr>\n<tr>\n<td>Bolacha Olark<\/td>\n<td>N\u00e3o, n\u00e3o pode.<\/td>\n<td>Uma identifica\u00e7\u00e3o \u00fanica gerada pelo Olark.<\/td>\n<td>Necess\u00e1rio para fornecermos chat online aos nossos utilizadores.<\/td>\n<td>Quando encerra o seu browser<\/td>\n<\/tr>\n<\/tbody>\n<\/table>\n<p>\u00a0<\/p>\n\t<p><strong>Como eliminar cookies<\/strong><\/p>\n<p>Ver instru\u00e7\u00f5es aqui:\u00a0<a href=\"http:\/\/minecookies.org\/cookiehandtering\">http:\/\/minecookies.org\/cookiehandtering<\/a><\/p>\n<p><strong>Como \u00e9 que evito os cookies?<\/strong><\/p>\n<p>Se n\u00e3o pretender receber cookies, pode bloque\u00e1-los. Ver instru\u00e7\u00f5es aqui:<a href=\"http:\/\/minecookies.org\/cookiehandtering\">http:\/\/minecookies.org\/cookiehandtering<\/a>.<\/p>\n<p><strong>Utiliza\u00e7\u00e3o de dados pessoais<\/strong><\/p>\n<p>Os dados pessoais nunca s\u00e3o divulgados a terceiros, a menos que o utilizador o consinta explicitamente, e nunca recolhemos dados pessoais a menos que o utilizador nos tenha fornecido essas informa\u00e7\u00f5es atrav\u00e9s de registo, compra ou participa\u00e7\u00e3o num inqu\u00e9rito, etc.<\/p>\n<p>Os dados pessoais s\u00e3o utilizados para realizar a compra ou o servi\u00e7o para o qual os dados foram recolhidos. As informa\u00e7\u00f5es tamb\u00e9m s\u00e3o utilizadas para saber mais sobre o utilizador e outros utilizadores do s\u00edtio Web.<\/p>\n<p><strong>Contacto para dados pessoais<\/strong><\/p>\n<p>Se desejar aceder \u00e0s informa\u00e7\u00f5es registadas sobre si na SureSMS, contacte-nos atrav\u00e9s de\u00a0<a href=\"mailto:info@suresms.com\">info@suresms.com<\/a> Se tiverem sido registados dados incorrectos, ou se tiver outras objec\u00e7\u00f5es, pode contactar o mesmo local. Tem a oportunidade de saber quais as informa\u00e7\u00f5es registadas sobre si e pode opor-se a um registo de acordo com as regras da Lei dos Dados Pessoais.<\/p>\n<p><strong>Prote\u00e7\u00e3o de dados pessoais<\/strong><\/p>\n<p>De acordo com a Lei dos Dados Pessoais, as informa\u00e7\u00f5es pessoais do utilizador devem ser mantidas em seguran\u00e7a e confidenciais. Armazenamos os seus dados pessoais em computadores com acesso restrito localizados em instala\u00e7\u00f5es controladas e as nossas medidas de seguran\u00e7a s\u00e3o continuamente monitorizadas para determinar se as informa\u00e7\u00f5es dos nossos utilizadores s\u00e3o tratadas de forma segura e tendo sempre em considera\u00e7\u00e3o os seus direitos como utilizador. No entanto, n\u00e3o podemos garantir 100 por cento de seguran\u00e7a nas transfer\u00eancias de dados atrav\u00e9s da Internet. Isto significa que pode haver um risco de acesso n\u00e3o autorizado \u00e0 informa\u00e7\u00e3o quando os dados s\u00e3o enviados e armazenados eletronicamente. Por conseguinte, o utilizador fornece os seus dados pessoais por sua pr\u00f3pria conta e risco.<\/p>\n<p>O r\u00e1pido desenvolvimento da Internet significa que podem ser necess\u00e1rias altera\u00e7\u00f5es no nosso tratamento de dados pessoais. Por conseguinte, reservamo-nos o direito de atualizar e alterar estas diretrizes para o tratamento de dados pessoais. Se o fizermos, corrigiremos naturalmente a data da \"\u00faltima atualiza\u00e7\u00e3o\" na parte inferior da p\u00e1gina. Em caso de altera\u00e7\u00f5es significativas, notific\u00e1-lo-emos sob a forma de um aviso vis\u00edvel no nosso s\u00edtio Web.<\/p>\n<p>Na medida em que sejam processados dados pessoais sobre si, tem o direito, ao abrigo da Lei dos Dados Pessoais, de ser informado sobre os dados pessoais que lhe podem ser atribu\u00eddos. Se se verificar que as informa\u00e7\u00f5es ou dados processados sobre si est\u00e3o incorrectos ou s\u00e3o enganadores, tem o direito de exigir a sua corre\u00e7\u00e3o, elimina\u00e7\u00e3o ou bloqueio. O utilizador pode, a qualquer momento, opor-se ao tratamento das informa\u00e7\u00f5es que lhe dizem respeito. Tamb\u00e9m pode retirar o seu consentimento em qualquer altura. O utilizador tem o direito de apresentar queixa sobre o processamento de informa\u00e7\u00f5es e dados que lhe digam respeito. As queixas s\u00e3o apresentadas \u00e0 Ag\u00eancia Dinamarquesa de Prote\u00e7\u00e3o de Dados, cf. sec\u00e7\u00e3o 58(1) da Lei de Dados Pessoais.<\/p>\n<p><strong>Esta pol\u00edtica de cookies e de privacidade baseia-se num modelo de Minecookies.org e foi actualizada pela \u00faltima vez em 1\/3 de 2016.<\/strong><\/p>","protected":false},"excerpt":{"rendered":"<p>SureSMS ApS - Pol\u00edtica de Privacidade e de Cookies Sobre os Cookies \"Um cookie \u00e9 um pequeno ficheiro de texto que \u00e9 armazenado no seu browser para reconhecer o seu computador em visitas posteriores. N\u00e3o existe qualquer informa\u00e7\u00e3o pessoal armazenada nos nossos cookies e estes N\u00c3O podem conter v\u00edrus.\"   O nosso s\u00edtio Web utiliza cookies para os seguintes fins: Funcionalidade t\u00e9cnica para que... <a title=\"Pol\u00edtica de cookies e privacidade da SureSMS\" class=\"read-more\" href=\"https:\/\/suresms.com\/pt\/politikker\/cookie-og-privatlivspolitik-suresms\/\" aria-label=\"Leia mais sobre Pol\u00edtica de cookies e privacidade da SureSMS\">Rir mas<\/a><\/p>","protected":false},"author":1,"featured_media":0,"parent":19124,"menu_order":1,"comment_status":"closed","ping_status":"closed","template":"","meta":{"_fl_builder_enabled":"1","_fl_builder_data":null,"_fl_builder_draft":null,"_fl_builder_data_settings":null,"_fl_builder_css":"","_fl_builder_css_version":"","_fl_builder_js":"","footnotes":""},"categories":[],"tags":[],"class_list":["post-2043","page","type-page","status-publish"],"yoast_head":"<!-- This site is optimized with the Yoast SEO Premium plugin v27.3 (Yoast SEO v27.3) - https:\/\/yoast.com\/product\/yoast-seo-premium-wordpress\/ -->\r\n<title>Cookie- og privatlivspolitik for SureSMS -<\/title>\r\n<meta name=\"description\" content=\"Cookie og privatlivspolitik for SureSMS, Hvordan vi bruger cookies p\u00e5 SureSMS website, Vi deler ikke cookies med 3. part.\" \/>\r\n<meta name=\"robots\" content=\"index, follow, max-snippet:-1, max-image-preview:large, max-video-preview:-1\" \/>\r\n<link rel=\"canonical\" href=\"https:\/\/suresms.com\/pt\/caracteristicas\/garantias-de-cookies-e-politica-de-privacidade\/\" \/>\r\n<meta property=\"og:locale\" content=\"pt_PT\" \/>\r\n<meta property=\"og:type\" content=\"article\" \/>\r\n<meta property=\"og:title\" content=\"Cookie- og privatlivspolitik for SureSMS\" \/>\r\n<meta property=\"og:description\" content=\"Cookie og privatlivspolitik for SureSMS, Hvordan vi bruger cookies p\u00e5 SureSMS website, Vi deler ikke cookies med 3. part.\" \/>\r\n<meta property=\"og:url\" content=\"https:\/\/suresms.com\/pt\/caracteristicas\/garantias-de-cookies-e-politica-de-privacidade\/\" \/>\r\n<meta property=\"article:publisher\" content=\"https:\/\/www.facebook.com\/p\/SureSMS-100044607956149\/\" \/>\r\n<meta property=\"article:modified_time\" content=\"2025-01-04T23:56:41+00:00\" \/>\r\n<meta property=\"og:image\" content=\"https:\/\/suresms.com\/wp-content\/uploads\/2016\/02\/cookies-pc-550x281-1.jpg\" \/>\r\n<meta name=\"twitter:card\" content=\"summary_large_image\" \/>\r\n<meta name=\"twitter:label1\" content=\"Tempo estimado de leitura\" \/>\n\t<meta name=\"twitter:data1\" content=\"4 minutos\" \/>\r\n<script type=\"application\/ld+json\" class=\"yoast-schema-graph\">{\"@context\":\"https:\\\/\\\/schema.org\",\"@graph\":[{\"@type\":\"WebPage\",\"@id\":\"https:\\\/\\\/suresms.com\\\/politikker\\\/cookie-og-privatlivspolitik-suresms\\\/\",\"url\":\"https:\\\/\\\/suresms.com\\\/politikker\\\/cookie-og-privatlivspolitik-suresms\\\/\",\"name\":\"Cookie- og privatlivspolitik for SureSMS -\",\"isPartOf\":{\"@id\":\"https:\\\/\\\/suresms.com\\\/en\\\/#website\"},\"primaryImageOfPage\":{\"@id\":\"https:\\\/\\\/suresms.com\\\/politikker\\\/cookie-og-privatlivspolitik-suresms\\\/#primaryimage\"},\"image\":{\"@id\":\"https:\\\/\\\/suresms.com\\\/politikker\\\/cookie-og-privatlivspolitik-suresms\\\/#primaryimage\"},\"thumbnailUrl\":\"https:\\\/\\\/suresms.com\\\/wp-content\\\/uploads\\\/2016\\\/02\\\/cookies-pc-550x281-1.jpg\",\"datePublished\":\"2016-02-29T14:51:29+00:00\",\"dateModified\":\"2025-01-04T23:56:41+00:00\",\"description\":\"Cookie og privatlivspolitik for SureSMS, Hvordan vi bruger cookies p\u00e5 SureSMS website, Vi deler ikke cookies med 3. part.\",\"breadcrumb\":{\"@id\":\"https:\\\/\\\/suresms.com\\\/politikker\\\/cookie-og-privatlivspolitik-suresms\\\/#breadcrumb\"},\"inLanguage\":\"pt-PT\",\"potentialAction\":[{\"@type\":\"ReadAction\",\"target\":[\"https:\\\/\\\/suresms.com\\\/politikker\\\/cookie-og-privatlivspolitik-suresms\\\/\"]}]},{\"@type\":\"ImageObject\",\"inLanguage\":\"pt-PT\",\"@id\":\"https:\\\/\\\/suresms.com\\\/politikker\\\/cookie-og-privatlivspolitik-suresms\\\/#primaryimage\",\"url\":\"https:\\\/\\\/suresms.com\\\/wp-content\\\/uploads\\\/2016\\\/02\\\/cookies-pc-550x281-1.jpg\",\"contentUrl\":\"https:\\\/\\\/suresms.com\\\/wp-content\\\/uploads\\\/2016\\\/02\\\/cookies-pc-550x281-1.jpg\"},{\"@type\":\"BreadcrumbList\",\"@id\":\"https:\\\/\\\/suresms.com\\\/politikker\\\/cookie-og-privatlivspolitik-suresms\\\/#breadcrumb\",\"itemListElement\":[{\"@type\":\"ListItem\",\"position\":1,\"name\":\"Home\",\"item\":\"https:\\\/\\\/suresms.com\\\/dk\\\/\"},{\"@type\":\"ListItem\",\"position\":2,\"name\":\"Politikker\",\"item\":\"https:\\\/\\\/suresms.com\\\/politikker\\\/\"},{\"@type\":\"ListItem\",\"position\":3,\"name\":\"Cookie- og privatlivspolitik for SureSMS\"}]},{\"@type\":\"WebSite\",\"@id\":\"https:\\\/\\\/suresms.com\\\/en\\\/#website\",\"url\":\"https:\\\/\\\/suresms.com\\\/en\\\/\",\"name\":\"SureSMS\",\"description\":\"Professionel SMS Gateway\",\"publisher\":{\"@id\":\"https:\\\/\\\/suresms.com\\\/en\\\/#organization\"},\"potentialAction\":[{\"@type\":\"SearchAction\",\"target\":{\"@type\":\"EntryPoint\",\"urlTemplate\":\"https:\\\/\\\/suresms.com\\\/en\\\/?s={search_term_string}\"},\"query-input\":{\"@type\":\"PropertyValueSpecification\",\"valueRequired\":true,\"valueName\":\"search_term_string\"}}],\"inLanguage\":\"pt-PT\"},{\"@type\":\"Organization\",\"@id\":\"https:\\\/\\\/suresms.com\\\/en\\\/#organization\",\"name\":\"SureSMS\",\"url\":\"https:\\\/\\\/suresms.com\\\/en\\\/\",\"logo\":{\"@type\":\"ImageObject\",\"inLanguage\":\"pt-PT\",\"@id\":\"https:\\\/\\\/suresms.com\\\/en\\\/#\\\/schema\\\/logo\\\/image\\\/\",\"url\":\"https:\\\/\\\/suresms.com\\\/wp-content\\\/uploads\\\/2024\\\/11\\\/suresms-300x65-1.png\",\"contentUrl\":\"https:\\\/\\\/suresms.com\\\/wp-content\\\/uploads\\\/2024\\\/11\\\/suresms-300x65-1.png\",\"width\":300,\"height\":65,\"caption\":\"SureSMS\"},\"image\":{\"@id\":\"https:\\\/\\\/suresms.com\\\/en\\\/#\\\/schema\\\/logo\\\/image\\\/\"},\"sameAs\":[\"https:\\\/\\\/www.facebook.com\\\/p\\\/SureSMS-100044607956149\\\/\"]}]}<\/script>\r\n<!-- \/ Yoast SEO Premium plugin. -->","yoast_head_json":{"title":"Pol\u00edtica de Privacidade e de Cookies da SureSMS - SureSMS","description":"Pol\u00edtica de cookies e de privacidade da SureSMS, Como utilizamos os cookies no s\u00edtio Web da SureSMS, N\u00e3o partilhamos cookies com terceiros.","robots":{"index":"index","follow":"follow","max-snippet":"max-snippet:-1","max-image-preview":"max-image-preview:large","max-video-preview":"max-video-preview:-1"},"canonical":"https:\/\/suresms.com\/pt\/caracteristicas\/garantias-de-cookies-e-politica-de-privacidade\/","og_locale":"pt_PT","og_type":"article","og_title":"Cookie- og privatlivspolitik for SureSMS","og_description":"Cookie og privatlivspolitik for SureSMS, Hvordan vi bruger cookies p\u00e5 SureSMS website, Vi deler ikke cookies med 3. part.","og_url":"https:\/\/suresms.com\/pt\/caracteristicas\/garantias-de-cookies-e-politica-de-privacidade\/","article_publisher":"https:\/\/www.facebook.com\/p\/SureSMS-100044607956149\/","article_modified_time":"2025-01-04T23:56:41+00:00","og_image":[{"url":"https:\/\/suresms.com\/wp-content\/uploads\/2016\/02\/cookies-pc-550x281-1.jpg","type":"","width":"","height":""}],"twitter_card":"summary_large_image","twitter_misc":{"Tempo estimado de leitura":"4 minutos"},"schema":{"@context":"https:\/\/schema.org","@graph":[{"@type":"WebPage","@id":"https:\/\/suresms.com\/politikker\/cookie-og-privatlivspolitik-suresms\/","url":"https:\/\/suresms.com\/politikker\/cookie-og-privatlivspolitik-suresms\/","name":"Pol\u00edtica de Privacidade e de Cookies da SureSMS - SureSMS","isPartOf":{"@id":"https:\/\/suresms.com\/en\/#website"},"primaryImageOfPage":{"@id":"https:\/\/suresms.com\/politikker\/cookie-og-privatlivspolitik-suresms\/#primaryimage"},"image":{"@id":"https:\/\/suresms.com\/politikker\/cookie-og-privatlivspolitik-suresms\/#primaryimage"},"thumbnailUrl":"https:\/\/suresms.com\/wp-content\/uploads\/2016\/02\/cookies-pc-550x281-1.jpg","datePublished":"2016-02-29T14:51:29+00:00","dateModified":"2025-01-04T23:56:41+00:00","description":"Pol\u00edtica de cookies e de privacidade da SureSMS, Como utilizamos os cookies no s\u00edtio Web da SureSMS, N\u00e3o partilhamos cookies com terceiros.","breadcrumb":{"@id":"https:\/\/suresms.com\/politikker\/cookie-og-privatlivspolitik-suresms\/#breadcrumb"},"inLanguage":"pt-PT","potentialAction":[{"@type":"ReadAction","target":["https:\/\/suresms.com\/politikker\/cookie-og-privatlivspolitik-suresms\/"]}]},{"@type":"ImageObject","inLanguage":"pt-PT","@id":"https:\/\/suresms.com\/politikker\/cookie-og-privatlivspolitik-suresms\/#primaryimage","url":"https:\/\/suresms.com\/wp-content\/uploads\/2016\/02\/cookies-pc-550x281-1.jpg","contentUrl":"https:\/\/suresms.com\/wp-content\/uploads\/2016\/02\/cookies-pc-550x281-1.jpg"},{"@type":"BreadcrumbList","@id":"https:\/\/suresms.com\/politikker\/cookie-og-privatlivspolitik-suresms\/#breadcrumb","itemListElement":[{"@type":"ListItem","position":1,"name":"Home","item":"https:\/\/suresms.com\/dk\/"},{"@type":"ListItem","position":2,"name":"Politikker","item":"https:\/\/suresms.com\/politikker\/"},{"@type":"ListItem","position":3,"name":"Cookie- og privatlivspolitik for SureSMS"}]},{"@type":"WebSite","@id":"https:\/\/suresms.com\/en\/#website","url":"https:\/\/suresms.com\/en\/","name":"SureSMS","description":"Gateway SMS profissional","publisher":{"@id":"https:\/\/suresms.com\/en\/#organization"},"potentialAction":[{"@type":"SearchAction","target":{"@type":"EntryPoint","urlTemplate":"https:\/\/suresms.com\/en\/?s={search_term_string}"},"query-input":{"@type":"PropertyValueSpecification","valueRequired":true,"valueName":"search_term_string"}}],"inLanguage":"pt-PT"},{"@type":"Organization","@id":"https:\/\/suresms.com\/en\/#organization","name":"SureSMS","url":"https:\/\/suresms.com\/en\/","logo":{"@type":"ImageObject","inLanguage":"pt-PT","@id":"https:\/\/suresms.com\/en\/#\/schema\/logo\/image\/","url":"https:\/\/suresms.com\/wp-content\/uploads\/2024\/11\/suresms-300x65-1.png","contentUrl":"https:\/\/suresms.com\/wp-content\/uploads\/2024\/11\/suresms-300x65-1.png","width":300,"height":65,"caption":"SureSMS"},"image":{"@id":"https:\/\/suresms.com\/en\/#\/schema\/logo\/image\/"},"sameAs":["https:\/\/www.facebook.com\/p\/SureSMS-100044607956149\/"]}]}},"_links":{"self":[{"href":"https:\/\/suresms.com\/pt\/wp-json\/wp\/v2\/pages\/2043","targetHints":{"allow":["GET"]}}],"collection":[{"href":"https:\/\/suresms.com\/pt\/wp-json\/wp\/v2\/pages"}],"about":[{"href":"https:\/\/suresms.com\/pt\/wp-json\/wp\/v2\/types\/page"}],"author":[{"embeddable":true,"href":"https:\/\/suresms.com\/pt\/wp-json\/wp\/v2\/users\/1"}],"replies":[{"embeddable":true,"href":"https:\/\/suresms.com\/pt\/wp-json\/wp\/v2\/comments?post=2043"}],"version-history":[{"count":7,"href":"https:\/\/suresms.com\/pt\/wp-json\/wp\/v2\/pages\/2043\/revisions"}],"predecessor-version":[{"id":20990,"href":"https:\/\/suresms.com\/pt\/wp-json\/wp\/v2\/pages\/2043\/revisions\/20990"}],"up":[{"embeddable":true,"href":"https:\/\/suresms.com\/pt\/wp-json\/wp\/v2\/pages\/19124"}],"wp:attachment":[{"href":"https:\/\/suresms.com\/pt\/wp-json\/wp\/v2\/media?parent=2043"}],"wp:term":[{"taxonomy":"category","embeddable":true,"href":"https:\/\/suresms.com\/pt\/wp-json\/wp\/v2\/categories?post=2043"},{"taxonomy":"post_tag","embeddable":true,"href":"https:\/\/suresms.com\/pt\/wp-json\/wp\/v2\/tags?post=2043"}],"curies":[{"name":"wp","href":"https:\/\/api.w.org\/{rel}","templated":true}]}}