{"id":19303,"date":"2024-11-28T16:00:39","date_gmt":"2024-11-28T16:00:39","guid":{"rendered":"https:\/\/suresms.com\/?page_id=19303"},"modified":"2024-11-28T16:00:39","modified_gmt":"2024-11-28T16:00:39","slug":"subcontratantes-2","status":"publish","type":"page","link":"https:\/\/suresms.com\/pt\/ressourcer\/gdpr\/databehandleraftale\/","title":{"rendered":"Acordo de tratamento de dados"},"content":{"rendered":"<!-- Flexy Breadcrumb -->\r\n\t\t\t<div class=\"fbc fbc-page\">\r\n\r\n\t\t\t\t<!-- Breadcrumb wrapper -->\r\n\t\t\t\t<div class=\"fbc-wrap\">\r\n\r\n\t\t\t\t\t<!-- Ordered list-->\r\n\t\t\t\t\t<ol class=\"fbc-items\" itemscope itemtype=\"https:\/\/schema.org\/BreadcrumbList\">\r\n\t\t\t\t\t\t            <li itemprop=\"itemListElement\" itemscope itemtype=\"https:\/\/schema.org\/ListItem\">\r\n                <span itemprop=\"name\">\r\n                    <!-- Home Link -->\r\n                    <a itemprop=\"item\" href=\"https:\/\/suresms.com\/pt\/\">\r\n                    \r\n                                                    <i class=\"fa fa-home\" aria-hidden=\"true\"><\/i>In\u00edcio                    <\/a>\r\n                <\/span>\r\n                <meta itemprop=\"position\" content=\"1\" \/><!-- Meta Position-->\r\n             <\/li><li><span class=\"fbc-separator\">\/<\/span><\/li><li class=\"active\" itemprop=\"itemListElement\" itemscope itemtype=\"https:\/\/schema.org\/ListItem\"><span itemprop=\"name\" title=\"Acordo de tratamento de dados\">Acordo de tratamento de dados<\/span><meta itemprop=\"position\" content=\"2\" \/><\/li>\t\t\t\t\t<\/ol>\r\n\t\t\t\t\t<div class=\"clearfix\"><\/div>\r\n\t\t\t\t<\/div>\r\n\t\t\t<\/div>\r\n\t\t\t\n\t<h1>Contrato de processamento de dados para SureSMS<\/h1>\n<p>Oferecemos o nosso Acordo de Processamento de Dados, que \u00e9 desenvolvido de acordo com o Regulamento Geral de Prote\u00e7\u00e3o de Dados (GDPR). Este acordo garante o tratamento correto e seguro dos dados pessoais que a SureSMS processa em nome dos nossos clientes. \u00c9 importante que o utilizador, como cliente, preencha as suas pr\u00f3prias informa\u00e7\u00f5es para tornar o acordo v\u00e1lido.<\/p>\n\t<h2>O que \u00e9 que precisa de ser preenchido?<\/h2>\n<p>O acordo de processamento de dados cont\u00e9m campos que devem ser preenchidos pelo cliente para que possa ser corretamente personalizado para a sua empresa:<\/p>\n<ul>\n<li><strong>Nome e endere\u00e7o do cliente<\/strong>Preencha o nome da sua empresa, o endere\u00e7o e o n\u00famero de registo da empresa.<\/li>\n<li><strong>Dados de contacto<\/strong>Introduza os seus dados de contacto relevantes, tais como nome, e-mail e n\u00famero de telefone.<\/li>\n<li><strong>Objetivo do tratamento de dados<\/strong>Personalize o objetivo dos SMS que a sua empresa envia. Pode ser, por exemplo, \"para informar sobre reservas, entregas ou ofertas\".<\/li>\n<li><strong>Categorias de dados<\/strong>Especificar os tipos de dados pessoais que est\u00e3o a ser tratados, como o nome, a morada ou o n\u00famero de telefone, bem como as categorias de pessoas envolvidas (por exemplo, clientes, empregados).<\/li>\n<\/ul>\n<p>Todos os campos onde as suas informa\u00e7\u00f5es espec\u00edficas devem ser inclu\u00eddas est\u00e3o assinalados para que os possa identificar e preencher facilmente.<\/p>\n\t<h2>Descarregar o acordo de tratamento de dados<\/h2>\n<p>Pode descarregar o nosso acordo padr\u00e3o de processamento de dados e preench\u00ea-lo com os seus dados. Clique no bot\u00e3o abaixo para o descarregar em formato Word.<\/p>\n<p><a href=\"https:\/\/suresms.com\/wp-content\/uploads\/2024\/11\/Databehandleraftale-for-SureSMS.docx\">Descarregar o acordo de processamento de dados para SureSMS<\/a><\/p>\n\t<h2>Precisa de uma solu\u00e7\u00e3o personalizada?<\/h2>\n<p>Estamos prontos para o ajudar com um acordo de tratamento de dados personalizado se o nosso acordo padr\u00e3o n\u00e3o se adequar \u00e0s suas necessidades. Um acordo personalizado garante que todas as suas condi\u00e7\u00f5es e requisitos espec\u00edficos s\u00e3o abrangidos para lhe proporcionar a melhor seguran\u00e7a e conformidade com a legisla\u00e7\u00e3o aplic\u00e1vel.<\/p>\n<p>Oferecemos esta personaliza\u00e7\u00e3o numa base hor\u00e1ria a um pre\u00e7o de 1.295 DKK por hora.<\/p>\n<p><a href=\"mailto:support@suresms.com\"><strong>Contactar-nos<\/strong><\/a> para saber mais e obter uma solu\u00e7\u00e3o perfeita para a sua empresa.<\/p>","protected":false},"excerpt":{"rendered":"<p>Acordo de Processamento de Dados SureSMS Oferecemos o nosso Acordo de Processamento de Dados desenvolvido de acordo com o Regulamento Geral de Prote\u00e7\u00e3o de Dados (GDPR). Este acordo garante o tratamento correto e seguro dos dados pessoais que a SureSMS processa em nome dos nossos clientes. \u00c9 importante que o utilizador, enquanto cliente, preencha as suas pr\u00f3prias informa\u00e7\u00f5es para tornar o acordo v\u00e1lido. O que precisa de ser preenchido? O Acordo de Processamento de Dados cont\u00e9m campos que... <a title=\"Acordo de tratamento de dados\" class=\"read-more\" href=\"https:\/\/suresms.com\/pt\/ressourcer\/gdpr\/databehandleraftale\/\" aria-label=\"Leia mais sobre o Acordo de Processamento de Dados\">Rir mas<\/a><\/p>","protected":false},"author":1,"featured_media":0,"parent":5221,"menu_order":0,"comment_status":"closed","ping_status":"closed","template":"","meta":{"_fl_builder_enabled":"1","_fl_builder_data":null,"_fl_builder_draft":null,"_fl_builder_data_settings":null,"_fl_builder_css":"","_fl_builder_css_version":"","_fl_builder_js":"","footnotes":""},"categories":[],"tags":[],"class_list":["post-19303","page","type-page","status-publish"],"yoast_head":"<!-- This site is optimized with the Yoast SEO Premium plugin v27.3 (Yoast SEO v27.3) - https:\/\/yoast.com\/product\/yoast-seo-premium-wordpress\/ -->\r\n<title>Databehandleraftale -<\/title>\r\n<meta name=\"robots\" content=\"index, follow, max-snippet:-1, max-image-preview:large, max-video-preview:-1\" \/>\r\n<link rel=\"canonical\" href=\"https:\/\/suresms.com\/pt\/recursos\/gdpr\/subcontratantes-2\/\" \/>\r\n<meta property=\"og:locale\" content=\"pt_PT\" \/>\r\n<meta property=\"og:type\" content=\"article\" \/>\r\n<meta property=\"og:title\" content=\"Databehandleraftale\" \/>\r\n<meta property=\"og:description\" content=\"Databehandleraftale for SureSMS Vi tilbyder vores databehandleraftale, som er udviklet i overensstemmelse med databeskyttelsesforordningen (GDPR). Denne aftale sikrer en korrekt og sikker h\u00e5ndtering af personoplysninger, som SureSMS behandler p\u00e5 vegne af vores kunder. Det er vigtigt, at du som kunde udfylder dine egne oplysninger for at g\u00f8re aftalen gyldig. Hvad skal udfyldes? Databehandleraftalen indeholder felter, ... Ler mais\" \/>\r\n<meta property=\"og:url\" content=\"https:\/\/suresms.com\/pt\/recursos\/gdpr\/subcontratantes-2\/\" \/>\r\n<meta property=\"article:publisher\" content=\"https:\/\/www.facebook.com\/p\/SureSMS-100044607956149\/\" \/>\r\n<meta name=\"twitter:card\" content=\"summary_large_image\" \/>\r\n<meta name=\"twitter:label1\" content=\"Tempo estimado de leitura\" \/>\n\t<meta name=\"twitter:data1\" content=\"2 minutos\" \/>\r\n<script type=\"application\/ld+json\" class=\"yoast-schema-graph\">{\"@context\":\"https:\\\/\\\/schema.org\",\"@graph\":[{\"@type\":\"WebPage\",\"@id\":\"https:\\\/\\\/suresms.com\\\/dk\\\/ressourcer\\\/gdpr\\\/databehandleraftale\\\/\",\"url\":\"https:\\\/\\\/suresms.com\\\/dk\\\/ressourcer\\\/gdpr\\\/databehandleraftale\\\/\",\"name\":\"Databehandleraftale -\",\"isPartOf\":{\"@id\":\"https:\\\/\\\/suresms.com\\\/en\\\/#website\"},\"datePublished\":\"2024-11-28T16:00:39+00:00\",\"breadcrumb\":{\"@id\":\"https:\\\/\\\/suresms.com\\\/dk\\\/ressourcer\\\/gdpr\\\/databehandleraftale\\\/#breadcrumb\"},\"inLanguage\":\"pt-PT\",\"potentialAction\":[{\"@type\":\"ReadAction\",\"target\":[\"https:\\\/\\\/suresms.com\\\/dk\\\/ressourcer\\\/gdpr\\\/databehandleraftale\\\/\"]}]},{\"@type\":\"BreadcrumbList\",\"@id\":\"https:\\\/\\\/suresms.com\\\/dk\\\/ressourcer\\\/gdpr\\\/databehandleraftale\\\/#breadcrumb\",\"itemListElement\":[{\"@type\":\"ListItem\",\"position\":1,\"name\":\"Home\",\"item\":\"https:\\\/\\\/suresms.com\\\/dk\\\/\"},{\"@type\":\"ListItem\",\"position\":2,\"name\":\"Ressourcer\",\"item\":\"https:\\\/\\\/suresms.com\\\/ressourcer\\\/\"},{\"@type\":\"ListItem\",\"position\":3,\"name\":\"GDPR\",\"item\":\"https:\\\/\\\/suresms.com\\\/dk\\\/ressourcer\\\/gdpr\\\/\"},{\"@type\":\"ListItem\",\"position\":4,\"name\":\"Databehandleraftale\"}]},{\"@type\":\"WebSite\",\"@id\":\"https:\\\/\\\/suresms.com\\\/en\\\/#website\",\"url\":\"https:\\\/\\\/suresms.com\\\/en\\\/\",\"name\":\"SureSMS\",\"description\":\"Professionel SMS Gateway\",\"publisher\":{\"@id\":\"https:\\\/\\\/suresms.com\\\/en\\\/#organization\"},\"potentialAction\":[{\"@type\":\"SearchAction\",\"target\":{\"@type\":\"EntryPoint\",\"urlTemplate\":\"https:\\\/\\\/suresms.com\\\/en\\\/?s={search_term_string}\"},\"query-input\":{\"@type\":\"PropertyValueSpecification\",\"valueRequired\":true,\"valueName\":\"search_term_string\"}}],\"inLanguage\":\"pt-PT\"},{\"@type\":\"Organization\",\"@id\":\"https:\\\/\\\/suresms.com\\\/en\\\/#organization\",\"name\":\"SureSMS\",\"url\":\"https:\\\/\\\/suresms.com\\\/en\\\/\",\"logo\":{\"@type\":\"ImageObject\",\"inLanguage\":\"pt-PT\",\"@id\":\"https:\\\/\\\/suresms.com\\\/en\\\/#\\\/schema\\\/logo\\\/image\\\/\",\"url\":\"https:\\\/\\\/suresms.com\\\/wp-content\\\/uploads\\\/2024\\\/11\\\/suresms-300x65-1.png\",\"contentUrl\":\"https:\\\/\\\/suresms.com\\\/wp-content\\\/uploads\\\/2024\\\/11\\\/suresms-300x65-1.png\",\"width\":300,\"height\":65,\"caption\":\"SureSMS\"},\"image\":{\"@id\":\"https:\\\/\\\/suresms.com\\\/en\\\/#\\\/schema\\\/logo\\\/image\\\/\"},\"sameAs\":[\"https:\\\/\\\/www.facebook.com\\\/p\\\/SureSMS-100044607956149\\\/\"]}]}<\/script>\r\n<!-- \/ Yoast SEO Premium plugin. -->","yoast_head_json":{"title":"Acordo de tratamento de dados","robots":{"index":"index","follow":"follow","max-snippet":"max-snippet:-1","max-image-preview":"max-image-preview:large","max-video-preview":"max-video-preview:-1"},"canonical":"https:\/\/suresms.com\/pt\/recursos\/gdpr\/subcontratantes-2\/","og_locale":"pt_PT","og_type":"article","og_title":"Databehandleraftale","og_description":"Databehandleraftale for SureSMS Vi tilbyder vores databehandleraftale, som er udviklet i overensstemmelse med databeskyttelsesforordningen (GDPR). Denne aftale sikrer en korrekt og sikker h\u00e5ndtering af personoplysninger, som SureSMS behandler p\u00e5 vegne af vores kunder. Det er vigtigt, at du som kunde udfylder dine egne oplysninger for at g\u00f8re aftalen gyldig. Hvad skal udfyldes? Databehandleraftalen indeholder felter, ... Ler mais","og_url":"https:\/\/suresms.com\/pt\/recursos\/gdpr\/subcontratantes-2\/","article_publisher":"https:\/\/www.facebook.com\/p\/SureSMS-100044607956149\/","twitter_card":"summary_large_image","twitter_misc":{"Tempo estimado de leitura":"2 minutos"},"schema":{"@context":"https:\/\/schema.org","@graph":[{"@type":"WebPage","@id":"https:\/\/suresms.com\/dk\/ressourcer\/gdpr\/databehandleraftale\/","url":"https:\/\/suresms.com\/dk\/ressourcer\/gdpr\/databehandleraftale\/","name":"Acordo de tratamento de dados","isPartOf":{"@id":"https:\/\/suresms.com\/en\/#website"},"datePublished":"2024-11-28T16:00:39+00:00","breadcrumb":{"@id":"https:\/\/suresms.com\/dk\/ressourcer\/gdpr\/databehandleraftale\/#breadcrumb"},"inLanguage":"pt-PT","potentialAction":[{"@type":"ReadAction","target":["https:\/\/suresms.com\/dk\/ressourcer\/gdpr\/databehandleraftale\/"]}]},{"@type":"BreadcrumbList","@id":"https:\/\/suresms.com\/dk\/ressourcer\/gdpr\/databehandleraftale\/#breadcrumb","itemListElement":[{"@type":"ListItem","position":1,"name":"Home","item":"https:\/\/suresms.com\/dk\/"},{"@type":"ListItem","position":2,"name":"Ressourcer","item":"https:\/\/suresms.com\/ressourcer\/"},{"@type":"ListItem","position":3,"name":"GDPR","item":"https:\/\/suresms.com\/dk\/ressourcer\/gdpr\/"},{"@type":"ListItem","position":4,"name":"Databehandleraftale"}]},{"@type":"WebSite","@id":"https:\/\/suresms.com\/en\/#website","url":"https:\/\/suresms.com\/en\/","name":"SureSMS","description":"Gateway SMS profissional","publisher":{"@id":"https:\/\/suresms.com\/en\/#organization"},"potentialAction":[{"@type":"SearchAction","target":{"@type":"EntryPoint","urlTemplate":"https:\/\/suresms.com\/en\/?s={search_term_string}"},"query-input":{"@type":"PropertyValueSpecification","valueRequired":true,"valueName":"search_term_string"}}],"inLanguage":"pt-PT"},{"@type":"Organization","@id":"https:\/\/suresms.com\/en\/#organization","name":"SureSMS","url":"https:\/\/suresms.com\/en\/","logo":{"@type":"ImageObject","inLanguage":"pt-PT","@id":"https:\/\/suresms.com\/en\/#\/schema\/logo\/image\/","url":"https:\/\/suresms.com\/wp-content\/uploads\/2024\/11\/suresms-300x65-1.png","contentUrl":"https:\/\/suresms.com\/wp-content\/uploads\/2024\/11\/suresms-300x65-1.png","width":300,"height":65,"caption":"SureSMS"},"image":{"@id":"https:\/\/suresms.com\/en\/#\/schema\/logo\/image\/"},"sameAs":["https:\/\/www.facebook.com\/p\/SureSMS-100044607956149\/"]}]}},"_links":{"self":[{"href":"https:\/\/suresms.com\/pt\/wp-json\/wp\/v2\/pages\/19303","targetHints":{"allow":["GET"]}}],"collection":[{"href":"https:\/\/suresms.com\/pt\/wp-json\/wp\/v2\/pages"}],"about":[{"href":"https:\/\/suresms.com\/pt\/wp-json\/wp\/v2\/types\/page"}],"author":[{"embeddable":true,"href":"https:\/\/suresms.com\/pt\/wp-json\/wp\/v2\/users\/1"}],"replies":[{"embeddable":true,"href":"https:\/\/suresms.com\/pt\/wp-json\/wp\/v2\/comments?post=19303"}],"version-history":[{"count":2,"href":"https:\/\/suresms.com\/pt\/wp-json\/wp\/v2\/pages\/19303\/revisions"}],"predecessor-version":[{"id":19307,"href":"https:\/\/suresms.com\/pt\/wp-json\/wp\/v2\/pages\/19303\/revisions\/19307"}],"up":[{"embeddable":true,"href":"https:\/\/suresms.com\/pt\/wp-json\/wp\/v2\/pages\/5221"}],"wp:attachment":[{"href":"https:\/\/suresms.com\/pt\/wp-json\/wp\/v2\/media?parent=19303"}],"wp:term":[{"taxonomy":"category","embeddable":true,"href":"https:\/\/suresms.com\/pt\/wp-json\/wp\/v2\/categories?post=19303"},{"taxonomy":"post_tag","embeddable":true,"href":"https:\/\/suresms.com\/pt\/wp-json\/wp\/v2\/tags?post=19303"}],"curies":[{"name":"wp","href":"https:\/\/api.w.org\/{rel}","templated":true}]}}