{"id":19129,"date":"2024-11-24T17:01:27","date_gmt":"2024-11-24T17:01:27","guid":{"rendered":"https:\/\/suresms.com\/?page_id=19129"},"modified":"2025-07-17T07:31:16","modified_gmt":"2025-07-17T07:31:16","slug":"politica-de-privacidade-2","status":"publish","type":"page","link":"https:\/\/suresms.com\/pt\/politikker\/anti-spam\/","title":{"rendered":"Pol\u00edtica anti-spam"},"content":{"rendered":"<h1><strong>Pol\u00edtica Anti-Spam da SureSMS<\/strong><\/h1>\n<p>Na SureSMS temos uma <strong>pol\u00edtica de toler\u00e2ncia zero<\/strong> contra o spam. O spam \u00e9 definido como uma comunica\u00e7\u00e3o n\u00e3o solicitada a utilizadores m\u00f3veis que n\u00e3o deram o seu consentimento expl\u00edcito (opt-in) para receber as suas mensagens SMS.<\/p>\n<p>Se tivermos conhecimento de que o utilizador est\u00e1 a violar esta pol\u00edtica, a sua conta ser\u00e1 <strong>encerrado com efeito imediato<\/strong>. Se suspeitar que um dos nossos clientes est\u00e1 a violar as nossas pol\u00edticas, contacte-nos atrav\u00e9s de <strong><a rel=\"noopener\">support@suresms.com<\/a><\/strong>.<\/p>\n\t<h2>Requisitos para a autoriza\u00e7\u00e3o<\/h2>\n<p>Para utilizar o SureSMS, s\u00f3 precisa de enviar mensagens SMS para destinat\u00e1rios que tenham dado um <strong>consentimento ativo<\/strong>. O consentimento pode, por exemplo, ser obtido atrav\u00e9s de:<\/p>\n<ul>\n<li>O utilizador m\u00f3vel envia um SMS para um c\u00f3digo curto, por exemplo, 1245.<\/li>\n<li>Inscreva-se atrav\u00e9s de um formul\u00e1rio no seu s\u00edtio Web.<\/li>\n<li>Aceitar boletins informativos na sua loja virtual ou s\u00edtio Web.<\/li>\n<li>Participa\u00e7\u00e3o em concursos em que se indique claramente o objeto do consentimento.<\/li>\n<\/ul>\n<p>A n\u00e3o apresenta\u00e7\u00e3o da prova de consentimento \u00e9 considerada uma viola\u00e7\u00e3o material do acordo e a sua conta permanecer\u00e1 encerrada.<\/p>\n\t<h2>Conte\u00fados proibidos<\/h2>\n<p>O SureSMS n\u00e3o permite mensagens SMS com o seguinte conte\u00fado:<\/p>\n<ul>\n<li>Pornografia, servi\u00e7os de acompanhantes ou material que explore crian\u00e7as com menos de 18 anos.<\/li>\n<li>Bens, subst\u00e2ncias ou actividades ilegais, incluindo software pirata e instru\u00e7\u00f5es de fabrico de armas.<\/li>\n<li>Material violento, racista, odioso, amea\u00e7ador, fraudulento ou ilegal.<\/li>\n<li>Conte\u00fados que violem os direitos de propriedade intelectual (direitos de autor, marcas registadas, etc.).<\/li>\n<li>Conte\u00fados que promovam produtos ou servi\u00e7os ilegais na localiza\u00e7\u00e3o do destinat\u00e1rio.<\/li>\n<li>Liga\u00e7\u00f5es a v\u00edrus, malware ou cavalos de Troia.<\/li>\n<li>Incentivar a viol\u00eancia contra indiv\u00edduos, grupos ou organiza\u00e7\u00f5es.<\/li>\n<\/ul>\n\t<h2>Procedimento de infra\u00e7\u00e3o<\/h2>\n<p>Se suspeitarmos de spam, faremos uma avalia\u00e7\u00e3o:<\/p>\n<ol>\n<li>O conte\u00fado das mensagens SMS enviadas.<\/li>\n<li>Documenta\u00e7\u00e3o do consentimento dos utilizadores m\u00f3veis.<\/li>\n<li>A queixa de spam e como\/se o queixoso est\u00e1 registado.<\/li>\n<\/ol>\n<p>Se concluirmos que o utilizador enviou spam, a sua conta ser\u00e1 permanentemente encerrada.<\/p>\n\t<h2>Recebeu spam?<\/h2>\n<p>Fazemos tudo o que est\u00e1 ao nosso alcance para evitar o spam, mas com mais de 10 milh\u00f5es de mensagens SMS enviadas todos os meses, podem ocorrer erros. Se recebeu uma SMS n\u00e3o solicitada, por favor:<\/p>\n<ol>\n<li>Cancelar a subscri\u00e7\u00e3o atrav\u00e9s das instru\u00e7\u00f5es da mensagem SMS (tarifa normal de SMS).<\/li>\n<li>Reencaminhar o conte\u00fado da mensagem e os dados do remetente para <strong><a rel=\"noopener\">support@suresms.com<\/a><\/strong>para podermos investigar e contactar o cliente.<\/li>\n<\/ol>\n<p>A sua seguran\u00e7a e confian\u00e7a s\u00e3o a nossa principal prioridade. N\u00e3o toleramos qualquer viola\u00e7\u00e3o desta pol\u00edtica.<\/p>","protected":false},"excerpt":{"rendered":"<p>Pol\u00edtica Anti-Spam da SureSMS Na SureSMS temos uma pol\u00edtica de toler\u00e2ncia zero em rela\u00e7\u00e3o ao spam. O spam \u00e9 definido como comunica\u00e7\u00e3o n\u00e3o solicitada a utilizadores m\u00f3veis que n\u00e3o deram o seu consentimento expl\u00edcito (opt-in) para receber as suas mensagens SMS. Se tivermos conhecimento de que est\u00e1 a violar esta pol\u00edtica, a sua conta ser\u00e1 encerrada com efeito imediato. Se suspeitar que ... <a title=\"Pol\u00edtica anti-spam\" class=\"read-more\" href=\"https:\/\/suresms.com\/pt\/politikker\/anti-spam\/\" aria-label=\"Ler mais sobre Pol\u00edtica anti-spam\">Rir mas<\/a><\/p>","protected":false},"author":1,"featured_media":0,"parent":19124,"menu_order":0,"comment_status":"closed","ping_status":"closed","template":"","meta":{"_fl_builder_enabled":"1","_fl_builder_data":null,"_fl_builder_draft":null,"_fl_builder_data_settings":null,"_fl_builder_css":"","_fl_builder_css_version":"","_fl_builder_js":"","footnotes":""},"categories":[],"tags":[],"class_list":["post-19129","page","type-page","status-publish"],"yoast_head":"<!-- This site is optimized with the Yoast SEO Premium plugin v27.3 (Yoast SEO v27.3) - https:\/\/yoast.com\/product\/yoast-seo-premium-wordpress\/ -->\r\n<title>Anti-spam politik -<\/title>\r\n<meta name=\"robots\" content=\"index, follow, max-snippet:-1, max-image-preview:large, max-video-preview:-1\" \/>\r\n<link rel=\"canonical\" href=\"https:\/\/suresms.com\/pt\/caracteristicas\/politica-de-privacidade-2\/\" \/>\r\n<meta property=\"og:locale\" content=\"pt_PT\" \/>\r\n<meta property=\"og:type\" content=\"article\" \/>\r\n<meta property=\"og:title\" content=\"Anti-spam politik\" \/>\r\n<meta property=\"og:description\" content=\"SureSMS Anti-Spam Politik Hos SureSMS har vi en nultolerancepolitik over for spam. Spam defineres som uopfordret kommunikation til mobilbrugere, som ikke har givet deres eksplicitte samtykke (opt-in) til at modtage dine SMS-beskeder. Hvis vi bliver opm\u00e6rksomme p\u00e5, at du overtr\u00e6der denne politik, vil din konto blive lukket med \u00f8jeblikkelig virkning. Har du mistanke om, at ... Ler mais\" \/>\r\n<meta property=\"og:url\" content=\"https:\/\/suresms.com\/pt\/caracteristicas\/politica-de-privacidade-2\/\" \/>\r\n<meta property=\"article:publisher\" content=\"https:\/\/www.facebook.com\/p\/SureSMS-100044607956149\/\" \/>\r\n<meta property=\"article:modified_time\" content=\"2025-07-17T07:31:16+00:00\" \/>\r\n<meta name=\"twitter:card\" content=\"summary_large_image\" \/>\r\n<meta name=\"twitter:label1\" content=\"Tempo estimado de leitura\" \/>\n\t<meta name=\"twitter:data1\" content=\"2 minutos\" \/>\r\n<script type=\"application\/ld+json\" class=\"yoast-schema-graph\">{\"@context\":\"https:\\\/\\\/schema.org\",\"@graph\":[{\"@type\":\"WebPage\",\"@id\":\"https:\\\/\\\/suresms.com\\\/dk\\\/politikker\\\/anti-spam\\\/\",\"url\":\"https:\\\/\\\/suresms.com\\\/dk\\\/politikker\\\/anti-spam\\\/\",\"name\":\"Anti-spam politik -\",\"isPartOf\":{\"@id\":\"https:\\\/\\\/suresms.com\\\/en\\\/#website\"},\"datePublished\":\"2024-11-24T17:01:27+00:00\",\"dateModified\":\"2025-07-17T07:31:16+00:00\",\"breadcrumb\":{\"@id\":\"https:\\\/\\\/suresms.com\\\/dk\\\/politikker\\\/anti-spam\\\/#breadcrumb\"},\"inLanguage\":\"pt-PT\",\"potentialAction\":[{\"@type\":\"ReadAction\",\"target\":[\"https:\\\/\\\/suresms.com\\\/dk\\\/politikker\\\/anti-spam\\\/\"]}]},{\"@type\":\"BreadcrumbList\",\"@id\":\"https:\\\/\\\/suresms.com\\\/dk\\\/politikker\\\/anti-spam\\\/#breadcrumb\",\"itemListElement\":[{\"@type\":\"ListItem\",\"position\":1,\"name\":\"Home\",\"item\":\"https:\\\/\\\/suresms.com\\\/dk\\\/\"},{\"@type\":\"ListItem\",\"position\":2,\"name\":\"Politikker\",\"item\":\"https:\\\/\\\/suresms.com\\\/politikker\\\/\"},{\"@type\":\"ListItem\",\"position\":3,\"name\":\"Anti-spam politik\"}]},{\"@type\":\"WebSite\",\"@id\":\"https:\\\/\\\/suresms.com\\\/en\\\/#website\",\"url\":\"https:\\\/\\\/suresms.com\\\/en\\\/\",\"name\":\"SureSMS\",\"description\":\"Professionel SMS Gateway\",\"publisher\":{\"@id\":\"https:\\\/\\\/suresms.com\\\/en\\\/#organization\"},\"potentialAction\":[{\"@type\":\"SearchAction\",\"target\":{\"@type\":\"EntryPoint\",\"urlTemplate\":\"https:\\\/\\\/suresms.com\\\/en\\\/?s={search_term_string}\"},\"query-input\":{\"@type\":\"PropertyValueSpecification\",\"valueRequired\":true,\"valueName\":\"search_term_string\"}}],\"inLanguage\":\"pt-PT\"},{\"@type\":\"Organization\",\"@id\":\"https:\\\/\\\/suresms.com\\\/en\\\/#organization\",\"name\":\"SureSMS\",\"url\":\"https:\\\/\\\/suresms.com\\\/en\\\/\",\"logo\":{\"@type\":\"ImageObject\",\"inLanguage\":\"pt-PT\",\"@id\":\"https:\\\/\\\/suresms.com\\\/en\\\/#\\\/schema\\\/logo\\\/image\\\/\",\"url\":\"https:\\\/\\\/suresms.com\\\/wp-content\\\/uploads\\\/2024\\\/11\\\/suresms-300x65-1.png\",\"contentUrl\":\"https:\\\/\\\/suresms.com\\\/wp-content\\\/uploads\\\/2024\\\/11\\\/suresms-300x65-1.png\",\"width\":300,\"height\":65,\"caption\":\"SureSMS\"},\"image\":{\"@id\":\"https:\\\/\\\/suresms.com\\\/en\\\/#\\\/schema\\\/logo\\\/image\\\/\"},\"sameAs\":[\"https:\\\/\\\/www.facebook.com\\\/p\\\/SureSMS-100044607956149\\\/\"]}]}<\/script>\r\n<!-- \/ Yoast SEO Premium plugin. -->","yoast_head_json":{"title":"Pol\u00edtica anti-spam","robots":{"index":"index","follow":"follow","max-snippet":"max-snippet:-1","max-image-preview":"max-image-preview:large","max-video-preview":"max-video-preview:-1"},"canonical":"https:\/\/suresms.com\/pt\/caracteristicas\/politica-de-privacidade-2\/","og_locale":"pt_PT","og_type":"article","og_title":"Anti-spam politik","og_description":"SureSMS Anti-Spam Politik Hos SureSMS har vi en nultolerancepolitik over for spam. Spam defineres som uopfordret kommunikation til mobilbrugere, som ikke har givet deres eksplicitte samtykke (opt-in) til at modtage dine SMS-beskeder. Hvis vi bliver opm\u00e6rksomme p\u00e5, at du overtr\u00e6der denne politik, vil din konto blive lukket med \u00f8jeblikkelig virkning. Har du mistanke om, at ... Ler mais","og_url":"https:\/\/suresms.com\/pt\/caracteristicas\/politica-de-privacidade-2\/","article_publisher":"https:\/\/www.facebook.com\/p\/SureSMS-100044607956149\/","article_modified_time":"2025-07-17T07:31:16+00:00","twitter_card":"summary_large_image","twitter_misc":{"Tempo estimado de leitura":"2 minutos"},"schema":{"@context":"https:\/\/schema.org","@graph":[{"@type":"WebPage","@id":"https:\/\/suresms.com\/dk\/politikker\/anti-spam\/","url":"https:\/\/suresms.com\/dk\/politikker\/anti-spam\/","name":"Pol\u00edtica anti-spam","isPartOf":{"@id":"https:\/\/suresms.com\/en\/#website"},"datePublished":"2024-11-24T17:01:27+00:00","dateModified":"2025-07-17T07:31:16+00:00","breadcrumb":{"@id":"https:\/\/suresms.com\/dk\/politikker\/anti-spam\/#breadcrumb"},"inLanguage":"pt-PT","potentialAction":[{"@type":"ReadAction","target":["https:\/\/suresms.com\/dk\/politikker\/anti-spam\/"]}]},{"@type":"BreadcrumbList","@id":"https:\/\/suresms.com\/dk\/politikker\/anti-spam\/#breadcrumb","itemListElement":[{"@type":"ListItem","position":1,"name":"Home","item":"https:\/\/suresms.com\/dk\/"},{"@type":"ListItem","position":2,"name":"Politikker","item":"https:\/\/suresms.com\/politikker\/"},{"@type":"ListItem","position":3,"name":"Anti-spam politik"}]},{"@type":"WebSite","@id":"https:\/\/suresms.com\/en\/#website","url":"https:\/\/suresms.com\/en\/","name":"SureSMS","description":"Gateway SMS profissional","publisher":{"@id":"https:\/\/suresms.com\/en\/#organization"},"potentialAction":[{"@type":"SearchAction","target":{"@type":"EntryPoint","urlTemplate":"https:\/\/suresms.com\/en\/?s={search_term_string}"},"query-input":{"@type":"PropertyValueSpecification","valueRequired":true,"valueName":"search_term_string"}}],"inLanguage":"pt-PT"},{"@type":"Organization","@id":"https:\/\/suresms.com\/en\/#organization","name":"SureSMS","url":"https:\/\/suresms.com\/en\/","logo":{"@type":"ImageObject","inLanguage":"pt-PT","@id":"https:\/\/suresms.com\/en\/#\/schema\/logo\/image\/","url":"https:\/\/suresms.com\/wp-content\/uploads\/2024\/11\/suresms-300x65-1.png","contentUrl":"https:\/\/suresms.com\/wp-content\/uploads\/2024\/11\/suresms-300x65-1.png","width":300,"height":65,"caption":"SureSMS"},"image":{"@id":"https:\/\/suresms.com\/en\/#\/schema\/logo\/image\/"},"sameAs":["https:\/\/www.facebook.com\/p\/SureSMS-100044607956149\/"]}]}},"_links":{"self":[{"href":"https:\/\/suresms.com\/pt\/wp-json\/wp\/v2\/pages\/19129","targetHints":{"allow":["GET"]}}],"collection":[{"href":"https:\/\/suresms.com\/pt\/wp-json\/wp\/v2\/pages"}],"about":[{"href":"https:\/\/suresms.com\/pt\/wp-json\/wp\/v2\/types\/page"}],"author":[{"embeddable":true,"href":"https:\/\/suresms.com\/pt\/wp-json\/wp\/v2\/users\/1"}],"replies":[{"embeddable":true,"href":"https:\/\/suresms.com\/pt\/wp-json\/wp\/v2\/comments?post=19129"}],"version-history":[{"count":4,"href":"https:\/\/suresms.com\/pt\/wp-json\/wp\/v2\/pages\/19129\/revisions"}],"predecessor-version":[{"id":23452,"href":"https:\/\/suresms.com\/pt\/wp-json\/wp\/v2\/pages\/19129\/revisions\/23452"}],"up":[{"embeddable":true,"href":"https:\/\/suresms.com\/pt\/wp-json\/wp\/v2\/pages\/19124"}],"wp:attachment":[{"href":"https:\/\/suresms.com\/pt\/wp-json\/wp\/v2\/media?parent=19129"}],"wp:term":[{"taxonomy":"category","embeddable":true,"href":"https:\/\/suresms.com\/pt\/wp-json\/wp\/v2\/categories?post=19129"},{"taxonomy":"post_tag","embeddable":true,"href":"https:\/\/suresms.com\/pt\/wp-json\/wp\/v2\/tags?post=19129"}],"curies":[{"name":"wp","href":"https:\/\/api.w.org\/{rel}","templated":true}]}}