{"id":19014,"date":"2024-11-19T19:02:34","date_gmt":"2024-11-19T19:02:34","guid":{"rendered":"https:\/\/suresms.com\/?page_id=19014"},"modified":"2025-01-04T23:12:33","modified_gmt":"2025-01-04T23:12:33","slug":"solucao-sms-para-sistemas-de-bibliotecas-partilhadas-2","status":"publish","type":"page","link":"https:\/\/suresms.com\/pt\/integrationer\/fagsystem-sms-integration\/businnes-central\/","title":{"rendered":"Solu\u00e7\u00e3o SMS para o Business Central"},"content":{"rendered":"<h1>\n\t\tCentral de neg\u00f3cios\n\t<\/h1>\n<p><strong>Integra\u00e7\u00e3o com o Business Central: comunica\u00e7\u00e3o eficiente por SMS<\/strong><\/p>\n<p>O nosso m\u00f3dulo SMS para o Business Central oferece \u00e0s empresas uma forma simples e eficiente de integrar a comunica\u00e7\u00e3o por SMS diretamente no seu sistema empresarial existente. Esta integra\u00e7\u00e3o foi concebida para facilitar \u00e0s empresas o envio e o controlo de mensagens SMS, quer seja para clientes, parceiros ou funcion\u00e1rios. Eis o que pode esperar:<\/p>\n<hr \/>\n<h3><strong>Carater\u00edsticas e op\u00e7\u00f5es<\/strong><\/h3>\n<p><strong>1. Enviar SMS diretamente do Business Central<\/strong><\/p>\n<ul>\n<li>Enviar mensagens a partir de diferentes m\u00f3dulos, tais como ordens de venda, or\u00e7amentos e ordens de servi\u00e7o.<\/li>\n<li>Configure mensagens predefinidas para iniciar e terminar encomendas, por exemplo, \"O seu artigo est\u00e1 pronto para recolha\".<\/li>\n<\/ul>\n<p><strong>2. Registo e atualiza\u00e7\u00e3o do estado<\/strong><\/p>\n<ul>\n<li>Todas as mensagens enviadas s\u00e3o armazenadas num registo a partir do qual \u00e9 poss\u00edvel ver e recuperar o estado da entrega.<\/li>\n<li>Op\u00e7\u00e3o para atualizar manualmente o estado, para que possa saber se as mensagens foram entregues.<\/li>\n<\/ul>\n<p><strong>3. Processos automatizados<\/strong><\/p>\n<ul>\n<li>Definir regras para a utiliza\u00e7\u00e3o de n\u00fameros m\u00f3veis, por exemplo, do devedor ou de uma pessoa de contacto predefinida.<\/li>\n<li>Ferramentas de comunica\u00e7\u00e3o para distribui\u00e7\u00e3o em massa com base em crit\u00e9rios espec\u00edficos, por exemplo, para campanhas ou lembretes.<\/li>\n<\/ul>\n<p><strong>4. solu\u00e7\u00e3o na nuvem ou no local<\/strong><\/p>\n<ul>\n<li>O m\u00f3dulo funciona tanto em instala\u00e7\u00f5es do Business Central na nuvem como no local.<\/li>\n<\/ul>\n<hr \/>\n<h3><strong>Vantagens da integra\u00e7\u00e3o<\/strong><\/h3>\n<ul>\n<li><strong>Poupan\u00e7a de tempo:<\/strong> Evite o login manual em plataformas SMS externas. Tudo est\u00e1 dispon\u00edvel diretamente no Business Central.<\/li>\n<li><strong>Melhor experi\u00eancia do cliente:<\/strong> Mantenha os seus clientes informados com mensagens r\u00e1pidas e precisas sobre o estado das encomendas e marca\u00e7\u00f5es.<\/li>\n<li><strong>Administra\u00e7\u00e3o clara:<\/strong> Obtenha uma vis\u00e3o geral completa das suas mensagens SMS com actualiza\u00e7\u00f5es de registo e de estado.<\/li>\n<li><strong>Flexibilidade:<\/strong> Personalize as mensagens de acordo com as suas necessidades e processos espec\u00edficos.<\/li>\n<\/ul>\n<hr \/>\n<h3><strong>Pre\u00e7o<\/strong><\/h3>\n<p>O m\u00f3dulo custa <strong>100 kr. por m\u00eas<\/strong>. Com este pre\u00e7o baixo, pode rapidamente poupar tempo e otimizar a sua comunica\u00e7\u00e3o. Para as empresas que j\u00e1 utilizam o SMS como parte das suas opera\u00e7\u00f5es, as poupan\u00e7as em tempo de trabalho e recursos s\u00e3o significativas.<\/p>\n<hr \/>\n<h3><strong>Come\u00e7ar a trabalhar<\/strong><\/h3>\n<p>Contacte-nos para uma demonstra\u00e7\u00e3o ou se tiver alguma d\u00favida sobre a forma como o m\u00f3dulo pode ser implementado na sua solu\u00e7\u00e3o. Teremos todo o gosto em ajud\u00e1-lo com a configura\u00e7\u00e3o e personaliza\u00e7\u00e3o de acordo com as suas necessidades empresariais.<\/p>\n<p>Preencha o formul\u00e1rio abaixo ou contacte-nos hoje para obter mais informa\u00e7\u00f5es.<\/p>","protected":false},"excerpt":{"rendered":"<p>Integra\u00e7\u00e3o do Business Central para o Business Central: comunica\u00e7\u00e3o eficiente por SMS O nosso m\u00f3dulo SMS para o Business Central oferece \u00e0s empresas uma forma simples e eficiente de integrar a comunica\u00e7\u00e3o por SMS diretamente no seu sistema empresarial existente. Esta integra\u00e7\u00e3o foi concebida para facilitar \u00e0s empresas o envio e o controlo de mensagens SMS, quer seja para clientes, parceiros ou funcion\u00e1rios. Eis como... <a title=\"Solu\u00e7\u00e3o SMS para o Business Central\" class=\"read-more\" href=\"https:\/\/suresms.com\/pt\/integrationer\/fagsystem-sms-integration\/businnes-central\/\" aria-label=\"Saiba mais sobre a solu\u00e7\u00e3o SMS para o Business Central\">Rir mas<\/a><\/p>","protected":false},"author":1,"featured_media":0,"parent":18069,"menu_order":0,"comment_status":"closed","ping_status":"closed","template":"","meta":{"_fl_builder_enabled":"1","_fl_builder_data":null,"_fl_builder_draft":null,"_fl_builder_data_settings":null,"_fl_builder_css":"","_fl_builder_css_version":"","_fl_builder_js":"","footnotes":""},"categories":[],"tags":[],"class_list":["post-19014","page","type-page","status-publish"],"yoast_head":"<!-- This site is optimized with the Yoast SEO Premium plugin v27.5 (Yoast SEO v27.5) - https:\/\/yoast.com\/product\/yoast-seo-premium-wordpress\/ -->\r\n<title>Fbs \u2192 Nem oprettelse og hurtige resultater med dette system<\/title>\r\n<meta name=\"description\" content=\"Find et nemt online system med SMS services og f\u00e5 hurtigt kontakt til dine kunder. Ny og effektiv SMS l\u00f8sning til fbs.\" \/>\r\n<meta name=\"robots\" content=\"index, follow, max-snippet:-1, max-image-preview:large, max-video-preview:-1\" \/>\r\n<link rel=\"canonical\" href=\"https:\/\/suresms.com\/pt\/integracoes\/cms-content-management-system-sms-integration-2\/solucao-sms-para-sistemas-de-bibliotecas-partilhadas-2\/\" \/>\r\n<meta property=\"og:locale\" content=\"pt_PT\" \/>\r\n<meta property=\"og:type\" content=\"article\" \/>\r\n<meta property=\"og:title\" content=\"SMS L\u00f8sning til F\u00e6lles Bibliotekssystem (FBS) Cicero\" \/>\r\n<meta property=\"og:description\" content=\"Lige nu udrulles Cicero (FBS) p\u00e5 folkebiblioteker og p\u00e6dagogiske l\u00e6ringscentre rundt omkring i landet. SureSMS leverer en kvalitets SMS l\u00f8sning fuldt integrerbar med det nye system. Nem ops\u00e6tning, gratis oprettelse og intet abonnement. 14 \u00f8re pr. SMS.\" \/>\r\n<meta property=\"og:url\" content=\"https:\/\/suresms.com\/pt\/integracoes\/cms-content-management-system-sms-integration-2\/solucao-sms-para-sistemas-de-bibliotecas-partilhadas-2\/\" \/>\r\n<meta property=\"article:publisher\" content=\"https:\/\/www.facebook.com\/p\/SureSMS-100044607956149\/\" \/>\r\n<meta property=\"article:modified_time\" content=\"2025-01-04T23:12:33+00:00\" \/>\r\n<meta property=\"og:image\" content=\"https:\/\/suresms.com\/wp-content\/uploads\/2016\/10\/SMS-Loesning-til-FBS-1.jpg\" \/>\r\n\t<meta property=\"og:image:width\" content=\"1200\" \/>\r\n\t<meta property=\"og:image:height\" content=\"600\" \/>\r\n\t<meta property=\"og:image:type\" content=\"image\/jpeg\" \/>\r\n<meta name=\"twitter:card\" content=\"summary_large_image\" \/>\r\n<meta name=\"twitter:title\" content=\"SMS l\u00f8sning til Business Central\" \/>\r\n<meta name=\"twitter:label1\" content=\"Tempo estimado de leitura\" \/>\n\t<meta name=\"twitter:data1\" content=\"5 minutos\" \/>\r\n<script type=\"application\/ld+json\" class=\"yoast-schema-graph\">{\"@context\":\"https:\\\/\\\/schema.org\",\"@graph\":[{\"@type\":\"WebPage\",\"@id\":\"https:\\\/\\\/suresms.com\\\/dk\\\/integrationer\\\/fagsystem-sms-integration\\\/businnes-central\\\/\",\"url\":\"https:\\\/\\\/suresms.com\\\/dk\\\/integrationer\\\/fagsystem-sms-integration\\\/businnes-central\\\/\",\"name\":\"Fbs \u2192 Nem oprettelse og hurtige resultater med dette system\",\"isPartOf\":{\"@id\":\"https:\\\/\\\/suresms.com\\\/en\\\/#website\"},\"datePublished\":\"2024-11-19T19:02:34+00:00\",\"dateModified\":\"2025-01-04T23:12:33+00:00\",\"description\":\"Find et nemt online system med SMS services og f\u00e5 hurtigt kontakt til dine kunder. Ny og effektiv SMS l\u00f8sning til fbs.\",\"breadcrumb\":{\"@id\":\"https:\\\/\\\/suresms.com\\\/dk\\\/integrationer\\\/fagsystem-sms-integration\\\/businnes-central\\\/#breadcrumb\"},\"inLanguage\":\"pt-PT\",\"potentialAction\":[{\"@type\":\"ReadAction\",\"target\":[\"https:\\\/\\\/suresms.com\\\/dk\\\/integrationer\\\/fagsystem-sms-integration\\\/businnes-central\\\/\"]}]},{\"@type\":\"BreadcrumbList\",\"@id\":\"https:\\\/\\\/suresms.com\\\/dk\\\/integrationer\\\/fagsystem-sms-integration\\\/businnes-central\\\/#breadcrumb\",\"itemListElement\":[{\"@type\":\"ListItem\",\"position\":1,\"name\":\"Home\",\"item\":\"https:\\\/\\\/suresms.com\\\/dk\\\/\"},{\"@type\":\"ListItem\",\"position\":2,\"name\":\"Integrationer\",\"item\":\"https:\\\/\\\/suresms.com\\\/dk\\\/integrationer\\\/\"},{\"@type\":\"ListItem\",\"position\":3,\"name\":\"SMS integration til fagsystemer\",\"item\":\"https:\\\/\\\/suresms.com\\\/dk\\\/integrationer\\\/fagsystem-sms-integration\\\/\"},{\"@type\":\"ListItem\",\"position\":4,\"name\":\"SMS l\u00f8sning til Business Central\"}]},{\"@type\":\"WebSite\",\"@id\":\"https:\\\/\\\/suresms.com\\\/en\\\/#website\",\"url\":\"https:\\\/\\\/suresms.com\\\/en\\\/\",\"name\":\"SureSMS\",\"description\":\"Professionel SMS Gateway\",\"publisher\":{\"@id\":\"https:\\\/\\\/suresms.com\\\/en\\\/#organization\"},\"potentialAction\":[{\"@type\":\"SearchAction\",\"target\":{\"@type\":\"EntryPoint\",\"urlTemplate\":\"https:\\\/\\\/suresms.com\\\/en\\\/?s={search_term_string}\"},\"query-input\":{\"@type\":\"PropertyValueSpecification\",\"valueRequired\":true,\"valueName\":\"search_term_string\"}}],\"inLanguage\":\"pt-PT\"},{\"@type\":\"Organization\",\"@id\":\"https:\\\/\\\/suresms.com\\\/en\\\/#organization\",\"name\":\"SureSMS\",\"url\":\"https:\\\/\\\/suresms.com\\\/en\\\/\",\"logo\":{\"@type\":\"ImageObject\",\"inLanguage\":\"pt-PT\",\"@id\":\"https:\\\/\\\/suresms.com\\\/en\\\/#\\\/schema\\\/logo\\\/image\\\/\",\"url\":\"https:\\\/\\\/suresms.com\\\/wp-content\\\/uploads\\\/2024\\\/11\\\/suresms-300x65-1.png\",\"contentUrl\":\"https:\\\/\\\/suresms.com\\\/wp-content\\\/uploads\\\/2024\\\/11\\\/suresms-300x65-1.png\",\"width\":300,\"height\":65,\"caption\":\"SureSMS\"},\"image\":{\"@id\":\"https:\\\/\\\/suresms.com\\\/en\\\/#\\\/schema\\\/logo\\\/image\\\/\"},\"sameAs\":[\"https:\\\/\\\/www.facebook.com\\\/p\\\/SureSMS-100044607956149\\\/\"]}]}<\/script>\r\n<!-- \/ Yoast SEO Premium plugin. -->","yoast_head_json":{"title":"Fbs \u2192 Cria\u00e7\u00e3o f\u00e1cil e resultados r\u00e1pidos com este sistema","description":"Encontre um sistema online f\u00e1cil com servi\u00e7os SMS e ligue-se rapidamente aos seus clientes. Nova e eficiente solu\u00e7\u00e3o de SMS para fbs.","robots":{"index":"index","follow":"follow","max-snippet":"max-snippet:-1","max-image-preview":"max-image-preview:large","max-video-preview":"max-video-preview:-1"},"canonical":"https:\/\/suresms.com\/pt\/integracoes\/cms-content-management-system-sms-integration-2\/solucao-sms-para-sistemas-de-bibliotecas-partilhadas-2\/","og_locale":"pt_PT","og_type":"article","og_title":"SMS L\u00f8sning til F\u00e6lles Bibliotekssystem (FBS) Cicero","og_description":"Lige nu udrulles Cicero (FBS) p\u00e5 folkebiblioteker og p\u00e6dagogiske l\u00e6ringscentre rundt omkring i landet. SureSMS leverer en kvalitets SMS l\u00f8sning fuldt integrerbar med det nye system. Nem ops\u00e6tning, gratis oprettelse og intet abonnement. 14 \u00f8re pr. SMS.","og_url":"https:\/\/suresms.com\/pt\/integracoes\/cms-content-management-system-sms-integration-2\/solucao-sms-para-sistemas-de-bibliotecas-partilhadas-2\/","article_publisher":"https:\/\/www.facebook.com\/p\/SureSMS-100044607956149\/","article_modified_time":"2025-01-04T23:12:33+00:00","og_image":[{"width":1200,"height":600,"url":"https:\/\/suresms.com\/wp-content\/uploads\/2016\/10\/SMS-Loesning-til-FBS-1.jpg","type":"image\/jpeg"}],"twitter_card":"summary_large_image","twitter_title":"SMS l\u00f8sning til Business Central","twitter_misc":{"Tempo estimado de leitura":"5 minutos"},"schema":{"@context":"https:\/\/schema.org","@graph":[{"@type":"WebPage","@id":"https:\/\/suresms.com\/dk\/integrationer\/fagsystem-sms-integration\/businnes-central\/","url":"https:\/\/suresms.com\/dk\/integrationer\/fagsystem-sms-integration\/businnes-central\/","name":"Fbs \u2192 Cria\u00e7\u00e3o f\u00e1cil e resultados r\u00e1pidos com este sistema","isPartOf":{"@id":"https:\/\/suresms.com\/en\/#website"},"datePublished":"2024-11-19T19:02:34+00:00","dateModified":"2025-01-04T23:12:33+00:00","description":"Encontre um sistema online f\u00e1cil com servi\u00e7os SMS e ligue-se rapidamente aos seus clientes. Nova e eficiente solu\u00e7\u00e3o de SMS para fbs.","breadcrumb":{"@id":"https:\/\/suresms.com\/dk\/integrationer\/fagsystem-sms-integration\/businnes-central\/#breadcrumb"},"inLanguage":"pt-PT","potentialAction":[{"@type":"ReadAction","target":["https:\/\/suresms.com\/dk\/integrationer\/fagsystem-sms-integration\/businnes-central\/"]}]},{"@type":"BreadcrumbList","@id":"https:\/\/suresms.com\/dk\/integrationer\/fagsystem-sms-integration\/businnes-central\/#breadcrumb","itemListElement":[{"@type":"ListItem","position":1,"name":"Home","item":"https:\/\/suresms.com\/dk\/"},{"@type":"ListItem","position":2,"name":"Integrationer","item":"https:\/\/suresms.com\/dk\/integrationer\/"},{"@type":"ListItem","position":3,"name":"SMS integration til fagsystemer","item":"https:\/\/suresms.com\/dk\/integrationer\/fagsystem-sms-integration\/"},{"@type":"ListItem","position":4,"name":"SMS l\u00f8sning til Business Central"}]},{"@type":"WebSite","@id":"https:\/\/suresms.com\/en\/#website","url":"https:\/\/suresms.com\/en\/","name":"SureSMS","description":"Gateway SMS profissional","publisher":{"@id":"https:\/\/suresms.com\/en\/#organization"},"potentialAction":[{"@type":"SearchAction","target":{"@type":"EntryPoint","urlTemplate":"https:\/\/suresms.com\/en\/?s={search_term_string}"},"query-input":{"@type":"PropertyValueSpecification","valueRequired":true,"valueName":"search_term_string"}}],"inLanguage":"pt-PT"},{"@type":"Organization","@id":"https:\/\/suresms.com\/en\/#organization","name":"SureSMS","url":"https:\/\/suresms.com\/en\/","logo":{"@type":"ImageObject","inLanguage":"pt-PT","@id":"https:\/\/suresms.com\/en\/#\/schema\/logo\/image\/","url":"https:\/\/suresms.com\/wp-content\/uploads\/2024\/11\/suresms-300x65-1.png","contentUrl":"https:\/\/suresms.com\/wp-content\/uploads\/2024\/11\/suresms-300x65-1.png","width":300,"height":65,"caption":"SureSMS"},"image":{"@id":"https:\/\/suresms.com\/en\/#\/schema\/logo\/image\/"},"sameAs":["https:\/\/www.facebook.com\/p\/SureSMS-100044607956149\/"]}]}},"_links":{"self":[{"href":"https:\/\/suresms.com\/pt\/wp-json\/wp\/v2\/pages\/19014","targetHints":{"allow":["GET"]}}],"collection":[{"href":"https:\/\/suresms.com\/pt\/wp-json\/wp\/v2\/pages"}],"about":[{"href":"https:\/\/suresms.com\/pt\/wp-json\/wp\/v2\/types\/page"}],"author":[{"embeddable":true,"href":"https:\/\/suresms.com\/pt\/wp-json\/wp\/v2\/users\/1"}],"replies":[{"embeddable":true,"href":"https:\/\/suresms.com\/pt\/wp-json\/wp\/v2\/comments?post=19014"}],"version-history":[{"count":5,"href":"https:\/\/suresms.com\/pt\/wp-json\/wp\/v2\/pages\/19014\/revisions"}],"predecessor-version":[{"id":19883,"href":"https:\/\/suresms.com\/pt\/wp-json\/wp\/v2\/pages\/19014\/revisions\/19883"}],"up":[{"embeddable":true,"href":"https:\/\/suresms.com\/pt\/wp-json\/wp\/v2\/pages\/18069"}],"wp:attachment":[{"href":"https:\/\/suresms.com\/pt\/wp-json\/wp\/v2\/media?parent=19014"}],"wp:term":[{"taxonomy":"category","embeddable":true,"href":"https:\/\/suresms.com\/pt\/wp-json\/wp\/v2\/categories?post=19014"},{"taxonomy":"post_tag","embeddable":true,"href":"https:\/\/suresms.com\/pt\/wp-json\/wp\/v2\/tags?post=19014"}],"curies":[{"name":"wp","href":"https:\/\/api.w.org\/{rel}","templated":true}]}}