{"id":18649,"date":"2016-03-02T16:42:36","date_gmt":"2016-03-02T14:42:36","guid":{"rendered":"https:\/\/www.suresms.com\/dk\/?page_id=2100"},"modified":"2025-11-13T14:19:35","modified_gmt":"2025-11-13T14:19:35","slug":"grupo-sms","status":"publish","type":"page","link":"https:\/\/suresms.com\/pt\/funktioner\/gruppe-sms\/","title":{"rendered":"SMS de grupo: Criar e enviar para grupos"},"content":{"rendered":"<!-- Flexy Breadcrumb -->\r\n\t\t\t<div class=\"fbc fbc-page\">\r\n\r\n\t\t\t\t<!-- Breadcrumb wrapper -->\r\n\t\t\t\t<div class=\"fbc-wrap\">\r\n\r\n\t\t\t\t\t<!-- Ordered list-->\r\n\t\t\t\t\t<ol class=\"fbc-items\" itemscope itemtype=\"https:\/\/schema.org\/BreadcrumbList\">\r\n\t\t\t\t\t\t            <li itemprop=\"itemListElement\" itemscope itemtype=\"https:\/\/schema.org\/ListItem\">\r\n                <span itemprop=\"name\">\r\n                    <!-- Home Link -->\r\n                    <a itemprop=\"item\" href=\"https:\/\/suresms.com\/pt\/\">\r\n                    \r\n                                                    <i class=\"fa fa-home\" aria-hidden=\"true\"><\/i>In\u00edcio                    <\/a>\r\n                <\/span>\r\n                <meta itemprop=\"position\" content=\"1\" \/><!-- Meta Position-->\r\n             <\/li><li><span class=\"fbc-separator\">\/<\/span><\/li><li class=\"active\" itemprop=\"itemListElement\" itemscope itemtype=\"https:\/\/schema.org\/ListItem\"><span itemprop=\"name\" title=\"SMS de grupo: Criar e enviar para grupos\">SMS em grupo: Criar e...<\/span><meta itemprop=\"position\" content=\"2\" \/><\/li>\t\t\t\t\t<\/ol>\r\n\t\t\t\t\t<div class=\"clearfix\"><\/div>\r\n\t\t\t\t<\/div>\r\n\t\t\t<\/div>\r\n\t\t\t\n\t<h1><strong>SMS em grupo... Uma fun\u00e7\u00e3o - muitas possibilidades<\/strong><\/h1>\n\t\t\t\t<img decoding=\"async\" src=\"https:\/\/suresms.com\/wp-content\/uploads\/2020\/11\/TeenagersTexting-1-1.png\" alt=\"Grupo SMS\" itemprop=\"image\" height=\"311\" width=\"948\" title=\"AdolescentesTexting\" onerror=\"this.style.display='none'\" loading=\"lazy\" \/>\n\t<h4>Grupos - Listas - Clubes de clientes - Newsletters... Tem muitos nomes! Com uma conta de SMS em grupo com a SureSMS, pode f\u00e1cil e rapidamente enviar muitas mensagens para clientes, utilizadores, funcion\u00e1rios, membros e muito mais. Leia abaixo como ter sucesso com o SMS em Grupo.<\/h4>\n\t<p>N\u00e3o \u00e9 o que estava \u00e0 procura? Abaixo est\u00e3o dois guias r\u00e1pidos para agrupar SMS no Android e no iPhone.<\/p>\n\t\t\t\t\t<a href=\"#\"  id=\"fl-accordion--label-0\" tabindex=\"0\" aria-controls=\"fl-accordion--panel-0\">SMS de grupo no Android<\/a>\n\t\t\t\t\t\t\t\t\t\t\t<a href=\"#\" id=\"fl-accordion--icon-0\"  tabindex=\"0\"><i title=\"Expandir\">Expandir<\/i><\/a>\n\t\t\t\t\t<h2>SMS de grupo no Android<\/h2>\n<p>\u00c9 poss\u00edvel enviar um SMS para um grupo a partir da aplica\u00e7\u00e3o normal de SMS do seu telem\u00f3vel Android. A forma exacta de o fazer depende um pouco da interface do utilizador, incluindo a vers\u00e3o do Android e o telem\u00f3vel que possui. Mas, em geral, este guia funciona se for um pouco criativo na compreens\u00e3o da inten\u00e7\u00e3o. Por vezes, os bot\u00f5es est\u00e3o em locais diferentes e t\u00eam nomes ligeiramente diferentes.<\/p>\n<p>A desvantagem dos SMS de grupo no Android \u00e9 que as respostas v\u00e3o para o t\u00f3pico individual. Assim, n\u00e3o pode ver as respostas \u00e0 sua SMS no mesmo t\u00f3pico em que foi enviada.<\/p>\n<p>Em primeiro lugar, \u00e9 necess\u00e1rio alterar a forma como envia as mensagens de grupo:<\/p>\n<ol>\n<li>\n<ol>\n<li>Em primeiro lugar, \u00e9 necess\u00e1rio abrir \"Mensagens\"<\/li>\n<\/ol>\n<\/li>\n<\/ol>\n<p>&nbsp;<\/p>\n<ol>\n<li>\n<ol>\n<li>Em seguida, toque em mais <img decoding=\"async\" src=\"https:\/\/lh3.googleusercontent.com\/371ki_ho7Q7_dJxxV12NuChwxiAZagKhHiP1EKLXEGmTJjm5pOTKd9hkWdvSZm5eKw=w36-h36\" alt=\"Mais\" \/> e depois em<\/li>\n<\/ol>\n<\/li>\n<\/ol>\n<p>&nbsp;<\/p>\n<ol>\n<li>\n<ol>\n<li>Defini\u00e7\u00f5es e prefer\u00eancias <img loading=\"lazy\" decoding=\"async\" src=\"https:\/\/lh3.googleusercontent.com\/3_l97rr0GvhSP2XV5OoCkV2ZDTIisAOczrSdzNCBxhIKWrjXjHucxNwocghoUa39gw=w36-h36\" alt=\"Grupo SMS etapa 2\" width=\"24\" height=\"24\" \/>Avan\u00e7ado <img loading=\"lazy\" decoding=\"async\" src=\"https:\/\/lh3.googleusercontent.com\/3_l97rr0GvhSP2XV5OoCkV2ZDTIisAOczrSdzNCBxhIKWrjXjHucxNwocghoUa39gw=w36-h36\" alt=\"Grupo SMS etapa 1\" width=\"24\" height=\"24\" \/>Mensagens de grupo<\/li>\n<\/ol>\n<\/li>\n<\/ol>\n<p>&nbsp;<\/p>\n<ol>\n<li>\n<ol>\n<li>Em seguida, selecione \"SMS em massa\" ou \"SMS em grupo\" como predefini\u00e7\u00e3o.<\/li>\n<\/ol>\n<\/li>\n<\/ol>\n<p>&nbsp;<\/p>\n<p>Agora pode selecionar v\u00e1rios destinat\u00e1rios ou grupos ao criar um novo SMS.<\/p>\n<p>&nbsp;<\/p>\n\t\t\t\t\t<a href=\"#\"  id=\"fl-accordion--label-0\" tabindex=\"0\" aria-controls=\"fl-accordion--panel-0\">SMS de grupo no iPhone<\/a>\n\t\t\t\t\t\t\t\t\t\t\t<a href=\"#\" id=\"fl-accordion--icon-0\"  tabindex=\"0\"><i title=\"Expandir\">Expandir<\/i><\/a>\n\t\t\t\t\t<p>A Apple criou um guia muito \u00fatil para enviar SMS de grupo a partir do iPhone. Pode consult\u00e1-lo aqui: <a href=\"https:\/\/support.apple.com\/da-dk\/HT202724\" target=\"_blank\" rel=\"noopener\">Agrupar SMS do iPhone.<\/a><\/p>\n\t<h2>Acerca de sms de grupo<\/h2>\n<p>O envio de mensagens de texto de grupo a clientes, utilizadores, membros e outros grupos \u00e9 uma das funcionalidades mais utilizadas na nossa solu\u00e7\u00e3o. Quer se trate de uma empresa que envia ofertas aos clientes, de uma organiza\u00e7\u00e3o que envia boletins informativos e eventos aos membros ou de uma ag\u00eancia de trabalho tempor\u00e1rio que envia informa\u00e7\u00f5es aos empregados sobre os pr\u00f3ximos turnos. Os grupos e as listas s\u00e3o uma forma simples e econ\u00f3mica de enviar informa\u00e7\u00f5es que s\u00e3o efetivamente LIDAS pelo destinat\u00e1rio!<\/p>\n<p>Aceda ao nosso emissor de SMS diretamente a partir do nosso s\u00edtio Web. A partir daqui, \u00e9 r\u00e1pido e f\u00e1cil criar um grupo e enviar mensagens SMS para todo o grupo. Poupa tempo de digita\u00e7\u00e3o e obt\u00e9m uma vis\u00e3o geral r\u00e1pida e f\u00e1cil das mensagens SMS enviadas. E isso pode ser feito diretamente a partir do seu computador.<\/p>\n\t<h2>As vantagens dos SMS em grupo<\/h2>\n\n<ul> \t\n<li>Todos os seus destinat\u00e1rios recebem a informa\u00e7\u00e3o de que necessitam instantaneamente.<\/li>\n\n<li>Decida o seu pr\u00f3prio nome de remetente, por exemplo, Library (Biblioteca) - Isto permite-lhe marcar a sua pr\u00f3pria empresa\/produto.<\/li>\n\n<li>Fun\u00e7\u00f5es de fus\u00e3o - por exemplo, \"Cara Nina...\" ou outras informa\u00e7\u00f5es<\/li>\n\n<li>Importe facilmente todos os destinat\u00e1rios a partir do Excel (atrav\u00e9s de ficheiros .csv).<\/li>\n\n<li>Programe as suas emiss\u00f5es de SMS e divulgue as suas informa\u00e7\u00f5es no momento certo.<\/li>\n\n<li>Crie grupos e contactos ilimitados.<\/li>\n\n<li>Veja um hist\u00f3rico do estado de entrega a todos os seus destinat\u00e1rios.<\/li>\n<\/ul>\n<p>Se preferir trabalhar a partir de um iPad, tablet ou telem\u00f3vel, n\u00e3o h\u00e1 problema. A nossa interface Web funciona a partir de todos os dispositivos e em todos os browsers.<\/p>\n\t<p>Veja o nosso pequeno v\u00eddeo de instru\u00e7\u00f5es abaixo:<\/p>\n\t\t\t\t\t<video src=\"https:\/\/suresms.com\/wp-content\/uploads\/2024\/10\/Dokumentation-Skabeloner-i-beskeder.mp4\" alt=\"hosted-video-thumbnail\"><\/video>\n\t<p><strong>Criar contactos e grupos:<\/strong><\/p>\n<ol>\n<li>Crie os seus contactos no livro de endere\u00e7os.<\/li>\n<li>Crie um grupo e selecione os contactos que devem fazer parte do grupo.<\/li>\n<li>Escreva a sua mensagem e prima enviar!<\/li>\n<li>Enviou uma mensagem de texto de grupo.<\/li>\n<\/ol>\n\u00c0 esquerda, pode criar rapidamente uma conta de teste com 50 mensagens SMS gratuitas e experimentar o SMS em grupo.\u00a0<strong><br \/>\n<\/strong>\n<p>Pode tamb\u00e9m ler o texto completo <a href=\"https:\/\/suresms.com\/pt\/documentos\/conta-4\/nome-da-estacao-6\/\">o guia aqui.\u00a0<\/a><\/p>\n\t<h3>Mais funcionalidades com o Group SMS.<\/h3>\n\t<ul>\n\t\t<li>\t\t\t\t\n\t\t<h3>Todos os grupos que quiser<\/h3><p>No nosso emissor GroupSMS, n\u00e3o h\u00e1 limites para o n\u00famero de grupos. Pode criar todos os grupos diferentes que quiser. Todos os destinat\u00e1rios podem estar no mesmo grupo e pode ter grupos com apenas algumas pessoas.<\/p><\/li><li>\t\t\t\t\n\t\t<h3>Todos os destinat\u00e1rios que desejar<\/h3><p>N\u00e3o h\u00e1 limite para o n\u00famero de destinat\u00e1rios. Pode criar o n\u00famero de destinat\u00e1rios que quiser. Alguns dos nossos clientes t\u00eam at\u00e9 100.000 destinat\u00e1rios no seu grupo e enviam um SMS a todos os destinat\u00e1rios de uma s\u00f3 vez.<\/p><\/li><li>\t\t\t\t\n\t\t<h3>F\u00e1cil de registar<\/h3><p>H\u00e1 muitas formas de aderir a um grupo. Cri\u00e1mos uma forma de colocar o formul\u00e1rio de inscri\u00e7\u00e3o no seu pr\u00f3prio s\u00edtio Web, para que possa inscrever-se por SMS ou e-mail, e tamb\u00e9m cri\u00e1mos uma forma de utilizar facilmente um c\u00f3digo QR para se inscrever se estiver numa loja f\u00edsica, por exemplo.<\/p><\/li><li>\t\t\t\t\n\t\t<h3>Enviar por SMS<\/h3><p>O nosso Grupo SMS tamb\u00e9m explora o envio via SMS. Isto significa que envia um SMS para o SureSMS, que depois envia o mesmo SMS para toda a lista.<\/p><\/li>\t<\/ul>\n\t<p>&nbsp;<\/p>\n<p><a href=\"mailto:support@suresms.com\">Escrever para n\u00f3s<\/a>se tiver alguma d\u00favida sobre a funcionalidade de SMS em grupo.<\/p>\n\t<h4><strong>\u00a0Aqui pode ler alguns exemplos de como os nossos clientes utilizam atualmente a funcionalidade \"Group SMS<\/strong><\/h4>\n\n<ul> \t\n<li>Uma empresa de transportes de m\u00e9dia dimens\u00e3o na Jutl\u00e2ndia utiliza SMS de grupo para enviar tarefas de trabalho aos seus condutores. As mensagens SMS enviadas cont\u00eam informa\u00e7\u00f5es log\u00edsticas sobre as mercadorias, a localiza\u00e7\u00e3o e a recolha.<\/li>\n\n<li>Uma empresa de jogos em linha conquista novos clientes enviando aos seus utilizadores mensagens de texto em grupo com liga\u00e7\u00f5es para poss\u00edveis jogos em linha.<\/li>\n\n<li>Num hospital dinamarqu\u00eas, o diretor da cantina envia regularmente mensagens de texto em grupo ao pessoal afortunado sobre eventos sociais e acontecimentos importantes: \"Hoje h\u00e1 bolo na cantina!\" ou \"Amanh\u00e3 celebramos o ver\u00e3o com um churrasco \u00e0 sexta-feira no p\u00e1tio!\"<\/li>\n<\/ul>","protected":false},"excerpt":{"rendered":"<p>Grupo SMS... Uma fun\u00e7\u00e3o - muitas possibilidades Grupos - Listas - Clubes de clientes - Newsletters... Tem muitos nomes! Com uma conta de SMS em Grupo na SureSMS pode f\u00e1cil e rapidamente enviar muitas mensagens para clientes, utilizadores, empregados, membros e muito mais. Leia abaixo como ter sucesso com o Group SMS. N\u00e3o \u00e9 isso que est\u00e1 a ... <a title=\"SMS de grupo: Criar e enviar para grupos\" class=\"read-more\" href=\"https:\/\/suresms.com\/pt\/funktioner\/gruppe-sms\/\" aria-label=\"Leia mais sobre Group SMS: Criar e enviar para grupos\">Rir mas<\/a><\/p>","protected":false},"author":1,"featured_media":0,"parent":958,"menu_order":12,"comment_status":"closed","ping_status":"closed","template":"","meta":{"_fl_builder_enabled":"1","_fl_builder_data":null,"_fl_builder_draft":null,"_fl_builder_data_settings":null,"_fl_builder_css":"","_fl_builder_css_version":"","_fl_builder_js":"","footnotes":""},"categories":[17],"tags":[],"class_list":{"0":"post-18649","1":"page","2":"type-page","3":"status-publish","5":"category-linkfracornorstone"},"yoast_head":"<!-- This site is optimized with the Yoast SEO Premium plugin v27.3 (Yoast SEO v27.3) - https:\/\/yoast.com\/product\/yoast-seo-premium-wordpress\/ -->\r\n<title>Gruppe SMS: Opret &amp; send til grupper - gratis konto<\/title>\r\n<meta name=\"description\" content=\"L\u00e6s om vores gruppe SMS sender og dens utallige gratis funktioner. Kraftig og fleksibel .SMS gateway med ubegr\u00e6nset antal grupper.\" \/>\r\n<meta name=\"robots\" content=\"index, follow, max-snippet:-1, max-image-preview:large, max-video-preview:-1\" \/>\r\n<link rel=\"canonical\" href=\"https:\/\/suresms.com\/pt\/carateristicas\/grupo-sms\/\" \/>\r\n<meta property=\"og:locale\" content=\"pt_PT\" \/>\r\n<meta property=\"og:type\" content=\"article\" \/>\r\n<meta property=\"og:title\" content=\"Gruppe SMS: Opret &amp; send til grupper\" \/>\r\n<meta property=\"og:description\" content=\"L\u00e6s om vores gruppe SMS sender og dens utallige gratis funktioner. Kraftig og fleksibel .SMS gateway med ubegr\u00e6nset antal grupper.\" \/>\r\n<meta property=\"og:url\" content=\"https:\/\/suresms.com\/pt\/carateristicas\/grupo-sms\/\" \/>\r\n<meta property=\"article:publisher\" content=\"https:\/\/www.facebook.com\/p\/SureSMS-100044607956149\/\" \/>\r\n<meta property=\"article:modified_time\" content=\"2025-11-13T14:19:35+00:00\" \/>\r\n<meta property=\"og:image\" content=\"https:\/\/suresms.com\/wp-content\/uploads\/2020\/11\/TeenagersTexting-1-1.png\" \/>\r\n<meta name=\"twitter:card\" content=\"summary_large_image\" \/>\r\n<meta name=\"twitter:label1\" content=\"Tempo estimado de leitura\" \/>\n\t<meta name=\"twitter:data1\" content=\"7 minutos\" \/>\r\n<script type=\"application\/ld+json\" class=\"yoast-schema-graph\">{\"@context\":\"https:\\\/\\\/schema.org\",\"@graph\":[{\"@type\":\"WebPage\",\"@id\":\"https:\\\/\\\/suresms.com\\\/dk\\\/funktioner\\\/gruppe-sms\\\/\",\"url\":\"https:\\\/\\\/suresms.com\\\/dk\\\/funktioner\\\/gruppe-sms\\\/\",\"name\":\"Gruppe SMS: Opret &amp; send til grupper - gratis konto\",\"isPartOf\":{\"@id\":\"https:\\\/\\\/suresms.com\\\/en\\\/#website\"},\"primaryImageOfPage\":{\"@id\":\"https:\\\/\\\/suresms.com\\\/dk\\\/funktioner\\\/gruppe-sms\\\/#primaryimage\"},\"image\":{\"@id\":\"https:\\\/\\\/suresms.com\\\/dk\\\/funktioner\\\/gruppe-sms\\\/#primaryimage\"},\"thumbnailUrl\":\"https:\\\/\\\/suresms.com\\\/wp-content\\\/uploads\\\/2020\\\/11\\\/TeenagersTexting-1-1.png\",\"datePublished\":\"2016-03-02T14:42:36+00:00\",\"dateModified\":\"2025-11-13T14:19:35+00:00\",\"description\":\"L\u00e6s om vores gruppe SMS sender og dens utallige gratis funktioner. Kraftig og fleksibel .SMS gateway med ubegr\u00e6nset antal grupper.\",\"breadcrumb\":{\"@id\":\"https:\\\/\\\/suresms.com\\\/dk\\\/funktioner\\\/gruppe-sms\\\/#breadcrumb\"},\"inLanguage\":\"pt-PT\",\"potentialAction\":[{\"@type\":\"ReadAction\",\"target\":[\"https:\\\/\\\/suresms.com\\\/dk\\\/funktioner\\\/gruppe-sms\\\/\"]}]},{\"@type\":\"ImageObject\",\"inLanguage\":\"pt-PT\",\"@id\":\"https:\\\/\\\/suresms.com\\\/dk\\\/funktioner\\\/gruppe-sms\\\/#primaryimage\",\"url\":\"https:\\\/\\\/suresms.com\\\/wp-content\\\/uploads\\\/2020\\\/11\\\/TeenagersTexting-1-1.png\",\"contentUrl\":\"https:\\\/\\\/suresms.com\\\/wp-content\\\/uploads\\\/2020\\\/11\\\/TeenagersTexting-1-1.png\"},{\"@type\":\"BreadcrumbList\",\"@id\":\"https:\\\/\\\/suresms.com\\\/dk\\\/funktioner\\\/gruppe-sms\\\/#breadcrumb\",\"itemListElement\":[{\"@type\":\"ListItem\",\"position\":1,\"name\":\"Home\",\"item\":\"https:\\\/\\\/suresms.com\\\/dk\\\/\"},{\"@type\":\"ListItem\",\"position\":2,\"name\":\"Funktioner\",\"item\":\"https:\\\/\\\/suresms.com\\\/dk\\\/funktioner\\\/\"},{\"@type\":\"ListItem\",\"position\":3,\"name\":\"Gruppe SMS: Opret &amp; send til grupper\"}]},{\"@type\":\"WebSite\",\"@id\":\"https:\\\/\\\/suresms.com\\\/en\\\/#website\",\"url\":\"https:\\\/\\\/suresms.com\\\/en\\\/\",\"name\":\"SureSMS\",\"description\":\"Professionel SMS Gateway\",\"publisher\":{\"@id\":\"https:\\\/\\\/suresms.com\\\/en\\\/#organization\"},\"potentialAction\":[{\"@type\":\"SearchAction\",\"target\":{\"@type\":\"EntryPoint\",\"urlTemplate\":\"https:\\\/\\\/suresms.com\\\/en\\\/?s={search_term_string}\"},\"query-input\":{\"@type\":\"PropertyValueSpecification\",\"valueRequired\":true,\"valueName\":\"search_term_string\"}}],\"inLanguage\":\"pt-PT\"},{\"@type\":\"Organization\",\"@id\":\"https:\\\/\\\/suresms.com\\\/en\\\/#organization\",\"name\":\"SureSMS\",\"url\":\"https:\\\/\\\/suresms.com\\\/en\\\/\",\"logo\":{\"@type\":\"ImageObject\",\"inLanguage\":\"pt-PT\",\"@id\":\"https:\\\/\\\/suresms.com\\\/en\\\/#\\\/schema\\\/logo\\\/image\\\/\",\"url\":\"https:\\\/\\\/suresms.com\\\/wp-content\\\/uploads\\\/2024\\\/11\\\/suresms-300x65-1.png\",\"contentUrl\":\"https:\\\/\\\/suresms.com\\\/wp-content\\\/uploads\\\/2024\\\/11\\\/suresms-300x65-1.png\",\"width\":300,\"height\":65,\"caption\":\"SureSMS\"},\"image\":{\"@id\":\"https:\\\/\\\/suresms.com\\\/en\\\/#\\\/schema\\\/logo\\\/image\\\/\"},\"sameAs\":[\"https:\\\/\\\/www.facebook.com\\\/p\\\/SureSMS-100044607956149\\\/\"]}]}<\/script>\r\n<!-- \/ Yoast SEO Premium plugin. -->","yoast_head_json":{"title":"SMS de grupo: Criar e enviar para grupos - conta gratuita","description":"Leia sobre o nosso emissor de SMS em grupo e as suas in\u00fameras funcionalidades gratuitas. Gateway .SMS potente e flex\u00edvel com grupos ilimitados.","robots":{"index":"index","follow":"follow","max-snippet":"max-snippet:-1","max-image-preview":"max-image-preview:large","max-video-preview":"max-video-preview:-1"},"canonical":"https:\/\/suresms.com\/pt\/carateristicas\/grupo-sms\/","og_locale":"pt_PT","og_type":"article","og_title":"Gruppe SMS: Opret &amp; send til grupper","og_description":"L\u00e6s om vores gruppe SMS sender og dens utallige gratis funktioner. Kraftig og fleksibel .SMS gateway med ubegr\u00e6nset antal grupper.","og_url":"https:\/\/suresms.com\/pt\/carateristicas\/grupo-sms\/","article_publisher":"https:\/\/www.facebook.com\/p\/SureSMS-100044607956149\/","article_modified_time":"2025-11-13T14:19:35+00:00","og_image":[{"url":"https:\/\/suresms.com\/wp-content\/uploads\/2020\/11\/TeenagersTexting-1-1.png","type":"","width":"","height":""}],"twitter_card":"summary_large_image","twitter_misc":{"Tempo estimado de leitura":"7 minutos"},"schema":{"@context":"https:\/\/schema.org","@graph":[{"@type":"WebPage","@id":"https:\/\/suresms.com\/dk\/funktioner\/gruppe-sms\/","url":"https:\/\/suresms.com\/dk\/funktioner\/gruppe-sms\/","name":"SMS de grupo: Criar e enviar para grupos - conta gratuita","isPartOf":{"@id":"https:\/\/suresms.com\/en\/#website"},"primaryImageOfPage":{"@id":"https:\/\/suresms.com\/dk\/funktioner\/gruppe-sms\/#primaryimage"},"image":{"@id":"https:\/\/suresms.com\/dk\/funktioner\/gruppe-sms\/#primaryimage"},"thumbnailUrl":"https:\/\/suresms.com\/wp-content\/uploads\/2020\/11\/TeenagersTexting-1-1.png","datePublished":"2016-03-02T14:42:36+00:00","dateModified":"2025-11-13T14:19:35+00:00","description":"Leia sobre o nosso emissor de SMS em grupo e as suas in\u00fameras funcionalidades gratuitas. Gateway .SMS potente e flex\u00edvel com grupos ilimitados.","breadcrumb":{"@id":"https:\/\/suresms.com\/dk\/funktioner\/gruppe-sms\/#breadcrumb"},"inLanguage":"pt-PT","potentialAction":[{"@type":"ReadAction","target":["https:\/\/suresms.com\/dk\/funktioner\/gruppe-sms\/"]}]},{"@type":"ImageObject","inLanguage":"pt-PT","@id":"https:\/\/suresms.com\/dk\/funktioner\/gruppe-sms\/#primaryimage","url":"https:\/\/suresms.com\/wp-content\/uploads\/2020\/11\/TeenagersTexting-1-1.png","contentUrl":"https:\/\/suresms.com\/wp-content\/uploads\/2020\/11\/TeenagersTexting-1-1.png"},{"@type":"BreadcrumbList","@id":"https:\/\/suresms.com\/dk\/funktioner\/gruppe-sms\/#breadcrumb","itemListElement":[{"@type":"ListItem","position":1,"name":"Home","item":"https:\/\/suresms.com\/dk\/"},{"@type":"ListItem","position":2,"name":"Funktioner","item":"https:\/\/suresms.com\/dk\/funktioner\/"},{"@type":"ListItem","position":3,"name":"Gruppe SMS: Opret &amp; send til grupper"}]},{"@type":"WebSite","@id":"https:\/\/suresms.com\/en\/#website","url":"https:\/\/suresms.com\/en\/","name":"SureSMS","description":"Gateway SMS profissional","publisher":{"@id":"https:\/\/suresms.com\/en\/#organization"},"potentialAction":[{"@type":"SearchAction","target":{"@type":"EntryPoint","urlTemplate":"https:\/\/suresms.com\/en\/?s={search_term_string}"},"query-input":{"@type":"PropertyValueSpecification","valueRequired":true,"valueName":"search_term_string"}}],"inLanguage":"pt-PT"},{"@type":"Organization","@id":"https:\/\/suresms.com\/en\/#organization","name":"SureSMS","url":"https:\/\/suresms.com\/en\/","logo":{"@type":"ImageObject","inLanguage":"pt-PT","@id":"https:\/\/suresms.com\/en\/#\/schema\/logo\/image\/","url":"https:\/\/suresms.com\/wp-content\/uploads\/2024\/11\/suresms-300x65-1.png","contentUrl":"https:\/\/suresms.com\/wp-content\/uploads\/2024\/11\/suresms-300x65-1.png","width":300,"height":65,"caption":"SureSMS"},"image":{"@id":"https:\/\/suresms.com\/en\/#\/schema\/logo\/image\/"},"sameAs":["https:\/\/www.facebook.com\/p\/SureSMS-100044607956149\/"]}]}},"_links":{"self":[{"href":"https:\/\/suresms.com\/pt\/wp-json\/wp\/v2\/pages\/18649","targetHints":{"allow":["GET"]}}],"collection":[{"href":"https:\/\/suresms.com\/pt\/wp-json\/wp\/v2\/pages"}],"about":[{"href":"https:\/\/suresms.com\/pt\/wp-json\/wp\/v2\/types\/page"}],"author":[{"embeddable":true,"href":"https:\/\/suresms.com\/pt\/wp-json\/wp\/v2\/users\/1"}],"replies":[{"embeddable":true,"href":"https:\/\/suresms.com\/pt\/wp-json\/wp\/v2\/comments?post=18649"}],"version-history":[{"count":9,"href":"https:\/\/suresms.com\/pt\/wp-json\/wp\/v2\/pages\/18649\/revisions"}],"predecessor-version":[{"id":23543,"href":"https:\/\/suresms.com\/pt\/wp-json\/wp\/v2\/pages\/18649\/revisions\/23543"}],"up":[{"embeddable":true,"href":"https:\/\/suresms.com\/pt\/wp-json\/wp\/v2\/pages\/958"}],"wp:attachment":[{"href":"https:\/\/suresms.com\/pt\/wp-json\/wp\/v2\/media?parent=18649"}],"wp:term":[{"taxonomy":"category","embeddable":true,"href":"https:\/\/suresms.com\/pt\/wp-json\/wp\/v2\/categories?post=18649"},{"taxonomy":"post_tag","embeddable":true,"href":"https:\/\/suresms.com\/pt\/wp-json\/wp\/v2\/tags?post=18649"}],"curies":[{"name":"wp","href":"https:\/\/api.w.org\/{rel}","templated":true}]}}