{"id":18648,"date":"2015-12-14T15:47:13","date_gmt":"2015-12-14T13:47:13","guid":{"rendered":"https:\/\/www.suresms.com\/dk\/?page_id=1404"},"modified":"2024-12-05T15:38:05","modified_gmt":"2024-12-05T15:38:05","slug":"enviar-mensagens-de-texto-temporizadas","status":"publish","type":"page","link":"https:\/\/suresms.com\/pt\/funktioner\/send-tidsindstillede-sms-beskeder\/","title":{"rendered":"Mensagens SMS programadas - Mensagens programadas"},"content":{"rendered":"<!-- Flexy Breadcrumb -->\r\n\t\t\t<div class=\"fbc fbc-page\">\r\n\r\n\t\t\t\t<!-- Breadcrumb wrapper -->\r\n\t\t\t\t<div class=\"fbc-wrap\">\r\n\r\n\t\t\t\t\t<!-- Ordered list-->\r\n\t\t\t\t\t<ol class=\"fbc-items\" itemscope itemtype=\"https:\/\/schema.org\/BreadcrumbList\">\r\n\t\t\t\t\t\t            <li itemprop=\"itemListElement\" itemscope itemtype=\"https:\/\/schema.org\/ListItem\">\r\n                <span itemprop=\"name\">\r\n                    <!-- Home Link -->\r\n                    <a itemprop=\"item\" href=\"https:\/\/suresms.com\/pt\/\">\r\n                    \r\n                                                    <i class=\"fa fa-home\" aria-hidden=\"true\"><\/i>In\u00edcio                    <\/a>\r\n                <\/span>\r\n                <meta itemprop=\"position\" content=\"1\" \/><!-- Meta Position-->\r\n             <\/li><li><span class=\"fbc-separator\">\/<\/span><\/li><li class=\"active\" itemprop=\"itemListElement\" itemscope itemtype=\"https:\/\/schema.org\/ListItem\"><span itemprop=\"name\" title=\"Mensagens SMS programadas - Mensagens programadas\">Mensagens SMS temporizadas -...<\/span><meta itemprop=\"position\" content=\"2\" \/><\/li>\t\t\t\t\t<\/ol>\r\n\t\t\t\t\t<div class=\"clearfix\"><\/div>\r\n\t\t\t\t<\/div>\r\n\t\t\t<\/div>\r\n\t\t\t\n<h2>\n\t\tPrograma\u00e7\u00e3o de mensagens\n\t<\/h2>\n\t<p>O SureSMS tem um calend\u00e1rio incorporado. Esta funcionalidade permite-lhe decidir e definir quando \u00e9 que as suas mensagens s\u00e3o enviadas.<\/p>\n\t\t<h3>Lembretes por SMS<\/h3><p>Atualmente, a utiliza\u00e7\u00e3o mais comum dos gateways SMS na Dinamarca \u00e9 provavelmente o envio de lembretes. Provavelmente, conhece-a do seu cabeleireiro, dentista, mec\u00e2nico, biblioteca e muitos outros locais.<\/p>\n<p>Normalmente, o sistema utilizado pelo cabeleireiro, dentista ou biblioteca (o sistema de origem) est\u00e1 ligado a um gateway SMS. Quando ocorre um evento no sistema de origem - por exemplo, a devolu\u00e7\u00e3o de um livro - o sistema de origem envia uma mensagem para o SMS gateway para enviar uma mensagem. A responsabilidade do SMS Gateway \u00e9 assegurar a entrega da mensagem via SMS.<\/p>\n\t\t<h3>Agendar o envio das suas mensagens SMS<\/h3><p>Permitir que o nosso gateway envie mensagens e lembretes programados aos seus utilizadores \u00e9 uma funcionalidade f\u00e1cil e simples que muitos dos nossos clientes apreciam.<\/p>\n<p>Quer seja o instrutor de ioga a enviar mensagens sobre as aulas ou o dentista a enviar notifica\u00e7\u00f5es sobre os check-ups. Trata-se de uma funcionalidade cl\u00e1ssica da Gateway com muitas possibilidades.<\/p>\n\t\t<h3>Programar o envio para listas<\/h3><p>O SureSMS tem uma funcionalidade PREMIUM que permite definir mensagens a enviar diariamente, durante a semana, semanalmente, mensalmente ou anualmente. E connosco, todos os nossos clientes s\u00e3o clientes Premium!<\/p>\n\t\t<h3>O computador n\u00e3o deve estar ligado<\/h3><p>O sistema enviar\u00e1 as mensagens independentemente de o computador estar ligado ou n\u00e3o, porque a mensagem j\u00e1 est\u00e1 no nosso servidor.<\/p>\n<p>E os nossos servidores est\u00e3o SEMPRE activos!<\/p>\n\t\t<h3>Anular mensagens programadas<\/h3><p>Pode sempre apagar as mensagens que programou para enviar novamente. Tal como tem uma Caixa de entrada e uma Caixa de sa\u00edda no seu cliente de correio eletr\u00f3nico, tamb\u00e9m tem uma pasta \"Mensagens agendadas\" onde s\u00e3o guardadas todas as mensagens que agendou para o futuro. \u00c9 f\u00e1cil e claro encontrar e editar a mensagem.<\/p>\n\t<iframe loading=\"lazy\" src=\"https:\/\/youtube.com\/embed\/98gDGwR5hYU?rel=0\" width=\"560\" height=\"315\" frameborder=\"0\" allowfullscreen=\"allowfullscreen\"><\/iframe>\n\t<p><strong>Como \u00e9 f\u00e1cil programar o envio de SMS<\/strong><\/p>\n<ol>\n<li>Escreva a sua mensagem no campo de texto<\/li>\n<li>Clique no bot\u00e3o \"Mais\" no menu<\/li>\n<li>Selecionar data e hora de envio<\/li>\n<li>Clique em enviar!<\/li>\n<\/ol>\n<p>Ainda n\u00e3o tem uma conta? A partir desta p\u00e1gina, pode criar rapidamente uma conta de teste com 50 SMS gratuitos!<\/p>\n\t<h4><strong>Aqui pode ler alguns exemplos de como os nossos clientes utilizam atualmente a funcionalidade: \"Timed SMS\"<\/strong><\/h4>\n<ul>\n<li>Um podologista autorizado pelo Estado utiliza mensagens SMS temporizadas para enviar notifica\u00e7\u00f5es aos clientes, para que estes n\u00e3o se esque\u00e7am da consulta marcada. Isto significa menos cancelamentos para uma pequena empresa que depende financeiramente de uma agenda cheia.<\/li>\n<li>Uma empresa da Jutl\u00e2ndia que vende vestu\u00e1rio para empresas utiliza a funcionalidade SMS temporizada para enviar mensagens aos clientes sobre a recolha de mercadorias.<\/li>\n<li>\"N\u00e3o se esque\u00e7a de se inscrever na nata\u00e7\u00e3o para beb\u00e9s\" \u00e9 uma das mensagens que um clube desportivo local envia atrav\u00e9s do nosso s\u00edtio Web, dias antes do in\u00edcio da pr\u00f3xima aula.<\/li>\n<\/ul>","protected":false},"excerpt":{"rendered":"<p>Agendamento de mensagens O SureSMS tem um calend\u00e1rio incorporado. Esta funcionalidade permite-lhe decidir e definir quando as suas mensagens s\u00e3o enviadas. Lembretes SMS Provavelmente a utiliza\u00e7\u00e3o mais comum dos gateways SMS na Dinamarca atualmente \u00e9 o envio de lembretes. Provavelmente, conhece-o do cabeleireiro, do dentista, do mec\u00e2nico, da biblioteca... <a title=\"Mensagens SMS programadas - Mensagens programadas\" class=\"read-more\" href=\"https:\/\/suresms.com\/pt\/funktioner\/send-tidsindstillede-sms-beskeder\/\" aria-label=\"Leia mais sobre Timed SMS - Programar mensagens\">Rir mas<\/a><\/p>","protected":false},"author":1,"featured_media":0,"parent":958,"menu_order":9,"comment_status":"closed","ping_status":"closed","template":"","meta":{"_fl_builder_enabled":"1","_fl_builder_data":null,"_fl_builder_draft":null,"_fl_builder_data_settings":null,"_fl_builder_css":"","_fl_builder_css_version":"","_fl_builder_js":"","footnotes":""},"categories":[17],"tags":[],"class_list":{"0":"post-18648","1":"page","2":"type-page","3":"status-publish","5":"category-linkfracornorstone"},"yoast_head":"<!-- This site is optimized with the Yoast SEO Premium plugin v27.3 (Yoast SEO v27.3) - https:\/\/yoast.com\/product\/yoast-seo-premium-wordpress\/ -->\r\n<title>Tidsindstillet SMS | Send nemt tidsindstillede SMS beskeder \u2713<\/title>\r\n<meta name=\"description\" content=\"Planl\u00e6g og afsend tidsbestemte SMS fra SureSMS WEB portal. Send p\u00e5mindelser om aftaler, f\u00f8dselsdagshilsener. Integreret funktion i vores gratis abonnement.\" \/>\r\n<meta name=\"robots\" content=\"index, follow, max-snippet:-1, max-image-preview:large, max-video-preview:-1\" \/>\r\n<link rel=\"canonical\" href=\"https:\/\/suresms.com\/pt\/carateristicas\/enviar-mensagens-de-texto-temporizadas\/\" \/>\r\n<meta property=\"og:locale\" content=\"pt_PT\" \/>\r\n<meta property=\"og:type\" content=\"article\" \/>\r\n<meta property=\"og:title\" content=\"Tidsindstillede SMS&#039;er - Planl\u00e6g beskeder\" \/>\r\n<meta property=\"og:description\" content=\"Planl\u00e6g og afsend tidsbestemte SMS fra SureSMS WEB portal. Send p\u00e5mindelser om aftaler, f\u00f8dselsdagshilsener. Integreret funktion i vores gratis abonnement.\" \/>\r\n<meta property=\"og:url\" content=\"https:\/\/suresms.com\/pt\/carateristicas\/enviar-mensagens-de-texto-temporizadas\/\" \/>\r\n<meta property=\"article:publisher\" content=\"https:\/\/www.facebook.com\/p\/SureSMS-100044607956149\/\" \/>\r\n<meta property=\"article:modified_time\" content=\"2024-12-05T15:38:05+00:00\" \/>\r\n<meta name=\"twitter:card\" content=\"summary_large_image\" \/>\r\n<meta name=\"twitter:label1\" content=\"Tempo estimado de leitura\" \/>\n\t<meta name=\"twitter:data1\" content=\"7 minutos\" \/>\r\n<script type=\"application\/ld+json\" class=\"yoast-schema-graph\">{\"@context\":\"https:\\\/\\\/schema.org\",\"@graph\":[{\"@type\":\"WebPage\",\"@id\":\"https:\\\/\\\/suresms.com\\\/dk\\\/funktioner\\\/send-tidsindstillede-sms-beskeder\\\/\",\"url\":\"https:\\\/\\\/suresms.com\\\/dk\\\/funktioner\\\/send-tidsindstillede-sms-beskeder\\\/\",\"name\":\"Tidsindstillet SMS | Send nemt tidsindstillede SMS beskeder \u2713\",\"isPartOf\":{\"@id\":\"https:\\\/\\\/suresms.com\\\/en\\\/#website\"},\"datePublished\":\"2015-12-14T13:47:13+00:00\",\"dateModified\":\"2024-12-05T15:38:05+00:00\",\"description\":\"Planl\u00e6g og afsend tidsbestemte SMS fra SureSMS WEB portal. Send p\u00e5mindelser om aftaler, f\u00f8dselsdagshilsener. Integreret funktion i vores gratis abonnement.\",\"breadcrumb\":{\"@id\":\"https:\\\/\\\/suresms.com\\\/dk\\\/funktioner\\\/send-tidsindstillede-sms-beskeder\\\/#breadcrumb\"},\"inLanguage\":\"pt-PT\",\"potentialAction\":[{\"@type\":\"ReadAction\",\"target\":[\"https:\\\/\\\/suresms.com\\\/dk\\\/funktioner\\\/send-tidsindstillede-sms-beskeder\\\/\"]}]},{\"@type\":\"BreadcrumbList\",\"@id\":\"https:\\\/\\\/suresms.com\\\/dk\\\/funktioner\\\/send-tidsindstillede-sms-beskeder\\\/#breadcrumb\",\"itemListElement\":[{\"@type\":\"ListItem\",\"position\":1,\"name\":\"Home\",\"item\":\"https:\\\/\\\/suresms.com\\\/dk\\\/\"},{\"@type\":\"ListItem\",\"position\":2,\"name\":\"Funktioner\",\"item\":\"https:\\\/\\\/suresms.com\\\/dk\\\/funktioner\\\/\"},{\"@type\":\"ListItem\",\"position\":3,\"name\":\"Tidsindstillede SMS&#039;er &#8211; Planl\u00e6g beskeder\"}]},{\"@type\":\"WebSite\",\"@id\":\"https:\\\/\\\/suresms.com\\\/en\\\/#website\",\"url\":\"https:\\\/\\\/suresms.com\\\/en\\\/\",\"name\":\"SureSMS\",\"description\":\"Professionel SMS Gateway\",\"publisher\":{\"@id\":\"https:\\\/\\\/suresms.com\\\/en\\\/#organization\"},\"potentialAction\":[{\"@type\":\"SearchAction\",\"target\":{\"@type\":\"EntryPoint\",\"urlTemplate\":\"https:\\\/\\\/suresms.com\\\/en\\\/?s={search_term_string}\"},\"query-input\":{\"@type\":\"PropertyValueSpecification\",\"valueRequired\":true,\"valueName\":\"search_term_string\"}}],\"inLanguage\":\"pt-PT\"},{\"@type\":\"Organization\",\"@id\":\"https:\\\/\\\/suresms.com\\\/en\\\/#organization\",\"name\":\"SureSMS\",\"url\":\"https:\\\/\\\/suresms.com\\\/en\\\/\",\"logo\":{\"@type\":\"ImageObject\",\"inLanguage\":\"pt-PT\",\"@id\":\"https:\\\/\\\/suresms.com\\\/en\\\/#\\\/schema\\\/logo\\\/image\\\/\",\"url\":\"https:\\\/\\\/suresms.com\\\/wp-content\\\/uploads\\\/2024\\\/11\\\/suresms-300x65-1.png\",\"contentUrl\":\"https:\\\/\\\/suresms.com\\\/wp-content\\\/uploads\\\/2024\\\/11\\\/suresms-300x65-1.png\",\"width\":300,\"height\":65,\"caption\":\"SureSMS\"},\"image\":{\"@id\":\"https:\\\/\\\/suresms.com\\\/en\\\/#\\\/schema\\\/logo\\\/image\\\/\"},\"sameAs\":[\"https:\\\/\\\/www.facebook.com\\\/p\\\/SureSMS-100044607956149\\\/\"]}]}<\/script>\r\n<!-- \/ Yoast SEO Premium plugin. -->","yoast_head_json":{"title":"SMS temporizado | Enviar mensagens SMS temporizadas facilmente \u2713","description":"Agende e envie SMS programados a partir do portal SureSMS WEB. Envie lembretes de compromissos, sauda\u00e7\u00f5es de anivers\u00e1rio. Funcionalidade integrada na nossa subscri\u00e7\u00e3o gratuita.","robots":{"index":"index","follow":"follow","max-snippet":"max-snippet:-1","max-image-preview":"max-image-preview:large","max-video-preview":"max-video-preview:-1"},"canonical":"https:\/\/suresms.com\/pt\/carateristicas\/enviar-mensagens-de-texto-temporizadas\/","og_locale":"pt_PT","og_type":"article","og_title":"Tidsindstillede SMS&#039;er - Planl\u00e6g beskeder","og_description":"Planl\u00e6g og afsend tidsbestemte SMS fra SureSMS WEB portal. Send p\u00e5mindelser om aftaler, f\u00f8dselsdagshilsener. Integreret funktion i vores gratis abonnement.","og_url":"https:\/\/suresms.com\/pt\/carateristicas\/enviar-mensagens-de-texto-temporizadas\/","article_publisher":"https:\/\/www.facebook.com\/p\/SureSMS-100044607956149\/","article_modified_time":"2024-12-05T15:38:05+00:00","twitter_card":"summary_large_image","twitter_misc":{"Tempo estimado de leitura":"7 minutos"},"schema":{"@context":"https:\/\/schema.org","@graph":[{"@type":"WebPage","@id":"https:\/\/suresms.com\/dk\/funktioner\/send-tidsindstillede-sms-beskeder\/","url":"https:\/\/suresms.com\/dk\/funktioner\/send-tidsindstillede-sms-beskeder\/","name":"SMS temporizado | Enviar mensagens SMS temporizadas facilmente \u2713","isPartOf":{"@id":"https:\/\/suresms.com\/en\/#website"},"datePublished":"2015-12-14T13:47:13+00:00","dateModified":"2024-12-05T15:38:05+00:00","description":"Agende e envie SMS programados a partir do portal SureSMS WEB. Envie lembretes de compromissos, sauda\u00e7\u00f5es de anivers\u00e1rio. Funcionalidade integrada na nossa subscri\u00e7\u00e3o gratuita.","breadcrumb":{"@id":"https:\/\/suresms.com\/dk\/funktioner\/send-tidsindstillede-sms-beskeder\/#breadcrumb"},"inLanguage":"pt-PT","potentialAction":[{"@type":"ReadAction","target":["https:\/\/suresms.com\/dk\/funktioner\/send-tidsindstillede-sms-beskeder\/"]}]},{"@type":"BreadcrumbList","@id":"https:\/\/suresms.com\/dk\/funktioner\/send-tidsindstillede-sms-beskeder\/#breadcrumb","itemListElement":[{"@type":"ListItem","position":1,"name":"Home","item":"https:\/\/suresms.com\/dk\/"},{"@type":"ListItem","position":2,"name":"Funktioner","item":"https:\/\/suresms.com\/dk\/funktioner\/"},{"@type":"ListItem","position":3,"name":"Tidsindstillede SMS&#039;er &#8211; Planl\u00e6g beskeder"}]},{"@type":"WebSite","@id":"https:\/\/suresms.com\/en\/#website","url":"https:\/\/suresms.com\/en\/","name":"SureSMS","description":"Gateway SMS profissional","publisher":{"@id":"https:\/\/suresms.com\/en\/#organization"},"potentialAction":[{"@type":"SearchAction","target":{"@type":"EntryPoint","urlTemplate":"https:\/\/suresms.com\/en\/?s={search_term_string}"},"query-input":{"@type":"PropertyValueSpecification","valueRequired":true,"valueName":"search_term_string"}}],"inLanguage":"pt-PT"},{"@type":"Organization","@id":"https:\/\/suresms.com\/en\/#organization","name":"SureSMS","url":"https:\/\/suresms.com\/en\/","logo":{"@type":"ImageObject","inLanguage":"pt-PT","@id":"https:\/\/suresms.com\/en\/#\/schema\/logo\/image\/","url":"https:\/\/suresms.com\/wp-content\/uploads\/2024\/11\/suresms-300x65-1.png","contentUrl":"https:\/\/suresms.com\/wp-content\/uploads\/2024\/11\/suresms-300x65-1.png","width":300,"height":65,"caption":"SureSMS"},"image":{"@id":"https:\/\/suresms.com\/en\/#\/schema\/logo\/image\/"},"sameAs":["https:\/\/www.facebook.com\/p\/SureSMS-100044607956149\/"]}]}},"_links":{"self":[{"href":"https:\/\/suresms.com\/pt\/wp-json\/wp\/v2\/pages\/18648","targetHints":{"allow":["GET"]}}],"collection":[{"href":"https:\/\/suresms.com\/pt\/wp-json\/wp\/v2\/pages"}],"about":[{"href":"https:\/\/suresms.com\/pt\/wp-json\/wp\/v2\/types\/page"}],"author":[{"embeddable":true,"href":"https:\/\/suresms.com\/pt\/wp-json\/wp\/v2\/users\/1"}],"replies":[{"embeddable":true,"href":"https:\/\/suresms.com\/pt\/wp-json\/wp\/v2\/comments?post=18648"}],"version-history":[{"count":3,"href":"https:\/\/suresms.com\/pt\/wp-json\/wp\/v2\/pages\/18648\/revisions"}],"predecessor-version":[{"id":19442,"href":"https:\/\/suresms.com\/pt\/wp-json\/wp\/v2\/pages\/18648\/revisions\/19442"}],"up":[{"embeddable":true,"href":"https:\/\/suresms.com\/pt\/wp-json\/wp\/v2\/pages\/958"}],"wp:attachment":[{"href":"https:\/\/suresms.com\/pt\/wp-json\/wp\/v2\/media?parent=18648"}],"wp:term":[{"taxonomy":"category","embeddable":true,"href":"https:\/\/suresms.com\/pt\/wp-json\/wp\/v2\/categories?post=18648"},{"taxonomy":"post_tag","embeddable":true,"href":"https:\/\/suresms.com\/pt\/wp-json\/wp\/v2\/tags?post=18648"}],"curies":[{"name":"wp","href":"https:\/\/api.w.org\/{rel}","templated":true}]}}