{"id":18276,"date":"2024-08-22T14:01:36","date_gmt":"2024-08-22T12:01:36","guid":{"rendered":"https:\/\/www.suresms.com\/dk\/?page_id=18276"},"modified":"2025-02-19T16:29:11","modified_gmt":"2025-02-19T16:29:11","slug":"nome-da-estacao-5","status":"publish","type":"page","link":"https:\/\/suresms.com\/pt\/docs\/troubleshooting\/min-sms-bliver-ikke-modtaget-pa-telefonen\/","title":{"rendered":"As minhas SMS n\u00e3o s\u00e3o recebidas no meu telem\u00f3vel"},"content":{"rendered":"<!-- Flexy Breadcrumb -->\r\n\t\t\t<div class=\"fbc fbc-page\">\r\n\r\n\t\t\t\t<!-- Breadcrumb wrapper -->\r\n\t\t\t\t<div class=\"fbc-wrap\">\r\n\r\n\t\t\t\t\t<!-- Ordered list-->\r\n\t\t\t\t\t<ol class=\"fbc-items\" itemscope itemtype=\"https:\/\/schema.org\/BreadcrumbList\">\r\n\t\t\t\t\t\t            <li itemprop=\"itemListElement\" itemscope itemtype=\"https:\/\/schema.org\/ListItem\">\r\n                <span itemprop=\"name\">\r\n                    <!-- Home Link -->\r\n                    <a itemprop=\"item\" href=\"https:\/\/suresms.com\/pt\/\">\r\n                    \r\n                                                    <i class=\"fa fa-home\" aria-hidden=\"true\"><\/i>In\u00edcio                    <\/a>\r\n                <\/span>\r\n                <meta itemprop=\"position\" content=\"1\" \/><!-- Meta Position-->\r\n             <\/li><li><span class=\"fbc-separator\">\/<\/span><\/li><li class=\"active\" itemprop=\"itemListElement\" itemscope itemtype=\"https:\/\/schema.org\/ListItem\"><span itemprop=\"name\" title=\"As minhas SMS n\u00e3o s\u00e3o recebidas no meu telem\u00f3vel\">A minha mensagem SMS n\u00e3o est\u00e1 a ser...<\/span><meta itemprop=\"position\" content=\"2\" \/><\/li>\t\t\t\t\t<\/ol>\r\n\t\t\t\t\t<div class=\"clearfix\"><\/div>\r\n\t\t\t\t<\/div>\r\n\t\t\t<\/div>\r\n\t\t\t\n<h1>\n\t\tA minha SMS consta como entregue, mas n\u00e3o aparece no telem\u00f3vel do destinat\u00e1rio.\n\t<\/h1>\n\t<p>Se verificar que a vis\u00e3o geral do SureSMS mostra que o seu SMS foi entregue, mas n\u00e3o \u00e9 apresentado no telefone do destinat\u00e1rio, pode ser porque o destinat\u00e1rio bloqueou a apresenta\u00e7\u00e3o das suas mensagens.<\/p>\n<p>Isto acontece normalmente se enviar de com um nome de remetente alfanum\u00e9rico.<\/p>\n<p>Por outras palavras, n\u00e3o \u00e9 o SureSMS que \u00e9 o problema. Nem os operadores, mas o telem\u00f3vel do destinat\u00e1rio.<\/p>\n<h2>\n\t\tO telem\u00f3vel do destinat\u00e1rio \u00e9 um Android\n\t<\/h2>\n\t<p>Para que o telem\u00f3vel do destinat\u00e1rio apresente as mensagens, o filtro de SPAM deve estar desativado no telem\u00f3vel. Existem muitas vers\u00f5es diferentes do Android, pelo que as capturas de ecr\u00e3 abaixo podem n\u00e3o corresponder exatamente ao seu telem\u00f3vel. Veja se isso ajuda.<\/p>\n\t<ol> \t\n<li>Em primeiro lugar, abra as mensagens SMS no seu telem\u00f3vel.<\/li>\n\n<li>Em seguida, clique no menu no canto superior direito<\/li>\n\n<li>Em seguida, clique em Defini\u00e7\u00f5es ou Defini\u00e7\u00f5es<\/li>\n\n<li>Se tiver v\u00e1rios cart\u00f5es SIM no seu telem\u00f3vel, selecione o cart\u00e3o relevante<\/li>\n\n<li>Agora selecione Prote\u00e7\u00e3o contra SPAM<\/li>\n\n<li>Desativar a prote\u00e7\u00e3o contra SPAM<\/li>\n<\/ol>\n\t\t\t\t<img loading=\"lazy\" decoding=\"async\" src=\"https:\/\/suresms.com\/wp-content\/uploads\/2024\/08\/Android-SMS-setting-1.jpg\" alt=\"Defini\u00e7\u00f5es do Android\" itemprop=\"image\" height=\"496\" width=\"800\" title=\"Defini\u00e7\u00e3o de SMS para Android\" onerror=\"this.style.display='none'\"  \/>\n<h2>\n\t\tO telem\u00f3vel do destinat\u00e1rio \u00e9 um iPhone\n\t<\/h2>\n\t<p>O iPhone \u00e9 famoso por reconhecer uma SMS na rede, mas n\u00e3o a mostrar ao utilizador. H\u00e1 uma s\u00e9rie de raz\u00f5es diferentes para este facto. Existem defini\u00e7\u00f5es no iPhone que podem bloquear o ecr\u00e3. Por raz\u00f5es t\u00e9cnicas, se uma mensagem tiver v\u00e1rios segmentos (mais de 160 caracteres), o iPhone pode, por vezes, optar por n\u00e3o apresentar a mensagem, mesmo que tenha recebido ambos os segmentos. Teste enviando uma SMS para o telem\u00f3vel com um texto curto. Se a mensagem for recebida, \u00e9 essa a explica\u00e7\u00e3o.<\/p>\n<p>Para verificar se o iPhone n\u00e3o est\u00e1 a bloquear a visualiza\u00e7\u00e3o, siga os passos abaixo.<\/p>\n\t<ol>\n<li>\n<ol>\n<li>Primeiro, abra as Defini\u00e7\u00f5es no seu telem\u00f3vel<\/li>\n<li>Em seguida, localize \"Mensagens\" em Aplica\u00e7\u00f5es<\/li>\n<li>Aceda \u00e0s defini\u00e7\u00f5es e clique em Contactos bloqueados<\/li>\n<li>Verifique se o nome do remetente que utiliza no SureSMS n\u00e3o est\u00e1 na lista.<\/li>\n<li>Certifique-se de que a op\u00e7\u00e3o \"Filtrar remetentes desconhecidos\" n\u00e3o est\u00e1 activada<\/li>\n<\/ol>\n<\/li>\n<\/ol>\n<p>&nbsp;<\/p>\n\t\t\t\t<img decoding=\"async\" src=\"https:\/\/suresms.com\/wp-content\/uploads\/2025\/02\/Screendump_phone_iphone_message_setting_01.jpg\" alt=\"Screendump_phone_iphone_message_setting_01\" itemprop=\"image\" title=\"Screendump_phone_iphone_message_setting_01\" onerror=\"this.style.display='none'\"  \/>","protected":false},"excerpt":{"rendered":"<p>A minha SMS est\u00e1 listada como entregue, mas n\u00e3o aparece no telem\u00f3vel do destinat\u00e1rio. Se verificar que a vista geral do SureSMS mostra que a sua SMS foi entregue, mas n\u00e3o aparece no telem\u00f3vel do destinat\u00e1rio, pode ser porque o destinat\u00e1rio bloqueou a visualiza\u00e7\u00e3o das suas mensagens. Isto acontece normalmente se enviar a partir de ... <a title=\"As minhas SMS n\u00e3o s\u00e3o recebidas no meu telem\u00f3vel\" class=\"read-more\" href=\"https:\/\/suresms.com\/pt\/docs\/troubleshooting\/min-sms-bliver-ikke-modtaget-pa-telefonen\/\" aria-label=\"Leia mais sobre As minhas SMS n\u00e3o s\u00e3o recebidas no meu telem\u00f3vel\">Rir mas<\/a><\/p>","protected":false},"author":1,"featured_media":0,"parent":18273,"menu_order":0,"comment_status":"closed","ping_status":"closed","template":"","meta":{"_fl_builder_enabled":"1","_fl_builder_data":null,"_fl_builder_draft":null,"_fl_builder_data_settings":null,"_fl_builder_css":"","_fl_builder_css_version":"","_fl_builder_js":"","footnotes":""},"categories":[],"tags":[],"class_list":["post-18276","page","type-page","status-publish"],"yoast_head":"<!-- This site is optimized with the Yoast SEO Premium plugin v27.3 (Yoast SEO v27.3) - https:\/\/yoast.com\/product\/yoast-seo-premium-wordpress\/ -->\r\n<title>Min SMS bliver ikke modtaget p\u00e5 telefonen -<\/title>\r\n<meta name=\"robots\" content=\"index, follow, max-snippet:-1, max-image-preview:large, max-video-preview:-1\" \/>\r\n<link rel=\"canonical\" href=\"https:\/\/suresms.com\/pt\/documentos\/conta-6\/nome-da-estacao-5\/\" \/>\r\n<meta property=\"og:locale\" content=\"pt_PT\" \/>\r\n<meta property=\"og:type\" content=\"article\" \/>\r\n<meta property=\"og:title\" content=\"Min SMS bliver ikke modtaget p\u00e5 telefonen\" \/>\r\n<meta property=\"og:description\" content=\"Min SMS st\u00e5r som leveret, men den vises ikke p\u00e5 modtagerens telefon. Hvis du oplever at der i SureSMS oversigten st\u00e5r, at din SMS er leveret, men den ikke bliver vist p\u00e5 modtagerens telefon, s\u00e5 kan det v\u00e6re fordi at modtageren har blokeret for visning af dine beskeder. Dette sker typisk hvis du sender fra ... Ler mais\" \/>\r\n<meta property=\"og:url\" content=\"https:\/\/suresms.com\/pt\/documentos\/conta-6\/nome-da-estacao-5\/\" \/>\r\n<meta property=\"article:publisher\" content=\"https:\/\/www.facebook.com\/p\/SureSMS-100044607956149\/\" \/>\r\n<meta property=\"article:modified_time\" content=\"2025-02-19T16:29:11+00:00\" \/>\r\n<meta property=\"og:image\" content=\"https:\/\/suresms.com\/wp-content\/uploads\/2024\/08\/Android-SMS-setting-1.jpg\" \/>\r\n<meta name=\"twitter:card\" content=\"summary_large_image\" \/>\r\n<meta name=\"twitter:label1\" content=\"Tempo estimado de leitura\" \/>\n\t<meta name=\"twitter:data1\" content=\"3 minutos\" \/>\r\n<script type=\"application\/ld+json\" class=\"yoast-schema-graph\">{\"@context\":\"https:\\\/\\\/schema.org\",\"@graph\":[{\"@type\":\"WebPage\",\"@id\":\"https:\\\/\\\/suresms.com\\\/dk\\\/docs\\\/troubleshooting\\\/min-sms-bliver-ikke-modtaget-pa-telefonen\\\/\",\"url\":\"https:\\\/\\\/suresms.com\\\/dk\\\/docs\\\/troubleshooting\\\/min-sms-bliver-ikke-modtaget-pa-telefonen\\\/\",\"name\":\"Min SMS bliver ikke modtaget p\u00e5 telefonen -\",\"isPartOf\":{\"@id\":\"https:\\\/\\\/suresms.com\\\/en\\\/#website\"},\"primaryImageOfPage\":{\"@id\":\"https:\\\/\\\/suresms.com\\\/dk\\\/docs\\\/troubleshooting\\\/min-sms-bliver-ikke-modtaget-pa-telefonen\\\/#primaryimage\"},\"image\":{\"@id\":\"https:\\\/\\\/suresms.com\\\/dk\\\/docs\\\/troubleshooting\\\/min-sms-bliver-ikke-modtaget-pa-telefonen\\\/#primaryimage\"},\"thumbnailUrl\":\"https:\\\/\\\/suresms.com\\\/wp-content\\\/uploads\\\/2024\\\/08\\\/Android-SMS-setting-1.jpg\",\"datePublished\":\"2024-08-22T12:01:36+00:00\",\"dateModified\":\"2025-02-19T16:29:11+00:00\",\"breadcrumb\":{\"@id\":\"https:\\\/\\\/suresms.com\\\/dk\\\/docs\\\/troubleshooting\\\/min-sms-bliver-ikke-modtaget-pa-telefonen\\\/#breadcrumb\"},\"inLanguage\":\"pt-PT\",\"potentialAction\":[{\"@type\":\"ReadAction\",\"target\":[\"https:\\\/\\\/suresms.com\\\/dk\\\/docs\\\/troubleshooting\\\/min-sms-bliver-ikke-modtaget-pa-telefonen\\\/\"]}]},{\"@type\":\"ImageObject\",\"inLanguage\":\"pt-PT\",\"@id\":\"https:\\\/\\\/suresms.com\\\/dk\\\/docs\\\/troubleshooting\\\/min-sms-bliver-ikke-modtaget-pa-telefonen\\\/#primaryimage\",\"url\":\"https:\\\/\\\/suresms.com\\\/wp-content\\\/uploads\\\/2024\\\/08\\\/Android-SMS-setting-1.jpg\",\"contentUrl\":\"https:\\\/\\\/suresms.com\\\/wp-content\\\/uploads\\\/2024\\\/08\\\/Android-SMS-setting-1.jpg\"},{\"@type\":\"BreadcrumbList\",\"@id\":\"https:\\\/\\\/suresms.com\\\/dk\\\/docs\\\/troubleshooting\\\/min-sms-bliver-ikke-modtaget-pa-telefonen\\\/#breadcrumb\",\"itemListElement\":[{\"@type\":\"ListItem\",\"position\":1,\"name\":\"Home\",\"item\":\"https:\\\/\\\/suresms.com\\\/dk\\\/\"},{\"@type\":\"ListItem\",\"position\":2,\"name\":\"Dokumentation\",\"item\":\"https:\\\/\\\/suresms.com\\\/dk\\\/docs\\\/\"},{\"@type\":\"ListItem\",\"position\":3,\"name\":\"Fejlfinding\",\"item\":\"https:\\\/\\\/suresms.com\\\/dk\\\/docs\\\/troubleshooting\\\/\"},{\"@type\":\"ListItem\",\"position\":4,\"name\":\"Min SMS bliver ikke modtaget p\u00e5 telefonen\"}]},{\"@type\":\"WebSite\",\"@id\":\"https:\\\/\\\/suresms.com\\\/en\\\/#website\",\"url\":\"https:\\\/\\\/suresms.com\\\/en\\\/\",\"name\":\"SureSMS\",\"description\":\"Professionel SMS Gateway\",\"publisher\":{\"@id\":\"https:\\\/\\\/suresms.com\\\/en\\\/#organization\"},\"potentialAction\":[{\"@type\":\"SearchAction\",\"target\":{\"@type\":\"EntryPoint\",\"urlTemplate\":\"https:\\\/\\\/suresms.com\\\/en\\\/?s={search_term_string}\"},\"query-input\":{\"@type\":\"PropertyValueSpecification\",\"valueRequired\":true,\"valueName\":\"search_term_string\"}}],\"inLanguage\":\"pt-PT\"},{\"@type\":\"Organization\",\"@id\":\"https:\\\/\\\/suresms.com\\\/en\\\/#organization\",\"name\":\"SureSMS\",\"url\":\"https:\\\/\\\/suresms.com\\\/en\\\/\",\"logo\":{\"@type\":\"ImageObject\",\"inLanguage\":\"pt-PT\",\"@id\":\"https:\\\/\\\/suresms.com\\\/en\\\/#\\\/schema\\\/logo\\\/image\\\/\",\"url\":\"https:\\\/\\\/suresms.com\\\/wp-content\\\/uploads\\\/2024\\\/11\\\/suresms-300x65-1.png\",\"contentUrl\":\"https:\\\/\\\/suresms.com\\\/wp-content\\\/uploads\\\/2024\\\/11\\\/suresms-300x65-1.png\",\"width\":300,\"height\":65,\"caption\":\"SureSMS\"},\"image\":{\"@id\":\"https:\\\/\\\/suresms.com\\\/en\\\/#\\\/schema\\\/logo\\\/image\\\/\"},\"sameAs\":[\"https:\\\/\\\/www.facebook.com\\\/p\\\/SureSMS-100044607956149\\\/\"]}]}<\/script>\r\n<!-- \/ Yoast SEO Premium plugin. -->","yoast_head_json":{"title":"As minhas SMS n\u00e3o est\u00e3o a ser recebidas no meu telem\u00f3vel","robots":{"index":"index","follow":"follow","max-snippet":"max-snippet:-1","max-image-preview":"max-image-preview:large","max-video-preview":"max-video-preview:-1"},"canonical":"https:\/\/suresms.com\/pt\/documentos\/conta-6\/nome-da-estacao-5\/","og_locale":"pt_PT","og_type":"article","og_title":"Min SMS bliver ikke modtaget p\u00e5 telefonen","og_description":"Min SMS st\u00e5r som leveret, men den vises ikke p\u00e5 modtagerens telefon. Hvis du oplever at der i SureSMS oversigten st\u00e5r, at din SMS er leveret, men den ikke bliver vist p\u00e5 modtagerens telefon, s\u00e5 kan det v\u00e6re fordi at modtageren har blokeret for visning af dine beskeder. Dette sker typisk hvis du sender fra ... Ler mais","og_url":"https:\/\/suresms.com\/pt\/documentos\/conta-6\/nome-da-estacao-5\/","article_publisher":"https:\/\/www.facebook.com\/p\/SureSMS-100044607956149\/","article_modified_time":"2025-02-19T16:29:11+00:00","og_image":[{"url":"https:\/\/suresms.com\/wp-content\/uploads\/2024\/08\/Android-SMS-setting-1.jpg","type":"","width":"","height":""}],"twitter_card":"summary_large_image","twitter_misc":{"Tempo estimado de leitura":"3 minutos"},"schema":{"@context":"https:\/\/schema.org","@graph":[{"@type":"WebPage","@id":"https:\/\/suresms.com\/dk\/docs\/troubleshooting\/min-sms-bliver-ikke-modtaget-pa-telefonen\/","url":"https:\/\/suresms.com\/dk\/docs\/troubleshooting\/min-sms-bliver-ikke-modtaget-pa-telefonen\/","name":"As minhas SMS n\u00e3o est\u00e3o a ser recebidas no meu telem\u00f3vel","isPartOf":{"@id":"https:\/\/suresms.com\/en\/#website"},"primaryImageOfPage":{"@id":"https:\/\/suresms.com\/dk\/docs\/troubleshooting\/min-sms-bliver-ikke-modtaget-pa-telefonen\/#primaryimage"},"image":{"@id":"https:\/\/suresms.com\/dk\/docs\/troubleshooting\/min-sms-bliver-ikke-modtaget-pa-telefonen\/#primaryimage"},"thumbnailUrl":"https:\/\/suresms.com\/wp-content\/uploads\/2024\/08\/Android-SMS-setting-1.jpg","datePublished":"2024-08-22T12:01:36+00:00","dateModified":"2025-02-19T16:29:11+00:00","breadcrumb":{"@id":"https:\/\/suresms.com\/dk\/docs\/troubleshooting\/min-sms-bliver-ikke-modtaget-pa-telefonen\/#breadcrumb"},"inLanguage":"pt-PT","potentialAction":[{"@type":"ReadAction","target":["https:\/\/suresms.com\/dk\/docs\/troubleshooting\/min-sms-bliver-ikke-modtaget-pa-telefonen\/"]}]},{"@type":"ImageObject","inLanguage":"pt-PT","@id":"https:\/\/suresms.com\/dk\/docs\/troubleshooting\/min-sms-bliver-ikke-modtaget-pa-telefonen\/#primaryimage","url":"https:\/\/suresms.com\/wp-content\/uploads\/2024\/08\/Android-SMS-setting-1.jpg","contentUrl":"https:\/\/suresms.com\/wp-content\/uploads\/2024\/08\/Android-SMS-setting-1.jpg"},{"@type":"BreadcrumbList","@id":"https:\/\/suresms.com\/dk\/docs\/troubleshooting\/min-sms-bliver-ikke-modtaget-pa-telefonen\/#breadcrumb","itemListElement":[{"@type":"ListItem","position":1,"name":"Home","item":"https:\/\/suresms.com\/dk\/"},{"@type":"ListItem","position":2,"name":"Dokumentation","item":"https:\/\/suresms.com\/dk\/docs\/"},{"@type":"ListItem","position":3,"name":"Fejlfinding","item":"https:\/\/suresms.com\/dk\/docs\/troubleshooting\/"},{"@type":"ListItem","position":4,"name":"Min SMS bliver ikke modtaget p\u00e5 telefonen"}]},{"@type":"WebSite","@id":"https:\/\/suresms.com\/en\/#website","url":"https:\/\/suresms.com\/en\/","name":"SureSMS","description":"Gateway SMS profissional","publisher":{"@id":"https:\/\/suresms.com\/en\/#organization"},"potentialAction":[{"@type":"SearchAction","target":{"@type":"EntryPoint","urlTemplate":"https:\/\/suresms.com\/en\/?s={search_term_string}"},"query-input":{"@type":"PropertyValueSpecification","valueRequired":true,"valueName":"search_term_string"}}],"inLanguage":"pt-PT"},{"@type":"Organization","@id":"https:\/\/suresms.com\/en\/#organization","name":"SureSMS","url":"https:\/\/suresms.com\/en\/","logo":{"@type":"ImageObject","inLanguage":"pt-PT","@id":"https:\/\/suresms.com\/en\/#\/schema\/logo\/image\/","url":"https:\/\/suresms.com\/wp-content\/uploads\/2024\/11\/suresms-300x65-1.png","contentUrl":"https:\/\/suresms.com\/wp-content\/uploads\/2024\/11\/suresms-300x65-1.png","width":300,"height":65,"caption":"SureSMS"},"image":{"@id":"https:\/\/suresms.com\/en\/#\/schema\/logo\/image\/"},"sameAs":["https:\/\/www.facebook.com\/p\/SureSMS-100044607956149\/"]}]}},"_links":{"self":[{"href":"https:\/\/suresms.com\/pt\/wp-json\/wp\/v2\/pages\/18276","targetHints":{"allow":["GET"]}}],"collection":[{"href":"https:\/\/suresms.com\/pt\/wp-json\/wp\/v2\/pages"}],"about":[{"href":"https:\/\/suresms.com\/pt\/wp-json\/wp\/v2\/types\/page"}],"author":[{"embeddable":true,"href":"https:\/\/suresms.com\/pt\/wp-json\/wp\/v2\/users\/1"}],"replies":[{"embeddable":true,"href":"https:\/\/suresms.com\/pt\/wp-json\/wp\/v2\/comments?post=18276"}],"version-history":[{"count":4,"href":"https:\/\/suresms.com\/pt\/wp-json\/wp\/v2\/pages\/18276\/revisions"}],"predecessor-version":[{"id":22282,"href":"https:\/\/suresms.com\/pt\/wp-json\/wp\/v2\/pages\/18276\/revisions\/22282"}],"up":[{"embeddable":true,"href":"https:\/\/suresms.com\/pt\/wp-json\/wp\/v2\/pages\/18273"}],"wp:attachment":[{"href":"https:\/\/suresms.com\/pt\/wp-json\/wp\/v2\/media?parent=18276"}],"wp:term":[{"taxonomy":"category","embeddable":true,"href":"https:\/\/suresms.com\/pt\/wp-json\/wp\/v2\/categories?post=18276"},{"taxonomy":"post_tag","embeddable":true,"href":"https:\/\/suresms.com\/pt\/wp-json\/wp\/v2\/tags?post=18276"}],"curies":[{"name":"wp","href":"https:\/\/api.w.org\/{rel}","templated":true}]}}