{"id":18224,"date":"2024-08-05T09:41:36","date_gmt":"2024-08-05T07:41:36","guid":{"rendered":"https:\/\/www.suresms.com\/dk\/?page_id=18224"},"modified":"2025-06-04T13:54:10","modified_gmt":"2025-06-04T13:54:10","slug":"nome-da-estacao-4","status":"publish","type":"page","link":"https:\/\/suresms.com\/pt\/docs\/message\/outbox\/","title":{"rendered":"Caixa de sa\u00edda"},"content":{"rendered":"<!-- Flexy Breadcrumb -->\r\n\t\t\t<div class=\"fbc fbc-page\">\r\n\r\n\t\t\t\t<!-- Breadcrumb wrapper -->\r\n\t\t\t\t<div class=\"fbc-wrap\">\r\n\r\n\t\t\t\t\t<!-- Ordered list-->\r\n\t\t\t\t\t<ol class=\"fbc-items\" itemscope itemtype=\"https:\/\/schema.org\/BreadcrumbList\">\r\n\t\t\t\t\t\t            <li itemprop=\"itemListElement\" itemscope itemtype=\"https:\/\/schema.org\/ListItem\">\r\n                <span itemprop=\"name\">\r\n                    <!-- Home Link -->\r\n                    <a itemprop=\"item\" href=\"https:\/\/suresms.com\/pt\/\">\r\n                    \r\n                                                    <i class=\"fa fa-home\" aria-hidden=\"true\"><\/i>In\u00edcio                    <\/a>\r\n                <\/span>\r\n                <meta itemprop=\"position\" content=\"1\" \/><!-- Meta Position-->\r\n             <\/li><li><span class=\"fbc-separator\">\/<\/span><\/li><li class=\"active\" itemprop=\"itemListElement\" itemscope itemtype=\"https:\/\/schema.org\/ListItem\"><span itemprop=\"name\" title=\"Caixa de sa\u00edda\">Caixa de sa\u00edda<\/span><meta itemprop=\"position\" content=\"2\" \/><\/li>\t\t\t\t\t<\/ol>\r\n\t\t\t\t\t<div class=\"clearfix\"><\/div>\r\n\t\t\t\t<\/div>\r\n\t\t\t<\/div>\r\n\t\t\t\n<h1>\n\t\t\tTabuleiro de sa\u00edda\t<\/h1>\n\t<p>Abaixo pode ler sobre a caixa de sa\u00edda e as informa\u00e7\u00f5es que pode visualizar e filtrar.<\/p>\n<h2>\n\t\t\tCaixa de sa\u00edda\t<\/h2>\n\t<p>A caixa de sa\u00edda cont\u00e9m mensagens que foram enviadas ou que est\u00e3o prontas para serem enviadas. Basicamente, tem o seguinte aspeto. Pode ver um pequeno v\u00eddeo abaixo que descreve o funcionamento da caixa de sa\u00edda. Mas tamb\u00e9m pode ler sobre cada ponto mais abaixo.<\/p>\n\t\t\t\t\t<video src=\"https:\/\/suresms.com\/wp-content\/uploads\/2024\/08\/Dokumentation-Udbakken-1.mp4\" alt=\"hosted-video-thumbnail\"><\/video>\n\t\t<h2>\n\t\t\tColunas\t<\/h2>\n\t<p><em>Para o n\u00famero:\u00a0<\/em>Cont\u00e9m o n\u00famero para o qual a mensagem \u00e9 enviada.<\/p>\n<p><em>Mensagem:\u00a0<\/em>A mensagem atual que foi enviada. Tenha em aten\u00e7\u00e3o que o texto n\u00e3o reflecte necessariamente o seu aspeto no telem\u00f3vel. Os telem\u00f3veis podem formatar as mensagens de forma diferente, pelo que o aspeto exato depende do telem\u00f3vel do destinat\u00e1rio.<\/p>\n<p><em>Tempo: <\/em>\u00c9 a hora em que a mensagem foi enviada ou quando est\u00e1 programada para ser enviada.<\/p>\n<p><em>Enviar: <\/em>Clique no \u00edcone para aceder rapidamente a\u00a0<a href=\"https:\/\/suresms.com\/pt\/documentos\/conta-3\/nome-da-estacao-3\/\"><em>Nova mensagem<\/em><\/a> e enviar uma nova mensagem para o mesmo destinat\u00e1rio.<\/p>\n<p><em>OK<\/em>Descri\u00e7\u00e3o visual do estado da mensagem. Se estiver verde, significa que a mensagem foi enviada. Se for amarelo, significa que a mensagem est\u00e1 a caminho. Se for vermelho, significa que a mensagem n\u00e3o pode ser entregue. Uma seta azul a circular significa que a mensagem ainda n\u00e3o foi enviada.<\/p>\n<p><em>Estado:\u00a0<\/em>Uma descri\u00e7\u00e3o do estado da mensagem. Passe o rato sobre a descri\u00e7\u00e3o para obter uma descri\u00e7\u00e3o mais detalhada.<\/p>\n<p><em>Informa\u00e7\u00e3o:\u00a0<\/em>Clique na seta para ver uma descri\u00e7\u00e3o pormenorizada da mensagem.<\/p>\n<h2>\n\t\t\tBarra superior\t<\/h2>\n\t\t\t\t<img decoding=\"async\" src=\"https:\/\/suresms.com\/wp-content\/uploads\/2024\/08\/Skaermbillede-2024-08-05-102405.png\" alt=\"Captura de ecr\u00e3 2024-08-05 102405\" itemprop=\"image\" height=\"149\" width=\"2005\" title=\"Captura de ecr\u00e3 2024-08-05 102405\" onerror=\"this.style.display='none'\" loading='lazy' \/>\n\t<p><em>Procurar:<\/em> Na barra superior, pode pesquisar as mensagens que enviou. A pesquisa est\u00e1 limitada ao intervalo de datas definido.<\/p>\n<p><em>Data:\u00a0<\/em>S\u00f3 ver\u00e1 mensagens no intervalo de datas que selecionou. Ambas as datas s\u00e3o inclu\u00eddas na lista.<\/p>\n<p><em>Por p\u00e1gina:\u00a0<\/em> Define o n\u00famero de mensagens que pretende por p\u00e1gina. Pode passar para a p\u00e1gina seguinte com as setas na parte inferior da p\u00e1gina.<\/p>\n<p><em>Filtro:\u00a0<\/em>Se pretender filtrar as mensagens por, por exemplo, estado ou se as liga\u00e7\u00f5es foram visitadas, pode utilizar esta funcionalidade.<\/p>\n<p><em>Escolha:\u00a0<\/em>Ao marcar uma mensagem com um visto \u00e0 esquerda da mensagem, pode apagar, reenviar ou exportar as mensagens.<\/p>\n<p>&nbsp;<\/p>\n<h2>\n\t\t\tApagar mensagem na caixa de sa\u00edda\t<\/h2>\n\t<p>\u00c9 poss\u00edvel apagar uma ou mais mensagens da caixa de sa\u00edda. Para o fazer, assinale as mensagens que pretende apagar \u00e0 esquerda da mensagem. Em seguida, clique na sele\u00e7\u00e3o no canto superior direito e clique em \"Apagar\".<\/p>\n\t<p>Tamb\u00e9m tem a op\u00e7\u00e3o de apagar todas as mensagens, selecionando todas as mensagens com a marca de verifica\u00e7\u00e3o superior. Tenha em aten\u00e7\u00e3o que o sistema s\u00f3 apaga as mensagens selecionadas. Por isso, se quiser apagar todas as mensagens, tem de selecionar primeiro um tamanho de p\u00e1gina de \"Todas\"<\/p>\n\t\t\t\t\t<video src=\"https:\/\/suresms.com\/wp-content\/uploads\/2025\/06\/Dokumentation-Slet-besked-i-udbakken.mp4\" alt=\"hosted-video-thumbnail\"><\/video>","protected":false},"excerpt":{"rendered":"<p>Caixa de sa\u00edda Abaixo pode ler sobre a caixa de sa\u00edda e as informa\u00e7\u00f5es que pode ver e filtrar. Caixa de sa\u00edda A caixa de sa\u00edda cont\u00e9m mensagens que foram enviadas ou que est\u00e3o prontas a ser enviadas. Basicamente, tem o seguinte aspeto. Pode ver um pequeno v\u00eddeo abaixo que descreve o funcionamento da caixa de sa\u00edda. Mas tamb\u00e9m pode ler sobre ... <a title=\"Caixa de sa\u00edda\" class=\"read-more\" href=\"https:\/\/suresms.com\/pt\/docs\/message\/outbox\/\" aria-label=\"Saiba mais sobre o Outbox\">Rir mas<\/a><\/p>","protected":false},"author":1,"featured_media":0,"parent":18168,"menu_order":0,"comment_status":"closed","ping_status":"closed","template":"","meta":{"_fl_builder_enabled":"1","_fl_builder_data":null,"_fl_builder_draft":null,"_fl_builder_data_settings":null,"_fl_builder_css":"","_fl_builder_css_version":"","_fl_builder_js":"","footnotes":""},"categories":[],"tags":[],"class_list":["post-18224","page","type-page","status-publish"],"yoast_head":"<!-- This site is optimized with the Yoast SEO Premium plugin v27.3 (Yoast SEO v27.3) - https:\/\/yoast.com\/product\/yoast-seo-premium-wordpress\/ -->\r\n<title>Outbox -<\/title>\r\n<meta name=\"robots\" content=\"index, follow, max-snippet:-1, max-image-preview:large, max-video-preview:-1\" \/>\r\n<link rel=\"canonical\" href=\"https:\/\/suresms.com\/pt\/documentos\/conta-3\/nome-da-estacao-4\/\" \/>\r\n<meta property=\"og:locale\" content=\"pt_PT\" \/>\r\n<meta property=\"og:type\" content=\"article\" \/>\r\n<meta property=\"og:title\" content=\"Outbox\" \/>\r\n<meta property=\"og:description\" content=\"Udbakke Herunder kan du l\u00e6se om udbakken og hvilke informationer du kan se og filtrere. Udbakken Udbakken indeholder de beskeder der er sendt eller som ligger klar til at blive sendt. I udgangspunktet ser denne s\u00e5ledes ud. Du kan se en kort video herunder der beskriver hvordan udbakken virker. Men du kan ogs\u00e5 l\u00e6se om ... Ler mais\" \/>\r\n<meta property=\"og:url\" content=\"https:\/\/suresms.com\/pt\/documentos\/conta-3\/nome-da-estacao-4\/\" \/>\r\n<meta property=\"article:publisher\" content=\"https:\/\/www.facebook.com\/p\/SureSMS-100044607956149\/\" \/>\r\n<meta property=\"article:modified_time\" content=\"2025-06-04T13:54:10+00:00\" \/>\r\n<meta property=\"og:image\" content=\"https:\/\/suresms.com\/wp-content\/uploads\/2024\/08\/Skaermbillede-2024-08-05-102405.png\" \/>\r\n<meta name=\"twitter:card\" content=\"summary_large_image\" \/>\r\n<meta name=\"twitter:label1\" content=\"Tempo estimado de leitura\" \/>\n\t<meta name=\"twitter:data1\" content=\"3 minutos\" \/>\r\n<script type=\"application\/ld+json\" class=\"yoast-schema-graph\">{\"@context\":\"https:\\\/\\\/schema.org\",\"@graph\":[{\"@type\":\"WebPage\",\"@id\":\"https:\\\/\\\/suresms.com\\\/dk\\\/docs\\\/message\\\/outbox\\\/\",\"url\":\"https:\\\/\\\/suresms.com\\\/dk\\\/docs\\\/message\\\/outbox\\\/\",\"name\":\"Outbox -\",\"isPartOf\":{\"@id\":\"https:\\\/\\\/suresms.com\\\/en\\\/#website\"},\"primaryImageOfPage\":{\"@id\":\"https:\\\/\\\/suresms.com\\\/dk\\\/docs\\\/message\\\/outbox\\\/#primaryimage\"},\"image\":{\"@id\":\"https:\\\/\\\/suresms.com\\\/dk\\\/docs\\\/message\\\/outbox\\\/#primaryimage\"},\"thumbnailUrl\":\"https:\\\/\\\/suresms.com\\\/wp-content\\\/uploads\\\/2024\\\/08\\\/Skaermbillede-2024-08-05-102405.png\",\"datePublished\":\"2024-08-05T07:41:36+00:00\",\"dateModified\":\"2025-06-04T13:54:10+00:00\",\"breadcrumb\":{\"@id\":\"https:\\\/\\\/suresms.com\\\/dk\\\/docs\\\/message\\\/outbox\\\/#breadcrumb\"},\"inLanguage\":\"pt-PT\",\"potentialAction\":[{\"@type\":\"ReadAction\",\"target\":[\"https:\\\/\\\/suresms.com\\\/dk\\\/docs\\\/message\\\/outbox\\\/\"]}]},{\"@type\":\"ImageObject\",\"inLanguage\":\"pt-PT\",\"@id\":\"https:\\\/\\\/suresms.com\\\/dk\\\/docs\\\/message\\\/outbox\\\/#primaryimage\",\"url\":\"https:\\\/\\\/suresms.com\\\/wp-content\\\/uploads\\\/2024\\\/08\\\/Skaermbillede-2024-08-05-102405.png\",\"contentUrl\":\"https:\\\/\\\/suresms.com\\\/wp-content\\\/uploads\\\/2024\\\/08\\\/Skaermbillede-2024-08-05-102405.png\"},{\"@type\":\"BreadcrumbList\",\"@id\":\"https:\\\/\\\/suresms.com\\\/dk\\\/docs\\\/message\\\/outbox\\\/#breadcrumb\",\"itemListElement\":[{\"@type\":\"ListItem\",\"position\":1,\"name\":\"Home\",\"item\":\"https:\\\/\\\/suresms.com\\\/dk\\\/\"},{\"@type\":\"ListItem\",\"position\":2,\"name\":\"Dokumentation\",\"item\":\"https:\\\/\\\/suresms.com\\\/dk\\\/docs\\\/\"},{\"@type\":\"ListItem\",\"position\":3,\"name\":\"Beskeder\",\"item\":\"https:\\\/\\\/suresms.com\\\/dk\\\/docs\\\/message\\\/\"},{\"@type\":\"ListItem\",\"position\":4,\"name\":\"Outbox\"}]},{\"@type\":\"WebSite\",\"@id\":\"https:\\\/\\\/suresms.com\\\/en\\\/#website\",\"url\":\"https:\\\/\\\/suresms.com\\\/en\\\/\",\"name\":\"SureSMS\",\"description\":\"Professionel SMS Gateway\",\"publisher\":{\"@id\":\"https:\\\/\\\/suresms.com\\\/en\\\/#organization\"},\"potentialAction\":[{\"@type\":\"SearchAction\",\"target\":{\"@type\":\"EntryPoint\",\"urlTemplate\":\"https:\\\/\\\/suresms.com\\\/en\\\/?s={search_term_string}\"},\"query-input\":{\"@type\":\"PropertyValueSpecification\",\"valueRequired\":true,\"valueName\":\"search_term_string\"}}],\"inLanguage\":\"pt-PT\"},{\"@type\":\"Organization\",\"@id\":\"https:\\\/\\\/suresms.com\\\/en\\\/#organization\",\"name\":\"SureSMS\",\"url\":\"https:\\\/\\\/suresms.com\\\/en\\\/\",\"logo\":{\"@type\":\"ImageObject\",\"inLanguage\":\"pt-PT\",\"@id\":\"https:\\\/\\\/suresms.com\\\/en\\\/#\\\/schema\\\/logo\\\/image\\\/\",\"url\":\"https:\\\/\\\/suresms.com\\\/wp-content\\\/uploads\\\/2024\\\/11\\\/suresms-300x65-1.png\",\"contentUrl\":\"https:\\\/\\\/suresms.com\\\/wp-content\\\/uploads\\\/2024\\\/11\\\/suresms-300x65-1.png\",\"width\":300,\"height\":65,\"caption\":\"SureSMS\"},\"image\":{\"@id\":\"https:\\\/\\\/suresms.com\\\/en\\\/#\\\/schema\\\/logo\\\/image\\\/\"},\"sameAs\":[\"https:\\\/\\\/www.facebook.com\\\/p\\\/SureSMS-100044607956149\\\/\"]}]}<\/script>\r\n<!-- \/ Yoast SEO Premium plugin. -->","yoast_head_json":{"title":"Caixa de sa\u00edda -","robots":{"index":"index","follow":"follow","max-snippet":"max-snippet:-1","max-image-preview":"max-image-preview:large","max-video-preview":"max-video-preview:-1"},"canonical":"https:\/\/suresms.com\/pt\/documentos\/conta-3\/nome-da-estacao-4\/","og_locale":"pt_PT","og_type":"article","og_title":"Outbox","og_description":"Udbakke Herunder kan du l\u00e6se om udbakken og hvilke informationer du kan se og filtrere. Udbakken Udbakken indeholder de beskeder der er sendt eller som ligger klar til at blive sendt. I udgangspunktet ser denne s\u00e5ledes ud. Du kan se en kort video herunder der beskriver hvordan udbakken virker. Men du kan ogs\u00e5 l\u00e6se om ... Ler mais","og_url":"https:\/\/suresms.com\/pt\/documentos\/conta-3\/nome-da-estacao-4\/","article_publisher":"https:\/\/www.facebook.com\/p\/SureSMS-100044607956149\/","article_modified_time":"2025-06-04T13:54:10+00:00","og_image":[{"url":"https:\/\/suresms.com\/wp-content\/uploads\/2024\/08\/Skaermbillede-2024-08-05-102405.png","type":"","width":"","height":""}],"twitter_card":"summary_large_image","twitter_misc":{"Tempo estimado de leitura":"3 minutos"},"schema":{"@context":"https:\/\/schema.org","@graph":[{"@type":"WebPage","@id":"https:\/\/suresms.com\/dk\/docs\/message\/outbox\/","url":"https:\/\/suresms.com\/dk\/docs\/message\/outbox\/","name":"Caixa de sa\u00edda -","isPartOf":{"@id":"https:\/\/suresms.com\/en\/#website"},"primaryImageOfPage":{"@id":"https:\/\/suresms.com\/dk\/docs\/message\/outbox\/#primaryimage"},"image":{"@id":"https:\/\/suresms.com\/dk\/docs\/message\/outbox\/#primaryimage"},"thumbnailUrl":"https:\/\/suresms.com\/wp-content\/uploads\/2024\/08\/Skaermbillede-2024-08-05-102405.png","datePublished":"2024-08-05T07:41:36+00:00","dateModified":"2025-06-04T13:54:10+00:00","breadcrumb":{"@id":"https:\/\/suresms.com\/dk\/docs\/message\/outbox\/#breadcrumb"},"inLanguage":"pt-PT","potentialAction":[{"@type":"ReadAction","target":["https:\/\/suresms.com\/dk\/docs\/message\/outbox\/"]}]},{"@type":"ImageObject","inLanguage":"pt-PT","@id":"https:\/\/suresms.com\/dk\/docs\/message\/outbox\/#primaryimage","url":"https:\/\/suresms.com\/wp-content\/uploads\/2024\/08\/Skaermbillede-2024-08-05-102405.png","contentUrl":"https:\/\/suresms.com\/wp-content\/uploads\/2024\/08\/Skaermbillede-2024-08-05-102405.png"},{"@type":"BreadcrumbList","@id":"https:\/\/suresms.com\/dk\/docs\/message\/outbox\/#breadcrumb","itemListElement":[{"@type":"ListItem","position":1,"name":"Home","item":"https:\/\/suresms.com\/dk\/"},{"@type":"ListItem","position":2,"name":"Dokumentation","item":"https:\/\/suresms.com\/dk\/docs\/"},{"@type":"ListItem","position":3,"name":"Beskeder","item":"https:\/\/suresms.com\/dk\/docs\/message\/"},{"@type":"ListItem","position":4,"name":"Outbox"}]},{"@type":"WebSite","@id":"https:\/\/suresms.com\/en\/#website","url":"https:\/\/suresms.com\/en\/","name":"SureSMS","description":"Gateway SMS profissional","publisher":{"@id":"https:\/\/suresms.com\/en\/#organization"},"potentialAction":[{"@type":"SearchAction","target":{"@type":"EntryPoint","urlTemplate":"https:\/\/suresms.com\/en\/?s={search_term_string}"},"query-input":{"@type":"PropertyValueSpecification","valueRequired":true,"valueName":"search_term_string"}}],"inLanguage":"pt-PT"},{"@type":"Organization","@id":"https:\/\/suresms.com\/en\/#organization","name":"SureSMS","url":"https:\/\/suresms.com\/en\/","logo":{"@type":"ImageObject","inLanguage":"pt-PT","@id":"https:\/\/suresms.com\/en\/#\/schema\/logo\/image\/","url":"https:\/\/suresms.com\/wp-content\/uploads\/2024\/11\/suresms-300x65-1.png","contentUrl":"https:\/\/suresms.com\/wp-content\/uploads\/2024\/11\/suresms-300x65-1.png","width":300,"height":65,"caption":"SureSMS"},"image":{"@id":"https:\/\/suresms.com\/en\/#\/schema\/logo\/image\/"},"sameAs":["https:\/\/www.facebook.com\/p\/SureSMS-100044607956149\/"]}]}},"_links":{"self":[{"href":"https:\/\/suresms.com\/pt\/wp-json\/wp\/v2\/pages\/18224","targetHints":{"allow":["GET"]}}],"collection":[{"href":"https:\/\/suresms.com\/pt\/wp-json\/wp\/v2\/pages"}],"about":[{"href":"https:\/\/suresms.com\/pt\/wp-json\/wp\/v2\/types\/page"}],"author":[{"embeddable":true,"href":"https:\/\/suresms.com\/pt\/wp-json\/wp\/v2\/users\/1"}],"replies":[{"embeddable":true,"href":"https:\/\/suresms.com\/pt\/wp-json\/wp\/v2\/comments?post=18224"}],"version-history":[{"count":3,"href":"https:\/\/suresms.com\/pt\/wp-json\/wp\/v2\/pages\/18224\/revisions"}],"predecessor-version":[{"id":23421,"href":"https:\/\/suresms.com\/pt\/wp-json\/wp\/v2\/pages\/18224\/revisions\/23421"}],"up":[{"embeddable":true,"href":"https:\/\/suresms.com\/pt\/wp-json\/wp\/v2\/pages\/18168"}],"wp:attachment":[{"href":"https:\/\/suresms.com\/pt\/wp-json\/wp\/v2\/media?parent=18224"}],"wp:term":[{"taxonomy":"category","embeddable":true,"href":"https:\/\/suresms.com\/pt\/wp-json\/wp\/v2\/categories?post=18224"},{"taxonomy":"post_tag","embeddable":true,"href":"https:\/\/suresms.com\/pt\/wp-json\/wp\/v2\/tags?post=18224"}],"curies":[{"name":"wp","href":"https:\/\/api.w.org\/{rel}","templated":true}]}}