{"id":18183,"date":"2024-07-10T18:12:05","date_gmt":"2024-07-10T16:12:05","guid":{"rendered":"https:\/\/www.suresms.com\/dk\/?page_id=18183"},"modified":"2026-02-17T05:14:01","modified_gmt":"2026-02-17T05:14:01","slug":"nome-da-estacao-3","status":"publish","type":"page","link":"https:\/\/suresms.com\/pt\/docs\/message\/newmessage\/","title":{"rendered":"Nova mensagem"},"content":{"rendered":"<!-- Flexy Breadcrumb -->\r\n\t\t\t<div class=\"fbc fbc-page\">\r\n\r\n\t\t\t\t<!-- Breadcrumb wrapper -->\r\n\t\t\t\t<div class=\"fbc-wrap\">\r\n\r\n\t\t\t\t\t<!-- Ordered list-->\r\n\t\t\t\t\t<ol class=\"fbc-items\" itemscope itemtype=\"https:\/\/schema.org\/BreadcrumbList\">\r\n\t\t\t\t\t\t            <li itemprop=\"itemListElement\" itemscope itemtype=\"https:\/\/schema.org\/ListItem\">\r\n                <span itemprop=\"name\">\r\n                    <!-- Home Link -->\r\n                    <a itemprop=\"item\" href=\"https:\/\/suresms.com\/pt\/\">\r\n                    \r\n                                                    <i class=\"fa fa-home\" aria-hidden=\"true\"><\/i>In\u00edcio                    <\/a>\r\n                <\/span>\r\n                <meta itemprop=\"position\" content=\"1\" \/><!-- Meta Position-->\r\n             <\/li><li><span class=\"fbc-separator\">\/<\/span><\/li><li class=\"active\" itemprop=\"itemListElement\" itemscope itemtype=\"https:\/\/schema.org\/ListItem\"><span itemprop=\"name\" title=\"Nova mensagem\">Nova mensagem<\/span><meta itemprop=\"position\" content=\"2\" \/><\/li>\t\t\t\t\t<\/ol>\r\n\t\t\t\t\t<div class=\"clearfix\"><\/div>\r\n\t\t\t\t<\/div>\r\n\t\t\t<\/div>\r\n\t\t\t\n<h1>\n\t\t\tNova mensagem\t<\/h1>\n\t<p>Abaixo pode ler a captura de ecr\u00e3\u00a0<em>Nova mensagem<\/em>. Cada campo \u00e9 explicado e est\u00e3o dispon\u00edveis liga\u00e7\u00f5es detalhadas para algumas descri\u00e7\u00f5es.<\/p>\n<h2>\n\t\t\tCriar nova mensagem\t<\/h2>\n\t<p>Comecemos por ver a captura de ecr\u00e3 do novo envio de mensagens. Abaixo pode ver a captura de ecr\u00e3 completa do\u00a0<em>Nova mensagem.\u00a0<\/em>A explica\u00e7\u00e3o seguinte refere-se a este ecr\u00e3 e aos diferentes elementos que o comp\u00f5em.<\/p>\n<figure itemscope itemtype=\"https:\/\/schema.org\/ImageObject\">\n\t\t\t\t<img decoding=\"async\" src=\"https:\/\/suresms.com\/wp-content\/uploads\/2024\/07\/Ny-besked-skaermbillede-1.png\" alt=\"Captura de ecr\u00e3 da nova mensagem\" height=\"2152\" width=\"2277\" title=\"Captura de ecr\u00e3 da nova mensagem\" onerror=\"this.style.display='none'\" loading=\"lazy\" \/>\n\t<\/figure>\n\t<p><strong><em>C\u00f3digo do pa\u00eds:\u00a0<\/em><\/strong>Selecione o indicativo do pa\u00eds do destinat\u00e1rio. Se selecionar a partir de grupos no Livro de endere\u00e7os, este campo n\u00e3o \u00e9 utilizado, uma vez que cada contacto no Livro de endere\u00e7os tem o seu pr\u00f3prio c\u00f3digo de pa\u00eds. Se apenas pretender introduzir um n\u00famero no campo do destinat\u00e1rio, o indicativo do pa\u00eds tem de estar correto. O sistema memoriza o indicativo do pa\u00eds de vez em quando.<\/p>\n<p><strong><em>N\u00famero de telefone<\/em><\/strong>: Aqui introduz-se o n\u00famero de telefone. Sem espa\u00e7os, h\u00edfenes ou qualquer outra coisa. Tamb\u00e9m pode colar. Por exemplo, pode selecionar muitos n\u00fameros do Excel e coloc\u00e1-los todos neste campo.<\/p>\n<p><strong><em>Mensagem:\u00a0<\/em><\/strong>Aqui escreve a mensagem propriamente dita. Por baixo da mensagem, pode ver quantos caracteres escreveu, quantos SMS ser\u00e3o enviados e quanto custa o envio da mensagem.<\/p>\n<h2>\n\t\t\tUtilizar modelos\t<\/h2>\n\t<p>\u00c9 poss\u00edvel criar modelos no sistema. Os modelos s\u00e3o mensagens padr\u00e3o que s\u00e3o armazenadas no sistema e podem ser selecionadas quando se envia uma mensagem. Por exemplo, pode ser \"Lembre-se do seu compromisso amanh\u00e3\". Pode ent\u00e3o simplesmente selecionar o modelo correto e premir enviar.<\/p>\n\t<p>Inicie sess\u00e3o na sua conta SureSMS aqui : <a href=\"https:\/\/app.suresms.com\" target=\"_blank\" rel=\"noopener\">https:\/\/app.suresms.com<\/a><\/p>\n<p>No menu, selecionar <em>Nova mensagem\u00a0<\/em><\/p>\n<p>Clicar no bot\u00e3o <em>Escolha<\/em> \u00e0 direita, por cima do pr\u00f3prio campo de mensagem<\/p>\n<p>Clicar no bot\u00e3o <em>Gerir modelos<\/em><\/p>\n<p>Agora pode criar, editar e apagar os modelos.<\/p>\n<p>Quando precisar de utilizar um modelo, fa\u00e7a o mesmo, mas selecione <em>Utilizar modelo<\/em> no menu. Em seguida, selecione o modelo que pretende utilizar e clique em ok.<\/p>\n\t\t\t\t\t<video src=\"https:\/\/suresms.com\/wp-content\/uploads\/2024\/10\/Dokumentation-Skabeloner-i-beskeder.mp4\" alt=\"hosted-video-thumbnail\"><\/video>\n\t\t<h2>\n\t\t\tFundir informa\u00e7\u00f5es na mensagem\t<\/h2>\n\t<p>Inicie sess\u00e3o na sua conta SureSMS aqui : <a href=\"https:\/\/app.suresms.com\" target=\"_blank\" rel=\"noopener\">https:\/\/app.suresms.com<\/a><\/p>\n<p>No menu, selecionar <em>Nova mensagem\u00a0<\/em><\/p>\n<p>Clicar no bot\u00e3o <em>Escolha<\/em> \u00e0 direita, por cima do pr\u00f3prio campo de mensagem<\/p>\n<p>Clicar no bot\u00e3o <em>Gerir modelos<\/em><\/p>\n<p>Agora pode criar, editar e apagar os modelos.<\/p>\n<p>Quando precisar de utilizar um modelo, fa\u00e7a o mesmo, mas selecione <em>Utilizar modelo<\/em> no menu. Em seguida, selecione o modelo que pretende utilizar e clique em ok.<\/p>\n\t\t\t\t\t<video src=\"https:\/\/suresms.com\/wp-content\/uploads\/2024\/10\/Dokumentation-Skabeloner-i-beskeder.mp4\" alt=\"hosted-video-thumbnail\"><\/video>\n\t\t<h2>\n\t\t\tAdicionar liga\u00e7\u00f5es \u00e0s mensagens\t<\/h2>\n\t<p>\u00c9 poss\u00edvel adicionar hiperliga\u00e7\u00f5es \u00e0s suas mensagens. Pode adicionar diferentes tipos de hiperliga\u00e7\u00f5es:<\/p>\n<p>1. liga\u00e7\u00f5es regulares a s\u00edtios Web, mas em que \u00e9 poss\u00edvel medir o n\u00famero de pessoas que clicam na liga\u00e7\u00e3o.<\/p>\n<p>2. Ligar a ficheiros como, por exemplo, ficheiros PDF<\/p>\n<p>3. Liga\u00e7\u00f5es MobilePay para pagamento direto na mensagem SMS<\/p>\n<p>Neste v\u00eddeo, pode ver como adicionar os diferentes tipos de liga\u00e7\u00f5es<\/p>\n\t\t\t\t\t<video src=\"https:\/\/suresms.com\/wp-content\/uploads\/2026\/02\/Dokumentation-Ny-besked-Tilfoejelse-af-Links-i-beskeder.mp4\" alt=\"hosted-video-thumbnail\"><\/video>\n\t\t<h2>\n\t\t\tCriar n\u00famero de telefone de entrada\t<\/h2>\n\t<p>Se quiser receber SMS de resposta diretamente na plataforma SureSMS ou num e-mail, precisa de uma solu\u00e7\u00e3o de SMS bidirecional. A parte mais importante desta solu\u00e7\u00e3o \u00e9 que precisa de ter um n\u00famero de telefone com SureSMS no qual possa receber mensagens SMS. Isto custa 99,- DKK por m\u00eas. N\u00e3o h\u00e1 cancelamento de um n\u00famero.<\/p>\n\t<p>Inicie sess\u00e3o na sua conta SureSMS aqui : <a href=\"https:\/\/app.suresms.com\" target=\"_blank\" rel=\"noopener\">https:\/\/app.suresms.com<\/a><\/p>\n<p>Certifique-se de que tem mais de 99,- na sua conta, caso contr\u00e1rio, v\u00e1 para o pagamento em linha<\/p>\n<p>No menu, selecionar <em>Defini\u00e7\u00f5es -&gt; Nome do remetente<\/em> e depois\u00a0<em>Escolha\u00a0<\/em>no canto superior direito.<\/p>\n<p>Selecionar <em>N\u00famero de SMS recebido <\/em>no submenu<\/p>\n<p>Selecionar o n\u00famero de entrada pretendido na lista de n\u00fameros dispon\u00edveis<\/p>\n<p>Clicar no bot\u00e3o <em>Encomendar<\/em><\/p>\n<p>O seu n\u00famero de entrada fica imediatamente ativo.<\/p>\n\t\t\t\t\t<video src=\"https:\/\/suresms.com\/wp-content\/uploads\/2024\/07\/Dokumentation-Bestil-indgaaende-SMS-nummer.mp4\" alt=\"hosted-video-thumbnail\"><\/video>\n\t\t\t\t\t\t\t\t\t\tSe pretender receber SMS no correio eletr\u00f3nico \n\t\t\t\t\t<p>Clicar no bot\u00e3o\u00a0<em>Defini\u00e7\u00f5es e prefer\u00eancias<\/em> no menu<\/p>\n<p>Clicar no bot\u00e3o\u00a0<em>Conta<\/em><\/p>\n<p>Clicar no bot\u00e3o <em>Defini\u00e7\u00f5es da conta<\/em><\/p>\n<p>Clique em \"editar\"<\/p>\n<p>Assinalar a caixa de verifica\u00e7\u00e3o\u00a0<em>Enviar SMS recebidos como correio eletr\u00f3nico<\/em><\/p>\n<p>Certifique-se de que o endere\u00e7o de correio eletr\u00f3nico est\u00e1 correto<\/p>\n<p>Clicar no bot\u00e3o <em>Gema<\/em><\/p>\n<h2>\n\t\t\tEliminar o n\u00famero de telefone recebido\t<\/h2>\n\t<p>Se j\u00e1 n\u00e3o precisa de um n\u00famero de SMS recebido, \u00e9 boa ideia apag\u00e1-lo. Desta forma, evita que os destinat\u00e1rios lhe enviem mensagens por engano e poupa dinheiro. Leia abaixo como eliminar um n\u00famero de SMS recebido.<\/p>\n\t<p>Inicie sess\u00e3o na sua conta SureSMS aqui : <a href=\"https:\/\/app.suresms.com\" target=\"_blank\" rel=\"noopener\">https:\/\/app.suresms.com<\/a><\/p>\n<p>Certifique-se de que tem mais de 99,- na sua conta, caso contr\u00e1rio, v\u00e1 para o pagamento em linha<\/p>\n<p>No menu, selecionar <em>Defini\u00e7\u00f5es -&gt; Nome do remetente<\/em><\/p>\n<p>Clicar no bot\u00e3o <em>Eliminar <\/em>junto ao n\u00famero ou nome que pretende apagar<\/p>\n<p>Digite o n\u00famero ou o nome novamente e clique em <em>OK<\/em><\/p>\n<p>O seu n\u00famero ser\u00e1 imediatamente apagado. A fatura\u00e7\u00e3o do n\u00famero \u00e9 feita todos os dias 1 de cada m\u00eas.<\/p>\n<p>Os montantes pagos n\u00e3o ser\u00e3o reembolsados.\u00a0<\/p>\n\t\t\t\t\t<video src=\"https:\/\/suresms.com\/wp-content\/uploads\/2024\/07\/Dokumentation-Slet-afsendernavn-og-indgaaende-SMS-nummer.mp4\" alt=\"hosted-video-thumbnail\"><\/video>\n\t\t<h2>\n\t\t\tImportar mensagens de um ficheiro\t<\/h2>\n\t<p>Pode criar um ficheiro CSV com todas as suas mensagens, importar e enviar diretamente a partir do separador Nova mensagem. Eis como o pode fazer.<\/p>\n<p>Primeiro, crie um ficheiro CSV com as seguintes colunas<\/p>\nColuna 1: C\u00f3digo do pa\u00eds<br \/>\nColuna 2: N\u00famero de telefone<br \/>\nColuna 3: A mensagem a enviar<br \/>\nColuna 4: Hora de envio da mensagem (facultativo)\n<p>Acima do campo do destinat\u00e1rio, clique em <em>Escolha<\/em> e, em seguida, prima <em>Importar de um ficheiro.\u00a0<\/em><\/p>\n<p>Arraste o seu ficheiro para o campo de carregamento e clique em <em>Importar.<\/em><\/p>\n<p>Reveja as mensagens a enviar. Se estiverem corretas, clique em Enviar.<\/p>","protected":false},"excerpt":{"rendered":"<p>Nova mensagem Abaixo pode ler sobre o ecr\u00e3 Nova mensagem. Cada campo \u00e9 explicado e est\u00e3o dispon\u00edveis liga\u00e7\u00f5es detalhadas para algumas descri\u00e7\u00f5es. Criar nova mensagem Comecemos por ver o ecr\u00e3 de envio de nova mensagem. Abaixo pode ver a imagem completa do ecr\u00e3 Nova mensagem. A explica\u00e7\u00e3o que se segue refere-se a esta captura de ecr\u00e3 e aos diferentes ... <a title=\"Nova mensagem\" class=\"read-more\" href=\"https:\/\/suresms.com\/pt\/docs\/message\/newmessage\/\" aria-label=\"Ler mais sobre Nova mensagem\">Rir mas<\/a><\/p>","protected":false},"author":1,"featured_media":0,"parent":18168,"menu_order":0,"comment_status":"closed","ping_status":"closed","template":"","meta":{"_fl_builder_enabled":"1","_fl_builder_data":null,"_fl_builder_draft":null,"_fl_builder_data_settings":null,"_fl_builder_css":"","_fl_builder_css_version":"","_fl_builder_js":"","footnotes":""},"categories":[],"tags":[],"class_list":["post-18183","page","type-page","status-publish"],"yoast_head":"<!-- This site is optimized with the Yoast SEO Premium plugin v27.3 (Yoast SEO v27.3) - https:\/\/yoast.com\/product\/yoast-seo-premium-wordpress\/ -->\r\n<title>Ny besked -<\/title>\r\n<meta name=\"robots\" content=\"index, follow, max-snippet:-1, max-image-preview:large, max-video-preview:-1\" \/>\r\n<link rel=\"canonical\" href=\"https:\/\/suresms.com\/pt\/documentos\/conta-3\/nome-da-estacao-3\/\" \/>\r\n<meta property=\"og:locale\" content=\"pt_PT\" \/>\r\n<meta property=\"og:type\" content=\"article\" \/>\r\n<meta property=\"og:title\" content=\"Ny besked\" \/>\r\n<meta property=\"og:description\" content=\"Ny besked Herunder kan du l\u00e6se om sk\u00e6rmbilledet\u00a0Ny besked. Hvert felt er forklaret og uddybende link er tilg\u00e6ngelige for nogle beskrivelser. Opret ny besked Lad os starte med at se sk\u00e6rmbilledet for afsendelse af ny besked. Herunder kan du se det fulde sk\u00e6rmbillede af\u00a0Ny besked.\u00a0I den efterf\u00f8lgende forklaring refereres til dette sk\u00e6rmbillede og de forskellige ... Ler mais\" \/>\r\n<meta property=\"og:url\" content=\"https:\/\/suresms.com\/pt\/documentos\/conta-3\/nome-da-estacao-3\/\" \/>\r\n<meta property=\"article:publisher\" content=\"https:\/\/www.facebook.com\/p\/SureSMS-100044607956149\/\" \/>\r\n<meta property=\"article:modified_time\" content=\"2026-02-17T05:14:01+00:00\" \/>\r\n<meta property=\"og:image\" content=\"https:\/\/suresms.com\/wp-content\/uploads\/2024\/07\/Ny-besked-skaermbillede-1.png\" \/>\r\n<meta name=\"twitter:card\" content=\"summary_large_image\" \/>\r\n<meta name=\"twitter:label1\" content=\"Tempo estimado de leitura\" \/>\n\t<meta name=\"twitter:data1\" content=\"3 minutos\" \/>\r\n<script type=\"application\/ld+json\" class=\"yoast-schema-graph\">{\"@context\":\"https:\\\/\\\/schema.org\",\"@graph\":[{\"@type\":\"WebPage\",\"@id\":\"https:\\\/\\\/suresms.com\\\/dk\\\/docs\\\/message\\\/newmessage\\\/\",\"url\":\"https:\\\/\\\/suresms.com\\\/dk\\\/docs\\\/message\\\/newmessage\\\/\",\"name\":\"Ny besked -\",\"isPartOf\":{\"@id\":\"https:\\\/\\\/suresms.com\\\/en\\\/#website\"},\"primaryImageOfPage\":{\"@id\":\"https:\\\/\\\/suresms.com\\\/dk\\\/docs\\\/message\\\/newmessage\\\/#primaryimage\"},\"image\":{\"@id\":\"https:\\\/\\\/suresms.com\\\/dk\\\/docs\\\/message\\\/newmessage\\\/#primaryimage\"},\"thumbnailUrl\":\"https:\\\/\\\/suresms.com\\\/wp-content\\\/uploads\\\/2024\\\/07\\\/Ny-besked-skaermbillede-1.png\",\"datePublished\":\"2024-07-10T16:12:05+00:00\",\"dateModified\":\"2026-02-17T05:14:01+00:00\",\"breadcrumb\":{\"@id\":\"https:\\\/\\\/suresms.com\\\/dk\\\/docs\\\/message\\\/newmessage\\\/#breadcrumb\"},\"inLanguage\":\"pt-PT\",\"potentialAction\":[{\"@type\":\"ReadAction\",\"target\":[\"https:\\\/\\\/suresms.com\\\/dk\\\/docs\\\/message\\\/newmessage\\\/\"]}]},{\"@type\":\"ImageObject\",\"inLanguage\":\"pt-PT\",\"@id\":\"https:\\\/\\\/suresms.com\\\/dk\\\/docs\\\/message\\\/newmessage\\\/#primaryimage\",\"url\":\"https:\\\/\\\/suresms.com\\\/wp-content\\\/uploads\\\/2024\\\/07\\\/Ny-besked-skaermbillede-1.png\",\"contentUrl\":\"https:\\\/\\\/suresms.com\\\/wp-content\\\/uploads\\\/2024\\\/07\\\/Ny-besked-skaermbillede-1.png\"},{\"@type\":\"BreadcrumbList\",\"@id\":\"https:\\\/\\\/suresms.com\\\/dk\\\/docs\\\/message\\\/newmessage\\\/#breadcrumb\",\"itemListElement\":[{\"@type\":\"ListItem\",\"position\":1,\"name\":\"Home\",\"item\":\"https:\\\/\\\/suresms.com\\\/dk\\\/\"},{\"@type\":\"ListItem\",\"position\":2,\"name\":\"Dokumentation\",\"item\":\"https:\\\/\\\/suresms.com\\\/dk\\\/docs\\\/\"},{\"@type\":\"ListItem\",\"position\":3,\"name\":\"Beskeder\",\"item\":\"https:\\\/\\\/suresms.com\\\/dk\\\/docs\\\/message\\\/\"},{\"@type\":\"ListItem\",\"position\":4,\"name\":\"Ny besked\"}]},{\"@type\":\"WebSite\",\"@id\":\"https:\\\/\\\/suresms.com\\\/en\\\/#website\",\"url\":\"https:\\\/\\\/suresms.com\\\/en\\\/\",\"name\":\"SureSMS\",\"description\":\"Professionel SMS Gateway\",\"publisher\":{\"@id\":\"https:\\\/\\\/suresms.com\\\/en\\\/#organization\"},\"potentialAction\":[{\"@type\":\"SearchAction\",\"target\":{\"@type\":\"EntryPoint\",\"urlTemplate\":\"https:\\\/\\\/suresms.com\\\/en\\\/?s={search_term_string}\"},\"query-input\":{\"@type\":\"PropertyValueSpecification\",\"valueRequired\":true,\"valueName\":\"search_term_string\"}}],\"inLanguage\":\"pt-PT\"},{\"@type\":\"Organization\",\"@id\":\"https:\\\/\\\/suresms.com\\\/en\\\/#organization\",\"name\":\"SureSMS\",\"url\":\"https:\\\/\\\/suresms.com\\\/en\\\/\",\"logo\":{\"@type\":\"ImageObject\",\"inLanguage\":\"pt-PT\",\"@id\":\"https:\\\/\\\/suresms.com\\\/en\\\/#\\\/schema\\\/logo\\\/image\\\/\",\"url\":\"https:\\\/\\\/suresms.com\\\/wp-content\\\/uploads\\\/2024\\\/11\\\/suresms-300x65-1.png\",\"contentUrl\":\"https:\\\/\\\/suresms.com\\\/wp-content\\\/uploads\\\/2024\\\/11\\\/suresms-300x65-1.png\",\"width\":300,\"height\":65,\"caption\":\"SureSMS\"},\"image\":{\"@id\":\"https:\\\/\\\/suresms.com\\\/en\\\/#\\\/schema\\\/logo\\\/image\\\/\"},\"sameAs\":[\"https:\\\/\\\/www.facebook.com\\\/p\\\/SureSMS-100044607956149\\\/\"]}]}<\/script>\r\n<!-- \/ Yoast SEO Premium plugin. -->","yoast_head_json":{"title":"Nova mensagem","robots":{"index":"index","follow":"follow","max-snippet":"max-snippet:-1","max-image-preview":"max-image-preview:large","max-video-preview":"max-video-preview:-1"},"canonical":"https:\/\/suresms.com\/pt\/documentos\/conta-3\/nome-da-estacao-3\/","og_locale":"pt_PT","og_type":"article","og_title":"Ny besked","og_description":"Ny besked Herunder kan du l\u00e6se om sk\u00e6rmbilledet\u00a0Ny besked. Hvert felt er forklaret og uddybende link er tilg\u00e6ngelige for nogle beskrivelser. Opret ny besked Lad os starte med at se sk\u00e6rmbilledet for afsendelse af ny besked. Herunder kan du se det fulde sk\u00e6rmbillede af\u00a0Ny besked.\u00a0I den efterf\u00f8lgende forklaring refereres til dette sk\u00e6rmbillede og de forskellige ... Ler mais","og_url":"https:\/\/suresms.com\/pt\/documentos\/conta-3\/nome-da-estacao-3\/","article_publisher":"https:\/\/www.facebook.com\/p\/SureSMS-100044607956149\/","article_modified_time":"2026-02-17T05:14:01+00:00","og_image":[{"url":"https:\/\/suresms.com\/wp-content\/uploads\/2024\/07\/Ny-besked-skaermbillede-1.png","type":"","width":"","height":""}],"twitter_card":"summary_large_image","twitter_misc":{"Tempo estimado de leitura":"3 minutos"},"schema":{"@context":"https:\/\/schema.org","@graph":[{"@type":"WebPage","@id":"https:\/\/suresms.com\/dk\/docs\/message\/newmessage\/","url":"https:\/\/suresms.com\/dk\/docs\/message\/newmessage\/","name":"Nova mensagem","isPartOf":{"@id":"https:\/\/suresms.com\/en\/#website"},"primaryImageOfPage":{"@id":"https:\/\/suresms.com\/dk\/docs\/message\/newmessage\/#primaryimage"},"image":{"@id":"https:\/\/suresms.com\/dk\/docs\/message\/newmessage\/#primaryimage"},"thumbnailUrl":"https:\/\/suresms.com\/wp-content\/uploads\/2024\/07\/Ny-besked-skaermbillede-1.png","datePublished":"2024-07-10T16:12:05+00:00","dateModified":"2026-02-17T05:14:01+00:00","breadcrumb":{"@id":"https:\/\/suresms.com\/dk\/docs\/message\/newmessage\/#breadcrumb"},"inLanguage":"pt-PT","potentialAction":[{"@type":"ReadAction","target":["https:\/\/suresms.com\/dk\/docs\/message\/newmessage\/"]}]},{"@type":"ImageObject","inLanguage":"pt-PT","@id":"https:\/\/suresms.com\/dk\/docs\/message\/newmessage\/#primaryimage","url":"https:\/\/suresms.com\/wp-content\/uploads\/2024\/07\/Ny-besked-skaermbillede-1.png","contentUrl":"https:\/\/suresms.com\/wp-content\/uploads\/2024\/07\/Ny-besked-skaermbillede-1.png"},{"@type":"BreadcrumbList","@id":"https:\/\/suresms.com\/dk\/docs\/message\/newmessage\/#breadcrumb","itemListElement":[{"@type":"ListItem","position":1,"name":"Home","item":"https:\/\/suresms.com\/dk\/"},{"@type":"ListItem","position":2,"name":"Dokumentation","item":"https:\/\/suresms.com\/dk\/docs\/"},{"@type":"ListItem","position":3,"name":"Beskeder","item":"https:\/\/suresms.com\/dk\/docs\/message\/"},{"@type":"ListItem","position":4,"name":"Ny besked"}]},{"@type":"WebSite","@id":"https:\/\/suresms.com\/en\/#website","url":"https:\/\/suresms.com\/en\/","name":"SureSMS","description":"Gateway SMS profissional","publisher":{"@id":"https:\/\/suresms.com\/en\/#organization"},"potentialAction":[{"@type":"SearchAction","target":{"@type":"EntryPoint","urlTemplate":"https:\/\/suresms.com\/en\/?s={search_term_string}"},"query-input":{"@type":"PropertyValueSpecification","valueRequired":true,"valueName":"search_term_string"}}],"inLanguage":"pt-PT"},{"@type":"Organization","@id":"https:\/\/suresms.com\/en\/#organization","name":"SureSMS","url":"https:\/\/suresms.com\/en\/","logo":{"@type":"ImageObject","inLanguage":"pt-PT","@id":"https:\/\/suresms.com\/en\/#\/schema\/logo\/image\/","url":"https:\/\/suresms.com\/wp-content\/uploads\/2024\/11\/suresms-300x65-1.png","contentUrl":"https:\/\/suresms.com\/wp-content\/uploads\/2024\/11\/suresms-300x65-1.png","width":300,"height":65,"caption":"SureSMS"},"image":{"@id":"https:\/\/suresms.com\/en\/#\/schema\/logo\/image\/"},"sameAs":["https:\/\/www.facebook.com\/p\/SureSMS-100044607956149\/"]}]}},"_links":{"self":[{"href":"https:\/\/suresms.com\/pt\/wp-json\/wp\/v2\/pages\/18183","targetHints":{"allow":["GET"]}}],"collection":[{"href":"https:\/\/suresms.com\/pt\/wp-json\/wp\/v2\/pages"}],"about":[{"href":"https:\/\/suresms.com\/pt\/wp-json\/wp\/v2\/types\/page"}],"author":[{"embeddable":true,"href":"https:\/\/suresms.com\/pt\/wp-json\/wp\/v2\/users\/1"}],"replies":[{"embeddable":true,"href":"https:\/\/suresms.com\/pt\/wp-json\/wp\/v2\/comments?post=18183"}],"version-history":[{"count":5,"href":"https:\/\/suresms.com\/pt\/wp-json\/wp\/v2\/pages\/18183\/revisions"}],"predecessor-version":[{"id":23828,"href":"https:\/\/suresms.com\/pt\/wp-json\/wp\/v2\/pages\/18183\/revisions\/23828"}],"up":[{"embeddable":true,"href":"https:\/\/suresms.com\/pt\/wp-json\/wp\/v2\/pages\/18168"}],"wp:attachment":[{"href":"https:\/\/suresms.com\/pt\/wp-json\/wp\/v2\/media?parent=18183"}],"wp:term":[{"taxonomy":"category","embeddable":true,"href":"https:\/\/suresms.com\/pt\/wp-json\/wp\/v2\/categories?post=18183"},{"taxonomy":"post_tag","embeddable":true,"href":"https:\/\/suresms.com\/pt\/wp-json\/wp\/v2\/tags?post=18183"}],"curies":[{"name":"wp","href":"https:\/\/api.w.org\/{rel}","templated":true}]}}