{"id":18159,"date":"2024-07-05T10:02:03","date_gmt":"2024-07-05T08:02:03","guid":{"rendered":"https:\/\/www.suresms.com\/dk\/?page_id=18159"},"modified":"2025-07-31T10:42:20","modified_gmt":"2025-07-31T10:42:20","slug":"nome-da-estacao","status":"publish","type":"page","link":"https:\/\/suresms.com\/pt\/docs\/account\/sendername\/","title":{"rendered":"Nome do remetente"},"content":{"rendered":"<!-- Flexy Breadcrumb -->\r\n\t\t\t<div class=\"fbc fbc-page\">\r\n\r\n\t\t\t\t<!-- Breadcrumb wrapper -->\r\n\t\t\t\t<div class=\"fbc-wrap\">\r\n\r\n\t\t\t\t\t<!-- Ordered list-->\r\n\t\t\t\t\t<ol class=\"fbc-items\" itemscope itemtype=\"https:\/\/schema.org\/BreadcrumbList\">\r\n\t\t\t\t\t\t            <li itemprop=\"itemListElement\" itemscope itemtype=\"https:\/\/schema.org\/ListItem\">\r\n                <span itemprop=\"name\">\r\n                    <!-- Home Link -->\r\n                    <a itemprop=\"item\" href=\"https:\/\/suresms.com\/pt\/\">\r\n                    \r\n                                                    <i class=\"fa fa-home\" aria-hidden=\"true\"><\/i>In\u00edcio                    <\/a>\r\n                <\/span>\r\n                <meta itemprop=\"position\" content=\"1\" \/><!-- Meta Position-->\r\n             <\/li><li><span class=\"fbc-separator\">\/<\/span><\/li><li class=\"active\" itemprop=\"itemListElement\" itemscope itemtype=\"https:\/\/schema.org\/ListItem\"><span itemprop=\"name\" title=\"Nome do remetente\">Nome do remetente<\/span><meta itemprop=\"position\" content=\"2\" \/><\/li>\t\t\t\t\t<\/ol>\r\n\t\t\t\t\t<div class=\"clearfix\"><\/div>\r\n\t\t\t\t<\/div>\r\n\t\t\t<\/div>\r\n\t\t\t\n<h1>\n\t\t\tNome do remetente e n\u00famero de telefone de entrada\t<\/h1>\n\t<p>Pode encomendar um n\u00famero de telefone diferente como nome do remetente ou pode encomendar um texto como nome do remetente. Tamb\u00e9m \u00e9 poss\u00edvel encomendar um n\u00famero de telefone de entrada. Leia abaixo para saber como.<\/p>\n<h2>\n\t\t\tCriar nome do remetente \t<\/h2>\n\t<p>Pode optar por utilizar um nome de remetente ao enviar o seu SMS. Por exemplo, SMS-Service ou MyCompany como remetente. Se o fizer, o destinat\u00e1rio n\u00e3o poder\u00e1 responder ao seu SMS. Tamb\u00e9m pode optar por utilizar um n\u00famero de telefone. Pode ser o n\u00famero de telem\u00f3vel da associa\u00e7\u00e3o ou o apoio ao cliente da empresa. Se o fizer e o n\u00famero for um n\u00famero de telem\u00f3vel, o destinat\u00e1rio pode responder \u00e0 sua SMS e a resposta ser\u00e1 enviada para esse telefone.<\/p>\n\t<p>Inicie sess\u00e3o na sua conta SureSMS aqui : <a href=\"https:\/\/app.suresms.com\" target=\"_blank\" rel=\"noopener\">https:\/\/app.suresms.com<\/a><\/p>\n<p>No menu, selecionar <em>Defini\u00e7\u00f5es -&gt; Nome do remetente<\/em><\/p>\nNo menu, pode agora escolher entre<br \/>\n<em>Novo nome do remetente<br \/>\n<\/em>Por exemplo, se quiser um remetente que seja o nome da sua empresa ou servi\u00e7o.\n<em>Registar o seu pr\u00f3prio n\u00famero<br \/>\n<\/em>Se pretender a op\u00e7\u00e3o de enviar a partir de outro n\u00famero de telefone. Ao selecionar esta op\u00e7\u00e3o, \u00e9 enviado um SMS para o n\u00famero e o destinat\u00e1rio tem de confirmar que pode enviar em seu nome antes de o n\u00famero ser ativado.\n<em>N\u00famero de telefone do SMS recebido<br \/>\n<\/em>Se pretender receber mensagens SMS na plataforma SureSMS, selecione esta op\u00e7\u00e3o. O custo de um n\u00famero de rece\u00e7\u00e3o \u00e9 de 99,- por m\u00eas.\n<p>Clicar no bot\u00e3o <em>Encomendar<\/em><\/p>\n\t\t\t\t\t<video src=\"https:\/\/suresms.com\/wp-content\/uploads\/2025\/07\/OK-Dokumentation-Opret-nyt-afsendernavn.mp4\" alt=\"hosted-video-thumbnail\"><\/video>\n\t\t<h2>\n\t\t\tEliminar o nome do remetente\t<\/h2>\n\t<p>Inicie sess\u00e3o na sua conta SureSMS aqui : <a href=\"https:\/\/app.suresms.com\" target=\"_blank\" rel=\"noopener\">https:\/\/app.suresms.com<\/a><\/p>\n<p>No menu, selecionar <em>Defini\u00e7\u00f5es -&gt; Nome do remetente<\/em><\/p>\n<p>Localize o nome do remetente que pretende eliminar.<\/p>\n<p>Clique na caixa ao lado do nome.<\/p>\n<p>Agora, escreva novamente o nome do remetente no campo e clique em Eliminar.<\/p>\n\t\t\t\t\t<video src=\"https:\/\/suresms.com\/wp-content\/uploads\/2025\/07\/OK-Dokumentation-Slet-afsendernavn.mp4\" alt=\"hosted-video-thumbnail\"><\/video>\n\t\t<h2>\n\t\t\tCriar n\u00famero de telefone de entrada\t<\/h2>\n\t<p>Se quiser receber SMS de resposta diretamente na plataforma SureSMS ou num e-mail, precisa de uma solu\u00e7\u00e3o de SMS bidirecional. A parte mais importante desta solu\u00e7\u00e3o \u00e9 que precisa de ter um n\u00famero de telefone com SureSMS no qual possa receber mensagens SMS. Isto custa 99,- DKK por m\u00eas. N\u00e3o h\u00e1 cancelamento de um n\u00famero.<\/p>\n\t<p>Inicie sess\u00e3o na sua conta SureSMS aqui : <a href=\"https:\/\/app.suresms.com\" target=\"_blank\" rel=\"noopener\">https:\/\/app.suresms.com<\/a><\/p>\n<p>Certifique-se de que tem mais de 99,- na sua conta, caso contr\u00e1rio, v\u00e1 para o pagamento em linha<\/p>\n<p>No menu, selecionar <em>Defini\u00e7\u00f5es -&gt; Nome do remetente<\/em> e depois\u00a0<em>Escolha\u00a0<\/em>no canto superior direito.<\/p>\n<p>Selecionar <em>N\u00famero de SMS recebido <\/em>no submenu<\/p>\n<p>Selecionar o n\u00famero de entrada pretendido na lista de n\u00fameros dispon\u00edveis<\/p>\n<p>Clicar no bot\u00e3o <em>Encomendar<\/em><\/p>\n<p>O seu n\u00famero de entrada fica imediatamente ativo.<\/p>\n\t\t\t\t\t\t\t\t\t\tSe pretender receber SMS no correio eletr\u00f3nico \n\t\t\t\t\t<p>Clicar no bot\u00e3o\u00a0<em>Defini\u00e7\u00f5es e prefer\u00eancias<\/em> no menu<\/p>\n<p>Clicar no bot\u00e3o\u00a0<em>Conta<\/em><\/p>\n<p>Clicar no bot\u00e3o <em>Defini\u00e7\u00f5es da conta<\/em><\/p>\n<p>Clique em \"editar\"<\/p>\n<p>Assinalar a caixa de verifica\u00e7\u00e3o\u00a0<em>Enviar SMS recebidos como correio eletr\u00f3nico<\/em><\/p>\n<p>Certifique-se de que o endere\u00e7o de correio eletr\u00f3nico est\u00e1 correto<\/p>\n<p>Clicar no bot\u00e3o <em>Gema<\/em><\/p>\n\t\t\t\t\t<video src=\"https:\/\/suresms.com\/wp-content\/uploads\/2024\/07\/Dokumentation-Bestil-indgaaende-SMS-nummer.mp4\" alt=\"hosted-video-thumbnail\"><\/video>\n\t\t<h2>\n\t\t\tEliminar o n\u00famero de telefone recebido\t<\/h2>\n\t<p>Se j\u00e1 n\u00e3o precisa de um n\u00famero de SMS recebido, \u00e9 boa ideia apag\u00e1-lo. Desta forma, evita que os destinat\u00e1rios lhe enviem mensagens por engano e poupa dinheiro. Leia abaixo como eliminar um n\u00famero de SMS recebido.<\/p>\n\t<p>Inicie sess\u00e3o na sua conta SureSMS aqui : <a href=\"https:\/\/app.suresms.com\" target=\"_blank\" rel=\"noopener\">https:\/\/app.suresms.com<\/a><\/p>\n<p>Certifique-se de que tem mais de 99,- na sua conta, caso contr\u00e1rio, v\u00e1 para o pagamento em linha<\/p>\n<p>No menu, selecionar <em>Defini\u00e7\u00f5es -&gt; Nome do remetente<\/em><\/p>\n<p>Clicar no bot\u00e3o <em>Eliminar <\/em>junto ao n\u00famero ou nome que pretende apagar<\/p>\n<p>Digite o n\u00famero ou o nome novamente e clique em <em>OK<\/em><\/p>\n<p>O seu n\u00famero ser\u00e1 imediatamente apagado. A fatura\u00e7\u00e3o do n\u00famero \u00e9 feita todos os dias 1 de cada m\u00eas.<\/p>\n<p>Os montantes pagos n\u00e3o ser\u00e3o reembolsados.\u00a0<\/p>\n\t\t\t\t\t<video src=\"https:\/\/suresms.com\/wp-content\/uploads\/2024\/07\/Dokumentation-Slet-afsendernavn-og-indgaaende-SMS-nummer.mp4\" alt=\"hosted-video-thumbnail\"><\/video>","protected":false},"excerpt":{"rendered":"<p>Nome do remetente e n\u00famero de telefone de entrada Pode encomendar outro n\u00famero de telefone como nome do remetente ou pode encomendar um texto como nome do remetente. Tamb\u00e9m \u00e9 poss\u00edvel encomendar um n\u00famero de telefone de entrada. Leia abaixo para saber como. Criar nome de remetente Pode optar por utilizar um nome de remetente ao enviar o seu SMS. Por exemplo, SMS-Service ou MyCompany como remetente. Se o fizer, ... <a title=\"Nome do remetente\" class=\"read-more\" href=\"https:\/\/suresms.com\/pt\/docs\/account\/sendername\/\" aria-label=\"Leia mais sobre Nome do remetente\">Rir mas<\/a><\/p>","protected":false},"author":1,"featured_media":0,"parent":18156,"menu_order":0,"comment_status":"closed","ping_status":"closed","template":"","meta":{"_fl_builder_enabled":"1","_fl_builder_data":null,"_fl_builder_draft":null,"_fl_builder_data_settings":null,"_fl_builder_css":"","_fl_builder_css_version":"","_fl_builder_js":"","footnotes":""},"categories":[],"tags":[],"class_list":["post-18159","page","type-page","status-publish"],"yoast_head":"<!-- This site is optimized with the Yoast SEO Premium plugin v27.3 (Yoast SEO v27.3) - https:\/\/yoast.com\/product\/yoast-seo-premium-wordpress\/ -->\r\n<title>Afsendernavn -<\/title>\r\n<meta name=\"robots\" content=\"index, follow, max-snippet:-1, max-image-preview:large, max-video-preview:-1\" \/>\r\n<link rel=\"canonical\" href=\"https:\/\/suresms.com\/pt\/documentos\/conta\/nome-da-estacao\/\" \/>\r\n<meta property=\"og:locale\" content=\"pt_PT\" \/>\r\n<meta property=\"og:type\" content=\"article\" \/>\r\n<meta property=\"og:title\" content=\"Afsendernavn\" \/>\r\n<meta property=\"og:description\" content=\"Afsendernavn og indg\u00e5ende telefonnummer Du kan bestille et andet telefonnummer som afsendernavn eller du kan bestille en tekst som afsendernavn. Det er ogs\u00e5 muligt at bestille et indg\u00e5ende telefonnummer. L\u00e6s herunder hvordan. Opret afsendernavn Du kan v\u00e6lge at bruge et afsendernavn n\u00e5r du sender din SMS. F.eks. SMS-Service eller MitFirma som afsender. G\u00f8r du det, ... Ler mais\" \/>\r\n<meta property=\"og:url\" content=\"https:\/\/suresms.com\/pt\/documentos\/conta\/nome-da-estacao\/\" \/>\r\n<meta property=\"article:publisher\" content=\"https:\/\/www.facebook.com\/p\/SureSMS-100044607956149\/\" \/>\r\n<meta property=\"article:modified_time\" content=\"2025-07-31T10:42:20+00:00\" \/>\r\n<meta name=\"twitter:card\" content=\"summary_large_image\" \/>\r\n<meta name=\"twitter:label1\" content=\"Tempo estimado de leitura\" \/>\n\t<meta name=\"twitter:data1\" content=\"1 minuto\" \/>\r\n<script type=\"application\/ld+json\" class=\"yoast-schema-graph\">{\"@context\":\"https:\\\/\\\/schema.org\",\"@graph\":[{\"@type\":\"WebPage\",\"@id\":\"https:\\\/\\\/suresms.com\\\/dk\\\/docs\\\/account\\\/sendername\\\/\",\"url\":\"https:\\\/\\\/suresms.com\\\/dk\\\/docs\\\/account\\\/sendername\\\/\",\"name\":\"Afsendernavn -\",\"isPartOf\":{\"@id\":\"https:\\\/\\\/suresms.com\\\/en\\\/#website\"},\"datePublished\":\"2024-07-05T08:02:03+00:00\",\"dateModified\":\"2025-07-31T10:42:20+00:00\",\"breadcrumb\":{\"@id\":\"https:\\\/\\\/suresms.com\\\/dk\\\/docs\\\/account\\\/sendername\\\/#breadcrumb\"},\"inLanguage\":\"pt-PT\",\"potentialAction\":[{\"@type\":\"ReadAction\",\"target\":[\"https:\\\/\\\/suresms.com\\\/dk\\\/docs\\\/account\\\/sendername\\\/\"]}]},{\"@type\":\"BreadcrumbList\",\"@id\":\"https:\\\/\\\/suresms.com\\\/dk\\\/docs\\\/account\\\/sendername\\\/#breadcrumb\",\"itemListElement\":[{\"@type\":\"ListItem\",\"position\":1,\"name\":\"Home\",\"item\":\"https:\\\/\\\/suresms.com\\\/dk\\\/\"},{\"@type\":\"ListItem\",\"position\":2,\"name\":\"Dokumentation\",\"item\":\"https:\\\/\\\/suresms.com\\\/dk\\\/docs\\\/\"},{\"@type\":\"ListItem\",\"position\":3,\"name\":\"Konto\",\"item\":\"https:\\\/\\\/suresms.com\\\/dk\\\/docs\\\/account\\\/\"},{\"@type\":\"ListItem\",\"position\":4,\"name\":\"Afsendernavn\"}]},{\"@type\":\"WebSite\",\"@id\":\"https:\\\/\\\/suresms.com\\\/en\\\/#website\",\"url\":\"https:\\\/\\\/suresms.com\\\/en\\\/\",\"name\":\"SureSMS\",\"description\":\"Professionel SMS Gateway\",\"publisher\":{\"@id\":\"https:\\\/\\\/suresms.com\\\/en\\\/#organization\"},\"potentialAction\":[{\"@type\":\"SearchAction\",\"target\":{\"@type\":\"EntryPoint\",\"urlTemplate\":\"https:\\\/\\\/suresms.com\\\/en\\\/?s={search_term_string}\"},\"query-input\":{\"@type\":\"PropertyValueSpecification\",\"valueRequired\":true,\"valueName\":\"search_term_string\"}}],\"inLanguage\":\"pt-PT\"},{\"@type\":\"Organization\",\"@id\":\"https:\\\/\\\/suresms.com\\\/en\\\/#organization\",\"name\":\"SureSMS\",\"url\":\"https:\\\/\\\/suresms.com\\\/en\\\/\",\"logo\":{\"@type\":\"ImageObject\",\"inLanguage\":\"pt-PT\",\"@id\":\"https:\\\/\\\/suresms.com\\\/en\\\/#\\\/schema\\\/logo\\\/image\\\/\",\"url\":\"https:\\\/\\\/suresms.com\\\/wp-content\\\/uploads\\\/2024\\\/11\\\/suresms-300x65-1.png\",\"contentUrl\":\"https:\\\/\\\/suresms.com\\\/wp-content\\\/uploads\\\/2024\\\/11\\\/suresms-300x65-1.png\",\"width\":300,\"height\":65,\"caption\":\"SureSMS\"},\"image\":{\"@id\":\"https:\\\/\\\/suresms.com\\\/en\\\/#\\\/schema\\\/logo\\\/image\\\/\"},\"sameAs\":[\"https:\\\/\\\/www.facebook.com\\\/p\\\/SureSMS-100044607956149\\\/\"]}]}<\/script>\r\n<!-- \/ Yoast SEO Premium plugin. -->","yoast_head_json":{"title":"Nome do remetente","robots":{"index":"index","follow":"follow","max-snippet":"max-snippet:-1","max-image-preview":"max-image-preview:large","max-video-preview":"max-video-preview:-1"},"canonical":"https:\/\/suresms.com\/pt\/documentos\/conta\/nome-da-estacao\/","og_locale":"pt_PT","og_type":"article","og_title":"Afsendernavn","og_description":"Afsendernavn og indg\u00e5ende telefonnummer Du kan bestille et andet telefonnummer som afsendernavn eller du kan bestille en tekst som afsendernavn. Det er ogs\u00e5 muligt at bestille et indg\u00e5ende telefonnummer. L\u00e6s herunder hvordan. Opret afsendernavn Du kan v\u00e6lge at bruge et afsendernavn n\u00e5r du sender din SMS. F.eks. SMS-Service eller MitFirma som afsender. G\u00f8r du det, ... Ler mais","og_url":"https:\/\/suresms.com\/pt\/documentos\/conta\/nome-da-estacao\/","article_publisher":"https:\/\/www.facebook.com\/p\/SureSMS-100044607956149\/","article_modified_time":"2025-07-31T10:42:20+00:00","twitter_card":"summary_large_image","twitter_misc":{"Tempo estimado de leitura":"1 minuto"},"schema":{"@context":"https:\/\/schema.org","@graph":[{"@type":"WebPage","@id":"https:\/\/suresms.com\/dk\/docs\/account\/sendername\/","url":"https:\/\/suresms.com\/dk\/docs\/account\/sendername\/","name":"Nome do remetente","isPartOf":{"@id":"https:\/\/suresms.com\/en\/#website"},"datePublished":"2024-07-05T08:02:03+00:00","dateModified":"2025-07-31T10:42:20+00:00","breadcrumb":{"@id":"https:\/\/suresms.com\/dk\/docs\/account\/sendername\/#breadcrumb"},"inLanguage":"pt-PT","potentialAction":[{"@type":"ReadAction","target":["https:\/\/suresms.com\/dk\/docs\/account\/sendername\/"]}]},{"@type":"BreadcrumbList","@id":"https:\/\/suresms.com\/dk\/docs\/account\/sendername\/#breadcrumb","itemListElement":[{"@type":"ListItem","position":1,"name":"Home","item":"https:\/\/suresms.com\/dk\/"},{"@type":"ListItem","position":2,"name":"Dokumentation","item":"https:\/\/suresms.com\/dk\/docs\/"},{"@type":"ListItem","position":3,"name":"Konto","item":"https:\/\/suresms.com\/dk\/docs\/account\/"},{"@type":"ListItem","position":4,"name":"Afsendernavn"}]},{"@type":"WebSite","@id":"https:\/\/suresms.com\/en\/#website","url":"https:\/\/suresms.com\/en\/","name":"SureSMS","description":"Gateway SMS profissional","publisher":{"@id":"https:\/\/suresms.com\/en\/#organization"},"potentialAction":[{"@type":"SearchAction","target":{"@type":"EntryPoint","urlTemplate":"https:\/\/suresms.com\/en\/?s={search_term_string}"},"query-input":{"@type":"PropertyValueSpecification","valueRequired":true,"valueName":"search_term_string"}}],"inLanguage":"pt-PT"},{"@type":"Organization","@id":"https:\/\/suresms.com\/en\/#organization","name":"SureSMS","url":"https:\/\/suresms.com\/en\/","logo":{"@type":"ImageObject","inLanguage":"pt-PT","@id":"https:\/\/suresms.com\/en\/#\/schema\/logo\/image\/","url":"https:\/\/suresms.com\/wp-content\/uploads\/2024\/11\/suresms-300x65-1.png","contentUrl":"https:\/\/suresms.com\/wp-content\/uploads\/2024\/11\/suresms-300x65-1.png","width":300,"height":65,"caption":"SureSMS"},"image":{"@id":"https:\/\/suresms.com\/en\/#\/schema\/logo\/image\/"},"sameAs":["https:\/\/www.facebook.com\/p\/SureSMS-100044607956149\/"]}]}},"_links":{"self":[{"href":"https:\/\/suresms.com\/pt\/wp-json\/wp\/v2\/pages\/18159","targetHints":{"allow":["GET"]}}],"collection":[{"href":"https:\/\/suresms.com\/pt\/wp-json\/wp\/v2\/pages"}],"about":[{"href":"https:\/\/suresms.com\/pt\/wp-json\/wp\/v2\/types\/page"}],"author":[{"embeddable":true,"href":"https:\/\/suresms.com\/pt\/wp-json\/wp\/v2\/users\/1"}],"replies":[{"embeddable":true,"href":"https:\/\/suresms.com\/pt\/wp-json\/wp\/v2\/comments?post=18159"}],"version-history":[{"count":1,"href":"https:\/\/suresms.com\/pt\/wp-json\/wp\/v2\/pages\/18159\/revisions"}],"predecessor-version":[{"id":23457,"href":"https:\/\/suresms.com\/pt\/wp-json\/wp\/v2\/pages\/18159\/revisions\/23457"}],"up":[{"embeddable":true,"href":"https:\/\/suresms.com\/pt\/wp-json\/wp\/v2\/pages\/18156"}],"wp:attachment":[{"href":"https:\/\/suresms.com\/pt\/wp-json\/wp\/v2\/media?parent=18159"}],"wp:term":[{"taxonomy":"category","embeddable":true,"href":"https:\/\/suresms.com\/pt\/wp-json\/wp\/v2\/categories?post=18159"},{"taxonomy":"post_tag","embeddable":true,"href":"https:\/\/suresms.com\/pt\/wp-json\/wp\/v2\/tags?post=18159"}],"curies":[{"name":"wp","href":"https:\/\/api.w.org\/{rel}","templated":true}]}}