{"id":18121,"date":"2024-07-04T14:34:42","date_gmt":"2024-07-04T12:34:42","guid":{"rendered":"https:\/\/www.suresms.com\/dk\/?page_id=18121"},"modified":"2025-11-11T10:39:49","modified_gmt":"2025-11-11T10:39:49","slug":"documentos","status":"publish","type":"page","link":"https:\/\/suresms.com\/pt\/docs\/","title":{"rendered":"Documenta\u00e7\u00e3o"},"content":{"rendered":"<h1>\n\t\t\tComo utilizar a aplica\u00e7\u00e3o SureSMS\t<\/h1>\n\t<p>Em seguida, encontrar\u00e1 descri\u00e7\u00f5es das diferentes fun\u00e7\u00f5es do menu. Encontrar\u00e1 tamb\u00e9m uma sec\u00e7\u00e3o com guias sobre como configurar solu\u00e7\u00f5es mais complexas.<\/p>\n\t<a href=\"https:\/\/suresms.com\/pt\/documentos\/conta-3\/\" target=\"_self\"  aria-label=\"Aceder a https:\/\/suresms.com\/dk\/docs\/message\/\"><\/a>\n\t\t<h3>Mensagens<\/h3>\t\t\t\n\t\t\t\t<p>Saiba como enviar uma nova mensagem. Onde pode ver as suas mensagens enviadas e recebidas.\u00a0<\/p>\n\t<a href=\"https:\/\/suresms.com\/pt\/documentos\/conta-4\/\" target=\"_self\"  aria-label=\"Aceder a https:\/\/suresms.com\/dk\/docs\/addressbook\/\"><\/a>\n\t\t<h3>Livro de endere\u00e7os<\/h3>\t\t\t\n\t\t\t\t<p>Ler sobre contactos e importa\u00e7\u00e3o de contactos. Leia sobre grupos e como organizar os seus contactos em grupos.\u00a0<\/p>\n\t<a href=\"https:\/\/suresms.com\/pt\/documentos\/conta-5\/\" target=\"_self\"  aria-label=\"Aceder a https:\/\/suresms.com\/dk\/docs\/report\/\"><\/a>\n\t\t<h3>Relat\u00f3rios<\/h3>\t\t\t\n\t\t\t\t<p>Leia sobre os relat\u00f3rios que podem ser extra\u00eddos do sistema. Exportar relat\u00f3rios.<\/p>\n\t<a href=\"https:\/\/suresms.com\/pt\/documentos\/conta-6\/\" target=\"_self\"  aria-label=\"Aceder a https:\/\/suresms.com\/dk\/docs\/troubleshooting\/\"><\/a>\n\t\t<h3>Resolu\u00e7\u00e3o de problemas<\/h3>\t\t\t\n\t\t\t\t<p>Se tiver erros nos sistemas, encontrar\u00e1 aqui uma s\u00e9rie de guias para encontrar e corrigir os erros.<\/p>\n\t<a href=\"https:\/\/suresms.com\/pt\/documentos\/financas\/\" target=\"_self\"  aria-label=\"Aceder a https:\/\/suresms.com\/dk\/docs\/finance\/\"><\/a>\n\t\t<h3>Economia<\/h3>\t\t\t\n\t\t\t\t<p>Saiba como ver a sua utiliza\u00e7\u00e3o, descarregar as suas facturas e pedir um extrato banc\u00e1rio.\u00a0<\/p>\n\t\t<h3>Integra\u00e7\u00f5es<\/h3>\t\t\t\n\t\t\t\t<p>Saiba como configurar integra\u00e7\u00f5es com outros sistemas.\u00a0<\/p>\n\t<a href=\"https:\/\/suresms.com\/pt\/documentos\/conta\/\" target=\"_self\"  aria-label=\"Aceder a https:\/\/suresms.com\/dk\/docs\/account\/\"><\/a>\n\t\t<h3>Conta<\/h3>\t\t\t\n\t\t\t\t<p>Leia sobre como configurar a sua conta e as defini\u00e7\u00f5es que pode fazer.<\/p>\n<h1>\n\t\t\tGuias de configura\u00e7\u00e3o\t<\/h1>\n\t<p>Abaixo encontrar\u00e1 instru\u00e7\u00f5es sobre como configurar o SureSMS para fazer coisas diferentes.<\/p>\n\t<a href=\"https:\/\/suresms.com\/pt\/documentos\/guias\/algumas_caixas_e_codigos\/\" target=\"_self\"  aria-label=\"Aceder a https:\/\/suresms.com\/dk\/docs\/guides\/noglebokse_og_koder\/\"><\/a>\n\t\t<h3>Caixas de chaves e c\u00f3digos<\/h3>\t\t\t\n\t\t\t\t<p>Pode configurar o SureSMS para enviar um SMS com um c\u00f3digo para uma caixa de chaves ou cadeado. Desta forma, pode ver quem teve acesso e quando.\u00a0<\/p>\n\t<a href=\"https:\/\/suresms.com\/pt\/documentos\/guias\/configuracao-do-sms-2-sms\/\" target=\"_self\"  aria-label=\"Aceder a https:\/\/suresms.com\/dk\/docs\/guides\/sms-2-sms-opstning\/\"><\/a>\n\t\t<h3>Configura\u00e7\u00e3o do SMS-2-SMS<\/h3>\t\t\t\n\t\t\t\t<p>Se pretender configurar o SureSMS de modo a poder enviar um SMS para o SureSMS que \u00e9 enviado para uma lista completa de contactos, aqui est\u00e1 um guia para o configurar.\u00a0<\/p>\n\t<a href=\"https:\/\/suresms.com\/pt\/documentos\/guias\/obter-inscricoes-para-a-sua-lista-de-sms\/\" target=\"_self\"  aria-label=\"Aceder a https:\/\/suresms.com\/dk\/docs\/guides\/faa-tilmeldinger-til-din-sms-liste\/\"><\/a>\n\t\t<h3>Obter inscri\u00e7\u00f5es para a sua lista de SMS<\/h3>\t\t\t\n\t\t\t\t<p>Descri\u00e7\u00e3o da forma como uma pessoa se pode inscrever na sua lista de SMS. Atrav\u00e9s do envio de um SMS, de um c\u00f3digo QR ou do preenchimento de um formul\u00e1rio.\u00a0<\/p>","protected":false},"excerpt":{"rendered":"<p>Como utilizar a aplica\u00e7\u00e3o SureSMS Abaixo encontrar\u00e1 descri\u00e7\u00f5es das diferentes fun\u00e7\u00f5es do menu. Encontrar\u00e1 tamb\u00e9m uma sec\u00e7\u00e3o com guias sobre como configurar solu\u00e7\u00f5es mais complexas. Mensagens Leia como enviar uma nova mensagem. Onde pode ver as mensagens enviadas e recebidas.  Livro de endere\u00e7os Saiba mais sobre os contactos e a importa\u00e7\u00e3o ... <a title=\"Documenta\u00e7\u00e3o\" class=\"read-more\" href=\"https:\/\/suresms.com\/pt\/docs\/\" aria-label=\"Leia mas documenta\u00e7\u00e3o s\u00f3bria\">Rir mas<\/a><\/p>","protected":false},"author":1,"featured_media":0,"parent":0,"menu_order":0,"comment_status":"closed","ping_status":"closed","template":"","meta":{"_fl_builder_enabled":"1","_fl_builder_data":null,"_fl_builder_draft":null,"_fl_builder_data_settings":null,"_fl_builder_css":"","_fl_builder_css_version":"","_fl_builder_js":"","footnotes":""},"categories":[17],"tags":[],"class_list":{"0":"post-18121","1":"page","2":"type-page","3":"status-publish","5":"category-linkfracornorstone"},"yoast_head":"<!-- This site is optimized with the Yoast SEO Premium plugin v27.3 (Yoast SEO v27.3) - https:\/\/yoast.com\/product\/yoast-seo-premium-wordpress\/ -->\r\n<title>Dokumentation -<\/title>\r\n<meta name=\"robots\" content=\"index, follow, max-snippet:-1, max-image-preview:large, max-video-preview:-1\" \/>\r\n<link rel=\"canonical\" href=\"https:\/\/suresms.com\/pt\/documentos\/\" \/>\r\n<meta property=\"og:locale\" content=\"pt_PT\" \/>\r\n<meta property=\"og:type\" content=\"article\" \/>\r\n<meta property=\"og:title\" content=\"Dokumentation\" \/>\r\n<meta property=\"og:description\" content=\"S\u00e5dan bruger du SureSMS applikationen Herunder finder du beskrivelse af de forskellige funktioner i menuen. Du finder ligeledes en sektion med guides der fort\u00e6ller hvordan man laver ops\u00e6tning af mere komplekse l\u00f8sninger. Beskeder L\u00e6s hvordan du sender en ny besked. Hvor du ser dine afsendte og modtaget beskeder.\u00a0 Adressebog L\u00e6s om kontakter og import af ... Ler mais\" \/>\r\n<meta property=\"og:url\" content=\"https:\/\/suresms.com\/pt\/documentos\/\" \/>\r\n<meta property=\"article:publisher\" content=\"https:\/\/www.facebook.com\/p\/SureSMS-100044607956149\/\" \/>\r\n<meta property=\"article:modified_time\" content=\"2025-11-11T10:39:49+00:00\" \/>\r\n<meta name=\"twitter:card\" content=\"summary_large_image\" \/>\r\n<meta name=\"twitter:label1\" content=\"Tempo estimado de leitura\" \/>\n\t<meta name=\"twitter:data1\" content=\"1 minuto\" \/>\r\n<script type=\"application\/ld+json\" class=\"yoast-schema-graph\">{\"@context\":\"https:\\\/\\\/schema.org\",\"@graph\":[{\"@type\":\"WebPage\",\"@id\":\"https:\\\/\\\/suresms.com\\\/dk\\\/docs\\\/\",\"url\":\"https:\\\/\\\/suresms.com\\\/dk\\\/docs\\\/\",\"name\":\"Dokumentation -\",\"isPartOf\":{\"@id\":\"https:\\\/\\\/suresms.com\\\/en\\\/#website\"},\"datePublished\":\"2024-07-04T12:34:42+00:00\",\"dateModified\":\"2025-11-11T10:39:49+00:00\",\"breadcrumb\":{\"@id\":\"https:\\\/\\\/suresms.com\\\/dk\\\/docs\\\/#breadcrumb\"},\"inLanguage\":\"pt-PT\",\"potentialAction\":[{\"@type\":\"ReadAction\",\"target\":[\"https:\\\/\\\/suresms.com\\\/dk\\\/docs\\\/\"]}]},{\"@type\":\"BreadcrumbList\",\"@id\":\"https:\\\/\\\/suresms.com\\\/dk\\\/docs\\\/#breadcrumb\",\"itemListElement\":[{\"@type\":\"ListItem\",\"position\":1,\"name\":\"Home\",\"item\":\"https:\\\/\\\/suresms.com\\\/dk\\\/\"},{\"@type\":\"ListItem\",\"position\":2,\"name\":\"Dokumentation\"}]},{\"@type\":\"WebSite\",\"@id\":\"https:\\\/\\\/suresms.com\\\/en\\\/#website\",\"url\":\"https:\\\/\\\/suresms.com\\\/en\\\/\",\"name\":\"SureSMS\",\"description\":\"Professionel SMS Gateway\",\"publisher\":{\"@id\":\"https:\\\/\\\/suresms.com\\\/en\\\/#organization\"},\"potentialAction\":[{\"@type\":\"SearchAction\",\"target\":{\"@type\":\"EntryPoint\",\"urlTemplate\":\"https:\\\/\\\/suresms.com\\\/en\\\/?s={search_term_string}\"},\"query-input\":{\"@type\":\"PropertyValueSpecification\",\"valueRequired\":true,\"valueName\":\"search_term_string\"}}],\"inLanguage\":\"pt-PT\"},{\"@type\":\"Organization\",\"@id\":\"https:\\\/\\\/suresms.com\\\/en\\\/#organization\",\"name\":\"SureSMS\",\"url\":\"https:\\\/\\\/suresms.com\\\/en\\\/\",\"logo\":{\"@type\":\"ImageObject\",\"inLanguage\":\"pt-PT\",\"@id\":\"https:\\\/\\\/suresms.com\\\/en\\\/#\\\/schema\\\/logo\\\/image\\\/\",\"url\":\"https:\\\/\\\/suresms.com\\\/wp-content\\\/uploads\\\/2024\\\/11\\\/suresms-300x65-1.png\",\"contentUrl\":\"https:\\\/\\\/suresms.com\\\/wp-content\\\/uploads\\\/2024\\\/11\\\/suresms-300x65-1.png\",\"width\":300,\"height\":65,\"caption\":\"SureSMS\"},\"image\":{\"@id\":\"https:\\\/\\\/suresms.com\\\/en\\\/#\\\/schema\\\/logo\\\/image\\\/\"},\"sameAs\":[\"https:\\\/\\\/www.facebook.com\\\/p\\\/SureSMS-100044607956149\\\/\"]}]}<\/script>\r\n<!-- \/ Yoast SEO Premium plugin. -->","yoast_head_json":{"title":"Documenta\u00e7\u00e3o","robots":{"index":"index","follow":"follow","max-snippet":"max-snippet:-1","max-image-preview":"max-image-preview:large","max-video-preview":"max-video-preview:-1"},"canonical":"https:\/\/suresms.com\/pt\/documentos\/","og_locale":"pt_PT","og_type":"article","og_title":"Dokumentation","og_description":"S\u00e5dan bruger du SureSMS applikationen Herunder finder du beskrivelse af de forskellige funktioner i menuen. Du finder ligeledes en sektion med guides der fort\u00e6ller hvordan man laver ops\u00e6tning af mere komplekse l\u00f8sninger. Beskeder L\u00e6s hvordan du sender en ny besked. Hvor du ser dine afsendte og modtaget beskeder.\u00a0 Adressebog L\u00e6s om kontakter og import af ... Ler mais","og_url":"https:\/\/suresms.com\/pt\/documentos\/","article_publisher":"https:\/\/www.facebook.com\/p\/SureSMS-100044607956149\/","article_modified_time":"2025-11-11T10:39:49+00:00","twitter_card":"summary_large_image","twitter_misc":{"Tempo estimado de leitura":"1 minuto"},"schema":{"@context":"https:\/\/schema.org","@graph":[{"@type":"WebPage","@id":"https:\/\/suresms.com\/dk\/docs\/","url":"https:\/\/suresms.com\/dk\/docs\/","name":"Documenta\u00e7\u00e3o","isPartOf":{"@id":"https:\/\/suresms.com\/en\/#website"},"datePublished":"2024-07-04T12:34:42+00:00","dateModified":"2025-11-11T10:39:49+00:00","breadcrumb":{"@id":"https:\/\/suresms.com\/dk\/docs\/#breadcrumb"},"inLanguage":"pt-PT","potentialAction":[{"@type":"ReadAction","target":["https:\/\/suresms.com\/dk\/docs\/"]}]},{"@type":"BreadcrumbList","@id":"https:\/\/suresms.com\/dk\/docs\/#breadcrumb","itemListElement":[{"@type":"ListItem","position":1,"name":"Home","item":"https:\/\/suresms.com\/dk\/"},{"@type":"ListItem","position":2,"name":"Dokumentation"}]},{"@type":"WebSite","@id":"https:\/\/suresms.com\/en\/#website","url":"https:\/\/suresms.com\/en\/","name":"SureSMS","description":"Gateway SMS profissional","publisher":{"@id":"https:\/\/suresms.com\/en\/#organization"},"potentialAction":[{"@type":"SearchAction","target":{"@type":"EntryPoint","urlTemplate":"https:\/\/suresms.com\/en\/?s={search_term_string}"},"query-input":{"@type":"PropertyValueSpecification","valueRequired":true,"valueName":"search_term_string"}}],"inLanguage":"pt-PT"},{"@type":"Organization","@id":"https:\/\/suresms.com\/en\/#organization","name":"SureSMS","url":"https:\/\/suresms.com\/en\/","logo":{"@type":"ImageObject","inLanguage":"pt-PT","@id":"https:\/\/suresms.com\/en\/#\/schema\/logo\/image\/","url":"https:\/\/suresms.com\/wp-content\/uploads\/2024\/11\/suresms-300x65-1.png","contentUrl":"https:\/\/suresms.com\/wp-content\/uploads\/2024\/11\/suresms-300x65-1.png","width":300,"height":65,"caption":"SureSMS"},"image":{"@id":"https:\/\/suresms.com\/en\/#\/schema\/logo\/image\/"},"sameAs":["https:\/\/www.facebook.com\/p\/SureSMS-100044607956149\/"]}]}},"_links":{"self":[{"href":"https:\/\/suresms.com\/pt\/wp-json\/wp\/v2\/pages\/18121","targetHints":{"allow":["GET"]}}],"collection":[{"href":"https:\/\/suresms.com\/pt\/wp-json\/wp\/v2\/pages"}],"about":[{"href":"https:\/\/suresms.com\/pt\/wp-json\/wp\/v2\/types\/page"}],"author":[{"embeddable":true,"href":"https:\/\/suresms.com\/pt\/wp-json\/wp\/v2\/users\/1"}],"replies":[{"embeddable":true,"href":"https:\/\/suresms.com\/pt\/wp-json\/wp\/v2\/comments?post=18121"}],"version-history":[{"count":9,"href":"https:\/\/suresms.com\/pt\/wp-json\/wp\/v2\/pages\/18121\/revisions"}],"predecessor-version":[{"id":23537,"href":"https:\/\/suresms.com\/pt\/wp-json\/wp\/v2\/pages\/18121\/revisions\/23537"}],"wp:attachment":[{"href":"https:\/\/suresms.com\/pt\/wp-json\/wp\/v2\/media?parent=18121"}],"wp:term":[{"taxonomy":"category","embeddable":true,"href":"https:\/\/suresms.com\/pt\/wp-json\/wp\/v2\/categories?post=18121"},{"taxonomy":"post_tag","embeddable":true,"href":"https:\/\/suresms.com\/pt\/wp-json\/wp\/v2\/tags?post=18121"}],"curies":[{"name":"wp","href":"https:\/\/api.w.org\/{rel}","templated":true}]}}