{"id":18069,"date":"2024-05-27T07:37:20","date_gmt":"2024-05-27T05:37:20","guid":{"rendered":"https:\/\/www.suresms.com\/dk\/?page_id=18069"},"modified":"2025-03-13T13:11:06","modified_gmt":"2025-03-13T13:11:06","slug":"cms-content-management-system-sms-integration-2","status":"publish","type":"page","link":"https:\/\/suresms.com\/pt\/integrationer\/fagsystem-sms-integration\/","title":{"rendered":"Integra\u00e7\u00e3o de SMS em sistemas especializados"},"content":{"rendered":"<!-- Flexy Breadcrumb -->\r\n\t\t\t<div class=\"fbc fbc-page\">\r\n\r\n\t\t\t\t<!-- Breadcrumb wrapper -->\r\n\t\t\t\t<div class=\"fbc-wrap\">\r\n\r\n\t\t\t\t\t<!-- Ordered list-->\r\n\t\t\t\t\t<ol class=\"fbc-items\" itemscope itemtype=\"https:\/\/schema.org\/BreadcrumbList\">\r\n\t\t\t\t\t\t            <li itemprop=\"itemListElement\" itemscope itemtype=\"https:\/\/schema.org\/ListItem\">\r\n                <span itemprop=\"name\">\r\n                    <!-- Home Link -->\r\n                    <a itemprop=\"item\" href=\"https:\/\/suresms.com\/pt\/\">\r\n                    \r\n                                                    <i class=\"fa fa-home\" aria-hidden=\"true\"><\/i>In\u00edcio                    <\/a>\r\n                <\/span>\r\n                <meta itemprop=\"position\" content=\"1\" \/><!-- Meta Position-->\r\n             <\/li><li><span class=\"fbc-separator\">\/<\/span><\/li><li class=\"active\" itemprop=\"itemListElement\" itemscope itemtype=\"https:\/\/schema.org\/ListItem\"><span itemprop=\"name\" title=\"Integra\u00e7\u00e3o de SMS em sistemas especializados\">Integra\u00e7\u00e3o de SMS em sistemas especializados<\/span><meta itemprop=\"position\" content=\"2\" \/><\/li>\t\t\t\t\t<\/ol>\r\n\t\t\t\t\t<div class=\"clearfix\"><\/div>\r\n\t\t\t\t<\/div>\r\n\t\t\t<\/div>\r\n\t\t\t\n\t\t<h1><strong>Integra\u00e7\u00e3o de SMS em sistemas especializados<\/strong><\/h1>\n\t<h3>Com a integra\u00e7\u00e3o de SMS no seu sistema de gest\u00e3o de conte\u00fados ou sistema CMS, pode comunicar com clientes e funcion\u00e1rios de forma r\u00e1pida e eficiente.<\/h3>\n\t\t<h3>SMS em sistemas profissionais<\/h3><p>Na SureSMS, entendemos que a comunica\u00e7\u00e3o eficaz \u00e9 a chave para o sucesso em qualquer sector. \u00c9 por isso que oferecemos solu\u00e7\u00f5es personalizadas de integra\u00e7\u00e3o de SMS que se integram perfeitamente com uma gama de sistemas especializados, independentemente das necessidades espec\u00edficas da sua empresa.<\/p>\n<p>A nossa plataforma foi concebida para trabalhar em conjunto com sistemas para cabeleireiros, concession\u00e1rios de autom\u00f3veis, cuidados de sa\u00fade (por exemplo, Redcap) e muitas outras ind\u00fastrias, para que possa enviar lembretes, confirma\u00e7\u00f5es e ofertas diretamente para os telem\u00f3veis dos seus clientes.<\/p>\n<p>A SureSMS torna mais f\u00e1cil melhorar a satisfa\u00e7\u00e3o do cliente e aumentar a efici\u00eancia do seu neg\u00f3cio. Deixe-nos ajud\u00e1-lo a construir rela\u00e7\u00f5es mais fortes com os clientes atrav\u00e9s de uma comunica\u00e7\u00e3o fi\u00e1vel e direcionada.<\/p>\n\t<p>Abaixo pode ver algumas das integra\u00e7\u00f5es que j\u00e1 existem entre o SureSMS e v\u00e1rios sistemas especializados.<\/p>\n\t\t\t\t<a href=\"https:\/\/suresms.com\/pt\/integracoes\/cms-content-management-system-sms-integration-2\/integracao-de-sms-redcap\/\"  target=\"_self\" itemprop=\"url\">\n\t\t\t\t<img loading=\"lazy\" decoding=\"async\" src=\"https:\/\/suresms.com\/wp-content\/uploads\/2024\/05\/REDCapSureSMS-Integration-1.png\" alt=\"Integra\u00e7\u00e3o REDCap+SureSMS\" itemprop=\"image\" height=\"460\" width=\"1281\" title=\"Integra\u00e7\u00e3o REDCap+SureSMS\" onerror=\"this.style.display='none'\"  \/>\n\t\t\t\t<\/a>\n<h3><a href=\"https:\/\/suresms.com\/pt\/integracoes\/cms-content-management-system-sms-integration-2\/integracao-de-sms-redcap\/\" target=\"_self\">REDCap<\/a><\/h3><p>No REDCap, o SMS pode ser utilizado para otimizar a comunica\u00e7\u00e3o atrav\u00e9s das funcionalidades \"Convites para inqu\u00e9ritos automatizados\" e \"Alertas e notifica\u00e7\u00f5es\". Isto permite aos utilizadores configurar e-mails que se convertem automaticamente em mensagens SMS, melhorando as taxas de resposta e garantindo informa\u00e7\u00e3o atempada. Estas funcionalidades facilitam a manuten\u00e7\u00e3o dos participantes actualizados e envolvidos em projectos de investiga\u00e7\u00e3o.<\/p>\n\t\t<h3><a href=\"https:\/\/suresms.com\/pt\/integracoes\/cms-content-management-system-sms-integration-2\/integracao-sms-lectio\/\" target=\"_self\">Lectio<\/a><\/h3><p>Lectio \u00e9 uma plataforma digital utilizada pelas escolas dinamarquesas para hor\u00e1rios, trabalhos de casa, registo de faltas e comunica\u00e7\u00e3o. O SMS no Lectio pode ser utilizado para enviar mensagens sobre altera\u00e7\u00f5es de hor\u00e1rios, lembretes de trabalhos e notifica\u00e7\u00f5es de aus\u00eancia a alunos, professores e pais, para que estes estejam sempre actualizados.<\/p>","protected":false},"excerpt":{"rendered":"<p>Integra\u00e7\u00e3o de SMS para sistemas empresariais Com a integra\u00e7\u00e3o de SMS no seu Sistema de Gest\u00e3o de Conte\u00fados ou sistema CMS, pode comunicar com clientes e funcion\u00e1rios de forma r\u00e1pida e eficiente. SMS em sistemas empresariais Na SureSMS, entendemos que a comunica\u00e7\u00e3o eficaz \u00e9 a chave para o sucesso em qualquer sector. \u00c9 por isso que oferecemos solu\u00e7\u00f5es personalizadas de integra\u00e7\u00e3o de SMS que se integram perfeitamente com uma gama de sistemas empresariais, ... <a title=\"Integra\u00e7\u00e3o de SMS em sistemas especializados\" class=\"read-more\" href=\"https:\/\/suresms.com\/pt\/integrationer\/fagsystem-sms-integration\/\" aria-label=\"Leia mais sobre Integra\u00e7\u00e3o de SMS em sistemas empresariais\">Rir mas<\/a><\/p>","protected":false},"author":1,"featured_media":0,"parent":9400,"menu_order":1,"comment_status":"closed","ping_status":"closed","template":"","meta":{"_fl_builder_enabled":"1","_fl_builder_data":null,"_fl_builder_draft":null,"_fl_builder_data_settings":null,"_fl_builder_css":"","_fl_builder_css_version":"","_fl_builder_js":"","footnotes":""},"categories":[],"tags":[],"class_list":["post-18069","page","type-page","status-publish"],"yoast_head":"<!-- This site is optimized with the Yoast SEO Premium plugin v27.3 (Yoast SEO v27.3) - https:\/\/yoast.com\/product\/yoast-seo-premium-wordpress\/ -->\r\n<title>SMS integration til fagsystemer - SMS integrationer til 2000+ systemer<\/title>\r\n<meta name=\"description\" content=\"SMS integrationer med 2000+ systemer. Mange forskellige muligheder og gratis ops\u00e6tning. API, webservice, JSON og meget mere\" \/>\r\n<meta name=\"robots\" content=\"index, follow, max-snippet:-1, max-image-preview:large, max-video-preview:-1\" \/>\r\n<link rel=\"canonical\" href=\"https:\/\/suresms.com\/pt\/integracoes\/cms-content-management-system-sms-integration-2\/\" \/>\r\n<meta property=\"og:locale\" content=\"pt_PT\" \/>\r\n<meta property=\"og:type\" content=\"article\" \/>\r\n<meta property=\"og:title\" content=\"SMS integration til fagsystemer\" \/>\r\n<meta property=\"og:description\" content=\"SMS integrationer med 2000+ systemer. Mange forskellige muligheder og gratis ops\u00e6tning. API, webservice, JSON og meget mere\" \/>\r\n<meta property=\"og:url\" content=\"https:\/\/suresms.com\/pt\/integracoes\/cms-content-management-system-sms-integration-2\/\" \/>\r\n<meta property=\"article:publisher\" content=\"https:\/\/www.facebook.com\/p\/SureSMS-100044607956149\/\" \/>\r\n<meta property=\"article:modified_time\" content=\"2025-03-13T13:11:06+00:00\" \/>\r\n<meta property=\"og:image\" content=\"https:\/\/suresms.com\/wp-content\/uploads\/2024\/05\/REDCapSureSMS-Integration-1.png\" \/>\r\n<meta name=\"twitter:card\" content=\"summary_large_image\" \/>\r\n<meta name=\"twitter:label1\" content=\"Tempo estimado de leitura\" \/>\n\t<meta name=\"twitter:data1\" content=\"4 minutos\" \/>\r\n<script type=\"application\/ld+json\" class=\"yoast-schema-graph\">{\"@context\":\"https:\\\/\\\/schema.org\",\"@graph\":[{\"@type\":\"WebPage\",\"@id\":\"https:\\\/\\\/suresms.com\\\/dk\\\/integrationer\\\/fagsystem-sms-integration\\\/\",\"url\":\"https:\\\/\\\/suresms.com\\\/dk\\\/integrationer\\\/fagsystem-sms-integration\\\/\",\"name\":\"SMS integration til fagsystemer - SMS integrationer til 2000+ systemer\",\"isPartOf\":{\"@id\":\"https:\\\/\\\/suresms.com\\\/en\\\/#website\"},\"primaryImageOfPage\":{\"@id\":\"https:\\\/\\\/suresms.com\\\/dk\\\/integrationer\\\/fagsystem-sms-integration\\\/#primaryimage\"},\"image\":{\"@id\":\"https:\\\/\\\/suresms.com\\\/dk\\\/integrationer\\\/fagsystem-sms-integration\\\/#primaryimage\"},\"thumbnailUrl\":\"https:\\\/\\\/suresms.com\\\/wp-content\\\/uploads\\\/2024\\\/05\\\/REDCapSureSMS-Integration-1.png\",\"datePublished\":\"2024-05-27T05:37:20+00:00\",\"dateModified\":\"2025-03-13T13:11:06+00:00\",\"description\":\"SMS integrationer med 2000+ systemer. Mange forskellige muligheder og gratis ops\u00e6tning. API, webservice, JSON og meget mere\",\"breadcrumb\":{\"@id\":\"https:\\\/\\\/suresms.com\\\/dk\\\/integrationer\\\/fagsystem-sms-integration\\\/#breadcrumb\"},\"inLanguage\":\"pt-PT\",\"potentialAction\":[{\"@type\":\"ReadAction\",\"target\":[\"https:\\\/\\\/suresms.com\\\/dk\\\/integrationer\\\/fagsystem-sms-integration\\\/\"]}]},{\"@type\":\"ImageObject\",\"inLanguage\":\"pt-PT\",\"@id\":\"https:\\\/\\\/suresms.com\\\/dk\\\/integrationer\\\/fagsystem-sms-integration\\\/#primaryimage\",\"url\":\"https:\\\/\\\/suresms.com\\\/wp-content\\\/uploads\\\/2024\\\/05\\\/REDCapSureSMS-Integration-1.png\",\"contentUrl\":\"https:\\\/\\\/suresms.com\\\/wp-content\\\/uploads\\\/2024\\\/05\\\/REDCapSureSMS-Integration-1.png\"},{\"@type\":\"BreadcrumbList\",\"@id\":\"https:\\\/\\\/suresms.com\\\/dk\\\/integrationer\\\/fagsystem-sms-integration\\\/#breadcrumb\",\"itemListElement\":[{\"@type\":\"ListItem\",\"position\":1,\"name\":\"Home\",\"item\":\"https:\\\/\\\/suresms.com\\\/dk\\\/\"},{\"@type\":\"ListItem\",\"position\":2,\"name\":\"Integrationer\",\"item\":\"https:\\\/\\\/suresms.com\\\/dk\\\/integrationer\\\/\"},{\"@type\":\"ListItem\",\"position\":3,\"name\":\"SMS integration til fagsystemer\"}]},{\"@type\":\"WebSite\",\"@id\":\"https:\\\/\\\/suresms.com\\\/en\\\/#website\",\"url\":\"https:\\\/\\\/suresms.com\\\/en\\\/\",\"name\":\"SureSMS\",\"description\":\"Professionel SMS Gateway\",\"publisher\":{\"@id\":\"https:\\\/\\\/suresms.com\\\/en\\\/#organization\"},\"potentialAction\":[{\"@type\":\"SearchAction\",\"target\":{\"@type\":\"EntryPoint\",\"urlTemplate\":\"https:\\\/\\\/suresms.com\\\/en\\\/?s={search_term_string}\"},\"query-input\":{\"@type\":\"PropertyValueSpecification\",\"valueRequired\":true,\"valueName\":\"search_term_string\"}}],\"inLanguage\":\"pt-PT\"},{\"@type\":\"Organization\",\"@id\":\"https:\\\/\\\/suresms.com\\\/en\\\/#organization\",\"name\":\"SureSMS\",\"url\":\"https:\\\/\\\/suresms.com\\\/en\\\/\",\"logo\":{\"@type\":\"ImageObject\",\"inLanguage\":\"pt-PT\",\"@id\":\"https:\\\/\\\/suresms.com\\\/en\\\/#\\\/schema\\\/logo\\\/image\\\/\",\"url\":\"https:\\\/\\\/suresms.com\\\/wp-content\\\/uploads\\\/2024\\\/11\\\/suresms-300x65-1.png\",\"contentUrl\":\"https:\\\/\\\/suresms.com\\\/wp-content\\\/uploads\\\/2024\\\/11\\\/suresms-300x65-1.png\",\"width\":300,\"height\":65,\"caption\":\"SureSMS\"},\"image\":{\"@id\":\"https:\\\/\\\/suresms.com\\\/en\\\/#\\\/schema\\\/logo\\\/image\\\/\"},\"sameAs\":[\"https:\\\/\\\/www.facebook.com\\\/p\\\/SureSMS-100044607956149\\\/\"]}]}<\/script>\r\n<!-- \/ Yoast SEO Premium plugin. -->","yoast_head_json":{"title":"Integra\u00e7\u00e3o de SMS para sistemas especializados - Integra\u00e7\u00f5es de SMS para mais de 2000 sistemas","description":"Integra\u00e7\u00f5es SMS com mais de 2000 sistemas. Muitas op\u00e7\u00f5es diferentes e configura\u00e7\u00e3o gratuita. API, servi\u00e7o Web, JSON e muito mais","robots":{"index":"index","follow":"follow","max-snippet":"max-snippet:-1","max-image-preview":"max-image-preview:large","max-video-preview":"max-video-preview:-1"},"canonical":"https:\/\/suresms.com\/pt\/integracoes\/cms-content-management-system-sms-integration-2\/","og_locale":"pt_PT","og_type":"article","og_title":"SMS integration til fagsystemer","og_description":"SMS integrationer med 2000+ systemer. Mange forskellige muligheder og gratis ops\u00e6tning. API, webservice, JSON og meget mere","og_url":"https:\/\/suresms.com\/pt\/integracoes\/cms-content-management-system-sms-integration-2\/","article_publisher":"https:\/\/www.facebook.com\/p\/SureSMS-100044607956149\/","article_modified_time":"2025-03-13T13:11:06+00:00","og_image":[{"url":"https:\/\/suresms.com\/wp-content\/uploads\/2024\/05\/REDCapSureSMS-Integration-1.png","type":"","width":"","height":""}],"twitter_card":"summary_large_image","twitter_misc":{"Tempo estimado de leitura":"4 minutos"},"schema":{"@context":"https:\/\/schema.org","@graph":[{"@type":"WebPage","@id":"https:\/\/suresms.com\/dk\/integrationer\/fagsystem-sms-integration\/","url":"https:\/\/suresms.com\/dk\/integrationer\/fagsystem-sms-integration\/","name":"Integra\u00e7\u00e3o de SMS para sistemas especializados - Integra\u00e7\u00f5es de SMS para mais de 2000 sistemas","isPartOf":{"@id":"https:\/\/suresms.com\/en\/#website"},"primaryImageOfPage":{"@id":"https:\/\/suresms.com\/dk\/integrationer\/fagsystem-sms-integration\/#primaryimage"},"image":{"@id":"https:\/\/suresms.com\/dk\/integrationer\/fagsystem-sms-integration\/#primaryimage"},"thumbnailUrl":"https:\/\/suresms.com\/wp-content\/uploads\/2024\/05\/REDCapSureSMS-Integration-1.png","datePublished":"2024-05-27T05:37:20+00:00","dateModified":"2025-03-13T13:11:06+00:00","description":"Integra\u00e7\u00f5es SMS com mais de 2000 sistemas. Muitas op\u00e7\u00f5es diferentes e configura\u00e7\u00e3o gratuita. API, servi\u00e7o Web, JSON e muito mais","breadcrumb":{"@id":"https:\/\/suresms.com\/dk\/integrationer\/fagsystem-sms-integration\/#breadcrumb"},"inLanguage":"pt-PT","potentialAction":[{"@type":"ReadAction","target":["https:\/\/suresms.com\/dk\/integrationer\/fagsystem-sms-integration\/"]}]},{"@type":"ImageObject","inLanguage":"pt-PT","@id":"https:\/\/suresms.com\/dk\/integrationer\/fagsystem-sms-integration\/#primaryimage","url":"https:\/\/suresms.com\/wp-content\/uploads\/2024\/05\/REDCapSureSMS-Integration-1.png","contentUrl":"https:\/\/suresms.com\/wp-content\/uploads\/2024\/05\/REDCapSureSMS-Integration-1.png"},{"@type":"BreadcrumbList","@id":"https:\/\/suresms.com\/dk\/integrationer\/fagsystem-sms-integration\/#breadcrumb","itemListElement":[{"@type":"ListItem","position":1,"name":"Home","item":"https:\/\/suresms.com\/dk\/"},{"@type":"ListItem","position":2,"name":"Integrationer","item":"https:\/\/suresms.com\/dk\/integrationer\/"},{"@type":"ListItem","position":3,"name":"SMS integration til fagsystemer"}]},{"@type":"WebSite","@id":"https:\/\/suresms.com\/en\/#website","url":"https:\/\/suresms.com\/en\/","name":"SureSMS","description":"Gateway SMS profissional","publisher":{"@id":"https:\/\/suresms.com\/en\/#organization"},"potentialAction":[{"@type":"SearchAction","target":{"@type":"EntryPoint","urlTemplate":"https:\/\/suresms.com\/en\/?s={search_term_string}"},"query-input":{"@type":"PropertyValueSpecification","valueRequired":true,"valueName":"search_term_string"}}],"inLanguage":"pt-PT"},{"@type":"Organization","@id":"https:\/\/suresms.com\/en\/#organization","name":"SureSMS","url":"https:\/\/suresms.com\/en\/","logo":{"@type":"ImageObject","inLanguage":"pt-PT","@id":"https:\/\/suresms.com\/en\/#\/schema\/logo\/image\/","url":"https:\/\/suresms.com\/wp-content\/uploads\/2024\/11\/suresms-300x65-1.png","contentUrl":"https:\/\/suresms.com\/wp-content\/uploads\/2024\/11\/suresms-300x65-1.png","width":300,"height":65,"caption":"SureSMS"},"image":{"@id":"https:\/\/suresms.com\/en\/#\/schema\/logo\/image\/"},"sameAs":["https:\/\/www.facebook.com\/p\/SureSMS-100044607956149\/"]}]}},"_links":{"self":[{"href":"https:\/\/suresms.com\/pt\/wp-json\/wp\/v2\/pages\/18069","targetHints":{"allow":["GET"]}}],"collection":[{"href":"https:\/\/suresms.com\/pt\/wp-json\/wp\/v2\/pages"}],"about":[{"href":"https:\/\/suresms.com\/pt\/wp-json\/wp\/v2\/types\/page"}],"author":[{"embeddable":true,"href":"https:\/\/suresms.com\/pt\/wp-json\/wp\/v2\/users\/1"}],"replies":[{"embeddable":true,"href":"https:\/\/suresms.com\/pt\/wp-json\/wp\/v2\/comments?post=18069"}],"version-history":[{"count":5,"href":"https:\/\/suresms.com\/pt\/wp-json\/wp\/v2\/pages\/18069\/revisions"}],"predecessor-version":[{"id":22362,"href":"https:\/\/suresms.com\/pt\/wp-json\/wp\/v2\/pages\/18069\/revisions\/22362"}],"up":[{"embeddable":true,"href":"https:\/\/suresms.com\/pt\/wp-json\/wp\/v2\/pages\/9400"}],"wp:attachment":[{"href":"https:\/\/suresms.com\/pt\/wp-json\/wp\/v2\/media?parent=18069"}],"wp:term":[{"taxonomy":"category","embeddable":true,"href":"https:\/\/suresms.com\/pt\/wp-json\/wp\/v2\/categories?post=18069"},{"taxonomy":"post_tag","embeddable":true,"href":"https:\/\/suresms.com\/pt\/wp-json\/wp\/v2\/tags?post=18069"}],"curies":[{"name":"wp","href":"https:\/\/api.w.org\/{rel}","templated":true}]}}